{"id":1044,"date":"2022-01-01T20:42:00","date_gmt":"2022-01-01T07:57:00","guid":{"rendered":"https:\/\/tolio2.sitebycat.com\/?post_type=product&#038;p=1044"},"modified":"2025-09-11T16:01:20","modified_gmt":"2025-09-11T04:01:20","slug":"loc-6-chai-tra-xanh-khong-do-chai-455ml","status":"publish","type":"product","link":"https:\/\/dev.tolio.co.nz\/en\/product\/loc-6-bottles-of-green-tea-not-because-the-bottle-is-455ml\/","title":{"rendered":"L\u1ed1c 6 chai Tr\u00e0 xanh kh\u00f4ng \u0111\u1ed9 chai 455ml"},"content":{"rendered":"<p><span style=\"font-size: 12pt\"><strong>L\u1ed1c 6 chai Tr\u00e0 xanh kh\u00f4ng \u0111\u1ed9 chai 455ml<\/strong> \u0111\u01b0\u1ee3c chi\u1ebft xu\u1ea5t t\u1eeb nh\u1eefng l\u00e1 tr\u00e0 xanh t\u01b0\u01a1i ngon c\u1ee7a v\u00f9ng \u0111\u1ea5t Th\u00e1i Nguy\u00ean t\u1ea1o n\u00ean m\u00f9i v\u1ecb t\u1ef1 nhi\u00ean.<\/span><\/p>\n<ul>\n<li><span style=\"font-size: 12pt\">Tr\u00e0 xanh Kh\u00f4ng \u0111\u1ed9 v\u1ecb chanh 455ml\u00a0l\u00e0 s\u1ef1 k\u1ebft h\u1ee3p h\u00e0i h\u00f2a, t\u01b0\u01a1i m\u00e1t gi\u1eefa v\u1ecb tr\u00e0 xanh ch\u00e1t d\u1ecbu t\u1eeb v\u00f9ng \u0111\u1ea5t Th\u00e1i Nguy\u00ean v\u00e0 v\u1ecb chanh t\u01b0\u01a1i chua v\u1eeba t\u1ea1o n\u00ean \u0111i\u1ec3m nh\u1ea5n, c\u00f9ng v\u1ecb ng\u1ecdt nh\u1eb9 nh\u00e0ng kh\u00f4ng g\u1eaft, mang \u0111\u1ebfn cho b\u1ea1n s\u1ea3n ph\u1ea9m gi\u1ea3i kh\u00e1t tuy\u1ec7t v\u1eddi nh\u1eefng ng\u00e0y n\u00f3ng b\u1ee9c.<\/span><\/li>\n<li><span style=\"font-size: 12pt\">S\u1ea3n ph\u1ea9m ch\u1ee9a h\u00e0m l\u01b0\u1ee3ng EGCG cao c\u00f3 trong l\u00e1 tr\u00e0 xanh gi\u00fap gi\u1ea3m c\u0103ng th\u1eb3ng, m\u1ec7t m\u1ecfi, t\u0103ng s\u1ee9c \u0111\u1ec1 kh\u00e1ng v\u00e0 gi\u00fap t\u1ec9nh t\u00e1o, v\u00e0 mang \u0111\u1ebfn cho ng\u01b0\u1eddi s\u1eed d\u1ee5ng s\u1ef1 s\u1ea3ng kho\u00e1i, t\u01b0\u01a1i m\u00e1t v\u00e0 gi\u1ea3i nhi\u1ec7t cu\u1ed9c s\u1ed1ng.<\/span><\/li>\n<li><span style=\"font-size: 12pt\">Trong tr\u00e0 xanh c\u00f2n ch\u1ee9a Ch\u1ea5t polyphenols v\u00e0 polysaccharides s\u1ebd gi\u1eef cho l\u01b0\u1ee3ng \u0111\u01b0\u1eddng trong m\u00e1u \u1edf m\u1ee9c th\u1ea5p.<\/span><\/li>\n<li><span style=\"font-size: 12pt\">V\u00e0 c\u00f2n c\u00f3 caffeine n\u00ean gi\u00fap \u0111\u1ea9y l\u00f9i stress, gi\u00fap cho \u0111\u1ea7u \u00f3c t\u1ec9nh t\u00e1o, n\u00e2ng cao hi\u1ec7u qu\u1ea3 c\u00f4ng vi\u1ec7c.<\/span><\/li>\n<\/ul>\n<p><strong>H\u01b0\u1edbng d\u1eabn s\u1eed d\u1ee5ng:<\/strong><\/p>\n<ul>\n<li>L\u1eafc nh\u1eb9 tr\u01b0\u1edbc khi u\u1ed1ng.<\/li>\n<li>Ngon h\u01a1n khi u\u1ed1ng l\u1ea1nh.<\/li>\n<\/ul>\n<p><strong>B\u1ea3o qu\u1ea3n:<\/strong><\/p>\n<ul>\n<li>\u0110\u1ec3 n\u01a1i kh\u00f4 r\u00e1o, tho\u00e1ng m\u00e1t.<\/li>\n<li>Tr\u00e1nh \u00e1nh n\u1eafng tr\u1ef1c ti\u1ebfp ho\u1eb7c n\u01a1i c\u00f3 nhi\u1ec7t \u0111\u1ed9 cao.<\/li>\n<\/ul>\n<p>&nbsp;<\/p>\n<p>&nbsp;<\/p>\n<p>&nbsp;<\/p>","protected":false},"excerpt":{"rendered":"<ul>\n<li>Th\u01b0\u01a1ng hi\u1ec7u: Kh\u00f4ng \u0110\u1ed9 Vi\u1ec7t Nam<\/li>\n<li>Xu\u1ea5t x\u1ee9 th\u01b0\u01a1ng hi\u1ec7u: Vi\u1ec7t Nam<\/li>\n<li>Quy c\u00e1ch \u0111\u00f3ng g\u00f3i: Chai 455ml, 6 chai\/l\u1ed1c, 24 chai\/th\u00f9ng<\/li>\n<li>L\u01b0u \u00fd: Bao b\u00ec s\u1ea3n ph\u1ea9m c\u00f3 th\u1ec3 thay \u0111\u1ed5i theo t\u1eebng \u0111\u1ee3t nh\u1eadp h\u00e0ng<\/li>\n<\/ul>\n<p>&nbsp;<\/p>","protected":false},"featured_media":20939,"comment_status":"open","ping_status":"closed","template":"","meta":[],"product_brand":[],"product_cat":[34,40],"product_tag":[78,79,77],"class_list":{"0":"post-1044","1":"product","2":"type-product","3":"status-publish","4":"has-post-thumbnail","6":"product_cat-thuc-uong","7":"product_cat-thuc-uong-khong-con","8":"product_tag-nuoc-ngot","9":"product_tag-nuoc-tra-dong-chai","10":"product_tag-tra-xanh","11":"pa_thuong-hieu-khong-do","13":"first","14":"instock","15":"sale","16":"shipping-taxable","17":"purchasable","18":"product-type-simple"},"yoast_head":"<!-- This site is optimized with the Yoast SEO plugin v24.4 - https:\/\/yoast.com\/wordpress\/plugins\/seo\/ -->\n<title>L\u1ed1c 6 chai Tr\u00e0 xanh kh\u00f4ng \u0111\u1ed9 chai 455ml - TOLIO<\/title>\n<meta name=\"description\" content=\"Th\u01b0\u01a1ng hi\u1ec7u: Kh\u00f4ng \u0110\u1ed9 Vi\u1ec7t Nam  Xu\u1ea5t x\u1ee9 th\u01b0\u01a1ng hi\u1ec7u: Vi\u1ec7t Nam  Quy c\u00e1ch \u0111\u00f3ng g\u00f3i: Chai 455ml, 6 chai\/l\u1ed1c, 24 chai\/th\u00f9ng  L\u01b0u \u00fd: Bao b\u00ec s\u1ea3n ph\u1ea9m c\u00f3 th\u1ec3 thay \u0111\u1ed5i theo t\u1eebng \u0111\u1ee3t nh\u1eadp h\u00e0ng  &nbsp;\" \/>\n<meta name=\"robots\" content=\"index, follow, max-snippet:-1, max-image-preview:large, max-video-preview:-1\" \/>\n<link rel=\"canonical\" href=\"https:\/\/dev.tolio.co.nz\/en\/product\/loc-6-bottles-of-green-tea-not-because-the-bottle-is-455ml\/\" \/>\n<meta property=\"og:locale\" content=\"en_US\" \/>\n<meta property=\"og:type\" content=\"article\" \/>\n<meta property=\"og:title\" content=\"L\u1ed1c 6 chai Tr\u00e0 xanh kh\u00f4ng \u0111\u1ed9 chai 455ml - TOLIO\" \/>\n<meta property=\"og:description\" content=\"Th\u01b0\u01a1ng hi\u1ec7u: Kh\u00f4ng \u0110\u1ed9 Vi\u1ec7t Nam  Xu\u1ea5t x\u1ee9 th\u01b0\u01a1ng hi\u1ec7u: Vi\u1ec7t Nam  Quy c\u00e1ch \u0111\u00f3ng g\u00f3i: Chai 455ml, 6 chai\/l\u1ed1c, 24 chai\/th\u00f9ng  L\u01b0u \u00fd: Bao b\u00ec s\u1ea3n ph\u1ea9m c\u00f3 th\u1ec3 thay \u0111\u1ed5i theo t\u1eebng \u0111\u1ee3t nh\u1eadp h\u00e0ng  &nbsp;\" \/>\n<meta property=\"og:url\" content=\"https:\/\/dev.tolio.co.nz\/en\/product\/loc-6-bottles-of-green-tea-not-because-the-bottle-is-455ml\/\" \/>\n<meta property=\"og:site_name\" content=\"TOLIO\" \/>\n<meta property=\"article:modified_time\" content=\"2025-09-11T04:01:20+00:00\" \/>\n<meta property=\"og:image\" content=\"https:\/\/dev.tolio.co.nz\/wp-content\/uploads\/2022\/01\/441.png\" \/>\n\t<meta property=\"og:image:width\" content=\"1000\" \/>\n\t<meta property=\"og:image:height\" content=\"907\" \/>\n\t<meta property=\"og:image:type\" content=\"image\/png\" \/>\n<meta name=\"twitter:card\" content=\"summary_large_image\" \/>\n<meta name=\"twitter:label1\" content=\"Est. reading time\" \/>\n\t<meta name=\"twitter:data1\" content=\"2 minutes\" \/>\n<script type=\"application\/ld+json\" class=\"yoast-schema-graph\">{\"@context\":\"https:\/\/schema.org\",\"@graph\":[{\"@type\":\"WebPage\",\"@id\":\"https:\/\/dev.tolio.co.nz\/san-pham\/loc-6-chai-tra-xanh-khong-do-chai-455ml\/\",\"url\":\"https:\/\/dev.tolio.co.nz\/san-pham\/loc-6-chai-tra-xanh-khong-do-chai-455ml\/\",\"name\":\"L\u1ed1c 6 chai Tr\u00e0 xanh kh\u00f4ng \u0111\u1ed9 chai 455ml - TOLIO\",\"isPartOf\":{\"@id\":\"https:\/\/dev.tolio.co.nz\/#website\"},\"primaryImageOfPage\":{\"@id\":\"https:\/\/dev.tolio.co.nz\/san-pham\/loc-6-chai-tra-xanh-khong-do-chai-455ml\/#primaryimage\"},\"image\":{\"@id\":\"https:\/\/dev.tolio.co.nz\/san-pham\/loc-6-chai-tra-xanh-khong-do-chai-455ml\/#primaryimage\"},\"thumbnailUrl\":\"https:\/\/dev.tolio.co.nz\/wp-content\/uploads\/2022\/01\/441.png\",\"datePublished\":\"2022-01-01T07:57:00+00:00\",\"dateModified\":\"2025-09-11T04:01:20+00:00\",\"description\":\"Th\u01b0\u01a1ng hi\u1ec7u: Kh\u00f4ng \u0110\u1ed9 Vi\u1ec7t Nam Xu\u1ea5t x\u1ee9 th\u01b0\u01a1ng hi\u1ec7u: Vi\u1ec7t Nam Quy c\u00e1ch \u0111\u00f3ng g\u00f3i: Chai 455ml, 6 chai\/l\u1ed1c, 24 chai\/th\u00f9ng L\u01b0u \u00fd: Bao b\u00ec s\u1ea3n ph\u1ea9m c\u00f3 th\u1ec3 thay \u0111\u1ed5i theo t\u1eebng \u0111\u1ee3t nh\u1eadp h\u00e0ng &nbsp;\",\"breadcrumb\":{\"@id\":\"https:\/\/dev.tolio.co.nz\/san-pham\/loc-6-chai-tra-xanh-khong-do-chai-455ml\/#breadcrumb\"},\"inLanguage\":\"en-US\",\"potentialAction\":[{\"@type\":\"ReadAction\",\"target\":[\"https:\/\/dev.tolio.co.nz\/san-pham\/loc-6-chai-tra-xanh-khong-do-chai-455ml\/\"]}]},{\"@type\":\"ImageObject\",\"inLanguage\":\"en-US\",\"@id\":\"https:\/\/dev.tolio.co.nz\/san-pham\/loc-6-chai-tra-xanh-khong-do-chai-455ml\/#primaryimage\",\"url\":\"https:\/\/dev.tolio.co.nz\/wp-content\/uploads\/2022\/01\/441.png\",\"contentUrl\":\"https:\/\/dev.tolio.co.nz\/wp-content\/uploads\/2022\/01\/441.png\",\"width\":1000,\"height\":907},{\"@type\":\"BreadcrumbList\",\"@id\":\"https:\/\/dev.tolio.co.nz\/san-pham\/loc-6-chai-tra-xanh-khong-do-chai-455ml\/#breadcrumb\",\"itemListElement\":[{\"@type\":\"ListItem\",\"position\":1,\"name\":\"Home\",\"item\":\"https:\/\/dev.tolio.co.nz\/\"},{\"@type\":\"ListItem\",\"position\":2,\"name\":\"C\u1eeda h\u00e0ng\",\"item\":\"https:\/\/dev.tolio.co.nz\/cua-hang\/\"},{\"@type\":\"ListItem\",\"position\":3,\"name\":\"L\u1ed1c 6 chai Tr\u00e0 xanh kh\u00f4ng \u0111\u1ed9 chai 455ml\"}]},{\"@type\":\"WebSite\",\"@id\":\"https:\/\/dev.tolio.co.nz\/#website\",\"url\":\"https:\/\/dev.tolio.co.nz\/\",\"name\":\"TOLIO\",\"description\":\"Vietnamese Grocery Online\",\"potentialAction\":[{\"@type\":\"SearchAction\",\"target\":{\"@type\":\"EntryPoint\",\"urlTemplate\":\"https:\/\/dev.tolio.co.nz\/?s={search_term_string}\"},\"query-input\":{\"@type\":\"PropertyValueSpecification\",\"valueRequired\":true,\"valueName\":\"search_term_string\"}}],\"inLanguage\":\"en-US\"}]}<\/script>\n<!-- \/ Yoast SEO plugin. -->","yoast_head_json":{"title":"L\u1ed1c 6 chai Tr\u00e0 xanh kh\u00f4ng \u0111\u1ed9 chai 455ml - TOLIO","description":"Th\u01b0\u01a1ng hi\u1ec7u: Kh\u00f4ng \u0110\u1ed9 Vi\u1ec7t Nam  Xu\u1ea5t x\u1ee9 th\u01b0\u01a1ng hi\u1ec7u: Vi\u1ec7t Nam  Quy c\u00e1ch \u0111\u00f3ng g\u00f3i: Chai 455ml, 6 chai\/l\u1ed1c, 24 chai\/th\u00f9ng  L\u01b0u \u00fd: Bao b\u00ec s\u1ea3n ph\u1ea9m c\u00f3 th\u1ec3 thay \u0111\u1ed5i theo t\u1eebng \u0111\u1ee3t nh\u1eadp h\u00e0ng  &nbsp;","robots":{"index":"index","follow":"follow","max-snippet":"max-snippet:-1","max-image-preview":"max-image-preview:large","max-video-preview":"max-video-preview:-1"},"canonical":"https:\/\/dev.tolio.co.nz\/en\/product\/loc-6-bottles-of-green-tea-not-because-the-bottle-is-455ml\/","og_locale":"en_US","og_type":"article","og_title":"L\u1ed1c 6 chai Tr\u00e0 xanh kh\u00f4ng \u0111\u1ed9 chai 455ml - TOLIO","og_description":"Th\u01b0\u01a1ng hi\u1ec7u: Kh\u00f4ng \u0110\u1ed9 Vi\u1ec7t Nam  Xu\u1ea5t x\u1ee9 th\u01b0\u01a1ng hi\u1ec7u: Vi\u1ec7t Nam  Quy c\u00e1ch \u0111\u00f3ng g\u00f3i: Chai 455ml, 6 chai\/l\u1ed1c, 24 chai\/th\u00f9ng  L\u01b0u \u00fd: Bao b\u00ec s\u1ea3n ph\u1ea9m c\u00f3 th\u1ec3 thay \u0111\u1ed5i theo t\u1eebng \u0111\u1ee3t nh\u1eadp h\u00e0ng  &nbsp;","og_url":"https:\/\/dev.tolio.co.nz\/en\/product\/loc-6-bottles-of-green-tea-not-because-the-bottle-is-455ml\/","og_site_name":"TOLIO","article_modified_time":"2025-09-11T04:01:20+00:00","og_image":[{"width":1000,"height":907,"url":"https:\/\/dev.tolio.co.nz\/wp-content\/uploads\/2022\/01\/441.png","type":"image\/png"}],"twitter_card":"summary_large_image","twitter_misc":{"Est. reading time":"2 minutes"},"schema":{"@context":"https:\/\/schema.org","@graph":[{"@type":"WebPage","@id":"https:\/\/dev.tolio.co.nz\/san-pham\/loc-6-chai-tra-xanh-khong-do-chai-455ml\/","url":"https:\/\/dev.tolio.co.nz\/san-pham\/loc-6-chai-tra-xanh-khong-do-chai-455ml\/","name":"L\u1ed1c 6 chai Tr\u00e0 xanh kh\u00f4ng \u0111\u1ed9 chai 455ml - TOLIO","isPartOf":{"@id":"https:\/\/dev.tolio.co.nz\/#website"},"primaryImageOfPage":{"@id":"https:\/\/dev.tolio.co.nz\/san-pham\/loc-6-chai-tra-xanh-khong-do-chai-455ml\/#primaryimage"},"image":{"@id":"https:\/\/dev.tolio.co.nz\/san-pham\/loc-6-chai-tra-xanh-khong-do-chai-455ml\/#primaryimage"},"thumbnailUrl":"https:\/\/dev.tolio.co.nz\/wp-content\/uploads\/2022\/01\/441.png","datePublished":"2022-01-01T07:57:00+00:00","dateModified":"2025-09-11T04:01:20+00:00","description":"Th\u01b0\u01a1ng hi\u1ec7u: Kh\u00f4ng \u0110\u1ed9 Vi\u1ec7t Nam Xu\u1ea5t x\u1ee9 th\u01b0\u01a1ng hi\u1ec7u: Vi\u1ec7t Nam Quy c\u00e1ch \u0111\u00f3ng g\u00f3i: Chai 455ml, 6 chai\/l\u1ed1c, 24 chai\/th\u00f9ng L\u01b0u \u00fd: Bao b\u00ec s\u1ea3n ph\u1ea9m c\u00f3 th\u1ec3 thay \u0111\u1ed5i theo t\u1eebng \u0111\u1ee3t nh\u1eadp h\u00e0ng &nbsp;","breadcrumb":{"@id":"https:\/\/dev.tolio.co.nz\/san-pham\/loc-6-chai-tra-xanh-khong-do-chai-455ml\/#breadcrumb"},"inLanguage":"en-US","potentialAction":[{"@type":"ReadAction","target":["https:\/\/dev.tolio.co.nz\/san-pham\/loc-6-chai-tra-xanh-khong-do-chai-455ml\/"]}]},{"@type":"ImageObject","inLanguage":"en-US","@id":"https:\/\/dev.tolio.co.nz\/san-pham\/loc-6-chai-tra-xanh-khong-do-chai-455ml\/#primaryimage","url":"https:\/\/dev.tolio.co.nz\/wp-content\/uploads\/2022\/01\/441.png","contentUrl":"https:\/\/dev.tolio.co.nz\/wp-content\/uploads\/2022\/01\/441.png","width":1000,"height":907},{"@type":"BreadcrumbList","@id":"https:\/\/dev.tolio.co.nz\/san-pham\/loc-6-chai-tra-xanh-khong-do-chai-455ml\/#breadcrumb","itemListElement":[{"@type":"ListItem","position":1,"name":"Home","item":"https:\/\/dev.tolio.co.nz\/"},{"@type":"ListItem","position":2,"name":"C\u1eeda h\u00e0ng","item":"https:\/\/dev.tolio.co.nz\/cua-hang\/"},{"@type":"ListItem","position":3,"name":"L\u1ed1c 6 chai Tr\u00e0 xanh kh\u00f4ng \u0111\u1ed9 chai 455ml"}]},{"@type":"WebSite","@id":"https:\/\/dev.tolio.co.nz\/#website","url":"https:\/\/dev.tolio.co.nz\/","name":"TOLIO","description":"Vietnamese Grocery Online","potentialAction":[{"@type":"SearchAction","target":{"@type":"EntryPoint","urlTemplate":"https:\/\/dev.tolio.co.nz\/?s={search_term_string}"},"query-input":{"@type":"PropertyValueSpecification","valueRequired":true,"valueName":"search_term_string"}}],"inLanguage":"en-US"}]}},"_links":{"self":[{"href":"https:\/\/dev.tolio.co.nz\/en\/wp-json\/wp\/v2\/product\/1044","targetHints":{"allow":["GET"]}}],"collection":[{"href":"https:\/\/dev.tolio.co.nz\/en\/wp-json\/wp\/v2\/product"}],"about":[{"href":"https:\/\/dev.tolio.co.nz\/en\/wp-json\/wp\/v2\/types\/product"}],"replies":[{"embeddable":true,"href":"https:\/\/dev.tolio.co.nz\/en\/wp-json\/wp\/v2\/comments?post=1044"}],"wp:featuredmedia":[{"embeddable":true,"href":"https:\/\/dev.tolio.co.nz\/en\/wp-json\/wp\/v2\/media\/20939"}],"wp:attachment":[{"href":"https:\/\/dev.tolio.co.nz\/en\/wp-json\/wp\/v2\/media?parent=1044"}],"wp:term":[{"taxonomy":"product_brand","embeddable":true,"href":"https:\/\/dev.tolio.co.nz\/en\/wp-json\/wp\/v2\/product_brand?post=1044"},{"taxonomy":"product_cat","embeddable":true,"href":"https:\/\/dev.tolio.co.nz\/en\/wp-json\/wp\/v2\/product_cat?post=1044"},{"taxonomy":"product_tag","embeddable":true,"href":"https:\/\/dev.tolio.co.nz\/en\/wp-json\/wp\/v2\/product_tag?post=1044"}],"curies":[{"name":"wp","href":"https:\/\/api.w.org\/{rel}","templated":true}]}}