{"id":10816,"date":"2023-08-20T22:40:01","date_gmt":"2023-08-20T09:55:01","guid":{"rendered":"https:\/\/tolio.co.nz\/?post_type=product&#038;p=10816"},"modified":"2025-09-11T16:00:00","modified_gmt":"2025-09-11T04:00:00","slug":"mua-5-tang-1-set-6-goi-gia-vi-tiem-ga-dai-bo-cuong-luc-viet-san-100g","status":"publish","type":"product","link":"https:\/\/dev.tolio.co.nz\/en\/product\/buy-5-pieces-get-1-set-of-6-packages-with-price-of-viet-san-bo-cuong-mat-100g\/","title":{"rendered":"[Mua 5 t\u1eb7ng 1] Set 6 g\u00f3i gia v\u1ecb ti\u1ec1m g\u00e0 \u0111\u1ea1i b\u1ed5 c\u01b0\u1eddng l\u1ef1c Vi\u1ec7t San 100g"},"content":{"rendered":"<p><strong>Gia v\u1ecb ti\u1ec1m g\u00e0 \u0111\u1ea1i b\u1ed5 c\u01b0\u1eddng l\u1ef1c Vi\u1ec7t San g\u00f3i 100g <\/strong>\u00a0l\u00e0 s\u1ea3n ph\u1ea9m c\u00f3 th\u00e0nh ph\u1ea7n b\u1eafc b\u1ed5 tr\u1ecdng, cao ly s\u00e2m, \u0111\u01b0\u01a1ng qui, th\u1ee5c \u0111\u1ecba, b\u1eafc k\u1ef7, xuy\u00ean cung, ph\u00f2ng \u0111\u00e0ng s\u00e2m, ho\u00e0i s\u01a1n, ng\u1ecdc tr\u00fac, k\u1ef7 t\u1eed, \u0111\u1eafc \u0111\u1ea1i t\u00e1o, b\u1ea1ch ch\u1ec9.<\/p>\n<p><strong>H\u01b0\u1edbng d\u1eabn s\u1eed d\u1ee5ng:<\/strong><\/p>\n<ul>\n<li>2 con g\u00e0 \u00e1c ho\u1eb7c 300-500 th\u1ecbt g\u00e0 r\u1eeda s\u1ea1ch<\/li>\n<li>Cho g\u00e0 v\u00e0 g\u00f3i ti\u1ec1m g\u00e0 v\u00e0o n\u1ed3i \u00e1p su\u1ea5t, \u0111\u1ed5 n\u01b0\u1edbc v\u1eeba ph\u1ea3i r\u1ed3i h\u1ea7m trong 30 ph\u00fat. Ho\u1eb7c c\u0169ng c\u00f3 th\u1ec3 h\u1ea7m c\u00e1ch th\u1ee7y b\u1eb1ng c\u00e1ch \u0111\u1eb7t n\u1ed3i g\u00e0 v\u00e0o m\u1ed9t n\u1ed3i n\u01b0\u1edbc s\u00f4i l\u1edbn h\u01a1n, h\u1ea7m c\u00e1ch th\u1ee7y kho\u1ea3ng 1 \u2013 1,5 gi\u1edd.<\/li>\n<li>Gia v\u1ecb: Th\u1ecbt g\u00e0 v\u00e0 c\u00e1c v\u1ecb thu\u1ed1c v\u1ed1n c\u00f3 v\u1ecb ng\u1ecdt v\u00e0 th\u01a1m. Khi \u0103n, qu\u00fd v\u1ecb c\u00f3 th\u1ec3 ch\u1ea5m th\u1ecbt g\u00e0 v\u1edbi mu\u1ed1i ti\u00eau chanh s\u1ebd \u0111\u1eadm \u0111\u00e0 h\u01a1n.<\/li>\n<li>M\u00f3n \u0103n n\u00e0y c\u1ef1c hi\u1ec7u qu\u1ea3 khi d\u00f9ng \u0111\u1ec3 b\u1ed5 th\u1eadn, b\u1ed5 huy\u1ebft, thanh nhi\u1ec7t,\u2026 r\u1ea5t t\u1ed1t cho ph\u1ee5 n\u1eef c\u00f3 thai v\u00e0 ng\u01b0\u1eddi m\u1edbi \u1ed1m d\u1eady.<\/li>\n<\/ul>\n<p><strong>B\u1ea3o qu\u1ea3n:<\/strong><\/p>\n<ul>\n<li>B\u1ea3o qu\u1ea3n n\u01a1i kh\u00f4 r\u00e1o, tho\u00e1ng m\u00e1t, tr\u00e1nh \u00e1nh n\u1eafng tr\u1ef1c ti\u1ebfp<\/li>\n<\/ul>","protected":false},"excerpt":{"rendered":"<ul>\n<li>Th\u01b0\u01a1ng hi\u1ec7u: Vi\u1ec7t San<\/li>\n<li>Xu\u1ea5t x\u1ee9 th\u01b0\u01a1ng hi\u1ec7u: Vi\u1ec7t Nam<\/li>\n<li>Quy c\u00e1ch \u0111\u00f3ng g\u00f3i: G\u00f3i 100g<\/li>\n<li>L\u01b0u \u00fd: Bao b\u00ec s\u1ea3n ph\u1ea9m c\u00f3 th\u1ec3 thay \u0111\u1ed5i theo t\u1eebng \u0111\u1ee3t nh\u1eadp h\u00e0ng.<\/li>\n<\/ul>","protected":false},"featured_media":20703,"comment_status":"open","ping_status":"closed","template":"","meta":[],"product_brand":[],"product_cat":[33,482,478],"product_tag":[],"class_list":{"0":"post-10816","1":"product","2":"type-product","3":"status-publish","4":"has-post-thumbnail","6":"product_cat-gia-vi","7":"product_cat-gia-vi-khac","8":"product_cat-thuc-pham-khac","9":"pa_thuong-hieu-vietsan","11":"first","12":"outofstock","13":"sale","14":"shipping-taxable","15":"purchasable","16":"product-type-simple"},"yoast_head":"<!-- This site is optimized with the Yoast SEO plugin v24.4 - https:\/\/yoast.com\/wordpress\/plugins\/seo\/ -->\n<title>[Mua 5 t\u1eb7ng 1] Set 6 g\u00f3i gia v\u1ecb ti\u1ec1m g\u00e0 \u0111\u1ea1i b\u1ed5 c\u01b0\u1eddng l\u1ef1c Vi\u1ec7t San 100g -<\/title>\n<meta name=\"description\" content=\"Th\u01b0\u01a1ng hi\u1ec7u: Vi\u1ec7t San  Xu\u1ea5t x\u1ee9 th\u01b0\u01a1ng hi\u1ec7u: Vi\u1ec7t Nam  Quy c\u00e1ch \u0111\u00f3ng g\u00f3i: G\u00f3i 100g  L\u01b0u \u00fd: Bao b\u00ec s\u1ea3n ph\u1ea9m c\u00f3 th\u1ec3 thay \u0111\u1ed5i theo t\u1eebng \u0111\u1ee3t nh\u1eadp h\u00e0ng.\" \/>\n<meta name=\"robots\" content=\"index, follow, max-snippet:-1, max-image-preview:large, max-video-preview:-1\" \/>\n<link rel=\"canonical\" href=\"https:\/\/dev.tolio.co.nz\/en\/product\/buy-5-pieces-get-1-set-of-6-packages-with-price-of-viet-san-bo-cuong-mat-100g\/\" \/>\n<meta property=\"og:locale\" content=\"en_US\" \/>\n<meta property=\"og:type\" content=\"article\" \/>\n<meta property=\"og:title\" content=\"[Mua 5 t\u1eb7ng 1] Set 6 g\u00f3i gia v\u1ecb ti\u1ec1m g\u00e0 \u0111\u1ea1i b\u1ed5 c\u01b0\u1eddng l\u1ef1c Vi\u1ec7t San 100g -\" \/>\n<meta property=\"og:description\" content=\"Th\u01b0\u01a1ng hi\u1ec7u: Vi\u1ec7t San  Xu\u1ea5t x\u1ee9 th\u01b0\u01a1ng hi\u1ec7u: Vi\u1ec7t Nam  Quy c\u00e1ch \u0111\u00f3ng g\u00f3i: G\u00f3i 100g  L\u01b0u \u00fd: Bao b\u00ec s\u1ea3n ph\u1ea9m c\u00f3 th\u1ec3 thay \u0111\u1ed5i theo t\u1eebng \u0111\u1ee3t nh\u1eadp h\u00e0ng.\" \/>\n<meta property=\"og:url\" content=\"https:\/\/dev.tolio.co.nz\/en\/product\/buy-5-pieces-get-1-set-of-6-packages-with-price-of-viet-san-bo-cuong-mat-100g\/\" \/>\n<meta property=\"og:site_name\" content=\"TOLIO\" \/>\n<meta property=\"article:modified_time\" content=\"2025-09-11T04:00:00+00:00\" \/>\n<meta property=\"og:image\" content=\"https:\/\/dev.tolio.co.nz\/wp-content\/uploads\/2023\/08\/229.png\" \/>\n\t<meta property=\"og:image:width\" content=\"1000\" \/>\n\t<meta property=\"og:image:height\" content=\"907\" \/>\n\t<meta property=\"og:image:type\" content=\"image\/png\" \/>\n<meta name=\"twitter:card\" content=\"summary_large_image\" \/>\n<meta name=\"twitter:label1\" content=\"Est. reading time\" \/>\n\t<meta name=\"twitter:data1\" content=\"1 minute\" \/>\n<script type=\"application\/ld+json\" class=\"yoast-schema-graph\">{\"@context\":\"https:\/\/schema.org\",\"@graph\":[{\"@type\":\"WebPage\",\"@id\":\"https:\/\/dev.tolio.co.nz\/san-pham\/mua-5-tang-1-set-6-goi-gia-vi-tiem-ga-dai-bo-cuong-luc-viet-san-100g\/\",\"url\":\"https:\/\/dev.tolio.co.nz\/san-pham\/mua-5-tang-1-set-6-goi-gia-vi-tiem-ga-dai-bo-cuong-luc-viet-san-100g\/\",\"name\":\"[Mua 5 t\u1eb7ng 1] Set 6 g\u00f3i gia v\u1ecb ti\u1ec1m g\u00e0 \u0111\u1ea1i b\u1ed5 c\u01b0\u1eddng l\u1ef1c Vi\u1ec7t San 100g -\",\"isPartOf\":{\"@id\":\"https:\/\/dev.tolio.co.nz\/#website\"},\"primaryImageOfPage\":{\"@id\":\"https:\/\/dev.tolio.co.nz\/san-pham\/mua-5-tang-1-set-6-goi-gia-vi-tiem-ga-dai-bo-cuong-luc-viet-san-100g\/#primaryimage\"},\"image\":{\"@id\":\"https:\/\/dev.tolio.co.nz\/san-pham\/mua-5-tang-1-set-6-goi-gia-vi-tiem-ga-dai-bo-cuong-luc-viet-san-100g\/#primaryimage\"},\"thumbnailUrl\":\"https:\/\/dev.tolio.co.nz\/wp-content\/uploads\/2023\/08\/229.png\",\"datePublished\":\"2023-08-20T09:55:01+00:00\",\"dateModified\":\"2025-09-11T04:00:00+00:00\",\"description\":\"Th\u01b0\u01a1ng hi\u1ec7u: Vi\u1ec7t San Xu\u1ea5t x\u1ee9 th\u01b0\u01a1ng hi\u1ec7u: Vi\u1ec7t Nam Quy c\u00e1ch \u0111\u00f3ng g\u00f3i: G\u00f3i 100g L\u01b0u \u00fd: Bao b\u00ec s\u1ea3n ph\u1ea9m c\u00f3 th\u1ec3 thay \u0111\u1ed5i theo t\u1eebng \u0111\u1ee3t nh\u1eadp h\u00e0ng.\",\"breadcrumb\":{\"@id\":\"https:\/\/dev.tolio.co.nz\/san-pham\/mua-5-tang-1-set-6-goi-gia-vi-tiem-ga-dai-bo-cuong-luc-viet-san-100g\/#breadcrumb\"},\"inLanguage\":\"en-US\",\"potentialAction\":[{\"@type\":\"ReadAction\",\"target\":[\"https:\/\/dev.tolio.co.nz\/san-pham\/mua-5-tang-1-set-6-goi-gia-vi-tiem-ga-dai-bo-cuong-luc-viet-san-100g\/\"]}]},{\"@type\":\"ImageObject\",\"inLanguage\":\"en-US\",\"@id\":\"https:\/\/dev.tolio.co.nz\/san-pham\/mua-5-tang-1-set-6-goi-gia-vi-tiem-ga-dai-bo-cuong-luc-viet-san-100g\/#primaryimage\",\"url\":\"https:\/\/dev.tolio.co.nz\/wp-content\/uploads\/2023\/08\/229.png\",\"contentUrl\":\"https:\/\/dev.tolio.co.nz\/wp-content\/uploads\/2023\/08\/229.png\",\"width\":1000,\"height\":907},{\"@type\":\"BreadcrumbList\",\"@id\":\"https:\/\/dev.tolio.co.nz\/san-pham\/mua-5-tang-1-set-6-goi-gia-vi-tiem-ga-dai-bo-cuong-luc-viet-san-100g\/#breadcrumb\",\"itemListElement\":[{\"@type\":\"ListItem\",\"position\":1,\"name\":\"Home\",\"item\":\"https:\/\/dev.tolio.co.nz\/\"},{\"@type\":\"ListItem\",\"position\":2,\"name\":\"C\u1eeda h\u00e0ng\",\"item\":\"https:\/\/dev.tolio.co.nz\/cua-hang\/\"},{\"@type\":\"ListItem\",\"position\":3,\"name\":\"[Mua 5 t\u1eb7ng 1] Set 6 g\u00f3i gia v\u1ecb ti\u1ec1m g\u00e0 \u0111\u1ea1i b\u1ed5 c\u01b0\u1eddng l\u1ef1c Vi\u1ec7t San 100g\"}]},{\"@type\":\"WebSite\",\"@id\":\"https:\/\/dev.tolio.co.nz\/#website\",\"url\":\"https:\/\/dev.tolio.co.nz\/\",\"name\":\"TOLIO\",\"description\":\"Vietnamese Grocery Online\",\"potentialAction\":[{\"@type\":\"SearchAction\",\"target\":{\"@type\":\"EntryPoint\",\"urlTemplate\":\"https:\/\/dev.tolio.co.nz\/?s={search_term_string}\"},\"query-input\":{\"@type\":\"PropertyValueSpecification\",\"valueRequired\":true,\"valueName\":\"search_term_string\"}}],\"inLanguage\":\"en-US\"}]}<\/script>\n<!-- \/ Yoast SEO plugin. -->","yoast_head_json":{"title":"[Mua 5 t\u1eb7ng 1] Set 6 g\u00f3i gia v\u1ecb ti\u1ec1m g\u00e0 \u0111\u1ea1i b\u1ed5 c\u01b0\u1eddng l\u1ef1c Vi\u1ec7t San 100g -","description":"Th\u01b0\u01a1ng hi\u1ec7u: Vi\u1ec7t San  Xu\u1ea5t x\u1ee9 th\u01b0\u01a1ng hi\u1ec7u: Vi\u1ec7t Nam  Quy c\u00e1ch \u0111\u00f3ng g\u00f3i: G\u00f3i 100g  L\u01b0u \u00fd: Bao b\u00ec s\u1ea3n ph\u1ea9m c\u00f3 th\u1ec3 thay \u0111\u1ed5i theo t\u1eebng \u0111\u1ee3t nh\u1eadp h\u00e0ng.","robots":{"index":"index","follow":"follow","max-snippet":"max-snippet:-1","max-image-preview":"max-image-preview:large","max-video-preview":"max-video-preview:-1"},"canonical":"https:\/\/dev.tolio.co.nz\/en\/product\/buy-5-pieces-get-1-set-of-6-packages-with-price-of-viet-san-bo-cuong-mat-100g\/","og_locale":"en_US","og_type":"article","og_title":"[Mua 5 t\u1eb7ng 1] Set 6 g\u00f3i gia v\u1ecb ti\u1ec1m g\u00e0 \u0111\u1ea1i b\u1ed5 c\u01b0\u1eddng l\u1ef1c Vi\u1ec7t San 100g -","og_description":"Th\u01b0\u01a1ng hi\u1ec7u: Vi\u1ec7t San  Xu\u1ea5t x\u1ee9 th\u01b0\u01a1ng hi\u1ec7u: Vi\u1ec7t Nam  Quy c\u00e1ch \u0111\u00f3ng g\u00f3i: G\u00f3i 100g  L\u01b0u \u00fd: Bao b\u00ec s\u1ea3n ph\u1ea9m c\u00f3 th\u1ec3 thay \u0111\u1ed5i theo t\u1eebng \u0111\u1ee3t nh\u1eadp h\u00e0ng.","og_url":"https:\/\/dev.tolio.co.nz\/en\/product\/buy-5-pieces-get-1-set-of-6-packages-with-price-of-viet-san-bo-cuong-mat-100g\/","og_site_name":"TOLIO","article_modified_time":"2025-09-11T04:00:00+00:00","og_image":[{"width":1000,"height":907,"url":"https:\/\/dev.tolio.co.nz\/wp-content\/uploads\/2023\/08\/229.png","type":"image\/png"}],"twitter_card":"summary_large_image","twitter_misc":{"Est. reading time":"1 minute"},"schema":{"@context":"https:\/\/schema.org","@graph":[{"@type":"WebPage","@id":"https:\/\/dev.tolio.co.nz\/san-pham\/mua-5-tang-1-set-6-goi-gia-vi-tiem-ga-dai-bo-cuong-luc-viet-san-100g\/","url":"https:\/\/dev.tolio.co.nz\/san-pham\/mua-5-tang-1-set-6-goi-gia-vi-tiem-ga-dai-bo-cuong-luc-viet-san-100g\/","name":"[Mua 5 t\u1eb7ng 1] Set 6 g\u00f3i gia v\u1ecb ti\u1ec1m g\u00e0 \u0111\u1ea1i b\u1ed5 c\u01b0\u1eddng l\u1ef1c Vi\u1ec7t San 100g -","isPartOf":{"@id":"https:\/\/dev.tolio.co.nz\/#website"},"primaryImageOfPage":{"@id":"https:\/\/dev.tolio.co.nz\/san-pham\/mua-5-tang-1-set-6-goi-gia-vi-tiem-ga-dai-bo-cuong-luc-viet-san-100g\/#primaryimage"},"image":{"@id":"https:\/\/dev.tolio.co.nz\/san-pham\/mua-5-tang-1-set-6-goi-gia-vi-tiem-ga-dai-bo-cuong-luc-viet-san-100g\/#primaryimage"},"thumbnailUrl":"https:\/\/dev.tolio.co.nz\/wp-content\/uploads\/2023\/08\/229.png","datePublished":"2023-08-20T09:55:01+00:00","dateModified":"2025-09-11T04:00:00+00:00","description":"Th\u01b0\u01a1ng hi\u1ec7u: Vi\u1ec7t San Xu\u1ea5t x\u1ee9 th\u01b0\u01a1ng hi\u1ec7u: Vi\u1ec7t Nam Quy c\u00e1ch \u0111\u00f3ng g\u00f3i: G\u00f3i 100g L\u01b0u \u00fd: Bao b\u00ec s\u1ea3n ph\u1ea9m c\u00f3 th\u1ec3 thay \u0111\u1ed5i theo t\u1eebng \u0111\u1ee3t nh\u1eadp h\u00e0ng.","breadcrumb":{"@id":"https:\/\/dev.tolio.co.nz\/san-pham\/mua-5-tang-1-set-6-goi-gia-vi-tiem-ga-dai-bo-cuong-luc-viet-san-100g\/#breadcrumb"},"inLanguage":"en-US","potentialAction":[{"@type":"ReadAction","target":["https:\/\/dev.tolio.co.nz\/san-pham\/mua-5-tang-1-set-6-goi-gia-vi-tiem-ga-dai-bo-cuong-luc-viet-san-100g\/"]}]},{"@type":"ImageObject","inLanguage":"en-US","@id":"https:\/\/dev.tolio.co.nz\/san-pham\/mua-5-tang-1-set-6-goi-gia-vi-tiem-ga-dai-bo-cuong-luc-viet-san-100g\/#primaryimage","url":"https:\/\/dev.tolio.co.nz\/wp-content\/uploads\/2023\/08\/229.png","contentUrl":"https:\/\/dev.tolio.co.nz\/wp-content\/uploads\/2023\/08\/229.png","width":1000,"height":907},{"@type":"BreadcrumbList","@id":"https:\/\/dev.tolio.co.nz\/san-pham\/mua-5-tang-1-set-6-goi-gia-vi-tiem-ga-dai-bo-cuong-luc-viet-san-100g\/#breadcrumb","itemListElement":[{"@type":"ListItem","position":1,"name":"Home","item":"https:\/\/dev.tolio.co.nz\/"},{"@type":"ListItem","position":2,"name":"C\u1eeda h\u00e0ng","item":"https:\/\/dev.tolio.co.nz\/cua-hang\/"},{"@type":"ListItem","position":3,"name":"[Mua 5 t\u1eb7ng 1] Set 6 g\u00f3i gia v\u1ecb ti\u1ec1m g\u00e0 \u0111\u1ea1i b\u1ed5 c\u01b0\u1eddng l\u1ef1c Vi\u1ec7t San 100g"}]},{"@type":"WebSite","@id":"https:\/\/dev.tolio.co.nz\/#website","url":"https:\/\/dev.tolio.co.nz\/","name":"TOLIO","description":"Vietnamese Grocery Online","potentialAction":[{"@type":"SearchAction","target":{"@type":"EntryPoint","urlTemplate":"https:\/\/dev.tolio.co.nz\/?s={search_term_string}"},"query-input":{"@type":"PropertyValueSpecification","valueRequired":true,"valueName":"search_term_string"}}],"inLanguage":"en-US"}]}},"_links":{"self":[{"href":"https:\/\/dev.tolio.co.nz\/en\/wp-json\/wp\/v2\/product\/10816","targetHints":{"allow":["GET"]}}],"collection":[{"href":"https:\/\/dev.tolio.co.nz\/en\/wp-json\/wp\/v2\/product"}],"about":[{"href":"https:\/\/dev.tolio.co.nz\/en\/wp-json\/wp\/v2\/types\/product"}],"replies":[{"embeddable":true,"href":"https:\/\/dev.tolio.co.nz\/en\/wp-json\/wp\/v2\/comments?post=10816"}],"wp:featuredmedia":[{"embeddable":true,"href":"https:\/\/dev.tolio.co.nz\/en\/wp-json\/wp\/v2\/media\/20703"}],"wp:attachment":[{"href":"https:\/\/dev.tolio.co.nz\/en\/wp-json\/wp\/v2\/media?parent=10816"}],"wp:term":[{"taxonomy":"product_brand","embeddable":true,"href":"https:\/\/dev.tolio.co.nz\/en\/wp-json\/wp\/v2\/product_brand?post=10816"},{"taxonomy":"product_cat","embeddable":true,"href":"https:\/\/dev.tolio.co.nz\/en\/wp-json\/wp\/v2\/product_cat?post=10816"},{"taxonomy":"product_tag","embeddable":true,"href":"https:\/\/dev.tolio.co.nz\/en\/wp-json\/wp\/v2\/product_tag?post=10816"}],"curies":[{"name":"wp","href":"https:\/\/api.w.org\/{rel}","templated":true}]}}