{"id":10821,"date":"2023-08-20T22:48:10","date_gmt":"2023-08-20T10:03:10","guid":{"rendered":"https:\/\/tolio.co.nz\/?post_type=product&#038;p=10821"},"modified":"2025-09-11T16:00:18","modified_gmt":"2025-09-11T04:00:18","slug":"bot-banh-tieu-vinh-thuan-goi-400g-tolio","status":"publish","type":"product","link":"https:\/\/dev.tolio.co.nz\/en\/product\/vinh-thuan-banh-tieu-bot-order-400g-tolio\/","title":{"rendered":"B\u1ed9t b\u00e1nh ti\u00eau V\u0129nh Thu\u1eadn g\u00f3i 400g"},"content":{"rendered":"<p><strong>B\u1ed9t b\u00e1nh ti\u00eau V\u0129nh Thu\u1eadn g\u00f3i 400g<\/strong> S\u1ea3n ph\u1ea9m b\u1ed9t b\u00e1nh ti\u00eau V\u0129nh Thu\u1eadn \u0111\u01b0\u1ee3c l\u00e0m t\u1eeb 100% nguy\u00ean li\u1ec7u t\u1ef1 nhi\u00ean v\u00e0 \u0111\u01b0\u1ee3c tuy\u1ec3n ch\u1ecdn m\u1ed9t c\u00e1ch k\u0129 c\u00e0ng nh\u1ea5t, kh\u00f4ng c\u00f3 c\u00e1c ch\u1ea5t b\u1ea3o qu\u1ea3n \u0111\u1ed9c h\u1ea1i, \u0111\u1ea3m b\u1ea3o an to\u00e0n cho ng\u01b0\u1eddi s\u1eed d\u1ee5ng. B\u1ed9t b\u00e1nh ti\u00eau \u0111\u01b0\u1ee3c nghi\u1ec1n nh\u1ecf v\u00e0 k\u0129, t\u1ea1o \u0111\u1ed9 m\u1ec1m, m\u1ecbn cho s\u1ea3n ph\u1ea9m, gi\u00fap b\u1ea1n d\u1ec5 d\u00e0ng h\u00f2a tan v\u1edbi c\u00e1c nguy\u00ean li\u1ec7u kh\u00e1c m\u00e0 kh\u00f4ng lo b\u1ecb v\u00f3n c\u1ee5c, h\u01b0\u01a1ng v\u1ecb m\u00f3n \u0103n c\u0169ng t\u1eeb \u0111\u00f3 m\u00e0 th\u01a1m ngon h\u01a1n. Ngo\u00e0i ra, s\u1ea3n ph\u1ea9m c\u00f2n bao g\u1ed3m \u0111\u1ea7y \u0111\u1ee7 c\u00e1c th\u00e0nh ph\u1ea7n nguy\u00ean li\u1ec7u \u0111\u1ec3 l\u00e0m b\u00e1nh ti\u00eau theo \u0111\u00fang t\u1ec9 l\u1ec7, ti\u1ebft ki\u1ec7m t\u1ed1i \u0111a th\u1eddi gian chu\u1ea9n b\u1ecb v\u00e0 ch\u1ebf bi\u1ebfn m\u00e0 v\u1eabn \u0111em l\u1ea1i nh\u1eefng chi\u1ebfc b\u00e1nh ti\u00eau h\u1ea5p d\u1eabn. S\u1ea3n ph\u1ea9m c\u00f3 ch\u1ee9a Gluten<\/p>\n<p><strong>H\u01b0\u1edbng d\u1eabn s\u1eed d\u1ee5ng:<\/strong><\/p>\n<ul>\n<li>Cho 1 g\u00f3i men kh\u00f4 v\u00e0 100g \u0111\u01b0\u1eddng v\u00e0o 160ml n\u01b0\u1edbc, khu\u1ea5y cho tan, r\u1ed3i \u0111\u1ed5 400g b\u1ed9t b\u00e1nh ti\u00eau v\u00e0 h\u1ed7n h\u1ee3p (nh\u1edb ch\u1eeba l\u1ea1i 02 mu\u1ed7ng canh \u0111\u1ec3 l\u00e0m b\u1ed9t \u00e1o tr\u00e1ng m\u00e2m), nh\u1ed3i \u0111\u1ec1u kho\u1ea3ng 10 \u2013 12 ph\u00fat cho b\u1ed9t m\u1ecbn dai.<\/li>\n<li>\u00a0\u1ee6 b\u1ed9t trong 60 ph\u00fat.<\/li>\n<li>Nh\u1ed3i l\u1ea1i l\u1ea7n n\u1eefa, chia b\u1ed9t th\u00e0nh t\u1eebng ph\u1ea7n nh\u1ecf, nh\u00fang b\u1ed9t v\u00e0o m\u00e8, r\u1ed3i c\u00e1n th\u00e0nh h\u00ecnh tr\u00f2n m\u1ecfng. trong l\u00fac c\u00e1n, b\u1eafc ch\u1ea3o d\u1ea7u l\u00ean b\u1ebfp, \u0111\u1ed5 d\u1ea7u nhi\u1ec1u h\u01a1n \u00bd ch\u1ea3o, \u0111un th\u1eadt s\u00f4i (l\u1eeda v\u1eeba). cho b\u1ed9t \u0111\u00e3 c\u00e1n v\u00e0o chi\u00ean cho \u0111\u1ebfn khi b\u00e1nh ph\u1ed3ng to v\u00e0 v\u00e0ng \u0111\u1ec1u th\u00ec v\u1edbt ra.<\/li>\n<\/ul>\n<p><strong>B\u1ea3o qu\u1ea3n:<\/strong><\/p>\n<ul>\n<li>B\u1ea3o qu\u1ea3n n\u01a1i kh\u00f4 r\u00e1o, tho\u00e1ng m\u00e1t, tr\u00e1nh \u00e1nh n\u1eafng tr\u1ef1c ti\u1ebfp<\/li>\n<\/ul>","protected":false},"excerpt":{"rendered":"<ul>\n<li>Th\u01b0\u01a1ng hi\u1ec7u: V\u0129nh Thu\u1eadn<\/li>\n<li>Xu\u1ea5t x\u1ee9 th\u01b0\u01a1ng hi\u1ec7u: Vi\u1ec7t Nam<\/li>\n<li>Quy c\u00e1ch \u0111\u00f3ng g\u00f3i: G\u00f3i 400g<\/li>\n<li>L\u01b0u \u00fd: Bao b\u00ec s\u1ea3n ph\u1ea9m c\u00f3 th\u1ec3 thay \u0111\u1ed5i theo t\u1eebng \u0111\u1ee3t nh\u1eadp h\u00e0ng.<\/li>\n<\/ul>","protected":false},"featured_media":20975,"comment_status":"open","ping_status":"closed","template":"","meta":[],"product_brand":[],"product_cat":[36,127,31],"product_tag":[],"class_list":{"0":"post-10821","1":"product","2":"type-product","3":"status-publish","4":"has-post-thumbnail","6":"product_cat-thuc-pham-kho","7":"product_cat-bot-kho-cac-loai","8":"product_cat-hang-moi-ve","9":"pa_thuong-hieu-vinh-thuan","11":"first","12":"instock","13":"shipping-taxable","14":"purchasable","15":"product-type-simple"},"yoast_head":"<!-- This site is optimized with the Yoast SEO plugin v24.4 - https:\/\/yoast.com\/wordpress\/plugins\/seo\/ -->\n<title>B\u1ed9t b\u00e1nh ti\u00eau V\u0129nh Thu\u1eadn g\u00f3i 400g - TOLIO<\/title>\n<meta name=\"description\" content=\"Th\u01b0\u01a1ng hi\u1ec7u: V\u0129nh Thu\u1eadn  Xu\u1ea5t x\u1ee9 th\u01b0\u01a1ng hi\u1ec7u: Vi\u1ec7t Nam  Quy c\u00e1ch \u0111\u00f3ng g\u00f3i: G\u00f3i 400g  L\u01b0u \u00fd: Bao b\u00ec s\u1ea3n ph\u1ea9m c\u00f3 th\u1ec3 thay \u0111\u1ed5i theo t\u1eebng \u0111\u1ee3t nh\u1eadp h\u00e0ng.\" \/>\n<meta name=\"robots\" content=\"index, follow, max-snippet:-1, max-image-preview:large, max-video-preview:-1\" \/>\n<link rel=\"canonical\" href=\"https:\/\/dev.tolio.co.nz\/en\/product\/vinh-thuan-banh-tieu-bot-order-400g-tolio\/\" \/>\n<meta property=\"og:locale\" content=\"en_US\" \/>\n<meta property=\"og:type\" content=\"article\" \/>\n<meta property=\"og:title\" content=\"B\u1ed9t b\u00e1nh ti\u00eau V\u0129nh Thu\u1eadn g\u00f3i 400g - TOLIO\" \/>\n<meta property=\"og:description\" content=\"Th\u01b0\u01a1ng hi\u1ec7u: V\u0129nh Thu\u1eadn  Xu\u1ea5t x\u1ee9 th\u01b0\u01a1ng hi\u1ec7u: Vi\u1ec7t Nam  Quy c\u00e1ch \u0111\u00f3ng g\u00f3i: G\u00f3i 400g  L\u01b0u \u00fd: Bao b\u00ec s\u1ea3n ph\u1ea9m c\u00f3 th\u1ec3 thay \u0111\u1ed5i theo t\u1eebng \u0111\u1ee3t nh\u1eadp h\u00e0ng.\" \/>\n<meta property=\"og:url\" content=\"https:\/\/dev.tolio.co.nz\/en\/product\/vinh-thuan-banh-tieu-bot-order-400g-tolio\/\" \/>\n<meta property=\"og:site_name\" content=\"TOLIO\" \/>\n<meta property=\"article:modified_time\" content=\"2025-09-11T04:00:18+00:00\" \/>\n<meta property=\"og:image\" content=\"https:\/\/dev.tolio.co.nz\/wp-content\/uploads\/2023\/08\/483.png\" \/>\n\t<meta property=\"og:image:width\" content=\"1000\" \/>\n\t<meta property=\"og:image:height\" content=\"907\" \/>\n\t<meta property=\"og:image:type\" content=\"image\/png\" \/>\n<meta name=\"twitter:card\" content=\"summary_large_image\" \/>\n<meta name=\"twitter:label1\" content=\"Est. reading time\" \/>\n\t<meta name=\"twitter:data1\" content=\"2 minutes\" \/>\n<script type=\"application\/ld+json\" class=\"yoast-schema-graph\">{\"@context\":\"https:\/\/schema.org\",\"@graph\":[{\"@type\":\"WebPage\",\"@id\":\"https:\/\/dev.tolio.co.nz\/san-pham\/bot-banh-tieu-vinh-thuan-goi-400g-tolio\/\",\"url\":\"https:\/\/dev.tolio.co.nz\/san-pham\/bot-banh-tieu-vinh-thuan-goi-400g-tolio\/\",\"name\":\"B\u1ed9t b\u00e1nh ti\u00eau V\u0129nh Thu\u1eadn g\u00f3i 400g - TOLIO\",\"isPartOf\":{\"@id\":\"https:\/\/dev.tolio.co.nz\/#website\"},\"primaryImageOfPage\":{\"@id\":\"https:\/\/dev.tolio.co.nz\/san-pham\/bot-banh-tieu-vinh-thuan-goi-400g-tolio\/#primaryimage\"},\"image\":{\"@id\":\"https:\/\/dev.tolio.co.nz\/san-pham\/bot-banh-tieu-vinh-thuan-goi-400g-tolio\/#primaryimage\"},\"thumbnailUrl\":\"https:\/\/dev.tolio.co.nz\/wp-content\/uploads\/2023\/08\/483.png\",\"datePublished\":\"2023-08-20T10:03:10+00:00\",\"dateModified\":\"2025-09-11T04:00:18+00:00\",\"description\":\"Th\u01b0\u01a1ng hi\u1ec7u: V\u0129nh Thu\u1eadn Xu\u1ea5t x\u1ee9 th\u01b0\u01a1ng hi\u1ec7u: Vi\u1ec7t Nam Quy c\u00e1ch \u0111\u00f3ng g\u00f3i: G\u00f3i 400g L\u01b0u \u00fd: Bao b\u00ec s\u1ea3n ph\u1ea9m c\u00f3 th\u1ec3 thay \u0111\u1ed5i theo t\u1eebng \u0111\u1ee3t nh\u1eadp h\u00e0ng.\",\"breadcrumb\":{\"@id\":\"https:\/\/dev.tolio.co.nz\/san-pham\/bot-banh-tieu-vinh-thuan-goi-400g-tolio\/#breadcrumb\"},\"inLanguage\":\"en-US\",\"potentialAction\":[{\"@type\":\"ReadAction\",\"target\":[\"https:\/\/dev.tolio.co.nz\/san-pham\/bot-banh-tieu-vinh-thuan-goi-400g-tolio\/\"]}]},{\"@type\":\"ImageObject\",\"inLanguage\":\"en-US\",\"@id\":\"https:\/\/dev.tolio.co.nz\/san-pham\/bot-banh-tieu-vinh-thuan-goi-400g-tolio\/#primaryimage\",\"url\":\"https:\/\/dev.tolio.co.nz\/wp-content\/uploads\/2023\/08\/483.png\",\"contentUrl\":\"https:\/\/dev.tolio.co.nz\/wp-content\/uploads\/2023\/08\/483.png\",\"width\":1000,\"height\":907},{\"@type\":\"BreadcrumbList\",\"@id\":\"https:\/\/dev.tolio.co.nz\/san-pham\/bot-banh-tieu-vinh-thuan-goi-400g-tolio\/#breadcrumb\",\"itemListElement\":[{\"@type\":\"ListItem\",\"position\":1,\"name\":\"Home\",\"item\":\"https:\/\/dev.tolio.co.nz\/\"},{\"@type\":\"ListItem\",\"position\":2,\"name\":\"C\u1eeda h\u00e0ng\",\"item\":\"https:\/\/dev.tolio.co.nz\/cua-hang\/\"},{\"@type\":\"ListItem\",\"position\":3,\"name\":\"B\u1ed9t b\u00e1nh ti\u00eau V\u0129nh Thu\u1eadn g\u00f3i 400g\"}]},{\"@type\":\"WebSite\",\"@id\":\"https:\/\/dev.tolio.co.nz\/#website\",\"url\":\"https:\/\/dev.tolio.co.nz\/\",\"name\":\"TOLIO\",\"description\":\"Vietnamese Grocery Online\",\"potentialAction\":[{\"@type\":\"SearchAction\",\"target\":{\"@type\":\"EntryPoint\",\"urlTemplate\":\"https:\/\/dev.tolio.co.nz\/?s={search_term_string}\"},\"query-input\":{\"@type\":\"PropertyValueSpecification\",\"valueRequired\":true,\"valueName\":\"search_term_string\"}}],\"inLanguage\":\"en-US\"}]}<\/script>\n<!-- \/ Yoast SEO plugin. -->","yoast_head_json":{"title":"B\u1ed9t b\u00e1nh ti\u00eau V\u0129nh Thu\u1eadn g\u00f3i 400g - TOLIO","description":"Th\u01b0\u01a1ng hi\u1ec7u: V\u0129nh Thu\u1eadn  Xu\u1ea5t x\u1ee9 th\u01b0\u01a1ng hi\u1ec7u: Vi\u1ec7t Nam  Quy c\u00e1ch \u0111\u00f3ng g\u00f3i: G\u00f3i 400g  L\u01b0u \u00fd: Bao b\u00ec s\u1ea3n ph\u1ea9m c\u00f3 th\u1ec3 thay \u0111\u1ed5i theo t\u1eebng \u0111\u1ee3t nh\u1eadp h\u00e0ng.","robots":{"index":"index","follow":"follow","max-snippet":"max-snippet:-1","max-image-preview":"max-image-preview:large","max-video-preview":"max-video-preview:-1"},"canonical":"https:\/\/dev.tolio.co.nz\/en\/product\/vinh-thuan-banh-tieu-bot-order-400g-tolio\/","og_locale":"en_US","og_type":"article","og_title":"B\u1ed9t b\u00e1nh ti\u00eau V\u0129nh Thu\u1eadn g\u00f3i 400g - TOLIO","og_description":"Th\u01b0\u01a1ng hi\u1ec7u: V\u0129nh Thu\u1eadn  Xu\u1ea5t x\u1ee9 th\u01b0\u01a1ng hi\u1ec7u: Vi\u1ec7t Nam  Quy c\u00e1ch \u0111\u00f3ng g\u00f3i: G\u00f3i 400g  L\u01b0u \u00fd: Bao b\u00ec s\u1ea3n ph\u1ea9m c\u00f3 th\u1ec3 thay \u0111\u1ed5i theo t\u1eebng \u0111\u1ee3t nh\u1eadp h\u00e0ng.","og_url":"https:\/\/dev.tolio.co.nz\/en\/product\/vinh-thuan-banh-tieu-bot-order-400g-tolio\/","og_site_name":"TOLIO","article_modified_time":"2025-09-11T04:00:18+00:00","og_image":[{"width":1000,"height":907,"url":"https:\/\/dev.tolio.co.nz\/wp-content\/uploads\/2023\/08\/483.png","type":"image\/png"}],"twitter_card":"summary_large_image","twitter_misc":{"Est. reading time":"2 minutes"},"schema":{"@context":"https:\/\/schema.org","@graph":[{"@type":"WebPage","@id":"https:\/\/dev.tolio.co.nz\/san-pham\/bot-banh-tieu-vinh-thuan-goi-400g-tolio\/","url":"https:\/\/dev.tolio.co.nz\/san-pham\/bot-banh-tieu-vinh-thuan-goi-400g-tolio\/","name":"B\u1ed9t b\u00e1nh ti\u00eau V\u0129nh Thu\u1eadn g\u00f3i 400g - TOLIO","isPartOf":{"@id":"https:\/\/dev.tolio.co.nz\/#website"},"primaryImageOfPage":{"@id":"https:\/\/dev.tolio.co.nz\/san-pham\/bot-banh-tieu-vinh-thuan-goi-400g-tolio\/#primaryimage"},"image":{"@id":"https:\/\/dev.tolio.co.nz\/san-pham\/bot-banh-tieu-vinh-thuan-goi-400g-tolio\/#primaryimage"},"thumbnailUrl":"https:\/\/dev.tolio.co.nz\/wp-content\/uploads\/2023\/08\/483.png","datePublished":"2023-08-20T10:03:10+00:00","dateModified":"2025-09-11T04:00:18+00:00","description":"Th\u01b0\u01a1ng hi\u1ec7u: V\u0129nh Thu\u1eadn Xu\u1ea5t x\u1ee9 th\u01b0\u01a1ng hi\u1ec7u: Vi\u1ec7t Nam Quy c\u00e1ch \u0111\u00f3ng g\u00f3i: G\u00f3i 400g L\u01b0u \u00fd: Bao b\u00ec s\u1ea3n ph\u1ea9m c\u00f3 th\u1ec3 thay \u0111\u1ed5i theo t\u1eebng \u0111\u1ee3t nh\u1eadp h\u00e0ng.","breadcrumb":{"@id":"https:\/\/dev.tolio.co.nz\/san-pham\/bot-banh-tieu-vinh-thuan-goi-400g-tolio\/#breadcrumb"},"inLanguage":"en-US","potentialAction":[{"@type":"ReadAction","target":["https:\/\/dev.tolio.co.nz\/san-pham\/bot-banh-tieu-vinh-thuan-goi-400g-tolio\/"]}]},{"@type":"ImageObject","inLanguage":"en-US","@id":"https:\/\/dev.tolio.co.nz\/san-pham\/bot-banh-tieu-vinh-thuan-goi-400g-tolio\/#primaryimage","url":"https:\/\/dev.tolio.co.nz\/wp-content\/uploads\/2023\/08\/483.png","contentUrl":"https:\/\/dev.tolio.co.nz\/wp-content\/uploads\/2023\/08\/483.png","width":1000,"height":907},{"@type":"BreadcrumbList","@id":"https:\/\/dev.tolio.co.nz\/san-pham\/bot-banh-tieu-vinh-thuan-goi-400g-tolio\/#breadcrumb","itemListElement":[{"@type":"ListItem","position":1,"name":"Home","item":"https:\/\/dev.tolio.co.nz\/"},{"@type":"ListItem","position":2,"name":"C\u1eeda h\u00e0ng","item":"https:\/\/dev.tolio.co.nz\/cua-hang\/"},{"@type":"ListItem","position":3,"name":"B\u1ed9t b\u00e1nh ti\u00eau V\u0129nh Thu\u1eadn g\u00f3i 400g"}]},{"@type":"WebSite","@id":"https:\/\/dev.tolio.co.nz\/#website","url":"https:\/\/dev.tolio.co.nz\/","name":"TOLIO","description":"Vietnamese Grocery Online","potentialAction":[{"@type":"SearchAction","target":{"@type":"EntryPoint","urlTemplate":"https:\/\/dev.tolio.co.nz\/?s={search_term_string}"},"query-input":{"@type":"PropertyValueSpecification","valueRequired":true,"valueName":"search_term_string"}}],"inLanguage":"en-US"}]}},"_links":{"self":[{"href":"https:\/\/dev.tolio.co.nz\/en\/wp-json\/wp\/v2\/product\/10821","targetHints":{"allow":["GET"]}}],"collection":[{"href":"https:\/\/dev.tolio.co.nz\/en\/wp-json\/wp\/v2\/product"}],"about":[{"href":"https:\/\/dev.tolio.co.nz\/en\/wp-json\/wp\/v2\/types\/product"}],"replies":[{"embeddable":true,"href":"https:\/\/dev.tolio.co.nz\/en\/wp-json\/wp\/v2\/comments?post=10821"}],"wp:featuredmedia":[{"embeddable":true,"href":"https:\/\/dev.tolio.co.nz\/en\/wp-json\/wp\/v2\/media\/20975"}],"wp:attachment":[{"href":"https:\/\/dev.tolio.co.nz\/en\/wp-json\/wp\/v2\/media?parent=10821"}],"wp:term":[{"taxonomy":"product_brand","embeddable":true,"href":"https:\/\/dev.tolio.co.nz\/en\/wp-json\/wp\/v2\/product_brand?post=10821"},{"taxonomy":"product_cat","embeddable":true,"href":"https:\/\/dev.tolio.co.nz\/en\/wp-json\/wp\/v2\/product_cat?post=10821"},{"taxonomy":"product_tag","embeddable":true,"href":"https:\/\/dev.tolio.co.nz\/en\/wp-json\/wp\/v2\/product_tag?post=10821"}],"curies":[{"name":"wp","href":"https:\/\/api.w.org\/{rel}","templated":true}]}}