{"id":10835,"date":"2023-08-21T15:06:23","date_gmt":"2023-08-21T02:21:23","guid":{"rendered":"https:\/\/tolio.co.nz\/?post_type=product&#038;p=10835"},"modified":"2025-09-11T15:59:59","modified_gmt":"2025-09-11T03:59:59","slug":"suon-non-chay-khanh-an-goi-100g","status":"publish","type":"product","link":"https:\/\/dev.tolio.co.nz\/en\/product\/khanh-an-vegetarian-soon-100g\/","title":{"rendered":"S\u01b0\u1eddn non chay Kh\u00e1nh An g\u00f3i 100g"},"content":{"rendered":"<p><strong>S\u01b0\u1eddn non chay Kh\u00e1nh An g\u00f3i 100g<\/strong> co\u0301 tha\u0300nh ph\u00e2\u0300n chi\u0301nh la\u0300 \u0111a\u0323m \u0111\u00e2\u0323u na\u0300nh ch\u01b0\u0301a\u00a0ha\u0300m l\u01b0\u01a1\u0323ng Protein cao, \u0111a\u0301p \u01b0\u0301ng nhu c\u00e2\u0300u dinh d\u01b0\u01a1\u0303ng cho s\u01b0\u0301c khoe\u0309 ha\u0300ng nga\u0300y cu\u0309a ba\u0323n va\u0300 gia \u0111i\u0300nh.<\/p>\n<p><strong>H\u01b0\u1edbng d\u1eabn s\u1eed d\u1ee5ng:<\/strong><\/p>\n<ul>\n<li>Ng\u00e2m n\u01b0\u1edbc cho m\u1ec1m, v\u1edbt ra v\u1eaft r\u00e1o, \u01b0\u1edbp gia v\u1ecb. D\u00f9ng ch\u1ebf bi\u1ebfn nh\u01b0: chi\u00ean gi\u00f2n, kho, x\u00e0o, n\u01b0\u1edbng, n\u1ea5u ragu, tr\u1ed9n g\u1ecfi, n\u1ea5u ch\u00e1o, s\u00fap, l\u1ea9u, x\u00f4i, &#8230;<\/li>\n<\/ul>\n<p><strong>B\u1ea3o qu\u1ea3n:<\/strong><\/p>\n<ul>\n<li>B\u1ea3o qu\u1ea3n n\u01a1i kh\u00f4 r\u00e1o tho\u00e1ng m\u00e1t, \u0111\u00f3ng k\u00edn t\u00fai sau khi s\u1eed d\u1ee5ng.<\/li>\n<\/ul>","protected":false},"excerpt":{"rendered":"<ul>\n<li>Th\u01b0\u01a1ng hi\u1ec7u: Kh\u00e1nh An<\/li>\n<li>Xu\u1ea5t x\u1ee9 th\u01b0\u01a1ng hi\u1ec7u: Vi\u1ec7t Nam<\/li>\n<li>Quy c\u00e1ch \u0111\u00f3ng g\u00f3i: G\u00f3i 100g<\/li>\n<li>L\u01b0u \u00fd: Bao b\u00ec s\u1ea3n ph\u1ea9m c\u00f3 th\u1ec3 thay \u0111\u1ed5i theo t\u1eebng \u0111\u1ee3t nh\u1eadp h\u00e0ng.<\/li>\n<\/ul>","protected":false},"featured_media":20754,"comment_status":"open","ping_status":"closed","template":"","meta":[],"product_brand":[],"product_cat":[478,31],"product_tag":[],"class_list":{"0":"post-10835","1":"product","2":"type-product","3":"status-publish","4":"has-post-thumbnail","6":"product_cat-thuc-pham-khac","7":"product_cat-hang-moi-ve","8":"pa_thuong-hieu-khanh-an","10":"first","11":"instock","12":"shipping-taxable","13":"purchasable","14":"product-type-simple"},"yoast_head":"<!-- This site is optimized with the Yoast SEO plugin v24.4 - https:\/\/yoast.com\/wordpress\/plugins\/seo\/ -->\n<title>S\u01b0\u1eddn non chay Kh\u00e1nh An g\u00f3i 100g - TOLIO<\/title>\n<meta name=\"description\" content=\"S\u01b0\u1eddn non chay Kh\u00e1nh An g\u00f3i 100g\" \/>\n<meta name=\"robots\" content=\"index, follow, max-snippet:-1, max-image-preview:large, max-video-preview:-1\" \/>\n<link rel=\"canonical\" href=\"https:\/\/dev.tolio.co.nz\/en\/product\/khanh-an-vegetarian-soon-100g\/\" \/>\n<meta property=\"og:locale\" content=\"en_US\" \/>\n<meta property=\"og:type\" content=\"article\" \/>\n<meta property=\"og:title\" content=\"S\u01b0\u1eddn non chay Kh\u00e1nh An g\u00f3i 100g - TOLIO\" \/>\n<meta property=\"og:description\" content=\"S\u01b0\u1eddn non chay Kh\u00e1nh An g\u00f3i 100g\" \/>\n<meta property=\"og:url\" content=\"https:\/\/dev.tolio.co.nz\/en\/product\/khanh-an-vegetarian-soon-100g\/\" \/>\n<meta property=\"og:site_name\" content=\"TOLIO\" \/>\n<meta property=\"article:modified_time\" content=\"2025-09-11T03:59:59+00:00\" \/>\n<meta property=\"og:image\" content=\"https:\/\/dev.tolio.co.nz\/wp-content\/uploads\/2023\/08\/272.png\" \/>\n\t<meta property=\"og:image:width\" content=\"1000\" \/>\n\t<meta property=\"og:image:height\" content=\"907\" \/>\n\t<meta property=\"og:image:type\" content=\"image\/png\" \/>\n<meta name=\"twitter:card\" content=\"summary_large_image\" \/>\n<meta name=\"twitter:label1\" content=\"Est. reading time\" \/>\n\t<meta name=\"twitter:data1\" content=\"1 minute\" \/>\n<script type=\"application\/ld+json\" class=\"yoast-schema-graph\">{\"@context\":\"https:\/\/schema.org\",\"@graph\":[{\"@type\":\"WebPage\",\"@id\":\"https:\/\/dev.tolio.co.nz\/san-pham\/suon-non-chay-khanh-an-goi-100g\/\",\"url\":\"https:\/\/dev.tolio.co.nz\/san-pham\/suon-non-chay-khanh-an-goi-100g\/\",\"name\":\"S\u01b0\u1eddn non chay Kh\u00e1nh An g\u00f3i 100g - TOLIO\",\"isPartOf\":{\"@id\":\"https:\/\/dev.tolio.co.nz\/#website\"},\"primaryImageOfPage\":{\"@id\":\"https:\/\/dev.tolio.co.nz\/san-pham\/suon-non-chay-khanh-an-goi-100g\/#primaryimage\"},\"image\":{\"@id\":\"https:\/\/dev.tolio.co.nz\/san-pham\/suon-non-chay-khanh-an-goi-100g\/#primaryimage\"},\"thumbnailUrl\":\"https:\/\/dev.tolio.co.nz\/wp-content\/uploads\/2023\/08\/272.png\",\"datePublished\":\"2023-08-21T02:21:23+00:00\",\"dateModified\":\"2025-09-11T03:59:59+00:00\",\"description\":\"S\u01b0\u1eddn non chay Kh\u00e1nh An g\u00f3i 100g\",\"breadcrumb\":{\"@id\":\"https:\/\/dev.tolio.co.nz\/san-pham\/suon-non-chay-khanh-an-goi-100g\/#breadcrumb\"},\"inLanguage\":\"en-US\",\"potentialAction\":[{\"@type\":\"ReadAction\",\"target\":[\"https:\/\/dev.tolio.co.nz\/san-pham\/suon-non-chay-khanh-an-goi-100g\/\"]}]},{\"@type\":\"ImageObject\",\"inLanguage\":\"en-US\",\"@id\":\"https:\/\/dev.tolio.co.nz\/san-pham\/suon-non-chay-khanh-an-goi-100g\/#primaryimage\",\"url\":\"https:\/\/dev.tolio.co.nz\/wp-content\/uploads\/2023\/08\/272.png\",\"contentUrl\":\"https:\/\/dev.tolio.co.nz\/wp-content\/uploads\/2023\/08\/272.png\",\"width\":1000,\"height\":907},{\"@type\":\"BreadcrumbList\",\"@id\":\"https:\/\/dev.tolio.co.nz\/san-pham\/suon-non-chay-khanh-an-goi-100g\/#breadcrumb\",\"itemListElement\":[{\"@type\":\"ListItem\",\"position\":1,\"name\":\"Home\",\"item\":\"https:\/\/dev.tolio.co.nz\/\"},{\"@type\":\"ListItem\",\"position\":2,\"name\":\"C\u1eeda h\u00e0ng\",\"item\":\"https:\/\/dev.tolio.co.nz\/cua-hang\/\"},{\"@type\":\"ListItem\",\"position\":3,\"name\":\"S\u01b0\u1eddn non chay Kh\u00e1nh An g\u00f3i 100g\"}]},{\"@type\":\"WebSite\",\"@id\":\"https:\/\/dev.tolio.co.nz\/#website\",\"url\":\"https:\/\/dev.tolio.co.nz\/\",\"name\":\"TOLIO\",\"description\":\"Vietnamese Grocery Online\",\"potentialAction\":[{\"@type\":\"SearchAction\",\"target\":{\"@type\":\"EntryPoint\",\"urlTemplate\":\"https:\/\/dev.tolio.co.nz\/?s={search_term_string}\"},\"query-input\":{\"@type\":\"PropertyValueSpecification\",\"valueRequired\":true,\"valueName\":\"search_term_string\"}}],\"inLanguage\":\"en-US\"}]}<\/script>\n<!-- \/ Yoast SEO plugin. -->","yoast_head_json":{"title":"S\u01b0\u1eddn non chay Kh\u00e1nh An g\u00f3i 100g - TOLIO","description":"S\u01b0\u1eddn non chay Kh\u00e1nh An g\u00f3i 100g","robots":{"index":"index","follow":"follow","max-snippet":"max-snippet:-1","max-image-preview":"max-image-preview:large","max-video-preview":"max-video-preview:-1"},"canonical":"https:\/\/dev.tolio.co.nz\/en\/product\/khanh-an-vegetarian-soon-100g\/","og_locale":"en_US","og_type":"article","og_title":"S\u01b0\u1eddn non chay Kh\u00e1nh An g\u00f3i 100g - TOLIO","og_description":"S\u01b0\u1eddn non chay Kh\u00e1nh An g\u00f3i 100g","og_url":"https:\/\/dev.tolio.co.nz\/en\/product\/khanh-an-vegetarian-soon-100g\/","og_site_name":"TOLIO","article_modified_time":"2025-09-11T03:59:59+00:00","og_image":[{"width":1000,"height":907,"url":"https:\/\/dev.tolio.co.nz\/wp-content\/uploads\/2023\/08\/272.png","type":"image\/png"}],"twitter_card":"summary_large_image","twitter_misc":{"Est. reading time":"1 minute"},"schema":{"@context":"https:\/\/schema.org","@graph":[{"@type":"WebPage","@id":"https:\/\/dev.tolio.co.nz\/san-pham\/suon-non-chay-khanh-an-goi-100g\/","url":"https:\/\/dev.tolio.co.nz\/san-pham\/suon-non-chay-khanh-an-goi-100g\/","name":"S\u01b0\u1eddn non chay Kh\u00e1nh An g\u00f3i 100g - TOLIO","isPartOf":{"@id":"https:\/\/dev.tolio.co.nz\/#website"},"primaryImageOfPage":{"@id":"https:\/\/dev.tolio.co.nz\/san-pham\/suon-non-chay-khanh-an-goi-100g\/#primaryimage"},"image":{"@id":"https:\/\/dev.tolio.co.nz\/san-pham\/suon-non-chay-khanh-an-goi-100g\/#primaryimage"},"thumbnailUrl":"https:\/\/dev.tolio.co.nz\/wp-content\/uploads\/2023\/08\/272.png","datePublished":"2023-08-21T02:21:23+00:00","dateModified":"2025-09-11T03:59:59+00:00","description":"S\u01b0\u1eddn non chay Kh\u00e1nh An g\u00f3i 100g","breadcrumb":{"@id":"https:\/\/dev.tolio.co.nz\/san-pham\/suon-non-chay-khanh-an-goi-100g\/#breadcrumb"},"inLanguage":"en-US","potentialAction":[{"@type":"ReadAction","target":["https:\/\/dev.tolio.co.nz\/san-pham\/suon-non-chay-khanh-an-goi-100g\/"]}]},{"@type":"ImageObject","inLanguage":"en-US","@id":"https:\/\/dev.tolio.co.nz\/san-pham\/suon-non-chay-khanh-an-goi-100g\/#primaryimage","url":"https:\/\/dev.tolio.co.nz\/wp-content\/uploads\/2023\/08\/272.png","contentUrl":"https:\/\/dev.tolio.co.nz\/wp-content\/uploads\/2023\/08\/272.png","width":1000,"height":907},{"@type":"BreadcrumbList","@id":"https:\/\/dev.tolio.co.nz\/san-pham\/suon-non-chay-khanh-an-goi-100g\/#breadcrumb","itemListElement":[{"@type":"ListItem","position":1,"name":"Home","item":"https:\/\/dev.tolio.co.nz\/"},{"@type":"ListItem","position":2,"name":"C\u1eeda h\u00e0ng","item":"https:\/\/dev.tolio.co.nz\/cua-hang\/"},{"@type":"ListItem","position":3,"name":"S\u01b0\u1eddn non chay Kh\u00e1nh An g\u00f3i 100g"}]},{"@type":"WebSite","@id":"https:\/\/dev.tolio.co.nz\/#website","url":"https:\/\/dev.tolio.co.nz\/","name":"TOLIO","description":"Vietnamese Grocery Online","potentialAction":[{"@type":"SearchAction","target":{"@type":"EntryPoint","urlTemplate":"https:\/\/dev.tolio.co.nz\/?s={search_term_string}"},"query-input":{"@type":"PropertyValueSpecification","valueRequired":true,"valueName":"search_term_string"}}],"inLanguage":"en-US"}]}},"_links":{"self":[{"href":"https:\/\/dev.tolio.co.nz\/en\/wp-json\/wp\/v2\/product\/10835","targetHints":{"allow":["GET"]}}],"collection":[{"href":"https:\/\/dev.tolio.co.nz\/en\/wp-json\/wp\/v2\/product"}],"about":[{"href":"https:\/\/dev.tolio.co.nz\/en\/wp-json\/wp\/v2\/types\/product"}],"replies":[{"embeddable":true,"href":"https:\/\/dev.tolio.co.nz\/en\/wp-json\/wp\/v2\/comments?post=10835"}],"wp:featuredmedia":[{"embeddable":true,"href":"https:\/\/dev.tolio.co.nz\/en\/wp-json\/wp\/v2\/media\/20754"}],"wp:attachment":[{"href":"https:\/\/dev.tolio.co.nz\/en\/wp-json\/wp\/v2\/media?parent=10835"}],"wp:term":[{"taxonomy":"product_brand","embeddable":true,"href":"https:\/\/dev.tolio.co.nz\/en\/wp-json\/wp\/v2\/product_brand?post=10835"},{"taxonomy":"product_cat","embeddable":true,"href":"https:\/\/dev.tolio.co.nz\/en\/wp-json\/wp\/v2\/product_cat?post=10835"},{"taxonomy":"product_tag","embeddable":true,"href":"https:\/\/dev.tolio.co.nz\/en\/wp-json\/wp\/v2\/product_tag?post=10835"}],"curies":[{"name":"wp","href":"https:\/\/api.w.org\/{rel}","templated":true}]}}