{"id":10849,"date":"2023-08-21T15:40:42","date_gmt":"2023-08-21T02:55:42","guid":{"rendered":"https:\/\/tolio.co.nz\/?post_type=product&#038;p=10849"},"modified":"2025-09-11T16:00:37","modified_gmt":"2025-09-11T04:00:37","slug":"set-8-goi-mi-siukay-vi-bo-127g","status":"publish","type":"product","link":"https:\/\/dev.tolio.co.nz\/en\/product\/set-of-8-127g-microfiber-package\/","title":{"rendered":"Set 8 g\u00f3i m\u00ec SiuKay v\u1ecb b\u00f2 127g"},"content":{"rendered":"<p><strong>M\u00ec SiuKay v\u1ecb b\u00f2 g\u00f3i 127g<\/strong> \u0111\u1eadm \u0111\u00e0 th\u1ea5m \u0111\u1eabm t\u1eebng s\u1ee3i h\u1ea5p d\u1eabn c\u00f9ng h\u01b0\u01a1ng th\u01a1m l\u1eebng quy\u1ebfn r\u0169 ng\u1ea5t ng\u00e2y.\u00a0M\u00ec b\u00f2 SiuKay g\u00f3i 127g\u00a0l\u00e0 l\u1ef1a ch\u1ecdn tuy\u1ec7t v\u1eddi kh\u00f4ng th\u1ec3 b\u1ecf qua cho th\u1ef1c \u0111\u01a1n b\u1eadn r\u1ed9n, c\u1ea7n m\u1ed9t b\u1eefa \u0103n nhanh g\u1ecdn v\u00e0 \u0111\u1ea3m b\u1ea3o dinh d\u01b0\u1ee1ng<\/p>\n<p><strong>H\u01b0\u1edbng d\u1eabn s\u1eed d\u1ee5ng:<\/strong><\/p>\n<ul>\n<li>PH\u01af\u01a0NG PH\u00c1P N\u1ea4U &#8211; \u0110un s\u00f4i 500ml n\u01b0\u1edbc, cho v\u1eaft m\u00ec, g\u00f3i rau v\u00e0o. N\u1ea5u trong kho\u1ea3ng 4 ph\u00fat. Cho g\u00f3i s\u00fap s\u1ec7t v\u00e0 g\u00f3i gia v\u1ecb v\u00e0o. Tr\u1ed9n \u0111\u1ec1u l\u00e0 d\u00f9ng \u0111\u01b0\u1ee3c ngay.<\/li>\n<li>PH\u01af\u01a0NG PH\u00c1P X\u00c0O &#8211; \u0110un s\u00f4i 500 ml n\u01b0\u1edbc, cho v\u1eaft m\u00ec, g\u00f3i rau v\u00e0o. N\u1ea5u trong kho\u1ea3ng 4 ph\u00fat. Ch\u1eaft r\u00e1o n\u01b0\u1edbc. Cho g\u00f3i s\u00fap s\u1ec7t v\u00e0 g\u00f3i gia v\u1ecb v\u00e0o. Tr\u1ed9n \u0111\u1ec1u l\u00e0 d\u00f9ng \u0111\u01b0\u1ee3c ngay.<\/li>\n<\/ul>\n<p><strong>B\u1ea3o qu\u1ea3n:<\/strong><\/p>\n<ul>\n<li>B\u1ea3o qu\u1ea3n n\u01a1i kh\u00f4 r\u00e1o, tho\u00e1ng m\u00e1t, tr\u00e1nh \u00e1nh n\u1eafng tr\u1ef1c ti\u1ebfp. Kh\u00f4ng \u0111\u1ec3 g\u1ea7n h\u00f3a ch\u1ea5t ho\u1eb7c s\u1ea3n ph\u1ea9m c\u00f3 m\u00f9i m\u1ea1nh.<\/li>\n<\/ul>","protected":false},"excerpt":{"rendered":"<ul>\n<li>Th\u01b0\u01a1ng hi\u1ec7u: Acecook<\/li>\n<li>Xu\u1ea5t x\u1ee9 th\u01b0\u01a1ng hi\u1ec7u: Vi\u1ec7t Nam<\/li>\n<li>Quy c\u00e1ch \u0111\u00f3ng g\u00f3i: g\u00f3i 127g<\/li>\n<li>L\u01b0u \u00fd: Bao b\u00ec s\u1ea3n ph\u1ea9m c\u00f3 th\u1ec3 thay \u0111\u1ed5i theo t\u1eebng \u0111\u1ee3t nh\u1eadp h\u00e0ng<\/li>\n<\/ul>","protected":false},"featured_media":20189,"comment_status":"open","ping_status":"closed","template":"","meta":[],"product_brand":[],"product_cat":[511],"product_tag":[],"class_list":{"0":"post-10849","1":"product","2":"type-product","3":"status-publish","4":"has-post-thumbnail","6":"product_cat-mi-pho-chao-an-lien","7":"pa_thuong-hieu-acecook","9":"first","10":"instock","11":"sale","12":"shipping-taxable","13":"purchasable","14":"product-type-simple"},"yoast_head":"<!-- This site is optimized with the Yoast SEO plugin v24.4 - https:\/\/yoast.com\/wordpress\/plugins\/seo\/ -->\n<title>Set 8 g\u00f3i m\u00ec SiuKay v\u1ecb b\u00f2 127g - TOLIO<\/title>\n<meta name=\"description\" content=\"Th\u01b0\u01a1ng hi\u1ec7u: Acecook  Xu\u1ea5t x\u1ee9 th\u01b0\u01a1ng hi\u1ec7u: Vi\u1ec7t Nam  Quy c\u00e1ch \u0111\u00f3ng g\u00f3i: g\u00f3i 127g  L\u01b0u \u00fd: Bao b\u00ec s\u1ea3n ph\u1ea9m c\u00f3 th\u1ec3 thay \u0111\u1ed5i theo t\u1eebng \u0111\u1ee3t nh\u1eadp h\u00e0ng\" \/>\n<meta name=\"robots\" content=\"index, follow, max-snippet:-1, max-image-preview:large, max-video-preview:-1\" \/>\n<link rel=\"canonical\" href=\"https:\/\/dev.tolio.co.nz\/en\/product\/set-of-8-127g-microfiber-package\/\" \/>\n<meta property=\"og:locale\" content=\"en_US\" \/>\n<meta property=\"og:type\" content=\"article\" \/>\n<meta property=\"og:title\" content=\"Set 8 g\u00f3i m\u00ec SiuKay v\u1ecb b\u00f2 127g - TOLIO\" \/>\n<meta property=\"og:description\" content=\"Th\u01b0\u01a1ng hi\u1ec7u: Acecook  Xu\u1ea5t x\u1ee9 th\u01b0\u01a1ng hi\u1ec7u: Vi\u1ec7t Nam  Quy c\u00e1ch \u0111\u00f3ng g\u00f3i: g\u00f3i 127g  L\u01b0u \u00fd: Bao b\u00ec s\u1ea3n ph\u1ea9m c\u00f3 th\u1ec3 thay \u0111\u1ed5i theo t\u1eebng \u0111\u1ee3t nh\u1eadp h\u00e0ng\" \/>\n<meta property=\"og:url\" content=\"https:\/\/dev.tolio.co.nz\/en\/product\/set-of-8-127g-microfiber-package\/\" \/>\n<meta property=\"og:site_name\" content=\"TOLIO\" \/>\n<meta property=\"article:modified_time\" content=\"2025-09-11T04:00:37+00:00\" \/>\n<meta property=\"og:image\" content=\"https:\/\/dev.tolio.co.nz\/wp-content\/uploads\/2023\/08\/46.png\" \/>\n\t<meta property=\"og:image:width\" content=\"1000\" \/>\n\t<meta property=\"og:image:height\" content=\"907\" \/>\n\t<meta property=\"og:image:type\" content=\"image\/png\" \/>\n<meta name=\"twitter:card\" content=\"summary_large_image\" \/>\n<meta name=\"twitter:label1\" content=\"Est. reading time\" \/>\n\t<meta name=\"twitter:data1\" content=\"1 minute\" \/>\n<script type=\"application\/ld+json\" class=\"yoast-schema-graph\">{\"@context\":\"https:\/\/schema.org\",\"@graph\":[{\"@type\":\"WebPage\",\"@id\":\"https:\/\/dev.tolio.co.nz\/san-pham\/set-8-goi-mi-siukay-vi-bo-127g\/\",\"url\":\"https:\/\/dev.tolio.co.nz\/san-pham\/set-8-goi-mi-siukay-vi-bo-127g\/\",\"name\":\"Set 8 g\u00f3i m\u00ec SiuKay v\u1ecb b\u00f2 127g - TOLIO\",\"isPartOf\":{\"@id\":\"https:\/\/dev.tolio.co.nz\/#website\"},\"primaryImageOfPage\":{\"@id\":\"https:\/\/dev.tolio.co.nz\/san-pham\/set-8-goi-mi-siukay-vi-bo-127g\/#primaryimage\"},\"image\":{\"@id\":\"https:\/\/dev.tolio.co.nz\/san-pham\/set-8-goi-mi-siukay-vi-bo-127g\/#primaryimage\"},\"thumbnailUrl\":\"https:\/\/dev.tolio.co.nz\/wp-content\/uploads\/2023\/08\/46.png\",\"datePublished\":\"2023-08-21T02:55:42+00:00\",\"dateModified\":\"2025-09-11T04:00:37+00:00\",\"description\":\"Th\u01b0\u01a1ng hi\u1ec7u: Acecook Xu\u1ea5t x\u1ee9 th\u01b0\u01a1ng hi\u1ec7u: Vi\u1ec7t Nam Quy c\u00e1ch \u0111\u00f3ng g\u00f3i: g\u00f3i 127g L\u01b0u \u00fd: Bao b\u00ec s\u1ea3n ph\u1ea9m c\u00f3 th\u1ec3 thay \u0111\u1ed5i theo t\u1eebng \u0111\u1ee3t nh\u1eadp h\u00e0ng\",\"breadcrumb\":{\"@id\":\"https:\/\/dev.tolio.co.nz\/san-pham\/set-8-goi-mi-siukay-vi-bo-127g\/#breadcrumb\"},\"inLanguage\":\"en-US\",\"potentialAction\":[{\"@type\":\"ReadAction\",\"target\":[\"https:\/\/dev.tolio.co.nz\/san-pham\/set-8-goi-mi-siukay-vi-bo-127g\/\"]}]},{\"@type\":\"ImageObject\",\"inLanguage\":\"en-US\",\"@id\":\"https:\/\/dev.tolio.co.nz\/san-pham\/set-8-goi-mi-siukay-vi-bo-127g\/#primaryimage\",\"url\":\"https:\/\/dev.tolio.co.nz\/wp-content\/uploads\/2023\/08\/46.png\",\"contentUrl\":\"https:\/\/dev.tolio.co.nz\/wp-content\/uploads\/2023\/08\/46.png\",\"width\":1000,\"height\":907},{\"@type\":\"BreadcrumbList\",\"@id\":\"https:\/\/dev.tolio.co.nz\/san-pham\/set-8-goi-mi-siukay-vi-bo-127g\/#breadcrumb\",\"itemListElement\":[{\"@type\":\"ListItem\",\"position\":1,\"name\":\"Home\",\"item\":\"https:\/\/dev.tolio.co.nz\/\"},{\"@type\":\"ListItem\",\"position\":2,\"name\":\"C\u1eeda h\u00e0ng\",\"item\":\"https:\/\/dev.tolio.co.nz\/cua-hang\/\"},{\"@type\":\"ListItem\",\"position\":3,\"name\":\"Set 8 g\u00f3i m\u00ec SiuKay v\u1ecb b\u00f2 127g\"}]},{\"@type\":\"WebSite\",\"@id\":\"https:\/\/dev.tolio.co.nz\/#website\",\"url\":\"https:\/\/dev.tolio.co.nz\/\",\"name\":\"TOLIO\",\"description\":\"Vietnamese Grocery Online\",\"potentialAction\":[{\"@type\":\"SearchAction\",\"target\":{\"@type\":\"EntryPoint\",\"urlTemplate\":\"https:\/\/dev.tolio.co.nz\/?s={search_term_string}\"},\"query-input\":{\"@type\":\"PropertyValueSpecification\",\"valueRequired\":true,\"valueName\":\"search_term_string\"}}],\"inLanguage\":\"en-US\"}]}<\/script>\n<!-- \/ Yoast SEO plugin. -->","yoast_head_json":{"title":"Set 8 g\u00f3i m\u00ec SiuKay v\u1ecb b\u00f2 127g - TOLIO","description":"Th\u01b0\u01a1ng hi\u1ec7u: Acecook  Xu\u1ea5t x\u1ee9 th\u01b0\u01a1ng hi\u1ec7u: Vi\u1ec7t Nam  Quy c\u00e1ch \u0111\u00f3ng g\u00f3i: g\u00f3i 127g  L\u01b0u \u00fd: Bao b\u00ec s\u1ea3n ph\u1ea9m c\u00f3 th\u1ec3 thay \u0111\u1ed5i theo t\u1eebng \u0111\u1ee3t nh\u1eadp h\u00e0ng","robots":{"index":"index","follow":"follow","max-snippet":"max-snippet:-1","max-image-preview":"max-image-preview:large","max-video-preview":"max-video-preview:-1"},"canonical":"https:\/\/dev.tolio.co.nz\/en\/product\/set-of-8-127g-microfiber-package\/","og_locale":"en_US","og_type":"article","og_title":"Set 8 g\u00f3i m\u00ec SiuKay v\u1ecb b\u00f2 127g - TOLIO","og_description":"Th\u01b0\u01a1ng hi\u1ec7u: Acecook  Xu\u1ea5t x\u1ee9 th\u01b0\u01a1ng hi\u1ec7u: Vi\u1ec7t Nam  Quy c\u00e1ch \u0111\u00f3ng g\u00f3i: g\u00f3i 127g  L\u01b0u \u00fd: Bao b\u00ec s\u1ea3n ph\u1ea9m c\u00f3 th\u1ec3 thay \u0111\u1ed5i theo t\u1eebng \u0111\u1ee3t nh\u1eadp h\u00e0ng","og_url":"https:\/\/dev.tolio.co.nz\/en\/product\/set-of-8-127g-microfiber-package\/","og_site_name":"TOLIO","article_modified_time":"2025-09-11T04:00:37+00:00","og_image":[{"width":1000,"height":907,"url":"https:\/\/dev.tolio.co.nz\/wp-content\/uploads\/2023\/08\/46.png","type":"image\/png"}],"twitter_card":"summary_large_image","twitter_misc":{"Est. reading time":"1 minute"},"schema":{"@context":"https:\/\/schema.org","@graph":[{"@type":"WebPage","@id":"https:\/\/dev.tolio.co.nz\/san-pham\/set-8-goi-mi-siukay-vi-bo-127g\/","url":"https:\/\/dev.tolio.co.nz\/san-pham\/set-8-goi-mi-siukay-vi-bo-127g\/","name":"Set 8 g\u00f3i m\u00ec SiuKay v\u1ecb b\u00f2 127g - TOLIO","isPartOf":{"@id":"https:\/\/dev.tolio.co.nz\/#website"},"primaryImageOfPage":{"@id":"https:\/\/dev.tolio.co.nz\/san-pham\/set-8-goi-mi-siukay-vi-bo-127g\/#primaryimage"},"image":{"@id":"https:\/\/dev.tolio.co.nz\/san-pham\/set-8-goi-mi-siukay-vi-bo-127g\/#primaryimage"},"thumbnailUrl":"https:\/\/dev.tolio.co.nz\/wp-content\/uploads\/2023\/08\/46.png","datePublished":"2023-08-21T02:55:42+00:00","dateModified":"2025-09-11T04:00:37+00:00","description":"Th\u01b0\u01a1ng hi\u1ec7u: Acecook Xu\u1ea5t x\u1ee9 th\u01b0\u01a1ng hi\u1ec7u: Vi\u1ec7t Nam Quy c\u00e1ch \u0111\u00f3ng g\u00f3i: g\u00f3i 127g L\u01b0u \u00fd: Bao b\u00ec s\u1ea3n ph\u1ea9m c\u00f3 th\u1ec3 thay \u0111\u1ed5i theo t\u1eebng \u0111\u1ee3t nh\u1eadp h\u00e0ng","breadcrumb":{"@id":"https:\/\/dev.tolio.co.nz\/san-pham\/set-8-goi-mi-siukay-vi-bo-127g\/#breadcrumb"},"inLanguage":"en-US","potentialAction":[{"@type":"ReadAction","target":["https:\/\/dev.tolio.co.nz\/san-pham\/set-8-goi-mi-siukay-vi-bo-127g\/"]}]},{"@type":"ImageObject","inLanguage":"en-US","@id":"https:\/\/dev.tolio.co.nz\/san-pham\/set-8-goi-mi-siukay-vi-bo-127g\/#primaryimage","url":"https:\/\/dev.tolio.co.nz\/wp-content\/uploads\/2023\/08\/46.png","contentUrl":"https:\/\/dev.tolio.co.nz\/wp-content\/uploads\/2023\/08\/46.png","width":1000,"height":907},{"@type":"BreadcrumbList","@id":"https:\/\/dev.tolio.co.nz\/san-pham\/set-8-goi-mi-siukay-vi-bo-127g\/#breadcrumb","itemListElement":[{"@type":"ListItem","position":1,"name":"Home","item":"https:\/\/dev.tolio.co.nz\/"},{"@type":"ListItem","position":2,"name":"C\u1eeda h\u00e0ng","item":"https:\/\/dev.tolio.co.nz\/cua-hang\/"},{"@type":"ListItem","position":3,"name":"Set 8 g\u00f3i m\u00ec SiuKay v\u1ecb b\u00f2 127g"}]},{"@type":"WebSite","@id":"https:\/\/dev.tolio.co.nz\/#website","url":"https:\/\/dev.tolio.co.nz\/","name":"TOLIO","description":"Vietnamese Grocery Online","potentialAction":[{"@type":"SearchAction","target":{"@type":"EntryPoint","urlTemplate":"https:\/\/dev.tolio.co.nz\/?s={search_term_string}"},"query-input":{"@type":"PropertyValueSpecification","valueRequired":true,"valueName":"search_term_string"}}],"inLanguage":"en-US"}]}},"_links":{"self":[{"href":"https:\/\/dev.tolio.co.nz\/en\/wp-json\/wp\/v2\/product\/10849","targetHints":{"allow":["GET"]}}],"collection":[{"href":"https:\/\/dev.tolio.co.nz\/en\/wp-json\/wp\/v2\/product"}],"about":[{"href":"https:\/\/dev.tolio.co.nz\/en\/wp-json\/wp\/v2\/types\/product"}],"replies":[{"embeddable":true,"href":"https:\/\/dev.tolio.co.nz\/en\/wp-json\/wp\/v2\/comments?post=10849"}],"wp:featuredmedia":[{"embeddable":true,"href":"https:\/\/dev.tolio.co.nz\/en\/wp-json\/wp\/v2\/media\/20189"}],"wp:attachment":[{"href":"https:\/\/dev.tolio.co.nz\/en\/wp-json\/wp\/v2\/media?parent=10849"}],"wp:term":[{"taxonomy":"product_brand","embeddable":true,"href":"https:\/\/dev.tolio.co.nz\/en\/wp-json\/wp\/v2\/product_brand?post=10849"},{"taxonomy":"product_cat","embeddable":true,"href":"https:\/\/dev.tolio.co.nz\/en\/wp-json\/wp\/v2\/product_cat?post=10849"},{"taxonomy":"product_tag","embeddable":true,"href":"https:\/\/dev.tolio.co.nz\/en\/wp-json\/wp\/v2\/product_tag?post=10849"}],"curies":[{"name":"wp","href":"https:\/\/api.w.org\/{rel}","templated":true}]}}