{"id":1085,"date":"2022-01-02T14:56:00","date_gmt":"2022-01-02T02:11:00","guid":{"rendered":"https:\/\/tolio2.sitebycat.com\/?post_type=product&#038;p=1085"},"modified":"2025-09-11T16:01:19","modified_gmt":"2025-09-11T04:01:19","slug":"loc-6-chai-tra-o-long-tea-plus-chai-455ml","status":"publish","type":"product","link":"https:\/\/dev.tolio.co.nz\/en\/product\/loc-6-bottles-of-tra-o-long-tea-plus-bottle-455ml\/","title":{"rendered":"L\u1ed1c 6 chai tr\u00e0 \u00f4 long Tea Plus chai 455ml"},"content":{"rendered":"<p><strong>L\u1ed1c 6 chai tr\u00e0 \u00f4 long Tea Plus chai 455ml<\/strong> l\u00e0 s\u1ea3n ph\u1ea9m tr\u00e0 \u0111\u00f3ng chai v\u1edbi h\u01b0\u01a1ng v\u1ecb th\u01a1m ngon, \u0111\u1eadm \u0111\u00e0 t\u1ed1t cho s\u1ee9c kh\u1ecfe k\u1ebft h\u1ee3p v\u1edbi quy tr\u00ecnh ch\u1ebf bi\u1ebfn hi\u1ec7n \u0111\u1ea1i, kh\u1eaft khe, \u0111\u1ea3m b\u1ea3o s\u1ee9c kh\u1ecfe cho ng\u01b0\u1eddi ti\u00eau d\u00f9ng.<\/p>\n<ul>\u00e0\u00a0Tea Plus c\u00f2n gi\u00fap t\u0103ng s\u1ef1 t\u1ec9nh t\u00e1o,\u00a0 gi\u1ea3i nhi\u1ec7t, v\u00e0 gi\u00fap gi\u1ea3i t\u1ecfa c\u01a1n kh\u00e1t, s\u1ea3ng kho\u00e1i.<\/p>\n<li>Ngo\u00e0i ra c\u00f2n h\u1ed7 tr\u1ee3 gi\u1ea3m Cholesterol, b\u1ea3o v\u1ec7 \u0111\u01b0\u1eddng ti\u00eau ho\u00e1, l\u00e0m t\u00f3c ch\u1eafc kh\u1ecfe, \u1ed5n \u0111\u1ecbnh \u0111\u01b0\u1eddng trong m\u00e1u&#8230;<\/li>\n<\/ul>\n<p><strong>H\u01b0\u1edbng d\u1eabn s\u1eed d\u1ee5ng:<\/strong><\/p>\n<ul>\n<li>Tr\u00e0 \u00f4 long Tea + gi\u00fap l\u00e0m l\u1eafng nh\u1eb9 nh\u1eefng c\u01a1n \u01b0u t\u01b0 mang \u0111\u1ebfn c\u1ea3m gi\u00e1c nh\u1eb9 nh\u00e0ng.<\/li>\n<li>Trong tr\u00e0 c\u00f3 ch\u1ee9a polyphenol c\u00f3 kh\u1ea3 n\u0103ng k\u00edch ho\u1ea1t enzyme h\u00f2a tan ch\u1ea5t b\u00e9o, gi\u1ea3m cholesterol v\u00e0 t\u0103ng c\u01b0\u1eddng s\u1ee9c kh\u1ecfe tim m\u1ea1ch.<\/li>\n<li>S\u1ea3n ph\u1ea9m trong&gt;\n<ul>\n<li>L\u1eafc nh\u1eb9 tr\u01b0\u1edbc khi u\u1ed1ng.<\/li>\n<li>Ngon h\u01a1n khi u\u1ed1ng l\u1ea1nh.<\/li>\n<\/ul>\n<p><strong>B\u1ea3o qu\u1ea3n:<\/strong><\/p>\n<ul>\n<li>\u0110\u1ec3 n\u01a1i kh\u00f4 r\u00e1o, tho\u00e1ng m\u00e1t.<\/li>\n<li>Tr\u00e1nh \u00e1nh n\u1eafng tr\u1ef1c ti\u1ebfp ho\u1eb7c n\u01a1i c\u00f3 nhi\u1ec7t \u0111\u1ed9 cao<\/li>\n<\/ul>\n<p>&nbsp;<\/li>\n<\/ul>\n<p>&nbsp;<\/p>","protected":false},"excerpt":{"rendered":"<ul>\n<li>Th\u01b0\u01a1ng hi\u1ec7u: Tea Plus Vi\u1ec7t Nam<\/li>\n<li>Xu\u1ea5t x\u1ee9 th\u01b0\u01a1ng hi\u1ec7u: Vi\u1ec7t Nam<\/li>\n<li>Quy c\u00e1ch \u0111\u00f3ng g\u00f3i: Chai 455<span class=\"fontstyle0\">ml<\/span>, 6 chai\/l\u1ed1c, 24 chai\/th\u00f9ng<\/li>\n<li>L\u01b0u \u00fd: Bao b\u00ec s\u1ea3n ph\u1ea9m c\u00f3 th\u1ec3 thay \u0111\u1ed5i theo t\u1eebng \u0111\u1ee3t nh\u1eadp h\u00e0ng<\/li>\n<\/ul>\n<p>&nbsp;<\/p>","protected":false},"featured_media":20937,"comment_status":"open","ping_status":"closed","template":"","meta":[],"product_brand":[],"product_cat":[34,40],"product_tag":[87,78,77],"class_list":{"0":"post-1085","1":"product","2":"type-product","3":"status-publish","4":"has-post-thumbnail","6":"product_cat-thuc-uong","7":"product_cat-thuc-uong-khong-con","8":"product_tag-nuoc-giai-khat","9":"product_tag-nuoc-ngot","10":"product_tag-tra-xanh","11":"pa_thuong-hieu-tea-plus","13":"first","14":"instock","15":"sale","16":"shipping-taxable","17":"purchasable","18":"product-type-simple"},"yoast_head":"<!-- This site is optimized with the Yoast SEO plugin v24.4 - https:\/\/yoast.com\/wordpress\/plugins\/seo\/ -->\n<title>L\u1ed1c 6 chai tr\u00e0 \u00f4 long Tea Plus chai 455ml - TOLIO<\/title>\n<meta name=\"description\" content=\"Th\u01b0\u01a1ng hi\u1ec7u: Tea Plus Vi\u1ec7t Nam  Xu\u1ea5t x\u1ee9 th\u01b0\u01a1ng hi\u1ec7u: Vi\u1ec7t Nam  Quy c\u00e1ch \u0111\u00f3ng g\u00f3i: Chai 455ml, 6 chai\/l\u1ed1c, 24 chai\/th\u00f9ng  L\u01b0u \u00fd: Bao b\u00ec s\u1ea3n ph\u1ea9m c\u00f3 th\u1ec3 thay \u0111\u1ed5i theo t\u1eebng \u0111\u1ee3t nh\u1eadp h\u00e0ng  &nbsp;\" \/>\n<meta name=\"robots\" content=\"index, follow, max-snippet:-1, max-image-preview:large, max-video-preview:-1\" \/>\n<link rel=\"canonical\" href=\"https:\/\/dev.tolio.co.nz\/en\/product\/loc-6-bottles-of-tra-o-long-tea-plus-bottle-455ml\/\" \/>\n<meta property=\"og:locale\" content=\"en_US\" \/>\n<meta property=\"og:type\" content=\"article\" \/>\n<meta property=\"og:title\" content=\"L\u1ed1c 6 chai tr\u00e0 \u00f4 long Tea Plus chai 455ml - TOLIO\" \/>\n<meta property=\"og:description\" content=\"Th\u01b0\u01a1ng hi\u1ec7u: Tea Plus Vi\u1ec7t Nam  Xu\u1ea5t x\u1ee9 th\u01b0\u01a1ng hi\u1ec7u: Vi\u1ec7t Nam  Quy c\u00e1ch \u0111\u00f3ng g\u00f3i: Chai 455ml, 6 chai\/l\u1ed1c, 24 chai\/th\u00f9ng  L\u01b0u \u00fd: Bao b\u00ec s\u1ea3n ph\u1ea9m c\u00f3 th\u1ec3 thay \u0111\u1ed5i theo t\u1eebng \u0111\u1ee3t nh\u1eadp h\u00e0ng  &nbsp;\" \/>\n<meta property=\"og:url\" content=\"https:\/\/dev.tolio.co.nz\/en\/product\/loc-6-bottles-of-tra-o-long-tea-plus-bottle-455ml\/\" \/>\n<meta property=\"og:site_name\" content=\"TOLIO\" \/>\n<meta property=\"article:modified_time\" content=\"2025-09-11T04:01:19+00:00\" \/>\n<meta property=\"og:image\" content=\"https:\/\/dev.tolio.co.nz\/wp-content\/uploads\/2022\/01\/439.png\" \/>\n\t<meta property=\"og:image:width\" content=\"1000\" \/>\n\t<meta property=\"og:image:height\" content=\"907\" \/>\n\t<meta property=\"og:image:type\" content=\"image\/png\" \/>\n<meta name=\"twitter:card\" content=\"summary_large_image\" \/>\n<meta name=\"twitter:label1\" content=\"Est. reading time\" \/>\n\t<meta name=\"twitter:data1\" content=\"1 minute\" \/>\n<script type=\"application\/ld+json\" class=\"yoast-schema-graph\">{\"@context\":\"https:\/\/schema.org\",\"@graph\":[{\"@type\":\"WebPage\",\"@id\":\"https:\/\/dev.tolio.co.nz\/san-pham\/loc-6-chai-tra-o-long-tea-plus-chai-455ml\/\",\"url\":\"https:\/\/dev.tolio.co.nz\/san-pham\/loc-6-chai-tra-o-long-tea-plus-chai-455ml\/\",\"name\":\"L\u1ed1c 6 chai tr\u00e0 \u00f4 long Tea Plus chai 455ml - TOLIO\",\"isPartOf\":{\"@id\":\"https:\/\/dev.tolio.co.nz\/#website\"},\"primaryImageOfPage\":{\"@id\":\"https:\/\/dev.tolio.co.nz\/san-pham\/loc-6-chai-tra-o-long-tea-plus-chai-455ml\/#primaryimage\"},\"image\":{\"@id\":\"https:\/\/dev.tolio.co.nz\/san-pham\/loc-6-chai-tra-o-long-tea-plus-chai-455ml\/#primaryimage\"},\"thumbnailUrl\":\"https:\/\/dev.tolio.co.nz\/wp-content\/uploads\/2022\/01\/439.png\",\"datePublished\":\"2022-01-02T02:11:00+00:00\",\"dateModified\":\"2025-09-11T04:01:19+00:00\",\"description\":\"Th\u01b0\u01a1ng hi\u1ec7u: Tea Plus Vi\u1ec7t Nam Xu\u1ea5t x\u1ee9 th\u01b0\u01a1ng hi\u1ec7u: Vi\u1ec7t Nam Quy c\u00e1ch \u0111\u00f3ng g\u00f3i: Chai 455ml, 6 chai\/l\u1ed1c, 24 chai\/th\u00f9ng L\u01b0u \u00fd: Bao b\u00ec s\u1ea3n ph\u1ea9m c\u00f3 th\u1ec3 thay \u0111\u1ed5i theo t\u1eebng \u0111\u1ee3t nh\u1eadp h\u00e0ng &nbsp;\",\"breadcrumb\":{\"@id\":\"https:\/\/dev.tolio.co.nz\/san-pham\/loc-6-chai-tra-o-long-tea-plus-chai-455ml\/#breadcrumb\"},\"inLanguage\":\"en-US\",\"potentialAction\":[{\"@type\":\"ReadAction\",\"target\":[\"https:\/\/dev.tolio.co.nz\/san-pham\/loc-6-chai-tra-o-long-tea-plus-chai-455ml\/\"]}]},{\"@type\":\"ImageObject\",\"inLanguage\":\"en-US\",\"@id\":\"https:\/\/dev.tolio.co.nz\/san-pham\/loc-6-chai-tra-o-long-tea-plus-chai-455ml\/#primaryimage\",\"url\":\"https:\/\/dev.tolio.co.nz\/wp-content\/uploads\/2022\/01\/439.png\",\"contentUrl\":\"https:\/\/dev.tolio.co.nz\/wp-content\/uploads\/2022\/01\/439.png\",\"width\":1000,\"height\":907},{\"@type\":\"BreadcrumbList\",\"@id\":\"https:\/\/dev.tolio.co.nz\/san-pham\/loc-6-chai-tra-o-long-tea-plus-chai-455ml\/#breadcrumb\",\"itemListElement\":[{\"@type\":\"ListItem\",\"position\":1,\"name\":\"Home\",\"item\":\"https:\/\/dev.tolio.co.nz\/\"},{\"@type\":\"ListItem\",\"position\":2,\"name\":\"C\u1eeda h\u00e0ng\",\"item\":\"https:\/\/dev.tolio.co.nz\/cua-hang\/\"},{\"@type\":\"ListItem\",\"position\":3,\"name\":\"L\u1ed1c 6 chai tr\u00e0 \u00f4 long Tea Plus chai 455ml\"}]},{\"@type\":\"WebSite\",\"@id\":\"https:\/\/dev.tolio.co.nz\/#website\",\"url\":\"https:\/\/dev.tolio.co.nz\/\",\"name\":\"TOLIO\",\"description\":\"Vietnamese Grocery Online\",\"potentialAction\":[{\"@type\":\"SearchAction\",\"target\":{\"@type\":\"EntryPoint\",\"urlTemplate\":\"https:\/\/dev.tolio.co.nz\/?s={search_term_string}\"},\"query-input\":{\"@type\":\"PropertyValueSpecification\",\"valueRequired\":true,\"valueName\":\"search_term_string\"}}],\"inLanguage\":\"en-US\"}]}<\/script>\n<!-- \/ Yoast SEO plugin. -->","yoast_head_json":{"title":"L\u1ed1c 6 chai tr\u00e0 \u00f4 long Tea Plus chai 455ml - TOLIO","description":"Th\u01b0\u01a1ng hi\u1ec7u: Tea Plus Vi\u1ec7t Nam  Xu\u1ea5t x\u1ee9 th\u01b0\u01a1ng hi\u1ec7u: Vi\u1ec7t Nam  Quy c\u00e1ch \u0111\u00f3ng g\u00f3i: Chai 455ml, 6 chai\/l\u1ed1c, 24 chai\/th\u00f9ng  L\u01b0u \u00fd: Bao b\u00ec s\u1ea3n ph\u1ea9m c\u00f3 th\u1ec3 thay \u0111\u1ed5i theo t\u1eebng \u0111\u1ee3t nh\u1eadp h\u00e0ng  &nbsp;","robots":{"index":"index","follow":"follow","max-snippet":"max-snippet:-1","max-image-preview":"max-image-preview:large","max-video-preview":"max-video-preview:-1"},"canonical":"https:\/\/dev.tolio.co.nz\/en\/product\/loc-6-bottles-of-tra-o-long-tea-plus-bottle-455ml\/","og_locale":"en_US","og_type":"article","og_title":"L\u1ed1c 6 chai tr\u00e0 \u00f4 long Tea Plus chai 455ml - TOLIO","og_description":"Th\u01b0\u01a1ng hi\u1ec7u: Tea Plus Vi\u1ec7t Nam  Xu\u1ea5t x\u1ee9 th\u01b0\u01a1ng hi\u1ec7u: Vi\u1ec7t Nam  Quy c\u00e1ch \u0111\u00f3ng g\u00f3i: Chai 455ml, 6 chai\/l\u1ed1c, 24 chai\/th\u00f9ng  L\u01b0u \u00fd: Bao b\u00ec s\u1ea3n ph\u1ea9m c\u00f3 th\u1ec3 thay \u0111\u1ed5i theo t\u1eebng \u0111\u1ee3t nh\u1eadp h\u00e0ng  &nbsp;","og_url":"https:\/\/dev.tolio.co.nz\/en\/product\/loc-6-bottles-of-tra-o-long-tea-plus-bottle-455ml\/","og_site_name":"TOLIO","article_modified_time":"2025-09-11T04:01:19+00:00","og_image":[{"width":1000,"height":907,"url":"https:\/\/dev.tolio.co.nz\/wp-content\/uploads\/2022\/01\/439.png","type":"image\/png"}],"twitter_card":"summary_large_image","twitter_misc":{"Est. reading time":"1 minute"},"schema":{"@context":"https:\/\/schema.org","@graph":[{"@type":"WebPage","@id":"https:\/\/dev.tolio.co.nz\/san-pham\/loc-6-chai-tra-o-long-tea-plus-chai-455ml\/","url":"https:\/\/dev.tolio.co.nz\/san-pham\/loc-6-chai-tra-o-long-tea-plus-chai-455ml\/","name":"L\u1ed1c 6 chai tr\u00e0 \u00f4 long Tea Plus chai 455ml - TOLIO","isPartOf":{"@id":"https:\/\/dev.tolio.co.nz\/#website"},"primaryImageOfPage":{"@id":"https:\/\/dev.tolio.co.nz\/san-pham\/loc-6-chai-tra-o-long-tea-plus-chai-455ml\/#primaryimage"},"image":{"@id":"https:\/\/dev.tolio.co.nz\/san-pham\/loc-6-chai-tra-o-long-tea-plus-chai-455ml\/#primaryimage"},"thumbnailUrl":"https:\/\/dev.tolio.co.nz\/wp-content\/uploads\/2022\/01\/439.png","datePublished":"2022-01-02T02:11:00+00:00","dateModified":"2025-09-11T04:01:19+00:00","description":"Th\u01b0\u01a1ng hi\u1ec7u: Tea Plus Vi\u1ec7t Nam Xu\u1ea5t x\u1ee9 th\u01b0\u01a1ng hi\u1ec7u: Vi\u1ec7t Nam Quy c\u00e1ch \u0111\u00f3ng g\u00f3i: Chai 455ml, 6 chai\/l\u1ed1c, 24 chai\/th\u00f9ng L\u01b0u \u00fd: Bao b\u00ec s\u1ea3n ph\u1ea9m c\u00f3 th\u1ec3 thay \u0111\u1ed5i theo t\u1eebng \u0111\u1ee3t nh\u1eadp h\u00e0ng &nbsp;","breadcrumb":{"@id":"https:\/\/dev.tolio.co.nz\/san-pham\/loc-6-chai-tra-o-long-tea-plus-chai-455ml\/#breadcrumb"},"inLanguage":"en-US","potentialAction":[{"@type":"ReadAction","target":["https:\/\/dev.tolio.co.nz\/san-pham\/loc-6-chai-tra-o-long-tea-plus-chai-455ml\/"]}]},{"@type":"ImageObject","inLanguage":"en-US","@id":"https:\/\/dev.tolio.co.nz\/san-pham\/loc-6-chai-tra-o-long-tea-plus-chai-455ml\/#primaryimage","url":"https:\/\/dev.tolio.co.nz\/wp-content\/uploads\/2022\/01\/439.png","contentUrl":"https:\/\/dev.tolio.co.nz\/wp-content\/uploads\/2022\/01\/439.png","width":1000,"height":907},{"@type":"BreadcrumbList","@id":"https:\/\/dev.tolio.co.nz\/san-pham\/loc-6-chai-tra-o-long-tea-plus-chai-455ml\/#breadcrumb","itemListElement":[{"@type":"ListItem","position":1,"name":"Home","item":"https:\/\/dev.tolio.co.nz\/"},{"@type":"ListItem","position":2,"name":"C\u1eeda h\u00e0ng","item":"https:\/\/dev.tolio.co.nz\/cua-hang\/"},{"@type":"ListItem","position":3,"name":"L\u1ed1c 6 chai tr\u00e0 \u00f4 long Tea Plus chai 455ml"}]},{"@type":"WebSite","@id":"https:\/\/dev.tolio.co.nz\/#website","url":"https:\/\/dev.tolio.co.nz\/","name":"TOLIO","description":"Vietnamese Grocery Online","potentialAction":[{"@type":"SearchAction","target":{"@type":"EntryPoint","urlTemplate":"https:\/\/dev.tolio.co.nz\/?s={search_term_string}"},"query-input":{"@type":"PropertyValueSpecification","valueRequired":true,"valueName":"search_term_string"}}],"inLanguage":"en-US"}]}},"_links":{"self":[{"href":"https:\/\/dev.tolio.co.nz\/en\/wp-json\/wp\/v2\/product\/1085","targetHints":{"allow":["GET"]}}],"collection":[{"href":"https:\/\/dev.tolio.co.nz\/en\/wp-json\/wp\/v2\/product"}],"about":[{"href":"https:\/\/dev.tolio.co.nz\/en\/wp-json\/wp\/v2\/types\/product"}],"replies":[{"embeddable":true,"href":"https:\/\/dev.tolio.co.nz\/en\/wp-json\/wp\/v2\/comments?post=1085"}],"wp:featuredmedia":[{"embeddable":true,"href":"https:\/\/dev.tolio.co.nz\/en\/wp-json\/wp\/v2\/media\/20937"}],"wp:attachment":[{"href":"https:\/\/dev.tolio.co.nz\/en\/wp-json\/wp\/v2\/media?parent=1085"}],"wp:term":[{"taxonomy":"product_brand","embeddable":true,"href":"https:\/\/dev.tolio.co.nz\/en\/wp-json\/wp\/v2\/product_brand?post=1085"},{"taxonomy":"product_cat","embeddable":true,"href":"https:\/\/dev.tolio.co.nz\/en\/wp-json\/wp\/v2\/product_cat?post=1085"},{"taxonomy":"product_tag","embeddable":true,"href":"https:\/\/dev.tolio.co.nz\/en\/wp-json\/wp\/v2\/product_tag?post=1085"}],"curies":[{"name":"wp","href":"https:\/\/api.w.org\/{rel}","templated":true}]}}