{"id":10870,"date":"2023-08-21T16:23:27","date_gmt":"2023-08-21T03:38:27","guid":{"rendered":"https:\/\/tolio.co.nz\/?post_type=product&#038;p=10870"},"modified":"2025-09-11T16:00:05","modified_gmt":"2025-09-11T04:00:05","slug":"set-5-goi-bot-pho-mai-tornado-vi-truyen-thong-100g","status":"publish","type":"product","link":"https:\/\/dev.tolio.co.nz\/en\/product\/set-of-5-packs-of-tornado-cheese-bot-with-traditional-100g\/","title":{"rendered":"Set 4 g\u00f3i b\u1ed9t ph\u00f4 mai Tornado v\u1ecb truy\u1ec1n th\u1ed1ng 100g"},"content":{"rendered":"<p><strong>B\u1ed9t ph\u00f4 mai Tornado v\u1ecb truy\u1ec1n th\u1ed1ng g\u00f3i 100g<\/strong> \u00a0s\u1eed d\u1ee5ng nguy\u00ean li\u1ec7u nh\u1eadp kh\u1ea9u t\u1eeb H\u00e0n Qu\u1ed1c v\u00e0 Ch\u00e2u \u00c2u. V\u1edbi h\u00e0m l\u01b0\u1ee3ng ph\u00f4 mai cao, b\u1ed9t ph\u00f4 mai Tornado c\u00f3 v\u1ecb ph\u00f4 mai \u0111\u1eb7c tr\u01b0ng, gi\u00e1 tr\u1ecb dinh d\u01b0\u1ee1ng cao, n\u1ed5i b\u1eadt h\u01a1n so v\u1edbi c\u00e1c s\u1ea3n ph\u1ea9m c\u00f9ng lo\u1ea1i tr\u00ean th\u1ecb th\u1ecb tr\u01b0\u1eddng. S\u1ea3n ph\u1ea9m d\u00f9ng tr\u1ef1c ti\u1ebfp, k\u1ebft h\u1ee3p \u0111\u01b0\u1ee3c v\u1edbi nhi\u1ec1u m\u00f3n \u0103n ti\u1ec7n l\u1ee3i, gi\u00e1 th\u00e0nh ph\u00f9 h\u1ee3p v\u1edbi ng\u01b0\u1eddi ti\u00eau d\u00f9ng, \u0111\u01b0\u1ee3c \u0111\u00f4ng \u0111\u1ea3o tr\u1ebb em v\u00e0 gi\u1edbi tr\u1ebb y\u00eau th\u00edch.<\/p>\n<p><strong>H\u01b0\u1edbng d\u1eabn s\u1eed d\u1ee5ng<\/strong>:<\/p>\n<ul>\n<li>R\u1eafc tr\u1ef1c ti\u1ebfp l\u00ean c\u00e1c m\u00f3n \u0103n nh\u01b0 g\u00e0 r\u00e1n, khoai t\u00e2y, b\u00e1nh g\u1ea1o, b\u1eafp rang, c\u00e1c lo\u1ea1i h\u1ea1t,&#8230;<\/li>\n<li>L\u00e0m x\u1ed1t ph\u00f4 mai.<\/li>\n<li>L\u00e0m b\u00e1nh.<\/li>\n<\/ul>\n<p><strong>B\u1ea3o qu\u1ea3n<\/strong>:<\/p>\n<ul>\n<li>N\u01a1i kh\u00f4 r\u00e1o, tho\u00e1ng m\u00e1t v\u00e0 tr\u00e1nh \u00e1nh n\u1eafng m\u1eb7t tr\u1eddi. \u0110\u1eady k\u00edn sau khi m\u1edf bao b\u00ec.<\/li>\n<\/ul>","protected":false},"excerpt":{"rendered":"<ul>\n<li>Th\u01b0\u01a1ng hi\u1ec7u: Tomato TNP<\/li>\n<li>Xu\u1ea5t x\u1ee9 th\u01b0\u01a1ng hi\u1ec7u: Vi\u1ec7t Nam<\/li>\n<li>Quy c\u00e1ch \u0111\u00f3ng g\u00f3i: G\u00f3i 100g<\/li>\n<li>L\u01b0u \u00fd: Bao b\u00ec s\u1ea3n ph\u1ea9m c\u00f3 th\u1ec3 thay \u0111\u1ed5i theo t\u1eebng \u0111\u1ee3t nh\u1eadp h\u00e0ng.<\/li>\n<\/ul>","protected":false},"featured_media":20718,"comment_status":"open","ping_status":"closed","template":"","meta":[],"product_brand":[],"product_cat":[33,482,478],"product_tag":[],"class_list":{"0":"post-10870","1":"product","2":"type-product","3":"status-publish","4":"has-post-thumbnail","6":"product_cat-gia-vi","7":"product_cat-gia-vi-khac","8":"product_cat-thuc-pham-khac","9":"pa_thuong-hieu-tomato-tnp","11":"first","12":"instock","13":"sale","14":"shipping-taxable","15":"purchasable","16":"product-type-simple"},"yoast_head":"<!-- This site is optimized with the Yoast SEO plugin v24.4 - https:\/\/yoast.com\/wordpress\/plugins\/seo\/ -->\n<title>Set 4 g\u00f3i b\u1ed9t ph\u00f4 mai Tornado v\u1ecb truy\u1ec1n th\u1ed1ng 100g - TOLIO<\/title>\n<meta name=\"description\" content=\"Th\u01b0\u01a1ng hi\u1ec7u: Tomato TNP  Xu\u1ea5t x\u1ee9 th\u01b0\u01a1ng hi\u1ec7u: Vi\u1ec7t Nam  Quy c\u00e1ch \u0111\u00f3ng g\u00f3i: G\u00f3i 100g  L\u01b0u \u00fd: Bao b\u00ec s\u1ea3n ph\u1ea9m c\u00f3 th\u1ec3 thay \u0111\u1ed5i theo t\u1eebng \u0111\u1ee3t nh\u1eadp h\u00e0ng.\" \/>\n<meta name=\"robots\" content=\"index, follow, max-snippet:-1, max-image-preview:large, max-video-preview:-1\" \/>\n<link rel=\"canonical\" href=\"https:\/\/dev.tolio.co.nz\/en\/product\/set-of-5-packs-of-tornado-cheese-bot-with-traditional-100g\/\" \/>\n<meta property=\"og:locale\" content=\"en_US\" \/>\n<meta property=\"og:type\" content=\"article\" \/>\n<meta property=\"og:title\" content=\"Set 4 g\u00f3i b\u1ed9t ph\u00f4 mai Tornado v\u1ecb truy\u1ec1n th\u1ed1ng 100g - TOLIO\" \/>\n<meta property=\"og:description\" content=\"Th\u01b0\u01a1ng hi\u1ec7u: Tomato TNP  Xu\u1ea5t x\u1ee9 th\u01b0\u01a1ng hi\u1ec7u: Vi\u1ec7t Nam  Quy c\u00e1ch \u0111\u00f3ng g\u00f3i: G\u00f3i 100g  L\u01b0u \u00fd: Bao b\u00ec s\u1ea3n ph\u1ea9m c\u00f3 th\u1ec3 thay \u0111\u1ed5i theo t\u1eebng \u0111\u1ee3t nh\u1eadp h\u00e0ng.\" \/>\n<meta property=\"og:url\" content=\"https:\/\/dev.tolio.co.nz\/en\/product\/set-of-5-packs-of-tornado-cheese-bot-with-traditional-100g\/\" \/>\n<meta property=\"og:site_name\" content=\"TOLIO\" \/>\n<meta property=\"article:modified_time\" content=\"2025-09-11T04:00:05+00:00\" \/>\n<meta property=\"og:image\" content=\"https:\/\/dev.tolio.co.nz\/wp-content\/uploads\/2023\/08\/237.png\" \/>\n\t<meta property=\"og:image:width\" content=\"1000\" \/>\n\t<meta property=\"og:image:height\" content=\"907\" \/>\n\t<meta property=\"og:image:type\" content=\"image\/png\" \/>\n<meta name=\"twitter:card\" content=\"summary_large_image\" \/>\n<meta name=\"twitter:label1\" content=\"Est. reading time\" \/>\n\t<meta name=\"twitter:data1\" content=\"1 minute\" \/>\n<script type=\"application\/ld+json\" class=\"yoast-schema-graph\">{\"@context\":\"https:\/\/schema.org\",\"@graph\":[{\"@type\":\"WebPage\",\"@id\":\"https:\/\/dev.tolio.co.nz\/san-pham\/set-5-goi-bot-pho-mai-tornado-vi-truyen-thong-100g\/\",\"url\":\"https:\/\/dev.tolio.co.nz\/san-pham\/set-5-goi-bot-pho-mai-tornado-vi-truyen-thong-100g\/\",\"name\":\"Set 4 g\u00f3i b\u1ed9t ph\u00f4 mai Tornado v\u1ecb truy\u1ec1n th\u1ed1ng 100g - TOLIO\",\"isPartOf\":{\"@id\":\"https:\/\/dev.tolio.co.nz\/#website\"},\"primaryImageOfPage\":{\"@id\":\"https:\/\/dev.tolio.co.nz\/san-pham\/set-5-goi-bot-pho-mai-tornado-vi-truyen-thong-100g\/#primaryimage\"},\"image\":{\"@id\":\"https:\/\/dev.tolio.co.nz\/san-pham\/set-5-goi-bot-pho-mai-tornado-vi-truyen-thong-100g\/#primaryimage\"},\"thumbnailUrl\":\"https:\/\/dev.tolio.co.nz\/wp-content\/uploads\/2023\/08\/237.png\",\"datePublished\":\"2023-08-21T03:38:27+00:00\",\"dateModified\":\"2025-09-11T04:00:05+00:00\",\"description\":\"Th\u01b0\u01a1ng hi\u1ec7u: Tomato TNP Xu\u1ea5t x\u1ee9 th\u01b0\u01a1ng hi\u1ec7u: Vi\u1ec7t Nam Quy c\u00e1ch \u0111\u00f3ng g\u00f3i: G\u00f3i 100g L\u01b0u \u00fd: Bao b\u00ec s\u1ea3n ph\u1ea9m c\u00f3 th\u1ec3 thay \u0111\u1ed5i theo t\u1eebng \u0111\u1ee3t nh\u1eadp h\u00e0ng.\",\"breadcrumb\":{\"@id\":\"https:\/\/dev.tolio.co.nz\/san-pham\/set-5-goi-bot-pho-mai-tornado-vi-truyen-thong-100g\/#breadcrumb\"},\"inLanguage\":\"en-US\",\"potentialAction\":[{\"@type\":\"ReadAction\",\"target\":[\"https:\/\/dev.tolio.co.nz\/san-pham\/set-5-goi-bot-pho-mai-tornado-vi-truyen-thong-100g\/\"]}]},{\"@type\":\"ImageObject\",\"inLanguage\":\"en-US\",\"@id\":\"https:\/\/dev.tolio.co.nz\/san-pham\/set-5-goi-bot-pho-mai-tornado-vi-truyen-thong-100g\/#primaryimage\",\"url\":\"https:\/\/dev.tolio.co.nz\/wp-content\/uploads\/2023\/08\/237.png\",\"contentUrl\":\"https:\/\/dev.tolio.co.nz\/wp-content\/uploads\/2023\/08\/237.png\",\"width\":1000,\"height\":907},{\"@type\":\"BreadcrumbList\",\"@id\":\"https:\/\/dev.tolio.co.nz\/san-pham\/set-5-goi-bot-pho-mai-tornado-vi-truyen-thong-100g\/#breadcrumb\",\"itemListElement\":[{\"@type\":\"ListItem\",\"position\":1,\"name\":\"Home\",\"item\":\"https:\/\/dev.tolio.co.nz\/\"},{\"@type\":\"ListItem\",\"position\":2,\"name\":\"C\u1eeda h\u00e0ng\",\"item\":\"https:\/\/dev.tolio.co.nz\/cua-hang\/\"},{\"@type\":\"ListItem\",\"position\":3,\"name\":\"Set 4 g\u00f3i b\u1ed9t ph\u00f4 mai Tornado v\u1ecb truy\u1ec1n th\u1ed1ng 100g\"}]},{\"@type\":\"WebSite\",\"@id\":\"https:\/\/dev.tolio.co.nz\/#website\",\"url\":\"https:\/\/dev.tolio.co.nz\/\",\"name\":\"TOLIO\",\"description\":\"Vietnamese Grocery Online\",\"potentialAction\":[{\"@type\":\"SearchAction\",\"target\":{\"@type\":\"EntryPoint\",\"urlTemplate\":\"https:\/\/dev.tolio.co.nz\/?s={search_term_string}\"},\"query-input\":{\"@type\":\"PropertyValueSpecification\",\"valueRequired\":true,\"valueName\":\"search_term_string\"}}],\"inLanguage\":\"en-US\"}]}<\/script>\n<!-- \/ Yoast SEO plugin. -->","yoast_head_json":{"title":"Set 4 g\u00f3i b\u1ed9t ph\u00f4 mai Tornado v\u1ecb truy\u1ec1n th\u1ed1ng 100g - TOLIO","description":"Th\u01b0\u01a1ng hi\u1ec7u: Tomato TNP  Xu\u1ea5t x\u1ee9 th\u01b0\u01a1ng hi\u1ec7u: Vi\u1ec7t Nam  Quy c\u00e1ch \u0111\u00f3ng g\u00f3i: G\u00f3i 100g  L\u01b0u \u00fd: Bao b\u00ec s\u1ea3n ph\u1ea9m c\u00f3 th\u1ec3 thay \u0111\u1ed5i theo t\u1eebng \u0111\u1ee3t nh\u1eadp h\u00e0ng.","robots":{"index":"index","follow":"follow","max-snippet":"max-snippet:-1","max-image-preview":"max-image-preview:large","max-video-preview":"max-video-preview:-1"},"canonical":"https:\/\/dev.tolio.co.nz\/en\/product\/set-of-5-packs-of-tornado-cheese-bot-with-traditional-100g\/","og_locale":"en_US","og_type":"article","og_title":"Set 4 g\u00f3i b\u1ed9t ph\u00f4 mai Tornado v\u1ecb truy\u1ec1n th\u1ed1ng 100g - TOLIO","og_description":"Th\u01b0\u01a1ng hi\u1ec7u: Tomato TNP  Xu\u1ea5t x\u1ee9 th\u01b0\u01a1ng hi\u1ec7u: Vi\u1ec7t Nam  Quy c\u00e1ch \u0111\u00f3ng g\u00f3i: G\u00f3i 100g  L\u01b0u \u00fd: Bao b\u00ec s\u1ea3n ph\u1ea9m c\u00f3 th\u1ec3 thay \u0111\u1ed5i theo t\u1eebng \u0111\u1ee3t nh\u1eadp h\u00e0ng.","og_url":"https:\/\/dev.tolio.co.nz\/en\/product\/set-of-5-packs-of-tornado-cheese-bot-with-traditional-100g\/","og_site_name":"TOLIO","article_modified_time":"2025-09-11T04:00:05+00:00","og_image":[{"width":1000,"height":907,"url":"https:\/\/dev.tolio.co.nz\/wp-content\/uploads\/2023\/08\/237.png","type":"image\/png"}],"twitter_card":"summary_large_image","twitter_misc":{"Est. reading time":"1 minute"},"schema":{"@context":"https:\/\/schema.org","@graph":[{"@type":"WebPage","@id":"https:\/\/dev.tolio.co.nz\/san-pham\/set-5-goi-bot-pho-mai-tornado-vi-truyen-thong-100g\/","url":"https:\/\/dev.tolio.co.nz\/san-pham\/set-5-goi-bot-pho-mai-tornado-vi-truyen-thong-100g\/","name":"Set 4 g\u00f3i b\u1ed9t ph\u00f4 mai Tornado v\u1ecb truy\u1ec1n th\u1ed1ng 100g - TOLIO","isPartOf":{"@id":"https:\/\/dev.tolio.co.nz\/#website"},"primaryImageOfPage":{"@id":"https:\/\/dev.tolio.co.nz\/san-pham\/set-5-goi-bot-pho-mai-tornado-vi-truyen-thong-100g\/#primaryimage"},"image":{"@id":"https:\/\/dev.tolio.co.nz\/san-pham\/set-5-goi-bot-pho-mai-tornado-vi-truyen-thong-100g\/#primaryimage"},"thumbnailUrl":"https:\/\/dev.tolio.co.nz\/wp-content\/uploads\/2023\/08\/237.png","datePublished":"2023-08-21T03:38:27+00:00","dateModified":"2025-09-11T04:00:05+00:00","description":"Th\u01b0\u01a1ng hi\u1ec7u: Tomato TNP Xu\u1ea5t x\u1ee9 th\u01b0\u01a1ng hi\u1ec7u: Vi\u1ec7t Nam Quy c\u00e1ch \u0111\u00f3ng g\u00f3i: G\u00f3i 100g L\u01b0u \u00fd: Bao b\u00ec s\u1ea3n ph\u1ea9m c\u00f3 th\u1ec3 thay \u0111\u1ed5i theo t\u1eebng \u0111\u1ee3t nh\u1eadp h\u00e0ng.","breadcrumb":{"@id":"https:\/\/dev.tolio.co.nz\/san-pham\/set-5-goi-bot-pho-mai-tornado-vi-truyen-thong-100g\/#breadcrumb"},"inLanguage":"en-US","potentialAction":[{"@type":"ReadAction","target":["https:\/\/dev.tolio.co.nz\/san-pham\/set-5-goi-bot-pho-mai-tornado-vi-truyen-thong-100g\/"]}]},{"@type":"ImageObject","inLanguage":"en-US","@id":"https:\/\/dev.tolio.co.nz\/san-pham\/set-5-goi-bot-pho-mai-tornado-vi-truyen-thong-100g\/#primaryimage","url":"https:\/\/dev.tolio.co.nz\/wp-content\/uploads\/2023\/08\/237.png","contentUrl":"https:\/\/dev.tolio.co.nz\/wp-content\/uploads\/2023\/08\/237.png","width":1000,"height":907},{"@type":"BreadcrumbList","@id":"https:\/\/dev.tolio.co.nz\/san-pham\/set-5-goi-bot-pho-mai-tornado-vi-truyen-thong-100g\/#breadcrumb","itemListElement":[{"@type":"ListItem","position":1,"name":"Home","item":"https:\/\/dev.tolio.co.nz\/"},{"@type":"ListItem","position":2,"name":"C\u1eeda h\u00e0ng","item":"https:\/\/dev.tolio.co.nz\/cua-hang\/"},{"@type":"ListItem","position":3,"name":"Set 4 g\u00f3i b\u1ed9t ph\u00f4 mai Tornado v\u1ecb truy\u1ec1n th\u1ed1ng 100g"}]},{"@type":"WebSite","@id":"https:\/\/dev.tolio.co.nz\/#website","url":"https:\/\/dev.tolio.co.nz\/","name":"TOLIO","description":"Vietnamese Grocery Online","potentialAction":[{"@type":"SearchAction","target":{"@type":"EntryPoint","urlTemplate":"https:\/\/dev.tolio.co.nz\/?s={search_term_string}"},"query-input":{"@type":"PropertyValueSpecification","valueRequired":true,"valueName":"search_term_string"}}],"inLanguage":"en-US"}]}},"_links":{"self":[{"href":"https:\/\/dev.tolio.co.nz\/en\/wp-json\/wp\/v2\/product\/10870","targetHints":{"allow":["GET"]}}],"collection":[{"href":"https:\/\/dev.tolio.co.nz\/en\/wp-json\/wp\/v2\/product"}],"about":[{"href":"https:\/\/dev.tolio.co.nz\/en\/wp-json\/wp\/v2\/types\/product"}],"replies":[{"embeddable":true,"href":"https:\/\/dev.tolio.co.nz\/en\/wp-json\/wp\/v2\/comments?post=10870"}],"wp:featuredmedia":[{"embeddable":true,"href":"https:\/\/dev.tolio.co.nz\/en\/wp-json\/wp\/v2\/media\/20718"}],"wp:attachment":[{"href":"https:\/\/dev.tolio.co.nz\/en\/wp-json\/wp\/v2\/media?parent=10870"}],"wp:term":[{"taxonomy":"product_brand","embeddable":true,"href":"https:\/\/dev.tolio.co.nz\/en\/wp-json\/wp\/v2\/product_brand?post=10870"},{"taxonomy":"product_cat","embeddable":true,"href":"https:\/\/dev.tolio.co.nz\/en\/wp-json\/wp\/v2\/product_cat?post=10870"},{"taxonomy":"product_tag","embeddable":true,"href":"https:\/\/dev.tolio.co.nz\/en\/wp-json\/wp\/v2\/product_tag?post=10870"}],"curies":[{"name":"wp","href":"https:\/\/api.w.org\/{rel}","templated":true}]}}