{"id":10906,"date":"2023-08-21T17:30:56","date_gmt":"2023-08-21T04:45:56","guid":{"rendered":"https:\/\/tolio.co.nz\/?post_type=product&#038;p=10906"},"modified":"2025-09-11T15:59:42","modified_gmt":"2025-09-11T03:59:42","slug":"tac-hat-dac","status":"publish","type":"product","link":"https:\/\/dev.tolio.co.nz\/en\/product\/tac-hat-dac\/","title":{"rendered":"T\u1eafc h\u1ea1t \u0111\u00e1c ch\u01b0ng \u0111\u01b0\u1eddng ph\u00e8n T\u1ea5n L\u1ed9c h\u0169 900g"},"content":{"rendered":"<p><strong>T\u1eafc h\u1ea1t \u0111\u00e1c ch\u01b0ng \u0111\u01b0\u1eddng ph\u00e8n T\u1ea5n L\u1ed9c h\u0169 900g<\/strong><\/p>\n<ul>\n<li>D\u1ea1ng s\u00e1nh; t\u1eafc d\u1ea1ng s\u1ee3i, h\u1ea1t \u0111\u00e1c m\u1ec1m, gi\u00f2n.<\/li>\n<li>M\u00e0u n\u00e2u v\u00e0ng \u0111\u1ebfn n\u00e2u s\u1eadm \u0111\u1eb7c tr\u01b0ng c\u1ee7a s\u1ea3n ph\u1ea9m<\/li>\n<li>M\u00f9i th\u01a1m \u0111\u1eb7c tr\u01b0ng c\u1ee7a s\u1ea3n ph\u1ea9m, kh\u00f4ng c\u00f3 m\u00f9i l\u1ea1.<\/li>\n<li>V\u1ecb ng\u1ecdt, m\u1eb7n, chua nh\u1eb9 h\u00f2a h\u1ee3p, v\u1ecb thanh \u0111\u1eb7c tr\u01b0ng c\u1ee7a s\u1ea3n ph\u1ea9m, kh\u00f4ng c\u00f3 v\u1ecb l\u1ea1.<\/li>\n<\/ul>\n<p><strong>H\u01b0\u1edbng d\u1eabn s\u1eed d\u1ee5ng:<\/strong><\/p>\n<ul>\n<li style=\"font-weight: 400\"><span style=\"font-size: medium\">U\u1ed1ng l\u1ea1nh: D\u00f9ng pha v\u1edbi \u0111\u00e1 th\u00e0nh th\u1ee9c u\u1ed1ng gi\u1ea3i kh\u00e1t.<\/span><\/li>\n<li style=\"font-weight: 400\"><span style=\"font-size: medium\">C\u00f3 th\u1ec3 k\u1ebft h\u1ee3p pha ch\u1ebf v\u1edbi c\u00e1c lo\u1ea1i th\u1ee9c u\u1ed1ng kh\u00e1c.<\/span><\/li>\n<li style=\"font-weight: 400\"><span style=\"font-size: medium\">D\u00f9ng mu\u1ed7ng s\u1ea1ch khi s\u1eed d\u1ee5ng.<\/span><\/li>\n<li style=\"font-weight: 400\"><span style=\"font-size: medium\">Th\u00f4ng tin c\u1ea3nh b\u00e1o: Kh\u00f4ng d\u00f9ng s\u1ea3n ph\u1ea9m h\u1ebft h\u1ea1n s\u1eed d\u1ee5ng.<\/span><\/li>\n<\/ul>\n<p><strong>B\u1ea3o qu\u1ea3n:<\/strong><\/p>\n<ul>\n<li>\u0110\u1ec3 n\u01a1i kh\u00f4 r\u00e1o, tho\u00e1ng m\u00e1t, tr\u00e1nh \u00e1nh n\u1eafng tr\u1ef1c ti\u1ebfp. B\u1ea3o qu\u1ea3n l\u1ea1nh s\u1ebd t\u1ed1t h\u01a1n.<\/li>\n<\/ul>\n<p><strong>H\u1ea1n s\u1eed d\u1ee5ng: <\/strong>12 th\u00e1ng k\u1ec3 t\u1eeb ng\u00e0y s\u1ea3n xu\u1ea5t<\/p>","protected":false},"excerpt":{"rendered":"<ul>\n<li>Th\u01b0\u01a1ng hi\u1ec7u: T\u1ea5n L\u1ed9c<\/li>\n<li>Xu\u1ea5t x\u1ee9 th\u01b0\u01a1ng hi\u1ec7u: Vi\u1ec7t Nam<\/li>\n<li>Quy c\u00e1ch \u0111\u00f3ng g\u00f3i: H\u0169 900g<\/li>\n<li>L\u01b0u \u00fd: Bao b\u00ec s\u1ea3n ph\u1ea9m c\u00f3 th\u1ec3 thay \u0111\u1ed5i theo t\u1eebng \u0111\u1ee3t nh\u1eadp h\u00e0ng<\/li>\n<\/ul>","protected":false},"featured_media":23037,"comment_status":"open","ping_status":"closed","template":"","meta":[],"product_brand":[],"product_cat":[35,31],"product_tag":[],"class_list":{"0":"post-10906","1":"product","2":"type-product","3":"status-publish","4":"has-post-thumbnail","6":"product_cat-banh-keo","7":"product_cat-hang-moi-ve","8":"pa_thuong-hieu-tan-loc","10":"first","11":"instock","12":"shipping-taxable","13":"purchasable","14":"product-type-simple"},"yoast_head":"<!-- This site is optimized with the Yoast SEO plugin v24.4 - https:\/\/yoast.com\/wordpress\/plugins\/seo\/ -->\n<title>T\u1eafc h\u1ea1t \u0111\u00e1c ch\u01b0ng \u0111\u01b0\u1eddng ph\u00e8n T\u1ea5n L\u1ed9c h\u0169 900g - TOLIO<\/title>\n<meta name=\"description\" content=\"Th\u01b0\u01a1ng hi\u1ec7u: T\u1ea5n L\u1ed9c  Xu\u1ea5t x\u1ee9 th\u01b0\u01a1ng hi\u1ec7u: Vi\u1ec7t Nam  Quy c\u00e1ch \u0111\u00f3ng g\u00f3i: H\u0169 900g  L\u01b0u \u00fd: Bao b\u00ec s\u1ea3n ph\u1ea9m c\u00f3 th\u1ec3 thay \u0111\u1ed5i theo t\u1eebng \u0111\u1ee3t nh\u1eadp h\u00e0ng\" \/>\n<meta name=\"robots\" content=\"index, follow, max-snippet:-1, max-image-preview:large, max-video-preview:-1\" \/>\n<link rel=\"canonical\" href=\"https:\/\/dev.tolio.co.nz\/en\/product\/tac-hat-dac\/\" \/>\n<meta property=\"og:locale\" content=\"en_US\" \/>\n<meta property=\"og:type\" content=\"article\" \/>\n<meta property=\"og:title\" content=\"T\u1eafc h\u1ea1t \u0111\u00e1c ch\u01b0ng \u0111\u01b0\u1eddng ph\u00e8n T\u1ea5n L\u1ed9c h\u0169 900g - TOLIO\" \/>\n<meta property=\"og:description\" content=\"Th\u01b0\u01a1ng hi\u1ec7u: T\u1ea5n L\u1ed9c  Xu\u1ea5t x\u1ee9 th\u01b0\u01a1ng hi\u1ec7u: Vi\u1ec7t Nam  Quy c\u00e1ch \u0111\u00f3ng g\u00f3i: H\u0169 900g  L\u01b0u \u00fd: Bao b\u00ec s\u1ea3n ph\u1ea9m c\u00f3 th\u1ec3 thay \u0111\u1ed5i theo t\u1eebng \u0111\u1ee3t nh\u1eadp h\u00e0ng\" \/>\n<meta property=\"og:url\" content=\"https:\/\/dev.tolio.co.nz\/en\/product\/tac-hat-dac\/\" \/>\n<meta property=\"og:site_name\" content=\"TOLIO\" \/>\n<meta property=\"article:modified_time\" content=\"2025-09-11T03:59:42+00:00\" \/>\n<meta property=\"og:image\" content=\"https:\/\/dev.tolio.co.nz\/wp-content\/uploads\/2023\/08\/34.png\" \/>\n\t<meta property=\"og:image:width\" content=\"1000\" \/>\n\t<meta property=\"og:image:height\" content=\"907\" \/>\n\t<meta property=\"og:image:type\" content=\"image\/png\" \/>\n<meta name=\"twitter:card\" content=\"summary_large_image\" \/>\n<meta name=\"twitter:label1\" content=\"Est. reading time\" \/>\n\t<meta name=\"twitter:data1\" content=\"1 minute\" \/>\n<script type=\"application\/ld+json\" class=\"yoast-schema-graph\">{\"@context\":\"https:\/\/schema.org\",\"@graph\":[{\"@type\":\"WebPage\",\"@id\":\"https:\/\/dev.tolio.co.nz\/san-pham\/tac-hat-dac\/\",\"url\":\"https:\/\/dev.tolio.co.nz\/san-pham\/tac-hat-dac\/\",\"name\":\"T\u1eafc h\u1ea1t \u0111\u00e1c ch\u01b0ng \u0111\u01b0\u1eddng ph\u00e8n T\u1ea5n L\u1ed9c h\u0169 900g - TOLIO\",\"isPartOf\":{\"@id\":\"https:\/\/dev.tolio.co.nz\/#website\"},\"primaryImageOfPage\":{\"@id\":\"https:\/\/dev.tolio.co.nz\/san-pham\/tac-hat-dac\/#primaryimage\"},\"image\":{\"@id\":\"https:\/\/dev.tolio.co.nz\/san-pham\/tac-hat-dac\/#primaryimage\"},\"thumbnailUrl\":\"https:\/\/dev.tolio.co.nz\/wp-content\/uploads\/2023\/08\/34.png\",\"datePublished\":\"2023-08-21T04:45:56+00:00\",\"dateModified\":\"2025-09-11T03:59:42+00:00\",\"description\":\"Th\u01b0\u01a1ng hi\u1ec7u: T\u1ea5n L\u1ed9c Xu\u1ea5t x\u1ee9 th\u01b0\u01a1ng hi\u1ec7u: Vi\u1ec7t Nam Quy c\u00e1ch \u0111\u00f3ng g\u00f3i: H\u0169 900g L\u01b0u \u00fd: Bao b\u00ec s\u1ea3n ph\u1ea9m c\u00f3 th\u1ec3 thay \u0111\u1ed5i theo t\u1eebng \u0111\u1ee3t nh\u1eadp h\u00e0ng\",\"breadcrumb\":{\"@id\":\"https:\/\/dev.tolio.co.nz\/san-pham\/tac-hat-dac\/#breadcrumb\"},\"inLanguage\":\"en-US\",\"potentialAction\":[{\"@type\":\"ReadAction\",\"target\":[\"https:\/\/dev.tolio.co.nz\/san-pham\/tac-hat-dac\/\"]}]},{\"@type\":\"ImageObject\",\"inLanguage\":\"en-US\",\"@id\":\"https:\/\/dev.tolio.co.nz\/san-pham\/tac-hat-dac\/#primaryimage\",\"url\":\"https:\/\/dev.tolio.co.nz\/wp-content\/uploads\/2023\/08\/34.png\",\"contentUrl\":\"https:\/\/dev.tolio.co.nz\/wp-content\/uploads\/2023\/08\/34.png\",\"width\":1000,\"height\":907},{\"@type\":\"BreadcrumbList\",\"@id\":\"https:\/\/dev.tolio.co.nz\/san-pham\/tac-hat-dac\/#breadcrumb\",\"itemListElement\":[{\"@type\":\"ListItem\",\"position\":1,\"name\":\"Home\",\"item\":\"https:\/\/dev.tolio.co.nz\/\"},{\"@type\":\"ListItem\",\"position\":2,\"name\":\"C\u1eeda h\u00e0ng\",\"item\":\"https:\/\/dev.tolio.co.nz\/cua-hang\/\"},{\"@type\":\"ListItem\",\"position\":3,\"name\":\"T\u1eafc h\u1ea1t \u0111\u00e1c ch\u01b0ng \u0111\u01b0\u1eddng ph\u00e8n T\u1ea5n L\u1ed9c h\u0169 900g\"}]},{\"@type\":\"WebSite\",\"@id\":\"https:\/\/dev.tolio.co.nz\/#website\",\"url\":\"https:\/\/dev.tolio.co.nz\/\",\"name\":\"TOLIO\",\"description\":\"Vietnamese Grocery Online\",\"potentialAction\":[{\"@type\":\"SearchAction\",\"target\":{\"@type\":\"EntryPoint\",\"urlTemplate\":\"https:\/\/dev.tolio.co.nz\/?s={search_term_string}\"},\"query-input\":{\"@type\":\"PropertyValueSpecification\",\"valueRequired\":true,\"valueName\":\"search_term_string\"}}],\"inLanguage\":\"en-US\"}]}<\/script>\n<!-- \/ Yoast SEO plugin. -->","yoast_head_json":{"title":"T\u1eafc h\u1ea1t \u0111\u00e1c ch\u01b0ng \u0111\u01b0\u1eddng ph\u00e8n T\u1ea5n L\u1ed9c h\u0169 900g - TOLIO","description":"Th\u01b0\u01a1ng hi\u1ec7u: T\u1ea5n L\u1ed9c  Xu\u1ea5t x\u1ee9 th\u01b0\u01a1ng hi\u1ec7u: Vi\u1ec7t Nam  Quy c\u00e1ch \u0111\u00f3ng g\u00f3i: H\u0169 900g  L\u01b0u \u00fd: Bao b\u00ec s\u1ea3n ph\u1ea9m c\u00f3 th\u1ec3 thay \u0111\u1ed5i theo t\u1eebng \u0111\u1ee3t nh\u1eadp h\u00e0ng","robots":{"index":"index","follow":"follow","max-snippet":"max-snippet:-1","max-image-preview":"max-image-preview:large","max-video-preview":"max-video-preview:-1"},"canonical":"https:\/\/dev.tolio.co.nz\/en\/product\/tac-hat-dac\/","og_locale":"en_US","og_type":"article","og_title":"T\u1eafc h\u1ea1t \u0111\u00e1c ch\u01b0ng \u0111\u01b0\u1eddng ph\u00e8n T\u1ea5n L\u1ed9c h\u0169 900g - TOLIO","og_description":"Th\u01b0\u01a1ng hi\u1ec7u: T\u1ea5n L\u1ed9c  Xu\u1ea5t x\u1ee9 th\u01b0\u01a1ng hi\u1ec7u: Vi\u1ec7t Nam  Quy c\u00e1ch \u0111\u00f3ng g\u00f3i: H\u0169 900g  L\u01b0u \u00fd: Bao b\u00ec s\u1ea3n ph\u1ea9m c\u00f3 th\u1ec3 thay \u0111\u1ed5i theo t\u1eebng \u0111\u1ee3t nh\u1eadp h\u00e0ng","og_url":"https:\/\/dev.tolio.co.nz\/en\/product\/tac-hat-dac\/","og_site_name":"TOLIO","article_modified_time":"2025-09-11T03:59:42+00:00","og_image":[{"width":1000,"height":907,"url":"https:\/\/dev.tolio.co.nz\/wp-content\/uploads\/2023\/08\/34.png","type":"image\/png"}],"twitter_card":"summary_large_image","twitter_misc":{"Est. reading time":"1 minute"},"schema":{"@context":"https:\/\/schema.org","@graph":[{"@type":"WebPage","@id":"https:\/\/dev.tolio.co.nz\/san-pham\/tac-hat-dac\/","url":"https:\/\/dev.tolio.co.nz\/san-pham\/tac-hat-dac\/","name":"T\u1eafc h\u1ea1t \u0111\u00e1c ch\u01b0ng \u0111\u01b0\u1eddng ph\u00e8n T\u1ea5n L\u1ed9c h\u0169 900g - TOLIO","isPartOf":{"@id":"https:\/\/dev.tolio.co.nz\/#website"},"primaryImageOfPage":{"@id":"https:\/\/dev.tolio.co.nz\/san-pham\/tac-hat-dac\/#primaryimage"},"image":{"@id":"https:\/\/dev.tolio.co.nz\/san-pham\/tac-hat-dac\/#primaryimage"},"thumbnailUrl":"https:\/\/dev.tolio.co.nz\/wp-content\/uploads\/2023\/08\/34.png","datePublished":"2023-08-21T04:45:56+00:00","dateModified":"2025-09-11T03:59:42+00:00","description":"Th\u01b0\u01a1ng hi\u1ec7u: T\u1ea5n L\u1ed9c Xu\u1ea5t x\u1ee9 th\u01b0\u01a1ng hi\u1ec7u: Vi\u1ec7t Nam Quy c\u00e1ch \u0111\u00f3ng g\u00f3i: H\u0169 900g L\u01b0u \u00fd: Bao b\u00ec s\u1ea3n ph\u1ea9m c\u00f3 th\u1ec3 thay \u0111\u1ed5i theo t\u1eebng \u0111\u1ee3t nh\u1eadp h\u00e0ng","breadcrumb":{"@id":"https:\/\/dev.tolio.co.nz\/san-pham\/tac-hat-dac\/#breadcrumb"},"inLanguage":"en-US","potentialAction":[{"@type":"ReadAction","target":["https:\/\/dev.tolio.co.nz\/san-pham\/tac-hat-dac\/"]}]},{"@type":"ImageObject","inLanguage":"en-US","@id":"https:\/\/dev.tolio.co.nz\/san-pham\/tac-hat-dac\/#primaryimage","url":"https:\/\/dev.tolio.co.nz\/wp-content\/uploads\/2023\/08\/34.png","contentUrl":"https:\/\/dev.tolio.co.nz\/wp-content\/uploads\/2023\/08\/34.png","width":1000,"height":907},{"@type":"BreadcrumbList","@id":"https:\/\/dev.tolio.co.nz\/san-pham\/tac-hat-dac\/#breadcrumb","itemListElement":[{"@type":"ListItem","position":1,"name":"Home","item":"https:\/\/dev.tolio.co.nz\/"},{"@type":"ListItem","position":2,"name":"C\u1eeda h\u00e0ng","item":"https:\/\/dev.tolio.co.nz\/cua-hang\/"},{"@type":"ListItem","position":3,"name":"T\u1eafc h\u1ea1t \u0111\u00e1c ch\u01b0ng \u0111\u01b0\u1eddng ph\u00e8n T\u1ea5n L\u1ed9c h\u0169 900g"}]},{"@type":"WebSite","@id":"https:\/\/dev.tolio.co.nz\/#website","url":"https:\/\/dev.tolio.co.nz\/","name":"TOLIO","description":"Vietnamese Grocery Online","potentialAction":[{"@type":"SearchAction","target":{"@type":"EntryPoint","urlTemplate":"https:\/\/dev.tolio.co.nz\/?s={search_term_string}"},"query-input":{"@type":"PropertyValueSpecification","valueRequired":true,"valueName":"search_term_string"}}],"inLanguage":"en-US"}]}},"_links":{"self":[{"href":"https:\/\/dev.tolio.co.nz\/en\/wp-json\/wp\/v2\/product\/10906","targetHints":{"allow":["GET"]}}],"collection":[{"href":"https:\/\/dev.tolio.co.nz\/en\/wp-json\/wp\/v2\/product"}],"about":[{"href":"https:\/\/dev.tolio.co.nz\/en\/wp-json\/wp\/v2\/types\/product"}],"replies":[{"embeddable":true,"href":"https:\/\/dev.tolio.co.nz\/en\/wp-json\/wp\/v2\/comments?post=10906"}],"wp:featuredmedia":[{"embeddable":true,"href":"https:\/\/dev.tolio.co.nz\/en\/wp-json\/wp\/v2\/media\/23037"}],"wp:attachment":[{"href":"https:\/\/dev.tolio.co.nz\/en\/wp-json\/wp\/v2\/media?parent=10906"}],"wp:term":[{"taxonomy":"product_brand","embeddable":true,"href":"https:\/\/dev.tolio.co.nz\/en\/wp-json\/wp\/v2\/product_brand?post=10906"},{"taxonomy":"product_cat","embeddable":true,"href":"https:\/\/dev.tolio.co.nz\/en\/wp-json\/wp\/v2\/product_cat?post=10906"},{"taxonomy":"product_tag","embeddable":true,"href":"https:\/\/dev.tolio.co.nz\/en\/wp-json\/wp\/v2\/product_tag?post=10906"}],"curies":[{"name":"wp","href":"https:\/\/api.w.org\/{rel}","templated":true}]}}