{"id":11430,"date":"2023-09-23T17:42:49","date_gmt":"2023-09-23T04:57:49","guid":{"rendered":"https:\/\/tolio.co.nz\/?post_type=product&#038;p=11430"},"modified":"2025-09-11T16:00:27","modified_gmt":"2025-09-11T04:00:27","slug":"thung-18-goi-pho-tro-de-nhat-huong-vi-cay-thap-cam-82g","status":"publish","type":"product","link":"https:\/\/dev.tolio.co.nz\/en\/product\/18-packs-of-pho-de-nhat-with-spicy-orange-thap-82g\/","title":{"rendered":"Th\u00f9ng 18 g\u00f3i ph\u1edf tr\u1ed9n \u0110\u1ec7 Nh\u1ea5t h\u01b0\u01a1ng v\u1ecb cay th\u1eadp c\u1ea9m 82g"},"content":{"rendered":"<p><strong>Ph\u1edf tr\u1ed9n \u0110\u1ec7 Nh\u1ea5t h\u01b0\u01a1ng v\u1ecb cay th\u1eadp c\u1ea9m 82g<\/strong> T\u1eebng s\u1ee3i ph\u1edf dai ngon, tr\u1eafng d\u1eb9p \u0111\u1eadm \u0111\u00e0 n\u01b0\u1edbc d\u00f9ng cho b\u1ea1n th\u01b0\u1edfng th\u1ee9c t\u00f4 ph\u1edf th\u01a1m ngon v\u1edbi h\u01b0\u01a1ng v\u1ecb th\u1eadp c\u1ea9m ng\u1ecdt n\u01b0\u1edbc. Ph\u1edf tr\u1ed9n \u0110\u1ec7 Nh\u1ea5t v\u1ecb th\u1eadp c\u1ea9m cay 82g ch\u1ea5t l\u01b0\u1ee3ng, dinh d\u01b0\u1ee1ng nhanh g\u1ecdn cho b\u1eefa s\u00e1ng. Ph\u1edf \u0110\u1ec7 Nh\u1ea5t th\u01a1m ngon, ti\u1ec7n l\u1ee3i v\u00e0 \u0111\u01b0\u1ee3c nhi\u1ec1u ng\u01b0\u1eddi l\u1ef1a ch\u1ecdn.<\/p>\n<p><strong>H\u01b0\u1edbng d\u1eabn s\u1eed d\u1ee5ng:<\/strong><\/p>\n<ul style=\"list-style-type: circle\">\n<li>Cho v\u1eaft ph\u1edf v\u00e0 g\u00f3i rau s\u1ea5y v\u00e0o t\u00f4. Ch\u1ebf kho\u1ea3ng 400 ml n\u01b0\u1edbc s\u00f4i v\u00e0o t\u00f4, \u0111\u1eady n\u1eafp l\u1ea1i ch\u1edd trong 3 ph\u00fat. Ch\u1eaft r\u00e1o n\u01b0\u1edbc. Cho g\u00f3i s\u00fap s\u1ec7t v\u00e0o, tr\u1ed9n \u0111\u1ec1u v\u00e0 d\u00f9ng \u0111\u01b0\u1ee3c ngay.<\/li>\n<\/ul>\n<p><strong>B\u1ea3o qu\u1ea3n:<\/strong><\/p>\n<ul style=\"list-style-type: circle\">\n<li>\u0110\u1ec3 n\u01a1i kh\u00f4 r\u00e1o, tho\u00e1ng m\u00e1t, tr\u00e1nh \u00e1nh n\u1eafng m\u1eb7t tr\u1eddi. N\u00ean pha ch\u1ebf ngay sau khi m\u1edf bao b\u00ec. Tr\u00e1nh \u0111\u1ec3 g\u1ea7n h\u00f3a ch\u1ea5t ho\u1eb7c s\u1ea3n ph\u1ea9m c\u00f3 m\u00f9i m\u1ea1nh.<\/li>\n<\/ul>\n<p><span class=\"ui-provider a b c d e f g h i j k l m n o p q r s t u v w x y z ab ac ae af ag ah ai aj ak\" dir=\"ltr\"><strong>H\u1ea1n s\u1eed d\u1ee5ng:<\/strong> 8 th\u00e1ng t\u1eeb ng\u00e0y s\u1ea3n xu\u1ea5t.<\/span><\/p>","protected":false},"excerpt":{"rendered":"<p>\u2022 Th\u01b0\u01a1ng hi\u1ec7u: \u0110\u1ec7 Nh\u1ea5t<br \/>\n\u2022 Xu\u1ea5t x\u1ee9 th\u01b0\u01a1ng hi\u1ec7u: Vi\u1ec7t Nam<br \/>\n\u2022 Quy c\u00e1ch \u0111\u00f3ng g\u00f3i: G\u00f3i 82g, th\u00f9ng 18 g\u00f3i<br \/>\n\u2022 L\u01b0u \u00fd: Bao b\u00ec s\u1ea3n ph\u1ea9m c\u00f3 th\u1ec3 thay \u0111\u1ed5i theo t\u1eebng \u0111\u1ee3t nh\u1eadp h\u00e0ng<\/p>","protected":false},"featured_media":20210,"comment_status":"open","ping_status":"closed","template":"","meta":[],"product_brand":[],"product_cat":[511,31],"product_tag":[674,675,676,677],"class_list":{"0":"post-11430","1":"product","2":"type-product","3":"status-publish","4":"has-post-thumbnail","6":"product_cat-mi-pho-chao-an-lien","7":"product_cat-hang-moi-ve","8":"product_tag-pho-tron","9":"product_tag-pho-tron-de-nhat","10":"product_tag-pho-tron-thap-cam","11":"product_tag-pho-tron-thap-cam-de-nhat","12":"pa_thuong-hieu-de-nhat","14":"first","15":"instock","16":"sale","17":"shipping-taxable","18":"purchasable","19":"product-type-simple"},"yoast_head":"<!-- This site is optimized with the Yoast SEO plugin v24.4 - https:\/\/yoast.com\/wordpress\/plugins\/seo\/ -->\n<title>Th\u00f9ng 18 g\u00f3i ph\u1edf tr\u1ed9n \u0110\u1ec7 Nh\u1ea5t h\u01b0\u01a1ng v\u1ecb cay th\u1eadp c\u1ea9m 82g - TOLIO<\/title>\n<meta name=\"description\" content=\"\u2022 Th\u01b0\u01a1ng hi\u1ec7u: \u0110\u1ec7 Nh\u1ea5t \u2022 Xu\u1ea5t x\u1ee9 th\u01b0\u01a1ng hi\u1ec7u: Vi\u1ec7t Nam \u2022 Quy c\u00e1ch \u0111\u00f3ng g\u00f3i: G\u00f3i 82g, th\u00f9ng 18 g\u00f3i \u2022 L\u01b0u \u00fd: Bao b\u00ec s\u1ea3n ph\u1ea9m c\u00f3 th\u1ec3 thay \u0111\u1ed5i theo t\u1eebng \u0111\u1ee3t nh\u1eadp h\u00e0ng\" \/>\n<meta name=\"robots\" content=\"index, follow, max-snippet:-1, max-image-preview:large, max-video-preview:-1\" \/>\n<link rel=\"canonical\" href=\"https:\/\/dev.tolio.co.nz\/en\/product\/18-packs-of-pho-de-nhat-with-spicy-orange-thap-82g\/\" \/>\n<meta property=\"og:locale\" content=\"en_US\" \/>\n<meta property=\"og:type\" content=\"article\" \/>\n<meta property=\"og:title\" content=\"Th\u00f9ng 18 g\u00f3i ph\u1edf tr\u1ed9n \u0110\u1ec7 Nh\u1ea5t h\u01b0\u01a1ng v\u1ecb cay th\u1eadp c\u1ea9m 82g - TOLIO\" \/>\n<meta property=\"og:description\" content=\"\u2022 Th\u01b0\u01a1ng hi\u1ec7u: \u0110\u1ec7 Nh\u1ea5t \u2022 Xu\u1ea5t x\u1ee9 th\u01b0\u01a1ng hi\u1ec7u: Vi\u1ec7t Nam \u2022 Quy c\u00e1ch \u0111\u00f3ng g\u00f3i: G\u00f3i 82g, th\u00f9ng 18 g\u00f3i \u2022 L\u01b0u \u00fd: Bao b\u00ec s\u1ea3n ph\u1ea9m c\u00f3 th\u1ec3 thay \u0111\u1ed5i theo t\u1eebng \u0111\u1ee3t nh\u1eadp h\u00e0ng\" \/>\n<meta property=\"og:url\" content=\"https:\/\/dev.tolio.co.nz\/en\/product\/18-packs-of-pho-de-nhat-with-spicy-orange-thap-82g\/\" \/>\n<meta property=\"og:site_name\" content=\"TOLIO\" \/>\n<meta property=\"article:modified_time\" content=\"2025-09-11T04:00:27+00:00\" \/>\n<meta property=\"og:image\" content=\"https:\/\/dev.tolio.co.nz\/wp-content\/uploads\/2023\/09\/43.png\" \/>\n\t<meta property=\"og:image:width\" content=\"1000\" \/>\n\t<meta property=\"og:image:height\" content=\"907\" \/>\n\t<meta property=\"og:image:type\" content=\"image\/png\" \/>\n<meta name=\"twitter:card\" content=\"summary_large_image\" \/>\n<meta name=\"twitter:label1\" content=\"Est. reading time\" \/>\n\t<meta name=\"twitter:data1\" content=\"1 minute\" \/>\n<script type=\"application\/ld+json\" class=\"yoast-schema-graph\">{\"@context\":\"https:\/\/schema.org\",\"@graph\":[{\"@type\":\"WebPage\",\"@id\":\"https:\/\/dev.tolio.co.nz\/san-pham\/thung-18-goi-pho-tro-de-nhat-huong-vi-cay-thap-cam-82g\/\",\"url\":\"https:\/\/dev.tolio.co.nz\/san-pham\/thung-18-goi-pho-tro-de-nhat-huong-vi-cay-thap-cam-82g\/\",\"name\":\"Th\u00f9ng 18 g\u00f3i ph\u1edf tr\u1ed9n \u0110\u1ec7 Nh\u1ea5t h\u01b0\u01a1ng v\u1ecb cay th\u1eadp c\u1ea9m 82g - TOLIO\",\"isPartOf\":{\"@id\":\"https:\/\/dev.tolio.co.nz\/#website\"},\"primaryImageOfPage\":{\"@id\":\"https:\/\/dev.tolio.co.nz\/san-pham\/thung-18-goi-pho-tro-de-nhat-huong-vi-cay-thap-cam-82g\/#primaryimage\"},\"image\":{\"@id\":\"https:\/\/dev.tolio.co.nz\/san-pham\/thung-18-goi-pho-tro-de-nhat-huong-vi-cay-thap-cam-82g\/#primaryimage\"},\"thumbnailUrl\":\"https:\/\/dev.tolio.co.nz\/wp-content\/uploads\/2023\/09\/43.png\",\"datePublished\":\"2023-09-23T04:57:49+00:00\",\"dateModified\":\"2025-09-11T04:00:27+00:00\",\"description\":\"\u2022 Th\u01b0\u01a1ng hi\u1ec7u: \u0110\u1ec7 Nh\u1ea5t \u2022 Xu\u1ea5t x\u1ee9 th\u01b0\u01a1ng hi\u1ec7u: Vi\u1ec7t Nam \u2022 Quy c\u00e1ch \u0111\u00f3ng g\u00f3i: G\u00f3i 82g, th\u00f9ng 18 g\u00f3i \u2022 L\u01b0u \u00fd: Bao b\u00ec s\u1ea3n ph\u1ea9m c\u00f3 th\u1ec3 thay \u0111\u1ed5i theo t\u1eebng \u0111\u1ee3t nh\u1eadp h\u00e0ng\",\"breadcrumb\":{\"@id\":\"https:\/\/dev.tolio.co.nz\/san-pham\/thung-18-goi-pho-tro-de-nhat-huong-vi-cay-thap-cam-82g\/#breadcrumb\"},\"inLanguage\":\"en-US\",\"potentialAction\":[{\"@type\":\"ReadAction\",\"target\":[\"https:\/\/dev.tolio.co.nz\/san-pham\/thung-18-goi-pho-tro-de-nhat-huong-vi-cay-thap-cam-82g\/\"]}]},{\"@type\":\"ImageObject\",\"inLanguage\":\"en-US\",\"@id\":\"https:\/\/dev.tolio.co.nz\/san-pham\/thung-18-goi-pho-tro-de-nhat-huong-vi-cay-thap-cam-82g\/#primaryimage\",\"url\":\"https:\/\/dev.tolio.co.nz\/wp-content\/uploads\/2023\/09\/43.png\",\"contentUrl\":\"https:\/\/dev.tolio.co.nz\/wp-content\/uploads\/2023\/09\/43.png\",\"width\":1000,\"height\":907},{\"@type\":\"BreadcrumbList\",\"@id\":\"https:\/\/dev.tolio.co.nz\/san-pham\/thung-18-goi-pho-tro-de-nhat-huong-vi-cay-thap-cam-82g\/#breadcrumb\",\"itemListElement\":[{\"@type\":\"ListItem\",\"position\":1,\"name\":\"Home\",\"item\":\"https:\/\/dev.tolio.co.nz\/\"},{\"@type\":\"ListItem\",\"position\":2,\"name\":\"C\u1eeda h\u00e0ng\",\"item\":\"https:\/\/dev.tolio.co.nz\/cua-hang\/\"},{\"@type\":\"ListItem\",\"position\":3,\"name\":\"Th\u00f9ng 18 g\u00f3i ph\u1edf tr\u1ed9n \u0110\u1ec7 Nh\u1ea5t h\u01b0\u01a1ng v\u1ecb cay th\u1eadp c\u1ea9m 82g\"}]},{\"@type\":\"WebSite\",\"@id\":\"https:\/\/dev.tolio.co.nz\/#website\",\"url\":\"https:\/\/dev.tolio.co.nz\/\",\"name\":\"TOLIO\",\"description\":\"Vietnamese Grocery Online\",\"potentialAction\":[{\"@type\":\"SearchAction\",\"target\":{\"@type\":\"EntryPoint\",\"urlTemplate\":\"https:\/\/dev.tolio.co.nz\/?s={search_term_string}\"},\"query-input\":{\"@type\":\"PropertyValueSpecification\",\"valueRequired\":true,\"valueName\":\"search_term_string\"}}],\"inLanguage\":\"en-US\"}]}<\/script>\n<!-- \/ Yoast SEO plugin. -->","yoast_head_json":{"title":"Th\u00f9ng 18 g\u00f3i ph\u1edf tr\u1ed9n \u0110\u1ec7 Nh\u1ea5t h\u01b0\u01a1ng v\u1ecb cay th\u1eadp c\u1ea9m 82g - TOLIO","description":"\u2022 Th\u01b0\u01a1ng hi\u1ec7u: \u0110\u1ec7 Nh\u1ea5t \u2022 Xu\u1ea5t x\u1ee9 th\u01b0\u01a1ng hi\u1ec7u: Vi\u1ec7t Nam \u2022 Quy c\u00e1ch \u0111\u00f3ng g\u00f3i: G\u00f3i 82g, th\u00f9ng 18 g\u00f3i \u2022 L\u01b0u \u00fd: Bao b\u00ec s\u1ea3n ph\u1ea9m c\u00f3 th\u1ec3 thay \u0111\u1ed5i theo t\u1eebng \u0111\u1ee3t nh\u1eadp h\u00e0ng","robots":{"index":"index","follow":"follow","max-snippet":"max-snippet:-1","max-image-preview":"max-image-preview:large","max-video-preview":"max-video-preview:-1"},"canonical":"https:\/\/dev.tolio.co.nz\/en\/product\/18-packs-of-pho-de-nhat-with-spicy-orange-thap-82g\/","og_locale":"en_US","og_type":"article","og_title":"Th\u00f9ng 18 g\u00f3i ph\u1edf tr\u1ed9n \u0110\u1ec7 Nh\u1ea5t h\u01b0\u01a1ng v\u1ecb cay th\u1eadp c\u1ea9m 82g - TOLIO","og_description":"\u2022 Th\u01b0\u01a1ng hi\u1ec7u: \u0110\u1ec7 Nh\u1ea5t \u2022 Xu\u1ea5t x\u1ee9 th\u01b0\u01a1ng hi\u1ec7u: Vi\u1ec7t Nam \u2022 Quy c\u00e1ch \u0111\u00f3ng g\u00f3i: G\u00f3i 82g, th\u00f9ng 18 g\u00f3i \u2022 L\u01b0u \u00fd: Bao b\u00ec s\u1ea3n ph\u1ea9m c\u00f3 th\u1ec3 thay \u0111\u1ed5i theo t\u1eebng \u0111\u1ee3t nh\u1eadp h\u00e0ng","og_url":"https:\/\/dev.tolio.co.nz\/en\/product\/18-packs-of-pho-de-nhat-with-spicy-orange-thap-82g\/","og_site_name":"TOLIO","article_modified_time":"2025-09-11T04:00:27+00:00","og_image":[{"width":1000,"height":907,"url":"https:\/\/dev.tolio.co.nz\/wp-content\/uploads\/2023\/09\/43.png","type":"image\/png"}],"twitter_card":"summary_large_image","twitter_misc":{"Est. reading time":"1 minute"},"schema":{"@context":"https:\/\/schema.org","@graph":[{"@type":"WebPage","@id":"https:\/\/dev.tolio.co.nz\/san-pham\/thung-18-goi-pho-tro-de-nhat-huong-vi-cay-thap-cam-82g\/","url":"https:\/\/dev.tolio.co.nz\/san-pham\/thung-18-goi-pho-tro-de-nhat-huong-vi-cay-thap-cam-82g\/","name":"Th\u00f9ng 18 g\u00f3i ph\u1edf tr\u1ed9n \u0110\u1ec7 Nh\u1ea5t h\u01b0\u01a1ng v\u1ecb cay th\u1eadp c\u1ea9m 82g - TOLIO","isPartOf":{"@id":"https:\/\/dev.tolio.co.nz\/#website"},"primaryImageOfPage":{"@id":"https:\/\/dev.tolio.co.nz\/san-pham\/thung-18-goi-pho-tro-de-nhat-huong-vi-cay-thap-cam-82g\/#primaryimage"},"image":{"@id":"https:\/\/dev.tolio.co.nz\/san-pham\/thung-18-goi-pho-tro-de-nhat-huong-vi-cay-thap-cam-82g\/#primaryimage"},"thumbnailUrl":"https:\/\/dev.tolio.co.nz\/wp-content\/uploads\/2023\/09\/43.png","datePublished":"2023-09-23T04:57:49+00:00","dateModified":"2025-09-11T04:00:27+00:00","description":"\u2022 Th\u01b0\u01a1ng hi\u1ec7u: \u0110\u1ec7 Nh\u1ea5t \u2022 Xu\u1ea5t x\u1ee9 th\u01b0\u01a1ng hi\u1ec7u: Vi\u1ec7t Nam \u2022 Quy c\u00e1ch \u0111\u00f3ng g\u00f3i: G\u00f3i 82g, th\u00f9ng 18 g\u00f3i \u2022 L\u01b0u \u00fd: Bao b\u00ec s\u1ea3n ph\u1ea9m c\u00f3 th\u1ec3 thay \u0111\u1ed5i theo t\u1eebng \u0111\u1ee3t nh\u1eadp h\u00e0ng","breadcrumb":{"@id":"https:\/\/dev.tolio.co.nz\/san-pham\/thung-18-goi-pho-tro-de-nhat-huong-vi-cay-thap-cam-82g\/#breadcrumb"},"inLanguage":"en-US","potentialAction":[{"@type":"ReadAction","target":["https:\/\/dev.tolio.co.nz\/san-pham\/thung-18-goi-pho-tro-de-nhat-huong-vi-cay-thap-cam-82g\/"]}]},{"@type":"ImageObject","inLanguage":"en-US","@id":"https:\/\/dev.tolio.co.nz\/san-pham\/thung-18-goi-pho-tro-de-nhat-huong-vi-cay-thap-cam-82g\/#primaryimage","url":"https:\/\/dev.tolio.co.nz\/wp-content\/uploads\/2023\/09\/43.png","contentUrl":"https:\/\/dev.tolio.co.nz\/wp-content\/uploads\/2023\/09\/43.png","width":1000,"height":907},{"@type":"BreadcrumbList","@id":"https:\/\/dev.tolio.co.nz\/san-pham\/thung-18-goi-pho-tro-de-nhat-huong-vi-cay-thap-cam-82g\/#breadcrumb","itemListElement":[{"@type":"ListItem","position":1,"name":"Home","item":"https:\/\/dev.tolio.co.nz\/"},{"@type":"ListItem","position":2,"name":"C\u1eeda h\u00e0ng","item":"https:\/\/dev.tolio.co.nz\/cua-hang\/"},{"@type":"ListItem","position":3,"name":"Th\u00f9ng 18 g\u00f3i ph\u1edf tr\u1ed9n \u0110\u1ec7 Nh\u1ea5t h\u01b0\u01a1ng v\u1ecb cay th\u1eadp c\u1ea9m 82g"}]},{"@type":"WebSite","@id":"https:\/\/dev.tolio.co.nz\/#website","url":"https:\/\/dev.tolio.co.nz\/","name":"TOLIO","description":"Vietnamese Grocery Online","potentialAction":[{"@type":"SearchAction","target":{"@type":"EntryPoint","urlTemplate":"https:\/\/dev.tolio.co.nz\/?s={search_term_string}"},"query-input":{"@type":"PropertyValueSpecification","valueRequired":true,"valueName":"search_term_string"}}],"inLanguage":"en-US"}]}},"_links":{"self":[{"href":"https:\/\/dev.tolio.co.nz\/en\/wp-json\/wp\/v2\/product\/11430","targetHints":{"allow":["GET"]}}],"collection":[{"href":"https:\/\/dev.tolio.co.nz\/en\/wp-json\/wp\/v2\/product"}],"about":[{"href":"https:\/\/dev.tolio.co.nz\/en\/wp-json\/wp\/v2\/types\/product"}],"replies":[{"embeddable":true,"href":"https:\/\/dev.tolio.co.nz\/en\/wp-json\/wp\/v2\/comments?post=11430"}],"wp:featuredmedia":[{"embeddable":true,"href":"https:\/\/dev.tolio.co.nz\/en\/wp-json\/wp\/v2\/media\/20210"}],"wp:attachment":[{"href":"https:\/\/dev.tolio.co.nz\/en\/wp-json\/wp\/v2\/media?parent=11430"}],"wp:term":[{"taxonomy":"product_brand","embeddable":true,"href":"https:\/\/dev.tolio.co.nz\/en\/wp-json\/wp\/v2\/product_brand?post=11430"},{"taxonomy":"product_cat","embeddable":true,"href":"https:\/\/dev.tolio.co.nz\/en\/wp-json\/wp\/v2\/product_cat?post=11430"},{"taxonomy":"product_tag","embeddable":true,"href":"https:\/\/dev.tolio.co.nz\/en\/wp-json\/wp\/v2\/product_tag?post=11430"}],"curies":[{"name":"wp","href":"https:\/\/api.w.org\/{rel}","templated":true}]}}