{"id":11444,"date":"2023-09-23T20:27:23","date_gmt":"2023-09-23T07:42:23","guid":{"rendered":"https:\/\/tolio.co.nz\/?post_type=product&#038;p=11444"},"modified":"2025-09-11T16:00:27","modified_gmt":"2025-09-11T04:00:27","slug":"thung-30-goi-hu-tieu-nam-vang-nhip-song-acecook-70g","status":"publish","type":"product","link":"https:\/\/dev.tolio.co.nz\/en\/product\/30-packs-of-acecook-wine-70g\/","title":{"rendered":"Th\u00f9ng 30 g\u00f3i H\u1ee7 ti\u1ebfu Nam Vang Nh\u1ecbp S\u1ed1ng Acecook 71g"},"content":{"rendered":"<p><strong>H\u1ee7 ti\u1ebfu Nam Vang Nh\u1ecbp S\u1ed1ng Acecook 70g<\/strong> l\u00e0 s\u1ea3n ph\u1ea9m h\u1ee7 ti\u1ebfu \u0103n li\u1ec1n, \u0111\u1eadm \u0111\u00e0 th\u1ea5m \u0111\u1ec1u trong t\u1eebng s\u1ee3i h\u1ee7 ti\u1ebfu dai ngon c\u1ef1c \u0111\u00e3 c\u00f9ng m\u00f9i h\u01b0\u01a1ng h\u1ea5p d\u1eabn l\u00f4i cu\u1ed1n kh\u00f4ng th\u1ec3 ch\u1ed1i t\u1eeb nhi\u1ec1u ng\u01b0\u1eddi l\u1ef1a ch\u1ecdn.<\/p>\n<p><strong>H\u01b0\u1edbng d\u1eabn s\u1eed d\u1ee5ng<\/strong>:<\/p>\n<ul>\n<li>Cho v\u1eaft h\u1ee7 ti\u1ebfu v\u00e0 g\u00f3i rau s\u1ea5y v\u00e0o t\u00f4. Ch\u1ebf kho\u1ea3ng 400 ml n\u01b0\u1edbc s\u00f4i v\u00e0o t\u00f4, \u0111\u1eady n\u1eafp l\u1ea1i ch\u1edd trong 3 ph\u00fat. Tr\u1ed9n \u0111\u1ec1u v\u00e0 d\u00f9ng \u0111\u01b0\u1ee3c ngay..<\/li>\n<\/ul>\n<p><strong>B\u1ea3o qu\u1ea3n<\/strong>:<\/p>\n<ul>\n<li>B\u1ea3o qu\u1ea3n n\u01a1i kh\u00f4 r\u00e1o, tho\u00e1ng m\u00e1t, tr\u00e1nh \u00e1nh n\u1eafng tr\u1ef1c ti\u1ebfp. N\u00ean pha ch\u1ebf ngay sau khi m\u1edf bao b\u00ec. Tr\u00e1nh \u0111\u1ec3 g\u1ea7n h\u00f3a ch\u1ea5t ho\u1eb7c s\u1ea3n ph\u1ea9m c\u00f3 m\u00f9i m\u1ea1nh.<\/li>\n<\/ul>\n<p><span class=\"ui-provider a b c d e f g h i j k l m n o p q r s t u v w x y z ab ac ae af ag ah ai aj ak\" dir=\"ltr\"><strong>H\u1ea1n s\u1eed d\u1ee5ng:<\/strong> 18 th\u00e1ng t\u1eeb ng\u00e0y s\u1ea3n xu\u1ea5t.<\/span><\/p>","protected":false},"excerpt":{"rendered":"<ul>\n<li>Th\u01b0\u01a1ng hi\u1ec7u: Acecook<\/li>\n<li>Xu\u1ea5t x\u1ee9 th\u01b0\u01a1ng hi\u1ec7u: Vi\u1ec7t Nam<\/li>\n<li>Quy c\u00e1ch \u0111\u00f3ng g\u00f3i: g\u00f3i 70g, Th\u00f9ng 30 g\u00f3i<\/li>\n<li>L\u01b0u \u00fd: Bao b\u00ec s\u1ea3n ph\u1ea9m c\u00f3 th\u1ec3 thay \u0111\u1ed5i theo t\u1eebng \u0111\u1ee3t nh\u1eadp h\u00e0ng.<\/li>\n<\/ul>","protected":false},"featured_media":20206,"comment_status":"open","ping_status":"closed","template":"","meta":[],"product_brand":[],"product_cat":[511,31],"product_tag":[506,678,507],"class_list":{"0":"post-11444","1":"product","2":"type-product","3":"status-publish","4":"has-post-thumbnail","6":"product_cat-mi-pho-chao-an-lien","7":"product_cat-hang-moi-ve","8":"product_tag-hu-tieu","9":"product_tag-hu-tieu-acecook","10":"product_tag-hu-tieu-nam-vang","11":"pa_thuong-hieu-acecook","13":"first","14":"instock","15":"sale","16":"shipping-taxable","17":"purchasable","18":"product-type-simple"},"yoast_head":"<!-- This site is optimized with the Yoast SEO plugin v24.4 - https:\/\/yoast.com\/wordpress\/plugins\/seo\/ -->\n<title>Th\u00f9ng 30 g\u00f3i H\u1ee7 ti\u1ebfu Nam Vang Nh\u1ecbp S\u1ed1ng Acecook 71g - TOLIO<\/title>\n<meta name=\"description\" content=\"Th\u01b0\u01a1ng hi\u1ec7u: Acecook  Xu\u1ea5t x\u1ee9 th\u01b0\u01a1ng hi\u1ec7u: Vi\u1ec7t Nam  Quy c\u00e1ch \u0111\u00f3ng g\u00f3i: g\u00f3i 70g, Th\u00f9ng 30 g\u00f3i  L\u01b0u \u00fd: Bao b\u00ec s\u1ea3n ph\u1ea9m c\u00f3 th\u1ec3 thay \u0111\u1ed5i theo t\u1eebng \u0111\u1ee3t nh\u1eadp h\u00e0ng.\" \/>\n<meta name=\"robots\" content=\"index, follow, max-snippet:-1, max-image-preview:large, max-video-preview:-1\" \/>\n<link rel=\"canonical\" href=\"https:\/\/dev.tolio.co.nz\/en\/products\/30-packs-of-acecook-wine-70g\/\" \/>\n<meta property=\"og:locale\" content=\"en_US\" \/>\n<meta property=\"og:type\" content=\"article\" \/>\n<meta property=\"og:title\" content=\"Th\u00f9ng 30 g\u00f3i H\u1ee7 ti\u1ebfu Nam Vang Nh\u1ecbp S\u1ed1ng Acecook 71g - TOLIO\" \/>\n<meta property=\"og:description\" content=\"Th\u01b0\u01a1ng hi\u1ec7u: Acecook  Xu\u1ea5t x\u1ee9 th\u01b0\u01a1ng hi\u1ec7u: Vi\u1ec7t Nam  Quy c\u00e1ch \u0111\u00f3ng g\u00f3i: g\u00f3i 70g, Th\u00f9ng 30 g\u00f3i  L\u01b0u \u00fd: Bao b\u00ec s\u1ea3n ph\u1ea9m c\u00f3 th\u1ec3 thay \u0111\u1ed5i theo t\u1eebng \u0111\u1ee3t nh\u1eadp h\u00e0ng.\" \/>\n<meta property=\"og:url\" content=\"https:\/\/dev.tolio.co.nz\/en\/products\/30-packs-of-acecook-wine-70g\/\" \/>\n<meta property=\"og:site_name\" content=\"TOLIO\" \/>\n<meta property=\"article:modified_time\" content=\"2025-09-11T04:00:27+00:00\" \/>\n<meta property=\"og:image\" content=\"https:\/\/dev.tolio.co.nz\/wp-content\/uploads\/2023\/09\/39.png\" \/>\n\t<meta property=\"og:image:width\" content=\"1000\" \/>\n\t<meta property=\"og:image:height\" content=\"907\" \/>\n\t<meta property=\"og:image:type\" content=\"image\/png\" \/>\n<meta name=\"twitter:card\" content=\"summary_large_image\" \/>\n<meta name=\"twitter:label1\" content=\"Est. reading time\" \/>\n\t<meta name=\"twitter:data1\" content=\"1 minute\" \/>\n<script type=\"application\/ld+json\" class=\"yoast-schema-graph\">{\"@context\":\"https:\/\/schema.org\",\"@graph\":[{\"@type\":\"WebPage\",\"@id\":\"https:\/\/dev.tolio.co.nz\/en\/products\/30-packs-of-acecook-wine-70g\/\",\"url\":\"https:\/\/dev.tolio.co.nz\/en\/products\/30-packs-of-acecook-wine-70g\/\",\"name\":\"Th\u00f9ng 30 g\u00f3i H\u1ee7 ti\u1ebfu Nam Vang Nh\u1ecbp S\u1ed1ng Acecook 71g - TOLIO\",\"isPartOf\":{\"@id\":\"https:\/\/dev.tolio.co.nz\/#website\"},\"primaryImageOfPage\":{\"@id\":\"https:\/\/dev.tolio.co.nz\/en\/products\/30-packs-of-acecook-wine-70g\/#primaryimage\"},\"image\":{\"@id\":\"https:\/\/dev.tolio.co.nz\/en\/products\/30-packs-of-acecook-wine-70g\/#primaryimage\"},\"thumbnailUrl\":\"https:\/\/dev.tolio.co.nz\/wp-content\/uploads\/2023\/09\/39.png\",\"datePublished\":\"2023-09-23T07:42:23+00:00\",\"dateModified\":\"2025-09-11T04:00:27+00:00\",\"description\":\"Th\u01b0\u01a1ng hi\u1ec7u: Acecook Xu\u1ea5t x\u1ee9 th\u01b0\u01a1ng hi\u1ec7u: Vi\u1ec7t Nam Quy c\u00e1ch \u0111\u00f3ng g\u00f3i: g\u00f3i 70g, Th\u00f9ng 30 g\u00f3i L\u01b0u \u00fd: Bao b\u00ec s\u1ea3n ph\u1ea9m c\u00f3 th\u1ec3 thay \u0111\u1ed5i theo t\u1eebng \u0111\u1ee3t nh\u1eadp h\u00e0ng.\",\"breadcrumb\":{\"@id\":\"https:\/\/dev.tolio.co.nz\/en\/products\/30-packs-of-acecook-wine-70g\/#breadcrumb\"},\"inLanguage\":\"en-US\",\"potentialAction\":[{\"@type\":\"ReadAction\",\"target\":[\"https:\/\/dev.tolio.co.nz\/en\/products\/30-packs-of-acecook-wine-70g\/\"]}]},{\"@type\":\"ImageObject\",\"inLanguage\":\"en-US\",\"@id\":\"https:\/\/dev.tolio.co.nz\/en\/products\/30-packs-of-acecook-wine-70g\/#primaryimage\",\"url\":\"https:\/\/dev.tolio.co.nz\/wp-content\/uploads\/2023\/09\/39.png\",\"contentUrl\":\"https:\/\/dev.tolio.co.nz\/wp-content\/uploads\/2023\/09\/39.png\",\"width\":1000,\"height\":907},{\"@type\":\"BreadcrumbList\",\"@id\":\"https:\/\/dev.tolio.co.nz\/en\/products\/30-packs-of-acecook-wine-70g\/#breadcrumb\",\"itemListElement\":[{\"@type\":\"ListItem\",\"position\":1,\"name\":\"Home\",\"item\":\"https:\/\/dev.tolio.co.nz\/\"},{\"@type\":\"ListItem\",\"position\":2,\"name\":\"C\u1eeda h\u00e0ng\",\"item\":\"https:\/\/dev.tolio.co.nz\/cua-hang\/\"},{\"@type\":\"ListItem\",\"position\":3,\"name\":\"Th\u00f9ng 30 g\u00f3i H\u1ee7 ti\u1ebfu Nam Vang Nh\u1ecbp S\u1ed1ng Acecook 71g\"}]},{\"@type\":\"WebSite\",\"@id\":\"https:\/\/dev.tolio.co.nz\/#website\",\"url\":\"https:\/\/dev.tolio.co.nz\/\",\"name\":\"TOLIO\",\"description\":\"Vietnamese Grocery Online\",\"potentialAction\":[{\"@type\":\"SearchAction\",\"target\":{\"@type\":\"EntryPoint\",\"urlTemplate\":\"https:\/\/dev.tolio.co.nz\/?s={search_term_string}\"},\"query-input\":{\"@type\":\"PropertyValueSpecification\",\"valueRequired\":true,\"valueName\":\"search_term_string\"}}],\"inLanguage\":\"en-US\"}]}<\/script>\n<!-- \/ Yoast SEO plugin. -->","yoast_head_json":{"title":"Th\u00f9ng 30 g\u00f3i H\u1ee7 ti\u1ebfu Nam Vang Nh\u1ecbp S\u1ed1ng Acecook 71g - TOLIO","description":"Th\u01b0\u01a1ng hi\u1ec7u: Acecook  Xu\u1ea5t x\u1ee9 th\u01b0\u01a1ng hi\u1ec7u: Vi\u1ec7t Nam  Quy c\u00e1ch \u0111\u00f3ng g\u00f3i: g\u00f3i 70g, Th\u00f9ng 30 g\u00f3i  L\u01b0u \u00fd: Bao b\u00ec s\u1ea3n ph\u1ea9m c\u00f3 th\u1ec3 thay \u0111\u1ed5i theo t\u1eebng \u0111\u1ee3t nh\u1eadp h\u00e0ng.","robots":{"index":"index","follow":"follow","max-snippet":"max-snippet:-1","max-image-preview":"max-image-preview:large","max-video-preview":"max-video-preview:-1"},"canonical":"https:\/\/dev.tolio.co.nz\/en\/products\/30-packs-of-acecook-wine-70g\/","og_locale":"en_US","og_type":"article","og_title":"Th\u00f9ng 30 g\u00f3i H\u1ee7 ti\u1ebfu Nam Vang Nh\u1ecbp S\u1ed1ng Acecook 71g - TOLIO","og_description":"Th\u01b0\u01a1ng hi\u1ec7u: Acecook  Xu\u1ea5t x\u1ee9 th\u01b0\u01a1ng hi\u1ec7u: Vi\u1ec7t Nam  Quy c\u00e1ch \u0111\u00f3ng g\u00f3i: g\u00f3i 70g, Th\u00f9ng 30 g\u00f3i  L\u01b0u \u00fd: Bao b\u00ec s\u1ea3n ph\u1ea9m c\u00f3 th\u1ec3 thay \u0111\u1ed5i theo t\u1eebng \u0111\u1ee3t nh\u1eadp h\u00e0ng.","og_url":"https:\/\/dev.tolio.co.nz\/en\/products\/30-packs-of-acecook-wine-70g\/","og_site_name":"TOLIO","article_modified_time":"2025-09-11T04:00:27+00:00","og_image":[{"width":1000,"height":907,"url":"https:\/\/dev.tolio.co.nz\/wp-content\/uploads\/2023\/09\/39.png","type":"image\/png"}],"twitter_card":"summary_large_image","twitter_misc":{"Est. reading time":"1 minute"},"schema":{"@context":"https:\/\/schema.org","@graph":[{"@type":"WebPage","@id":"https:\/\/dev.tolio.co.nz\/en\/products\/30-packs-of-acecook-wine-70g\/","url":"https:\/\/dev.tolio.co.nz\/en\/products\/30-packs-of-acecook-wine-70g\/","name":"Th\u00f9ng 30 g\u00f3i H\u1ee7 ti\u1ebfu Nam Vang Nh\u1ecbp S\u1ed1ng Acecook 71g - TOLIO","isPartOf":{"@id":"https:\/\/dev.tolio.co.nz\/#website"},"primaryImageOfPage":{"@id":"https:\/\/dev.tolio.co.nz\/en\/products\/30-packs-of-acecook-wine-70g\/#primaryimage"},"image":{"@id":"https:\/\/dev.tolio.co.nz\/en\/products\/30-packs-of-acecook-wine-70g\/#primaryimage"},"thumbnailUrl":"https:\/\/dev.tolio.co.nz\/wp-content\/uploads\/2023\/09\/39.png","datePublished":"2023-09-23T07:42:23+00:00","dateModified":"2025-09-11T04:00:27+00:00","description":"Th\u01b0\u01a1ng hi\u1ec7u: Acecook Xu\u1ea5t x\u1ee9 th\u01b0\u01a1ng hi\u1ec7u: Vi\u1ec7t Nam Quy c\u00e1ch \u0111\u00f3ng g\u00f3i: g\u00f3i 70g, Th\u00f9ng 30 g\u00f3i L\u01b0u \u00fd: Bao b\u00ec s\u1ea3n ph\u1ea9m c\u00f3 th\u1ec3 thay \u0111\u1ed5i theo t\u1eebng \u0111\u1ee3t nh\u1eadp h\u00e0ng.","breadcrumb":{"@id":"https:\/\/dev.tolio.co.nz\/en\/products\/30-packs-of-acecook-wine-70g\/#breadcrumb"},"inLanguage":"en-US","potentialAction":[{"@type":"ReadAction","target":["https:\/\/dev.tolio.co.nz\/en\/products\/30-packs-of-acecook-wine-70g\/"]}]},{"@type":"ImageObject","inLanguage":"en-US","@id":"https:\/\/dev.tolio.co.nz\/en\/products\/30-packs-of-acecook-wine-70g\/#primaryimage","url":"https:\/\/dev.tolio.co.nz\/wp-content\/uploads\/2023\/09\/39.png","contentUrl":"https:\/\/dev.tolio.co.nz\/wp-content\/uploads\/2023\/09\/39.png","width":1000,"height":907},{"@type":"BreadcrumbList","@id":"https:\/\/dev.tolio.co.nz\/en\/products\/30-packs-of-acecook-wine-70g\/#breadcrumb","itemListElement":[{"@type":"ListItem","position":1,"name":"Home","item":"https:\/\/dev.tolio.co.nz\/"},{"@type":"ListItem","position":2,"name":"C\u1eeda h\u00e0ng","item":"https:\/\/dev.tolio.co.nz\/cua-hang\/"},{"@type":"ListItem","position":3,"name":"Th\u00f9ng 30 g\u00f3i H\u1ee7 ti\u1ebfu Nam Vang Nh\u1ecbp S\u1ed1ng Acecook 71g"}]},{"@type":"WebSite","@id":"https:\/\/dev.tolio.co.nz\/#website","url":"https:\/\/dev.tolio.co.nz\/","name":"TOLIO","description":"Vietnamese Grocery Online","potentialAction":[{"@type":"SearchAction","target":{"@type":"EntryPoint","urlTemplate":"https:\/\/dev.tolio.co.nz\/?s={search_term_string}"},"query-input":{"@type":"PropertyValueSpecification","valueRequired":true,"valueName":"search_term_string"}}],"inLanguage":"en-US"}]}},"_links":{"self":[{"href":"https:\/\/dev.tolio.co.nz\/en\/wp-json\/wp\/v2\/product\/11444","targetHints":{"allow":["GET"]}}],"collection":[{"href":"https:\/\/dev.tolio.co.nz\/en\/wp-json\/wp\/v2\/product"}],"about":[{"href":"https:\/\/dev.tolio.co.nz\/en\/wp-json\/wp\/v2\/types\/product"}],"replies":[{"embeddable":true,"href":"https:\/\/dev.tolio.co.nz\/en\/wp-json\/wp\/v2\/comments?post=11444"}],"wp:featuredmedia":[{"embeddable":true,"href":"https:\/\/dev.tolio.co.nz\/en\/wp-json\/wp\/v2\/media\/20206"}],"wp:attachment":[{"href":"https:\/\/dev.tolio.co.nz\/en\/wp-json\/wp\/v2\/media?parent=11444"}],"wp:term":[{"taxonomy":"product_brand","embeddable":true,"href":"https:\/\/dev.tolio.co.nz\/en\/wp-json\/wp\/v2\/product_brand?post=11444"},{"taxonomy":"product_cat","embeddable":true,"href":"https:\/\/dev.tolio.co.nz\/en\/wp-json\/wp\/v2\/product_cat?post=11444"},{"taxonomy":"product_tag","embeddable":true,"href":"https:\/\/dev.tolio.co.nz\/en\/wp-json\/wp\/v2\/product_tag?post=11444"}],"curies":[{"name":"wp","href":"https:\/\/api.w.org\/{rel}","templated":true}]}}