{"id":11462,"date":"2023-09-24T03:13:47","date_gmt":"2023-09-23T14:28:47","guid":{"rendered":"https:\/\/tolio.co.nz\/?post_type=product&#038;p=11462"},"modified":"2025-09-11T15:59:42","modified_gmt":"2025-09-11T03:59:42","slug":"mo-ngam-duong-thanh-phuong-1kg","status":"publish","type":"product","link":"https:\/\/dev.tolio.co.nz\/en\/product\/1-kg-of-thanh-phuong-duong-duong\/","title":{"rendered":"M\u01a1 ng\u00e2m \u0111\u01b0\u01a1\u0300ng Thanh Ph\u01b0\u01a1ng 1kg"},"content":{"rendered":"<p><strong>M\u01a1 ng\u00e2m \u0111\u01b0\u01a1\u0300ng Thanh Ph\u01b0\u01a1ng 1kg <\/strong>\u0111\u01b0\u1ee3c l\u00e0m t\u1eeb m\u01a1 v\u00e0 \u0111\u01b0\u1eddng kh\u00f4ng c\u00f3 b\u1ea5t k\u1ef3 ph\u1ee5 gia n\u00e0o kh\u00e1c n\u00ean lu\u00f4n \u0111\u1ea3m b\u1ea3o ch\u1ea5t l\u01b0\u1ee3ng c\u1ee7a m\u01a1. M\u01a1 Ng\u00e2m \u0110\u01b0\u1eddng Thanh Ph\u01b0\u01a1ng ngo\u00e0i t\u00e1c d\u1ee5ng gi\u00fap thanh nhi\u1ec7t c\u01a1 th\u1ec3, \u0103n qu\u1ea3 m\u01a1 ng\u00e2m \u0111\u01b0\u1eddng s\u1ebd mang l\u1ea1i nhi\u1ec1u l\u1ee3i \u00edch s\u1ee9c kho\u1ebb cho c\u01a1 th\u1ec3 b\u00e1n nh\u01b0 d\u00f9ng \u0111\u1ec3 tr\u1ecb ho, gi\u00fap s\u00e1ng m\u1eaft, l\u00e0m \u0111\u1eb9p da v\u00ec trong qu\u1ea3 m\u01a1 c\u00f3 r\u1ea5t nhi\u1ec1u vitamin A v\u00e0 C r\u1ea5t t\u1ed1t cho m\u1eaft v\u00e0 da, gi\u1ea3m c\u00e1c b\u1ec7nh li\u00ean quan \u0111\u1ebfn tim m\u1ea1ch v\u00ec trong qu\u1ea3 m\u01a1 ng\u00e2m c\u00f3 ch\u1ee9a nhi\u1ec1u ch\u1ea5t x\u01a1 l\u00e0m gi\u1ea3m h\u00e0m l\u01b0\u1ee3ng cholesterol trong c\u01a1 th\u1ec3.<\/p>\n<p><strong>H\u01b0\u1edbng d\u1eabn s\u1eed d\u1ee5ng:<\/strong><\/p>\n<ul>\n<li style=\"font-weight: 400\"><span style=\"font-size: medium\">U\u1ed1ng l\u1ea1nh: D\u00f9ng pha v\u1edbi \u0111\u00e1 th\u00e0nh th\u1ee9c u\u1ed1ng gi\u1ea3i kh\u00e1t.<\/span><\/li>\n<li style=\"font-weight: 400\"><span style=\"font-size: medium\">C\u00f3 th\u1ec3 k\u1ebft h\u1ee3p pha ch\u1ebf v\u1edbi c\u00e1c lo\u1ea1i th\u1ee9c u\u1ed1ng kh\u00e1c.<\/span><\/li>\n<li style=\"font-weight: 400\"><span style=\"font-size: medium\">D\u00f9ng mu\u1ed7ng s\u1ea1ch khi s\u1eed d\u1ee5ng.<\/span><\/li>\n<li style=\"font-weight: 400\"><span style=\"font-size: medium\">Th\u00f4ng tin c\u1ea3nh b\u00e1o: Kh\u00f4ng d\u00f9ng s\u1ea3n ph\u1ea9m h\u1ebft h\u1ea1n s\u1eed d\u1ee5ng.<\/span><\/li>\n<\/ul>\n<p><strong>B\u1ea3o qu\u1ea3n:<\/strong><\/p>\n<ul>\n<li>\u0110\u1ec3 n\u01a1i kh\u00f4 r\u00e1o, tho\u00e1ng m\u00e1t, tr\u00e1nh \u00e1nh n\u1eafng tr\u1ef1c ti\u1ebfp. B\u1ea3o qu\u1ea3n l\u1ea1nh s\u1ebd t\u1ed1t h\u01a1n.<\/li>\n<\/ul>","protected":false},"excerpt":{"rendered":"<ul>\n<li>Th\u01b0\u01a1ng hi\u1ec7u: Thanh Ph\u01b0\u01a1ng<\/li>\n<li>Xu\u1ea5t x\u1ee9 th\u01b0\u01a1ng hi\u1ec7u: Vi\u1ec7t Nam<\/li>\n<li>Quy c\u00e1ch \u0111\u00f3ng g\u00f3i: H\u1ed9p 1kg<\/li>\n<li>L\u01b0u \u00fd: Bao b\u00ec s\u1ea3n ph\u1ea9m c\u00f3 th\u1ec3 thay \u0111\u1ed5i theo t\u1eebng \u0111\u1ee3t nh\u1eadp h\u00e0ng<\/li>\n<\/ul>","protected":false},"featured_media":23598,"comment_status":"open","ping_status":"closed","template":"","meta":[],"product_brand":[],"product_cat":[35,31],"product_tag":[693],"class_list":{"0":"post-11462","1":"product","2":"type-product","3":"status-publish","4":"has-post-thumbnail","6":"product_cat-banh-keo","7":"product_cat-hang-moi-ve","8":"product_tag-mo-ngam-duong","9":"pa_thuong-hieu-thanh-phuong","11":"first","12":"instock","13":"shipping-taxable","14":"purchasable","15":"product-type-simple"},"yoast_head":"<!-- This site is optimized with the Yoast SEO plugin v24.4 - https:\/\/yoast.com\/wordpress\/plugins\/seo\/ -->\n<title>M\u01a1 ng\u00e2m \u0111\u01b0\u01a1\u0300ng Thanh Ph\u01b0\u01a1ng 1kg - TOLIO<\/title>\n<meta name=\"description\" content=\"Th\u01b0\u01a1ng hi\u1ec7u: Thanh Ph\u01b0\u01a1ng  Xu\u1ea5t x\u1ee9 th\u01b0\u01a1ng hi\u1ec7u: Vi\u1ec7t Nam  Quy c\u00e1ch \u0111\u00f3ng g\u00f3i: H\u1ed9p 1kg  L\u01b0u \u00fd: Bao b\u00ec s\u1ea3n ph\u1ea9m c\u00f3 th\u1ec3 thay \u0111\u1ed5i theo t\u1eebng \u0111\u1ee3t nh\u1eadp h\u00e0ng\" \/>\n<meta name=\"robots\" content=\"index, follow, max-snippet:-1, max-image-preview:large, max-video-preview:-1\" \/>\n<link rel=\"canonical\" href=\"https:\/\/dev.tolio.co.nz\/en\/product\/1-kg-of-thanh-phuong-duong-duong\/\" \/>\n<meta property=\"og:locale\" content=\"en_US\" \/>\n<meta property=\"og:type\" content=\"article\" \/>\n<meta property=\"og:title\" content=\"M\u01a1 ng\u00e2m \u0111\u01b0\u01a1\u0300ng Thanh Ph\u01b0\u01a1ng 1kg - TOLIO\" \/>\n<meta property=\"og:description\" content=\"Th\u01b0\u01a1ng hi\u1ec7u: Thanh Ph\u01b0\u01a1ng  Xu\u1ea5t x\u1ee9 th\u01b0\u01a1ng hi\u1ec7u: Vi\u1ec7t Nam  Quy c\u00e1ch \u0111\u00f3ng g\u00f3i: H\u1ed9p 1kg  L\u01b0u \u00fd: Bao b\u00ec s\u1ea3n ph\u1ea9m c\u00f3 th\u1ec3 thay \u0111\u1ed5i theo t\u1eebng \u0111\u1ee3t nh\u1eadp h\u00e0ng\" \/>\n<meta property=\"og:url\" content=\"https:\/\/dev.tolio.co.nz\/en\/product\/1-kg-of-thanh-phuong-duong-duong\/\" \/>\n<meta property=\"og:site_name\" content=\"TOLIO\" \/>\n<meta property=\"article:modified_time\" content=\"2025-09-11T03:59:42+00:00\" \/>\n<meta property=\"og:image\" content=\"https:\/\/dev.tolio.co.nz\/wp-content\/uploads\/2023\/09\/45.png\" \/>\n\t<meta property=\"og:image:width\" content=\"1000\" \/>\n\t<meta property=\"og:image:height\" content=\"907\" \/>\n\t<meta property=\"og:image:type\" content=\"image\/png\" \/>\n<meta name=\"twitter:card\" content=\"summary_large_image\" \/>\n<meta name=\"twitter:label1\" content=\"Est. reading time\" \/>\n\t<meta name=\"twitter:data1\" content=\"1 minute\" \/>\n<script type=\"application\/ld+json\" class=\"yoast-schema-graph\">{\"@context\":\"https:\/\/schema.org\",\"@graph\":[{\"@type\":\"WebPage\",\"@id\":\"https:\/\/dev.tolio.co.nz\/san-pham\/mo-ngam-duong-thanh-phuong-1kg\/\",\"url\":\"https:\/\/dev.tolio.co.nz\/san-pham\/mo-ngam-duong-thanh-phuong-1kg\/\",\"name\":\"M\u01a1 ng\u00e2m \u0111\u01b0\u01a1\u0300ng Thanh Ph\u01b0\u01a1ng 1kg - TOLIO\",\"isPartOf\":{\"@id\":\"https:\/\/dev.tolio.co.nz\/#website\"},\"primaryImageOfPage\":{\"@id\":\"https:\/\/dev.tolio.co.nz\/san-pham\/mo-ngam-duong-thanh-phuong-1kg\/#primaryimage\"},\"image\":{\"@id\":\"https:\/\/dev.tolio.co.nz\/san-pham\/mo-ngam-duong-thanh-phuong-1kg\/#primaryimage\"},\"thumbnailUrl\":\"https:\/\/dev.tolio.co.nz\/wp-content\/uploads\/2023\/09\/45.png\",\"datePublished\":\"2023-09-23T14:28:47+00:00\",\"dateModified\":\"2025-09-11T03:59:42+00:00\",\"description\":\"Th\u01b0\u01a1ng hi\u1ec7u: Thanh Ph\u01b0\u01a1ng Xu\u1ea5t x\u1ee9 th\u01b0\u01a1ng hi\u1ec7u: Vi\u1ec7t Nam Quy c\u00e1ch \u0111\u00f3ng g\u00f3i: H\u1ed9p 1kg L\u01b0u \u00fd: Bao b\u00ec s\u1ea3n ph\u1ea9m c\u00f3 th\u1ec3 thay \u0111\u1ed5i theo t\u1eebng \u0111\u1ee3t nh\u1eadp h\u00e0ng\",\"breadcrumb\":{\"@id\":\"https:\/\/dev.tolio.co.nz\/san-pham\/mo-ngam-duong-thanh-phuong-1kg\/#breadcrumb\"},\"inLanguage\":\"en-US\",\"potentialAction\":[{\"@type\":\"ReadAction\",\"target\":[\"https:\/\/dev.tolio.co.nz\/san-pham\/mo-ngam-duong-thanh-phuong-1kg\/\"]}]},{\"@type\":\"ImageObject\",\"inLanguage\":\"en-US\",\"@id\":\"https:\/\/dev.tolio.co.nz\/san-pham\/mo-ngam-duong-thanh-phuong-1kg\/#primaryimage\",\"url\":\"https:\/\/dev.tolio.co.nz\/wp-content\/uploads\/2023\/09\/45.png\",\"contentUrl\":\"https:\/\/dev.tolio.co.nz\/wp-content\/uploads\/2023\/09\/45.png\",\"width\":1000,\"height\":907},{\"@type\":\"BreadcrumbList\",\"@id\":\"https:\/\/dev.tolio.co.nz\/san-pham\/mo-ngam-duong-thanh-phuong-1kg\/#breadcrumb\",\"itemListElement\":[{\"@type\":\"ListItem\",\"position\":1,\"name\":\"Home\",\"item\":\"https:\/\/dev.tolio.co.nz\/\"},{\"@type\":\"ListItem\",\"position\":2,\"name\":\"C\u1eeda h\u00e0ng\",\"item\":\"https:\/\/dev.tolio.co.nz\/cua-hang\/\"},{\"@type\":\"ListItem\",\"position\":3,\"name\":\"M\u01a1 ng\u00e2m \u0111\u01b0\u01a1\u0300ng Thanh Ph\u01b0\u01a1ng 1kg\"}]},{\"@type\":\"WebSite\",\"@id\":\"https:\/\/dev.tolio.co.nz\/#website\",\"url\":\"https:\/\/dev.tolio.co.nz\/\",\"name\":\"TOLIO\",\"description\":\"Vietnamese Grocery Online\",\"potentialAction\":[{\"@type\":\"SearchAction\",\"target\":{\"@type\":\"EntryPoint\",\"urlTemplate\":\"https:\/\/dev.tolio.co.nz\/?s={search_term_string}\"},\"query-input\":{\"@type\":\"PropertyValueSpecification\",\"valueRequired\":true,\"valueName\":\"search_term_string\"}}],\"inLanguage\":\"en-US\"}]}<\/script>\n<!-- \/ Yoast SEO plugin. -->","yoast_head_json":{"title":"M\u01a1 ng\u00e2m \u0111\u01b0\u01a1\u0300ng Thanh Ph\u01b0\u01a1ng 1kg - TOLIO","description":"Th\u01b0\u01a1ng hi\u1ec7u: Thanh Ph\u01b0\u01a1ng  Xu\u1ea5t x\u1ee9 th\u01b0\u01a1ng hi\u1ec7u: Vi\u1ec7t Nam  Quy c\u00e1ch \u0111\u00f3ng g\u00f3i: H\u1ed9p 1kg  L\u01b0u \u00fd: Bao b\u00ec s\u1ea3n ph\u1ea9m c\u00f3 th\u1ec3 thay \u0111\u1ed5i theo t\u1eebng \u0111\u1ee3t nh\u1eadp h\u00e0ng","robots":{"index":"index","follow":"follow","max-snippet":"max-snippet:-1","max-image-preview":"max-image-preview:large","max-video-preview":"max-video-preview:-1"},"canonical":"https:\/\/dev.tolio.co.nz\/en\/product\/1-kg-of-thanh-phuong-duong-duong\/","og_locale":"en_US","og_type":"article","og_title":"M\u01a1 ng\u00e2m \u0111\u01b0\u01a1\u0300ng Thanh Ph\u01b0\u01a1ng 1kg - TOLIO","og_description":"Th\u01b0\u01a1ng hi\u1ec7u: Thanh Ph\u01b0\u01a1ng  Xu\u1ea5t x\u1ee9 th\u01b0\u01a1ng hi\u1ec7u: Vi\u1ec7t Nam  Quy c\u00e1ch \u0111\u00f3ng g\u00f3i: H\u1ed9p 1kg  L\u01b0u \u00fd: Bao b\u00ec s\u1ea3n ph\u1ea9m c\u00f3 th\u1ec3 thay \u0111\u1ed5i theo t\u1eebng \u0111\u1ee3t nh\u1eadp h\u00e0ng","og_url":"https:\/\/dev.tolio.co.nz\/en\/product\/1-kg-of-thanh-phuong-duong-duong\/","og_site_name":"TOLIO","article_modified_time":"2025-09-11T03:59:42+00:00","og_image":[{"width":1000,"height":907,"url":"https:\/\/dev.tolio.co.nz\/wp-content\/uploads\/2023\/09\/45.png","type":"image\/png"}],"twitter_card":"summary_large_image","twitter_misc":{"Est. reading time":"1 minute"},"schema":{"@context":"https:\/\/schema.org","@graph":[{"@type":"WebPage","@id":"https:\/\/dev.tolio.co.nz\/san-pham\/mo-ngam-duong-thanh-phuong-1kg\/","url":"https:\/\/dev.tolio.co.nz\/san-pham\/mo-ngam-duong-thanh-phuong-1kg\/","name":"M\u01a1 ng\u00e2m \u0111\u01b0\u01a1\u0300ng Thanh Ph\u01b0\u01a1ng 1kg - TOLIO","isPartOf":{"@id":"https:\/\/dev.tolio.co.nz\/#website"},"primaryImageOfPage":{"@id":"https:\/\/dev.tolio.co.nz\/san-pham\/mo-ngam-duong-thanh-phuong-1kg\/#primaryimage"},"image":{"@id":"https:\/\/dev.tolio.co.nz\/san-pham\/mo-ngam-duong-thanh-phuong-1kg\/#primaryimage"},"thumbnailUrl":"https:\/\/dev.tolio.co.nz\/wp-content\/uploads\/2023\/09\/45.png","datePublished":"2023-09-23T14:28:47+00:00","dateModified":"2025-09-11T03:59:42+00:00","description":"Th\u01b0\u01a1ng hi\u1ec7u: Thanh Ph\u01b0\u01a1ng Xu\u1ea5t x\u1ee9 th\u01b0\u01a1ng hi\u1ec7u: Vi\u1ec7t Nam Quy c\u00e1ch \u0111\u00f3ng g\u00f3i: H\u1ed9p 1kg L\u01b0u \u00fd: Bao b\u00ec s\u1ea3n ph\u1ea9m c\u00f3 th\u1ec3 thay \u0111\u1ed5i theo t\u1eebng \u0111\u1ee3t nh\u1eadp h\u00e0ng","breadcrumb":{"@id":"https:\/\/dev.tolio.co.nz\/san-pham\/mo-ngam-duong-thanh-phuong-1kg\/#breadcrumb"},"inLanguage":"en-US","potentialAction":[{"@type":"ReadAction","target":["https:\/\/dev.tolio.co.nz\/san-pham\/mo-ngam-duong-thanh-phuong-1kg\/"]}]},{"@type":"ImageObject","inLanguage":"en-US","@id":"https:\/\/dev.tolio.co.nz\/san-pham\/mo-ngam-duong-thanh-phuong-1kg\/#primaryimage","url":"https:\/\/dev.tolio.co.nz\/wp-content\/uploads\/2023\/09\/45.png","contentUrl":"https:\/\/dev.tolio.co.nz\/wp-content\/uploads\/2023\/09\/45.png","width":1000,"height":907},{"@type":"BreadcrumbList","@id":"https:\/\/dev.tolio.co.nz\/san-pham\/mo-ngam-duong-thanh-phuong-1kg\/#breadcrumb","itemListElement":[{"@type":"ListItem","position":1,"name":"Home","item":"https:\/\/dev.tolio.co.nz\/"},{"@type":"ListItem","position":2,"name":"C\u1eeda h\u00e0ng","item":"https:\/\/dev.tolio.co.nz\/cua-hang\/"},{"@type":"ListItem","position":3,"name":"M\u01a1 ng\u00e2m \u0111\u01b0\u01a1\u0300ng Thanh Ph\u01b0\u01a1ng 1kg"}]},{"@type":"WebSite","@id":"https:\/\/dev.tolio.co.nz\/#website","url":"https:\/\/dev.tolio.co.nz\/","name":"TOLIO","description":"Vietnamese Grocery Online","potentialAction":[{"@type":"SearchAction","target":{"@type":"EntryPoint","urlTemplate":"https:\/\/dev.tolio.co.nz\/?s={search_term_string}"},"query-input":{"@type":"PropertyValueSpecification","valueRequired":true,"valueName":"search_term_string"}}],"inLanguage":"en-US"}]}},"_links":{"self":[{"href":"https:\/\/dev.tolio.co.nz\/en\/wp-json\/wp\/v2\/product\/11462","targetHints":{"allow":["GET"]}}],"collection":[{"href":"https:\/\/dev.tolio.co.nz\/en\/wp-json\/wp\/v2\/product"}],"about":[{"href":"https:\/\/dev.tolio.co.nz\/en\/wp-json\/wp\/v2\/types\/product"}],"replies":[{"embeddable":true,"href":"https:\/\/dev.tolio.co.nz\/en\/wp-json\/wp\/v2\/comments?post=11462"}],"wp:featuredmedia":[{"embeddable":true,"href":"https:\/\/dev.tolio.co.nz\/en\/wp-json\/wp\/v2\/media\/23598"}],"wp:attachment":[{"href":"https:\/\/dev.tolio.co.nz\/en\/wp-json\/wp\/v2\/media?parent=11462"}],"wp:term":[{"taxonomy":"product_brand","embeddable":true,"href":"https:\/\/dev.tolio.co.nz\/en\/wp-json\/wp\/v2\/product_brand?post=11462"},{"taxonomy":"product_cat","embeddable":true,"href":"https:\/\/dev.tolio.co.nz\/en\/wp-json\/wp\/v2\/product_cat?post=11462"},{"taxonomy":"product_tag","embeddable":true,"href":"https:\/\/dev.tolio.co.nz\/en\/wp-json\/wp\/v2\/product_tag?post=11462"}],"curies":[{"name":"wp","href":"https:\/\/api.w.org\/{rel}","templated":true}]}}