{"id":11490,"date":"2023-09-24T15:42:37","date_gmt":"2023-09-24T02:57:37","guid":{"rendered":"https:\/\/tolio.co.nz\/?post_type=product&#038;p=11490"},"modified":"2025-09-11T16:00:54","modified_gmt":"2025-09-11T04:00:54","slug":"set-5-goi-banh-canh-kho-dac-san-hue-phuong-may-350g","status":"publish","type":"product","link":"https:\/\/dev.tolio.co.nz\/en\/product\/set-of-5-packages-of-banh-canh-kho-dac-san-huong-phuong-may-350g-2\/","title":{"rendered":"Set 5 g\u00f3i B\u00e1nh canh kh\u00f4 \u0111\u1eb7c s\u1ea3n Hu\u1ebf Ph\u01b0\u01a1ng M\u00e2y 350g"},"content":{"rendered":"<p><strong>Set 5 g\u00f3i B\u00e1nh canh kh\u00f4 \u0111\u1eb7c s\u1ea3n Hu\u1ebf Ph\u01b0\u01a1ng M\u00e2y 350g<\/strong>\u00a0\u0111\u01b0\u1ee3c l\u00e0m ch\u1ee7 y\u1ebfu t\u1eeb b\u1ed9t m\u00ec, \u0111\u00e2y l\u00e0 m\u00f3n \u0103n quen thu\u1ed9c c\u1ee7a ng\u01b0\u1eddi d\u00e2n mi\u1ec1n Trung \u0111\u1eb7c bi\u1ec7t l\u00e0 x\u1ee9 Hu\u1ebf. V\u1edbi c\u00f4ng th\u1ee9c ch\u1ebf bi\u1ebfn hi\u1ec7n \u0111\u1ea1i gi\u00fap s\u1ee3i b\u00e1nh canh sau khi n\u1ea5u m\u1ec1m dai h\u1ea5p d\u1eabn g\u00f3p ph\u1ea7n l\u00e0m cho c\u00e1c b\u1eefa \u0103n th\u00eam ngon mi\u1ec7ng. \u0110\u1ed3ng th\u1eddi, B\u00e1nh Canh Hu\u1ebf ho\u00e0n to\u00e0n kh\u00f4ng ch\u1ee9a t\u1ea1p ch\u1ea5t v\u00e0 ch\u1ea5t b\u1ea3o qu\u1ea3n, \u0111\u1ea3m b\u1ea3o an to\u00e0n cho s\u1ee9c kh\u1ecfe ng\u01b0\u1eddi ti\u00eau d\u00f9ng.<\/p>\n<p><strong>H\u01b0\u1edbng d\u1eabn s\u1eed d\u1ee5ng:<\/strong><\/p>\n<ul>\n<li>Ng\u00e2m b\u00e1nh canh kh\u00f4 trong n\u01b0\u1edbc l\u1ea1nh kho\u1ea3ng 5-10 ph\u00fat.<\/li>\n<li>N\u1ea5u b\u00e1nh canh trong n\u01b0\u1edbc s\u00f4i kho\u1ea3ng 3-5 ph\u00fat cho \u0111\u1ebfn khi ki\u1ec3m tra th\u1ea5y b\u00e1nh canh v\u1eeba ch\u00edn, thi tho\u1ea3ng khu\u1ea5y t\u01a1i \u0111\u1ec3 s\u1ee3i b\u00e1nh canh \u0111\u01b0\u1ee3c ch\u00edn \u0111\u1ec1u.<\/li>\n<li>V\u1edbt b\u00e1nh canh x\u1ea3 l\u1ea1i v\u1edbi n\u01b0\u1edbc th\u01b0\u1eddng v\u00e0 \u0111\u1ec3 r\u00e1o.<\/li>\n<li>Ch\u1ebf bi\u1ebfn s\u1eed d\u1ee5ng theo s\u1edf th\u00edch, c\u00f3 th\u1ec3 d\u00f9ng v\u1edbi n\u01b0\u1edbc l\u00e8o ho\u1eb7c d\u00f9ng l\u00e0m b\u00e1nh canh tr\u1ed9n kh\u00f4<\/li>\n<\/ul>\n<p><strong>B\u1ea3o qu\u1ea3n:<\/strong><\/p>\n<ul>\n<li>N\u01a1i kh\u00f4 r\u00e1o, tho\u00e1ng m\u00e1t, tr\u00e1nh \u1ea9m \u01b0\u1edbt,<\/li>\n<li>Tr\u00e1nh \u0111\u1ec3 tr\u1ef1c ti\u1ebfp d\u01b0\u1edbi \u00e1nh n\u1eafng m\u1eb7t tr\u1eddi<\/li>\n<\/ul>","protected":false},"excerpt":{"rendered":"<ul>\n<li>Th\u01b0\u01a1ng hi\u1ec7u: Ph\u01b0\u01a1ng M\u00e2y<\/li>\n<li>Xu\u1ea5t x\u1ee9 th\u01b0\u01a1ng hi\u1ec7u: Vi\u1ec7t Nam<\/li>\n<li>Quy c\u00e1ch \u0111\u00f3ng g\u00f3i: G\u00f3i 350g, th\u00f9ng 40 g\u00f3i<\/li>\n<li>L\u01b0u \u00fd: Bao b\u00ec s\u1ea3n ph\u1ea9m c\u00f3 th\u1ec3 thay \u0111\u1ed5i theo t\u1eebng \u0111\u1ee3t nh\u1eadp h\u00e0ng<\/li>\n<\/ul>","protected":false},"featured_media":20579,"comment_status":"open","ping_status":"closed","template":"","meta":[],"product_brand":[],"product_cat":[32,31],"product_tag":[162,709,708],"class_list":{"0":"post-11490","1":"product","2":"type-product","3":"status-publish","4":"has-post-thumbnail","6":"product_cat-bun-pho-banh-trang","7":"product_cat-hang-moi-ve","8":"product_tag-banh-canh","9":"product_tag-banh-canh-hue","10":"product_tag-banh-canh-kho","11":"pa_thuong-hieu-meizan","13":"first","14":"outofstock","15":"sale","16":"shipping-taxable","17":"purchasable","18":"product-type-simple"},"yoast_head":"<!-- This site is optimized with the Yoast SEO plugin v24.4 - https:\/\/yoast.com\/wordpress\/plugins\/seo\/ -->\n<title>Set 5 g\u00f3i B\u00e1nh canh kh\u00f4 \u0111\u1eb7c s\u1ea3n Hu\u1ebf Ph\u01b0\u01a1ng M\u00e2y 350g - TOLIO<\/title>\n<meta name=\"description\" content=\"Th\u01b0\u01a1ng hi\u1ec7u: Ph\u01b0\u01a1ng M\u00e2y  Xu\u1ea5t x\u1ee9 th\u01b0\u01a1ng hi\u1ec7u: Vi\u1ec7t Nam  Quy c\u00e1ch \u0111\u00f3ng g\u00f3i: G\u00f3i 350g, th\u00f9ng 40 g\u00f3i  L\u01b0u \u00fd: Bao b\u00ec s\u1ea3n ph\u1ea9m c\u00f3 th\u1ec3 thay \u0111\u1ed5i theo t\u1eebng \u0111\u1ee3t nh\u1eadp h\u00e0ng\" \/>\n<meta name=\"robots\" content=\"index, follow, max-snippet:-1, max-image-preview:large, max-video-preview:-1\" \/>\n<link rel=\"canonical\" href=\"https:\/\/dev.tolio.co.nz\/en\/product\/set-of-5-packages-of-banh-canh-kho-dac-san-huong-phuong-may-350g-2\/\" \/>\n<meta property=\"og:locale\" content=\"en_US\" \/>\n<meta property=\"og:type\" content=\"article\" \/>\n<meta property=\"og:title\" content=\"Set 5 g\u00f3i B\u00e1nh canh kh\u00f4 \u0111\u1eb7c s\u1ea3n Hu\u1ebf Ph\u01b0\u01a1ng M\u00e2y 350g - TOLIO\" \/>\n<meta property=\"og:description\" content=\"Th\u01b0\u01a1ng hi\u1ec7u: Ph\u01b0\u01a1ng M\u00e2y  Xu\u1ea5t x\u1ee9 th\u01b0\u01a1ng hi\u1ec7u: Vi\u1ec7t Nam  Quy c\u00e1ch \u0111\u00f3ng g\u00f3i: G\u00f3i 350g, th\u00f9ng 40 g\u00f3i  L\u01b0u \u00fd: Bao b\u00ec s\u1ea3n ph\u1ea9m c\u00f3 th\u1ec3 thay \u0111\u1ed5i theo t\u1eebng \u0111\u1ee3t nh\u1eadp h\u00e0ng\" \/>\n<meta property=\"og:url\" content=\"https:\/\/dev.tolio.co.nz\/en\/product\/set-of-5-packages-of-banh-canh-kho-dac-san-huong-phuong-may-350g-2\/\" \/>\n<meta property=\"og:site_name\" content=\"TOLIO\" \/>\n<meta property=\"article:modified_time\" content=\"2025-09-11T04:00:54+00:00\" \/>\n<meta property=\"og:image\" content=\"https:\/\/dev.tolio.co.nz\/wp-content\/uploads\/2023\/09\/133-1.png\" \/>\n\t<meta property=\"og:image:width\" content=\"1000\" \/>\n\t<meta property=\"og:image:height\" content=\"907\" \/>\n\t<meta property=\"og:image:type\" content=\"image\/png\" \/>\n<meta name=\"twitter:card\" content=\"summary_large_image\" \/>\n<meta name=\"twitter:label1\" content=\"Est. reading time\" \/>\n\t<meta name=\"twitter:data1\" content=\"1 minute\" \/>\n<script type=\"application\/ld+json\" class=\"yoast-schema-graph\">{\"@context\":\"https:\/\/schema.org\",\"@graph\":[{\"@type\":\"WebPage\",\"@id\":\"https:\/\/dev.tolio.co.nz\/san-pham\/set-5-goi-banh-canh-kho-dac-san-hue-phuong-may-350g\/\",\"url\":\"https:\/\/dev.tolio.co.nz\/san-pham\/set-5-goi-banh-canh-kho-dac-san-hue-phuong-may-350g\/\",\"name\":\"Set 5 g\u00f3i B\u00e1nh canh kh\u00f4 \u0111\u1eb7c s\u1ea3n Hu\u1ebf Ph\u01b0\u01a1ng M\u00e2y 350g - TOLIO\",\"isPartOf\":{\"@id\":\"https:\/\/dev.tolio.co.nz\/#website\"},\"primaryImageOfPage\":{\"@id\":\"https:\/\/dev.tolio.co.nz\/san-pham\/set-5-goi-banh-canh-kho-dac-san-hue-phuong-may-350g\/#primaryimage\"},\"image\":{\"@id\":\"https:\/\/dev.tolio.co.nz\/san-pham\/set-5-goi-banh-canh-kho-dac-san-hue-phuong-may-350g\/#primaryimage\"},\"thumbnailUrl\":\"https:\/\/dev.tolio.co.nz\/wp-content\/uploads\/2023\/09\/133-1.png\",\"datePublished\":\"2023-09-24T02:57:37+00:00\",\"dateModified\":\"2025-09-11T04:00:54+00:00\",\"description\":\"Th\u01b0\u01a1ng hi\u1ec7u: Ph\u01b0\u01a1ng M\u00e2y Xu\u1ea5t x\u1ee9 th\u01b0\u01a1ng hi\u1ec7u: Vi\u1ec7t Nam Quy c\u00e1ch \u0111\u00f3ng g\u00f3i: G\u00f3i 350g, th\u00f9ng 40 g\u00f3i L\u01b0u \u00fd: Bao b\u00ec s\u1ea3n ph\u1ea9m c\u00f3 th\u1ec3 thay \u0111\u1ed5i theo t\u1eebng \u0111\u1ee3t nh\u1eadp h\u00e0ng\",\"breadcrumb\":{\"@id\":\"https:\/\/dev.tolio.co.nz\/san-pham\/set-5-goi-banh-canh-kho-dac-san-hue-phuong-may-350g\/#breadcrumb\"},\"inLanguage\":\"en-US\",\"potentialAction\":[{\"@type\":\"ReadAction\",\"target\":[\"https:\/\/dev.tolio.co.nz\/san-pham\/set-5-goi-banh-canh-kho-dac-san-hue-phuong-may-350g\/\"]}]},{\"@type\":\"ImageObject\",\"inLanguage\":\"en-US\",\"@id\":\"https:\/\/dev.tolio.co.nz\/san-pham\/set-5-goi-banh-canh-kho-dac-san-hue-phuong-may-350g\/#primaryimage\",\"url\":\"https:\/\/dev.tolio.co.nz\/wp-content\/uploads\/2023\/09\/133-1.png\",\"contentUrl\":\"https:\/\/dev.tolio.co.nz\/wp-content\/uploads\/2023\/09\/133-1.png\",\"width\":1000,\"height\":907},{\"@type\":\"BreadcrumbList\",\"@id\":\"https:\/\/dev.tolio.co.nz\/san-pham\/set-5-goi-banh-canh-kho-dac-san-hue-phuong-may-350g\/#breadcrumb\",\"itemListElement\":[{\"@type\":\"ListItem\",\"position\":1,\"name\":\"Home\",\"item\":\"https:\/\/dev.tolio.co.nz\/\"},{\"@type\":\"ListItem\",\"position\":2,\"name\":\"C\u1eeda h\u00e0ng\",\"item\":\"https:\/\/dev.tolio.co.nz\/cua-hang\/\"},{\"@type\":\"ListItem\",\"position\":3,\"name\":\"Set 5 g\u00f3i B\u00e1nh canh kh\u00f4 \u0111\u1eb7c s\u1ea3n Hu\u1ebf Ph\u01b0\u01a1ng M\u00e2y 350g\"}]},{\"@type\":\"WebSite\",\"@id\":\"https:\/\/dev.tolio.co.nz\/#website\",\"url\":\"https:\/\/dev.tolio.co.nz\/\",\"name\":\"TOLIO\",\"description\":\"Vietnamese Grocery Online\",\"potentialAction\":[{\"@type\":\"SearchAction\",\"target\":{\"@type\":\"EntryPoint\",\"urlTemplate\":\"https:\/\/dev.tolio.co.nz\/?s={search_term_string}\"},\"query-input\":{\"@type\":\"PropertyValueSpecification\",\"valueRequired\":true,\"valueName\":\"search_term_string\"}}],\"inLanguage\":\"en-US\"}]}<\/script>\n<!-- \/ Yoast SEO plugin. -->","yoast_head_json":{"title":"Set 5 g\u00f3i B\u00e1nh canh kh\u00f4 \u0111\u1eb7c s\u1ea3n Hu\u1ebf Ph\u01b0\u01a1ng M\u00e2y 350g - TOLIO","description":"Th\u01b0\u01a1ng hi\u1ec7u: Ph\u01b0\u01a1ng M\u00e2y  Xu\u1ea5t x\u1ee9 th\u01b0\u01a1ng hi\u1ec7u: Vi\u1ec7t Nam  Quy c\u00e1ch \u0111\u00f3ng g\u00f3i: G\u00f3i 350g, th\u00f9ng 40 g\u00f3i  L\u01b0u \u00fd: Bao b\u00ec s\u1ea3n ph\u1ea9m c\u00f3 th\u1ec3 thay \u0111\u1ed5i theo t\u1eebng \u0111\u1ee3t nh\u1eadp h\u00e0ng","robots":{"index":"index","follow":"follow","max-snippet":"max-snippet:-1","max-image-preview":"max-image-preview:large","max-video-preview":"max-video-preview:-1"},"canonical":"https:\/\/dev.tolio.co.nz\/en\/product\/set-of-5-packages-of-banh-canh-kho-dac-san-huong-phuong-may-350g-2\/","og_locale":"en_US","og_type":"article","og_title":"Set 5 g\u00f3i B\u00e1nh canh kh\u00f4 \u0111\u1eb7c s\u1ea3n Hu\u1ebf Ph\u01b0\u01a1ng M\u00e2y 350g - TOLIO","og_description":"Th\u01b0\u01a1ng hi\u1ec7u: Ph\u01b0\u01a1ng M\u00e2y  Xu\u1ea5t x\u1ee9 th\u01b0\u01a1ng hi\u1ec7u: Vi\u1ec7t Nam  Quy c\u00e1ch \u0111\u00f3ng g\u00f3i: G\u00f3i 350g, th\u00f9ng 40 g\u00f3i  L\u01b0u \u00fd: Bao b\u00ec s\u1ea3n ph\u1ea9m c\u00f3 th\u1ec3 thay \u0111\u1ed5i theo t\u1eebng \u0111\u1ee3t nh\u1eadp h\u00e0ng","og_url":"https:\/\/dev.tolio.co.nz\/en\/product\/set-of-5-packages-of-banh-canh-kho-dac-san-huong-phuong-may-350g-2\/","og_site_name":"TOLIO","article_modified_time":"2025-09-11T04:00:54+00:00","og_image":[{"width":1000,"height":907,"url":"https:\/\/dev.tolio.co.nz\/wp-content\/uploads\/2023\/09\/133-1.png","type":"image\/png"}],"twitter_card":"summary_large_image","twitter_misc":{"Est. reading time":"1 minute"},"schema":{"@context":"https:\/\/schema.org","@graph":[{"@type":"WebPage","@id":"https:\/\/dev.tolio.co.nz\/san-pham\/set-5-goi-banh-canh-kho-dac-san-hue-phuong-may-350g\/","url":"https:\/\/dev.tolio.co.nz\/san-pham\/set-5-goi-banh-canh-kho-dac-san-hue-phuong-may-350g\/","name":"Set 5 g\u00f3i B\u00e1nh canh kh\u00f4 \u0111\u1eb7c s\u1ea3n Hu\u1ebf Ph\u01b0\u01a1ng M\u00e2y 350g - TOLIO","isPartOf":{"@id":"https:\/\/dev.tolio.co.nz\/#website"},"primaryImageOfPage":{"@id":"https:\/\/dev.tolio.co.nz\/san-pham\/set-5-goi-banh-canh-kho-dac-san-hue-phuong-may-350g\/#primaryimage"},"image":{"@id":"https:\/\/dev.tolio.co.nz\/san-pham\/set-5-goi-banh-canh-kho-dac-san-hue-phuong-may-350g\/#primaryimage"},"thumbnailUrl":"https:\/\/dev.tolio.co.nz\/wp-content\/uploads\/2023\/09\/133-1.png","datePublished":"2023-09-24T02:57:37+00:00","dateModified":"2025-09-11T04:00:54+00:00","description":"Th\u01b0\u01a1ng hi\u1ec7u: Ph\u01b0\u01a1ng M\u00e2y Xu\u1ea5t x\u1ee9 th\u01b0\u01a1ng hi\u1ec7u: Vi\u1ec7t Nam Quy c\u00e1ch \u0111\u00f3ng g\u00f3i: G\u00f3i 350g, th\u00f9ng 40 g\u00f3i L\u01b0u \u00fd: Bao b\u00ec s\u1ea3n ph\u1ea9m c\u00f3 th\u1ec3 thay \u0111\u1ed5i theo t\u1eebng \u0111\u1ee3t nh\u1eadp h\u00e0ng","breadcrumb":{"@id":"https:\/\/dev.tolio.co.nz\/san-pham\/set-5-goi-banh-canh-kho-dac-san-hue-phuong-may-350g\/#breadcrumb"},"inLanguage":"en-US","potentialAction":[{"@type":"ReadAction","target":["https:\/\/dev.tolio.co.nz\/san-pham\/set-5-goi-banh-canh-kho-dac-san-hue-phuong-may-350g\/"]}]},{"@type":"ImageObject","inLanguage":"en-US","@id":"https:\/\/dev.tolio.co.nz\/san-pham\/set-5-goi-banh-canh-kho-dac-san-hue-phuong-may-350g\/#primaryimage","url":"https:\/\/dev.tolio.co.nz\/wp-content\/uploads\/2023\/09\/133-1.png","contentUrl":"https:\/\/dev.tolio.co.nz\/wp-content\/uploads\/2023\/09\/133-1.png","width":1000,"height":907},{"@type":"BreadcrumbList","@id":"https:\/\/dev.tolio.co.nz\/san-pham\/set-5-goi-banh-canh-kho-dac-san-hue-phuong-may-350g\/#breadcrumb","itemListElement":[{"@type":"ListItem","position":1,"name":"Home","item":"https:\/\/dev.tolio.co.nz\/"},{"@type":"ListItem","position":2,"name":"C\u1eeda h\u00e0ng","item":"https:\/\/dev.tolio.co.nz\/cua-hang\/"},{"@type":"ListItem","position":3,"name":"Set 5 g\u00f3i B\u00e1nh canh kh\u00f4 \u0111\u1eb7c s\u1ea3n Hu\u1ebf Ph\u01b0\u01a1ng M\u00e2y 350g"}]},{"@type":"WebSite","@id":"https:\/\/dev.tolio.co.nz\/#website","url":"https:\/\/dev.tolio.co.nz\/","name":"TOLIO","description":"Vietnamese Grocery Online","potentialAction":[{"@type":"SearchAction","target":{"@type":"EntryPoint","urlTemplate":"https:\/\/dev.tolio.co.nz\/?s={search_term_string}"},"query-input":{"@type":"PropertyValueSpecification","valueRequired":true,"valueName":"search_term_string"}}],"inLanguage":"en-US"}]}},"_links":{"self":[{"href":"https:\/\/dev.tolio.co.nz\/en\/wp-json\/wp\/v2\/product\/11490","targetHints":{"allow":["GET"]}}],"collection":[{"href":"https:\/\/dev.tolio.co.nz\/en\/wp-json\/wp\/v2\/product"}],"about":[{"href":"https:\/\/dev.tolio.co.nz\/en\/wp-json\/wp\/v2\/types\/product"}],"replies":[{"embeddable":true,"href":"https:\/\/dev.tolio.co.nz\/en\/wp-json\/wp\/v2\/comments?post=11490"}],"wp:featuredmedia":[{"embeddable":true,"href":"https:\/\/dev.tolio.co.nz\/en\/wp-json\/wp\/v2\/media\/20579"}],"wp:attachment":[{"href":"https:\/\/dev.tolio.co.nz\/en\/wp-json\/wp\/v2\/media?parent=11490"}],"wp:term":[{"taxonomy":"product_brand","embeddable":true,"href":"https:\/\/dev.tolio.co.nz\/en\/wp-json\/wp\/v2\/product_brand?post=11490"},{"taxonomy":"product_cat","embeddable":true,"href":"https:\/\/dev.tolio.co.nz\/en\/wp-json\/wp\/v2\/product_cat?post=11490"},{"taxonomy":"product_tag","embeddable":true,"href":"https:\/\/dev.tolio.co.nz\/en\/wp-json\/wp\/v2\/product_tag?post=11490"}],"curies":[{"name":"wp","href":"https:\/\/api.w.org\/{rel}","templated":true}]}}