{"id":1209,"date":"2022-01-03T15:34:00","date_gmt":"2022-01-03T02:49:00","guid":{"rendered":"https:\/\/tolio2.sitebycat.com\/?post_type=product&#038;p=1209"},"modified":"2025-09-11T15:59:51","modified_gmt":"2025-09-11T03:59:51","slug":"thach-rau-cau-long-hai-trai-cay-du-vi-tu-416g","status":"publish","type":"product","link":"https:\/\/dev.tolio.co.nz\/en\/product\/thach-vegetable-cau-long-two-spicy-vegetables-416g\/","title":{"rendered":"Th\u1ea1ch rau c\u00e2u Long H\u1ea3i tr\u00e1i c\u00e2y \u0111\u1ee7 v\u1ecb t\u00fai 416g"},"content":{"rendered":"<p><strong>Th\u1ea1ch rau c\u00e2u Long H\u1ea3i t\u00fai 416g<\/strong> kho\u00e1ng ch\u1ea5t t\u1ef1 nhi\u00ean t\u1eeb rong bi\u1ec3n &amp; H\u01b0\u01a1ng v\u1ecb tr\u00e1i c\u00e2y.<\/p>\n<ul>\n<li>\u0110\u00e2y l\u00e0 nh\u1eefng s\u1ea3n ph\u1ea9m v\u1eeba b\u1ed5 d\u01b0\u1ee1ng, m\u00e1t l\u00e0nh, v\u1eeba th\u01a1m ngon, c\u00f3 t\u00e1c d\u1ee5ng ch\u1ed1ng d\u01b0 th\u1eeba ch\u1ea5t, b\u1ed5 sung i\u1ed1t, kho\u00e1ng ch\u1ea5t, c\u1ea3i thi\u1ec7n vi\u1ec7c ti\u00eau h\u00f3a, \u0111\u1eb7c bi\u1ec7t l\u00e0 l\u00e0m \u0111\u1eb9p da, r\u1ea5t t\u1ed1t cho s\u1ee9c kh\u1ecfe.<\/li>\n<li>S\u1ea3n ph\u1ea9m \u0111\u1ea1t c\u00e1c ch\u1ee9ng nh\u1eadn an to\u00e0n th\u1ef1c ph\u1ea9m.<\/li>\n<li>H\u01b0\u01a1ng v\u1ecb hoa qu\u1ea3 t\u1ed5ng h\u1ee3p: D\u1eeba, Cam, \u0110\u00e0o, D\u1ee9a, D\u01b0a, Ng\u00f4, Xo\u00e0i, Chu\u1ed1i, V\u1ea3i, D\u00e2u.<\/li>\n<\/ul>\n<p><strong>H\u01b0\u1edbng d\u1eabn s\u1eed d\u1ee5ng:<\/strong><\/p>\n<ul>\n<li>\u0102n ngay, ngon h\u01a1n khi \u0111\u1ec3 l\u1ea1nh<\/li>\n<\/ul>\n<p><strong>B\u1ea3o qu\u1ea3n:<\/strong><\/p>\n<ul>\n<li>B\u1ea3o qu\u1ea3n n\u01a1i kh\u00f4 r\u00e1o, tho\u00e1ng m\u00e1t.<\/li>\n<li>Ch\u1ec9 s\u1eed d\u1ee5ng khi c\u00f2n nguy\u00ean tem n\u1eafp.\u00a0<strong>Nhai k\u1ef9 tr\u01b0\u1edbc khi nu\u1ed1t.<\/strong><\/li>\n<li>S\u1ea3n ph\u1ea9m th\u00edch h\u1ee3p cho m\u1ecdi \u0111\u1ed1i t\u01b0\u1ee3ng,\u00a0<strong>tr\u1ebb em d\u01b0\u1edbi 2 tu\u1ed5i\u00a0<\/strong>c\u1ea7n c\u00f3 ng\u01b0\u1eddi l\u1edbn ki\u1ec3m so\u00e1t khi s\u1eed d\u1ee5ng s\u1ea3n ph\u1ea9m<\/li>\n<li>Tr\u00e1nh \u00e1nh n\u1eafng tr\u1ef1c ti\u1ebfp.<\/li>\n<\/ul>\n<p>&nbsp;<\/p>\n<p>&nbsp;<\/p>","protected":false},"excerpt":{"rendered":"<ul>\n<li>Th\u01b0\u01a1ng hi\u1ec7u: Long H\u1ea3i<\/li>\n<li>Xu\u1ea5t x\u1ee9 th\u01b0\u01a1ng hi\u1ec7u: Vi\u1ec7t Nam<\/li>\n<li>Quy c\u00e1ch \u0111\u00f3ng g\u00f3i: T\u00fai 416g<\/li>\n<li>L\u01b0u \u00fd: Bao b\u00ec s\u1ea3n ph\u1ea9m c\u00f3 th\u1ec3 thay \u0111\u1ed5i theo t\u1eebng \u0111\u1ee3t nh\u1eadp h\u00e0ng<\/li>\n<\/ul>","protected":false},"featured_media":20854,"comment_status":"open","ping_status":"closed","template":"","meta":[],"product_brand":[],"product_cat":[35,30],"product_tag":[119,121,120],"class_list":{"0":"post-1209","1":"product","2":"type-product","3":"status-publish","4":"has-post-thumbnail","6":"product_cat-banh-keo","7":"product_cat-ban-chay-nhat","8":"product_tag-thach-rau-cau","9":"product_tag-thach-rau-cau-long-hai","10":"product_tag-thach-trai-cay","11":"pa_thuong-hieu-long-hai","13":"first","14":"instock","15":"sale","16":"shipping-taxable","17":"purchasable","18":"product-type-simple"},"yoast_head":"<!-- This site is optimized with the Yoast SEO plugin v24.4 - https:\/\/yoast.com\/wordpress\/plugins\/seo\/ -->\n<title>Th\u1ea1ch rau c\u00e2u Long H\u1ea3i tr\u00e1i c\u00e2y \u0111\u1ee7 v\u1ecb t\u00fai 416g - TOLIO<\/title>\n<meta name=\"description\" content=\"Th\u01b0\u01a1ng hi\u1ec7u: Long H\u1ea3i  Xu\u1ea5t x\u1ee9 th\u01b0\u01a1ng hi\u1ec7u: Vi\u1ec7t Nam  Quy c\u00e1ch \u0111\u00f3ng g\u00f3i: T\u00fai 416g  L\u01b0u \u00fd: Bao b\u00ec s\u1ea3n ph\u1ea9m c\u00f3 th\u1ec3 thay \u0111\u1ed5i theo t\u1eebng \u0111\u1ee3t nh\u1eadp h\u00e0ng\" \/>\n<meta name=\"robots\" content=\"index, follow, max-snippet:-1, max-image-preview:large, max-video-preview:-1\" \/>\n<link rel=\"canonical\" href=\"https:\/\/dev.tolio.co.nz\/en\/products\/thach-vegetable-cau-long-two-spicy-vegetables-416g\/\" \/>\n<meta property=\"og:locale\" content=\"en_US\" \/>\n<meta property=\"og:type\" content=\"article\" \/>\n<meta property=\"og:title\" content=\"Th\u1ea1ch rau c\u00e2u Long H\u1ea3i tr\u00e1i c\u00e2y \u0111\u1ee7 v\u1ecb t\u00fai 416g - TOLIO\" \/>\n<meta property=\"og:description\" content=\"Th\u01b0\u01a1ng hi\u1ec7u: Long H\u1ea3i  Xu\u1ea5t x\u1ee9 th\u01b0\u01a1ng hi\u1ec7u: Vi\u1ec7t Nam  Quy c\u00e1ch \u0111\u00f3ng g\u00f3i: T\u00fai 416g  L\u01b0u \u00fd: Bao b\u00ec s\u1ea3n ph\u1ea9m c\u00f3 th\u1ec3 thay \u0111\u1ed5i theo t\u1eebng \u0111\u1ee3t nh\u1eadp h\u00e0ng\" \/>\n<meta property=\"og:url\" content=\"https:\/\/dev.tolio.co.nz\/en\/products\/thach-vegetable-cau-long-two-spicy-vegetables-416g\/\" \/>\n<meta property=\"og:site_name\" content=\"TOLIO\" \/>\n<meta property=\"article:modified_time\" content=\"2025-09-11T03:59:51+00:00\" \/>\n<meta property=\"og:image\" content=\"https:\/\/dev.tolio.co.nz\/wp-content\/uploads\/2022\/01\/378.png\" \/>\n\t<meta property=\"og:image:width\" content=\"1000\" \/>\n\t<meta property=\"og:image:height\" content=\"907\" \/>\n\t<meta property=\"og:image:type\" content=\"image\/png\" \/>\n<meta name=\"twitter:card\" content=\"summary_large_image\" \/>\n<meta name=\"twitter:label1\" content=\"Est. reading time\" \/>\n\t<meta name=\"twitter:data1\" content=\"1 minute\" \/>\n<script type=\"application\/ld+json\" class=\"yoast-schema-graph\">{\"@context\":\"https:\/\/schema.org\",\"@graph\":[{\"@type\":\"WebPage\",\"@id\":\"https:\/\/dev.tolio.co.nz\/en\/products\/thach-vegetable-cau-long-two-spicy-vegetables-416g\/\",\"url\":\"https:\/\/dev.tolio.co.nz\/en\/products\/thach-vegetable-cau-long-two-spicy-vegetables-416g\/\",\"name\":\"Th\u1ea1ch rau c\u00e2u Long H\u1ea3i tr\u00e1i c\u00e2y \u0111\u1ee7 v\u1ecb t\u00fai 416g - TOLIO\",\"isPartOf\":{\"@id\":\"https:\/\/dev.tolio.co.nz\/#website\"},\"primaryImageOfPage\":{\"@id\":\"https:\/\/dev.tolio.co.nz\/en\/products\/thach-vegetable-cau-long-two-spicy-vegetables-416g\/#primaryimage\"},\"image\":{\"@id\":\"https:\/\/dev.tolio.co.nz\/en\/products\/thach-vegetable-cau-long-two-spicy-vegetables-416g\/#primaryimage\"},\"thumbnailUrl\":\"https:\/\/dev.tolio.co.nz\/wp-content\/uploads\/2022\/01\/378.png\",\"datePublished\":\"2022-01-03T02:49:00+00:00\",\"dateModified\":\"2025-09-11T03:59:51+00:00\",\"description\":\"Th\u01b0\u01a1ng hi\u1ec7u: Long H\u1ea3i Xu\u1ea5t x\u1ee9 th\u01b0\u01a1ng hi\u1ec7u: Vi\u1ec7t Nam Quy c\u00e1ch \u0111\u00f3ng g\u00f3i: T\u00fai 416g L\u01b0u \u00fd: Bao b\u00ec s\u1ea3n ph\u1ea9m c\u00f3 th\u1ec3 thay \u0111\u1ed5i theo t\u1eebng \u0111\u1ee3t nh\u1eadp h\u00e0ng\",\"breadcrumb\":{\"@id\":\"https:\/\/dev.tolio.co.nz\/en\/products\/thach-vegetable-cau-long-two-spicy-vegetables-416g\/#breadcrumb\"},\"inLanguage\":\"en-US\",\"potentialAction\":[{\"@type\":\"ReadAction\",\"target\":[\"https:\/\/dev.tolio.co.nz\/en\/products\/thach-vegetable-cau-long-two-spicy-vegetables-416g\/\"]}]},{\"@type\":\"ImageObject\",\"inLanguage\":\"en-US\",\"@id\":\"https:\/\/dev.tolio.co.nz\/en\/products\/thach-vegetable-cau-long-two-spicy-vegetables-416g\/#primaryimage\",\"url\":\"https:\/\/dev.tolio.co.nz\/wp-content\/uploads\/2022\/01\/378.png\",\"contentUrl\":\"https:\/\/dev.tolio.co.nz\/wp-content\/uploads\/2022\/01\/378.png\",\"width\":1000,\"height\":907},{\"@type\":\"BreadcrumbList\",\"@id\":\"https:\/\/dev.tolio.co.nz\/en\/products\/thach-vegetable-cau-long-two-spicy-vegetables-416g\/#breadcrumb\",\"itemListElement\":[{\"@type\":\"ListItem\",\"position\":1,\"name\":\"Home\",\"item\":\"https:\/\/dev.tolio.co.nz\/\"},{\"@type\":\"ListItem\",\"position\":2,\"name\":\"C\u1eeda h\u00e0ng\",\"item\":\"https:\/\/dev.tolio.co.nz\/cua-hang\/\"},{\"@type\":\"ListItem\",\"position\":3,\"name\":\"Th\u1ea1ch rau c\u00e2u Long H\u1ea3i tr\u00e1i c\u00e2y \u0111\u1ee7 v\u1ecb t\u00fai 416g\"}]},{\"@type\":\"WebSite\",\"@id\":\"https:\/\/dev.tolio.co.nz\/#website\",\"url\":\"https:\/\/dev.tolio.co.nz\/\",\"name\":\"TOLIO\",\"description\":\"Vietnamese Grocery Online\",\"potentialAction\":[{\"@type\":\"SearchAction\",\"target\":{\"@type\":\"EntryPoint\",\"urlTemplate\":\"https:\/\/dev.tolio.co.nz\/?s={search_term_string}\"},\"query-input\":{\"@type\":\"PropertyValueSpecification\",\"valueRequired\":true,\"valueName\":\"search_term_string\"}}],\"inLanguage\":\"en-US\"}]}<\/script>\n<!-- \/ Yoast SEO plugin. -->","yoast_head_json":{"title":"Th\u1ea1ch rau c\u00e2u Long H\u1ea3i tr\u00e1i c\u00e2y \u0111\u1ee7 v\u1ecb t\u00fai 416g - TOLIO","description":"Th\u01b0\u01a1ng hi\u1ec7u: Long H\u1ea3i  Xu\u1ea5t x\u1ee9 th\u01b0\u01a1ng hi\u1ec7u: Vi\u1ec7t Nam  Quy c\u00e1ch \u0111\u00f3ng g\u00f3i: T\u00fai 416g  L\u01b0u \u00fd: Bao b\u00ec s\u1ea3n ph\u1ea9m c\u00f3 th\u1ec3 thay \u0111\u1ed5i theo t\u1eebng \u0111\u1ee3t nh\u1eadp h\u00e0ng","robots":{"index":"index","follow":"follow","max-snippet":"max-snippet:-1","max-image-preview":"max-image-preview:large","max-video-preview":"max-video-preview:-1"},"canonical":"https:\/\/dev.tolio.co.nz\/en\/products\/thach-vegetable-cau-long-two-spicy-vegetables-416g\/","og_locale":"en_US","og_type":"article","og_title":"Th\u1ea1ch rau c\u00e2u Long H\u1ea3i tr\u00e1i c\u00e2y \u0111\u1ee7 v\u1ecb t\u00fai 416g - TOLIO","og_description":"Th\u01b0\u01a1ng hi\u1ec7u: Long H\u1ea3i  Xu\u1ea5t x\u1ee9 th\u01b0\u01a1ng hi\u1ec7u: Vi\u1ec7t Nam  Quy c\u00e1ch \u0111\u00f3ng g\u00f3i: T\u00fai 416g  L\u01b0u \u00fd: Bao b\u00ec s\u1ea3n ph\u1ea9m c\u00f3 th\u1ec3 thay \u0111\u1ed5i theo t\u1eebng \u0111\u1ee3t nh\u1eadp h\u00e0ng","og_url":"https:\/\/dev.tolio.co.nz\/en\/products\/thach-vegetable-cau-long-two-spicy-vegetables-416g\/","og_site_name":"TOLIO","article_modified_time":"2025-09-11T03:59:51+00:00","og_image":[{"width":1000,"height":907,"url":"https:\/\/dev.tolio.co.nz\/wp-content\/uploads\/2022\/01\/378.png","type":"image\/png"}],"twitter_card":"summary_large_image","twitter_misc":{"Est. reading time":"1 minute"},"schema":{"@context":"https:\/\/schema.org","@graph":[{"@type":"WebPage","@id":"https:\/\/dev.tolio.co.nz\/en\/products\/thach-vegetable-cau-long-two-spicy-vegetables-416g\/","url":"https:\/\/dev.tolio.co.nz\/en\/products\/thach-vegetable-cau-long-two-spicy-vegetables-416g\/","name":"Th\u1ea1ch rau c\u00e2u Long H\u1ea3i tr\u00e1i c\u00e2y \u0111\u1ee7 v\u1ecb t\u00fai 416g - TOLIO","isPartOf":{"@id":"https:\/\/dev.tolio.co.nz\/#website"},"primaryImageOfPage":{"@id":"https:\/\/dev.tolio.co.nz\/en\/products\/thach-vegetable-cau-long-two-spicy-vegetables-416g\/#primaryimage"},"image":{"@id":"https:\/\/dev.tolio.co.nz\/en\/products\/thach-vegetable-cau-long-two-spicy-vegetables-416g\/#primaryimage"},"thumbnailUrl":"https:\/\/dev.tolio.co.nz\/wp-content\/uploads\/2022\/01\/378.png","datePublished":"2022-01-03T02:49:00+00:00","dateModified":"2025-09-11T03:59:51+00:00","description":"Th\u01b0\u01a1ng hi\u1ec7u: Long H\u1ea3i Xu\u1ea5t x\u1ee9 th\u01b0\u01a1ng hi\u1ec7u: Vi\u1ec7t Nam Quy c\u00e1ch \u0111\u00f3ng g\u00f3i: T\u00fai 416g L\u01b0u \u00fd: Bao b\u00ec s\u1ea3n ph\u1ea9m c\u00f3 th\u1ec3 thay \u0111\u1ed5i theo t\u1eebng \u0111\u1ee3t nh\u1eadp h\u00e0ng","breadcrumb":{"@id":"https:\/\/dev.tolio.co.nz\/en\/products\/thach-vegetable-cau-long-two-spicy-vegetables-416g\/#breadcrumb"},"inLanguage":"en-US","potentialAction":[{"@type":"ReadAction","target":["https:\/\/dev.tolio.co.nz\/en\/products\/thach-vegetable-cau-long-two-spicy-vegetables-416g\/"]}]},{"@type":"ImageObject","inLanguage":"en-US","@id":"https:\/\/dev.tolio.co.nz\/en\/products\/thach-vegetable-cau-long-two-spicy-vegetables-416g\/#primaryimage","url":"https:\/\/dev.tolio.co.nz\/wp-content\/uploads\/2022\/01\/378.png","contentUrl":"https:\/\/dev.tolio.co.nz\/wp-content\/uploads\/2022\/01\/378.png","width":1000,"height":907},{"@type":"BreadcrumbList","@id":"https:\/\/dev.tolio.co.nz\/en\/products\/thach-vegetable-cau-long-two-spicy-vegetables-416g\/#breadcrumb","itemListElement":[{"@type":"ListItem","position":1,"name":"Home","item":"https:\/\/dev.tolio.co.nz\/"},{"@type":"ListItem","position":2,"name":"C\u1eeda h\u00e0ng","item":"https:\/\/dev.tolio.co.nz\/cua-hang\/"},{"@type":"ListItem","position":3,"name":"Th\u1ea1ch rau c\u00e2u Long H\u1ea3i tr\u00e1i c\u00e2y \u0111\u1ee7 v\u1ecb t\u00fai 416g"}]},{"@type":"WebSite","@id":"https:\/\/dev.tolio.co.nz\/#website","url":"https:\/\/dev.tolio.co.nz\/","name":"TOLIO","description":"Vietnamese Grocery Online","potentialAction":[{"@type":"SearchAction","target":{"@type":"EntryPoint","urlTemplate":"https:\/\/dev.tolio.co.nz\/?s={search_term_string}"},"query-input":{"@type":"PropertyValueSpecification","valueRequired":true,"valueName":"search_term_string"}}],"inLanguage":"en-US"}]}},"_links":{"self":[{"href":"https:\/\/dev.tolio.co.nz\/en\/wp-json\/wp\/v2\/product\/1209","targetHints":{"allow":["GET"]}}],"collection":[{"href":"https:\/\/dev.tolio.co.nz\/en\/wp-json\/wp\/v2\/product"}],"about":[{"href":"https:\/\/dev.tolio.co.nz\/en\/wp-json\/wp\/v2\/types\/product"}],"replies":[{"embeddable":true,"href":"https:\/\/dev.tolio.co.nz\/en\/wp-json\/wp\/v2\/comments?post=1209"}],"wp:featuredmedia":[{"embeddable":true,"href":"https:\/\/dev.tolio.co.nz\/en\/wp-json\/wp\/v2\/media\/20854"}],"wp:attachment":[{"href":"https:\/\/dev.tolio.co.nz\/en\/wp-json\/wp\/v2\/media?parent=1209"}],"wp:term":[{"taxonomy":"product_brand","embeddable":true,"href":"https:\/\/dev.tolio.co.nz\/en\/wp-json\/wp\/v2\/product_brand?post=1209"},{"taxonomy":"product_cat","embeddable":true,"href":"https:\/\/dev.tolio.co.nz\/en\/wp-json\/wp\/v2\/product_cat?post=1209"},{"taxonomy":"product_tag","embeddable":true,"href":"https:\/\/dev.tolio.co.nz\/en\/wp-json\/wp\/v2\/product_tag?post=1209"}],"curies":[{"name":"wp","href":"https:\/\/api.w.org\/{rel}","templated":true}]}}