{"id":12103,"date":"2023-11-05T02:17:26","date_gmt":"2023-11-04T13:32:26","guid":{"rendered":"https:\/\/tolio.co.nz\/?post_type=product&#038;p=12103"},"modified":"2025-09-11T16:00:48","modified_gmt":"2025-09-11T04:00:48","slug":"phin-pha-cafe-nhom-trong-dong","status":"publish","type":"product","link":"https:\/\/dev.tolio.co.nz\/en\/product\/small-coffee-filter-in-the-cup\/","title":{"rendered":"Phin pha Cafe nh\u00f4m tr\u1ed1ng \u0111\u1ed3ng"},"content":{"rendered":"<p><strong>Phin pha Cafe nh\u00f4m tr\u1ed1ng \u0111\u1ed3ng <\/strong>\u0111\u01b0\u1ee3c l\u00e0m b\u1eb1ng\u00a0ch\u1ea5t li\u1ec7u nh\u00f4m cao c\u1ea5p, \u0111\u01b0\u1ee3c s\u1ea3n xu\u1ea5t d\u1ef1a tr\u00ean ti\u00eau chu\u1ea9n c\u1ee7a c\u00e1c chuy\u00ean gia c\u00e0 ph\u00ea. Th\u00e2n phin in hoa v\u0103n c\u00e0 ph\u00ea r\u1ea5t tinh t\u1ebf, n\u1eafp phin in h\u00ecnh m\u1eb7t tr\u1ed1ng \u0111\u1ed3ng \u0110\u00f4ng S\u01a1n \u2013 bi\u1ec3u t\u01b0\u1ee3ng n\u1ec1n v\u0103n h\u00f3a Vi\u1ec7t.<\/p>\n<p>\u2013 Th\u1ec3 t\u00edch \u0111\u1ea1t ti\u00eau chu\u1ea9n c\u1ee7a phin kho\u1ea3ng 170ml.<\/p>\n<p>\u2013 S\u1ed1 l\u01b0\u1ee3ng l\u1ed7 tr\u00ean th\u00e2n phin, \u0111\u0129a phin ph\u1ea3i b\u1eb1ng nhau v\u00e0 ph\u00e2n b\u1ed5 \u0111\u1ed3ng \u0111\u1ec1u \u0111\u1ec3 c\u00e0 ph\u00ea c\u00f3 th\u1ec3 l\u1ecdc t\u1ed1t nh\u1ea5t. K\u00edch th\u01b0\u1edbc l\u1ed7 ph\u1ea3i t\u01b0\u01a1ng th\u00edch v\u1edbi k\u00edch th\u01b0\u1edbc h\u1ea1t c\u1ee7a h\u1ea1t c\u00e0 ph\u00ea xay, \u0111\u1ec3 c\u00f3 th\u1ec3 cho kho\u1ea3ng 55-60 gi\u1ecdt c\u00e0 ph\u00ea\/ 1 ph\u00fat.<\/p>\n<p>\u2013 L\u1ed7 tr\u00ean l\u01b0\u1ee3c g\u00e0i (n\u1eafp g\u00e0i) c\u0169ng ph\u1ea3i \u0111\u01b0\u1ee3c ph\u00e2n b\u1ed5 \u0111\u1ed3ng \u0111\u1ec1u v\u00e0 c\u00f3 m\u1eadt \u0111\u1ed9 d\u00e0y h\u01a1n m\u1eadt \u0111\u1ed9 l\u1ed7 tr\u00ean th\u00e2n v\u00e0 \u0111\u0129a phin \u0111\u1ec3 n\u01b0\u1edbc th\u1ea5m xu\u1ed1ng c\u00e0 ph\u00ea t\u1ed1t h\u01a1n.<\/p>\n<p>\u2013 Ti\u1ec7n l\u1ee3i cho ng\u01b0\u1eddi s\u1eed d\u1ee5ng: C\u00f3 v\u1ea1ch m\u1ee9c b\u00ean trong th\u00e2n phin \u0111\u1ec3 \u0111\u1ecbnh l\u01b0\u1ee3ng c\u00e0 ph\u00ea.<\/p>","protected":false},"excerpt":{"rendered":"<ul>\n<li>Th\u01b0\u01a1ng hi\u1ec7u: Trung Nguy\u00ean<\/li>\n<li>Xu\u1ea5t x\u1ee9 th\u01b0\u01a1ng hi\u1ec7u: Vi\u1ec7t Nam<\/li>\n<li>Quy c\u00e1ch \u0111\u00f3ng g\u00f3i: 1 c\u00e1i<\/li>\n<li>L\u01b0u \u00fd: Bao b\u00ec s\u1ea3n ph\u1ea9m c\u00f3 th\u1ec3 thay \u0111\u1ed5i theo t\u1eebng \u0111\u1ee3t nh\u1eadp h\u00e0ng<\/li>\n<\/ul>","protected":false},"featured_media":20898,"comment_status":"open","ping_status":"closed","template":"","meta":[],"product_brand":[],"product_cat":[483],"product_tag":[715],"class_list":{"0":"post-12103","1":"product","2":"type-product","3":"status-publish","4":"has-post-thumbnail","6":"product_cat-ca-phe","7":"product_tag-phin-cafe","8":"pa_thuong-hieu-trung-nguyen","10":"first","11":"instock","12":"shipping-taxable","13":"purchasable","14":"product-type-simple"},"yoast_head":"<!-- This site is optimized with the Yoast SEO plugin v24.4 - https:\/\/yoast.com\/wordpress\/plugins\/seo\/ -->\n<title>Phin pha Cafe nh\u00f4m tr\u1ed1ng \u0111\u1ed3ng - TOLIO<\/title>\n<meta name=\"description\" content=\"Th\u01b0\u01a1ng hi\u1ec7u: Trung Nguy\u00ean  Xu\u1ea5t x\u1ee9 th\u01b0\u01a1ng hi\u1ec7u: Vi\u1ec7t Nam  Quy c\u00e1ch \u0111\u00f3ng g\u00f3i: 1 c\u00e1i  L\u01b0u \u00fd: Bao b\u00ec s\u1ea3n ph\u1ea9m c\u00f3 th\u1ec3 thay \u0111\u1ed5i theo t\u1eebng \u0111\u1ee3t nh\u1eadp h\u00e0ng\" \/>\n<meta name=\"robots\" content=\"index, follow, max-snippet:-1, max-image-preview:large, max-video-preview:-1\" \/>\n<link rel=\"canonical\" href=\"https:\/\/dev.tolio.co.nz\/en\/product\/small-coffee-filter-in-the-cup\/\" \/>\n<meta property=\"og:locale\" content=\"en_US\" \/>\n<meta property=\"og:type\" content=\"article\" \/>\n<meta property=\"og:title\" content=\"Phin pha Cafe nh\u00f4m tr\u1ed1ng \u0111\u1ed3ng - TOLIO\" \/>\n<meta property=\"og:description\" content=\"Th\u01b0\u01a1ng hi\u1ec7u: Trung Nguy\u00ean  Xu\u1ea5t x\u1ee9 th\u01b0\u01a1ng hi\u1ec7u: Vi\u1ec7t Nam  Quy c\u00e1ch \u0111\u00f3ng g\u00f3i: 1 c\u00e1i  L\u01b0u \u00fd: Bao b\u00ec s\u1ea3n ph\u1ea9m c\u00f3 th\u1ec3 thay \u0111\u1ed5i theo t\u1eebng \u0111\u1ee3t nh\u1eadp h\u00e0ng\" \/>\n<meta property=\"og:url\" content=\"https:\/\/dev.tolio.co.nz\/en\/product\/small-coffee-filter-in-the-cup\/\" \/>\n<meta property=\"og:site_name\" content=\"TOLIO\" \/>\n<meta property=\"article:modified_time\" content=\"2025-09-11T04:00:48+00:00\" \/>\n<meta property=\"og:image\" content=\"https:\/\/dev.tolio.co.nz\/wp-content\/uploads\/2023\/11\/400.png\" \/>\n\t<meta property=\"og:image:width\" content=\"1000\" \/>\n\t<meta property=\"og:image:height\" content=\"907\" \/>\n\t<meta property=\"og:image:type\" content=\"image\/png\" \/>\n<meta name=\"twitter:card\" content=\"summary_large_image\" \/>\n<meta name=\"twitter:label1\" content=\"Est. reading time\" \/>\n\t<meta name=\"twitter:data1\" content=\"1 minute\" \/>\n<script type=\"application\/ld+json\" class=\"yoast-schema-graph\">{\"@context\":\"https:\/\/schema.org\",\"@graph\":[{\"@type\":\"WebPage\",\"@id\":\"https:\/\/dev.tolio.co.nz\/san-pham\/phin-pha-cafe-nhom-trong-dong\/\",\"url\":\"https:\/\/dev.tolio.co.nz\/san-pham\/phin-pha-cafe-nhom-trong-dong\/\",\"name\":\"Phin pha Cafe nh\u00f4m tr\u1ed1ng \u0111\u1ed3ng - TOLIO\",\"isPartOf\":{\"@id\":\"https:\/\/dev.tolio.co.nz\/#website\"},\"primaryImageOfPage\":{\"@id\":\"https:\/\/dev.tolio.co.nz\/san-pham\/phin-pha-cafe-nhom-trong-dong\/#primaryimage\"},\"image\":{\"@id\":\"https:\/\/dev.tolio.co.nz\/san-pham\/phin-pha-cafe-nhom-trong-dong\/#primaryimage\"},\"thumbnailUrl\":\"https:\/\/dev.tolio.co.nz\/wp-content\/uploads\/2023\/11\/400.png\",\"datePublished\":\"2023-11-04T13:32:26+00:00\",\"dateModified\":\"2025-09-11T04:00:48+00:00\",\"description\":\"Th\u01b0\u01a1ng hi\u1ec7u: Trung Nguy\u00ean Xu\u1ea5t x\u1ee9 th\u01b0\u01a1ng hi\u1ec7u: Vi\u1ec7t Nam Quy c\u00e1ch \u0111\u00f3ng g\u00f3i: 1 c\u00e1i L\u01b0u \u00fd: Bao b\u00ec s\u1ea3n ph\u1ea9m c\u00f3 th\u1ec3 thay \u0111\u1ed5i theo t\u1eebng \u0111\u1ee3t nh\u1eadp h\u00e0ng\",\"breadcrumb\":{\"@id\":\"https:\/\/dev.tolio.co.nz\/san-pham\/phin-pha-cafe-nhom-trong-dong\/#breadcrumb\"},\"inLanguage\":\"en-US\",\"potentialAction\":[{\"@type\":\"ReadAction\",\"target\":[\"https:\/\/dev.tolio.co.nz\/san-pham\/phin-pha-cafe-nhom-trong-dong\/\"]}]},{\"@type\":\"ImageObject\",\"inLanguage\":\"en-US\",\"@id\":\"https:\/\/dev.tolio.co.nz\/san-pham\/phin-pha-cafe-nhom-trong-dong\/#primaryimage\",\"url\":\"https:\/\/dev.tolio.co.nz\/wp-content\/uploads\/2023\/11\/400.png\",\"contentUrl\":\"https:\/\/dev.tolio.co.nz\/wp-content\/uploads\/2023\/11\/400.png\",\"width\":1000,\"height\":907},{\"@type\":\"BreadcrumbList\",\"@id\":\"https:\/\/dev.tolio.co.nz\/san-pham\/phin-pha-cafe-nhom-trong-dong\/#breadcrumb\",\"itemListElement\":[{\"@type\":\"ListItem\",\"position\":1,\"name\":\"Home\",\"item\":\"https:\/\/dev.tolio.co.nz\/\"},{\"@type\":\"ListItem\",\"position\":2,\"name\":\"C\u1eeda h\u00e0ng\",\"item\":\"https:\/\/dev.tolio.co.nz\/cua-hang\/\"},{\"@type\":\"ListItem\",\"position\":3,\"name\":\"Phin pha Cafe nh\u00f4m tr\u1ed1ng \u0111\u1ed3ng\"}]},{\"@type\":\"WebSite\",\"@id\":\"https:\/\/dev.tolio.co.nz\/#website\",\"url\":\"https:\/\/dev.tolio.co.nz\/\",\"name\":\"TOLIO\",\"description\":\"Vietnamese Grocery Online\",\"potentialAction\":[{\"@type\":\"SearchAction\",\"target\":{\"@type\":\"EntryPoint\",\"urlTemplate\":\"https:\/\/dev.tolio.co.nz\/?s={search_term_string}\"},\"query-input\":{\"@type\":\"PropertyValueSpecification\",\"valueRequired\":true,\"valueName\":\"search_term_string\"}}],\"inLanguage\":\"en-US\"}]}<\/script>\n<!-- \/ Yoast SEO plugin. -->","yoast_head_json":{"title":"Phin pha Cafe nh\u00f4m tr\u1ed1ng \u0111\u1ed3ng - TOLIO","description":"Th\u01b0\u01a1ng hi\u1ec7u: Trung Nguy\u00ean  Xu\u1ea5t x\u1ee9 th\u01b0\u01a1ng hi\u1ec7u: Vi\u1ec7t Nam  Quy c\u00e1ch \u0111\u00f3ng g\u00f3i: 1 c\u00e1i  L\u01b0u \u00fd: Bao b\u00ec s\u1ea3n ph\u1ea9m c\u00f3 th\u1ec3 thay \u0111\u1ed5i theo t\u1eebng \u0111\u1ee3t nh\u1eadp h\u00e0ng","robots":{"index":"index","follow":"follow","max-snippet":"max-snippet:-1","max-image-preview":"max-image-preview:large","max-video-preview":"max-video-preview:-1"},"canonical":"https:\/\/dev.tolio.co.nz\/en\/product\/small-coffee-filter-in-the-cup\/","og_locale":"en_US","og_type":"article","og_title":"Phin pha Cafe nh\u00f4m tr\u1ed1ng \u0111\u1ed3ng - TOLIO","og_description":"Th\u01b0\u01a1ng hi\u1ec7u: Trung Nguy\u00ean  Xu\u1ea5t x\u1ee9 th\u01b0\u01a1ng hi\u1ec7u: Vi\u1ec7t Nam  Quy c\u00e1ch \u0111\u00f3ng g\u00f3i: 1 c\u00e1i  L\u01b0u \u00fd: Bao b\u00ec s\u1ea3n ph\u1ea9m c\u00f3 th\u1ec3 thay \u0111\u1ed5i theo t\u1eebng \u0111\u1ee3t nh\u1eadp h\u00e0ng","og_url":"https:\/\/dev.tolio.co.nz\/en\/product\/small-coffee-filter-in-the-cup\/","og_site_name":"TOLIO","article_modified_time":"2025-09-11T04:00:48+00:00","og_image":[{"width":1000,"height":907,"url":"https:\/\/dev.tolio.co.nz\/wp-content\/uploads\/2023\/11\/400.png","type":"image\/png"}],"twitter_card":"summary_large_image","twitter_misc":{"Est. reading time":"1 minute"},"schema":{"@context":"https:\/\/schema.org","@graph":[{"@type":"WebPage","@id":"https:\/\/dev.tolio.co.nz\/san-pham\/phin-pha-cafe-nhom-trong-dong\/","url":"https:\/\/dev.tolio.co.nz\/san-pham\/phin-pha-cafe-nhom-trong-dong\/","name":"Phin pha Cafe nh\u00f4m tr\u1ed1ng \u0111\u1ed3ng - TOLIO","isPartOf":{"@id":"https:\/\/dev.tolio.co.nz\/#website"},"primaryImageOfPage":{"@id":"https:\/\/dev.tolio.co.nz\/san-pham\/phin-pha-cafe-nhom-trong-dong\/#primaryimage"},"image":{"@id":"https:\/\/dev.tolio.co.nz\/san-pham\/phin-pha-cafe-nhom-trong-dong\/#primaryimage"},"thumbnailUrl":"https:\/\/dev.tolio.co.nz\/wp-content\/uploads\/2023\/11\/400.png","datePublished":"2023-11-04T13:32:26+00:00","dateModified":"2025-09-11T04:00:48+00:00","description":"Th\u01b0\u01a1ng hi\u1ec7u: Trung Nguy\u00ean Xu\u1ea5t x\u1ee9 th\u01b0\u01a1ng hi\u1ec7u: Vi\u1ec7t Nam Quy c\u00e1ch \u0111\u00f3ng g\u00f3i: 1 c\u00e1i L\u01b0u \u00fd: Bao b\u00ec s\u1ea3n ph\u1ea9m c\u00f3 th\u1ec3 thay \u0111\u1ed5i theo t\u1eebng \u0111\u1ee3t nh\u1eadp h\u00e0ng","breadcrumb":{"@id":"https:\/\/dev.tolio.co.nz\/san-pham\/phin-pha-cafe-nhom-trong-dong\/#breadcrumb"},"inLanguage":"en-US","potentialAction":[{"@type":"ReadAction","target":["https:\/\/dev.tolio.co.nz\/san-pham\/phin-pha-cafe-nhom-trong-dong\/"]}]},{"@type":"ImageObject","inLanguage":"en-US","@id":"https:\/\/dev.tolio.co.nz\/san-pham\/phin-pha-cafe-nhom-trong-dong\/#primaryimage","url":"https:\/\/dev.tolio.co.nz\/wp-content\/uploads\/2023\/11\/400.png","contentUrl":"https:\/\/dev.tolio.co.nz\/wp-content\/uploads\/2023\/11\/400.png","width":1000,"height":907},{"@type":"BreadcrumbList","@id":"https:\/\/dev.tolio.co.nz\/san-pham\/phin-pha-cafe-nhom-trong-dong\/#breadcrumb","itemListElement":[{"@type":"ListItem","position":1,"name":"Home","item":"https:\/\/dev.tolio.co.nz\/"},{"@type":"ListItem","position":2,"name":"C\u1eeda h\u00e0ng","item":"https:\/\/dev.tolio.co.nz\/cua-hang\/"},{"@type":"ListItem","position":3,"name":"Phin pha Cafe nh\u00f4m tr\u1ed1ng \u0111\u1ed3ng"}]},{"@type":"WebSite","@id":"https:\/\/dev.tolio.co.nz\/#website","url":"https:\/\/dev.tolio.co.nz\/","name":"TOLIO","description":"Vietnamese Grocery Online","potentialAction":[{"@type":"SearchAction","target":{"@type":"EntryPoint","urlTemplate":"https:\/\/dev.tolio.co.nz\/?s={search_term_string}"},"query-input":{"@type":"PropertyValueSpecification","valueRequired":true,"valueName":"search_term_string"}}],"inLanguage":"en-US"}]}},"_links":{"self":[{"href":"https:\/\/dev.tolio.co.nz\/en\/wp-json\/wp\/v2\/product\/12103","targetHints":{"allow":["GET"]}}],"collection":[{"href":"https:\/\/dev.tolio.co.nz\/en\/wp-json\/wp\/v2\/product"}],"about":[{"href":"https:\/\/dev.tolio.co.nz\/en\/wp-json\/wp\/v2\/types\/product"}],"replies":[{"embeddable":true,"href":"https:\/\/dev.tolio.co.nz\/en\/wp-json\/wp\/v2\/comments?post=12103"}],"wp:featuredmedia":[{"embeddable":true,"href":"https:\/\/dev.tolio.co.nz\/en\/wp-json\/wp\/v2\/media\/20898"}],"wp:attachment":[{"href":"https:\/\/dev.tolio.co.nz\/en\/wp-json\/wp\/v2\/media?parent=12103"}],"wp:term":[{"taxonomy":"product_brand","embeddable":true,"href":"https:\/\/dev.tolio.co.nz\/en\/wp-json\/wp\/v2\/product_brand?post=12103"},{"taxonomy":"product_cat","embeddable":true,"href":"https:\/\/dev.tolio.co.nz\/en\/wp-json\/wp\/v2\/product_cat?post=12103"},{"taxonomy":"product_tag","embeddable":true,"href":"https:\/\/dev.tolio.co.nz\/en\/wp-json\/wp\/v2\/product_tag?post=12103"}],"curies":[{"name":"wp","href":"https:\/\/api.w.org\/{rel}","templated":true}]}}