{"id":12117,"date":"2023-11-05T03:24:34","date_gmt":"2023-11-04T14:39:34","guid":{"rendered":"https:\/\/tolio.co.nz\/?post_type=product&#038;p=12117"},"modified":"2025-09-11T16:01:07","modified_gmt":"2025-09-11T04:01:07","slug":"mua-5-tang-1-set-6-goi-gia-vi-nem-san-nau-bun-bo-hue-aji-quick-59g","status":"publish","type":"product","link":"https:\/\/dev.tolio.co.nz\/en\/product\/buy-5-tangs-1-set-of-6-price-package-with-nem-san-nau-bun-bo-hue-aji-quick-59g\/","title":{"rendered":"Set 6 g\u00f3i gia v\u1ecb n\u00eam s\u1eb5n n\u1ea5u b\u00fan b\u00f2 Hu\u1ebf Aji-Quick 59g"},"content":{"rendered":"<p><strong>Gia v\u1ecb n\u00eam s\u1eb5n n\u1ea5u b\u00fan b\u00f2 Hu\u1ebf Aji-Quick 59g<\/strong><\/p>\n<p>L\u00e0 lo\u1ea1i gia v\u1ecb n\u00eam s\u1eb5n n\u1ea5u b\u00fan b\u00f2 t\u1eeb th\u01b0\u01a1ng hi\u1ec7u gia v\u1ecb n\u00eam s\u1eb5n Aji-Quick quen thu\u1ed9c, Gia v\u1ecb n\u00eam s\u1eb5n n\u1ea5u b\u00fan b\u00f2 Hu\u1ebf Aji-Quick 59g v\u1edbi chi\u1ebft xu\u1ea5t th\u1ecbt b\u00f2 c\u00f9ng c\u00e1c lo\u1ea1i gia v\u1ecb, gi\u00fap c\u00e1c b\u00e0 n\u1ed9i tr\u1ee3 c\u00f3 th\u1ec3 ch\u1ebf bi\u1ebfn m\u00f3n b\u00fan b\u00f2 cho c\u1ea3 gia \u0111\u00ecnh m\u1ed9t c\u00e1ch nhanh ch\u00f3ng.<\/p>\n<p><strong>H\u01b0\u1edbng d\u1eabn s\u1eed d\u1ee5ng:<\/strong><\/p>\n<ul>\n<li>Cho 1 g\u00f3i gia v\u1ecb v\u00e0o 1,5 l\u00edt n\u01b0\u1edbc \u0111un s\u00f4i, th\u00eam 3 c\u00e2y s\u1ea3 \u0111\u1eadp d\u1eadp.<\/li>\n<li>\u0102n k\u00e8m c\u00f9ng th\u1ecbt b\u00f2 t\u00e1i, n\u1ea1m, g\u00e2n, gi\u00f2 heo, ch\u1ea3, rau mu\u1ed1ng, b\u1eafp chu\u1ed1i, gi\u00e1, \u1edbt sa t\u1ebf&#8230;tu\u1ef3 th\u00edch.<\/li>\n<\/ul>\n<p><strong>B\u1ea3o qu\u1ea3n:<\/strong><\/p>\n<ul>\n<li>\u0110\u1ec3 n\u01a1i kh\u00f4 r\u00e1o, tho\u00e1ng m\u00e1t.<\/li>\n<li>Tr\u00e1nh \u00e1nh n\u1eafng tr\u1ef1c ti\u1ebfp<\/li>\n<\/ul>","protected":false},"excerpt":{"rendered":"<ul>\n<li>Th\u01b0\u01a1ng hi\u1ec7u: Aji-Quick<\/li>\n<li>Xu\u1ea5t x\u1ee9 th\u01b0\u01a1ng hi\u1ec7u: Vi\u1ec7t Nam<\/li>\n<li>Quy c\u00e1ch \u0111\u00f3ng g\u00f3i: G\u00f3i 59g<\/li>\n<li>L\u01b0u \u00fd: Bao b\u00ec s\u1ea3n ph\u1ea9m c\u00f3 th\u1ec3 thay \u0111\u1ed5i theo t\u1eebng \u0111\u1ee3t nh\u1eadp h\u00e0ng<\/li>\n<\/ul>","protected":false},"featured_media":23148,"comment_status":"open","ping_status":"closed","template":"","meta":[],"product_brand":[],"product_cat":[33,481,31],"product_tag":[717,718],"class_list":{"0":"post-12117","1":"product","2":"type-product","3":"status-publish","4":"has-post-thumbnail","6":"product_cat-gia-vi","7":"product_cat-gia-vi-hoan-chinh","8":"product_cat-hang-moi-ve","9":"product_tag-gia-vi-bun-bo-hue","10":"product_tag-gia-vi-bun-bo-hue-ajiquick","11":"pa_thuong-hieu-aji-quick","13":"first","14":"instock","15":"sale","16":"shipping-taxable","17":"purchasable","18":"product-type-simple"},"yoast_head":"<!-- This site is optimized with the Yoast SEO plugin v24.4 - https:\/\/yoast.com\/wordpress\/plugins\/seo\/ -->\n<title>Set 6 g\u00f3i gia v\u1ecb n\u00eam s\u1eb5n n\u1ea5u b\u00fan b\u00f2 Hu\u1ebf Aji-Quick 59g - TOLIO<\/title>\n<meta name=\"description\" content=\"Th\u01b0\u01a1ng hi\u1ec7u: Aji-Quick  Xu\u1ea5t x\u1ee9 th\u01b0\u01a1ng hi\u1ec7u: Vi\u1ec7t Nam  Quy c\u00e1ch \u0111\u00f3ng g\u00f3i: G\u00f3i 59g  L\u01b0u \u00fd: Bao b\u00ec s\u1ea3n ph\u1ea9m c\u00f3 th\u1ec3 thay \u0111\u1ed5i theo t\u1eebng \u0111\u1ee3t nh\u1eadp h\u00e0ng\" \/>\n<meta name=\"robots\" content=\"index, follow, max-snippet:-1, max-image-preview:large, max-video-preview:-1\" \/>\n<link rel=\"canonical\" href=\"https:\/\/dev.tolio.co.nz\/en\/product\/buy-5-tangs-1-set-of-6-price-package-with-nem-san-nau-bun-bo-hue-aji-quick-59g\/\" \/>\n<meta property=\"og:locale\" content=\"en_US\" \/>\n<meta property=\"og:type\" content=\"article\" \/>\n<meta property=\"og:title\" content=\"Set 6 g\u00f3i gia v\u1ecb n\u00eam s\u1eb5n n\u1ea5u b\u00fan b\u00f2 Hu\u1ebf Aji-Quick 59g - TOLIO\" \/>\n<meta property=\"og:description\" content=\"Th\u01b0\u01a1ng hi\u1ec7u: Aji-Quick  Xu\u1ea5t x\u1ee9 th\u01b0\u01a1ng hi\u1ec7u: Vi\u1ec7t Nam  Quy c\u00e1ch \u0111\u00f3ng g\u00f3i: G\u00f3i 59g  L\u01b0u \u00fd: Bao b\u00ec s\u1ea3n ph\u1ea9m c\u00f3 th\u1ec3 thay \u0111\u1ed5i theo t\u1eebng \u0111\u1ee3t nh\u1eadp h\u00e0ng\" \/>\n<meta property=\"og:url\" content=\"https:\/\/dev.tolio.co.nz\/en\/product\/buy-5-tangs-1-set-of-6-price-package-with-nem-san-nau-bun-bo-hue-aji-quick-59g\/\" \/>\n<meta property=\"og:site_name\" content=\"TOLIO\" \/>\n<meta property=\"article:modified_time\" content=\"2025-09-11T04:01:07+00:00\" \/>\n<meta property=\"og:image\" content=\"https:\/\/dev.tolio.co.nz\/wp-content\/uploads\/2023\/11\/429-1.png\" \/>\n\t<meta property=\"og:image:width\" content=\"1000\" \/>\n\t<meta property=\"og:image:height\" content=\"907\" \/>\n\t<meta property=\"og:image:type\" content=\"image\/png\" \/>\n<meta name=\"twitter:card\" content=\"summary_large_image\" \/>\n<meta name=\"twitter:label1\" content=\"Est. reading time\" \/>\n\t<meta name=\"twitter:data1\" content=\"1 minute\" \/>\n<script type=\"application\/ld+json\" class=\"yoast-schema-graph\">{\"@context\":\"https:\/\/schema.org\",\"@graph\":[{\"@type\":\"WebPage\",\"@id\":\"https:\/\/dev.tolio.co.nz\/san-pham\/mua-5-tang-1-set-6-goi-gia-vi-nem-san-nau-bun-bo-hue-aji-quick-59g\/\",\"url\":\"https:\/\/dev.tolio.co.nz\/san-pham\/mua-5-tang-1-set-6-goi-gia-vi-nem-san-nau-bun-bo-hue-aji-quick-59g\/\",\"name\":\"Set 6 g\u00f3i gia v\u1ecb n\u00eam s\u1eb5n n\u1ea5u b\u00fan b\u00f2 Hu\u1ebf Aji-Quick 59g - TOLIO\",\"isPartOf\":{\"@id\":\"https:\/\/dev.tolio.co.nz\/#website\"},\"primaryImageOfPage\":{\"@id\":\"https:\/\/dev.tolio.co.nz\/san-pham\/mua-5-tang-1-set-6-goi-gia-vi-nem-san-nau-bun-bo-hue-aji-quick-59g\/#primaryimage\"},\"image\":{\"@id\":\"https:\/\/dev.tolio.co.nz\/san-pham\/mua-5-tang-1-set-6-goi-gia-vi-nem-san-nau-bun-bo-hue-aji-quick-59g\/#primaryimage\"},\"thumbnailUrl\":\"https:\/\/dev.tolio.co.nz\/wp-content\/uploads\/2023\/11\/429-1.png\",\"datePublished\":\"2023-11-04T14:39:34+00:00\",\"dateModified\":\"2025-09-11T04:01:07+00:00\",\"description\":\"Th\u01b0\u01a1ng hi\u1ec7u: Aji-Quick Xu\u1ea5t x\u1ee9 th\u01b0\u01a1ng hi\u1ec7u: Vi\u1ec7t Nam Quy c\u00e1ch \u0111\u00f3ng g\u00f3i: G\u00f3i 59g L\u01b0u \u00fd: Bao b\u00ec s\u1ea3n ph\u1ea9m c\u00f3 th\u1ec3 thay \u0111\u1ed5i theo t\u1eebng \u0111\u1ee3t nh\u1eadp h\u00e0ng\",\"breadcrumb\":{\"@id\":\"https:\/\/dev.tolio.co.nz\/san-pham\/mua-5-tang-1-set-6-goi-gia-vi-nem-san-nau-bun-bo-hue-aji-quick-59g\/#breadcrumb\"},\"inLanguage\":\"en-US\",\"potentialAction\":[{\"@type\":\"ReadAction\",\"target\":[\"https:\/\/dev.tolio.co.nz\/san-pham\/mua-5-tang-1-set-6-goi-gia-vi-nem-san-nau-bun-bo-hue-aji-quick-59g\/\"]}]},{\"@type\":\"ImageObject\",\"inLanguage\":\"en-US\",\"@id\":\"https:\/\/dev.tolio.co.nz\/san-pham\/mua-5-tang-1-set-6-goi-gia-vi-nem-san-nau-bun-bo-hue-aji-quick-59g\/#primaryimage\",\"url\":\"https:\/\/dev.tolio.co.nz\/wp-content\/uploads\/2023\/11\/429-1.png\",\"contentUrl\":\"https:\/\/dev.tolio.co.nz\/wp-content\/uploads\/2023\/11\/429-1.png\",\"width\":1000,\"height\":907},{\"@type\":\"BreadcrumbList\",\"@id\":\"https:\/\/dev.tolio.co.nz\/san-pham\/mua-5-tang-1-set-6-goi-gia-vi-nem-san-nau-bun-bo-hue-aji-quick-59g\/#breadcrumb\",\"itemListElement\":[{\"@type\":\"ListItem\",\"position\":1,\"name\":\"Home\",\"item\":\"https:\/\/dev.tolio.co.nz\/\"},{\"@type\":\"ListItem\",\"position\":2,\"name\":\"C\u1eeda h\u00e0ng\",\"item\":\"https:\/\/dev.tolio.co.nz\/cua-hang\/\"},{\"@type\":\"ListItem\",\"position\":3,\"name\":\"Set 6 g\u00f3i gia v\u1ecb n\u00eam s\u1eb5n n\u1ea5u b\u00fan b\u00f2 Hu\u1ebf Aji-Quick 59g\"}]},{\"@type\":\"WebSite\",\"@id\":\"https:\/\/dev.tolio.co.nz\/#website\",\"url\":\"https:\/\/dev.tolio.co.nz\/\",\"name\":\"TOLIO\",\"description\":\"Vietnamese Grocery Online\",\"potentialAction\":[{\"@type\":\"SearchAction\",\"target\":{\"@type\":\"EntryPoint\",\"urlTemplate\":\"https:\/\/dev.tolio.co.nz\/?s={search_term_string}\"},\"query-input\":{\"@type\":\"PropertyValueSpecification\",\"valueRequired\":true,\"valueName\":\"search_term_string\"}}],\"inLanguage\":\"en-US\"}]}<\/script>\n<!-- \/ Yoast SEO plugin. -->","yoast_head_json":{"title":"Set 6 g\u00f3i gia v\u1ecb n\u00eam s\u1eb5n n\u1ea5u b\u00fan b\u00f2 Hu\u1ebf Aji-Quick 59g - TOLIO","description":"Th\u01b0\u01a1ng hi\u1ec7u: Aji-Quick  Xu\u1ea5t x\u1ee9 th\u01b0\u01a1ng hi\u1ec7u: Vi\u1ec7t Nam  Quy c\u00e1ch \u0111\u00f3ng g\u00f3i: G\u00f3i 59g  L\u01b0u \u00fd: Bao b\u00ec s\u1ea3n ph\u1ea9m c\u00f3 th\u1ec3 thay \u0111\u1ed5i theo t\u1eebng \u0111\u1ee3t nh\u1eadp h\u00e0ng","robots":{"index":"index","follow":"follow","max-snippet":"max-snippet:-1","max-image-preview":"max-image-preview:large","max-video-preview":"max-video-preview:-1"},"canonical":"https:\/\/dev.tolio.co.nz\/en\/product\/buy-5-tangs-1-set-of-6-price-package-with-nem-san-nau-bun-bo-hue-aji-quick-59g\/","og_locale":"en_US","og_type":"article","og_title":"Set 6 g\u00f3i gia v\u1ecb n\u00eam s\u1eb5n n\u1ea5u b\u00fan b\u00f2 Hu\u1ebf Aji-Quick 59g - TOLIO","og_description":"Th\u01b0\u01a1ng hi\u1ec7u: Aji-Quick  Xu\u1ea5t x\u1ee9 th\u01b0\u01a1ng hi\u1ec7u: Vi\u1ec7t Nam  Quy c\u00e1ch \u0111\u00f3ng g\u00f3i: G\u00f3i 59g  L\u01b0u \u00fd: Bao b\u00ec s\u1ea3n ph\u1ea9m c\u00f3 th\u1ec3 thay \u0111\u1ed5i theo t\u1eebng \u0111\u1ee3t nh\u1eadp h\u00e0ng","og_url":"https:\/\/dev.tolio.co.nz\/en\/product\/buy-5-tangs-1-set-of-6-price-package-with-nem-san-nau-bun-bo-hue-aji-quick-59g\/","og_site_name":"TOLIO","article_modified_time":"2025-09-11T04:01:07+00:00","og_image":[{"width":1000,"height":907,"url":"https:\/\/dev.tolio.co.nz\/wp-content\/uploads\/2023\/11\/429-1.png","type":"image\/png"}],"twitter_card":"summary_large_image","twitter_misc":{"Est. reading time":"1 minute"},"schema":{"@context":"https:\/\/schema.org","@graph":[{"@type":"WebPage","@id":"https:\/\/dev.tolio.co.nz\/san-pham\/mua-5-tang-1-set-6-goi-gia-vi-nem-san-nau-bun-bo-hue-aji-quick-59g\/","url":"https:\/\/dev.tolio.co.nz\/san-pham\/mua-5-tang-1-set-6-goi-gia-vi-nem-san-nau-bun-bo-hue-aji-quick-59g\/","name":"Set 6 g\u00f3i gia v\u1ecb n\u00eam s\u1eb5n n\u1ea5u b\u00fan b\u00f2 Hu\u1ebf Aji-Quick 59g - TOLIO","isPartOf":{"@id":"https:\/\/dev.tolio.co.nz\/#website"},"primaryImageOfPage":{"@id":"https:\/\/dev.tolio.co.nz\/san-pham\/mua-5-tang-1-set-6-goi-gia-vi-nem-san-nau-bun-bo-hue-aji-quick-59g\/#primaryimage"},"image":{"@id":"https:\/\/dev.tolio.co.nz\/san-pham\/mua-5-tang-1-set-6-goi-gia-vi-nem-san-nau-bun-bo-hue-aji-quick-59g\/#primaryimage"},"thumbnailUrl":"https:\/\/dev.tolio.co.nz\/wp-content\/uploads\/2023\/11\/429-1.png","datePublished":"2023-11-04T14:39:34+00:00","dateModified":"2025-09-11T04:01:07+00:00","description":"Th\u01b0\u01a1ng hi\u1ec7u: Aji-Quick Xu\u1ea5t x\u1ee9 th\u01b0\u01a1ng hi\u1ec7u: Vi\u1ec7t Nam Quy c\u00e1ch \u0111\u00f3ng g\u00f3i: G\u00f3i 59g L\u01b0u \u00fd: Bao b\u00ec s\u1ea3n ph\u1ea9m c\u00f3 th\u1ec3 thay \u0111\u1ed5i theo t\u1eebng \u0111\u1ee3t nh\u1eadp h\u00e0ng","breadcrumb":{"@id":"https:\/\/dev.tolio.co.nz\/san-pham\/mua-5-tang-1-set-6-goi-gia-vi-nem-san-nau-bun-bo-hue-aji-quick-59g\/#breadcrumb"},"inLanguage":"en-US","potentialAction":[{"@type":"ReadAction","target":["https:\/\/dev.tolio.co.nz\/san-pham\/mua-5-tang-1-set-6-goi-gia-vi-nem-san-nau-bun-bo-hue-aji-quick-59g\/"]}]},{"@type":"ImageObject","inLanguage":"en-US","@id":"https:\/\/dev.tolio.co.nz\/san-pham\/mua-5-tang-1-set-6-goi-gia-vi-nem-san-nau-bun-bo-hue-aji-quick-59g\/#primaryimage","url":"https:\/\/dev.tolio.co.nz\/wp-content\/uploads\/2023\/11\/429-1.png","contentUrl":"https:\/\/dev.tolio.co.nz\/wp-content\/uploads\/2023\/11\/429-1.png","width":1000,"height":907},{"@type":"BreadcrumbList","@id":"https:\/\/dev.tolio.co.nz\/san-pham\/mua-5-tang-1-set-6-goi-gia-vi-nem-san-nau-bun-bo-hue-aji-quick-59g\/#breadcrumb","itemListElement":[{"@type":"ListItem","position":1,"name":"Home","item":"https:\/\/dev.tolio.co.nz\/"},{"@type":"ListItem","position":2,"name":"C\u1eeda h\u00e0ng","item":"https:\/\/dev.tolio.co.nz\/cua-hang\/"},{"@type":"ListItem","position":3,"name":"Set 6 g\u00f3i gia v\u1ecb n\u00eam s\u1eb5n n\u1ea5u b\u00fan b\u00f2 Hu\u1ebf Aji-Quick 59g"}]},{"@type":"WebSite","@id":"https:\/\/dev.tolio.co.nz\/#website","url":"https:\/\/dev.tolio.co.nz\/","name":"TOLIO","description":"Vietnamese Grocery Online","potentialAction":[{"@type":"SearchAction","target":{"@type":"EntryPoint","urlTemplate":"https:\/\/dev.tolio.co.nz\/?s={search_term_string}"},"query-input":{"@type":"PropertyValueSpecification","valueRequired":true,"valueName":"search_term_string"}}],"inLanguage":"en-US"}]}},"_links":{"self":[{"href":"https:\/\/dev.tolio.co.nz\/en\/wp-json\/wp\/v2\/product\/12117","targetHints":{"allow":["GET"]}}],"collection":[{"href":"https:\/\/dev.tolio.co.nz\/en\/wp-json\/wp\/v2\/product"}],"about":[{"href":"https:\/\/dev.tolio.co.nz\/en\/wp-json\/wp\/v2\/types\/product"}],"replies":[{"embeddable":true,"href":"https:\/\/dev.tolio.co.nz\/en\/wp-json\/wp\/v2\/comments?post=12117"}],"wp:featuredmedia":[{"embeddable":true,"href":"https:\/\/dev.tolio.co.nz\/en\/wp-json\/wp\/v2\/media\/23148"}],"wp:attachment":[{"href":"https:\/\/dev.tolio.co.nz\/en\/wp-json\/wp\/v2\/media?parent=12117"}],"wp:term":[{"taxonomy":"product_brand","embeddable":true,"href":"https:\/\/dev.tolio.co.nz\/en\/wp-json\/wp\/v2\/product_brand?post=12117"},{"taxonomy":"product_cat","embeddable":true,"href":"https:\/\/dev.tolio.co.nz\/en\/wp-json\/wp\/v2\/product_cat?post=12117"},{"taxonomy":"product_tag","embeddable":true,"href":"https:\/\/dev.tolio.co.nz\/en\/wp-json\/wp\/v2\/product_tag?post=12117"}],"curies":[{"name":"wp","href":"https:\/\/api.w.org\/{rel}","templated":true}]}}