{"id":12159,"date":"2023-11-05T16:18:53","date_gmt":"2023-11-05T03:33:53","guid":{"rendered":"https:\/\/tolio.co.nz\/?post_type=product&#038;p=12159"},"modified":"2025-09-11T16:01:20","modified_gmt":"2025-09-11T04:01:20","slug":"tra-olong-tui-loc-phuc-long-25-goi-2g","status":"publish","type":"product","link":"https:\/\/dev.tolio.co.nz\/en\/product\/tra-olong-i-loc-phuc-long-25-packets-2g\/","title":{"rendered":"Tr\u00e0 Olong t\u00fai l\u1ecdc Ph\u00fac Long 25 g\u00f3i x 2g"},"content":{"rendered":"<p><strong>Tr\u00e0 Olong t\u00fai l\u1ecdc Ph\u00fac Long 25 g\u00f3i x 2g<\/strong> l\u00e0 d\u00f2ng tr\u00e0 c\u00f3 h\u01b0\u01a1ng v\u1ecb tinh t\u1ebf \u0111\u01b0\u1ee3c bi\u1ebft \u0111\u1ebfn nh\u01b0 m\u1ed9t \u0111\u1ea1i danh tr\u00e0. Tr\u00e0 \u00d4 long khi pha c\u00f3 s\u1eafc xanh t\u01b0\u01a1i m\u00e1t h\u00f2a quy\u1ec7n c\u00f9ng h\u01b0\u01a1ng hoa c\u1ecf thoang tho\u1ea3ng khi\u1ebfn t\u00e2m h\u1ed3n th\u00eam th\u01b0 th\u00e1i. D\u01b0 v\u1ecb h\u1eadu \u0111\u1eafng sau khi d\u00f9ng c\u1ee7a tr\u00e0 mang l\u1ea1i cho ng\u01b0\u1eddi d\u00f9ng m\u1ed9t tr\u1ea3i nghi\u1ec7m tinh t\u1ebf v\u1ec1 tr\u00e0.<\/p>\n<p><strong>H\u01b0\u1edbng d\u1eabn s\u1eed d\u1ee5ng:<\/strong><\/p>\n<ul>\n<li>Cho g\u00f3i tr\u00e0 v\u00e0o t\u00e1ch, \u0111\u1ed5 n\u01b0\u1edbc s\u00f4i v\u00e0o.<\/li>\n<li>Ng\u00e2m kho\u1ea3ng 2 &#8211; 3 ph\u00fat, nh\u00fang g\u00f3i tr\u00e0 5 l\u1ea7n r\u1ed3i l\u1ea5y ra v\u00e0 th\u01b0\u1edfng th\u1ee9c.<\/li>\n<\/ul>\n<p><strong>B\u1ea3o qu\u1ea3n:<\/strong><\/p>\n<ul>\n<li>N\u01a1i kh\u00f4 r\u00e1o, tho\u00e1ng m\u00e1t, tr\u00e1nh \u1ea9m \u01b0\u1edbt,<\/li>\n<li>Tr\u00e1nh \u0111\u1ec3 tr\u1ef1c ti\u1ebfp d\u01b0\u1edbi \u00e1nh n\u1eafng m\u1eb7t tr\u1eddi<\/li>\n<\/ul>","protected":false},"excerpt":{"rendered":"<ul>\n<li>Th\u01b0\u01a1ng hi\u1ec7u: Ph\u00fac Long<\/li>\n<li>Xu\u1ea5t x\u1ee9 th\u01b0\u01a1ng hi\u1ec7u: Vi\u1ec7t Nam<\/li>\n<li>Quy c\u00e1ch \u0111\u00f3ng g\u00f3i: G\u00f3i 2g (h\u1ed9p 25 g\u00f3i)<\/li>\n<li>L\u01b0u \u00fd: Bao b\u00ec s\u1ea3n ph\u1ea9m c\u00f3 th\u1ec3 thay \u0111\u1ed5i theo t\u1eebng \u0111\u1ee3t nh\u1eadp h\u00e0ng<\/li>\n<\/ul>","protected":false},"featured_media":26481,"comment_status":"open","ping_status":"closed","template":"","meta":[],"product_brand":[],"product_cat":[34,483,31],"product_tag":[745],"class_list":{"0":"post-12159","1":"product","2":"type-product","3":"status-publish","4":"has-post-thumbnail","6":"product_cat-thuc-uong","7":"product_cat-ca-phe","8":"product_cat-hang-moi-ve","9":"product_tag-tra-olong-phuc-long","10":"pa_thuong-hieu-phuc-long","12":"first","13":"instock","14":"shipping-taxable","15":"purchasable","16":"product-type-simple"},"yoast_head":"<!-- This site is optimized with the Yoast SEO plugin v24.4 - https:\/\/yoast.com\/wordpress\/plugins\/seo\/ -->\n<title>Tr\u00e0 Olong t\u00fai l\u1ecdc Ph\u00fac Long 25 g\u00f3i x 2g - TOLIO<\/title>\n<meta name=\"description\" content=\"Th\u01b0\u01a1ng hi\u1ec7u: Ph\u00fac Long  Xu\u1ea5t x\u1ee9 th\u01b0\u01a1ng hi\u1ec7u: Vi\u1ec7t Nam  Quy c\u00e1ch \u0111\u00f3ng g\u00f3i: G\u00f3i 2g (h\u1ed9p 25 g\u00f3i)  L\u01b0u \u00fd: Bao b\u00ec s\u1ea3n ph\u1ea9m c\u00f3 th\u1ec3 thay \u0111\u1ed5i theo t\u1eebng \u0111\u1ee3t nh\u1eadp h\u00e0ng\" \/>\n<meta name=\"robots\" content=\"index, follow, max-snippet:-1, max-image-preview:large, max-video-preview:-1\" \/>\n<link rel=\"canonical\" href=\"https:\/\/dev.tolio.co.nz\/en\/product\/tra-olong-i-loc-phuc-long-25-packets-2g\/\" \/>\n<meta property=\"og:locale\" content=\"en_US\" \/>\n<meta property=\"og:type\" content=\"article\" \/>\n<meta property=\"og:title\" content=\"Tr\u00e0 Olong t\u00fai l\u1ecdc Ph\u00fac Long 25 g\u00f3i x 2g - TOLIO\" \/>\n<meta property=\"og:description\" content=\"Th\u01b0\u01a1ng hi\u1ec7u: Ph\u00fac Long  Xu\u1ea5t x\u1ee9 th\u01b0\u01a1ng hi\u1ec7u: Vi\u1ec7t Nam  Quy c\u00e1ch \u0111\u00f3ng g\u00f3i: G\u00f3i 2g (h\u1ed9p 25 g\u00f3i)  L\u01b0u \u00fd: Bao b\u00ec s\u1ea3n ph\u1ea9m c\u00f3 th\u1ec3 thay \u0111\u1ed5i theo t\u1eebng \u0111\u1ee3t nh\u1eadp h\u00e0ng\" \/>\n<meta property=\"og:url\" content=\"https:\/\/dev.tolio.co.nz\/en\/product\/tra-olong-i-loc-phuc-long-25-packets-2g\/\" \/>\n<meta property=\"og:site_name\" content=\"TOLIO\" \/>\n<meta property=\"article:modified_time\" content=\"2025-09-11T04:01:20+00:00\" \/>\n<meta property=\"og:image\" content=\"https:\/\/dev.tolio.co.nz\/wp-content\/uploads\/2023\/11\/307.png\" \/>\n\t<meta property=\"og:image:width\" content=\"1000\" \/>\n\t<meta property=\"og:image:height\" content=\"907\" \/>\n\t<meta property=\"og:image:type\" content=\"image\/png\" \/>\n<meta name=\"twitter:card\" content=\"summary_large_image\" \/>\n<meta name=\"twitter:label1\" content=\"Est. reading time\" \/>\n\t<meta name=\"twitter:data1\" content=\"1 minute\" \/>\n<script type=\"application\/ld+json\" class=\"yoast-schema-graph\">{\"@context\":\"https:\/\/schema.org\",\"@graph\":[{\"@type\":\"WebPage\",\"@id\":\"https:\/\/dev.tolio.co.nz\/san-pham\/tra-olong-tui-loc-phuc-long-25-goi-2g\/\",\"url\":\"https:\/\/dev.tolio.co.nz\/san-pham\/tra-olong-tui-loc-phuc-long-25-goi-2g\/\",\"name\":\"Tr\u00e0 Olong t\u00fai l\u1ecdc Ph\u00fac Long 25 g\u00f3i x 2g - TOLIO\",\"isPartOf\":{\"@id\":\"https:\/\/dev.tolio.co.nz\/#website\"},\"primaryImageOfPage\":{\"@id\":\"https:\/\/dev.tolio.co.nz\/san-pham\/tra-olong-tui-loc-phuc-long-25-goi-2g\/#primaryimage\"},\"image\":{\"@id\":\"https:\/\/dev.tolio.co.nz\/san-pham\/tra-olong-tui-loc-phuc-long-25-goi-2g\/#primaryimage\"},\"thumbnailUrl\":\"https:\/\/dev.tolio.co.nz\/wp-content\/uploads\/2023\/11\/307.png\",\"datePublished\":\"2023-11-05T03:33:53+00:00\",\"dateModified\":\"2025-09-11T04:01:20+00:00\",\"description\":\"Th\u01b0\u01a1ng hi\u1ec7u: Ph\u00fac Long Xu\u1ea5t x\u1ee9 th\u01b0\u01a1ng hi\u1ec7u: Vi\u1ec7t Nam Quy c\u00e1ch \u0111\u00f3ng g\u00f3i: G\u00f3i 2g (h\u1ed9p 25 g\u00f3i) L\u01b0u \u00fd: Bao b\u00ec s\u1ea3n ph\u1ea9m c\u00f3 th\u1ec3 thay \u0111\u1ed5i theo t\u1eebng \u0111\u1ee3t nh\u1eadp h\u00e0ng\",\"breadcrumb\":{\"@id\":\"https:\/\/dev.tolio.co.nz\/san-pham\/tra-olong-tui-loc-phuc-long-25-goi-2g\/#breadcrumb\"},\"inLanguage\":\"en-US\",\"potentialAction\":[{\"@type\":\"ReadAction\",\"target\":[\"https:\/\/dev.tolio.co.nz\/san-pham\/tra-olong-tui-loc-phuc-long-25-goi-2g\/\"]}]},{\"@type\":\"ImageObject\",\"inLanguage\":\"en-US\",\"@id\":\"https:\/\/dev.tolio.co.nz\/san-pham\/tra-olong-tui-loc-phuc-long-25-goi-2g\/#primaryimage\",\"url\":\"https:\/\/dev.tolio.co.nz\/wp-content\/uploads\/2023\/11\/307.png\",\"contentUrl\":\"https:\/\/dev.tolio.co.nz\/wp-content\/uploads\/2023\/11\/307.png\",\"width\":1000,\"height\":907},{\"@type\":\"BreadcrumbList\",\"@id\":\"https:\/\/dev.tolio.co.nz\/san-pham\/tra-olong-tui-loc-phuc-long-25-goi-2g\/#breadcrumb\",\"itemListElement\":[{\"@type\":\"ListItem\",\"position\":1,\"name\":\"Home\",\"item\":\"https:\/\/dev.tolio.co.nz\/\"},{\"@type\":\"ListItem\",\"position\":2,\"name\":\"C\u1eeda h\u00e0ng\",\"item\":\"https:\/\/dev.tolio.co.nz\/cua-hang\/\"},{\"@type\":\"ListItem\",\"position\":3,\"name\":\"Tr\u00e0 Olong t\u00fai l\u1ecdc Ph\u00fac Long 25 g\u00f3i x 2g\"}]},{\"@type\":\"WebSite\",\"@id\":\"https:\/\/dev.tolio.co.nz\/#website\",\"url\":\"https:\/\/dev.tolio.co.nz\/\",\"name\":\"TOLIO\",\"description\":\"Vietnamese Grocery Online\",\"potentialAction\":[{\"@type\":\"SearchAction\",\"target\":{\"@type\":\"EntryPoint\",\"urlTemplate\":\"https:\/\/dev.tolio.co.nz\/?s={search_term_string}\"},\"query-input\":{\"@type\":\"PropertyValueSpecification\",\"valueRequired\":true,\"valueName\":\"search_term_string\"}}],\"inLanguage\":\"en-US\"}]}<\/script>\n<!-- \/ Yoast SEO plugin. -->","yoast_head_json":{"title":"Tr\u00e0 Olong t\u00fai l\u1ecdc Ph\u00fac Long 25 g\u00f3i x 2g - TOLIO","description":"Th\u01b0\u01a1ng hi\u1ec7u: Ph\u00fac Long  Xu\u1ea5t x\u1ee9 th\u01b0\u01a1ng hi\u1ec7u: Vi\u1ec7t Nam  Quy c\u00e1ch \u0111\u00f3ng g\u00f3i: G\u00f3i 2g (h\u1ed9p 25 g\u00f3i)  L\u01b0u \u00fd: Bao b\u00ec s\u1ea3n ph\u1ea9m c\u00f3 th\u1ec3 thay \u0111\u1ed5i theo t\u1eebng \u0111\u1ee3t nh\u1eadp h\u00e0ng","robots":{"index":"index","follow":"follow","max-snippet":"max-snippet:-1","max-image-preview":"max-image-preview:large","max-video-preview":"max-video-preview:-1"},"canonical":"https:\/\/dev.tolio.co.nz\/en\/product\/tra-olong-i-loc-phuc-long-25-packets-2g\/","og_locale":"en_US","og_type":"article","og_title":"Tr\u00e0 Olong t\u00fai l\u1ecdc Ph\u00fac Long 25 g\u00f3i x 2g - TOLIO","og_description":"Th\u01b0\u01a1ng hi\u1ec7u: Ph\u00fac Long  Xu\u1ea5t x\u1ee9 th\u01b0\u01a1ng hi\u1ec7u: Vi\u1ec7t Nam  Quy c\u00e1ch \u0111\u00f3ng g\u00f3i: G\u00f3i 2g (h\u1ed9p 25 g\u00f3i)  L\u01b0u \u00fd: Bao b\u00ec s\u1ea3n ph\u1ea9m c\u00f3 th\u1ec3 thay \u0111\u1ed5i theo t\u1eebng \u0111\u1ee3t nh\u1eadp h\u00e0ng","og_url":"https:\/\/dev.tolio.co.nz\/en\/product\/tra-olong-i-loc-phuc-long-25-packets-2g\/","og_site_name":"TOLIO","article_modified_time":"2025-09-11T04:01:20+00:00","og_image":[{"width":1000,"height":907,"url":"https:\/\/dev.tolio.co.nz\/wp-content\/uploads\/2023\/11\/307.png","type":"image\/png"}],"twitter_card":"summary_large_image","twitter_misc":{"Est. reading time":"1 minute"},"schema":{"@context":"https:\/\/schema.org","@graph":[{"@type":"WebPage","@id":"https:\/\/dev.tolio.co.nz\/san-pham\/tra-olong-tui-loc-phuc-long-25-goi-2g\/","url":"https:\/\/dev.tolio.co.nz\/san-pham\/tra-olong-tui-loc-phuc-long-25-goi-2g\/","name":"Tr\u00e0 Olong t\u00fai l\u1ecdc Ph\u00fac Long 25 g\u00f3i x 2g - TOLIO","isPartOf":{"@id":"https:\/\/dev.tolio.co.nz\/#website"},"primaryImageOfPage":{"@id":"https:\/\/dev.tolio.co.nz\/san-pham\/tra-olong-tui-loc-phuc-long-25-goi-2g\/#primaryimage"},"image":{"@id":"https:\/\/dev.tolio.co.nz\/san-pham\/tra-olong-tui-loc-phuc-long-25-goi-2g\/#primaryimage"},"thumbnailUrl":"https:\/\/dev.tolio.co.nz\/wp-content\/uploads\/2023\/11\/307.png","datePublished":"2023-11-05T03:33:53+00:00","dateModified":"2025-09-11T04:01:20+00:00","description":"Th\u01b0\u01a1ng hi\u1ec7u: Ph\u00fac Long Xu\u1ea5t x\u1ee9 th\u01b0\u01a1ng hi\u1ec7u: Vi\u1ec7t Nam Quy c\u00e1ch \u0111\u00f3ng g\u00f3i: G\u00f3i 2g (h\u1ed9p 25 g\u00f3i) L\u01b0u \u00fd: Bao b\u00ec s\u1ea3n ph\u1ea9m c\u00f3 th\u1ec3 thay \u0111\u1ed5i theo t\u1eebng \u0111\u1ee3t nh\u1eadp h\u00e0ng","breadcrumb":{"@id":"https:\/\/dev.tolio.co.nz\/san-pham\/tra-olong-tui-loc-phuc-long-25-goi-2g\/#breadcrumb"},"inLanguage":"en-US","potentialAction":[{"@type":"ReadAction","target":["https:\/\/dev.tolio.co.nz\/san-pham\/tra-olong-tui-loc-phuc-long-25-goi-2g\/"]}]},{"@type":"ImageObject","inLanguage":"en-US","@id":"https:\/\/dev.tolio.co.nz\/san-pham\/tra-olong-tui-loc-phuc-long-25-goi-2g\/#primaryimage","url":"https:\/\/dev.tolio.co.nz\/wp-content\/uploads\/2023\/11\/307.png","contentUrl":"https:\/\/dev.tolio.co.nz\/wp-content\/uploads\/2023\/11\/307.png","width":1000,"height":907},{"@type":"BreadcrumbList","@id":"https:\/\/dev.tolio.co.nz\/san-pham\/tra-olong-tui-loc-phuc-long-25-goi-2g\/#breadcrumb","itemListElement":[{"@type":"ListItem","position":1,"name":"Home","item":"https:\/\/dev.tolio.co.nz\/"},{"@type":"ListItem","position":2,"name":"C\u1eeda h\u00e0ng","item":"https:\/\/dev.tolio.co.nz\/cua-hang\/"},{"@type":"ListItem","position":3,"name":"Tr\u00e0 Olong t\u00fai l\u1ecdc Ph\u00fac Long 25 g\u00f3i x 2g"}]},{"@type":"WebSite","@id":"https:\/\/dev.tolio.co.nz\/#website","url":"https:\/\/dev.tolio.co.nz\/","name":"TOLIO","description":"Vietnamese Grocery Online","potentialAction":[{"@type":"SearchAction","target":{"@type":"EntryPoint","urlTemplate":"https:\/\/dev.tolio.co.nz\/?s={search_term_string}"},"query-input":{"@type":"PropertyValueSpecification","valueRequired":true,"valueName":"search_term_string"}}],"inLanguage":"en-US"}]}},"_links":{"self":[{"href":"https:\/\/dev.tolio.co.nz\/en\/wp-json\/wp\/v2\/product\/12159","targetHints":{"allow":["GET"]}}],"collection":[{"href":"https:\/\/dev.tolio.co.nz\/en\/wp-json\/wp\/v2\/product"}],"about":[{"href":"https:\/\/dev.tolio.co.nz\/en\/wp-json\/wp\/v2\/types\/product"}],"replies":[{"embeddable":true,"href":"https:\/\/dev.tolio.co.nz\/en\/wp-json\/wp\/v2\/comments?post=12159"}],"wp:featuredmedia":[{"embeddable":true,"href":"https:\/\/dev.tolio.co.nz\/en\/wp-json\/wp\/v2\/media\/26481"}],"wp:attachment":[{"href":"https:\/\/dev.tolio.co.nz\/en\/wp-json\/wp\/v2\/media?parent=12159"}],"wp:term":[{"taxonomy":"product_brand","embeddable":true,"href":"https:\/\/dev.tolio.co.nz\/en\/wp-json\/wp\/v2\/product_brand?post=12159"},{"taxonomy":"product_cat","embeddable":true,"href":"https:\/\/dev.tolio.co.nz\/en\/wp-json\/wp\/v2\/product_cat?post=12159"},{"taxonomy":"product_tag","embeddable":true,"href":"https:\/\/dev.tolio.co.nz\/en\/wp-json\/wp\/v2\/product_tag?post=12159"}],"curies":[{"name":"wp","href":"https:\/\/api.w.org\/{rel}","templated":true}]}}