{"id":1219,"date":"2022-01-03T15:46:00","date_gmt":"2022-01-03T03:01:00","guid":{"rendered":"https:\/\/tolio2.sitebycat.com\/?post_type=product&#038;p=1219"},"modified":"2025-09-11T15:59:51","modified_gmt":"2025-09-11T03:59:51","slug":"thach-caramel-lapatie-long-hai-tui-416g","status":"publish","type":"product","link":"https:\/\/dev.tolio.co.nz\/en\/product\/caramel-lapatie-long-thach-for-two-416g\/","title":{"rendered":"Th\u1ea1ch Caramel Lapatie Long H\u1ea3i t\u00fai 400g"},"content":{"rendered":"<p><strong>Th\u1ea1ch Caramel Lapatie Long H\u1ea3i t\u00fai 400g <\/strong>k\u1ebft h\u1ee3p gi\u1eefa B\u1ed9t Carragennan (rau c\u00e2u), b\u1ed9t Konjac (khoai n\u01b0a) t\u1ef7 l\u1ec7 60\/30, \u0111\u01b0\u1eddng k\u00ednh tr\u1eafng, th\u1ea1ch d\u1eeba B\u1ebfn Tre v\u1edbi h\u01b0\u01a1ng v\u1ecb hoa qu\u1ea3 04 m\u00f9a \u0111\u00e3 t\u1ea1o n\u00ean s\u1ea3n ph\u1ea9m Th\u1ea1ch rau c\u00e2u Long H\u1ea3i v\u1eeba th\u01a1m ngon, b\u1ed5 d\u01b0\u1ee1ng, m\u00e1t l\u00e0nh, thanh khi\u1ebft cung c\u1ea5p nhi\u1ec1u d\u01b0\u1ee1ng ch\u1ea5t c\u1ea7n thi\u1ebft cho c\u01a1 th\u1ec3, c\u00f3 t\u00e1c d\u1ee5ng ph\u00f2ng ch\u1ed1ng m\u1ed9t s\u1ed1 b\u1ec7nh.<\/p>\n<ul>\n<li>Th\u1ea1ch rau c\u00e2u Long H\u1ea3i l\u00e0 m\u1ed9t m\u00f3n \u0103n v\u1eb7t r\u1ea5t h\u1ea5p d\u1eabn c\u00f3 \u0111\u1ed9 m\u1ec1m m\u1ecbn t\u1ef1 nhi\u00ean, th\u01a1m ngon h\u01a1n khi l\u00e0m l\u1ea1nh.<\/li>\n<li>S\u1ea3n ph\u1ea9m c\u00f3 thi\u1ebft k\u1ebf nh\u1ecf g\u1ecdn, ti\u1ec7n l\u1ee3i cho vi\u1ec7c s\u1eed d\u1ee5ng. S\u1eed d\u1ee5ng th\u1ea1ch rau c\u00e2u Long H\u1ea3i th\u01b0\u1eddng xuy\u00ean kh\u00f4ng ch\u1ec9 gi\u00fap k\u00edch th\u00edch v\u1ecb gi\u00e1c \u1edf tr\u1ebb m\u00e0 c\u00f2n mang t\u1edbi ngu\u1ed3n n\u0103ng l\u01b0\u1ee3ng d\u1ed3i d\u00e0o cho m\u1ecdi ho\u1ea1t \u0111\u1ed9ng s\u1ed1ng th\u01b0\u1eddng ng\u00e0y c\u1ee7a b\u00e9.<\/li>\n<\/ul>\n<p><strong>H\u01b0\u1edbng d\u1eabn s\u1eed d\u1ee5ng:<\/strong><\/p>\n<ul>\n<li>\u0102n ngay, ngon h\u01a1n khi \u0111\u1ec3 l\u1ea1nh<\/li>\n<\/ul>\n<p><strong>B\u1ea3o qu\u1ea3n:<\/strong><\/p>\n<ul>\n<li>B\u1ea3o qu\u1ea3n n\u01a1i kh\u00f4 r\u00e1o, tho\u00e1ng m\u00e1t.<\/li>\n<li>Ch\u1ec9 s\u1eed d\u1ee5ng khi c\u00f2n nguy\u00ean tem n\u1eafp.\u00a0<strong>Nhai k\u1ef9 tr\u01b0\u1edbc khi nu\u1ed1t.<\/strong><\/li>\n<li>S\u1ea3n ph\u1ea9m th\u00edch h\u1ee3p cho m\u1ecdi \u0111\u1ed1i t\u01b0\u1ee3ng,\u00a0<strong>tr\u1ebb em d\u01b0\u1edbi 2 tu\u1ed5i\u00a0<\/strong>c\u1ea7n c\u00f3 ng\u01b0\u1eddi l\u1edbn ki\u1ec3m so\u00e1t khi s\u1eed d\u1ee5ng s\u1ea3n ph\u1ea9m<\/li>\n<li>Tr\u00e1nh \u00e1nh n\u1eafng tr\u1ef1c ti\u1ebfp.<\/li>\n<\/ul>\n<p>&nbsp;<\/p>\n<p>&nbsp;<\/p>","protected":false},"excerpt":{"rendered":"<ul>\n<li>Th\u01b0\u01a1ng hi\u1ec7u: Long H\u1ea3i<\/li>\n<li>Xu\u1ea5t x\u1ee9 th\u01b0\u01a1ng hi\u1ec7u: Vi\u1ec7t Nam<\/li>\n<li>Quy c\u00e1ch \u0111\u00f3ng g\u00f3i: T\u00fai 400g<\/li>\n<li>L\u01b0u \u00fd: Bao b\u00ec s\u1ea3n ph\u1ea9m c\u00f3 th\u1ec3 thay \u0111\u1ed5i theo t\u1eebng \u0111\u1ee3t nh\u1eadp h\u00e0ng<\/li>\n<\/ul>","protected":false},"featured_media":20853,"comment_status":"open","ping_status":"closed","template":"","meta":[],"product_brand":[],"product_cat":[35],"product_tag":[123,119,122],"class_list":{"0":"post-1219","1":"product","2":"type-product","3":"status-publish","4":"has-post-thumbnail","6":"product_cat-banh-keo","7":"product_tag-thach-long-hai","8":"product_tag-thach-rau-cau","9":"product_tag-thahcj-caramel","10":"pa_thuong-hieu-long-hai","12":"first","13":"instock","14":"sale","15":"shipping-taxable","16":"purchasable","17":"product-type-simple"},"yoast_head":"<!-- This site is optimized with the Yoast SEO plugin v24.4 - https:\/\/yoast.com\/wordpress\/plugins\/seo\/ -->\n<title>Th\u1ea1ch Caramel Lapatie Long H\u1ea3i t\u00fai 400g - TOLIO<\/title>\n<meta name=\"description\" content=\"Th\u01b0\u01a1ng hi\u1ec7u: Long H\u1ea3i  Xu\u1ea5t x\u1ee9 th\u01b0\u01a1ng hi\u1ec7u: Vi\u1ec7t Nam  Quy c\u00e1ch \u0111\u00f3ng g\u00f3i: T\u00fai 400g  L\u01b0u \u00fd: Bao b\u00ec s\u1ea3n ph\u1ea9m c\u00f3 th\u1ec3 thay \u0111\u1ed5i theo t\u1eebng \u0111\u1ee3t nh\u1eadp h\u00e0ng\" \/>\n<meta name=\"robots\" content=\"index, follow, max-snippet:-1, max-image-preview:large, max-video-preview:-1\" \/>\n<link rel=\"canonical\" href=\"https:\/\/dev.tolio.co.nz\/en\/product\/caramel-lapatie-long-thach-for-two-416g\/\" \/>\n<meta property=\"og:locale\" content=\"en_US\" \/>\n<meta property=\"og:type\" content=\"article\" \/>\n<meta property=\"og:title\" content=\"Th\u1ea1ch Caramel Lapatie Long H\u1ea3i t\u00fai 400g - TOLIO\" \/>\n<meta property=\"og:description\" content=\"Th\u01b0\u01a1ng hi\u1ec7u: Long H\u1ea3i  Xu\u1ea5t x\u1ee9 th\u01b0\u01a1ng hi\u1ec7u: Vi\u1ec7t Nam  Quy c\u00e1ch \u0111\u00f3ng g\u00f3i: T\u00fai 400g  L\u01b0u \u00fd: Bao b\u00ec s\u1ea3n ph\u1ea9m c\u00f3 th\u1ec3 thay \u0111\u1ed5i theo t\u1eebng \u0111\u1ee3t nh\u1eadp h\u00e0ng\" \/>\n<meta property=\"og:url\" content=\"https:\/\/dev.tolio.co.nz\/en\/product\/caramel-lapatie-long-thach-for-two-416g\/\" \/>\n<meta property=\"og:site_name\" content=\"TOLIO\" \/>\n<meta property=\"article:modified_time\" content=\"2025-09-11T03:59:51+00:00\" \/>\n<meta property=\"og:image\" content=\"https:\/\/dev.tolio.co.nz\/wp-content\/uploads\/2022\/01\/364.png\" \/>\n\t<meta property=\"og:image:width\" content=\"1000\" \/>\n\t<meta property=\"og:image:height\" content=\"907\" \/>\n\t<meta property=\"og:image:type\" content=\"image\/png\" \/>\n<meta name=\"twitter:card\" content=\"summary_large_image\" \/>\n<meta name=\"twitter:label1\" content=\"Est. reading time\" \/>\n\t<meta name=\"twitter:data1\" content=\"2 minutes\" \/>\n<script type=\"application\/ld+json\" class=\"yoast-schema-graph\">{\"@context\":\"https:\/\/schema.org\",\"@graph\":[{\"@type\":\"WebPage\",\"@id\":\"https:\/\/dev.tolio.co.nz\/san-pham\/thach-caramel-lapatie-long-hai-tui-416g\/\",\"url\":\"https:\/\/dev.tolio.co.nz\/san-pham\/thach-caramel-lapatie-long-hai-tui-416g\/\",\"name\":\"Th\u1ea1ch Caramel Lapatie Long H\u1ea3i t\u00fai 400g - TOLIO\",\"isPartOf\":{\"@id\":\"https:\/\/dev.tolio.co.nz\/#website\"},\"primaryImageOfPage\":{\"@id\":\"https:\/\/dev.tolio.co.nz\/san-pham\/thach-caramel-lapatie-long-hai-tui-416g\/#primaryimage\"},\"image\":{\"@id\":\"https:\/\/dev.tolio.co.nz\/san-pham\/thach-caramel-lapatie-long-hai-tui-416g\/#primaryimage\"},\"thumbnailUrl\":\"https:\/\/dev.tolio.co.nz\/wp-content\/uploads\/2022\/01\/364.png\",\"datePublished\":\"2022-01-03T03:01:00+00:00\",\"dateModified\":\"2025-09-11T03:59:51+00:00\",\"description\":\"Th\u01b0\u01a1ng hi\u1ec7u: Long H\u1ea3i Xu\u1ea5t x\u1ee9 th\u01b0\u01a1ng hi\u1ec7u: Vi\u1ec7t Nam Quy c\u00e1ch \u0111\u00f3ng g\u00f3i: T\u00fai 400g L\u01b0u \u00fd: Bao b\u00ec s\u1ea3n ph\u1ea9m c\u00f3 th\u1ec3 thay \u0111\u1ed5i theo t\u1eebng \u0111\u1ee3t nh\u1eadp h\u00e0ng\",\"breadcrumb\":{\"@id\":\"https:\/\/dev.tolio.co.nz\/san-pham\/thach-caramel-lapatie-long-hai-tui-416g\/#breadcrumb\"},\"inLanguage\":\"en-US\",\"potentialAction\":[{\"@type\":\"ReadAction\",\"target\":[\"https:\/\/dev.tolio.co.nz\/san-pham\/thach-caramel-lapatie-long-hai-tui-416g\/\"]}]},{\"@type\":\"ImageObject\",\"inLanguage\":\"en-US\",\"@id\":\"https:\/\/dev.tolio.co.nz\/san-pham\/thach-caramel-lapatie-long-hai-tui-416g\/#primaryimage\",\"url\":\"https:\/\/dev.tolio.co.nz\/wp-content\/uploads\/2022\/01\/364.png\",\"contentUrl\":\"https:\/\/dev.tolio.co.nz\/wp-content\/uploads\/2022\/01\/364.png\",\"width\":1000,\"height\":907},{\"@type\":\"BreadcrumbList\",\"@id\":\"https:\/\/dev.tolio.co.nz\/san-pham\/thach-caramel-lapatie-long-hai-tui-416g\/#breadcrumb\",\"itemListElement\":[{\"@type\":\"ListItem\",\"position\":1,\"name\":\"Home\",\"item\":\"https:\/\/dev.tolio.co.nz\/\"},{\"@type\":\"ListItem\",\"position\":2,\"name\":\"C\u1eeda h\u00e0ng\",\"item\":\"https:\/\/dev.tolio.co.nz\/cua-hang\/\"},{\"@type\":\"ListItem\",\"position\":3,\"name\":\"Th\u1ea1ch Caramel Lapatie Long H\u1ea3i t\u00fai 400g\"}]},{\"@type\":\"WebSite\",\"@id\":\"https:\/\/dev.tolio.co.nz\/#website\",\"url\":\"https:\/\/dev.tolio.co.nz\/\",\"name\":\"TOLIO\",\"description\":\"Vietnamese Grocery Online\",\"potentialAction\":[{\"@type\":\"SearchAction\",\"target\":{\"@type\":\"EntryPoint\",\"urlTemplate\":\"https:\/\/dev.tolio.co.nz\/?s={search_term_string}\"},\"query-input\":{\"@type\":\"PropertyValueSpecification\",\"valueRequired\":true,\"valueName\":\"search_term_string\"}}],\"inLanguage\":\"en-US\"}]}<\/script>\n<!-- \/ Yoast SEO plugin. -->","yoast_head_json":{"title":"Th\u1ea1ch Caramel Lapatie Long H\u1ea3i t\u00fai 400g - TOLIO","description":"Th\u01b0\u01a1ng hi\u1ec7u: Long H\u1ea3i  Xu\u1ea5t x\u1ee9 th\u01b0\u01a1ng hi\u1ec7u: Vi\u1ec7t Nam  Quy c\u00e1ch \u0111\u00f3ng g\u00f3i: T\u00fai 400g  L\u01b0u \u00fd: Bao b\u00ec s\u1ea3n ph\u1ea9m c\u00f3 th\u1ec3 thay \u0111\u1ed5i theo t\u1eebng \u0111\u1ee3t nh\u1eadp h\u00e0ng","robots":{"index":"index","follow":"follow","max-snippet":"max-snippet:-1","max-image-preview":"max-image-preview:large","max-video-preview":"max-video-preview:-1"},"canonical":"https:\/\/dev.tolio.co.nz\/en\/product\/caramel-lapatie-long-thach-for-two-416g\/","og_locale":"en_US","og_type":"article","og_title":"Th\u1ea1ch Caramel Lapatie Long H\u1ea3i t\u00fai 400g - TOLIO","og_description":"Th\u01b0\u01a1ng hi\u1ec7u: Long H\u1ea3i  Xu\u1ea5t x\u1ee9 th\u01b0\u01a1ng hi\u1ec7u: Vi\u1ec7t Nam  Quy c\u00e1ch \u0111\u00f3ng g\u00f3i: T\u00fai 400g  L\u01b0u \u00fd: Bao b\u00ec s\u1ea3n ph\u1ea9m c\u00f3 th\u1ec3 thay \u0111\u1ed5i theo t\u1eebng \u0111\u1ee3t nh\u1eadp h\u00e0ng","og_url":"https:\/\/dev.tolio.co.nz\/en\/product\/caramel-lapatie-long-thach-for-two-416g\/","og_site_name":"TOLIO","article_modified_time":"2025-09-11T03:59:51+00:00","og_image":[{"width":1000,"height":907,"url":"https:\/\/dev.tolio.co.nz\/wp-content\/uploads\/2022\/01\/364.png","type":"image\/png"}],"twitter_card":"summary_large_image","twitter_misc":{"Est. reading time":"2 minutes"},"schema":{"@context":"https:\/\/schema.org","@graph":[{"@type":"WebPage","@id":"https:\/\/dev.tolio.co.nz\/san-pham\/thach-caramel-lapatie-long-hai-tui-416g\/","url":"https:\/\/dev.tolio.co.nz\/san-pham\/thach-caramel-lapatie-long-hai-tui-416g\/","name":"Th\u1ea1ch Caramel Lapatie Long H\u1ea3i t\u00fai 400g - TOLIO","isPartOf":{"@id":"https:\/\/dev.tolio.co.nz\/#website"},"primaryImageOfPage":{"@id":"https:\/\/dev.tolio.co.nz\/san-pham\/thach-caramel-lapatie-long-hai-tui-416g\/#primaryimage"},"image":{"@id":"https:\/\/dev.tolio.co.nz\/san-pham\/thach-caramel-lapatie-long-hai-tui-416g\/#primaryimage"},"thumbnailUrl":"https:\/\/dev.tolio.co.nz\/wp-content\/uploads\/2022\/01\/364.png","datePublished":"2022-01-03T03:01:00+00:00","dateModified":"2025-09-11T03:59:51+00:00","description":"Th\u01b0\u01a1ng hi\u1ec7u: Long H\u1ea3i Xu\u1ea5t x\u1ee9 th\u01b0\u01a1ng hi\u1ec7u: Vi\u1ec7t Nam Quy c\u00e1ch \u0111\u00f3ng g\u00f3i: T\u00fai 400g L\u01b0u \u00fd: Bao b\u00ec s\u1ea3n ph\u1ea9m c\u00f3 th\u1ec3 thay \u0111\u1ed5i theo t\u1eebng \u0111\u1ee3t nh\u1eadp h\u00e0ng","breadcrumb":{"@id":"https:\/\/dev.tolio.co.nz\/san-pham\/thach-caramel-lapatie-long-hai-tui-416g\/#breadcrumb"},"inLanguage":"en-US","potentialAction":[{"@type":"ReadAction","target":["https:\/\/dev.tolio.co.nz\/san-pham\/thach-caramel-lapatie-long-hai-tui-416g\/"]}]},{"@type":"ImageObject","inLanguage":"en-US","@id":"https:\/\/dev.tolio.co.nz\/san-pham\/thach-caramel-lapatie-long-hai-tui-416g\/#primaryimage","url":"https:\/\/dev.tolio.co.nz\/wp-content\/uploads\/2022\/01\/364.png","contentUrl":"https:\/\/dev.tolio.co.nz\/wp-content\/uploads\/2022\/01\/364.png","width":1000,"height":907},{"@type":"BreadcrumbList","@id":"https:\/\/dev.tolio.co.nz\/san-pham\/thach-caramel-lapatie-long-hai-tui-416g\/#breadcrumb","itemListElement":[{"@type":"ListItem","position":1,"name":"Home","item":"https:\/\/dev.tolio.co.nz\/"},{"@type":"ListItem","position":2,"name":"C\u1eeda h\u00e0ng","item":"https:\/\/dev.tolio.co.nz\/cua-hang\/"},{"@type":"ListItem","position":3,"name":"Th\u1ea1ch Caramel Lapatie Long H\u1ea3i t\u00fai 400g"}]},{"@type":"WebSite","@id":"https:\/\/dev.tolio.co.nz\/#website","url":"https:\/\/dev.tolio.co.nz\/","name":"TOLIO","description":"Vietnamese Grocery Online","potentialAction":[{"@type":"SearchAction","target":{"@type":"EntryPoint","urlTemplate":"https:\/\/dev.tolio.co.nz\/?s={search_term_string}"},"query-input":{"@type":"PropertyValueSpecification","valueRequired":true,"valueName":"search_term_string"}}],"inLanguage":"en-US"}]}},"_links":{"self":[{"href":"https:\/\/dev.tolio.co.nz\/en\/wp-json\/wp\/v2\/product\/1219","targetHints":{"allow":["GET"]}}],"collection":[{"href":"https:\/\/dev.tolio.co.nz\/en\/wp-json\/wp\/v2\/product"}],"about":[{"href":"https:\/\/dev.tolio.co.nz\/en\/wp-json\/wp\/v2\/types\/product"}],"replies":[{"embeddable":true,"href":"https:\/\/dev.tolio.co.nz\/en\/wp-json\/wp\/v2\/comments?post=1219"}],"wp:featuredmedia":[{"embeddable":true,"href":"https:\/\/dev.tolio.co.nz\/en\/wp-json\/wp\/v2\/media\/20853"}],"wp:attachment":[{"href":"https:\/\/dev.tolio.co.nz\/en\/wp-json\/wp\/v2\/media?parent=1219"}],"wp:term":[{"taxonomy":"product_brand","embeddable":true,"href":"https:\/\/dev.tolio.co.nz\/en\/wp-json\/wp\/v2\/product_brand?post=1219"},{"taxonomy":"product_cat","embeddable":true,"href":"https:\/\/dev.tolio.co.nz\/en\/wp-json\/wp\/v2\/product_cat?post=1219"},{"taxonomy":"product_tag","embeddable":true,"href":"https:\/\/dev.tolio.co.nz\/en\/wp-json\/wp\/v2\/product_tag?post=1219"}],"curies":[{"name":"wp","href":"https:\/\/api.w.org\/{rel}","templated":true}]}}