{"id":12417,"date":"2023-11-24T00:39:53","date_gmt":"2023-11-23T11:54:53","guid":{"rendered":"https:\/\/tolio.co.nz\/?post_type=product&#038;p=12417"},"modified":"2025-09-11T16:01:08","modified_gmt":"2025-09-11T04:01:08","slug":"mua-5-tang-1-set-6-goi-gia-vi-nem-san-nau-bun-rieu-cua-aji-quick-54g","status":"publish","type":"product","link":"https:\/\/dev.tolio.co.nz\/en\/product\/buy-5-tangs-get-1-set-of-6-price-package-of-aji-quick-noodle-rolls-54g\/","title":{"rendered":"Set 6 g\u00f3i gia v\u1ecb n\u00eam s\u1eb5n n\u1ea5u b\u00fan ri\u00eau cua Aji-Quick 54g"},"content":{"rendered":"<p><strong>Gia v\u1ecb n\u00eam s\u1eb5n n\u1ea5u b\u00fan ri\u00eau cua Aji-Quick 54g <\/strong>\u0111\u00e3 c\u00f3 \u0111\u1ea7y \u0111\u1ee7 nh\u1eefng nguy\u00ean li\u1ec7u c\u1ea7n thi\u1ebft nh\u01b0 \u0111\u01b0\u1eddng, mu\u1ed1i, b\u1ed9t m\u1eafm t\u00f4m, b\u1ed9t m\u1eafm ru\u1ed1c, b\u1ed9t n\u01b0\u1edbc m\u1eafm, b\u1ed9t chi\u1ebft xu\u1ea5t x\u01b0\u01a1ng th\u1ecbt h\u1ea7m, h\u00e0nh, b\u1ed9t gia v\u1ecb\u2026 v\u00e0 \u0111\u1eb7c bi\u1ec7t l\u00e0 b\u1ed9t cua \u0111\u1ed3ng. C\u00e1c nguy\u00ean li\u1ec7u \u0111\u01b0\u1ee3c tuy\u1ec3n ch\u1ecdn k\u1ef9 l\u01b0\u1ee1ng t\u1eeb nh\u00e0 cung c\u1ea5p uy t\u00edn, v\u00e0 ph\u1ea3i tr\u1ea3i qua qu\u00e1 tr\u00ecnh ki\u1ec3m \u0111\u1ecbnh ch\u1ea5t l\u01b0\u1ee3ng nghi\u00eam ng\u1eb7t tr\u01b0\u1edbc khi \u0111\u01b0\u1ee3c \u0111\u01b0a v\u00e0o d\u00e2y chuy\u1ec1n s\u1ea3n xu\u1ea5t.<\/p>\n<p><strong>H\u01b0\u1edbng d\u1eabn s\u1eed d\u1ee5ng:<\/strong><\/p>\n<ul>\n<li>B\u01b0\u1edbc 1: Phi th\u01a1m h\u00e0nh t\u00edm v\u1edbi 1 mu\u1ed7ng canh d\u1ea7u \u0103n. Th\u00eam 1 tr\u00e1i c\u00e0 chua c\u1eaft m\u00fai v\u00e0o x\u00e0o 1-2 ph\u00fat.<\/li>\n<li>B\u01b0\u1edbc 2: Th\u00eam 1,5L n\u01b0\u1edbc v\u00e0o \u0111un s\u00f4i, n\u00eam 1 g\u00f3i Gia v\u1ecb n\u00eam s\u1eb5n Aji-Quick B\u00fan Ri\u00eau Cua v\u00e0o, khu\u1ea5y \u0111\u1ec1u.<\/li>\n<li>B\u01b0\u1edbc 3: Th\u00eam c\u00e0 chua c\u1eaft m\u00fai, \u0111\u1eadu h\u0169, huy\u1ebft v\u00e0 ri\u00eau (n\u1ebfu c\u00f3), \u0111un s\u00f4i l\u1ea1i. Cho b\u00fan v\u00e0o t\u00f4, th\u00eam \u00edt ng\u00f2 gai, m\u00fac n\u01b0\u1edbc d\u00f9ng v\u00e0 c\u00e1c nguy\u00ean li\u1ec7u \u0103n k\u00e8m. Th\u01b0\u1edfng th\u1ee9c khi c\u00f2n n\u00f3ng c\u00f9ng c\u00e1c lo\u1ea1i rau.<\/li>\n<\/ul>\n<p><strong>B\u1ea3o qu\u1ea3n:<\/strong><\/p>\n<ul>\n<li>\u0110\u1ec3 n\u01a1i kh\u00f4 r\u00e1o, tho\u00e1ng m\u00e1t.<\/li>\n<li>Tr\u00e1nh \u00e1nh n\u1eafng tr\u1ef1c ti\u1ebfp<\/li>\n<\/ul>","protected":false},"excerpt":{"rendered":"<ul>\n<li>Th\u01b0\u01a1ng hi\u1ec7u: Aji-Quick<\/li>\n<li>Xu\u1ea5t x\u1ee9 th\u01b0\u01a1ng hi\u1ec7u: Vi\u1ec7t Nam<\/li>\n<li>Quy c\u00e1ch \u0111\u00f3ng g\u00f3i: G\u00f3i 54g<\/li>\n<li>L\u01b0u \u00fd: Bao b\u00ec s\u1ea3n ph\u1ea9m c\u00f3 th\u1ec3 thay \u0111\u1ed5i theo t\u1eebng \u0111\u1ee3t nh\u1eadp h\u00e0ng<\/li>\n<\/ul>","protected":false},"featured_media":23149,"comment_status":"open","ping_status":"closed","template":"","meta":[],"product_brand":[],"product_cat":[33,481],"product_tag":[717,718],"class_list":{"0":"post-12417","1":"product","2":"type-product","3":"status-publish","4":"has-post-thumbnail","6":"product_cat-gia-vi","7":"product_cat-gia-vi-hoan-chinh","8":"product_tag-gia-vi-bun-bo-hue","9":"product_tag-gia-vi-bun-bo-hue-ajiquick","10":"pa_thuong-hieu-aji-quick","12":"first","13":"instock","14":"sale","15":"shipping-taxable","16":"purchasable","17":"product-type-simple"},"yoast_head":"<!-- This site is optimized with the Yoast SEO plugin v24.4 - https:\/\/yoast.com\/wordpress\/plugins\/seo\/ -->\n<title>Set 6 g\u00f3i gia v\u1ecb n\u00eam s\u1eb5n n\u1ea5u b\u00fan ri\u00eau cua Aji-Quick 54g - TOLIO<\/title>\n<meta name=\"description\" content=\"Th\u01b0\u01a1ng hi\u1ec7u: Aji-Quick  Xu\u1ea5t x\u1ee9 th\u01b0\u01a1ng hi\u1ec7u: Vi\u1ec7t Nam  Quy c\u00e1ch \u0111\u00f3ng g\u00f3i: G\u00f3i 54g  L\u01b0u \u00fd: Bao b\u00ec s\u1ea3n ph\u1ea9m c\u00f3 th\u1ec3 thay \u0111\u1ed5i theo t\u1eebng \u0111\u1ee3t nh\u1eadp h\u00e0ng\" \/>\n<meta name=\"robots\" content=\"index, follow, max-snippet:-1, max-image-preview:large, max-video-preview:-1\" \/>\n<link rel=\"canonical\" href=\"https:\/\/dev.tolio.co.nz\/en\/product\/buy-5-tangs-get-1-set-of-6-price-package-of-aji-quick-noodle-rolls-54g\/\" \/>\n<meta property=\"og:locale\" content=\"en_US\" \/>\n<meta property=\"og:type\" content=\"article\" \/>\n<meta property=\"og:title\" content=\"Set 6 g\u00f3i gia v\u1ecb n\u00eam s\u1eb5n n\u1ea5u b\u00fan ri\u00eau cua Aji-Quick 54g - TOLIO\" \/>\n<meta property=\"og:description\" content=\"Th\u01b0\u01a1ng hi\u1ec7u: Aji-Quick  Xu\u1ea5t x\u1ee9 th\u01b0\u01a1ng hi\u1ec7u: Vi\u1ec7t Nam  Quy c\u00e1ch \u0111\u00f3ng g\u00f3i: G\u00f3i 54g  L\u01b0u \u00fd: Bao b\u00ec s\u1ea3n ph\u1ea9m c\u00f3 th\u1ec3 thay \u0111\u1ed5i theo t\u1eebng \u0111\u1ee3t nh\u1eadp h\u00e0ng\" \/>\n<meta property=\"og:url\" content=\"https:\/\/dev.tolio.co.nz\/en\/product\/buy-5-tangs-get-1-set-of-6-price-package-of-aji-quick-noodle-rolls-54g\/\" \/>\n<meta property=\"og:site_name\" content=\"TOLIO\" \/>\n<meta property=\"article:modified_time\" content=\"2025-09-11T04:01:08+00:00\" \/>\n<meta property=\"og:image\" content=\"https:\/\/dev.tolio.co.nz\/wp-content\/uploads\/2023\/11\/430.png\" \/>\n\t<meta property=\"og:image:width\" content=\"1000\" \/>\n\t<meta property=\"og:image:height\" content=\"907\" \/>\n\t<meta property=\"og:image:type\" content=\"image\/png\" \/>\n<meta name=\"twitter:card\" content=\"summary_large_image\" \/>\n<meta name=\"twitter:label1\" content=\"Est. reading time\" \/>\n\t<meta name=\"twitter:data1\" content=\"2 minutes\" \/>\n<script type=\"application\/ld+json\" class=\"yoast-schema-graph\">{\"@context\":\"https:\/\/schema.org\",\"@graph\":[{\"@type\":\"WebPage\",\"@id\":\"https:\/\/dev.tolio.co.nz\/san-pham\/mua-5-tang-1-set-6-goi-gia-vi-nem-san-nau-bun-rieu-cua-aji-quick-54g\/\",\"url\":\"https:\/\/dev.tolio.co.nz\/san-pham\/mua-5-tang-1-set-6-goi-gia-vi-nem-san-nau-bun-rieu-cua-aji-quick-54g\/\",\"name\":\"Set 6 g\u00f3i gia v\u1ecb n\u00eam s\u1eb5n n\u1ea5u b\u00fan ri\u00eau cua Aji-Quick 54g - TOLIO\",\"isPartOf\":{\"@id\":\"https:\/\/dev.tolio.co.nz\/#website\"},\"primaryImageOfPage\":{\"@id\":\"https:\/\/dev.tolio.co.nz\/san-pham\/mua-5-tang-1-set-6-goi-gia-vi-nem-san-nau-bun-rieu-cua-aji-quick-54g\/#primaryimage\"},\"image\":{\"@id\":\"https:\/\/dev.tolio.co.nz\/san-pham\/mua-5-tang-1-set-6-goi-gia-vi-nem-san-nau-bun-rieu-cua-aji-quick-54g\/#primaryimage\"},\"thumbnailUrl\":\"https:\/\/dev.tolio.co.nz\/wp-content\/uploads\/2023\/11\/430.png\",\"datePublished\":\"2023-11-23T11:54:53+00:00\",\"dateModified\":\"2025-09-11T04:01:08+00:00\",\"description\":\"Th\u01b0\u01a1ng hi\u1ec7u: Aji-Quick Xu\u1ea5t x\u1ee9 th\u01b0\u01a1ng hi\u1ec7u: Vi\u1ec7t Nam Quy c\u00e1ch \u0111\u00f3ng g\u00f3i: G\u00f3i 54g L\u01b0u \u00fd: Bao b\u00ec s\u1ea3n ph\u1ea9m c\u00f3 th\u1ec3 thay \u0111\u1ed5i theo t\u1eebng \u0111\u1ee3t nh\u1eadp h\u00e0ng\",\"breadcrumb\":{\"@id\":\"https:\/\/dev.tolio.co.nz\/san-pham\/mua-5-tang-1-set-6-goi-gia-vi-nem-san-nau-bun-rieu-cua-aji-quick-54g\/#breadcrumb\"},\"inLanguage\":\"en-US\",\"potentialAction\":[{\"@type\":\"ReadAction\",\"target\":[\"https:\/\/dev.tolio.co.nz\/san-pham\/mua-5-tang-1-set-6-goi-gia-vi-nem-san-nau-bun-rieu-cua-aji-quick-54g\/\"]}]},{\"@type\":\"ImageObject\",\"inLanguage\":\"en-US\",\"@id\":\"https:\/\/dev.tolio.co.nz\/san-pham\/mua-5-tang-1-set-6-goi-gia-vi-nem-san-nau-bun-rieu-cua-aji-quick-54g\/#primaryimage\",\"url\":\"https:\/\/dev.tolio.co.nz\/wp-content\/uploads\/2023\/11\/430.png\",\"contentUrl\":\"https:\/\/dev.tolio.co.nz\/wp-content\/uploads\/2023\/11\/430.png\",\"width\":1000,\"height\":907},{\"@type\":\"BreadcrumbList\",\"@id\":\"https:\/\/dev.tolio.co.nz\/san-pham\/mua-5-tang-1-set-6-goi-gia-vi-nem-san-nau-bun-rieu-cua-aji-quick-54g\/#breadcrumb\",\"itemListElement\":[{\"@type\":\"ListItem\",\"position\":1,\"name\":\"Home\",\"item\":\"https:\/\/dev.tolio.co.nz\/\"},{\"@type\":\"ListItem\",\"position\":2,\"name\":\"C\u1eeda h\u00e0ng\",\"item\":\"https:\/\/dev.tolio.co.nz\/cua-hang\/\"},{\"@type\":\"ListItem\",\"position\":3,\"name\":\"Set 6 g\u00f3i gia v\u1ecb n\u00eam s\u1eb5n n\u1ea5u b\u00fan ri\u00eau cua Aji-Quick 54g\"}]},{\"@type\":\"WebSite\",\"@id\":\"https:\/\/dev.tolio.co.nz\/#website\",\"url\":\"https:\/\/dev.tolio.co.nz\/\",\"name\":\"TOLIO\",\"description\":\"Vietnamese Grocery Online\",\"potentialAction\":[{\"@type\":\"SearchAction\",\"target\":{\"@type\":\"EntryPoint\",\"urlTemplate\":\"https:\/\/dev.tolio.co.nz\/?s={search_term_string}\"},\"query-input\":{\"@type\":\"PropertyValueSpecification\",\"valueRequired\":true,\"valueName\":\"search_term_string\"}}],\"inLanguage\":\"en-US\"}]}<\/script>\n<!-- \/ Yoast SEO plugin. -->","yoast_head_json":{"title":"Set 6 g\u00f3i gia v\u1ecb n\u00eam s\u1eb5n n\u1ea5u b\u00fan ri\u00eau cua Aji-Quick 54g - TOLIO","description":"Th\u01b0\u01a1ng hi\u1ec7u: Aji-Quick  Xu\u1ea5t x\u1ee9 th\u01b0\u01a1ng hi\u1ec7u: Vi\u1ec7t Nam  Quy c\u00e1ch \u0111\u00f3ng g\u00f3i: G\u00f3i 54g  L\u01b0u \u00fd: Bao b\u00ec s\u1ea3n ph\u1ea9m c\u00f3 th\u1ec3 thay \u0111\u1ed5i theo t\u1eebng \u0111\u1ee3t nh\u1eadp h\u00e0ng","robots":{"index":"index","follow":"follow","max-snippet":"max-snippet:-1","max-image-preview":"max-image-preview:large","max-video-preview":"max-video-preview:-1"},"canonical":"https:\/\/dev.tolio.co.nz\/en\/product\/buy-5-tangs-get-1-set-of-6-price-package-of-aji-quick-noodle-rolls-54g\/","og_locale":"en_US","og_type":"article","og_title":"Set 6 g\u00f3i gia v\u1ecb n\u00eam s\u1eb5n n\u1ea5u b\u00fan ri\u00eau cua Aji-Quick 54g - TOLIO","og_description":"Th\u01b0\u01a1ng hi\u1ec7u: Aji-Quick  Xu\u1ea5t x\u1ee9 th\u01b0\u01a1ng hi\u1ec7u: Vi\u1ec7t Nam  Quy c\u00e1ch \u0111\u00f3ng g\u00f3i: G\u00f3i 54g  L\u01b0u \u00fd: Bao b\u00ec s\u1ea3n ph\u1ea9m c\u00f3 th\u1ec3 thay \u0111\u1ed5i theo t\u1eebng \u0111\u1ee3t nh\u1eadp h\u00e0ng","og_url":"https:\/\/dev.tolio.co.nz\/en\/product\/buy-5-tangs-get-1-set-of-6-price-package-of-aji-quick-noodle-rolls-54g\/","og_site_name":"TOLIO","article_modified_time":"2025-09-11T04:01:08+00:00","og_image":[{"width":1000,"height":907,"url":"https:\/\/dev.tolio.co.nz\/wp-content\/uploads\/2023\/11\/430.png","type":"image\/png"}],"twitter_card":"summary_large_image","twitter_misc":{"Est. reading time":"2 minutes"},"schema":{"@context":"https:\/\/schema.org","@graph":[{"@type":"WebPage","@id":"https:\/\/dev.tolio.co.nz\/san-pham\/mua-5-tang-1-set-6-goi-gia-vi-nem-san-nau-bun-rieu-cua-aji-quick-54g\/","url":"https:\/\/dev.tolio.co.nz\/san-pham\/mua-5-tang-1-set-6-goi-gia-vi-nem-san-nau-bun-rieu-cua-aji-quick-54g\/","name":"Set 6 g\u00f3i gia v\u1ecb n\u00eam s\u1eb5n n\u1ea5u b\u00fan ri\u00eau cua Aji-Quick 54g - TOLIO","isPartOf":{"@id":"https:\/\/dev.tolio.co.nz\/#website"},"primaryImageOfPage":{"@id":"https:\/\/dev.tolio.co.nz\/san-pham\/mua-5-tang-1-set-6-goi-gia-vi-nem-san-nau-bun-rieu-cua-aji-quick-54g\/#primaryimage"},"image":{"@id":"https:\/\/dev.tolio.co.nz\/san-pham\/mua-5-tang-1-set-6-goi-gia-vi-nem-san-nau-bun-rieu-cua-aji-quick-54g\/#primaryimage"},"thumbnailUrl":"https:\/\/dev.tolio.co.nz\/wp-content\/uploads\/2023\/11\/430.png","datePublished":"2023-11-23T11:54:53+00:00","dateModified":"2025-09-11T04:01:08+00:00","description":"Th\u01b0\u01a1ng hi\u1ec7u: Aji-Quick Xu\u1ea5t x\u1ee9 th\u01b0\u01a1ng hi\u1ec7u: Vi\u1ec7t Nam Quy c\u00e1ch \u0111\u00f3ng g\u00f3i: G\u00f3i 54g L\u01b0u \u00fd: Bao b\u00ec s\u1ea3n ph\u1ea9m c\u00f3 th\u1ec3 thay \u0111\u1ed5i theo t\u1eebng \u0111\u1ee3t nh\u1eadp h\u00e0ng","breadcrumb":{"@id":"https:\/\/dev.tolio.co.nz\/san-pham\/mua-5-tang-1-set-6-goi-gia-vi-nem-san-nau-bun-rieu-cua-aji-quick-54g\/#breadcrumb"},"inLanguage":"en-US","potentialAction":[{"@type":"ReadAction","target":["https:\/\/dev.tolio.co.nz\/san-pham\/mua-5-tang-1-set-6-goi-gia-vi-nem-san-nau-bun-rieu-cua-aji-quick-54g\/"]}]},{"@type":"ImageObject","inLanguage":"en-US","@id":"https:\/\/dev.tolio.co.nz\/san-pham\/mua-5-tang-1-set-6-goi-gia-vi-nem-san-nau-bun-rieu-cua-aji-quick-54g\/#primaryimage","url":"https:\/\/dev.tolio.co.nz\/wp-content\/uploads\/2023\/11\/430.png","contentUrl":"https:\/\/dev.tolio.co.nz\/wp-content\/uploads\/2023\/11\/430.png","width":1000,"height":907},{"@type":"BreadcrumbList","@id":"https:\/\/dev.tolio.co.nz\/san-pham\/mua-5-tang-1-set-6-goi-gia-vi-nem-san-nau-bun-rieu-cua-aji-quick-54g\/#breadcrumb","itemListElement":[{"@type":"ListItem","position":1,"name":"Home","item":"https:\/\/dev.tolio.co.nz\/"},{"@type":"ListItem","position":2,"name":"C\u1eeda h\u00e0ng","item":"https:\/\/dev.tolio.co.nz\/cua-hang\/"},{"@type":"ListItem","position":3,"name":"Set 6 g\u00f3i gia v\u1ecb n\u00eam s\u1eb5n n\u1ea5u b\u00fan ri\u00eau cua Aji-Quick 54g"}]},{"@type":"WebSite","@id":"https:\/\/dev.tolio.co.nz\/#website","url":"https:\/\/dev.tolio.co.nz\/","name":"TOLIO","description":"Vietnamese Grocery Online","potentialAction":[{"@type":"SearchAction","target":{"@type":"EntryPoint","urlTemplate":"https:\/\/dev.tolio.co.nz\/?s={search_term_string}"},"query-input":{"@type":"PropertyValueSpecification","valueRequired":true,"valueName":"search_term_string"}}],"inLanguage":"en-US"}]}},"_links":{"self":[{"href":"https:\/\/dev.tolio.co.nz\/en\/wp-json\/wp\/v2\/product\/12417","targetHints":{"allow":["GET"]}}],"collection":[{"href":"https:\/\/dev.tolio.co.nz\/en\/wp-json\/wp\/v2\/product"}],"about":[{"href":"https:\/\/dev.tolio.co.nz\/en\/wp-json\/wp\/v2\/types\/product"}],"replies":[{"embeddable":true,"href":"https:\/\/dev.tolio.co.nz\/en\/wp-json\/wp\/v2\/comments?post=12417"}],"wp:featuredmedia":[{"embeddable":true,"href":"https:\/\/dev.tolio.co.nz\/en\/wp-json\/wp\/v2\/media\/23149"}],"wp:attachment":[{"href":"https:\/\/dev.tolio.co.nz\/en\/wp-json\/wp\/v2\/media?parent=12417"}],"wp:term":[{"taxonomy":"product_brand","embeddable":true,"href":"https:\/\/dev.tolio.co.nz\/en\/wp-json\/wp\/v2\/product_brand?post=12417"},{"taxonomy":"product_cat","embeddable":true,"href":"https:\/\/dev.tolio.co.nz\/en\/wp-json\/wp\/v2\/product_cat?post=12417"},{"taxonomy":"product_tag","embeddable":true,"href":"https:\/\/dev.tolio.co.nz\/en\/wp-json\/wp\/v2\/product_tag?post=12417"}],"curies":[{"name":"wp","href":"https:\/\/api.w.org\/{rel}","templated":true}]}}