{"id":12423,"date":"2023-11-24T01:34:10","date_gmt":"2023-11-23T12:49:10","guid":{"rendered":"https:\/\/tolio.co.nz\/?post_type=product&#038;p=12423"},"modified":"2025-09-11T16:00:10","modified_gmt":"2025-09-11T04:00:10","slug":"set-6-goi-bot-banh-cuon-tai-ky-400g","status":"publish","type":"product","link":"https:\/\/dev.tolio.co.nz\/en\/product\/set-of-6-packages-of-400g-banh-cuon\/","title":{"rendered":"Set 6 g\u00f3i b\u1ed9t b\u00e1nh cu\u1ed1n T\u00e0i K\u00fd 400g"},"content":{"rendered":"<p><strong>B\u1ed9t b\u00e1nh cu\u1ed1n T\u00e0i K\u00fd 400g\u00a0<\/strong>ti\u1ec7n l\u1ee3i l\u1ea1i d\u1ec5 d\u00e0ng l\u00e0m b\u00e1nh cu\u1ed1n t\u1ea1i nh\u00e0 v\u1edbi ch\u1ea3o ch\u1ed1ng d\u00ednh.<\/p>\n<ul>\n<li>B\u00e1nh cu\u1ed1n ngon \u0111\u1ea1t chu\u1ea9n l\u00e0 m\u1ed9t chi\u1ebfc b\u00e1nh c\u00f3 l\u1edbp b\u1ed9t m\u1ecfng m\u1ecbn, deo d\u1ebbo b\u1ecdc ngo\u00e0i nh\u00e2n c\u1ee7 s\u1eafn, t\u00f4m, th\u1ecbt\u2026 B\u00e1nh cu\u1ed1n th\u01b0\u1eddng \u0111\u01b0\u1ee3c \u0103n k\u00e8m v\u1edbi ch\u1ea3, nem c\u1eaft d\u00e0y, ngo\u00e0i ra c\u00f2n c\u00f3 th\u1ec3 \u0103n k\u00e8m v\u1edbi b\u00e1nh\u00a0 t\u00f4m \u0111\u1ea7y \u0111\u1eb7n chi\u00ean gi\u00f2n r\u1ee5m.<\/li>\n<\/ul>\n<p><strong>H\u01b0\u1edbng d\u1eabn s\u1eed d\u1ee5ng:<\/strong><\/p>\n<ul>\n<li>Pha b\u1ed9t: Cho\u00a0b\u1ed9t b\u00e1nh cu\u1ed1n\u00a0400g + 1 l\u00edt n\u01b0\u1edbc + D\u1ea7u \u0103n v\u00e0 khu\u1ea5y \u0111\u1ec1u.<\/li>\n<li>L\u00e0m nh\u00e2n b\u00e1nh: S\u1eed d\u1ee5ng th\u1ecbt n\u1ea1c, h\u00e0nh t\u00e2y, n\u1ea5m m\u00e8o b\u0103m nh\u1ecf x\u00e0o ch\u00edn.<\/li>\n<li>Tr\u00e1ng b\u00e1nh: Cho b\u1ed9t v\u00e0o ch\u1ea3o ch\u1ed1ng d\u00ednh, tr\u00e1ng m\u1ecfng, \u0111\u1eady n\u1eafp 15 gi\u00e2y, l\u1ea5y b\u00e1nh b\u1eb1ng c\u00e1ch \u00fap ch\u1ea3o xu\u1ed1ng m\u00e2m, \u0111\u0129a c\u00f3 thoa d\u1ea7u.<\/li>\n<li>Cu\u1ed1n b\u00e1nh: Cho nh\u00e2n v\u00e0o gi\u1eefa b\u00e1nh v\u00e0 cu\u1ed1n b\u00e1nh l\u1ea1i, b\u00e1nh d\u00f9ng v\u1edbi gi\u00e1 tr\u1ee5ng, rau th\u01a1m c\u1eaft nh\u1ecf, h\u00e0nh phi, ch\u1ea3 l\u1ee5a v\u00e0 n\u01b0\u1edbc m\u1eafm pha.<\/li>\n<\/ul>\n<p><strong>B\u1ea3o qu\u1ea3n:<\/strong><\/p>\n<ul>\n<li>\u0110\u1ec3 n\u01a1i kh\u00f4 r\u00e1o, tho\u00e1ng m\u00e1t, tr\u00e1nh \u00e1nh n\u1eafng tr\u1ef1c ti\u1ebfp<\/li>\n<\/ul>","protected":false},"excerpt":{"rendered":"<ul>\n<li>Th\u01b0\u01a1ng hi\u1ec7u: T\u00e0i K\u00fd<\/li>\n<li>Xu\u1ea5t x\u1ee9 th\u01b0\u01a1ng hi\u1ec7u: Vi\u1ec7t Nam<\/li>\n<li>Quy c\u00e1ch \u0111\u00f3ng g\u00f3i: g\u00f3i 400g<\/li>\n<li>L\u01b0u \u00fd: Bao b\u00ec s\u1ea3n ph\u1ea9m c\u00f3 th\u1ec3 thay \u0111\u1ed5i theo t\u1eebng \u0111\u1ee3t nh\u1eadp h\u00e0ng<\/li>\n<\/ul>","protected":false},"featured_media":20973,"comment_status":"open","ping_status":"closed","template":"","meta":[],"product_brand":[],"product_cat":[36,127],"product_tag":[431,432],"class_list":{"0":"post-12423","1":"product","2":"type-product","3":"status-publish","4":"has-post-thumbnail","6":"product_cat-thuc-pham-kho","7":"product_cat-bot-kho-cac-loai","8":"product_tag-bot-banh-cuon","9":"product_tag-bot-banh-cuon-tai-ky","10":"pa_thuong-hieu-tai-ky","12":"first","13":"instock","14":"sale","15":"shipping-taxable","16":"purchasable","17":"product-type-simple"},"yoast_head":"<!-- This site is optimized with the Yoast SEO plugin v24.4 - https:\/\/yoast.com\/wordpress\/plugins\/seo\/ -->\n<title>Set 6 g\u00f3i b\u1ed9t b\u00e1nh cu\u1ed1n T\u00e0i K\u00fd 400g - TOLIO<\/title>\n<meta name=\"description\" content=\"Th\u01b0\u01a1ng hi\u1ec7u: T\u00e0i K\u00fd  Xu\u1ea5t x\u1ee9 th\u01b0\u01a1ng hi\u1ec7u: Vi\u1ec7t Nam  Quy c\u00e1ch \u0111\u00f3ng g\u00f3i: g\u00f3i 400g  L\u01b0u \u00fd: Bao b\u00ec s\u1ea3n ph\u1ea9m c\u00f3 th\u1ec3 thay \u0111\u1ed5i theo t\u1eebng \u0111\u1ee3t nh\u1eadp h\u00e0ng\" \/>\n<meta name=\"robots\" content=\"index, follow, max-snippet:-1, max-image-preview:large, max-video-preview:-1\" \/>\n<link rel=\"canonical\" href=\"https:\/\/dev.tolio.co.nz\/en\/product\/set-of-6-packages-of-400g-banh-cuon\/\" \/>\n<meta property=\"og:locale\" content=\"en_US\" \/>\n<meta property=\"og:type\" content=\"article\" \/>\n<meta property=\"og:title\" content=\"Set 6 g\u00f3i b\u1ed9t b\u00e1nh cu\u1ed1n T\u00e0i K\u00fd 400g - TOLIO\" \/>\n<meta property=\"og:description\" content=\"Th\u01b0\u01a1ng hi\u1ec7u: T\u00e0i K\u00fd  Xu\u1ea5t x\u1ee9 th\u01b0\u01a1ng hi\u1ec7u: Vi\u1ec7t Nam  Quy c\u00e1ch \u0111\u00f3ng g\u00f3i: g\u00f3i 400g  L\u01b0u \u00fd: Bao b\u00ec s\u1ea3n ph\u1ea9m c\u00f3 th\u1ec3 thay \u0111\u1ed5i theo t\u1eebng \u0111\u1ee3t nh\u1eadp h\u00e0ng\" \/>\n<meta property=\"og:url\" content=\"https:\/\/dev.tolio.co.nz\/en\/product\/set-of-6-packages-of-400g-banh-cuon\/\" \/>\n<meta property=\"og:site_name\" content=\"TOLIO\" \/>\n<meta property=\"article:modified_time\" content=\"2025-09-11T04:00:10+00:00\" \/>\n<meta property=\"og:image\" content=\"https:\/\/dev.tolio.co.nz\/wp-content\/uploads\/2022\/03\/481.png\" \/>\n\t<meta property=\"og:image:width\" content=\"1000\" \/>\n\t<meta property=\"og:image:height\" content=\"907\" \/>\n\t<meta property=\"og:image:type\" content=\"image\/png\" \/>\n<meta name=\"twitter:card\" content=\"summary_large_image\" \/>\n<meta name=\"twitter:label1\" content=\"Est. reading time\" \/>\n\t<meta name=\"twitter:data1\" content=\"1 minute\" \/>\n<script type=\"application\/ld+json\" class=\"yoast-schema-graph\">{\"@context\":\"https:\/\/schema.org\",\"@graph\":[{\"@type\":\"WebPage\",\"@id\":\"https:\/\/dev.tolio.co.nz\/san-pham\/set-6-goi-bot-banh-cuon-tai-ky-400g\/\",\"url\":\"https:\/\/dev.tolio.co.nz\/san-pham\/set-6-goi-bot-banh-cuon-tai-ky-400g\/\",\"name\":\"Set 6 g\u00f3i b\u1ed9t b\u00e1nh cu\u1ed1n T\u00e0i K\u00fd 400g - TOLIO\",\"isPartOf\":{\"@id\":\"https:\/\/dev.tolio.co.nz\/#website\"},\"primaryImageOfPage\":{\"@id\":\"https:\/\/dev.tolio.co.nz\/san-pham\/set-6-goi-bot-banh-cuon-tai-ky-400g\/#primaryimage\"},\"image\":{\"@id\":\"https:\/\/dev.tolio.co.nz\/san-pham\/set-6-goi-bot-banh-cuon-tai-ky-400g\/#primaryimage\"},\"thumbnailUrl\":\"https:\/\/dev.tolio.co.nz\/wp-content\/uploads\/2022\/03\/481.png\",\"datePublished\":\"2023-11-23T12:49:10+00:00\",\"dateModified\":\"2025-09-11T04:00:10+00:00\",\"description\":\"Th\u01b0\u01a1ng hi\u1ec7u: T\u00e0i K\u00fd Xu\u1ea5t x\u1ee9 th\u01b0\u01a1ng hi\u1ec7u: Vi\u1ec7t Nam Quy c\u00e1ch \u0111\u00f3ng g\u00f3i: g\u00f3i 400g L\u01b0u \u00fd: Bao b\u00ec s\u1ea3n ph\u1ea9m c\u00f3 th\u1ec3 thay \u0111\u1ed5i theo t\u1eebng \u0111\u1ee3t nh\u1eadp h\u00e0ng\",\"breadcrumb\":{\"@id\":\"https:\/\/dev.tolio.co.nz\/san-pham\/set-6-goi-bot-banh-cuon-tai-ky-400g\/#breadcrumb\"},\"inLanguage\":\"en-US\",\"potentialAction\":[{\"@type\":\"ReadAction\",\"target\":[\"https:\/\/dev.tolio.co.nz\/san-pham\/set-6-goi-bot-banh-cuon-tai-ky-400g\/\"]}]},{\"@type\":\"ImageObject\",\"inLanguage\":\"en-US\",\"@id\":\"https:\/\/dev.tolio.co.nz\/san-pham\/set-6-goi-bot-banh-cuon-tai-ky-400g\/#primaryimage\",\"url\":\"https:\/\/dev.tolio.co.nz\/wp-content\/uploads\/2022\/03\/481.png\",\"contentUrl\":\"https:\/\/dev.tolio.co.nz\/wp-content\/uploads\/2022\/03\/481.png\",\"width\":1000,\"height\":907},{\"@type\":\"BreadcrumbList\",\"@id\":\"https:\/\/dev.tolio.co.nz\/san-pham\/set-6-goi-bot-banh-cuon-tai-ky-400g\/#breadcrumb\",\"itemListElement\":[{\"@type\":\"ListItem\",\"position\":1,\"name\":\"Home\",\"item\":\"https:\/\/dev.tolio.co.nz\/\"},{\"@type\":\"ListItem\",\"position\":2,\"name\":\"C\u1eeda h\u00e0ng\",\"item\":\"https:\/\/dev.tolio.co.nz\/cua-hang\/\"},{\"@type\":\"ListItem\",\"position\":3,\"name\":\"Set 6 g\u00f3i b\u1ed9t b\u00e1nh cu\u1ed1n T\u00e0i K\u00fd 400g\"}]},{\"@type\":\"WebSite\",\"@id\":\"https:\/\/dev.tolio.co.nz\/#website\",\"url\":\"https:\/\/dev.tolio.co.nz\/\",\"name\":\"TOLIO\",\"description\":\"Vietnamese Grocery Online\",\"potentialAction\":[{\"@type\":\"SearchAction\",\"target\":{\"@type\":\"EntryPoint\",\"urlTemplate\":\"https:\/\/dev.tolio.co.nz\/?s={search_term_string}\"},\"query-input\":{\"@type\":\"PropertyValueSpecification\",\"valueRequired\":true,\"valueName\":\"search_term_string\"}}],\"inLanguage\":\"en-US\"}]}<\/script>\n<!-- \/ Yoast SEO plugin. -->","yoast_head_json":{"title":"Set 6 g\u00f3i b\u1ed9t b\u00e1nh cu\u1ed1n T\u00e0i K\u00fd 400g - TOLIO","description":"Th\u01b0\u01a1ng hi\u1ec7u: T\u00e0i K\u00fd  Xu\u1ea5t x\u1ee9 th\u01b0\u01a1ng hi\u1ec7u: Vi\u1ec7t Nam  Quy c\u00e1ch \u0111\u00f3ng g\u00f3i: g\u00f3i 400g  L\u01b0u \u00fd: Bao b\u00ec s\u1ea3n ph\u1ea9m c\u00f3 th\u1ec3 thay \u0111\u1ed5i theo t\u1eebng \u0111\u1ee3t nh\u1eadp h\u00e0ng","robots":{"index":"index","follow":"follow","max-snippet":"max-snippet:-1","max-image-preview":"max-image-preview:large","max-video-preview":"max-video-preview:-1"},"canonical":"https:\/\/dev.tolio.co.nz\/en\/product\/set-of-6-packages-of-400g-banh-cuon\/","og_locale":"en_US","og_type":"article","og_title":"Set 6 g\u00f3i b\u1ed9t b\u00e1nh cu\u1ed1n T\u00e0i K\u00fd 400g - TOLIO","og_description":"Th\u01b0\u01a1ng hi\u1ec7u: T\u00e0i K\u00fd  Xu\u1ea5t x\u1ee9 th\u01b0\u01a1ng hi\u1ec7u: Vi\u1ec7t Nam  Quy c\u00e1ch \u0111\u00f3ng g\u00f3i: g\u00f3i 400g  L\u01b0u \u00fd: Bao b\u00ec s\u1ea3n ph\u1ea9m c\u00f3 th\u1ec3 thay \u0111\u1ed5i theo t\u1eebng \u0111\u1ee3t nh\u1eadp h\u00e0ng","og_url":"https:\/\/dev.tolio.co.nz\/en\/product\/set-of-6-packages-of-400g-banh-cuon\/","og_site_name":"TOLIO","article_modified_time":"2025-09-11T04:00:10+00:00","og_image":[{"width":1000,"height":907,"url":"https:\/\/dev.tolio.co.nz\/wp-content\/uploads\/2022\/03\/481.png","type":"image\/png"}],"twitter_card":"summary_large_image","twitter_misc":{"Est. reading time":"1 minute"},"schema":{"@context":"https:\/\/schema.org","@graph":[{"@type":"WebPage","@id":"https:\/\/dev.tolio.co.nz\/san-pham\/set-6-goi-bot-banh-cuon-tai-ky-400g\/","url":"https:\/\/dev.tolio.co.nz\/san-pham\/set-6-goi-bot-banh-cuon-tai-ky-400g\/","name":"Set 6 g\u00f3i b\u1ed9t b\u00e1nh cu\u1ed1n T\u00e0i K\u00fd 400g - TOLIO","isPartOf":{"@id":"https:\/\/dev.tolio.co.nz\/#website"},"primaryImageOfPage":{"@id":"https:\/\/dev.tolio.co.nz\/san-pham\/set-6-goi-bot-banh-cuon-tai-ky-400g\/#primaryimage"},"image":{"@id":"https:\/\/dev.tolio.co.nz\/san-pham\/set-6-goi-bot-banh-cuon-tai-ky-400g\/#primaryimage"},"thumbnailUrl":"https:\/\/dev.tolio.co.nz\/wp-content\/uploads\/2022\/03\/481.png","datePublished":"2023-11-23T12:49:10+00:00","dateModified":"2025-09-11T04:00:10+00:00","description":"Th\u01b0\u01a1ng hi\u1ec7u: T\u00e0i K\u00fd Xu\u1ea5t x\u1ee9 th\u01b0\u01a1ng hi\u1ec7u: Vi\u1ec7t Nam Quy c\u00e1ch \u0111\u00f3ng g\u00f3i: g\u00f3i 400g L\u01b0u \u00fd: Bao b\u00ec s\u1ea3n ph\u1ea9m c\u00f3 th\u1ec3 thay \u0111\u1ed5i theo t\u1eebng \u0111\u1ee3t nh\u1eadp h\u00e0ng","breadcrumb":{"@id":"https:\/\/dev.tolio.co.nz\/san-pham\/set-6-goi-bot-banh-cuon-tai-ky-400g\/#breadcrumb"},"inLanguage":"en-US","potentialAction":[{"@type":"ReadAction","target":["https:\/\/dev.tolio.co.nz\/san-pham\/set-6-goi-bot-banh-cuon-tai-ky-400g\/"]}]},{"@type":"ImageObject","inLanguage":"en-US","@id":"https:\/\/dev.tolio.co.nz\/san-pham\/set-6-goi-bot-banh-cuon-tai-ky-400g\/#primaryimage","url":"https:\/\/dev.tolio.co.nz\/wp-content\/uploads\/2022\/03\/481.png","contentUrl":"https:\/\/dev.tolio.co.nz\/wp-content\/uploads\/2022\/03\/481.png","width":1000,"height":907},{"@type":"BreadcrumbList","@id":"https:\/\/dev.tolio.co.nz\/san-pham\/set-6-goi-bot-banh-cuon-tai-ky-400g\/#breadcrumb","itemListElement":[{"@type":"ListItem","position":1,"name":"Home","item":"https:\/\/dev.tolio.co.nz\/"},{"@type":"ListItem","position":2,"name":"C\u1eeda h\u00e0ng","item":"https:\/\/dev.tolio.co.nz\/cua-hang\/"},{"@type":"ListItem","position":3,"name":"Set 6 g\u00f3i b\u1ed9t b\u00e1nh cu\u1ed1n T\u00e0i K\u00fd 400g"}]},{"@type":"WebSite","@id":"https:\/\/dev.tolio.co.nz\/#website","url":"https:\/\/dev.tolio.co.nz\/","name":"TOLIO","description":"Vietnamese Grocery Online","potentialAction":[{"@type":"SearchAction","target":{"@type":"EntryPoint","urlTemplate":"https:\/\/dev.tolio.co.nz\/?s={search_term_string}"},"query-input":{"@type":"PropertyValueSpecification","valueRequired":true,"valueName":"search_term_string"}}],"inLanguage":"en-US"}]}},"_links":{"self":[{"href":"https:\/\/dev.tolio.co.nz\/en\/wp-json\/wp\/v2\/product\/12423","targetHints":{"allow":["GET"]}}],"collection":[{"href":"https:\/\/dev.tolio.co.nz\/en\/wp-json\/wp\/v2\/product"}],"about":[{"href":"https:\/\/dev.tolio.co.nz\/en\/wp-json\/wp\/v2\/types\/product"}],"replies":[{"embeddable":true,"href":"https:\/\/dev.tolio.co.nz\/en\/wp-json\/wp\/v2\/comments?post=12423"}],"wp:featuredmedia":[{"embeddable":true,"href":"https:\/\/dev.tolio.co.nz\/en\/wp-json\/wp\/v2\/media\/20973"}],"wp:attachment":[{"href":"https:\/\/dev.tolio.co.nz\/en\/wp-json\/wp\/v2\/media?parent=12423"}],"wp:term":[{"taxonomy":"product_brand","embeddable":true,"href":"https:\/\/dev.tolio.co.nz\/en\/wp-json\/wp\/v2\/product_brand?post=12423"},{"taxonomy":"product_cat","embeddable":true,"href":"https:\/\/dev.tolio.co.nz\/en\/wp-json\/wp\/v2\/product_cat?post=12423"},{"taxonomy":"product_tag","embeddable":true,"href":"https:\/\/dev.tolio.co.nz\/en\/wp-json\/wp\/v2\/product_tag?post=12423"}],"curies":[{"name":"wp","href":"https:\/\/api.w.org\/{rel}","templated":true}]}}