{"id":12432,"date":"2023-11-24T02:31:54","date_gmt":"2023-11-23T13:46:54","guid":{"rendered":"https:\/\/tolio.co.nz\/?post_type=product&#038;p=12432"},"modified":"2025-09-11T16:00:59","modified_gmt":"2025-09-11T04:00:59","slug":"hu-tieu-sa-dec-sa-giang-goi-400g","status":"publish","type":"product","link":"https:\/\/dev.tolio.co.nz\/en\/product\/400g-package-of-decaf-sa-giang\/","title":{"rendered":"H\u1ee7 ti\u1ebfu Sa \u0110\u00e9c Sa Giang g\u00f3i 400g"},"content":{"rendered":"<p><strong>H\u1ee7 ti\u1ebfu Sa \u0110\u00e9c Sa Giang g\u00f3i 400g<\/strong> v\u1edbi th\u00e0nh ph\u1ea7n b\u1ed9t g\u1ea1o, tinh b\u1ed9t khoai m\u00ec v\u00e0 c\u00e1c gia v\u1ecb v\u1eeba \u0103n mang h\u01b0\u01a1ng v\u1ecb \u0111\u1eb7c tr\u01b0ng h\u01a1n so v\u1edbi c\u00e1c s\u1ea3n ph\u1ea9m c\u00f9ng lo\u1ea1i. V\u1edbi d\u00e2y chuy\u1ec1n ch\u1ebf bi\u1ebfn h\u1ee3p v\u1ec7 sinh, qu\u1ea3n l\u00fd ch\u1ea5t l\u01b0\u1ee3ng ch\u1eb7t ch\u1ebd t\u1ea1o n\u00ean s\u1ea3n ph\u1ea9m \u0111\u1ea3m b\u1ea3o an to\u00e0n s\u1ee9c kh\u1ecfe cho ng\u01b0\u1eddi ti\u00eau d\u00f9ng.<\/p>\n<p><strong>H\u01b0\u1edbng d\u1eabn s\u1eed d\u1ee5ng:<\/strong><\/p>\n<ul>\n<li>R\u1eeda v\u1edbi n\u01b0\u1edbc s\u1ea1ch<\/li>\n<li>Cho h\u1ee7 ti\u1ebfu v\u00e0o n\u1ed3i n\u01b0\u1edbc \u0111ang s\u00f4i n\u1ea5u kho\u1ea3ng 3\u20135 ph\u00fat. V\u1edbt ra r\u1eeda s\u1ea1ch b\u1eb1ng n\u01b0\u1edbc, \u0111\u1ec3 r\u00e1o<\/li>\n<\/ul>\n<p><strong>B\u1ea3o qu\u1ea3n:<\/strong><\/p>\n<ul>\n<li>B\u1ea3o qu\u1ea3n n\u01a1i kh\u00f4 r\u00e1o, tho\u00e1ng m\u00e1t.<\/li>\n<li>Tr\u00e1nh \u00e1nh n\u1eafng tr\u1ef1c ti\u1ebfp.<\/li>\n<\/ul>","protected":false},"excerpt":{"rendered":"<ul>\n<li>Th\u01b0\u01a1ng hi\u1ec7u: Sa Giang<\/li>\n<li>Xu\u1ea5t x\u1ee9 th\u01b0\u01a1ng hi\u1ec7u: Vi\u1ec7t Nam<\/li>\n<li>Quy c\u00e1ch \u0111\u00f3ng g\u00f3i: g\u00f3i 400g<\/li>\n<li>L\u01b0u \u00fd: Bao b\u00ec s\u1ea3n ph\u1ea9m c\u00f3 th\u1ec3 thay \u0111\u1ed5i theo t\u1eebng \u0111\u1ee3t nh\u1eadp h\u00e0ng<\/li>\n<\/ul>","protected":false},"featured_media":20576,"comment_status":"open","ping_status":"closed","template":"","meta":[],"product_brand":[],"product_cat":[32],"product_tag":[],"class_list":{"0":"post-12432","1":"product","2":"type-product","3":"status-publish","4":"has-post-thumbnail","6":"product_cat-bun-pho-banh-trang","7":"pa_thuong-hieu-gia-bao","9":"first","10":"outofstock","11":"shipping-taxable","12":"purchasable","13":"product-type-simple"},"yoast_head":"<!-- This site is optimized with the Yoast SEO plugin v24.4 - https:\/\/yoast.com\/wordpress\/plugins\/seo\/ -->\n<title>H\u1ee7 ti\u1ebfu Sa \u0110\u00e9c Sa Giang g\u00f3i 400g - TOLIO<\/title>\n<meta name=\"description\" content=\"Th\u01b0\u01a1ng hi\u1ec7u: Sa Giang  Xu\u1ea5t x\u1ee9 th\u01b0\u01a1ng hi\u1ec7u: Vi\u1ec7t Nam  Quy c\u00e1ch \u0111\u00f3ng g\u00f3i: g\u00f3i 400g  L\u01b0u \u00fd: Bao b\u00ec s\u1ea3n ph\u1ea9m c\u00f3 th\u1ec3 thay \u0111\u1ed5i theo t\u1eebng \u0111\u1ee3t nh\u1eadp h\u00e0ng\" \/>\n<meta name=\"robots\" content=\"index, follow, max-snippet:-1, max-image-preview:large, max-video-preview:-1\" \/>\n<link rel=\"canonical\" href=\"https:\/\/dev.tolio.co.nz\/en\/product\/400g-package-of-decaf-sa-giang\/\" \/>\n<meta property=\"og:locale\" content=\"en_US\" \/>\n<meta property=\"og:type\" content=\"article\" \/>\n<meta property=\"og:title\" content=\"H\u1ee7 ti\u1ebfu Sa \u0110\u00e9c Sa Giang g\u00f3i 400g - TOLIO\" \/>\n<meta property=\"og:description\" content=\"Th\u01b0\u01a1ng hi\u1ec7u: Sa Giang  Xu\u1ea5t x\u1ee9 th\u01b0\u01a1ng hi\u1ec7u: Vi\u1ec7t Nam  Quy c\u00e1ch \u0111\u00f3ng g\u00f3i: g\u00f3i 400g  L\u01b0u \u00fd: Bao b\u00ec s\u1ea3n ph\u1ea9m c\u00f3 th\u1ec3 thay \u0111\u1ed5i theo t\u1eebng \u0111\u1ee3t nh\u1eadp h\u00e0ng\" \/>\n<meta property=\"og:url\" content=\"https:\/\/dev.tolio.co.nz\/en\/product\/400g-package-of-decaf-sa-giang\/\" \/>\n<meta property=\"og:site_name\" content=\"TOLIO\" \/>\n<meta property=\"article:modified_time\" content=\"2025-09-11T04:00:59+00:00\" \/>\n<meta property=\"og:image\" content=\"https:\/\/dev.tolio.co.nz\/wp-content\/uploads\/2023\/11\/131.png\" \/>\n\t<meta property=\"og:image:width\" content=\"1000\" \/>\n\t<meta property=\"og:image:height\" content=\"907\" \/>\n\t<meta property=\"og:image:type\" content=\"image\/png\" \/>\n<meta name=\"twitter:card\" content=\"summary_large_image\" \/>\n<meta name=\"twitter:label1\" content=\"Est. reading time\" \/>\n\t<meta name=\"twitter:data1\" content=\"1 minute\" \/>\n<script type=\"application\/ld+json\" class=\"yoast-schema-graph\">{\"@context\":\"https:\/\/schema.org\",\"@graph\":[{\"@type\":\"WebPage\",\"@id\":\"https:\/\/dev.tolio.co.nz\/san-pham\/hu-tieu-sa-dec-sa-giang-goi-400g\/\",\"url\":\"https:\/\/dev.tolio.co.nz\/san-pham\/hu-tieu-sa-dec-sa-giang-goi-400g\/\",\"name\":\"H\u1ee7 ti\u1ebfu Sa \u0110\u00e9c Sa Giang g\u00f3i 400g - TOLIO\",\"isPartOf\":{\"@id\":\"https:\/\/dev.tolio.co.nz\/#website\"},\"primaryImageOfPage\":{\"@id\":\"https:\/\/dev.tolio.co.nz\/san-pham\/hu-tieu-sa-dec-sa-giang-goi-400g\/#primaryimage\"},\"image\":{\"@id\":\"https:\/\/dev.tolio.co.nz\/san-pham\/hu-tieu-sa-dec-sa-giang-goi-400g\/#primaryimage\"},\"thumbnailUrl\":\"https:\/\/dev.tolio.co.nz\/wp-content\/uploads\/2023\/11\/131.png\",\"datePublished\":\"2023-11-23T13:46:54+00:00\",\"dateModified\":\"2025-09-11T04:00:59+00:00\",\"description\":\"Th\u01b0\u01a1ng hi\u1ec7u: Sa Giang Xu\u1ea5t x\u1ee9 th\u01b0\u01a1ng hi\u1ec7u: Vi\u1ec7t Nam Quy c\u00e1ch \u0111\u00f3ng g\u00f3i: g\u00f3i 400g L\u01b0u \u00fd: Bao b\u00ec s\u1ea3n ph\u1ea9m c\u00f3 th\u1ec3 thay \u0111\u1ed5i theo t\u1eebng \u0111\u1ee3t nh\u1eadp h\u00e0ng\",\"breadcrumb\":{\"@id\":\"https:\/\/dev.tolio.co.nz\/san-pham\/hu-tieu-sa-dec-sa-giang-goi-400g\/#breadcrumb\"},\"inLanguage\":\"en-US\",\"potentialAction\":[{\"@type\":\"ReadAction\",\"target\":[\"https:\/\/dev.tolio.co.nz\/san-pham\/hu-tieu-sa-dec-sa-giang-goi-400g\/\"]}]},{\"@type\":\"ImageObject\",\"inLanguage\":\"en-US\",\"@id\":\"https:\/\/dev.tolio.co.nz\/san-pham\/hu-tieu-sa-dec-sa-giang-goi-400g\/#primaryimage\",\"url\":\"https:\/\/dev.tolio.co.nz\/wp-content\/uploads\/2023\/11\/131.png\",\"contentUrl\":\"https:\/\/dev.tolio.co.nz\/wp-content\/uploads\/2023\/11\/131.png\",\"width\":1000,\"height\":907},{\"@type\":\"BreadcrumbList\",\"@id\":\"https:\/\/dev.tolio.co.nz\/san-pham\/hu-tieu-sa-dec-sa-giang-goi-400g\/#breadcrumb\",\"itemListElement\":[{\"@type\":\"ListItem\",\"position\":1,\"name\":\"Home\",\"item\":\"https:\/\/dev.tolio.co.nz\/\"},{\"@type\":\"ListItem\",\"position\":2,\"name\":\"C\u1eeda h\u00e0ng\",\"item\":\"https:\/\/dev.tolio.co.nz\/cua-hang\/\"},{\"@type\":\"ListItem\",\"position\":3,\"name\":\"H\u1ee7 ti\u1ebfu Sa \u0110\u00e9c Sa Giang g\u00f3i 400g\"}]},{\"@type\":\"WebSite\",\"@id\":\"https:\/\/dev.tolio.co.nz\/#website\",\"url\":\"https:\/\/dev.tolio.co.nz\/\",\"name\":\"TOLIO\",\"description\":\"Vietnamese Grocery Online\",\"potentialAction\":[{\"@type\":\"SearchAction\",\"target\":{\"@type\":\"EntryPoint\",\"urlTemplate\":\"https:\/\/dev.tolio.co.nz\/?s={search_term_string}\"},\"query-input\":{\"@type\":\"PropertyValueSpecification\",\"valueRequired\":true,\"valueName\":\"search_term_string\"}}],\"inLanguage\":\"en-US\"}]}<\/script>\n<!-- \/ Yoast SEO plugin. -->","yoast_head_json":{"title":"H\u1ee7 ti\u1ebfu Sa \u0110\u00e9c Sa Giang g\u00f3i 400g - TOLIO","description":"Th\u01b0\u01a1ng hi\u1ec7u: Sa Giang  Xu\u1ea5t x\u1ee9 th\u01b0\u01a1ng hi\u1ec7u: Vi\u1ec7t Nam  Quy c\u00e1ch \u0111\u00f3ng g\u00f3i: g\u00f3i 400g  L\u01b0u \u00fd: Bao b\u00ec s\u1ea3n ph\u1ea9m c\u00f3 th\u1ec3 thay \u0111\u1ed5i theo t\u1eebng \u0111\u1ee3t nh\u1eadp h\u00e0ng","robots":{"index":"index","follow":"follow","max-snippet":"max-snippet:-1","max-image-preview":"max-image-preview:large","max-video-preview":"max-video-preview:-1"},"canonical":"https:\/\/dev.tolio.co.nz\/en\/product\/400g-package-of-decaf-sa-giang\/","og_locale":"en_US","og_type":"article","og_title":"H\u1ee7 ti\u1ebfu Sa \u0110\u00e9c Sa Giang g\u00f3i 400g - TOLIO","og_description":"Th\u01b0\u01a1ng hi\u1ec7u: Sa Giang  Xu\u1ea5t x\u1ee9 th\u01b0\u01a1ng hi\u1ec7u: Vi\u1ec7t Nam  Quy c\u00e1ch \u0111\u00f3ng g\u00f3i: g\u00f3i 400g  L\u01b0u \u00fd: Bao b\u00ec s\u1ea3n ph\u1ea9m c\u00f3 th\u1ec3 thay \u0111\u1ed5i theo t\u1eebng \u0111\u1ee3t nh\u1eadp h\u00e0ng","og_url":"https:\/\/dev.tolio.co.nz\/en\/product\/400g-package-of-decaf-sa-giang\/","og_site_name":"TOLIO","article_modified_time":"2025-09-11T04:00:59+00:00","og_image":[{"width":1000,"height":907,"url":"https:\/\/dev.tolio.co.nz\/wp-content\/uploads\/2023\/11\/131.png","type":"image\/png"}],"twitter_card":"summary_large_image","twitter_misc":{"Est. reading time":"1 minute"},"schema":{"@context":"https:\/\/schema.org","@graph":[{"@type":"WebPage","@id":"https:\/\/dev.tolio.co.nz\/san-pham\/hu-tieu-sa-dec-sa-giang-goi-400g\/","url":"https:\/\/dev.tolio.co.nz\/san-pham\/hu-tieu-sa-dec-sa-giang-goi-400g\/","name":"H\u1ee7 ti\u1ebfu Sa \u0110\u00e9c Sa Giang g\u00f3i 400g - TOLIO","isPartOf":{"@id":"https:\/\/dev.tolio.co.nz\/#website"},"primaryImageOfPage":{"@id":"https:\/\/dev.tolio.co.nz\/san-pham\/hu-tieu-sa-dec-sa-giang-goi-400g\/#primaryimage"},"image":{"@id":"https:\/\/dev.tolio.co.nz\/san-pham\/hu-tieu-sa-dec-sa-giang-goi-400g\/#primaryimage"},"thumbnailUrl":"https:\/\/dev.tolio.co.nz\/wp-content\/uploads\/2023\/11\/131.png","datePublished":"2023-11-23T13:46:54+00:00","dateModified":"2025-09-11T04:00:59+00:00","description":"Th\u01b0\u01a1ng hi\u1ec7u: Sa Giang Xu\u1ea5t x\u1ee9 th\u01b0\u01a1ng hi\u1ec7u: Vi\u1ec7t Nam Quy c\u00e1ch \u0111\u00f3ng g\u00f3i: g\u00f3i 400g L\u01b0u \u00fd: Bao b\u00ec s\u1ea3n ph\u1ea9m c\u00f3 th\u1ec3 thay \u0111\u1ed5i theo t\u1eebng \u0111\u1ee3t nh\u1eadp h\u00e0ng","breadcrumb":{"@id":"https:\/\/dev.tolio.co.nz\/san-pham\/hu-tieu-sa-dec-sa-giang-goi-400g\/#breadcrumb"},"inLanguage":"en-US","potentialAction":[{"@type":"ReadAction","target":["https:\/\/dev.tolio.co.nz\/san-pham\/hu-tieu-sa-dec-sa-giang-goi-400g\/"]}]},{"@type":"ImageObject","inLanguage":"en-US","@id":"https:\/\/dev.tolio.co.nz\/san-pham\/hu-tieu-sa-dec-sa-giang-goi-400g\/#primaryimage","url":"https:\/\/dev.tolio.co.nz\/wp-content\/uploads\/2023\/11\/131.png","contentUrl":"https:\/\/dev.tolio.co.nz\/wp-content\/uploads\/2023\/11\/131.png","width":1000,"height":907},{"@type":"BreadcrumbList","@id":"https:\/\/dev.tolio.co.nz\/san-pham\/hu-tieu-sa-dec-sa-giang-goi-400g\/#breadcrumb","itemListElement":[{"@type":"ListItem","position":1,"name":"Home","item":"https:\/\/dev.tolio.co.nz\/"},{"@type":"ListItem","position":2,"name":"C\u1eeda h\u00e0ng","item":"https:\/\/dev.tolio.co.nz\/cua-hang\/"},{"@type":"ListItem","position":3,"name":"H\u1ee7 ti\u1ebfu Sa \u0110\u00e9c Sa Giang g\u00f3i 400g"}]},{"@type":"WebSite","@id":"https:\/\/dev.tolio.co.nz\/#website","url":"https:\/\/dev.tolio.co.nz\/","name":"TOLIO","description":"Vietnamese Grocery Online","potentialAction":[{"@type":"SearchAction","target":{"@type":"EntryPoint","urlTemplate":"https:\/\/dev.tolio.co.nz\/?s={search_term_string}"},"query-input":{"@type":"PropertyValueSpecification","valueRequired":true,"valueName":"search_term_string"}}],"inLanguage":"en-US"}]}},"_links":{"self":[{"href":"https:\/\/dev.tolio.co.nz\/en\/wp-json\/wp\/v2\/product\/12432","targetHints":{"allow":["GET"]}}],"collection":[{"href":"https:\/\/dev.tolio.co.nz\/en\/wp-json\/wp\/v2\/product"}],"about":[{"href":"https:\/\/dev.tolio.co.nz\/en\/wp-json\/wp\/v2\/types\/product"}],"replies":[{"embeddable":true,"href":"https:\/\/dev.tolio.co.nz\/en\/wp-json\/wp\/v2\/comments?post=12432"}],"wp:featuredmedia":[{"embeddable":true,"href":"https:\/\/dev.tolio.co.nz\/en\/wp-json\/wp\/v2\/media\/20576"}],"wp:attachment":[{"href":"https:\/\/dev.tolio.co.nz\/en\/wp-json\/wp\/v2\/media?parent=12432"}],"wp:term":[{"taxonomy":"product_brand","embeddable":true,"href":"https:\/\/dev.tolio.co.nz\/en\/wp-json\/wp\/v2\/product_brand?post=12432"},{"taxonomy":"product_cat","embeddable":true,"href":"https:\/\/dev.tolio.co.nz\/en\/wp-json\/wp\/v2\/product_cat?post=12432"},{"taxonomy":"product_tag","embeddable":true,"href":"https:\/\/dev.tolio.co.nz\/en\/wp-json\/wp\/v2\/product_tag?post=12432"}],"curies":[{"name":"wp","href":"https:\/\/api.w.org\/{rel}","templated":true}]}}