{"id":12495,"date":"2023-11-25T02:57:42","date_gmt":"2023-11-24T14:12:42","guid":{"rendered":"https:\/\/tolio.co.nz\/?post_type=product&#038;p=12495"},"modified":"2025-09-11T16:00:27","modified_gmt":"2025-09-11T04:00:27","slug":"thung-30-goi-pho-de-nhat-huong-vi-bo-68g","status":"publish","type":"product","link":"https:\/\/dev.tolio.co.nz\/en\/product\/30-packets-of-japanese-delicacy-with-68g-servings\/","title":{"rendered":"Th\u00f9ng 30 g\u00f3i ph\u1edf \u0110\u1ec7 Nh\u1ea5t h\u01b0\u01a1ng v\u1ecb b\u00f2 68g"},"content":{"rendered":"<p><strong>Th\u00f9ng 30 g\u00f3i ph\u1edf \u0110\u1ec7 Nh\u1ea5t h\u01b0\u01a1ng v\u1ecb b\u00f2 68g<\/strong> t\u1eebng s\u1ee3i ph\u1edf dai ngon, tr\u1eafng d\u1eb9p \u0111\u1eadm \u0111\u00e0 n\u01b0\u1edbc d\u00f9ng cho b\u1ea1n th\u01b0\u1edfng th\u1ee9c t\u00f4 ph\u1edf th\u01a1m ngon v\u1edbi h\u01b0\u01a1ng b\u00f2 ng\u1ecdt n\u01b0\u1edbc. Ph\u1edf \u0110\u1ec7 Nh\u1ea5t h\u01b0\u01a1ng v\u1ecb b\u00f2 g\u00f3i 84g ch\u1ea5t l\u01b0\u1ee3ng, dinh d\u01b0\u1ee1ng nhanh g\u1ecdn cho b\u1eefa s\u00e1ng. Ph\u1edf \u0110\u1ec7 Nh\u1ea5t th\u01a1m ngon, ti\u1ec7n l\u1ee3i v\u00e0 \u0111\u01b0\u1ee3c nhi\u1ec1u ng\u01b0\u1eddi l\u1ef1a ch\u1ecdn<\/p>\n<p><strong>H\u01b0\u1edbng d\u1eabn s\u1eed d\u1ee5ng:<\/strong><\/p>\n<ul style=\"list-style-type: circle\">\n<li>Cho v\u1eaft ph\u1edf v\u00e0 g\u00f3i rau s\u1ea5y v\u00e0o t\u00f4.\u00a0\u0110\u1ed5 v\u00e0o 400ml n\u01b0\u1edbc s\u00f4i. \u0110\u1eady n\u1eafp trong 3 ph\u00fat. M\u1edf n\u1eafp ra, tr\u1ed9n \u0111\u1ec1u l\u00e0 d\u00f9ng \u0111\u01b0\u1ee3c ngay.<\/li>\n<\/ul>\n<p><strong>B\u1ea3o qu\u1ea3n:<\/strong><\/p>\n<ul style=\"list-style-type: circle\">\n<li>\u0110\u1ec3 n\u01a1i kh\u00f4 r\u00e1o, tho\u00e1ng m\u00e1t, tr\u00e1nh \u00e1nh n\u1eafng m\u1eb7t tr\u1eddi. N\u00ean pha ch\u1ebf ngay sau khi m\u1edf bao b\u00ec. Tr\u00e1nh \u0111\u1ec3 g\u1ea7n h\u00f3a ch\u1ea5t ho\u1eb7c s\u1ea3n ph\u1ea9m c\u00f3 m\u00f9i m\u1ea1nh.<\/li>\n<\/ul>\n<p><span class=\"ui-provider a b c d e f g h i j k l m n o p q r s t u v w x y z ab ac ae af ag ah ai aj ak\" dir=\"ltr\"><strong>H\u1ea1n s\u1eed d\u1ee5ng:<\/strong> 8 th\u00e1ng t\u1eeb ng\u00e0y s\u1ea3n xu\u1ea5t.<\/span><\/p>","protected":false},"excerpt":{"rendered":"<p>\u2022 Th\u01b0\u01a1ng hi\u1ec7u: \u0110\u1ec7 Nh\u1ea5t<br \/>\n\u2022 Xu\u1ea5t x\u1ee9 th\u01b0\u01a1ng hi\u1ec7u: Vi\u1ec7t Nam<br \/>\n\u2022 Quy c\u00e1ch \u0111\u00f3ng g\u00f3i: G\u00f3i 68g, set 10 g\u00f3i, th\u00f9ng 30 g\u00f3i<br \/>\n\u2022 L\u01b0u \u00fd: Bao b\u00ec s\u1ea3n ph\u1ea9m c\u00f3 th\u1ec3 thay \u0111\u1ed5i theo t\u1eebng \u0111\u1ee3t nh\u1eadp h\u00e0ng<\/p>","protected":false},"featured_media":20717,"comment_status":"open","ping_status":"closed","template":"","meta":[],"product_brand":[],"product_cat":[511,31],"product_tag":[158,753],"class_list":{"0":"post-12495","1":"product","2":"type-product","3":"status-publish","4":"has-post-thumbnail","6":"product_cat-mi-pho-chao-an-lien","7":"product_cat-hang-moi-ve","8":"product_tag-pho","9":"product_tag-pho-de-nhat","10":"pa_thuong-hieu-de-nhat","12":"first","13":"instock","14":"sale","15":"shipping-taxable","16":"purchasable","17":"product-type-simple"},"yoast_head":"<!-- This site is optimized with the Yoast SEO plugin v24.4 - https:\/\/yoast.com\/wordpress\/plugins\/seo\/ -->\n<title>Th\u00f9ng 30 g\u00f3i ph\u1edf \u0110\u1ec7 Nh\u1ea5t h\u01b0\u01a1ng v\u1ecb b\u00f2 68g - TOLIO<\/title>\n<meta name=\"description\" content=\"\u2022 Th\u01b0\u01a1ng hi\u1ec7u: \u0110\u1ec7 Nh\u1ea5t \u2022 Xu\u1ea5t x\u1ee9 th\u01b0\u01a1ng hi\u1ec7u: Vi\u1ec7t Nam \u2022 Quy c\u00e1ch \u0111\u00f3ng g\u00f3i: G\u00f3i 68g, set 10 g\u00f3i, th\u00f9ng 30 g\u00f3i \u2022 L\u01b0u \u00fd: Bao b\u00ec s\u1ea3n ph\u1ea9m c\u00f3 th\u1ec3 thay \u0111\u1ed5i theo t\u1eebng \u0111\u1ee3t nh\u1eadp h\u00e0ng\" \/>\n<meta name=\"robots\" content=\"index, follow, max-snippet:-1, max-image-preview:large, max-video-preview:-1\" \/>\n<link rel=\"canonical\" href=\"https:\/\/dev.tolio.co.nz\/en\/products\/30-packets-of-japanese-delicacy-with-68g-servings\/\" \/>\n<meta property=\"og:locale\" content=\"en_US\" \/>\n<meta property=\"og:type\" content=\"article\" \/>\n<meta property=\"og:title\" content=\"Th\u00f9ng 30 g\u00f3i ph\u1edf \u0110\u1ec7 Nh\u1ea5t h\u01b0\u01a1ng v\u1ecb b\u00f2 68g - TOLIO\" \/>\n<meta property=\"og:description\" content=\"\u2022 Th\u01b0\u01a1ng hi\u1ec7u: \u0110\u1ec7 Nh\u1ea5t \u2022 Xu\u1ea5t x\u1ee9 th\u01b0\u01a1ng hi\u1ec7u: Vi\u1ec7t Nam \u2022 Quy c\u00e1ch \u0111\u00f3ng g\u00f3i: G\u00f3i 68g, set 10 g\u00f3i, th\u00f9ng 30 g\u00f3i \u2022 L\u01b0u \u00fd: Bao b\u00ec s\u1ea3n ph\u1ea9m c\u00f3 th\u1ec3 thay \u0111\u1ed5i theo t\u1eebng \u0111\u1ee3t nh\u1eadp h\u00e0ng\" \/>\n<meta property=\"og:url\" content=\"https:\/\/dev.tolio.co.nz\/en\/products\/30-packets-of-japanese-delicacy-with-68g-servings\/\" \/>\n<meta property=\"og:site_name\" content=\"TOLIO\" \/>\n<meta property=\"article:modified_time\" content=\"2025-09-11T04:00:27+00:00\" \/>\n<meta property=\"og:image\" content=\"https:\/\/dev.tolio.co.nz\/wp-content\/uploads\/2023\/11\/30-1.png\" \/>\n\t<meta property=\"og:image:width\" content=\"1000\" \/>\n\t<meta property=\"og:image:height\" content=\"907\" \/>\n\t<meta property=\"og:image:type\" content=\"image\/png\" \/>\n<meta name=\"twitter:card\" content=\"summary_large_image\" \/>\n<meta name=\"twitter:label1\" content=\"Est. reading time\" \/>\n\t<meta name=\"twitter:data1\" content=\"1 minute\" \/>\n<script type=\"application\/ld+json\" class=\"yoast-schema-graph\">{\"@context\":\"https:\/\/schema.org\",\"@graph\":[{\"@type\":\"WebPage\",\"@id\":\"https:\/\/dev.tolio.co.nz\/en\/products\/30-packets-of-japanese-delicacy-with-68g-servings\/\",\"url\":\"https:\/\/dev.tolio.co.nz\/en\/products\/30-packets-of-japanese-delicacy-with-68g-servings\/\",\"name\":\"Th\u00f9ng 30 g\u00f3i ph\u1edf \u0110\u1ec7 Nh\u1ea5t h\u01b0\u01a1ng v\u1ecb b\u00f2 68g - TOLIO\",\"isPartOf\":{\"@id\":\"https:\/\/dev.tolio.co.nz\/#website\"},\"primaryImageOfPage\":{\"@id\":\"https:\/\/dev.tolio.co.nz\/en\/products\/30-packets-of-japanese-delicacy-with-68g-servings\/#primaryimage\"},\"image\":{\"@id\":\"https:\/\/dev.tolio.co.nz\/en\/products\/30-packets-of-japanese-delicacy-with-68g-servings\/#primaryimage\"},\"thumbnailUrl\":\"https:\/\/dev.tolio.co.nz\/wp-content\/uploads\/2023\/11\/30-1.png\",\"datePublished\":\"2023-11-24T14:12:42+00:00\",\"dateModified\":\"2025-09-11T04:00:27+00:00\",\"description\":\"\u2022 Th\u01b0\u01a1ng hi\u1ec7u: \u0110\u1ec7 Nh\u1ea5t \u2022 Xu\u1ea5t x\u1ee9 th\u01b0\u01a1ng hi\u1ec7u: Vi\u1ec7t Nam \u2022 Quy c\u00e1ch \u0111\u00f3ng g\u00f3i: G\u00f3i 68g, set 10 g\u00f3i, th\u00f9ng 30 g\u00f3i \u2022 L\u01b0u \u00fd: Bao b\u00ec s\u1ea3n ph\u1ea9m c\u00f3 th\u1ec3 thay \u0111\u1ed5i theo t\u1eebng \u0111\u1ee3t nh\u1eadp h\u00e0ng\",\"breadcrumb\":{\"@id\":\"https:\/\/dev.tolio.co.nz\/en\/products\/30-packets-of-japanese-delicacy-with-68g-servings\/#breadcrumb\"},\"inLanguage\":\"en-US\",\"potentialAction\":[{\"@type\":\"ReadAction\",\"target\":[\"https:\/\/dev.tolio.co.nz\/en\/products\/30-packets-of-japanese-delicacy-with-68g-servings\/\"]}]},{\"@type\":\"ImageObject\",\"inLanguage\":\"en-US\",\"@id\":\"https:\/\/dev.tolio.co.nz\/en\/products\/30-packets-of-japanese-delicacy-with-68g-servings\/#primaryimage\",\"url\":\"https:\/\/dev.tolio.co.nz\/wp-content\/uploads\/2023\/11\/30-1.png\",\"contentUrl\":\"https:\/\/dev.tolio.co.nz\/wp-content\/uploads\/2023\/11\/30-1.png\",\"width\":1000,\"height\":907},{\"@type\":\"BreadcrumbList\",\"@id\":\"https:\/\/dev.tolio.co.nz\/en\/products\/30-packets-of-japanese-delicacy-with-68g-servings\/#breadcrumb\",\"itemListElement\":[{\"@type\":\"ListItem\",\"position\":1,\"name\":\"Home\",\"item\":\"https:\/\/dev.tolio.co.nz\/\"},{\"@type\":\"ListItem\",\"position\":2,\"name\":\"C\u1eeda h\u00e0ng\",\"item\":\"https:\/\/dev.tolio.co.nz\/cua-hang\/\"},{\"@type\":\"ListItem\",\"position\":3,\"name\":\"Th\u00f9ng 30 g\u00f3i ph\u1edf \u0110\u1ec7 Nh\u1ea5t h\u01b0\u01a1ng v\u1ecb b\u00f2 68g\"}]},{\"@type\":\"WebSite\",\"@id\":\"https:\/\/dev.tolio.co.nz\/#website\",\"url\":\"https:\/\/dev.tolio.co.nz\/\",\"name\":\"TOLIO\",\"description\":\"Vietnamese Grocery Online\",\"potentialAction\":[{\"@type\":\"SearchAction\",\"target\":{\"@type\":\"EntryPoint\",\"urlTemplate\":\"https:\/\/dev.tolio.co.nz\/?s={search_term_string}\"},\"query-input\":{\"@type\":\"PropertyValueSpecification\",\"valueRequired\":true,\"valueName\":\"search_term_string\"}}],\"inLanguage\":\"en-US\"}]}<\/script>\n<!-- \/ Yoast SEO plugin. -->","yoast_head_json":{"title":"Th\u00f9ng 30 g\u00f3i ph\u1edf \u0110\u1ec7 Nh\u1ea5t h\u01b0\u01a1ng v\u1ecb b\u00f2 68g - TOLIO","description":"\u2022 Th\u01b0\u01a1ng hi\u1ec7u: \u0110\u1ec7 Nh\u1ea5t \u2022 Xu\u1ea5t x\u1ee9 th\u01b0\u01a1ng hi\u1ec7u: Vi\u1ec7t Nam \u2022 Quy c\u00e1ch \u0111\u00f3ng g\u00f3i: G\u00f3i 68g, set 10 g\u00f3i, th\u00f9ng 30 g\u00f3i \u2022 L\u01b0u \u00fd: Bao b\u00ec s\u1ea3n ph\u1ea9m c\u00f3 th\u1ec3 thay \u0111\u1ed5i theo t\u1eebng \u0111\u1ee3t nh\u1eadp h\u00e0ng","robots":{"index":"index","follow":"follow","max-snippet":"max-snippet:-1","max-image-preview":"max-image-preview:large","max-video-preview":"max-video-preview:-1"},"canonical":"https:\/\/dev.tolio.co.nz\/en\/products\/30-packets-of-japanese-delicacy-with-68g-servings\/","og_locale":"en_US","og_type":"article","og_title":"Th\u00f9ng 30 g\u00f3i ph\u1edf \u0110\u1ec7 Nh\u1ea5t h\u01b0\u01a1ng v\u1ecb b\u00f2 68g - TOLIO","og_description":"\u2022 Th\u01b0\u01a1ng hi\u1ec7u: \u0110\u1ec7 Nh\u1ea5t \u2022 Xu\u1ea5t x\u1ee9 th\u01b0\u01a1ng hi\u1ec7u: Vi\u1ec7t Nam \u2022 Quy c\u00e1ch \u0111\u00f3ng g\u00f3i: G\u00f3i 68g, set 10 g\u00f3i, th\u00f9ng 30 g\u00f3i \u2022 L\u01b0u \u00fd: Bao b\u00ec s\u1ea3n ph\u1ea9m c\u00f3 th\u1ec3 thay \u0111\u1ed5i theo t\u1eebng \u0111\u1ee3t nh\u1eadp h\u00e0ng","og_url":"https:\/\/dev.tolio.co.nz\/en\/products\/30-packets-of-japanese-delicacy-with-68g-servings\/","og_site_name":"TOLIO","article_modified_time":"2025-09-11T04:00:27+00:00","og_image":[{"width":1000,"height":907,"url":"https:\/\/dev.tolio.co.nz\/wp-content\/uploads\/2023\/11\/30-1.png","type":"image\/png"}],"twitter_card":"summary_large_image","twitter_misc":{"Est. reading time":"1 minute"},"schema":{"@context":"https:\/\/schema.org","@graph":[{"@type":"WebPage","@id":"https:\/\/dev.tolio.co.nz\/en\/products\/30-packets-of-japanese-delicacy-with-68g-servings\/","url":"https:\/\/dev.tolio.co.nz\/en\/products\/30-packets-of-japanese-delicacy-with-68g-servings\/","name":"Th\u00f9ng 30 g\u00f3i ph\u1edf \u0110\u1ec7 Nh\u1ea5t h\u01b0\u01a1ng v\u1ecb b\u00f2 68g - TOLIO","isPartOf":{"@id":"https:\/\/dev.tolio.co.nz\/#website"},"primaryImageOfPage":{"@id":"https:\/\/dev.tolio.co.nz\/en\/products\/30-packets-of-japanese-delicacy-with-68g-servings\/#primaryimage"},"image":{"@id":"https:\/\/dev.tolio.co.nz\/en\/products\/30-packets-of-japanese-delicacy-with-68g-servings\/#primaryimage"},"thumbnailUrl":"https:\/\/dev.tolio.co.nz\/wp-content\/uploads\/2023\/11\/30-1.png","datePublished":"2023-11-24T14:12:42+00:00","dateModified":"2025-09-11T04:00:27+00:00","description":"\u2022 Th\u01b0\u01a1ng hi\u1ec7u: \u0110\u1ec7 Nh\u1ea5t \u2022 Xu\u1ea5t x\u1ee9 th\u01b0\u01a1ng hi\u1ec7u: Vi\u1ec7t Nam \u2022 Quy c\u00e1ch \u0111\u00f3ng g\u00f3i: G\u00f3i 68g, set 10 g\u00f3i, th\u00f9ng 30 g\u00f3i \u2022 L\u01b0u \u00fd: Bao b\u00ec s\u1ea3n ph\u1ea9m c\u00f3 th\u1ec3 thay \u0111\u1ed5i theo t\u1eebng \u0111\u1ee3t nh\u1eadp h\u00e0ng","breadcrumb":{"@id":"https:\/\/dev.tolio.co.nz\/en\/products\/30-packets-of-japanese-delicacy-with-68g-servings\/#breadcrumb"},"inLanguage":"en-US","potentialAction":[{"@type":"ReadAction","target":["https:\/\/dev.tolio.co.nz\/en\/products\/30-packets-of-japanese-delicacy-with-68g-servings\/"]}]},{"@type":"ImageObject","inLanguage":"en-US","@id":"https:\/\/dev.tolio.co.nz\/en\/products\/30-packets-of-japanese-delicacy-with-68g-servings\/#primaryimage","url":"https:\/\/dev.tolio.co.nz\/wp-content\/uploads\/2023\/11\/30-1.png","contentUrl":"https:\/\/dev.tolio.co.nz\/wp-content\/uploads\/2023\/11\/30-1.png","width":1000,"height":907},{"@type":"BreadcrumbList","@id":"https:\/\/dev.tolio.co.nz\/en\/products\/30-packets-of-japanese-delicacy-with-68g-servings\/#breadcrumb","itemListElement":[{"@type":"ListItem","position":1,"name":"Home","item":"https:\/\/dev.tolio.co.nz\/"},{"@type":"ListItem","position":2,"name":"C\u1eeda h\u00e0ng","item":"https:\/\/dev.tolio.co.nz\/cua-hang\/"},{"@type":"ListItem","position":3,"name":"Th\u00f9ng 30 g\u00f3i ph\u1edf \u0110\u1ec7 Nh\u1ea5t h\u01b0\u01a1ng v\u1ecb b\u00f2 68g"}]},{"@type":"WebSite","@id":"https:\/\/dev.tolio.co.nz\/#website","url":"https:\/\/dev.tolio.co.nz\/","name":"TOLIO","description":"Vietnamese Grocery Online","potentialAction":[{"@type":"SearchAction","target":{"@type":"EntryPoint","urlTemplate":"https:\/\/dev.tolio.co.nz\/?s={search_term_string}"},"query-input":{"@type":"PropertyValueSpecification","valueRequired":true,"valueName":"search_term_string"}}],"inLanguage":"en-US"}]}},"_links":{"self":[{"href":"https:\/\/dev.tolio.co.nz\/en\/wp-json\/wp\/v2\/product\/12495","targetHints":{"allow":["GET"]}}],"collection":[{"href":"https:\/\/dev.tolio.co.nz\/en\/wp-json\/wp\/v2\/product"}],"about":[{"href":"https:\/\/dev.tolio.co.nz\/en\/wp-json\/wp\/v2\/types\/product"}],"replies":[{"embeddable":true,"href":"https:\/\/dev.tolio.co.nz\/en\/wp-json\/wp\/v2\/comments?post=12495"}],"wp:featuredmedia":[{"embeddable":true,"href":"https:\/\/dev.tolio.co.nz\/en\/wp-json\/wp\/v2\/media\/20717"}],"wp:attachment":[{"href":"https:\/\/dev.tolio.co.nz\/en\/wp-json\/wp\/v2\/media?parent=12495"}],"wp:term":[{"taxonomy":"product_brand","embeddable":true,"href":"https:\/\/dev.tolio.co.nz\/en\/wp-json\/wp\/v2\/product_brand?post=12495"},{"taxonomy":"product_cat","embeddable":true,"href":"https:\/\/dev.tolio.co.nz\/en\/wp-json\/wp\/v2\/product_cat?post=12495"},{"taxonomy":"product_tag","embeddable":true,"href":"https:\/\/dev.tolio.co.nz\/en\/wp-json\/wp\/v2\/product_tag?post=12495"}],"curies":[{"name":"wp","href":"https:\/\/api.w.org\/{rel}","templated":true}]}}