{"id":13711,"date":"2024-01-27T14:52:07","date_gmt":"2024-01-27T02:07:07","guid":{"rendered":"https:\/\/tolio.co.nz\/?post_type=product&#038;p=13711"},"modified":"2025-09-11T16:01:11","modified_gmt":"2025-09-11T04:01:11","slug":"xot-gia-cay-barona-goi-80g","status":"publish","type":"product","link":"https:\/\/dev.tolio.co.nz\/en\/product\/barona-spicy-sauce-80g\/","title":{"rendered":"X\u1ed1t gi\u1ea3 c\u1ea7y Barona g\u00f3i 80g"},"content":{"rendered":"<p><strong>Gia v\u1ecb n\u00eam s\u1eb5n Barona<\/strong> \u0111\u01b0\u1ee3c s\u1ea3n xu\u1ea5t tr\u00ean d\u00e2y chuy\u1ec1n kh\u00e9p k\u00edn, \u0111\u00e1p \u1ee9ng ti\u00eau chu\u1ea9n ch\u1ea5t l\u01b0\u1ee3ng cao. X\u1ed1t gia v\u1ecb ho\u00e0n ch\u1ec9nh gi\u1ea3 c\u1ea7y Barona g\u00f3i 80g l\u00e0 lo\u1ea1i gia v\u1ecb n\u00eam s\u1eb5n chi\u1ebft xu\u1ea5t t\u1eeb rau qu\u1ea3 t\u01b0\u01a1i: Ri\u1ec1ng, h\u00e0nh t\u00e2y, t\u1ecfi, ngh\u1ec7, c\u00e0 chua, h\u00e0nh l\u00e1 gi\u00fap h\u01b0\u01a1ng v\u1ecb t\u01b0\u01a1i ngon t\u1ef1 nhi\u00ean..<\/p>\n<p><strong>H\u01b0\u1edbng d\u1eabn s\u1eed d\u1ee5ng:<\/strong><\/p>\n<ul>\n<li>B\u01b0\u1edbc 1: Kh\u00f2 th\u1ecbt cho \u0111\u1ebfn khi da chuy\u1ec3n m\u00e0u n\u00e2u nh\u1eb9. C\u1ea1o ph\u1ea7n ch\u00e1y x\u00e9m, r\u1eeda s\u1ea1ch v\u00e0 ch\u1eb7t mi\u1ebfng v\u1eeba \u0103n.<\/li>\n<li>B\u01b0\u1edbc 2: \u01af\u1edbp th\u1ecbt v\u1edbi 1 g\u00f3i X\u1ed1t Gia V\u1ecb Ho\u00e0n Ch\u1ec9nh Barona &#8211; Gi\u1ea3 C\u1ea7y v\u00e0 ri\u1ec1ng \u0111\u00e3 gi\u00e3 nhuy\u1ec5n trong 30 ph\u00fat (C\u00f3 th\u1ec3 th\u00eam m\u1ebb \u0111\u1ec3 t\u0103ng h\u01b0\u01a1ng v\u1ecb cho m\u00f3n \u0103n).<\/li>\n<li>B\u01b0\u1edbc 3: Cho th\u1ecbt v\u00e0o x\u00e0o s\u0103n, th\u00eam n\u01b0\u1edbc ng\u1eadp m\u1eb7t th\u1ecbt v\u00e0 \u0111un s\u00f4i. N\u1ea5u v\u1edbi l\u1eeda nh\u1ecf cho \u0111\u1ebfn khi th\u1ecbt v\u1eeba ch\u00edn m\u1ec1m l\u00e0 d\u00f9ng \u0111\u01b0\u1ee3c.<\/li>\n<\/ul>\n<p><strong>B\u1ea3o qu\u1ea3n:<\/strong><\/p>\n<ul>\n<li>B\u1ea3o qu\u1ea3n n\u01a1i kh\u00f4 r\u00e1o, tho\u00e1ng m\u00e1t, tr\u00e1nh \u00e1nh n\u1eafng tr\u1ef1c ti\u1ebfp v\u00e0 b\u1ea3o qu\u1ea3n trong ng\u0103n m\u00e1t t\u1ee7 l\u1ea1nh sau khi m\u1edf bao b\u00ec<\/li>\n<\/ul>\n<p>&nbsp;<\/p>\n<p>&nbsp;<\/p>","protected":false},"excerpt":{"rendered":"<ul>\n<li>Th\u01b0\u01a1ng hi\u1ec7u: Barona<\/li>\n<li>Xu\u1ea5t x\u1ee9 th\u01b0\u01a1ng hi\u1ec7u: Vi\u1ec7t Nam<\/li>\n<li>Quy c\u00e1ch \u0111\u00f3ng g\u00f3i: g\u00f3i 80g, 20 g\u00f3i\/h\u1ed9p, 4 h\u1ed9p\/th\u00f9ng<\/li>\n<li>L\u01b0u \u00fd: Bao b\u00ec s\u1ea3n ph\u1ea9m c\u00f3 th\u1ec3 thay \u0111\u1ed5i theo t\u1eebng \u0111\u1ee3t nh\u1eadp h\u00e0ng<\/li>\n<\/ul>","protected":false},"featured_media":21031,"comment_status":"open","ping_status":"closed","template":"","meta":[],"product_brand":[],"product_cat":[33,481,31],"product_tag":[252,765],"class_list":{"0":"post-13711","1":"product","2":"type-product","3":"status-publish","4":"has-post-thumbnail","6":"product_cat-gia-vi","7":"product_cat-gia-vi-hoan-chinh","8":"product_cat-hang-moi-ve","9":"product_tag-xot-barona","10":"product_tag-xot-gia-cay","11":"pa_thuong-hieu-barona","13":"first","14":"outofstock","15":"shipping-taxable","16":"purchasable","17":"product-type-simple"},"yoast_head":"<!-- This site is optimized with the Yoast SEO plugin v24.4 - https:\/\/yoast.com\/wordpress\/plugins\/seo\/ -->\n<title>X\u1ed1t gi\u1ea3 c\u1ea7y Barona g\u00f3i 80g - TOLIO<\/title>\n<meta name=\"description\" content=\"Th\u01b0\u01a1ng hi\u1ec7u: Barona  Xu\u1ea5t x\u1ee9 th\u01b0\u01a1ng hi\u1ec7u: Vi\u1ec7t Nam  Quy c\u00e1ch \u0111\u00f3ng g\u00f3i: g\u00f3i 80g, 20 g\u00f3i\/h\u1ed9p, 4 h\u1ed9p\/th\u00f9ng  L\u01b0u \u00fd: Bao b\u00ec s\u1ea3n ph\u1ea9m c\u00f3 th\u1ec3 thay \u0111\u1ed5i theo t\u1eebng \u0111\u1ee3t nh\u1eadp h\u00e0ng\" \/>\n<meta name=\"robots\" content=\"index, follow, max-snippet:-1, max-image-preview:large, max-video-preview:-1\" \/>\n<link rel=\"canonical\" href=\"https:\/\/dev.tolio.co.nz\/en\/product\/barona-spicy-sauce-80g\/\" \/>\n<meta property=\"og:locale\" content=\"en_US\" \/>\n<meta property=\"og:type\" content=\"article\" \/>\n<meta property=\"og:title\" content=\"X\u1ed1t gi\u1ea3 c\u1ea7y Barona g\u00f3i 80g - TOLIO\" \/>\n<meta property=\"og:description\" content=\"Th\u01b0\u01a1ng hi\u1ec7u: Barona  Xu\u1ea5t x\u1ee9 th\u01b0\u01a1ng hi\u1ec7u: Vi\u1ec7t Nam  Quy c\u00e1ch \u0111\u00f3ng g\u00f3i: g\u00f3i 80g, 20 g\u00f3i\/h\u1ed9p, 4 h\u1ed9p\/th\u00f9ng  L\u01b0u \u00fd: Bao b\u00ec s\u1ea3n ph\u1ea9m c\u00f3 th\u1ec3 thay \u0111\u1ed5i theo t\u1eebng \u0111\u1ee3t nh\u1eadp h\u00e0ng\" \/>\n<meta property=\"og:url\" content=\"https:\/\/dev.tolio.co.nz\/en\/product\/barona-spicy-sauce-80g\/\" \/>\n<meta property=\"og:site_name\" content=\"TOLIO\" \/>\n<meta property=\"article:modified_time\" content=\"2025-09-11T04:01:11+00:00\" \/>\n<meta property=\"og:image\" content=\"https:\/\/dev.tolio.co.nz\/wp-content\/uploads\/2024\/01\/25.png\" \/>\n\t<meta property=\"og:image:width\" content=\"1000\" \/>\n\t<meta property=\"og:image:height\" content=\"907\" \/>\n\t<meta property=\"og:image:type\" content=\"image\/png\" \/>\n<meta name=\"twitter:card\" content=\"summary_large_image\" \/>\n<meta name=\"twitter:label1\" content=\"Est. reading time\" \/>\n\t<meta name=\"twitter:data1\" content=\"1 minute\" \/>\n<script type=\"application\/ld+json\" class=\"yoast-schema-graph\">{\"@context\":\"https:\/\/schema.org\",\"@graph\":[{\"@type\":\"WebPage\",\"@id\":\"https:\/\/dev.tolio.co.nz\/san-pham\/xot-gia-cay-barona-goi-80g\/\",\"url\":\"https:\/\/dev.tolio.co.nz\/san-pham\/xot-gia-cay-barona-goi-80g\/\",\"name\":\"X\u1ed1t gi\u1ea3 c\u1ea7y Barona g\u00f3i 80g - TOLIO\",\"isPartOf\":{\"@id\":\"https:\/\/dev.tolio.co.nz\/#website\"},\"primaryImageOfPage\":{\"@id\":\"https:\/\/dev.tolio.co.nz\/san-pham\/xot-gia-cay-barona-goi-80g\/#primaryimage\"},\"image\":{\"@id\":\"https:\/\/dev.tolio.co.nz\/san-pham\/xot-gia-cay-barona-goi-80g\/#primaryimage\"},\"thumbnailUrl\":\"https:\/\/dev.tolio.co.nz\/wp-content\/uploads\/2024\/01\/25.png\",\"datePublished\":\"2024-01-27T02:07:07+00:00\",\"dateModified\":\"2025-09-11T04:01:11+00:00\",\"description\":\"Th\u01b0\u01a1ng hi\u1ec7u: Barona Xu\u1ea5t x\u1ee9 th\u01b0\u01a1ng hi\u1ec7u: Vi\u1ec7t Nam Quy c\u00e1ch \u0111\u00f3ng g\u00f3i: g\u00f3i 80g, 20 g\u00f3i\/h\u1ed9p, 4 h\u1ed9p\/th\u00f9ng L\u01b0u \u00fd: Bao b\u00ec s\u1ea3n ph\u1ea9m c\u00f3 th\u1ec3 thay \u0111\u1ed5i theo t\u1eebng \u0111\u1ee3t nh\u1eadp h\u00e0ng\",\"breadcrumb\":{\"@id\":\"https:\/\/dev.tolio.co.nz\/san-pham\/xot-gia-cay-barona-goi-80g\/#breadcrumb\"},\"inLanguage\":\"en-US\",\"potentialAction\":[{\"@type\":\"ReadAction\",\"target\":[\"https:\/\/dev.tolio.co.nz\/san-pham\/xot-gia-cay-barona-goi-80g\/\"]}]},{\"@type\":\"ImageObject\",\"inLanguage\":\"en-US\",\"@id\":\"https:\/\/dev.tolio.co.nz\/san-pham\/xot-gia-cay-barona-goi-80g\/#primaryimage\",\"url\":\"https:\/\/dev.tolio.co.nz\/wp-content\/uploads\/2024\/01\/25.png\",\"contentUrl\":\"https:\/\/dev.tolio.co.nz\/wp-content\/uploads\/2024\/01\/25.png\",\"width\":1000,\"height\":907},{\"@type\":\"BreadcrumbList\",\"@id\":\"https:\/\/dev.tolio.co.nz\/san-pham\/xot-gia-cay-barona-goi-80g\/#breadcrumb\",\"itemListElement\":[{\"@type\":\"ListItem\",\"position\":1,\"name\":\"Home\",\"item\":\"https:\/\/dev.tolio.co.nz\/\"},{\"@type\":\"ListItem\",\"position\":2,\"name\":\"C\u1eeda h\u00e0ng\",\"item\":\"https:\/\/dev.tolio.co.nz\/cua-hang\/\"},{\"@type\":\"ListItem\",\"position\":3,\"name\":\"X\u1ed1t gi\u1ea3 c\u1ea7y Barona g\u00f3i 80g\"}]},{\"@type\":\"WebSite\",\"@id\":\"https:\/\/dev.tolio.co.nz\/#website\",\"url\":\"https:\/\/dev.tolio.co.nz\/\",\"name\":\"TOLIO\",\"description\":\"Vietnamese Grocery Online\",\"potentialAction\":[{\"@type\":\"SearchAction\",\"target\":{\"@type\":\"EntryPoint\",\"urlTemplate\":\"https:\/\/dev.tolio.co.nz\/?s={search_term_string}\"},\"query-input\":{\"@type\":\"PropertyValueSpecification\",\"valueRequired\":true,\"valueName\":\"search_term_string\"}}],\"inLanguage\":\"en-US\"}]}<\/script>\n<!-- \/ Yoast SEO plugin. -->","yoast_head_json":{"title":"X\u1ed1t gi\u1ea3 c\u1ea7y Barona g\u00f3i 80g - TOLIO","description":"Th\u01b0\u01a1ng hi\u1ec7u: Barona  Xu\u1ea5t x\u1ee9 th\u01b0\u01a1ng hi\u1ec7u: Vi\u1ec7t Nam  Quy c\u00e1ch \u0111\u00f3ng g\u00f3i: g\u00f3i 80g, 20 g\u00f3i\/h\u1ed9p, 4 h\u1ed9p\/th\u00f9ng  L\u01b0u \u00fd: Bao b\u00ec s\u1ea3n ph\u1ea9m c\u00f3 th\u1ec3 thay \u0111\u1ed5i theo t\u1eebng \u0111\u1ee3t nh\u1eadp h\u00e0ng","robots":{"index":"index","follow":"follow","max-snippet":"max-snippet:-1","max-image-preview":"max-image-preview:large","max-video-preview":"max-video-preview:-1"},"canonical":"https:\/\/dev.tolio.co.nz\/en\/product\/barona-spicy-sauce-80g\/","og_locale":"en_US","og_type":"article","og_title":"X\u1ed1t gi\u1ea3 c\u1ea7y Barona g\u00f3i 80g - TOLIO","og_description":"Th\u01b0\u01a1ng hi\u1ec7u: Barona  Xu\u1ea5t x\u1ee9 th\u01b0\u01a1ng hi\u1ec7u: Vi\u1ec7t Nam  Quy c\u00e1ch \u0111\u00f3ng g\u00f3i: g\u00f3i 80g, 20 g\u00f3i\/h\u1ed9p, 4 h\u1ed9p\/th\u00f9ng  L\u01b0u \u00fd: Bao b\u00ec s\u1ea3n ph\u1ea9m c\u00f3 th\u1ec3 thay \u0111\u1ed5i theo t\u1eebng \u0111\u1ee3t nh\u1eadp h\u00e0ng","og_url":"https:\/\/dev.tolio.co.nz\/en\/product\/barona-spicy-sauce-80g\/","og_site_name":"TOLIO","article_modified_time":"2025-09-11T04:01:11+00:00","og_image":[{"width":1000,"height":907,"url":"https:\/\/dev.tolio.co.nz\/wp-content\/uploads\/2024\/01\/25.png","type":"image\/png"}],"twitter_card":"summary_large_image","twitter_misc":{"Est. reading time":"1 minute"},"schema":{"@context":"https:\/\/schema.org","@graph":[{"@type":"WebPage","@id":"https:\/\/dev.tolio.co.nz\/san-pham\/xot-gia-cay-barona-goi-80g\/","url":"https:\/\/dev.tolio.co.nz\/san-pham\/xot-gia-cay-barona-goi-80g\/","name":"X\u1ed1t gi\u1ea3 c\u1ea7y Barona g\u00f3i 80g - TOLIO","isPartOf":{"@id":"https:\/\/dev.tolio.co.nz\/#website"},"primaryImageOfPage":{"@id":"https:\/\/dev.tolio.co.nz\/san-pham\/xot-gia-cay-barona-goi-80g\/#primaryimage"},"image":{"@id":"https:\/\/dev.tolio.co.nz\/san-pham\/xot-gia-cay-barona-goi-80g\/#primaryimage"},"thumbnailUrl":"https:\/\/dev.tolio.co.nz\/wp-content\/uploads\/2024\/01\/25.png","datePublished":"2024-01-27T02:07:07+00:00","dateModified":"2025-09-11T04:01:11+00:00","description":"Th\u01b0\u01a1ng hi\u1ec7u: Barona Xu\u1ea5t x\u1ee9 th\u01b0\u01a1ng hi\u1ec7u: Vi\u1ec7t Nam Quy c\u00e1ch \u0111\u00f3ng g\u00f3i: g\u00f3i 80g, 20 g\u00f3i\/h\u1ed9p, 4 h\u1ed9p\/th\u00f9ng L\u01b0u \u00fd: Bao b\u00ec s\u1ea3n ph\u1ea9m c\u00f3 th\u1ec3 thay \u0111\u1ed5i theo t\u1eebng \u0111\u1ee3t nh\u1eadp h\u00e0ng","breadcrumb":{"@id":"https:\/\/dev.tolio.co.nz\/san-pham\/xot-gia-cay-barona-goi-80g\/#breadcrumb"},"inLanguage":"en-US","potentialAction":[{"@type":"ReadAction","target":["https:\/\/dev.tolio.co.nz\/san-pham\/xot-gia-cay-barona-goi-80g\/"]}]},{"@type":"ImageObject","inLanguage":"en-US","@id":"https:\/\/dev.tolio.co.nz\/san-pham\/xot-gia-cay-barona-goi-80g\/#primaryimage","url":"https:\/\/dev.tolio.co.nz\/wp-content\/uploads\/2024\/01\/25.png","contentUrl":"https:\/\/dev.tolio.co.nz\/wp-content\/uploads\/2024\/01\/25.png","width":1000,"height":907},{"@type":"BreadcrumbList","@id":"https:\/\/dev.tolio.co.nz\/san-pham\/xot-gia-cay-barona-goi-80g\/#breadcrumb","itemListElement":[{"@type":"ListItem","position":1,"name":"Home","item":"https:\/\/dev.tolio.co.nz\/"},{"@type":"ListItem","position":2,"name":"C\u1eeda h\u00e0ng","item":"https:\/\/dev.tolio.co.nz\/cua-hang\/"},{"@type":"ListItem","position":3,"name":"X\u1ed1t gi\u1ea3 c\u1ea7y Barona g\u00f3i 80g"}]},{"@type":"WebSite","@id":"https:\/\/dev.tolio.co.nz\/#website","url":"https:\/\/dev.tolio.co.nz\/","name":"TOLIO","description":"Vietnamese Grocery Online","potentialAction":[{"@type":"SearchAction","target":{"@type":"EntryPoint","urlTemplate":"https:\/\/dev.tolio.co.nz\/?s={search_term_string}"},"query-input":{"@type":"PropertyValueSpecification","valueRequired":true,"valueName":"search_term_string"}}],"inLanguage":"en-US"}]}},"_links":{"self":[{"href":"https:\/\/dev.tolio.co.nz\/en\/wp-json\/wp\/v2\/product\/13711","targetHints":{"allow":["GET"]}}],"collection":[{"href":"https:\/\/dev.tolio.co.nz\/en\/wp-json\/wp\/v2\/product"}],"about":[{"href":"https:\/\/dev.tolio.co.nz\/en\/wp-json\/wp\/v2\/types\/product"}],"replies":[{"embeddable":true,"href":"https:\/\/dev.tolio.co.nz\/en\/wp-json\/wp\/v2\/comments?post=13711"}],"wp:featuredmedia":[{"embeddable":true,"href":"https:\/\/dev.tolio.co.nz\/en\/wp-json\/wp\/v2\/media\/21031"}],"wp:attachment":[{"href":"https:\/\/dev.tolio.co.nz\/en\/wp-json\/wp\/v2\/media?parent=13711"}],"wp:term":[{"taxonomy":"product_brand","embeddable":true,"href":"https:\/\/dev.tolio.co.nz\/en\/wp-json\/wp\/v2\/product_brand?post=13711"},{"taxonomy":"product_cat","embeddable":true,"href":"https:\/\/dev.tolio.co.nz\/en\/wp-json\/wp\/v2\/product_cat?post=13711"},{"taxonomy":"product_tag","embeddable":true,"href":"https:\/\/dev.tolio.co.nz\/en\/wp-json\/wp\/v2\/product_tag?post=13711"}],"curies":[{"name":"wp","href":"https:\/\/api.w.org\/{rel}","templated":true}]}}