{"id":13718,"date":"2024-01-27T16:37:08","date_gmt":"2024-01-27T03:52:08","guid":{"rendered":"https:\/\/tolio.co.nz\/?post_type=product&#038;p=13718"},"modified":"2025-09-11T16:01:14","modified_gmt":"2025-09-11T04:01:14","slug":"muoi-o-mai-ba-thu-100g","status":"publish","type":"product","link":"https:\/\/dev.tolio.co.nz\/en\/product\/100g-tomorrow-morning\/","title":{"rendered":"Mu\u1ed1i \u00f4 mai B\u00e0 Thu 100g"},"content":{"rendered":"<p><strong>Mu\u1ed1i \u00f4 mai B\u00e0 Thu 100g<\/strong> l\u00e0 lo\u1ea1i mu\u1ed1i \u1edbt kh\u00e1 \u0111\u1ed9c \u0111\u00e1o d\u00f9ng \u0111\u1ec3 ch\u1ea5m hoa qu\u1ea3 t\u01b0\u01a1i ho\u1eb7c kh\u00f4. Mu\u1ed1i kh\u00f4ng c\u00f3 nhi\u1ec1u v\u1ecb n\u00ean khi \u0103n th\u1ea5y v\u1ecb ng\u1ecdt m\u1eb7n nh\u01b0ng thanh, theo phong c\u00e1ch \u1ea9m th\u1ef1c ng\u01b0\u1eddi H\u00e0 N\u1ed9i c\u1ed5. C\u00e1c nguy\u00ean li\u1ec7u ho\u00e0 qu\u1ec7n h\u1ee3p l\u00fd t\u1ea1o n\u00ean m\u1ed9t h\u01b0\u01a1ng v\u1ecb r\u1ea5t \u0111\u1eb7c tr\u01b0ng \u0111\u1ed9c \u0111\u00e1o c\u1ee7a OMAI BA THU. Mu\u1ed1i \u1edbt \u00f4 mai l\u00e0 s\u1ea3n ph\u1ea9m c\u00f3 v\u1ecb \u00f4 mai ho\u00e0n to\u00e0n t\u1ef1 nhi\u00ean, kh\u00f4ng d\u00f9ng acid chanh m\u00e0 d\u00f9ng ch\u00ednh n\u01b0\u1edbc c\u1ed1t \u00f4 mai \u0111\u01b0\u1ee3c thu t\u1eeb ho\u1ea1t \u0111\u1ed9ng mu\u1ed1i hoa qu\u1ea3 (n\u1ebfu kh\u00f4ng tr\u1ef1c ti\u1ebfp s\u1ea3n xu\u1ea5t kh\u00f4ng th\u1ec3 thu \u0111\u01b0\u1ee3c lo\u1ea1i n\u01b0\u1edbc c\u1ed1t n\u00e0y), k\u1ebft h\u1ee3p \u00f4 mai kh\u00f4 nhuy\u1ec5n. Do v\u1eady, khi \u0103n lo\u1ea1i mu\u1ed1i n\u00e0y c\u00f3 v\u1ecb chua d\u1ecbu t\u1ef1 nhi\u00ean, v\u1ecb th\u01a1m c\u1ee7a \u00f4 mai, khi \u0103n v\u1edbi c\u00e1c lo\u1ea1i hoa qu\u1ea3 nh\u1ea1t s\u1ebd \u0111em l\u1ea1i c\u1ea3m gi\u00e1c th\u1eadt tuy\u1ec7t v\u1eddi.<\/p>\n<p><strong>H\u01b0\u1edbng d\u1eabn s\u1eed d\u1ee5ng:<\/strong><\/p>\n<ul>\n<li>D\u00f9ng \u0111\u1ec3 ch\u1ea5m hoa qu\u1ea3 t\u01b0\u01a1i ho\u1eb7c kh\u00f4.<\/li>\n<\/ul>\n<p><strong>B\u1ea3o qu\u1ea3n:<\/strong><\/p>\n<ul>\n<li>B\u1ea3o qu\u1ea3n n\u01a1i kh\u00f4 r\u00e1o, tho\u00e1ng m\u00e1t v\u00e0 tr\u00e1nh \u00e1nh n\u1eafng tr\u1ef1c ti\u1ebfp. \u0110\u1eady k\u00edn n\u1eafp sau khi s\u1eed d\u1ee5ng<\/li>\n<\/ul>","protected":false},"excerpt":{"rendered":"<ul>\n<li>Th\u01b0\u01a1ng hi\u1ec7u: B\u00e0 Thu<\/li>\n<li>Xu\u1ea5t x\u1ee9 th\u01b0\u01a1ng hi\u1ec7u: Vi\u1ec7t Nam<\/li>\n<li>Quy c\u00e1ch \u0111\u00f3ng g\u00f3i:\u00a0 L\u1ecd 100g<\/li>\n<li>L\u01b0u \u00fd: Bao b\u00ec s\u1ea3n ph\u1ea9m c\u00f3 th\u1ec3 thay \u0111\u1ed5i theo t\u1eebng \u0111\u1ee3t nh\u1eadp h\u00e0ng.<\/li>\n<\/ul>","protected":false},"featured_media":23842,"comment_status":"open","ping_status":"closed","template":"","meta":[],"product_brand":[],"product_cat":[33,480,35,31],"product_tag":[768],"class_list":{"0":"post-13718","1":"product","2":"type-product","3":"status-publish","4":"has-post-thumbnail","6":"product_cat-gia-vi","7":"product_cat-hat-nem-bot-ngot-bot-canh","8":"product_cat-banh-keo","9":"product_cat-hang-moi-ve","10":"product_tag-muoi-o-mai","11":"pa_thuong-hieu-ba-thu","13":"first","14":"instock","15":"shipping-taxable","16":"purchasable","17":"product-type-simple"},"yoast_head":"<!-- This site is optimized with the Yoast SEO plugin v24.4 - https:\/\/yoast.com\/wordpress\/plugins\/seo\/ -->\n<title>Mu\u1ed1i \u00f4 mai B\u00e0 Thu 100g - TOLIO<\/title>\n<meta name=\"description\" content=\"Th\u01b0\u01a1ng hi\u1ec7u: B\u00e0 Thu  Xu\u1ea5t x\u1ee9 th\u01b0\u01a1ng hi\u1ec7u: Vi\u1ec7t Nam  Quy c\u00e1ch \u0111\u00f3ng g\u00f3i:\u00a0 L\u1ecd 100g  L\u01b0u \u00fd: Bao b\u00ec s\u1ea3n ph\u1ea9m c\u00f3 th\u1ec3 thay \u0111\u1ed5i theo t\u1eebng \u0111\u1ee3t nh\u1eadp h\u00e0ng.\" \/>\n<meta name=\"robots\" content=\"index, follow, max-snippet:-1, max-image-preview:large, max-video-preview:-1\" \/>\n<link rel=\"canonical\" href=\"https:\/\/dev.tolio.co.nz\/en\/product\/100g-tomorrow-morning\/\" \/>\n<meta property=\"og:locale\" content=\"en_US\" \/>\n<meta property=\"og:type\" content=\"article\" \/>\n<meta property=\"og:title\" content=\"Mu\u1ed1i \u00f4 mai B\u00e0 Thu 100g - TOLIO\" \/>\n<meta property=\"og:description\" content=\"Th\u01b0\u01a1ng hi\u1ec7u: B\u00e0 Thu  Xu\u1ea5t x\u1ee9 th\u01b0\u01a1ng hi\u1ec7u: Vi\u1ec7t Nam  Quy c\u00e1ch \u0111\u00f3ng g\u00f3i:\u00a0 L\u1ecd 100g  L\u01b0u \u00fd: Bao b\u00ec s\u1ea3n ph\u1ea9m c\u00f3 th\u1ec3 thay \u0111\u1ed5i theo t\u1eebng \u0111\u1ee3t nh\u1eadp h\u00e0ng.\" \/>\n<meta property=\"og:url\" content=\"https:\/\/dev.tolio.co.nz\/en\/product\/100g-tomorrow-morning\/\" \/>\n<meta property=\"og:site_name\" content=\"TOLIO\" \/>\n<meta property=\"article:modified_time\" content=\"2025-09-11T04:01:14+00:00\" \/>\n<meta property=\"og:image\" content=\"https:\/\/dev.tolio.co.nz\/wp-content\/uploads\/2024\/01\/51.png\" \/>\n\t<meta property=\"og:image:width\" content=\"1000\" \/>\n\t<meta property=\"og:image:height\" content=\"907\" \/>\n\t<meta property=\"og:image:type\" content=\"image\/png\" \/>\n<meta name=\"twitter:card\" content=\"summary_large_image\" \/>\n<meta name=\"twitter:label1\" content=\"Est. reading time\" \/>\n\t<meta name=\"twitter:data1\" content=\"1 minute\" \/>\n<script type=\"application\/ld+json\" class=\"yoast-schema-graph\">{\"@context\":\"https:\/\/schema.org\",\"@graph\":[{\"@type\":\"WebPage\",\"@id\":\"https:\/\/dev.tolio.co.nz\/san-pham\/muoi-o-mai-ba-thu-100g\/\",\"url\":\"https:\/\/dev.tolio.co.nz\/san-pham\/muoi-o-mai-ba-thu-100g\/\",\"name\":\"Mu\u1ed1i \u00f4 mai B\u00e0 Thu 100g - TOLIO\",\"isPartOf\":{\"@id\":\"https:\/\/dev.tolio.co.nz\/#website\"},\"primaryImageOfPage\":{\"@id\":\"https:\/\/dev.tolio.co.nz\/san-pham\/muoi-o-mai-ba-thu-100g\/#primaryimage\"},\"image\":{\"@id\":\"https:\/\/dev.tolio.co.nz\/san-pham\/muoi-o-mai-ba-thu-100g\/#primaryimage\"},\"thumbnailUrl\":\"https:\/\/dev.tolio.co.nz\/wp-content\/uploads\/2024\/01\/51.png\",\"datePublished\":\"2024-01-27T03:52:08+00:00\",\"dateModified\":\"2025-09-11T04:01:14+00:00\",\"description\":\"Th\u01b0\u01a1ng hi\u1ec7u: B\u00e0 Thu Xu\u1ea5t x\u1ee9 th\u01b0\u01a1ng hi\u1ec7u: Vi\u1ec7t Nam Quy c\u00e1ch \u0111\u00f3ng g\u00f3i:\u00a0 L\u1ecd 100g L\u01b0u \u00fd: Bao b\u00ec s\u1ea3n ph\u1ea9m c\u00f3 th\u1ec3 thay \u0111\u1ed5i theo t\u1eebng \u0111\u1ee3t nh\u1eadp h\u00e0ng.\",\"breadcrumb\":{\"@id\":\"https:\/\/dev.tolio.co.nz\/san-pham\/muoi-o-mai-ba-thu-100g\/#breadcrumb\"},\"inLanguage\":\"en-US\",\"potentialAction\":[{\"@type\":\"ReadAction\",\"target\":[\"https:\/\/dev.tolio.co.nz\/san-pham\/muoi-o-mai-ba-thu-100g\/\"]}]},{\"@type\":\"ImageObject\",\"inLanguage\":\"en-US\",\"@id\":\"https:\/\/dev.tolio.co.nz\/san-pham\/muoi-o-mai-ba-thu-100g\/#primaryimage\",\"url\":\"https:\/\/dev.tolio.co.nz\/wp-content\/uploads\/2024\/01\/51.png\",\"contentUrl\":\"https:\/\/dev.tolio.co.nz\/wp-content\/uploads\/2024\/01\/51.png\",\"width\":1000,\"height\":907},{\"@type\":\"BreadcrumbList\",\"@id\":\"https:\/\/dev.tolio.co.nz\/san-pham\/muoi-o-mai-ba-thu-100g\/#breadcrumb\",\"itemListElement\":[{\"@type\":\"ListItem\",\"position\":1,\"name\":\"Home\",\"item\":\"https:\/\/dev.tolio.co.nz\/\"},{\"@type\":\"ListItem\",\"position\":2,\"name\":\"C\u1eeda h\u00e0ng\",\"item\":\"https:\/\/dev.tolio.co.nz\/cua-hang\/\"},{\"@type\":\"ListItem\",\"position\":3,\"name\":\"Mu\u1ed1i \u00f4 mai B\u00e0 Thu 100g\"}]},{\"@type\":\"WebSite\",\"@id\":\"https:\/\/dev.tolio.co.nz\/#website\",\"url\":\"https:\/\/dev.tolio.co.nz\/\",\"name\":\"TOLIO\",\"description\":\"Vietnamese Grocery Online\",\"potentialAction\":[{\"@type\":\"SearchAction\",\"target\":{\"@type\":\"EntryPoint\",\"urlTemplate\":\"https:\/\/dev.tolio.co.nz\/?s={search_term_string}\"},\"query-input\":{\"@type\":\"PropertyValueSpecification\",\"valueRequired\":true,\"valueName\":\"search_term_string\"}}],\"inLanguage\":\"en-US\"}]}<\/script>\n<!-- \/ Yoast SEO plugin. -->","yoast_head_json":{"title":"Mu\u1ed1i \u00f4 mai B\u00e0 Thu 100g - TOLIO","description":"Th\u01b0\u01a1ng hi\u1ec7u: B\u00e0 Thu  Xu\u1ea5t x\u1ee9 th\u01b0\u01a1ng hi\u1ec7u: Vi\u1ec7t Nam  Quy c\u00e1ch \u0111\u00f3ng g\u00f3i:\u00a0 L\u1ecd 100g  L\u01b0u \u00fd: Bao b\u00ec s\u1ea3n ph\u1ea9m c\u00f3 th\u1ec3 thay \u0111\u1ed5i theo t\u1eebng \u0111\u1ee3t nh\u1eadp h\u00e0ng.","robots":{"index":"index","follow":"follow","max-snippet":"max-snippet:-1","max-image-preview":"max-image-preview:large","max-video-preview":"max-video-preview:-1"},"canonical":"https:\/\/dev.tolio.co.nz\/en\/product\/100g-tomorrow-morning\/","og_locale":"en_US","og_type":"article","og_title":"Mu\u1ed1i \u00f4 mai B\u00e0 Thu 100g - TOLIO","og_description":"Th\u01b0\u01a1ng hi\u1ec7u: B\u00e0 Thu  Xu\u1ea5t x\u1ee9 th\u01b0\u01a1ng hi\u1ec7u: Vi\u1ec7t Nam  Quy c\u00e1ch \u0111\u00f3ng g\u00f3i:\u00a0 L\u1ecd 100g  L\u01b0u \u00fd: Bao b\u00ec s\u1ea3n ph\u1ea9m c\u00f3 th\u1ec3 thay \u0111\u1ed5i theo t\u1eebng \u0111\u1ee3t nh\u1eadp h\u00e0ng.","og_url":"https:\/\/dev.tolio.co.nz\/en\/product\/100g-tomorrow-morning\/","og_site_name":"TOLIO","article_modified_time":"2025-09-11T04:01:14+00:00","og_image":[{"width":1000,"height":907,"url":"https:\/\/dev.tolio.co.nz\/wp-content\/uploads\/2024\/01\/51.png","type":"image\/png"}],"twitter_card":"summary_large_image","twitter_misc":{"Est. reading time":"1 minute"},"schema":{"@context":"https:\/\/schema.org","@graph":[{"@type":"WebPage","@id":"https:\/\/dev.tolio.co.nz\/san-pham\/muoi-o-mai-ba-thu-100g\/","url":"https:\/\/dev.tolio.co.nz\/san-pham\/muoi-o-mai-ba-thu-100g\/","name":"Mu\u1ed1i \u00f4 mai B\u00e0 Thu 100g - TOLIO","isPartOf":{"@id":"https:\/\/dev.tolio.co.nz\/#website"},"primaryImageOfPage":{"@id":"https:\/\/dev.tolio.co.nz\/san-pham\/muoi-o-mai-ba-thu-100g\/#primaryimage"},"image":{"@id":"https:\/\/dev.tolio.co.nz\/san-pham\/muoi-o-mai-ba-thu-100g\/#primaryimage"},"thumbnailUrl":"https:\/\/dev.tolio.co.nz\/wp-content\/uploads\/2024\/01\/51.png","datePublished":"2024-01-27T03:52:08+00:00","dateModified":"2025-09-11T04:01:14+00:00","description":"Th\u01b0\u01a1ng hi\u1ec7u: B\u00e0 Thu Xu\u1ea5t x\u1ee9 th\u01b0\u01a1ng hi\u1ec7u: Vi\u1ec7t Nam Quy c\u00e1ch \u0111\u00f3ng g\u00f3i:\u00a0 L\u1ecd 100g L\u01b0u \u00fd: Bao b\u00ec s\u1ea3n ph\u1ea9m c\u00f3 th\u1ec3 thay \u0111\u1ed5i theo t\u1eebng \u0111\u1ee3t nh\u1eadp h\u00e0ng.","breadcrumb":{"@id":"https:\/\/dev.tolio.co.nz\/san-pham\/muoi-o-mai-ba-thu-100g\/#breadcrumb"},"inLanguage":"en-US","potentialAction":[{"@type":"ReadAction","target":["https:\/\/dev.tolio.co.nz\/san-pham\/muoi-o-mai-ba-thu-100g\/"]}]},{"@type":"ImageObject","inLanguage":"en-US","@id":"https:\/\/dev.tolio.co.nz\/san-pham\/muoi-o-mai-ba-thu-100g\/#primaryimage","url":"https:\/\/dev.tolio.co.nz\/wp-content\/uploads\/2024\/01\/51.png","contentUrl":"https:\/\/dev.tolio.co.nz\/wp-content\/uploads\/2024\/01\/51.png","width":1000,"height":907},{"@type":"BreadcrumbList","@id":"https:\/\/dev.tolio.co.nz\/san-pham\/muoi-o-mai-ba-thu-100g\/#breadcrumb","itemListElement":[{"@type":"ListItem","position":1,"name":"Home","item":"https:\/\/dev.tolio.co.nz\/"},{"@type":"ListItem","position":2,"name":"C\u1eeda h\u00e0ng","item":"https:\/\/dev.tolio.co.nz\/cua-hang\/"},{"@type":"ListItem","position":3,"name":"Mu\u1ed1i \u00f4 mai B\u00e0 Thu 100g"}]},{"@type":"WebSite","@id":"https:\/\/dev.tolio.co.nz\/#website","url":"https:\/\/dev.tolio.co.nz\/","name":"TOLIO","description":"Vietnamese Grocery Online","potentialAction":[{"@type":"SearchAction","target":{"@type":"EntryPoint","urlTemplate":"https:\/\/dev.tolio.co.nz\/?s={search_term_string}"},"query-input":{"@type":"PropertyValueSpecification","valueRequired":true,"valueName":"search_term_string"}}],"inLanguage":"en-US"}]}},"_links":{"self":[{"href":"https:\/\/dev.tolio.co.nz\/en\/wp-json\/wp\/v2\/product\/13718","targetHints":{"allow":["GET"]}}],"collection":[{"href":"https:\/\/dev.tolio.co.nz\/en\/wp-json\/wp\/v2\/product"}],"about":[{"href":"https:\/\/dev.tolio.co.nz\/en\/wp-json\/wp\/v2\/types\/product"}],"replies":[{"embeddable":true,"href":"https:\/\/dev.tolio.co.nz\/en\/wp-json\/wp\/v2\/comments?post=13718"}],"wp:featuredmedia":[{"embeddable":true,"href":"https:\/\/dev.tolio.co.nz\/en\/wp-json\/wp\/v2\/media\/23842"}],"wp:attachment":[{"href":"https:\/\/dev.tolio.co.nz\/en\/wp-json\/wp\/v2\/media?parent=13718"}],"wp:term":[{"taxonomy":"product_brand","embeddable":true,"href":"https:\/\/dev.tolio.co.nz\/en\/wp-json\/wp\/v2\/product_brand?post=13718"},{"taxonomy":"product_cat","embeddable":true,"href":"https:\/\/dev.tolio.co.nz\/en\/wp-json\/wp\/v2\/product_cat?post=13718"},{"taxonomy":"product_tag","embeddable":true,"href":"https:\/\/dev.tolio.co.nz\/en\/wp-json\/wp\/v2\/product_tag?post=13718"}],"curies":[{"name":"wp","href":"https:\/\/api.w.org\/{rel}","templated":true}]}}