{"id":13734,"date":"2024-01-27T17:38:00","date_gmt":"2024-01-27T04:53:00","guid":{"rendered":"https:\/\/tolio.co.nz\/?post_type=product&#038;p=13734"},"modified":"2025-09-11T16:01:12","modified_gmt":"2025-09-11T04:01:12","slug":"tui-6-vien-canh-an-lien-isoup-cai-xoong-nau-thit-7g","status":"publish","type":"product","link":"https:\/\/dev.tolio.co.nz\/en\/product\/i-have-6-pieces-of-soup-and-lien-isoup-7g-of-cooking-pot\/","title":{"rendered":"T\u00fai 6 vi\u00ean canh \u0103n li\u1ec1n iSoup: c\u1ea3i xoong n\u1ea5u th\u1ecbt 7g"},"content":{"rendered":"<p><strong>Vi\u00ean canh \u0103n li\u1ec1n iSoup: c\u1ea3i xoong n\u1ea5u th\u1ecbt 7g <\/strong>\u0111\u01b0\u1ee3c l\u00e0m t\u1eeb nh\u1eefng nguy\u00ean li\u1ec7u t\u1ef1 nhi\u00ean, \u0111\u1ea3m b\u1ea3o an to\u00e0n nh\u01b0 c\u1ea3i xoong, th\u1ecbt heo v\u00e0 c\u00e1c gia v\u1ecb, vi\u00ean canh s\u1ea5y th\u0103ng hoa r\u1ea5t ti\u1ec7n l\u1ee3i s\u1eed d\u1ee5ng.<\/p>\n<p><strong>H\u01b0\u1edbng d\u1eabn s\u1eed d\u1ee5ng:<\/strong><\/p>\n<ul>\n<li>L\u1ea5y vi\u00ean s\u00fap kh\u1ecfi bao b\u00ec v\u00e0 cho v\u00e0o ch\u00e9n.<\/li>\n<li>Ch\u1ebf v\u00e0o 200ml n\u01b0\u1edbc s\u00f4i.<\/li>\n<li>Ch\u1edd 3 ph\u00fat v\u00e0 tr\u1ed9n \u0111\u1ec1u th\u01b0\u1edfng th\u1ee9c khi c\u00f2n n\u00f3ng<\/li>\n<\/ul>\n<p><strong>B\u1ea3o qu\u1ea3n:<\/strong><\/p>\n<ul>\n<li>\u00a0\u0110\u1ec3 n\u01a1i kh\u00f4 r\u00e1o, tho\u00e1ng m\u00e1t, tr\u00e1nh \u00e1nh n\u1eafng tr\u1ef1c ti\u1ebfp<\/li>\n<\/ul>","protected":false},"excerpt":{"rendered":"<ul>\n<li>Th\u01b0\u01a1ng hi\u1ec7u: iSoup<\/li>\n<li>Xu\u1ea5t x\u1ee9 th\u01b0\u01a1ng hi\u1ec7u: Vi\u1ec7t Nam<\/li>\n<li>Quy c\u00e1ch \u0111\u00f3ng g\u00f3i: Vi\u00ean 7g, t\u00fai 6 vi\u00ean, th\u00f9ng 15 t\u00fai<\/li>\n<li>L\u01b0u \u00fd: Bao b\u00ec s\u1ea3n ph\u1ea9m c\u00f3 th\u1ec3 thay \u0111\u1ed5i theo t\u1eebng \u0111\u1ee3t nh\u1eadp h\u00e0ng<\/li>\n<\/ul>","protected":false},"featured_media":21028,"comment_status":"open","ping_status":"closed","template":"","meta":[],"product_brand":[],"product_cat":[33,481,31],"product_tag":[775,776,774],"class_list":{"0":"post-13734","1":"product","2":"type-product","3":"status-publish","4":"has-post-thumbnail","6":"product_cat-gia-vi","7":"product_cat-gia-vi-hoan-chinh","8":"product_cat-hang-moi-ve","9":"product_tag-cai-xoong","10":"product_tag-isoup","11":"product_tag-isoup-cai-xoong","12":"pa_thuong-hieu-isoup","14":"first","15":"outofstock","16":"sale","17":"shipping-taxable","18":"purchasable","19":"product-type-simple"},"yoast_head":"<!-- This site is optimized with the Yoast SEO plugin v24.4 - https:\/\/yoast.com\/wordpress\/plugins\/seo\/ -->\n<title>T\u00fai 6 vi\u00ean canh \u0103n li\u1ec1n iSoup: c\u1ea3i xoong n\u1ea5u th\u1ecbt 7g - TOLIO<\/title>\n<meta name=\"description\" content=\"Th\u01b0\u01a1ng hi\u1ec7u: iSoup  Xu\u1ea5t x\u1ee9 th\u01b0\u01a1ng hi\u1ec7u: Vi\u1ec7t Nam  Quy c\u00e1ch \u0111\u00f3ng g\u00f3i: Vi\u00ean 7g, t\u00fai 6 vi\u00ean, th\u00f9ng 15 t\u00fai  L\u01b0u \u00fd: Bao b\u00ec s\u1ea3n ph\u1ea9m c\u00f3 th\u1ec3 thay \u0111\u1ed5i theo t\u1eebng \u0111\u1ee3t nh\u1eadp h\u00e0ng\" \/>\n<meta name=\"robots\" content=\"index, follow, max-snippet:-1, max-image-preview:large, max-video-preview:-1\" \/>\n<link rel=\"canonical\" href=\"https:\/\/dev.tolio.co.nz\/en\/product\/i-have-6-pieces-of-soup-and-lien-isoup-7g-of-cooking-pot\/\" \/>\n<meta property=\"og:locale\" content=\"en_US\" \/>\n<meta property=\"og:type\" content=\"article\" \/>\n<meta property=\"og:title\" content=\"T\u00fai 6 vi\u00ean canh \u0103n li\u1ec1n iSoup: c\u1ea3i xoong n\u1ea5u th\u1ecbt 7g - TOLIO\" \/>\n<meta property=\"og:description\" content=\"Th\u01b0\u01a1ng hi\u1ec7u: iSoup  Xu\u1ea5t x\u1ee9 th\u01b0\u01a1ng hi\u1ec7u: Vi\u1ec7t Nam  Quy c\u00e1ch \u0111\u00f3ng g\u00f3i: Vi\u00ean 7g, t\u00fai 6 vi\u00ean, th\u00f9ng 15 t\u00fai  L\u01b0u \u00fd: Bao b\u00ec s\u1ea3n ph\u1ea9m c\u00f3 th\u1ec3 thay \u0111\u1ed5i theo t\u1eebng \u0111\u1ee3t nh\u1eadp h\u00e0ng\" \/>\n<meta property=\"og:url\" content=\"https:\/\/dev.tolio.co.nz\/en\/product\/i-have-6-pieces-of-soup-and-lien-isoup-7g-of-cooking-pot\/\" \/>\n<meta property=\"og:site_name\" content=\"TOLIO\" \/>\n<meta property=\"article:modified_time\" content=\"2025-09-11T04:01:12+00:00\" \/>\n<meta property=\"og:image\" content=\"https:\/\/dev.tolio.co.nz\/wp-content\/uploads\/2024\/03\/7.png\" \/>\n\t<meta property=\"og:image:width\" content=\"1000\" \/>\n\t<meta property=\"og:image:height\" content=\"907\" \/>\n\t<meta property=\"og:image:type\" content=\"image\/png\" \/>\n<meta name=\"twitter:card\" content=\"summary_large_image\" \/>\n<meta name=\"twitter:label1\" content=\"Est. reading time\" \/>\n\t<meta name=\"twitter:data1\" content=\"1 minute\" \/>\n<script type=\"application\/ld+json\" class=\"yoast-schema-graph\">{\"@context\":\"https:\/\/schema.org\",\"@graph\":[{\"@type\":\"WebPage\",\"@id\":\"https:\/\/dev.tolio.co.nz\/san-pham\/tui-6-vien-canh-an-lien-isoup-cai-xoong-nau-thit-7g\/\",\"url\":\"https:\/\/dev.tolio.co.nz\/san-pham\/tui-6-vien-canh-an-lien-isoup-cai-xoong-nau-thit-7g\/\",\"name\":\"T\u00fai 6 vi\u00ean canh \u0103n li\u1ec1n iSoup: c\u1ea3i xoong n\u1ea5u th\u1ecbt 7g - TOLIO\",\"isPartOf\":{\"@id\":\"https:\/\/dev.tolio.co.nz\/#website\"},\"primaryImageOfPage\":{\"@id\":\"https:\/\/dev.tolio.co.nz\/san-pham\/tui-6-vien-canh-an-lien-isoup-cai-xoong-nau-thit-7g\/#primaryimage\"},\"image\":{\"@id\":\"https:\/\/dev.tolio.co.nz\/san-pham\/tui-6-vien-canh-an-lien-isoup-cai-xoong-nau-thit-7g\/#primaryimage\"},\"thumbnailUrl\":\"https:\/\/dev.tolio.co.nz\/wp-content\/uploads\/2024\/03\/7.png\",\"datePublished\":\"2024-01-27T04:53:00+00:00\",\"dateModified\":\"2025-09-11T04:01:12+00:00\",\"description\":\"Th\u01b0\u01a1ng hi\u1ec7u: iSoup Xu\u1ea5t x\u1ee9 th\u01b0\u01a1ng hi\u1ec7u: Vi\u1ec7t Nam Quy c\u00e1ch \u0111\u00f3ng g\u00f3i: Vi\u00ean 7g, t\u00fai 6 vi\u00ean, th\u00f9ng 15 t\u00fai L\u01b0u \u00fd: Bao b\u00ec s\u1ea3n ph\u1ea9m c\u00f3 th\u1ec3 thay \u0111\u1ed5i theo t\u1eebng \u0111\u1ee3t nh\u1eadp h\u00e0ng\",\"breadcrumb\":{\"@id\":\"https:\/\/dev.tolio.co.nz\/san-pham\/tui-6-vien-canh-an-lien-isoup-cai-xoong-nau-thit-7g\/#breadcrumb\"},\"inLanguage\":\"en-US\",\"potentialAction\":[{\"@type\":\"ReadAction\",\"target\":[\"https:\/\/dev.tolio.co.nz\/san-pham\/tui-6-vien-canh-an-lien-isoup-cai-xoong-nau-thit-7g\/\"]}]},{\"@type\":\"ImageObject\",\"inLanguage\":\"en-US\",\"@id\":\"https:\/\/dev.tolio.co.nz\/san-pham\/tui-6-vien-canh-an-lien-isoup-cai-xoong-nau-thit-7g\/#primaryimage\",\"url\":\"https:\/\/dev.tolio.co.nz\/wp-content\/uploads\/2024\/03\/7.png\",\"contentUrl\":\"https:\/\/dev.tolio.co.nz\/wp-content\/uploads\/2024\/03\/7.png\",\"width\":1000,\"height\":907},{\"@type\":\"BreadcrumbList\",\"@id\":\"https:\/\/dev.tolio.co.nz\/san-pham\/tui-6-vien-canh-an-lien-isoup-cai-xoong-nau-thit-7g\/#breadcrumb\",\"itemListElement\":[{\"@type\":\"ListItem\",\"position\":1,\"name\":\"Home\",\"item\":\"https:\/\/dev.tolio.co.nz\/\"},{\"@type\":\"ListItem\",\"position\":2,\"name\":\"C\u1eeda h\u00e0ng\",\"item\":\"https:\/\/dev.tolio.co.nz\/cua-hang\/\"},{\"@type\":\"ListItem\",\"position\":3,\"name\":\"T\u00fai 6 vi\u00ean canh \u0103n li\u1ec1n iSoup: c\u1ea3i xoong n\u1ea5u th\u1ecbt 7g\"}]},{\"@type\":\"WebSite\",\"@id\":\"https:\/\/dev.tolio.co.nz\/#website\",\"url\":\"https:\/\/dev.tolio.co.nz\/\",\"name\":\"TOLIO\",\"description\":\"Vietnamese Grocery Online\",\"potentialAction\":[{\"@type\":\"SearchAction\",\"target\":{\"@type\":\"EntryPoint\",\"urlTemplate\":\"https:\/\/dev.tolio.co.nz\/?s={search_term_string}\"},\"query-input\":{\"@type\":\"PropertyValueSpecification\",\"valueRequired\":true,\"valueName\":\"search_term_string\"}}],\"inLanguage\":\"en-US\"}]}<\/script>\n<!-- \/ Yoast SEO plugin. -->","yoast_head_json":{"title":"T\u00fai 6 vi\u00ean canh \u0103n li\u1ec1n iSoup: c\u1ea3i xoong n\u1ea5u th\u1ecbt 7g - TOLIO","description":"Th\u01b0\u01a1ng hi\u1ec7u: iSoup  Xu\u1ea5t x\u1ee9 th\u01b0\u01a1ng hi\u1ec7u: Vi\u1ec7t Nam  Quy c\u00e1ch \u0111\u00f3ng g\u00f3i: Vi\u00ean 7g, t\u00fai 6 vi\u00ean, th\u00f9ng 15 t\u00fai  L\u01b0u \u00fd: Bao b\u00ec s\u1ea3n ph\u1ea9m c\u00f3 th\u1ec3 thay \u0111\u1ed5i theo t\u1eebng \u0111\u1ee3t nh\u1eadp h\u00e0ng","robots":{"index":"index","follow":"follow","max-snippet":"max-snippet:-1","max-image-preview":"max-image-preview:large","max-video-preview":"max-video-preview:-1"},"canonical":"https:\/\/dev.tolio.co.nz\/en\/product\/i-have-6-pieces-of-soup-and-lien-isoup-7g-of-cooking-pot\/","og_locale":"en_US","og_type":"article","og_title":"T\u00fai 6 vi\u00ean canh \u0103n li\u1ec1n iSoup: c\u1ea3i xoong n\u1ea5u th\u1ecbt 7g - TOLIO","og_description":"Th\u01b0\u01a1ng hi\u1ec7u: iSoup  Xu\u1ea5t x\u1ee9 th\u01b0\u01a1ng hi\u1ec7u: Vi\u1ec7t Nam  Quy c\u00e1ch \u0111\u00f3ng g\u00f3i: Vi\u00ean 7g, t\u00fai 6 vi\u00ean, th\u00f9ng 15 t\u00fai  L\u01b0u \u00fd: Bao b\u00ec s\u1ea3n ph\u1ea9m c\u00f3 th\u1ec3 thay \u0111\u1ed5i theo t\u1eebng \u0111\u1ee3t nh\u1eadp h\u00e0ng","og_url":"https:\/\/dev.tolio.co.nz\/en\/product\/i-have-6-pieces-of-soup-and-lien-isoup-7g-of-cooking-pot\/","og_site_name":"TOLIO","article_modified_time":"2025-09-11T04:01:12+00:00","og_image":[{"width":1000,"height":907,"url":"https:\/\/dev.tolio.co.nz\/wp-content\/uploads\/2024\/03\/7.png","type":"image\/png"}],"twitter_card":"summary_large_image","twitter_misc":{"Est. reading time":"1 minute"},"schema":{"@context":"https:\/\/schema.org","@graph":[{"@type":"WebPage","@id":"https:\/\/dev.tolio.co.nz\/san-pham\/tui-6-vien-canh-an-lien-isoup-cai-xoong-nau-thit-7g\/","url":"https:\/\/dev.tolio.co.nz\/san-pham\/tui-6-vien-canh-an-lien-isoup-cai-xoong-nau-thit-7g\/","name":"T\u00fai 6 vi\u00ean canh \u0103n li\u1ec1n iSoup: c\u1ea3i xoong n\u1ea5u th\u1ecbt 7g - TOLIO","isPartOf":{"@id":"https:\/\/dev.tolio.co.nz\/#website"},"primaryImageOfPage":{"@id":"https:\/\/dev.tolio.co.nz\/san-pham\/tui-6-vien-canh-an-lien-isoup-cai-xoong-nau-thit-7g\/#primaryimage"},"image":{"@id":"https:\/\/dev.tolio.co.nz\/san-pham\/tui-6-vien-canh-an-lien-isoup-cai-xoong-nau-thit-7g\/#primaryimage"},"thumbnailUrl":"https:\/\/dev.tolio.co.nz\/wp-content\/uploads\/2024\/03\/7.png","datePublished":"2024-01-27T04:53:00+00:00","dateModified":"2025-09-11T04:01:12+00:00","description":"Th\u01b0\u01a1ng hi\u1ec7u: iSoup Xu\u1ea5t x\u1ee9 th\u01b0\u01a1ng hi\u1ec7u: Vi\u1ec7t Nam Quy c\u00e1ch \u0111\u00f3ng g\u00f3i: Vi\u00ean 7g, t\u00fai 6 vi\u00ean, th\u00f9ng 15 t\u00fai L\u01b0u \u00fd: Bao b\u00ec s\u1ea3n ph\u1ea9m c\u00f3 th\u1ec3 thay \u0111\u1ed5i theo t\u1eebng \u0111\u1ee3t nh\u1eadp h\u00e0ng","breadcrumb":{"@id":"https:\/\/dev.tolio.co.nz\/san-pham\/tui-6-vien-canh-an-lien-isoup-cai-xoong-nau-thit-7g\/#breadcrumb"},"inLanguage":"en-US","potentialAction":[{"@type":"ReadAction","target":["https:\/\/dev.tolio.co.nz\/san-pham\/tui-6-vien-canh-an-lien-isoup-cai-xoong-nau-thit-7g\/"]}]},{"@type":"ImageObject","inLanguage":"en-US","@id":"https:\/\/dev.tolio.co.nz\/san-pham\/tui-6-vien-canh-an-lien-isoup-cai-xoong-nau-thit-7g\/#primaryimage","url":"https:\/\/dev.tolio.co.nz\/wp-content\/uploads\/2024\/03\/7.png","contentUrl":"https:\/\/dev.tolio.co.nz\/wp-content\/uploads\/2024\/03\/7.png","width":1000,"height":907},{"@type":"BreadcrumbList","@id":"https:\/\/dev.tolio.co.nz\/san-pham\/tui-6-vien-canh-an-lien-isoup-cai-xoong-nau-thit-7g\/#breadcrumb","itemListElement":[{"@type":"ListItem","position":1,"name":"Home","item":"https:\/\/dev.tolio.co.nz\/"},{"@type":"ListItem","position":2,"name":"C\u1eeda h\u00e0ng","item":"https:\/\/dev.tolio.co.nz\/cua-hang\/"},{"@type":"ListItem","position":3,"name":"T\u00fai 6 vi\u00ean canh \u0103n li\u1ec1n iSoup: c\u1ea3i xoong n\u1ea5u th\u1ecbt 7g"}]},{"@type":"WebSite","@id":"https:\/\/dev.tolio.co.nz\/#website","url":"https:\/\/dev.tolio.co.nz\/","name":"TOLIO","description":"Vietnamese Grocery Online","potentialAction":[{"@type":"SearchAction","target":{"@type":"EntryPoint","urlTemplate":"https:\/\/dev.tolio.co.nz\/?s={search_term_string}"},"query-input":{"@type":"PropertyValueSpecification","valueRequired":true,"valueName":"search_term_string"}}],"inLanguage":"en-US"}]}},"_links":{"self":[{"href":"https:\/\/dev.tolio.co.nz\/en\/wp-json\/wp\/v2\/product\/13734","targetHints":{"allow":["GET"]}}],"collection":[{"href":"https:\/\/dev.tolio.co.nz\/en\/wp-json\/wp\/v2\/product"}],"about":[{"href":"https:\/\/dev.tolio.co.nz\/en\/wp-json\/wp\/v2\/types\/product"}],"replies":[{"embeddable":true,"href":"https:\/\/dev.tolio.co.nz\/en\/wp-json\/wp\/v2\/comments?post=13734"}],"wp:featuredmedia":[{"embeddable":true,"href":"https:\/\/dev.tolio.co.nz\/en\/wp-json\/wp\/v2\/media\/21028"}],"wp:attachment":[{"href":"https:\/\/dev.tolio.co.nz\/en\/wp-json\/wp\/v2\/media?parent=13734"}],"wp:term":[{"taxonomy":"product_brand","embeddable":true,"href":"https:\/\/dev.tolio.co.nz\/en\/wp-json\/wp\/v2\/product_brand?post=13734"},{"taxonomy":"product_cat","embeddable":true,"href":"https:\/\/dev.tolio.co.nz\/en\/wp-json\/wp\/v2\/product_cat?post=13734"},{"taxonomy":"product_tag","embeddable":true,"href":"https:\/\/dev.tolio.co.nz\/en\/wp-json\/wp\/v2\/product_tag?post=13734"}],"curies":[{"name":"wp","href":"https:\/\/api.w.org\/{rel}","templated":true}]}}