{"id":14912,"date":"2024-03-24T20:58:08","date_gmt":"2024-03-24T08:13:08","guid":{"rendered":"https:\/\/tolio.co.nz\/?post_type=product&#038;p=14912"},"modified":"2025-09-11T15:59:57","modified_gmt":"2025-09-11T03:59:57","slug":"set-6-goi-bot-rau-cau-deo-soc-vang-goi-12g","status":"publish","type":"product","link":"https:\/\/dev.tolio.co.nz\/en\/product\/set-of-6-packages-of-botanicals-cau-deo-and-soc-wine-12g-package\/","title":{"rendered":"Set 5 g\u00f3i b\u1ed9t rau c\u00e2u d\u1ebbo S\u00f3c V\u00e0ng g\u00f3i 12g"},"content":{"rendered":"<p><strong>Set 6 g\u00f3i b\u1ed9t rau c\u00e2u d\u1ebbo S\u00f3c V\u00e0ng g\u00f3i 12g <\/strong>\u0111\u01b0\u1ee3c d\u00f9ng \u0111\u1ec3 l\u00e0m c\u00e1c m\u00f3n th\u1ea1ch, s\u1eed d\u1ee5ng trong ch\u00e8, tr\u00e0 s\u1eefa\u2026<\/p>\n<p><strong>H\u01b0\u1edbng d\u1eabn s\u1eed d\u1ee5ng:<\/strong><\/p>\n<ul>\n<li>\u0110\u1ea7u ti\u00ean, cho b\u1ed9t rau c\u00e2u v\u00e0o 270g \u0111\u01b0\u1eddng tr\u1ed9n \u0111\u1ec1u (N\u1ebfu l\u00e0m v\u1edbi n\u01b0\u1edbc d\u1eeba t\u01b0\u01a1i th\u00ec ch\u1ec9 c\u1ea7n 200g \u0111\u01b0\u1eddng).<\/li>\n<li>\u0110un s\u00f4i t\u1eeb 1,2 \u0111\u1ebfn 1,5l n\u01b0\u1edbc (ho\u1eb7c n\u01b0\u1edbc d\u1eeba t\u01b0\u01a1i), cho h\u1ed7n h\u1ee3p \u0111\u00e3 tr\u1ed9n v\u00e0o n\u01b0\u1edbc \u0111ang \u0111un s\u00f4i, khu\u1ea5y \u0111\u1ec1u cho \u0111\u1ebfn khi h\u1ed7n h\u1ee3p \u0111\u00e3 h\u00f2a tan kho\u1ea3ng 3-5 ph\u00fat.<\/li>\n<li>Sau khi n\u1ea5u xong cho g\u00f3i h\u01b0\u01a1ng tr\u00e1i c\u00e2y (t\u00f9y \u00fd) v\u00e0o khu\u1ea5y \u0111\u1ec1u v\u00e0 \u0111\u1ed5 v\u00e0o khu\u00f4n. Th\u00eam hoa qu\u1ea3 t\u00f9y th\u00edch.<\/li>\n<\/ul>\n<p><strong>B\u1ea3o qu\u1ea3n:<\/strong><\/p>\n<ul>\n<li>\u0110\u1ec3 n\u01a1i kh\u00f4 r\u00e1o, tho\u00e1ng m\u00e1t, tr\u00e1nh \u00e1nh n\u1eafng tr\u1ef1c ti\u1ebfp<\/li>\n<\/ul>","protected":false},"excerpt":{"rendered":"<ul>\n<li>Th\u01b0\u01a1ng hi\u1ec7u: S\u00f3c V\u00e0ng<\/li>\n<li>Xu\u1ea5t x\u1ee9 th\u01b0\u01a1ng hi\u1ec7u: Vi\u1ec7t Nam<\/li>\n<li>Quy c\u00e1ch \u0111\u00f3ng g\u00f3i: g\u00f3i 12g, set 6 g\u00f3i, h\u1ed9p 12 g\u00f3i<\/li>\n<li>L\u01b0u \u00fd: Bao b\u00ec s\u1ea3n ph\u1ea9m c\u00f3 th\u1ec3 thay \u0111\u1ed5i theo t\u1eebng \u0111\u1ee3t nh\u1eadp h\u00e0ng<\/li>\n<\/ul>","protected":false},"featured_media":20690,"comment_status":"open","ping_status":"closed","template":"","meta":[],"product_brand":[],"product_cat":[478,31],"product_tag":[437],"class_list":{"0":"post-14912","1":"product","2":"type-product","3":"status-publish","4":"has-post-thumbnail","6":"product_cat-thuc-pham-khac","7":"product_cat-hang-moi-ve","8":"product_tag-bot-rau-cau","9":"pa_thuong-hieu-soc-vang","11":"first","12":"instock","13":"shipping-taxable","14":"purchasable","15":"product-type-simple"},"yoast_head":"<!-- This site is optimized with the Yoast SEO plugin v24.4 - https:\/\/yoast.com\/wordpress\/plugins\/seo\/ -->\n<title>Set 5 g\u00f3i b\u1ed9t rau c\u00e2u d\u1ebbo S\u00f3c V\u00e0ng g\u00f3i 12g - TOLIO<\/title>\n<meta name=\"description\" content=\"Th\u01b0\u01a1ng hi\u1ec7u: S\u00f3c V\u00e0ng  Xu\u1ea5t x\u1ee9 th\u01b0\u01a1ng hi\u1ec7u: Vi\u1ec7t Nam  Quy c\u00e1ch \u0111\u00f3ng g\u00f3i: g\u00f3i 12g, set 6 g\u00f3i, h\u1ed9p 12 g\u00f3i  L\u01b0u \u00fd: Bao b\u00ec s\u1ea3n ph\u1ea9m c\u00f3 th\u1ec3 thay \u0111\u1ed5i theo t\u1eebng \u0111\u1ee3t nh\u1eadp h\u00e0ng\" \/>\n<meta name=\"robots\" content=\"index, follow, max-snippet:-1, max-image-preview:large, max-video-preview:-1\" \/>\n<link rel=\"canonical\" href=\"https:\/\/dev.tolio.co.nz\/en\/product\/set-of-6-packages-of-botanicals-cau-deo-and-soc-wine-12g-package\/\" \/>\n<meta property=\"og:locale\" content=\"en_US\" \/>\n<meta property=\"og:type\" content=\"article\" \/>\n<meta property=\"og:title\" content=\"Set 5 g\u00f3i b\u1ed9t rau c\u00e2u d\u1ebbo S\u00f3c V\u00e0ng g\u00f3i 12g - TOLIO\" \/>\n<meta property=\"og:description\" content=\"Th\u01b0\u01a1ng hi\u1ec7u: S\u00f3c V\u00e0ng  Xu\u1ea5t x\u1ee9 th\u01b0\u01a1ng hi\u1ec7u: Vi\u1ec7t Nam  Quy c\u00e1ch \u0111\u00f3ng g\u00f3i: g\u00f3i 12g, set 6 g\u00f3i, h\u1ed9p 12 g\u00f3i  L\u01b0u \u00fd: Bao b\u00ec s\u1ea3n ph\u1ea9m c\u00f3 th\u1ec3 thay \u0111\u1ed5i theo t\u1eebng \u0111\u1ee3t nh\u1eadp h\u00e0ng\" \/>\n<meta property=\"og:url\" content=\"https:\/\/dev.tolio.co.nz\/en\/product\/set-of-6-packages-of-botanicals-cau-deo-and-soc-wine-12g-package\/\" \/>\n<meta property=\"og:site_name\" content=\"TOLIO\" \/>\n<meta property=\"article:modified_time\" content=\"2025-09-11T03:59:57+00:00\" \/>\n<meta property=\"og:image\" content=\"https:\/\/dev.tolio.co.nz\/wp-content\/uploads\/2024\/03\/220.png\" \/>\n\t<meta property=\"og:image:width\" content=\"1000\" \/>\n\t<meta property=\"og:image:height\" content=\"907\" \/>\n\t<meta property=\"og:image:type\" content=\"image\/png\" \/>\n<meta name=\"twitter:card\" content=\"summary_large_image\" \/>\n<meta name=\"twitter:label1\" content=\"Est. reading time\" \/>\n\t<meta name=\"twitter:data1\" content=\"1 minute\" \/>\n<script type=\"application\/ld+json\" class=\"yoast-schema-graph\">{\"@context\":\"https:\/\/schema.org\",\"@graph\":[{\"@type\":\"WebPage\",\"@id\":\"https:\/\/dev.tolio.co.nz\/san-pham\/set-6-goi-bot-rau-cau-deo-soc-vang-goi-12g\/\",\"url\":\"https:\/\/dev.tolio.co.nz\/san-pham\/set-6-goi-bot-rau-cau-deo-soc-vang-goi-12g\/\",\"name\":\"Set 5 g\u00f3i b\u1ed9t rau c\u00e2u d\u1ebbo S\u00f3c V\u00e0ng g\u00f3i 12g - TOLIO\",\"isPartOf\":{\"@id\":\"https:\/\/dev.tolio.co.nz\/#website\"},\"primaryImageOfPage\":{\"@id\":\"https:\/\/dev.tolio.co.nz\/san-pham\/set-6-goi-bot-rau-cau-deo-soc-vang-goi-12g\/#primaryimage\"},\"image\":{\"@id\":\"https:\/\/dev.tolio.co.nz\/san-pham\/set-6-goi-bot-rau-cau-deo-soc-vang-goi-12g\/#primaryimage\"},\"thumbnailUrl\":\"https:\/\/dev.tolio.co.nz\/wp-content\/uploads\/2024\/03\/220.png\",\"datePublished\":\"2024-03-24T08:13:08+00:00\",\"dateModified\":\"2025-09-11T03:59:57+00:00\",\"description\":\"Th\u01b0\u01a1ng hi\u1ec7u: S\u00f3c V\u00e0ng Xu\u1ea5t x\u1ee9 th\u01b0\u01a1ng hi\u1ec7u: Vi\u1ec7t Nam Quy c\u00e1ch \u0111\u00f3ng g\u00f3i: g\u00f3i 12g, set 6 g\u00f3i, h\u1ed9p 12 g\u00f3i L\u01b0u \u00fd: Bao b\u00ec s\u1ea3n ph\u1ea9m c\u00f3 th\u1ec3 thay \u0111\u1ed5i theo t\u1eebng \u0111\u1ee3t nh\u1eadp h\u00e0ng\",\"breadcrumb\":{\"@id\":\"https:\/\/dev.tolio.co.nz\/san-pham\/set-6-goi-bot-rau-cau-deo-soc-vang-goi-12g\/#breadcrumb\"},\"inLanguage\":\"en-US\",\"potentialAction\":[{\"@type\":\"ReadAction\",\"target\":[\"https:\/\/dev.tolio.co.nz\/san-pham\/set-6-goi-bot-rau-cau-deo-soc-vang-goi-12g\/\"]}]},{\"@type\":\"ImageObject\",\"inLanguage\":\"en-US\",\"@id\":\"https:\/\/dev.tolio.co.nz\/san-pham\/set-6-goi-bot-rau-cau-deo-soc-vang-goi-12g\/#primaryimage\",\"url\":\"https:\/\/dev.tolio.co.nz\/wp-content\/uploads\/2024\/03\/220.png\",\"contentUrl\":\"https:\/\/dev.tolio.co.nz\/wp-content\/uploads\/2024\/03\/220.png\",\"width\":1000,\"height\":907},{\"@type\":\"BreadcrumbList\",\"@id\":\"https:\/\/dev.tolio.co.nz\/san-pham\/set-6-goi-bot-rau-cau-deo-soc-vang-goi-12g\/#breadcrumb\",\"itemListElement\":[{\"@type\":\"ListItem\",\"position\":1,\"name\":\"Home\",\"item\":\"https:\/\/dev.tolio.co.nz\/\"},{\"@type\":\"ListItem\",\"position\":2,\"name\":\"C\u1eeda h\u00e0ng\",\"item\":\"https:\/\/dev.tolio.co.nz\/cua-hang\/\"},{\"@type\":\"ListItem\",\"position\":3,\"name\":\"Set 5 g\u00f3i b\u1ed9t rau c\u00e2u d\u1ebbo S\u00f3c V\u00e0ng g\u00f3i 12g\"}]},{\"@type\":\"WebSite\",\"@id\":\"https:\/\/dev.tolio.co.nz\/#website\",\"url\":\"https:\/\/dev.tolio.co.nz\/\",\"name\":\"TOLIO\",\"description\":\"Vietnamese Grocery Online\",\"potentialAction\":[{\"@type\":\"SearchAction\",\"target\":{\"@type\":\"EntryPoint\",\"urlTemplate\":\"https:\/\/dev.tolio.co.nz\/?s={search_term_string}\"},\"query-input\":{\"@type\":\"PropertyValueSpecification\",\"valueRequired\":true,\"valueName\":\"search_term_string\"}}],\"inLanguage\":\"en-US\"}]}<\/script>\n<!-- \/ Yoast SEO plugin. -->","yoast_head_json":{"title":"Set 5 g\u00f3i b\u1ed9t rau c\u00e2u d\u1ebbo S\u00f3c V\u00e0ng g\u00f3i 12g - TOLIO","description":"Th\u01b0\u01a1ng hi\u1ec7u: S\u00f3c V\u00e0ng  Xu\u1ea5t x\u1ee9 th\u01b0\u01a1ng hi\u1ec7u: Vi\u1ec7t Nam  Quy c\u00e1ch \u0111\u00f3ng g\u00f3i: g\u00f3i 12g, set 6 g\u00f3i, h\u1ed9p 12 g\u00f3i  L\u01b0u \u00fd: Bao b\u00ec s\u1ea3n ph\u1ea9m c\u00f3 th\u1ec3 thay \u0111\u1ed5i theo t\u1eebng \u0111\u1ee3t nh\u1eadp h\u00e0ng","robots":{"index":"index","follow":"follow","max-snippet":"max-snippet:-1","max-image-preview":"max-image-preview:large","max-video-preview":"max-video-preview:-1"},"canonical":"https:\/\/dev.tolio.co.nz\/en\/product\/set-of-6-packages-of-botanicals-cau-deo-and-soc-wine-12g-package\/","og_locale":"en_US","og_type":"article","og_title":"Set 5 g\u00f3i b\u1ed9t rau c\u00e2u d\u1ebbo S\u00f3c V\u00e0ng g\u00f3i 12g - TOLIO","og_description":"Th\u01b0\u01a1ng hi\u1ec7u: S\u00f3c V\u00e0ng  Xu\u1ea5t x\u1ee9 th\u01b0\u01a1ng hi\u1ec7u: Vi\u1ec7t Nam  Quy c\u00e1ch \u0111\u00f3ng g\u00f3i: g\u00f3i 12g, set 6 g\u00f3i, h\u1ed9p 12 g\u00f3i  L\u01b0u \u00fd: Bao b\u00ec s\u1ea3n ph\u1ea9m c\u00f3 th\u1ec3 thay \u0111\u1ed5i theo t\u1eebng \u0111\u1ee3t nh\u1eadp h\u00e0ng","og_url":"https:\/\/dev.tolio.co.nz\/en\/product\/set-of-6-packages-of-botanicals-cau-deo-and-soc-wine-12g-package\/","og_site_name":"TOLIO","article_modified_time":"2025-09-11T03:59:57+00:00","og_image":[{"width":1000,"height":907,"url":"https:\/\/dev.tolio.co.nz\/wp-content\/uploads\/2024\/03\/220.png","type":"image\/png"}],"twitter_card":"summary_large_image","twitter_misc":{"Est. reading time":"1 minute"},"schema":{"@context":"https:\/\/schema.org","@graph":[{"@type":"WebPage","@id":"https:\/\/dev.tolio.co.nz\/san-pham\/set-6-goi-bot-rau-cau-deo-soc-vang-goi-12g\/","url":"https:\/\/dev.tolio.co.nz\/san-pham\/set-6-goi-bot-rau-cau-deo-soc-vang-goi-12g\/","name":"Set 5 g\u00f3i b\u1ed9t rau c\u00e2u d\u1ebbo S\u00f3c V\u00e0ng g\u00f3i 12g - TOLIO","isPartOf":{"@id":"https:\/\/dev.tolio.co.nz\/#website"},"primaryImageOfPage":{"@id":"https:\/\/dev.tolio.co.nz\/san-pham\/set-6-goi-bot-rau-cau-deo-soc-vang-goi-12g\/#primaryimage"},"image":{"@id":"https:\/\/dev.tolio.co.nz\/san-pham\/set-6-goi-bot-rau-cau-deo-soc-vang-goi-12g\/#primaryimage"},"thumbnailUrl":"https:\/\/dev.tolio.co.nz\/wp-content\/uploads\/2024\/03\/220.png","datePublished":"2024-03-24T08:13:08+00:00","dateModified":"2025-09-11T03:59:57+00:00","description":"Th\u01b0\u01a1ng hi\u1ec7u: S\u00f3c V\u00e0ng Xu\u1ea5t x\u1ee9 th\u01b0\u01a1ng hi\u1ec7u: Vi\u1ec7t Nam Quy c\u00e1ch \u0111\u00f3ng g\u00f3i: g\u00f3i 12g, set 6 g\u00f3i, h\u1ed9p 12 g\u00f3i L\u01b0u \u00fd: Bao b\u00ec s\u1ea3n ph\u1ea9m c\u00f3 th\u1ec3 thay \u0111\u1ed5i theo t\u1eebng \u0111\u1ee3t nh\u1eadp h\u00e0ng","breadcrumb":{"@id":"https:\/\/dev.tolio.co.nz\/san-pham\/set-6-goi-bot-rau-cau-deo-soc-vang-goi-12g\/#breadcrumb"},"inLanguage":"en-US","potentialAction":[{"@type":"ReadAction","target":["https:\/\/dev.tolio.co.nz\/san-pham\/set-6-goi-bot-rau-cau-deo-soc-vang-goi-12g\/"]}]},{"@type":"ImageObject","inLanguage":"en-US","@id":"https:\/\/dev.tolio.co.nz\/san-pham\/set-6-goi-bot-rau-cau-deo-soc-vang-goi-12g\/#primaryimage","url":"https:\/\/dev.tolio.co.nz\/wp-content\/uploads\/2024\/03\/220.png","contentUrl":"https:\/\/dev.tolio.co.nz\/wp-content\/uploads\/2024\/03\/220.png","width":1000,"height":907},{"@type":"BreadcrumbList","@id":"https:\/\/dev.tolio.co.nz\/san-pham\/set-6-goi-bot-rau-cau-deo-soc-vang-goi-12g\/#breadcrumb","itemListElement":[{"@type":"ListItem","position":1,"name":"Home","item":"https:\/\/dev.tolio.co.nz\/"},{"@type":"ListItem","position":2,"name":"C\u1eeda h\u00e0ng","item":"https:\/\/dev.tolio.co.nz\/cua-hang\/"},{"@type":"ListItem","position":3,"name":"Set 5 g\u00f3i b\u1ed9t rau c\u00e2u d\u1ebbo S\u00f3c V\u00e0ng g\u00f3i 12g"}]},{"@type":"WebSite","@id":"https:\/\/dev.tolio.co.nz\/#website","url":"https:\/\/dev.tolio.co.nz\/","name":"TOLIO","description":"Vietnamese Grocery Online","potentialAction":[{"@type":"SearchAction","target":{"@type":"EntryPoint","urlTemplate":"https:\/\/dev.tolio.co.nz\/?s={search_term_string}"},"query-input":{"@type":"PropertyValueSpecification","valueRequired":true,"valueName":"search_term_string"}}],"inLanguage":"en-US"}]}},"_links":{"self":[{"href":"https:\/\/dev.tolio.co.nz\/en\/wp-json\/wp\/v2\/product\/14912","targetHints":{"allow":["GET"]}}],"collection":[{"href":"https:\/\/dev.tolio.co.nz\/en\/wp-json\/wp\/v2\/product"}],"about":[{"href":"https:\/\/dev.tolio.co.nz\/en\/wp-json\/wp\/v2\/types\/product"}],"replies":[{"embeddable":true,"href":"https:\/\/dev.tolio.co.nz\/en\/wp-json\/wp\/v2\/comments?post=14912"}],"wp:featuredmedia":[{"embeddable":true,"href":"https:\/\/dev.tolio.co.nz\/en\/wp-json\/wp\/v2\/media\/20690"}],"wp:attachment":[{"href":"https:\/\/dev.tolio.co.nz\/en\/wp-json\/wp\/v2\/media?parent=14912"}],"wp:term":[{"taxonomy":"product_brand","embeddable":true,"href":"https:\/\/dev.tolio.co.nz\/en\/wp-json\/wp\/v2\/product_brand?post=14912"},{"taxonomy":"product_cat","embeddable":true,"href":"https:\/\/dev.tolio.co.nz\/en\/wp-json\/wp\/v2\/product_cat?post=14912"},{"taxonomy":"product_tag","embeddable":true,"href":"https:\/\/dev.tolio.co.nz\/en\/wp-json\/wp\/v2\/product_tag?post=14912"}],"curies":[{"name":"wp","href":"https:\/\/api.w.org\/{rel}","templated":true}]}}