{"id":14955,"date":"2024-03-26T02:02:19","date_gmt":"2024-03-25T13:17:19","guid":{"rendered":"https:\/\/tolio.co.nz\/?post_type=product&#038;p=14955"},"modified":"2025-09-11T16:01:03","modified_gmt":"2025-09-11T04:01:03","slug":"giam-gao-chai-430g","status":"publish","type":"product","link":"https:\/\/dev.tolio.co.nz\/en\/product\/430g-bottle-of-gao-gao\/","title":{"rendered":"Gi\u1ea5m g\u1ea1o Sato chai 430g"},"content":{"rendered":"<p><strong>Gi\u1ea5m g\u1ea1o Sato chai 430g<\/strong> l\u00e0 lo\u1ea1i gi\u1ea5m \u0111\u01b0\u1ee3c l\u00e0m t\u1eeb g\u1ea1o l\u00ean men, c\u00f3 d\u1ea1ng l\u1ecfng, c\u00f3 m\u00e0u tr\u1eafng ho\u1eb7c v\u00e0ng nh\u1ea1t \u0111\u00f4i khi c\u00f2n c\u00f3 m\u00e0u \u0111\u1ecf ho\u1eb7c \u0111en, c\u00f3 n\u1ed3ng \u0111\u1ecd axit ax\u00eatic \u1edf tr\u1ea1ng th\u00e1i l\u1ecfng kho\u1ea3ng 5%.<\/p>\n<p>Kh\u00f4ng ch\u1ec9 \u0111\u01a1n gi\u1ea3n l\u00e0 v\u1ec1 h\u01b0\u01a1ng v\u1ecb, gi\u1ea5m g\u1ea1o c\u00f2n \u0111\u01b0\u1ee3c s\u1eed d\u1ee5ng nhi\u1ec1u b\u1edfi nh\u1eefng l\u1ee3i \u00edch tuy\u1ec7t v\u1eddi c\u1ee7a n\u00f3 \u0111\u1ed1i v\u1edbi s\u1ee9c kh\u1ecfe, n\u00f3 c\u00f3 t\u00e1c \u0111\u1ed9ng t\u00edch c\u1ef1c \u0111\u1ebfn h\u1ea7u h\u1ebft c\u00e1c c\u01a1 quan trong c\u01a1 th\u1ec3 nh\u01b0:<\/p>\n<p>&#8211; Gi\u00fap t\u0103ng c\u01b0\u1eddng s\u1ee9c kh\u1ecfe h\u1ec7 mi\u1ec5n d\u1ecbch v\u00ec n\u00f3 c\u00f3 ch\u1ee9a c\u00e1c axit amin thi\u1ebft y\u1ebfu.<\/p>\n<p>&#8211; Gi\u1ea5m g\u1ea1o ch\u1ee9a axit axetic t\u1ed1t gi\u00fap t\u0103ng c\u01b0\u1eddng s\u1ee9c kh\u1ecfe h\u1ec7 ti\u00eau h\u00f3a.<\/p>\n<p>&#8211; Ngo\u00e0i ra gi\u1ea5m g\u1ea1o gi\u00fap c\u01a1 th\u1ec3 c\u00f3 th\u1ec3 h\u1ea5p th\u1ee5 nhi\u1ec1u canxi, kali, v\u00e0 vitamin t\u1eeb nh\u1eefng th\u1ef1c ph\u1ea9m kh\u00e1c.<\/p>\n<p>&#8211; \u0102n gi\u1ea5m g\u1ea1o c\u00f3 kh\u1ea3 n\u0103ng l\u00e0m ch\u1eadm s\u1ef1 t\u00edch t\u1ee5 cholesterol tr\u00ean th\u00e0nh m\u1ea1ch m\u00e1u n\u00ean r\u1ea5t t\u1ed1t cho s\u1ee9c kh\u1ecfe tim m\u1ea1ch.<\/p>\n<p>&#8211; B\u00ean c\u1ea1nh \u0111\u00f3 gi\u1ea5m c\u00f2n \u0111\u01b0\u1ee3c s\u1eed d\u1ee5ng \u0111\u1ec3 kh\u1eed m\u00f9i tanh cho c\u00e1, l\u00e0m s\u1ea1ch ch\u1ea3o n\u1ed3i, hay b\u1ed3n r\u1eeda b\u00e1t b\u1ea9n\u2026 nh\u01b0 m\u1ed9t s\u1ed1 m\u1eb9o v\u1eb7t c\u1ee7a nh\u00e0 b\u1ebfp.<\/p>\n<p><strong>H\u01b0\u1edbng d\u1eabn s\u1eed d\u1ee5ng:<\/strong><\/p>\n<ul>\n<li>D\u00f9ng trong n\u1ea5u c\u00e1c m\u00f3n \u0103n v\u00e0 l\u00e0m s\u1ea1ch nh\u00e0 b\u1ebfp.<\/li>\n<\/ul>\n<p><strong>B\u1ea3o qu\u1ea3n:<\/strong><\/p>\n<ul>\n<li>\u0110\u1ec3 n\u01a1i kh\u00f4 r\u00e1o, tho\u00e1ng m\u00e1t.<\/li>\n<li>Tr\u00e1nh \u00e1nh n\u1eafng tr\u1ef1c ti\u1ebfp ho\u1eb7c n\u01a1i c\u00f3 nhi\u1ec7t \u0111\u1ed9 cao.<\/li>\n<\/ul>","protected":false},"excerpt":{"rendered":"<ul>\n<li>Th\u01b0\u01a1ng hi\u1ec7u: Sato<\/li>\n<li>Xu\u1ea5t x\u1ee9 th\u01b0\u01a1ng hi\u1ec7u: Vi\u1ec7t Nam<\/li>\n<li>Quy c\u00e1ch \u0111\u00f3ng g\u00f3i: Chai 430g, th\u00f9ng 30 chai<\/li>\n<li>L\u01b0u \u00fd: Bao b\u00ec s\u1ea3n ph\u1ea9m c\u00f3 th\u1ec3 thay \u0111\u1ed5i theo t\u1eebng \u0111\u1ee3t nh\u1eadp h\u00e0ng<\/li>\n<\/ul>","protected":false},"featured_media":21106,"comment_status":"open","ping_status":"closed","template":"","meta":[],"product_brand":[],"product_cat":[33,482,31],"product_tag":[813],"class_list":{"0":"post-14955","1":"product","2":"type-product","3":"status-publish","4":"has-post-thumbnail","6":"product_cat-gia-vi","7":"product_cat-gia-vi-khac","8":"product_cat-hang-moi-ve","9":"product_tag-giam-gao","10":"pa_thuong-hieu-sato-hung-yen","12":"first","13":"instock","14":"shipping-taxable","15":"purchasable","16":"product-type-simple"},"yoast_head":"<!-- This site is optimized with the Yoast SEO plugin v24.4 - https:\/\/yoast.com\/wordpress\/plugins\/seo\/ -->\n<title>Gi\u1ea5m g\u1ea1o Sato chai 430g - TOLIO<\/title>\n<meta name=\"description\" content=\"Th\u01b0\u01a1ng hi\u1ec7u: Sato  Xu\u1ea5t x\u1ee9 th\u01b0\u01a1ng hi\u1ec7u: Vi\u1ec7t Nam  Quy c\u00e1ch \u0111\u00f3ng g\u00f3i: Chai 430g, th\u00f9ng 30 chai  L\u01b0u \u00fd: Bao b\u00ec s\u1ea3n ph\u1ea9m c\u00f3 th\u1ec3 thay \u0111\u1ed5i theo t\u1eebng \u0111\u1ee3t nh\u1eadp h\u00e0ng\" \/>\n<meta name=\"robots\" content=\"index, follow, max-snippet:-1, max-image-preview:large, max-video-preview:-1\" \/>\n<link rel=\"canonical\" href=\"https:\/\/dev.tolio.co.nz\/en\/product\/430g-bottle-of-gao-gao\/\" \/>\n<meta property=\"og:locale\" content=\"en_US\" \/>\n<meta property=\"og:type\" content=\"article\" \/>\n<meta property=\"og:title\" content=\"Gi\u1ea5m g\u1ea1o Sato chai 430g - TOLIO\" \/>\n<meta property=\"og:description\" content=\"Th\u01b0\u01a1ng hi\u1ec7u: Sato  Xu\u1ea5t x\u1ee9 th\u01b0\u01a1ng hi\u1ec7u: Vi\u1ec7t Nam  Quy c\u00e1ch \u0111\u00f3ng g\u00f3i: Chai 430g, th\u00f9ng 30 chai  L\u01b0u \u00fd: Bao b\u00ec s\u1ea3n ph\u1ea9m c\u00f3 th\u1ec3 thay \u0111\u1ed5i theo t\u1eebng \u0111\u1ee3t nh\u1eadp h\u00e0ng\" \/>\n<meta property=\"og:url\" content=\"https:\/\/dev.tolio.co.nz\/en\/product\/430g-bottle-of-gao-gao\/\" \/>\n<meta property=\"og:site_name\" content=\"TOLIO\" \/>\n<meta property=\"article:modified_time\" content=\"2025-09-11T04:01:03+00:00\" \/>\n<meta property=\"og:image\" content=\"https:\/\/dev.tolio.co.nz\/wp-content\/uploads\/2024\/03\/54.png\" \/>\n\t<meta property=\"og:image:width\" content=\"1000\" \/>\n\t<meta property=\"og:image:height\" content=\"907\" \/>\n\t<meta property=\"og:image:type\" content=\"image\/png\" \/>\n<meta name=\"twitter:card\" content=\"summary_large_image\" \/>\n<meta name=\"twitter:label1\" content=\"Est. reading time\" \/>\n\t<meta name=\"twitter:data1\" content=\"1 minute\" \/>\n<script type=\"application\/ld+json\" class=\"yoast-schema-graph\">{\"@context\":\"https:\/\/schema.org\",\"@graph\":[{\"@type\":\"WebPage\",\"@id\":\"https:\/\/dev.tolio.co.nz\/san-pham\/giam-gao-chai-430g\/\",\"url\":\"https:\/\/dev.tolio.co.nz\/san-pham\/giam-gao-chai-430g\/\",\"name\":\"Gi\u1ea5m g\u1ea1o Sato chai 430g - TOLIO\",\"isPartOf\":{\"@id\":\"https:\/\/dev.tolio.co.nz\/#website\"},\"primaryImageOfPage\":{\"@id\":\"https:\/\/dev.tolio.co.nz\/san-pham\/giam-gao-chai-430g\/#primaryimage\"},\"image\":{\"@id\":\"https:\/\/dev.tolio.co.nz\/san-pham\/giam-gao-chai-430g\/#primaryimage\"},\"thumbnailUrl\":\"https:\/\/dev.tolio.co.nz\/wp-content\/uploads\/2024\/03\/54.png\",\"datePublished\":\"2024-03-25T13:17:19+00:00\",\"dateModified\":\"2025-09-11T04:01:03+00:00\",\"description\":\"Th\u01b0\u01a1ng hi\u1ec7u: Sato Xu\u1ea5t x\u1ee9 th\u01b0\u01a1ng hi\u1ec7u: Vi\u1ec7t Nam Quy c\u00e1ch \u0111\u00f3ng g\u00f3i: Chai 430g, th\u00f9ng 30 chai L\u01b0u \u00fd: Bao b\u00ec s\u1ea3n ph\u1ea9m c\u00f3 th\u1ec3 thay \u0111\u1ed5i theo t\u1eebng \u0111\u1ee3t nh\u1eadp h\u00e0ng\",\"breadcrumb\":{\"@id\":\"https:\/\/dev.tolio.co.nz\/san-pham\/giam-gao-chai-430g\/#breadcrumb\"},\"inLanguage\":\"en-US\",\"potentialAction\":[{\"@type\":\"ReadAction\",\"target\":[\"https:\/\/dev.tolio.co.nz\/san-pham\/giam-gao-chai-430g\/\"]}]},{\"@type\":\"ImageObject\",\"inLanguage\":\"en-US\",\"@id\":\"https:\/\/dev.tolio.co.nz\/san-pham\/giam-gao-chai-430g\/#primaryimage\",\"url\":\"https:\/\/dev.tolio.co.nz\/wp-content\/uploads\/2024\/03\/54.png\",\"contentUrl\":\"https:\/\/dev.tolio.co.nz\/wp-content\/uploads\/2024\/03\/54.png\",\"width\":1000,\"height\":907},{\"@type\":\"BreadcrumbList\",\"@id\":\"https:\/\/dev.tolio.co.nz\/san-pham\/giam-gao-chai-430g\/#breadcrumb\",\"itemListElement\":[{\"@type\":\"ListItem\",\"position\":1,\"name\":\"Home\",\"item\":\"https:\/\/dev.tolio.co.nz\/\"},{\"@type\":\"ListItem\",\"position\":2,\"name\":\"C\u1eeda h\u00e0ng\",\"item\":\"https:\/\/dev.tolio.co.nz\/cua-hang\/\"},{\"@type\":\"ListItem\",\"position\":3,\"name\":\"Gi\u1ea5m g\u1ea1o Sato chai 430g\"}]},{\"@type\":\"WebSite\",\"@id\":\"https:\/\/dev.tolio.co.nz\/#website\",\"url\":\"https:\/\/dev.tolio.co.nz\/\",\"name\":\"TOLIO\",\"description\":\"Vietnamese Grocery Online\",\"potentialAction\":[{\"@type\":\"SearchAction\",\"target\":{\"@type\":\"EntryPoint\",\"urlTemplate\":\"https:\/\/dev.tolio.co.nz\/?s={search_term_string}\"},\"query-input\":{\"@type\":\"PropertyValueSpecification\",\"valueRequired\":true,\"valueName\":\"search_term_string\"}}],\"inLanguage\":\"en-US\"}]}<\/script>\n<!-- \/ Yoast SEO plugin. -->","yoast_head_json":{"title":"Gi\u1ea5m g\u1ea1o Sato chai 430g - TOLIO","description":"Th\u01b0\u01a1ng hi\u1ec7u: Sato  Xu\u1ea5t x\u1ee9 th\u01b0\u01a1ng hi\u1ec7u: Vi\u1ec7t Nam  Quy c\u00e1ch \u0111\u00f3ng g\u00f3i: Chai 430g, th\u00f9ng 30 chai  L\u01b0u \u00fd: Bao b\u00ec s\u1ea3n ph\u1ea9m c\u00f3 th\u1ec3 thay \u0111\u1ed5i theo t\u1eebng \u0111\u1ee3t nh\u1eadp h\u00e0ng","robots":{"index":"index","follow":"follow","max-snippet":"max-snippet:-1","max-image-preview":"max-image-preview:large","max-video-preview":"max-video-preview:-1"},"canonical":"https:\/\/dev.tolio.co.nz\/en\/product\/430g-bottle-of-gao-gao\/","og_locale":"en_US","og_type":"article","og_title":"Gi\u1ea5m g\u1ea1o Sato chai 430g - TOLIO","og_description":"Th\u01b0\u01a1ng hi\u1ec7u: Sato  Xu\u1ea5t x\u1ee9 th\u01b0\u01a1ng hi\u1ec7u: Vi\u1ec7t Nam  Quy c\u00e1ch \u0111\u00f3ng g\u00f3i: Chai 430g, th\u00f9ng 30 chai  L\u01b0u \u00fd: Bao b\u00ec s\u1ea3n ph\u1ea9m c\u00f3 th\u1ec3 thay \u0111\u1ed5i theo t\u1eebng \u0111\u1ee3t nh\u1eadp h\u00e0ng","og_url":"https:\/\/dev.tolio.co.nz\/en\/product\/430g-bottle-of-gao-gao\/","og_site_name":"TOLIO","article_modified_time":"2025-09-11T04:01:03+00:00","og_image":[{"width":1000,"height":907,"url":"https:\/\/dev.tolio.co.nz\/wp-content\/uploads\/2024\/03\/54.png","type":"image\/png"}],"twitter_card":"summary_large_image","twitter_misc":{"Est. reading time":"1 minute"},"schema":{"@context":"https:\/\/schema.org","@graph":[{"@type":"WebPage","@id":"https:\/\/dev.tolio.co.nz\/san-pham\/giam-gao-chai-430g\/","url":"https:\/\/dev.tolio.co.nz\/san-pham\/giam-gao-chai-430g\/","name":"Gi\u1ea5m g\u1ea1o Sato chai 430g - TOLIO","isPartOf":{"@id":"https:\/\/dev.tolio.co.nz\/#website"},"primaryImageOfPage":{"@id":"https:\/\/dev.tolio.co.nz\/san-pham\/giam-gao-chai-430g\/#primaryimage"},"image":{"@id":"https:\/\/dev.tolio.co.nz\/san-pham\/giam-gao-chai-430g\/#primaryimage"},"thumbnailUrl":"https:\/\/dev.tolio.co.nz\/wp-content\/uploads\/2024\/03\/54.png","datePublished":"2024-03-25T13:17:19+00:00","dateModified":"2025-09-11T04:01:03+00:00","description":"Th\u01b0\u01a1ng hi\u1ec7u: Sato Xu\u1ea5t x\u1ee9 th\u01b0\u01a1ng hi\u1ec7u: Vi\u1ec7t Nam Quy c\u00e1ch \u0111\u00f3ng g\u00f3i: Chai 430g, th\u00f9ng 30 chai L\u01b0u \u00fd: Bao b\u00ec s\u1ea3n ph\u1ea9m c\u00f3 th\u1ec3 thay \u0111\u1ed5i theo t\u1eebng \u0111\u1ee3t nh\u1eadp h\u00e0ng","breadcrumb":{"@id":"https:\/\/dev.tolio.co.nz\/san-pham\/giam-gao-chai-430g\/#breadcrumb"},"inLanguage":"en-US","potentialAction":[{"@type":"ReadAction","target":["https:\/\/dev.tolio.co.nz\/san-pham\/giam-gao-chai-430g\/"]}]},{"@type":"ImageObject","inLanguage":"en-US","@id":"https:\/\/dev.tolio.co.nz\/san-pham\/giam-gao-chai-430g\/#primaryimage","url":"https:\/\/dev.tolio.co.nz\/wp-content\/uploads\/2024\/03\/54.png","contentUrl":"https:\/\/dev.tolio.co.nz\/wp-content\/uploads\/2024\/03\/54.png","width":1000,"height":907},{"@type":"BreadcrumbList","@id":"https:\/\/dev.tolio.co.nz\/san-pham\/giam-gao-chai-430g\/#breadcrumb","itemListElement":[{"@type":"ListItem","position":1,"name":"Home","item":"https:\/\/dev.tolio.co.nz\/"},{"@type":"ListItem","position":2,"name":"C\u1eeda h\u00e0ng","item":"https:\/\/dev.tolio.co.nz\/cua-hang\/"},{"@type":"ListItem","position":3,"name":"Gi\u1ea5m g\u1ea1o Sato chai 430g"}]},{"@type":"WebSite","@id":"https:\/\/dev.tolio.co.nz\/#website","url":"https:\/\/dev.tolio.co.nz\/","name":"TOLIO","description":"Vietnamese Grocery Online","potentialAction":[{"@type":"SearchAction","target":{"@type":"EntryPoint","urlTemplate":"https:\/\/dev.tolio.co.nz\/?s={search_term_string}"},"query-input":{"@type":"PropertyValueSpecification","valueRequired":true,"valueName":"search_term_string"}}],"inLanguage":"en-US"}]}},"_links":{"self":[{"href":"https:\/\/dev.tolio.co.nz\/en\/wp-json\/wp\/v2\/product\/14955","targetHints":{"allow":["GET"]}}],"collection":[{"href":"https:\/\/dev.tolio.co.nz\/en\/wp-json\/wp\/v2\/product"}],"about":[{"href":"https:\/\/dev.tolio.co.nz\/en\/wp-json\/wp\/v2\/types\/product"}],"replies":[{"embeddable":true,"href":"https:\/\/dev.tolio.co.nz\/en\/wp-json\/wp\/v2\/comments?post=14955"}],"wp:featuredmedia":[{"embeddable":true,"href":"https:\/\/dev.tolio.co.nz\/en\/wp-json\/wp\/v2\/media\/21106"}],"wp:attachment":[{"href":"https:\/\/dev.tolio.co.nz\/en\/wp-json\/wp\/v2\/media?parent=14955"}],"wp:term":[{"taxonomy":"product_brand","embeddable":true,"href":"https:\/\/dev.tolio.co.nz\/en\/wp-json\/wp\/v2\/product_brand?post=14955"},{"taxonomy":"product_cat","embeddable":true,"href":"https:\/\/dev.tolio.co.nz\/en\/wp-json\/wp\/v2\/product_cat?post=14955"},{"taxonomy":"product_tag","embeddable":true,"href":"https:\/\/dev.tolio.co.nz\/en\/wp-json\/wp\/v2\/product_tag?post=14955"}],"curies":[{"name":"wp","href":"https:\/\/api.w.org\/{rel}","templated":true}]}}