{"id":14978,"date":"2024-03-28T01:25:35","date_gmt":"2024-03-27T12:40:35","guid":{"rendered":"https:\/\/tolio.co.nz\/?post_type=product&#038;p=14978"},"modified":"2025-09-11T15:59:57","modified_gmt":"2025-09-11T03:59:57","slug":"tran-chau-hoang-kim-dou-xian-tui-1kg-hat-lon-2-5","status":"publish","type":"product","link":"https:\/\/dev.tolio.co.nz\/en\/product\/tran-chau-hoang-kim-dou-xian-i-1kg-hat-can-2-5\/","title":{"rendered":"Tr\u00e2n ch\u00e2u ho\u00e0ng kim Dou Xian t\u00fai 1kg h\u1ea1t l\u1edbn 2.5"},"content":{"rendered":"<p><strong>Tr\u00e2n ch\u00e2u ho\u00e0ng kim Dou Xian t\u00fai 1kg h\u1ea1t l\u1edbn 2.5<\/strong> c\u00f3 th\u00e0nh ph\u1ea7n g\u1ed3m b\u1ed9t s\u1eafn,n\u01b0\u1edbc, m\u00e0u caramel, h\u01b0\u01a1ng li\u1ec7u. Tr\u00e2n ch\u00e2u \u0111\u01b0\u1ee3c d\u00f9ng trong c\u00e1c m\u00f3n ch\u00e8 th\u1eadp c\u1ea9m ho\u1eb7c ch\u00e8 th\u00e1i, s\u1eefa chua, \u0111\u1eb7c bi\u1ec7t trong tr\u00e0 s\u1eefa ch\u00e2n tr\u00e2u.<\/p>\n<p><strong>H\u01b0\u1edbng d\u1eabn s\u1eed d\u1ee5ng:<\/strong><\/p>\n<ul>\n<li>Theo t\u1ef7 l\u1ec7: 1kg tr\u00e2n ch\u00e2u 5 l\u00edt n\u01b0\u1edbc, \u0111un s\u00f4i 100 \u0111\u1ed9 C.<\/li>\n<li>\u0110\u1ec3 s\u00f4i v\u00e0 khu\u1ea5y \u0111\u1ec1u trong su\u1ed1t th\u1eddi gian n\u1ea5u (30 ph\u00fat)<\/li>\n<li>Sau \u0111\u00f3 t\u1eaft l\u1eeda \u0111\u1eady n\u1eafp \u1ee7 20 ph\u00fat<\/li>\n<li>Cu\u1ed1i c\u00f9ng \u0111\u1ed5 ra r\u1eeda l\u1ea1i v\u1edbi n\u01b0\u1edbc l\u1ea1nh.<\/li>\n<li>T\u00f9y theo kh\u1ea9u v\u1ecb c\u00f3 th\u1ec3 tr\u1ed9n chung v\u1edbi c\u00e1c lo\u1ea1i siro nh\u01b0: \u0111\u01b0\u1eddng \u0111en, m\u1eadt ong, socola, n\u01b0\u1edbc \u0111\u01b0\u1eddng\u2026<\/li>\n<\/ul>\n<p><strong>B\u1ea3o qu\u1ea3n:<\/strong><\/p>\n<ul>\n<li>\u0110\u1ec3 n\u01a1i kh\u00f4 r\u00e1o, tho\u00e1ng m\u00e1t.<\/li>\n<li>Tr\u00e1nh \u00e1nh n\u1eafng tr\u1ef1c ti\u1ebfp ho\u1eb7c n\u01a1i c\u00f3 nhi\u1ec7t \u0111\u1ed9 cao.<\/li>\n<\/ul>\n<p>&nbsp;<\/p>","protected":false},"excerpt":{"rendered":"<ul>\n<li>Th\u01b0\u01a1ng hi\u1ec7u: Dou xian<\/li>\n<li>Xu\u1ea5t x\u1ee9 th\u01b0\u01a1ng hi\u1ec7u: Vi\u1ec7t Nam<\/li>\n<li>Quy c\u00e1ch \u0111\u00f3ng g\u00f3i: G\u00f3i 1kg<\/li>\n<li>L\u01b0u \u00fd: Bao b\u00ec s\u1ea3n ph\u1ea9m c\u00f3 th\u1ec3 thay \u0111\u1ed5i theo t\u1eebng \u0111\u1ee3t nh\u1eadp h\u00e0ng<\/li>\n<\/ul>\n<p>&nbsp;<\/p>","protected":false},"featured_media":20857,"comment_status":"open","ping_status":"closed","template":"","meta":[],"product_brand":[],"product_cat":[34,35,31],"product_tag":[808],"class_list":{"0":"post-14978","1":"product","2":"type-product","3":"status-publish","4":"has-post-thumbnail","6":"product_cat-thuc-uong","7":"product_cat-banh-keo","8":"product_cat-hang-moi-ve","9":"product_tag-tran-chau","10":"pa_thuong-hieu-dou-xian","12":"first","13":"instock","14":"shipping-taxable","15":"purchasable","16":"product-type-simple"},"yoast_head":"<!-- This site is optimized with the Yoast SEO plugin v24.4 - https:\/\/yoast.com\/wordpress\/plugins\/seo\/ -->\n<title>Tr\u00e2n ch\u00e2u ho\u00e0ng kim Dou Xian t\u00fai 1kg h\u1ea1t l\u1edbn 2.5 - TOLIO<\/title>\n<meta name=\"description\" content=\"Th\u01b0\u01a1ng hi\u1ec7u: Dou xian  Xu\u1ea5t x\u1ee9 th\u01b0\u01a1ng hi\u1ec7u: Vi\u1ec7t Nam  Quy c\u00e1ch \u0111\u00f3ng g\u00f3i: G\u00f3i 1kg  L\u01b0u \u00fd: Bao b\u00ec s\u1ea3n ph\u1ea9m c\u00f3 th\u1ec3 thay \u0111\u1ed5i theo t\u1eebng \u0111\u1ee3t nh\u1eadp h\u00e0ng  &nbsp;\" \/>\n<meta name=\"robots\" content=\"index, follow, max-snippet:-1, max-image-preview:large, max-video-preview:-1\" \/>\n<link rel=\"canonical\" href=\"https:\/\/dev.tolio.co.nz\/en\/product\/tran-chau-hoang-kim-dou-xian-i-1kg-hat-can-2-5\/\" \/>\n<meta property=\"og:locale\" content=\"en_US\" \/>\n<meta property=\"og:type\" content=\"article\" \/>\n<meta property=\"og:title\" content=\"Tr\u00e2n ch\u00e2u ho\u00e0ng kim Dou Xian t\u00fai 1kg h\u1ea1t l\u1edbn 2.5 - TOLIO\" \/>\n<meta property=\"og:description\" content=\"Th\u01b0\u01a1ng hi\u1ec7u: Dou xian  Xu\u1ea5t x\u1ee9 th\u01b0\u01a1ng hi\u1ec7u: Vi\u1ec7t Nam  Quy c\u00e1ch \u0111\u00f3ng g\u00f3i: G\u00f3i 1kg  L\u01b0u \u00fd: Bao b\u00ec s\u1ea3n ph\u1ea9m c\u00f3 th\u1ec3 thay \u0111\u1ed5i theo t\u1eebng \u0111\u1ee3t nh\u1eadp h\u00e0ng  &nbsp;\" \/>\n<meta property=\"og:url\" content=\"https:\/\/dev.tolio.co.nz\/en\/product\/tran-chau-hoang-kim-dou-xian-i-1kg-hat-can-2-5\/\" \/>\n<meta property=\"og:site_name\" content=\"TOLIO\" \/>\n<meta property=\"article:modified_time\" content=\"2025-09-11T03:59:57+00:00\" \/>\n<meta property=\"og:image\" content=\"https:\/\/dev.tolio.co.nz\/wp-content\/uploads\/2024\/03\/368.png\" \/>\n\t<meta property=\"og:image:width\" content=\"1000\" \/>\n\t<meta property=\"og:image:height\" content=\"907\" \/>\n\t<meta property=\"og:image:type\" content=\"image\/png\" \/>\n<meta name=\"twitter:card\" content=\"summary_large_image\" \/>\n<meta name=\"twitter:label1\" content=\"Est. reading time\" \/>\n\t<meta name=\"twitter:data1\" content=\"1 minute\" \/>\n<script type=\"application\/ld+json\" class=\"yoast-schema-graph\">{\"@context\":\"https:\/\/schema.org\",\"@graph\":[{\"@type\":\"WebPage\",\"@id\":\"https:\/\/dev.tolio.co.nz\/san-pham\/tran-chau-hoang-kim-dou-xian-tui-1kg-hat-lon-2-5\/\",\"url\":\"https:\/\/dev.tolio.co.nz\/san-pham\/tran-chau-hoang-kim-dou-xian-tui-1kg-hat-lon-2-5\/\",\"name\":\"Tr\u00e2n ch\u00e2u ho\u00e0ng kim Dou Xian t\u00fai 1kg h\u1ea1t l\u1edbn 2.5 - TOLIO\",\"isPartOf\":{\"@id\":\"https:\/\/dev.tolio.co.nz\/#website\"},\"primaryImageOfPage\":{\"@id\":\"https:\/\/dev.tolio.co.nz\/san-pham\/tran-chau-hoang-kim-dou-xian-tui-1kg-hat-lon-2-5\/#primaryimage\"},\"image\":{\"@id\":\"https:\/\/dev.tolio.co.nz\/san-pham\/tran-chau-hoang-kim-dou-xian-tui-1kg-hat-lon-2-5\/#primaryimage\"},\"thumbnailUrl\":\"https:\/\/dev.tolio.co.nz\/wp-content\/uploads\/2024\/03\/368.png\",\"datePublished\":\"2024-03-27T12:40:35+00:00\",\"dateModified\":\"2025-09-11T03:59:57+00:00\",\"description\":\"Th\u01b0\u01a1ng hi\u1ec7u: Dou xian Xu\u1ea5t x\u1ee9 th\u01b0\u01a1ng hi\u1ec7u: Vi\u1ec7t Nam Quy c\u00e1ch \u0111\u00f3ng g\u00f3i: G\u00f3i 1kg L\u01b0u \u00fd: Bao b\u00ec s\u1ea3n ph\u1ea9m c\u00f3 th\u1ec3 thay \u0111\u1ed5i theo t\u1eebng \u0111\u1ee3t nh\u1eadp h\u00e0ng &nbsp;\",\"breadcrumb\":{\"@id\":\"https:\/\/dev.tolio.co.nz\/san-pham\/tran-chau-hoang-kim-dou-xian-tui-1kg-hat-lon-2-5\/#breadcrumb\"},\"inLanguage\":\"en-US\",\"potentialAction\":[{\"@type\":\"ReadAction\",\"target\":[\"https:\/\/dev.tolio.co.nz\/san-pham\/tran-chau-hoang-kim-dou-xian-tui-1kg-hat-lon-2-5\/\"]}]},{\"@type\":\"ImageObject\",\"inLanguage\":\"en-US\",\"@id\":\"https:\/\/dev.tolio.co.nz\/san-pham\/tran-chau-hoang-kim-dou-xian-tui-1kg-hat-lon-2-5\/#primaryimage\",\"url\":\"https:\/\/dev.tolio.co.nz\/wp-content\/uploads\/2024\/03\/368.png\",\"contentUrl\":\"https:\/\/dev.tolio.co.nz\/wp-content\/uploads\/2024\/03\/368.png\",\"width\":1000,\"height\":907},{\"@type\":\"BreadcrumbList\",\"@id\":\"https:\/\/dev.tolio.co.nz\/san-pham\/tran-chau-hoang-kim-dou-xian-tui-1kg-hat-lon-2-5\/#breadcrumb\",\"itemListElement\":[{\"@type\":\"ListItem\",\"position\":1,\"name\":\"Home\",\"item\":\"https:\/\/dev.tolio.co.nz\/\"},{\"@type\":\"ListItem\",\"position\":2,\"name\":\"C\u1eeda h\u00e0ng\",\"item\":\"https:\/\/dev.tolio.co.nz\/cua-hang\/\"},{\"@type\":\"ListItem\",\"position\":3,\"name\":\"Tr\u00e2n ch\u00e2u ho\u00e0ng kim Dou Xian t\u00fai 1kg h\u1ea1t l\u1edbn 2.5\"}]},{\"@type\":\"WebSite\",\"@id\":\"https:\/\/dev.tolio.co.nz\/#website\",\"url\":\"https:\/\/dev.tolio.co.nz\/\",\"name\":\"TOLIO\",\"description\":\"Vietnamese Grocery Online\",\"potentialAction\":[{\"@type\":\"SearchAction\",\"target\":{\"@type\":\"EntryPoint\",\"urlTemplate\":\"https:\/\/dev.tolio.co.nz\/?s={search_term_string}\"},\"query-input\":{\"@type\":\"PropertyValueSpecification\",\"valueRequired\":true,\"valueName\":\"search_term_string\"}}],\"inLanguage\":\"en-US\"}]}<\/script>\n<!-- \/ Yoast SEO plugin. -->","yoast_head_json":{"title":"Tr\u00e2n ch\u00e2u ho\u00e0ng kim Dou Xian t\u00fai 1kg h\u1ea1t l\u1edbn 2.5 - TOLIO","description":"Th\u01b0\u01a1ng hi\u1ec7u: Dou xian  Xu\u1ea5t x\u1ee9 th\u01b0\u01a1ng hi\u1ec7u: Vi\u1ec7t Nam  Quy c\u00e1ch \u0111\u00f3ng g\u00f3i: G\u00f3i 1kg  L\u01b0u \u00fd: Bao b\u00ec s\u1ea3n ph\u1ea9m c\u00f3 th\u1ec3 thay \u0111\u1ed5i theo t\u1eebng \u0111\u1ee3t nh\u1eadp h\u00e0ng  &nbsp;","robots":{"index":"index","follow":"follow","max-snippet":"max-snippet:-1","max-image-preview":"max-image-preview:large","max-video-preview":"max-video-preview:-1"},"canonical":"https:\/\/dev.tolio.co.nz\/en\/product\/tran-chau-hoang-kim-dou-xian-i-1kg-hat-can-2-5\/","og_locale":"en_US","og_type":"article","og_title":"Tr\u00e2n ch\u00e2u ho\u00e0ng kim Dou Xian t\u00fai 1kg h\u1ea1t l\u1edbn 2.5 - TOLIO","og_description":"Th\u01b0\u01a1ng hi\u1ec7u: Dou xian  Xu\u1ea5t x\u1ee9 th\u01b0\u01a1ng hi\u1ec7u: Vi\u1ec7t Nam  Quy c\u00e1ch \u0111\u00f3ng g\u00f3i: G\u00f3i 1kg  L\u01b0u \u00fd: Bao b\u00ec s\u1ea3n ph\u1ea9m c\u00f3 th\u1ec3 thay \u0111\u1ed5i theo t\u1eebng \u0111\u1ee3t nh\u1eadp h\u00e0ng  &nbsp;","og_url":"https:\/\/dev.tolio.co.nz\/en\/product\/tran-chau-hoang-kim-dou-xian-i-1kg-hat-can-2-5\/","og_site_name":"TOLIO","article_modified_time":"2025-09-11T03:59:57+00:00","og_image":[{"width":1000,"height":907,"url":"https:\/\/dev.tolio.co.nz\/wp-content\/uploads\/2024\/03\/368.png","type":"image\/png"}],"twitter_card":"summary_large_image","twitter_misc":{"Est. reading time":"1 minute"},"schema":{"@context":"https:\/\/schema.org","@graph":[{"@type":"WebPage","@id":"https:\/\/dev.tolio.co.nz\/san-pham\/tran-chau-hoang-kim-dou-xian-tui-1kg-hat-lon-2-5\/","url":"https:\/\/dev.tolio.co.nz\/san-pham\/tran-chau-hoang-kim-dou-xian-tui-1kg-hat-lon-2-5\/","name":"Tr\u00e2n ch\u00e2u ho\u00e0ng kim Dou Xian t\u00fai 1kg h\u1ea1t l\u1edbn 2.5 - TOLIO","isPartOf":{"@id":"https:\/\/dev.tolio.co.nz\/#website"},"primaryImageOfPage":{"@id":"https:\/\/dev.tolio.co.nz\/san-pham\/tran-chau-hoang-kim-dou-xian-tui-1kg-hat-lon-2-5\/#primaryimage"},"image":{"@id":"https:\/\/dev.tolio.co.nz\/san-pham\/tran-chau-hoang-kim-dou-xian-tui-1kg-hat-lon-2-5\/#primaryimage"},"thumbnailUrl":"https:\/\/dev.tolio.co.nz\/wp-content\/uploads\/2024\/03\/368.png","datePublished":"2024-03-27T12:40:35+00:00","dateModified":"2025-09-11T03:59:57+00:00","description":"Th\u01b0\u01a1ng hi\u1ec7u: Dou xian Xu\u1ea5t x\u1ee9 th\u01b0\u01a1ng hi\u1ec7u: Vi\u1ec7t Nam Quy c\u00e1ch \u0111\u00f3ng g\u00f3i: G\u00f3i 1kg L\u01b0u \u00fd: Bao b\u00ec s\u1ea3n ph\u1ea9m c\u00f3 th\u1ec3 thay \u0111\u1ed5i theo t\u1eebng \u0111\u1ee3t nh\u1eadp h\u00e0ng &nbsp;","breadcrumb":{"@id":"https:\/\/dev.tolio.co.nz\/san-pham\/tran-chau-hoang-kim-dou-xian-tui-1kg-hat-lon-2-5\/#breadcrumb"},"inLanguage":"en-US","potentialAction":[{"@type":"ReadAction","target":["https:\/\/dev.tolio.co.nz\/san-pham\/tran-chau-hoang-kim-dou-xian-tui-1kg-hat-lon-2-5\/"]}]},{"@type":"ImageObject","inLanguage":"en-US","@id":"https:\/\/dev.tolio.co.nz\/san-pham\/tran-chau-hoang-kim-dou-xian-tui-1kg-hat-lon-2-5\/#primaryimage","url":"https:\/\/dev.tolio.co.nz\/wp-content\/uploads\/2024\/03\/368.png","contentUrl":"https:\/\/dev.tolio.co.nz\/wp-content\/uploads\/2024\/03\/368.png","width":1000,"height":907},{"@type":"BreadcrumbList","@id":"https:\/\/dev.tolio.co.nz\/san-pham\/tran-chau-hoang-kim-dou-xian-tui-1kg-hat-lon-2-5\/#breadcrumb","itemListElement":[{"@type":"ListItem","position":1,"name":"Home","item":"https:\/\/dev.tolio.co.nz\/"},{"@type":"ListItem","position":2,"name":"C\u1eeda h\u00e0ng","item":"https:\/\/dev.tolio.co.nz\/cua-hang\/"},{"@type":"ListItem","position":3,"name":"Tr\u00e2n ch\u00e2u ho\u00e0ng kim Dou Xian t\u00fai 1kg h\u1ea1t l\u1edbn 2.5"}]},{"@type":"WebSite","@id":"https:\/\/dev.tolio.co.nz\/#website","url":"https:\/\/dev.tolio.co.nz\/","name":"TOLIO","description":"Vietnamese Grocery Online","potentialAction":[{"@type":"SearchAction","target":{"@type":"EntryPoint","urlTemplate":"https:\/\/dev.tolio.co.nz\/?s={search_term_string}"},"query-input":{"@type":"PropertyValueSpecification","valueRequired":true,"valueName":"search_term_string"}}],"inLanguage":"en-US"}]}},"_links":{"self":[{"href":"https:\/\/dev.tolio.co.nz\/en\/wp-json\/wp\/v2\/product\/14978","targetHints":{"allow":["GET"]}}],"collection":[{"href":"https:\/\/dev.tolio.co.nz\/en\/wp-json\/wp\/v2\/product"}],"about":[{"href":"https:\/\/dev.tolio.co.nz\/en\/wp-json\/wp\/v2\/types\/product"}],"replies":[{"embeddable":true,"href":"https:\/\/dev.tolio.co.nz\/en\/wp-json\/wp\/v2\/comments?post=14978"}],"wp:featuredmedia":[{"embeddable":true,"href":"https:\/\/dev.tolio.co.nz\/en\/wp-json\/wp\/v2\/media\/20857"}],"wp:attachment":[{"href":"https:\/\/dev.tolio.co.nz\/en\/wp-json\/wp\/v2\/media?parent=14978"}],"wp:term":[{"taxonomy":"product_brand","embeddable":true,"href":"https:\/\/dev.tolio.co.nz\/en\/wp-json\/wp\/v2\/product_brand?post=14978"},{"taxonomy":"product_cat","embeddable":true,"href":"https:\/\/dev.tolio.co.nz\/en\/wp-json\/wp\/v2\/product_cat?post=14978"},{"taxonomy":"product_tag","embeddable":true,"href":"https:\/\/dev.tolio.co.nz\/en\/wp-json\/wp\/v2\/product_tag?post=14978"}],"curies":[{"name":"wp","href":"https:\/\/api.w.org\/{rel}","templated":true}]}}