{"id":1520,"date":"2022-01-11T22:57:00","date_gmt":"2022-01-11T10:12:00","guid":{"rendered":"https:\/\/tolio2.sitebycat.com\/?post_type=product&#038;p=1520"},"modified":"2025-09-11T16:00:55","modified_gmt":"2025-09-11T04:00:55","slug":"banh-pho-ba-cay-tre-3mm-goi-400g","status":"publish","type":"product","link":"https:\/\/dev.tolio.co.nz\/en\/product\/bamboo-spicy-pho-banh-mi-3mm-package-400g\/","title":{"rendered":"B\u00e1nh ph\u1edf Ba C\u00e2y Tre 3mm g\u00f3i 400g"},"content":{"rendered":"<p><strong>B\u00e1nh ph\u1edf Ba C\u00e2y Tre 3mm g\u00f3i 400g <\/strong>ph\u1ea3ng ph\u1ea5t h\u01b0\u01a1ng v\u1ecb b\u00f9i b\u00f9i c\u1ee7a g\u1ea1o (kh\u00f4ng \u00f4i, chua), m\u00e0u tr\u1eafng h\u01a1i \u0111\u1ee5c (kh\u00f4ng ng\u1ea3 v\u00e0ng), b\u1ec1 m\u1eb7t ph\u1eb3ng \u0111\u1ec1u v\u00e0 b\u00f3ng (kh\u00f4ng v\u1ebft r\u1ed7), ch\u1ea1m v\u00e0o th\u1ea5y m\u00e1t v\u00e0 v\u1eeba d\u1ebbo, v\u1eeba m\u1ec1m (kh\u00f4ng dai hay c\u1ee9ng).<\/p>\n<p><strong>H\u01b0\u1edbng d\u1eabn s\u1eed d\u1ee5ng:<\/strong><\/p>\n<ul>\n<li>B\u00fan t\u01b0\u01a1i: Tr\u1ee5ng b\u00fan v\u00e0o n\u01b0\u1edbc \u0111ang s\u00f4i kho\u1ea3ng 8 ph\u00fat, v\u1edbt ra x\u1ea3 l\u1ea1i b\u1eb1ng n\u01b0\u1edbc l\u1ea1nh cho \u0111\u1ebfn khi s\u1ee3i b\u00fan ngu\u1ed9i, \u0111\u1ec3 r\u00e1o n\u01b0\u1edbc l\u00e0 d\u00f9ng \u0111\u01b0\u1ee3c. B\u00fan \u0111\u1ec3 \u0111\u01b0\u1ee3c t\u1eeb 6 \u2013 8h m\u00e0 kh\u00f4ng b\u1ecb h\u01b0. D\u00f9ng b\u00fan t\u01b0\u01a1i v\u1edbi th\u1ecbt n\u01b0\u1edbng, ch\u1ea3 gi\u00f2 ho\u1eb7c d\u00f9ng v\u1edbi n\u01b0\u1edbc l\u00e8o t\u00f9y th\u00edch.<\/li>\n<li>B\u00fan x\u00e0o: Tr\u1ee5ng b\u00fan v\u00e0o n\u01b0\u1edbc \u0111ang s\u00f4i kho\u1ea3ng 7 ph\u00fat, v\u1edbt ra x\u1ea3 l\u1ea1i b\u1eb1ng n\u01b0\u1edbc l\u1ea1nh cho \u0111\u1ebfn khi s\u1ee3i b\u00fan ngu\u1ed9i, \u0111\u1ec3 r\u00e1o n\u01b0\u1edbc. Chu\u1ea9n b\u1ecb ch\u1ea3o n\u00f3ng, cho m\u1ed9t \u00edt d\u1ea7u \u0103n v\u00e0o sau \u0111\u00f3 x\u00e0o c\u00e1c lo\u1ea1i rau c\u1ee7, th\u1ecbt, n\u1ea5m, h\u1ea3i s\u1ea3n v\u00e0 gia v\u1ecb. Sau khi h\u1ed7n h\u1ee3p \u0111\u00e3 ch\u00edn, cho b\u00fan v\u00e0o ch\u1ea3o tr\u1ed9n \u0111\u1ec1u kho\u1ea3ng 30 gi\u00e2y l\u00e0 c\u00f3 th\u1ec3 d\u00f9ng \u0111\u01b0\u1ee3c.<\/li>\n<\/ul>\n<p><strong>B\u1ea3o qu\u1ea3n:<\/strong><\/p>\n<ul>\n<li>B\u1ea3o qu\u1ea3n n\u01a1i kh\u00f4 r\u00e1o, tho\u00e1ng m\u00e1t.<\/li>\n<li>Tr\u00e1nh \u00e1nh n\u1eafng tr\u1ef1c ti\u1ebfp.<\/li>\n<\/ul>\n<p>&nbsp;<\/p>","protected":false},"excerpt":{"rendered":"<ul>\n<li>Th\u01b0\u01a1ng hi\u1ec7u: Ba c\u00e2y tre<\/li>\n<li>Xu\u1ea5t x\u1ee9 th\u01b0\u01a1ng hi\u1ec7u: Vi\u1ec7t Nam<\/li>\n<li>Quy c\u00e1ch \u0111\u00f3ng g\u00f3i: B\u1ecbch 400g<\/li>\n<li>L\u01b0u \u00fd: Bao b\u00ec s\u1ea3n ph\u1ea9m c\u00f3 th\u1ec3 thay \u0111\u1ed5i theo t\u1eebng \u0111\u1ee3t nh\u1eadp h\u00e0ng<\/li>\n<\/ul>\n<p>&nbsp;<\/p>","protected":false},"featured_media":20586,"comment_status":"open","ping_status":"closed","template":"","meta":[],"product_brand":[],"product_cat":[32,31],"product_tag":[129,157,158],"class_list":{"0":"post-1520","1":"product","2":"type-product","3":"status-publish","4":"has-post-thumbnail","6":"product_cat-bun-pho-banh-trang","7":"product_cat-hang-moi-ve","8":"product_tag-banh-pho","9":"product_tag-banh-pho-ba-cay-tre","10":"product_tag-pho","11":"pa_thuong-hieu-ba-cay-tre","13":"first","14":"instock","15":"sale","16":"shipping-taxable","17":"purchasable","18":"product-type-simple"},"yoast_head":"<!-- This site is optimized with the Yoast SEO plugin v24.4 - https:\/\/yoast.com\/wordpress\/plugins\/seo\/ -->\n<title>B\u00e1nh ph\u1edf Ba C\u00e2y Tre 3mm g\u00f3i 400g - TOLIO<\/title>\n<meta name=\"description\" content=\"Th\u01b0\u01a1ng hi\u1ec7u: Ba c\u00e2y tre  Xu\u1ea5t x\u1ee9 th\u01b0\u01a1ng hi\u1ec7u: Vi\u1ec7t Nam  Quy c\u00e1ch \u0111\u00f3ng g\u00f3i: B\u1ecbch 400g  L\u01b0u \u00fd: Bao b\u00ec s\u1ea3n ph\u1ea9m c\u00f3 th\u1ec3 thay \u0111\u1ed5i theo t\u1eebng \u0111\u1ee3t nh\u1eadp h\u00e0ng  &nbsp;\" \/>\n<meta name=\"robots\" content=\"index, follow, max-snippet:-1, max-image-preview:large, max-video-preview:-1\" \/>\n<link rel=\"canonical\" href=\"https:\/\/dev.tolio.co.nz\/en\/product\/bamboo-spicy-pho-banh-mi-3mm-package-400g\/\" \/>\n<meta property=\"og:locale\" content=\"en_US\" \/>\n<meta property=\"og:type\" content=\"article\" \/>\n<meta property=\"og:title\" content=\"B\u00e1nh ph\u1edf Ba C\u00e2y Tre 3mm g\u00f3i 400g - TOLIO\" \/>\n<meta property=\"og:description\" content=\"Th\u01b0\u01a1ng hi\u1ec7u: Ba c\u00e2y tre  Xu\u1ea5t x\u1ee9 th\u01b0\u01a1ng hi\u1ec7u: Vi\u1ec7t Nam  Quy c\u00e1ch \u0111\u00f3ng g\u00f3i: B\u1ecbch 400g  L\u01b0u \u00fd: Bao b\u00ec s\u1ea3n ph\u1ea9m c\u00f3 th\u1ec3 thay \u0111\u1ed5i theo t\u1eebng \u0111\u1ee3t nh\u1eadp h\u00e0ng  &nbsp;\" \/>\n<meta property=\"og:url\" content=\"https:\/\/dev.tolio.co.nz\/en\/product\/bamboo-spicy-pho-banh-mi-3mm-package-400g\/\" \/>\n<meta property=\"og:site_name\" content=\"TOLIO\" \/>\n<meta property=\"article:modified_time\" content=\"2025-09-11T04:00:55+00:00\" \/>\n<meta property=\"og:image\" content=\"https:\/\/dev.tolio.co.nz\/wp-content\/uploads\/2022\/01\/3mm.png\" \/>\n\t<meta property=\"og:image:width\" content=\"1000\" \/>\n\t<meta property=\"og:image:height\" content=\"907\" \/>\n\t<meta property=\"og:image:type\" content=\"image\/png\" \/>\n<meta name=\"twitter:card\" content=\"summary_large_image\" \/>\n<meta name=\"twitter:label1\" content=\"Est. reading time\" \/>\n\t<meta name=\"twitter:data1\" content=\"2 minutes\" \/>\n<script type=\"application\/ld+json\" class=\"yoast-schema-graph\">{\"@context\":\"https:\/\/schema.org\",\"@graph\":[{\"@type\":\"WebPage\",\"@id\":\"https:\/\/dev.tolio.co.nz\/san-pham\/banh-pho-ba-cay-tre-3mm-goi-400g\/\",\"url\":\"https:\/\/dev.tolio.co.nz\/san-pham\/banh-pho-ba-cay-tre-3mm-goi-400g\/\",\"name\":\"B\u00e1nh ph\u1edf Ba C\u00e2y Tre 3mm g\u00f3i 400g - TOLIO\",\"isPartOf\":{\"@id\":\"https:\/\/dev.tolio.co.nz\/#website\"},\"primaryImageOfPage\":{\"@id\":\"https:\/\/dev.tolio.co.nz\/san-pham\/banh-pho-ba-cay-tre-3mm-goi-400g\/#primaryimage\"},\"image\":{\"@id\":\"https:\/\/dev.tolio.co.nz\/san-pham\/banh-pho-ba-cay-tre-3mm-goi-400g\/#primaryimage\"},\"thumbnailUrl\":\"https:\/\/dev.tolio.co.nz\/wp-content\/uploads\/2022\/01\/3mm.png\",\"datePublished\":\"2022-01-11T10:12:00+00:00\",\"dateModified\":\"2025-09-11T04:00:55+00:00\",\"description\":\"Th\u01b0\u01a1ng hi\u1ec7u: Ba c\u00e2y tre Xu\u1ea5t x\u1ee9 th\u01b0\u01a1ng hi\u1ec7u: Vi\u1ec7t Nam Quy c\u00e1ch \u0111\u00f3ng g\u00f3i: B\u1ecbch 400g L\u01b0u \u00fd: Bao b\u00ec s\u1ea3n ph\u1ea9m c\u00f3 th\u1ec3 thay \u0111\u1ed5i theo t\u1eebng \u0111\u1ee3t nh\u1eadp h\u00e0ng &nbsp;\",\"breadcrumb\":{\"@id\":\"https:\/\/dev.tolio.co.nz\/san-pham\/banh-pho-ba-cay-tre-3mm-goi-400g\/#breadcrumb\"},\"inLanguage\":\"en-US\",\"potentialAction\":[{\"@type\":\"ReadAction\",\"target\":[\"https:\/\/dev.tolio.co.nz\/san-pham\/banh-pho-ba-cay-tre-3mm-goi-400g\/\"]}]},{\"@type\":\"ImageObject\",\"inLanguage\":\"en-US\",\"@id\":\"https:\/\/dev.tolio.co.nz\/san-pham\/banh-pho-ba-cay-tre-3mm-goi-400g\/#primaryimage\",\"url\":\"https:\/\/dev.tolio.co.nz\/wp-content\/uploads\/2022\/01\/3mm.png\",\"contentUrl\":\"https:\/\/dev.tolio.co.nz\/wp-content\/uploads\/2022\/01\/3mm.png\",\"width\":1000,\"height\":907},{\"@type\":\"BreadcrumbList\",\"@id\":\"https:\/\/dev.tolio.co.nz\/san-pham\/banh-pho-ba-cay-tre-3mm-goi-400g\/#breadcrumb\",\"itemListElement\":[{\"@type\":\"ListItem\",\"position\":1,\"name\":\"Home\",\"item\":\"https:\/\/dev.tolio.co.nz\/\"},{\"@type\":\"ListItem\",\"position\":2,\"name\":\"C\u1eeda h\u00e0ng\",\"item\":\"https:\/\/dev.tolio.co.nz\/cua-hang\/\"},{\"@type\":\"ListItem\",\"position\":3,\"name\":\"B\u00e1nh ph\u1edf Ba C\u00e2y Tre 3mm g\u00f3i 400g\"}]},{\"@type\":\"WebSite\",\"@id\":\"https:\/\/dev.tolio.co.nz\/#website\",\"url\":\"https:\/\/dev.tolio.co.nz\/\",\"name\":\"TOLIO\",\"description\":\"Vietnamese Grocery Online\",\"potentialAction\":[{\"@type\":\"SearchAction\",\"target\":{\"@type\":\"EntryPoint\",\"urlTemplate\":\"https:\/\/dev.tolio.co.nz\/?s={search_term_string}\"},\"query-input\":{\"@type\":\"PropertyValueSpecification\",\"valueRequired\":true,\"valueName\":\"search_term_string\"}}],\"inLanguage\":\"en-US\"}]}<\/script>\n<!-- \/ Yoast SEO plugin. -->","yoast_head_json":{"title":"B\u00e1nh ph\u1edf Ba C\u00e2y Tre 3mm g\u00f3i 400g - TOLIO","description":"Th\u01b0\u01a1ng hi\u1ec7u: Ba c\u00e2y tre  Xu\u1ea5t x\u1ee9 th\u01b0\u01a1ng hi\u1ec7u: Vi\u1ec7t Nam  Quy c\u00e1ch \u0111\u00f3ng g\u00f3i: B\u1ecbch 400g  L\u01b0u \u00fd: Bao b\u00ec s\u1ea3n ph\u1ea9m c\u00f3 th\u1ec3 thay \u0111\u1ed5i theo t\u1eebng \u0111\u1ee3t nh\u1eadp h\u00e0ng  &nbsp;","robots":{"index":"index","follow":"follow","max-snippet":"max-snippet:-1","max-image-preview":"max-image-preview:large","max-video-preview":"max-video-preview:-1"},"canonical":"https:\/\/dev.tolio.co.nz\/en\/product\/bamboo-spicy-pho-banh-mi-3mm-package-400g\/","og_locale":"en_US","og_type":"article","og_title":"B\u00e1nh ph\u1edf Ba C\u00e2y Tre 3mm g\u00f3i 400g - TOLIO","og_description":"Th\u01b0\u01a1ng hi\u1ec7u: Ba c\u00e2y tre  Xu\u1ea5t x\u1ee9 th\u01b0\u01a1ng hi\u1ec7u: Vi\u1ec7t Nam  Quy c\u00e1ch \u0111\u00f3ng g\u00f3i: B\u1ecbch 400g  L\u01b0u \u00fd: Bao b\u00ec s\u1ea3n ph\u1ea9m c\u00f3 th\u1ec3 thay \u0111\u1ed5i theo t\u1eebng \u0111\u1ee3t nh\u1eadp h\u00e0ng  &nbsp;","og_url":"https:\/\/dev.tolio.co.nz\/en\/product\/bamboo-spicy-pho-banh-mi-3mm-package-400g\/","og_site_name":"TOLIO","article_modified_time":"2025-09-11T04:00:55+00:00","og_image":[{"width":1000,"height":907,"url":"https:\/\/dev.tolio.co.nz\/wp-content\/uploads\/2022\/01\/3mm.png","type":"image\/png"}],"twitter_card":"summary_large_image","twitter_misc":{"Est. reading time":"2 minutes"},"schema":{"@context":"https:\/\/schema.org","@graph":[{"@type":"WebPage","@id":"https:\/\/dev.tolio.co.nz\/san-pham\/banh-pho-ba-cay-tre-3mm-goi-400g\/","url":"https:\/\/dev.tolio.co.nz\/san-pham\/banh-pho-ba-cay-tre-3mm-goi-400g\/","name":"B\u00e1nh ph\u1edf Ba C\u00e2y Tre 3mm g\u00f3i 400g - TOLIO","isPartOf":{"@id":"https:\/\/dev.tolio.co.nz\/#website"},"primaryImageOfPage":{"@id":"https:\/\/dev.tolio.co.nz\/san-pham\/banh-pho-ba-cay-tre-3mm-goi-400g\/#primaryimage"},"image":{"@id":"https:\/\/dev.tolio.co.nz\/san-pham\/banh-pho-ba-cay-tre-3mm-goi-400g\/#primaryimage"},"thumbnailUrl":"https:\/\/dev.tolio.co.nz\/wp-content\/uploads\/2022\/01\/3mm.png","datePublished":"2022-01-11T10:12:00+00:00","dateModified":"2025-09-11T04:00:55+00:00","description":"Th\u01b0\u01a1ng hi\u1ec7u: Ba c\u00e2y tre Xu\u1ea5t x\u1ee9 th\u01b0\u01a1ng hi\u1ec7u: Vi\u1ec7t Nam Quy c\u00e1ch \u0111\u00f3ng g\u00f3i: B\u1ecbch 400g L\u01b0u \u00fd: Bao b\u00ec s\u1ea3n ph\u1ea9m c\u00f3 th\u1ec3 thay \u0111\u1ed5i theo t\u1eebng \u0111\u1ee3t nh\u1eadp h\u00e0ng &nbsp;","breadcrumb":{"@id":"https:\/\/dev.tolio.co.nz\/san-pham\/banh-pho-ba-cay-tre-3mm-goi-400g\/#breadcrumb"},"inLanguage":"en-US","potentialAction":[{"@type":"ReadAction","target":["https:\/\/dev.tolio.co.nz\/san-pham\/banh-pho-ba-cay-tre-3mm-goi-400g\/"]}]},{"@type":"ImageObject","inLanguage":"en-US","@id":"https:\/\/dev.tolio.co.nz\/san-pham\/banh-pho-ba-cay-tre-3mm-goi-400g\/#primaryimage","url":"https:\/\/dev.tolio.co.nz\/wp-content\/uploads\/2022\/01\/3mm.png","contentUrl":"https:\/\/dev.tolio.co.nz\/wp-content\/uploads\/2022\/01\/3mm.png","width":1000,"height":907},{"@type":"BreadcrumbList","@id":"https:\/\/dev.tolio.co.nz\/san-pham\/banh-pho-ba-cay-tre-3mm-goi-400g\/#breadcrumb","itemListElement":[{"@type":"ListItem","position":1,"name":"Home","item":"https:\/\/dev.tolio.co.nz\/"},{"@type":"ListItem","position":2,"name":"C\u1eeda h\u00e0ng","item":"https:\/\/dev.tolio.co.nz\/cua-hang\/"},{"@type":"ListItem","position":3,"name":"B\u00e1nh ph\u1edf Ba C\u00e2y Tre 3mm g\u00f3i 400g"}]},{"@type":"WebSite","@id":"https:\/\/dev.tolio.co.nz\/#website","url":"https:\/\/dev.tolio.co.nz\/","name":"TOLIO","description":"Vietnamese Grocery Online","potentialAction":[{"@type":"SearchAction","target":{"@type":"EntryPoint","urlTemplate":"https:\/\/dev.tolio.co.nz\/?s={search_term_string}"},"query-input":{"@type":"PropertyValueSpecification","valueRequired":true,"valueName":"search_term_string"}}],"inLanguage":"en-US"}]}},"_links":{"self":[{"href":"https:\/\/dev.tolio.co.nz\/en\/wp-json\/wp\/v2\/product\/1520","targetHints":{"allow":["GET"]}}],"collection":[{"href":"https:\/\/dev.tolio.co.nz\/en\/wp-json\/wp\/v2\/product"}],"about":[{"href":"https:\/\/dev.tolio.co.nz\/en\/wp-json\/wp\/v2\/types\/product"}],"replies":[{"embeddable":true,"href":"https:\/\/dev.tolio.co.nz\/en\/wp-json\/wp\/v2\/comments?post=1520"}],"wp:featuredmedia":[{"embeddable":true,"href":"https:\/\/dev.tolio.co.nz\/en\/wp-json\/wp\/v2\/media\/20586"}],"wp:attachment":[{"href":"https:\/\/dev.tolio.co.nz\/en\/wp-json\/wp\/v2\/media?parent=1520"}],"wp:term":[{"taxonomy":"product_brand","embeddable":true,"href":"https:\/\/dev.tolio.co.nz\/en\/wp-json\/wp\/v2\/product_brand?post=1520"},{"taxonomy":"product_cat","embeddable":true,"href":"https:\/\/dev.tolio.co.nz\/en\/wp-json\/wp\/v2\/product_cat?post=1520"},{"taxonomy":"product_tag","embeddable":true,"href":"https:\/\/dev.tolio.co.nz\/en\/wp-json\/wp\/v2\/product_tag?post=1520"}],"curies":[{"name":"wp","href":"https:\/\/api.w.org\/{rel}","templated":true}]}}