{"id":15986,"date":"2024-05-07T03:09:48","date_gmt":"2024-05-06T14:24:48","guid":{"rendered":"https:\/\/tolio.co.nz\/?post_type=product&#038;p=15986"},"modified":"2025-09-11T16:01:03","modified_gmt":"2025-09-11T04:01:03","slug":"mam-ca-com-di-can-hu-500gr","status":"publish","type":"product","link":"https:\/\/dev.tolio.co.nz\/en\/product\/mam-ca-com-di-can-hu-500gr\/","title":{"rendered":"M\u1eafm c\u00e1 c\u01a1m D\u00ec C\u1ea9n h\u1ee7 500gr"},"content":{"rendered":"<p><strong>M\u1eafm c\u00e1 c\u01a1m D\u00ec C\u1ea9n h\u1ee7 500gr<\/strong> \u0111\u01b0\u1ee3c mu\u1ed1i t\u1eeb c\u00e1 c\u01a1m nguy\u00ean con v\u00e0 mu\u1ed1i tr\u1eafng h\u1ed9t theo c\u00f4ng th\u1ee9c b\u00ed truy\u1ec1n, t\u1ea1o n\u00ean h\u01b0\u01a1ng v\u1ecb th\u01a1m ngon \u0111\u1eb7c tr\u01b0ng. M\u1eafm c\u00e1 c\u01a1m l\u00e0 ni\u1ec1m t\u1ef1 h\u00e0o c\u1ee7a ng\u01b0\u1eddi d\u00e2n \u0110\u00e0 N\u1eb5ng n\u00f3i ri\u00eang v\u00e0 c\u1ee7a ng\u01b0\u1eddi d\u00e2n mi\u1ec1n trung n\u00f3i chung, l\u00e0 gia v\u1ecb kh\u00f4ng th\u1ec3 thi\u1ebfu trong b\u1eefa \u0103n c\u1ee7a t\u1eebng gia \u0111\u00ecnh.<\/p>\n<p><strong>H\u01b0\u1edbng d\u1eabn s\u1eed d\u1ee5ng:<\/strong><\/p>\n<ul>\n<li>D\u00f9ng l\u00e0m n\u01b0\u1edbc ch\u1ea5m, hay gia v\u1ecb cho c\u00e1c m\u00f3n \u0103n,\u2026<\/li>\n<li>Khi d\u00f9ng ch\u1ec9 c\u1ea7n gi\u00e3 nhuy\u1ec5n \u1edbt, t\u1ecfi, \u0111\u01b0\u1eddng, tr\u1ed9n m\u1ed9t \u00edt m\u1eafm v\u1eeba \u0103n v\u00e0 v\u1eaft th\u00eam t\u00fd chanh l\u00e0 \u0111\u00e3 c\u00f3 m\u00f3n n\u01b0\u1edbc ch\u1ea5m nh\u01b0 \u00fd, c\u00f3 th\u1ec3 th\u00eam kh\u00f3m th\u00e1i nh\u1ecf \u0111\u1ec3 h\u01b0\u01a1ng v\u1ecb th\u00eam \u0111\u1eadm \u0111\u00e0.<\/li>\n<\/ul>\n<p><strong>B\u1ea3o qu\u1ea3n:<\/strong><\/p>\n<ul>\n<li>\u00a0\u0110\u1ec3 n\u01a1i kh\u00f4 r\u00e1o, tho\u00e1ng m\u00e1t, \u0111\u1eady k\u00edn n\u1eafp sau khi s\u1eed d\u1ee5ng.<\/li>\n<\/ul>","protected":false},"excerpt":{"rendered":"<ul>\n<li>Th\u01b0\u01a1ng hi\u1ec7u: D\u00ec C\u1ea9n<\/li>\n<li>Xu\u1ea5t x\u1ee9 th\u01b0\u01a1ng hi\u1ec7u: Vi\u1ec7t Nam<\/li>\n<li>Quy c\u00e1ch \u0111\u00f3ng g\u00f3i: h\u1ee7 500g<\/li>\n<li>L\u01b0u \u00fd: Bao b\u00ec s\u1ea3n ph\u1ea9m c\u00f3 th\u1ec3 thay \u0111\u1ed5i theo t\u1eebng \u0111\u1ee3t nh\u1eadp h\u00e0ng<\/li>\n<\/ul>","protected":false},"featured_media":20684,"comment_status":"open","ping_status":"closed","template":"","meta":[],"product_brand":[],"product_cat":[33,482,478,31],"product_tag":[416],"class_list":{"0":"post-15986","1":"product","2":"type-product","3":"status-publish","4":"has-post-thumbnail","6":"product_cat-gia-vi","7":"product_cat-gia-vi-khac","8":"product_cat-thuc-pham-khac","9":"product_cat-hang-moi-ve","10":"product_tag-mam-ca-com","11":"pa_thuong-hieu-di-can","13":"first","14":"outofstock","15":"shipping-taxable","16":"purchasable","17":"product-type-simple"},"yoast_head":"<!-- This site is optimized with the Yoast SEO plugin v24.4 - https:\/\/yoast.com\/wordpress\/plugins\/seo\/ -->\n<title>M\u1eafm c\u00e1 c\u01a1m D\u00ec C\u1ea9n h\u1ee7 500gr - TOLIO<\/title>\n<meta name=\"description\" content=\"Th\u01b0\u01a1ng hi\u1ec7u: D\u00ec C\u1ea9n  Xu\u1ea5t x\u1ee9 th\u01b0\u01a1ng hi\u1ec7u: Vi\u1ec7t Nam  Quy c\u00e1ch \u0111\u00f3ng g\u00f3i: h\u1ee7 500g  L\u01b0u \u00fd: Bao b\u00ec s\u1ea3n ph\u1ea9m c\u00f3 th\u1ec3 thay \u0111\u1ed5i theo t\u1eebng \u0111\u1ee3t nh\u1eadp h\u00e0ng\" \/>\n<meta name=\"robots\" content=\"index, follow, max-snippet:-1, max-image-preview:large, max-video-preview:-1\" \/>\n<link rel=\"canonical\" href=\"https:\/\/dev.tolio.co.nz\/en\/product\/mam-ca-com-di-can-hu-500gr\/\" \/>\n<meta property=\"og:locale\" content=\"en_US\" \/>\n<meta property=\"og:type\" content=\"article\" \/>\n<meta property=\"og:title\" content=\"M\u1eafm c\u00e1 c\u01a1m D\u00ec C\u1ea9n h\u1ee7 500gr - TOLIO\" \/>\n<meta property=\"og:description\" content=\"Th\u01b0\u01a1ng hi\u1ec7u: D\u00ec C\u1ea9n  Xu\u1ea5t x\u1ee9 th\u01b0\u01a1ng hi\u1ec7u: Vi\u1ec7t Nam  Quy c\u00e1ch \u0111\u00f3ng g\u00f3i: h\u1ee7 500g  L\u01b0u \u00fd: Bao b\u00ec s\u1ea3n ph\u1ea9m c\u00f3 th\u1ec3 thay \u0111\u1ed5i theo t\u1eebng \u0111\u1ee3t nh\u1eadp h\u00e0ng\" \/>\n<meta property=\"og:url\" content=\"https:\/\/dev.tolio.co.nz\/en\/product\/mam-ca-com-di-can-hu-500gr\/\" \/>\n<meta property=\"og:site_name\" content=\"TOLIO\" \/>\n<meta property=\"article:modified_time\" content=\"2025-09-11T04:01:03+00:00\" \/>\n<meta property=\"og:image\" content=\"https:\/\/dev.tolio.co.nz\/wp-content\/uploads\/2024\/05\/214.png\" \/>\n\t<meta property=\"og:image:width\" content=\"1000\" \/>\n\t<meta property=\"og:image:height\" content=\"907\" \/>\n\t<meta property=\"og:image:type\" content=\"image\/png\" \/>\n<meta name=\"twitter:card\" content=\"summary_large_image\" \/>\n<meta name=\"twitter:label1\" content=\"Est. reading time\" \/>\n\t<meta name=\"twitter:data1\" content=\"1 minute\" \/>\n<script type=\"application\/ld+json\" class=\"yoast-schema-graph\">{\"@context\":\"https:\/\/schema.org\",\"@graph\":[{\"@type\":\"WebPage\",\"@id\":\"https:\/\/dev.tolio.co.nz\/san-pham\/mam-ca-com-di-can-hu-500gr\/\",\"url\":\"https:\/\/dev.tolio.co.nz\/san-pham\/mam-ca-com-di-can-hu-500gr\/\",\"name\":\"M\u1eafm c\u00e1 c\u01a1m D\u00ec C\u1ea9n h\u1ee7 500gr - TOLIO\",\"isPartOf\":{\"@id\":\"https:\/\/dev.tolio.co.nz\/#website\"},\"primaryImageOfPage\":{\"@id\":\"https:\/\/dev.tolio.co.nz\/san-pham\/mam-ca-com-di-can-hu-500gr\/#primaryimage\"},\"image\":{\"@id\":\"https:\/\/dev.tolio.co.nz\/san-pham\/mam-ca-com-di-can-hu-500gr\/#primaryimage\"},\"thumbnailUrl\":\"https:\/\/dev.tolio.co.nz\/wp-content\/uploads\/2024\/05\/214.png\",\"datePublished\":\"2024-05-06T14:24:48+00:00\",\"dateModified\":\"2025-09-11T04:01:03+00:00\",\"description\":\"Th\u01b0\u01a1ng hi\u1ec7u: D\u00ec C\u1ea9n Xu\u1ea5t x\u1ee9 th\u01b0\u01a1ng hi\u1ec7u: Vi\u1ec7t Nam Quy c\u00e1ch \u0111\u00f3ng g\u00f3i: h\u1ee7 500g L\u01b0u \u00fd: Bao b\u00ec s\u1ea3n ph\u1ea9m c\u00f3 th\u1ec3 thay \u0111\u1ed5i theo t\u1eebng \u0111\u1ee3t nh\u1eadp h\u00e0ng\",\"breadcrumb\":{\"@id\":\"https:\/\/dev.tolio.co.nz\/san-pham\/mam-ca-com-di-can-hu-500gr\/#breadcrumb\"},\"inLanguage\":\"en-US\",\"potentialAction\":[{\"@type\":\"ReadAction\",\"target\":[\"https:\/\/dev.tolio.co.nz\/san-pham\/mam-ca-com-di-can-hu-500gr\/\"]}]},{\"@type\":\"ImageObject\",\"inLanguage\":\"en-US\",\"@id\":\"https:\/\/dev.tolio.co.nz\/san-pham\/mam-ca-com-di-can-hu-500gr\/#primaryimage\",\"url\":\"https:\/\/dev.tolio.co.nz\/wp-content\/uploads\/2024\/05\/214.png\",\"contentUrl\":\"https:\/\/dev.tolio.co.nz\/wp-content\/uploads\/2024\/05\/214.png\",\"width\":1000,\"height\":907},{\"@type\":\"BreadcrumbList\",\"@id\":\"https:\/\/dev.tolio.co.nz\/san-pham\/mam-ca-com-di-can-hu-500gr\/#breadcrumb\",\"itemListElement\":[{\"@type\":\"ListItem\",\"position\":1,\"name\":\"Home\",\"item\":\"https:\/\/dev.tolio.co.nz\/\"},{\"@type\":\"ListItem\",\"position\":2,\"name\":\"C\u1eeda h\u00e0ng\",\"item\":\"https:\/\/dev.tolio.co.nz\/cua-hang\/\"},{\"@type\":\"ListItem\",\"position\":3,\"name\":\"M\u1eafm c\u00e1 c\u01a1m D\u00ec C\u1ea9n h\u1ee7 500gr\"}]},{\"@type\":\"WebSite\",\"@id\":\"https:\/\/dev.tolio.co.nz\/#website\",\"url\":\"https:\/\/dev.tolio.co.nz\/\",\"name\":\"TOLIO\",\"description\":\"Vietnamese Grocery Online\",\"potentialAction\":[{\"@type\":\"SearchAction\",\"target\":{\"@type\":\"EntryPoint\",\"urlTemplate\":\"https:\/\/dev.tolio.co.nz\/?s={search_term_string}\"},\"query-input\":{\"@type\":\"PropertyValueSpecification\",\"valueRequired\":true,\"valueName\":\"search_term_string\"}}],\"inLanguage\":\"en-US\"}]}<\/script>\n<!-- \/ Yoast SEO plugin. -->","yoast_head_json":{"title":"M\u1eafm c\u00e1 c\u01a1m D\u00ec C\u1ea9n h\u1ee7 500gr - TOLIO","description":"Th\u01b0\u01a1ng hi\u1ec7u: D\u00ec C\u1ea9n  Xu\u1ea5t x\u1ee9 th\u01b0\u01a1ng hi\u1ec7u: Vi\u1ec7t Nam  Quy c\u00e1ch \u0111\u00f3ng g\u00f3i: h\u1ee7 500g  L\u01b0u \u00fd: Bao b\u00ec s\u1ea3n ph\u1ea9m c\u00f3 th\u1ec3 thay \u0111\u1ed5i theo t\u1eebng \u0111\u1ee3t nh\u1eadp h\u00e0ng","robots":{"index":"index","follow":"follow","max-snippet":"max-snippet:-1","max-image-preview":"max-image-preview:large","max-video-preview":"max-video-preview:-1"},"canonical":"https:\/\/dev.tolio.co.nz\/en\/product\/mam-ca-com-di-can-hu-500gr\/","og_locale":"en_US","og_type":"article","og_title":"M\u1eafm c\u00e1 c\u01a1m D\u00ec C\u1ea9n h\u1ee7 500gr - TOLIO","og_description":"Th\u01b0\u01a1ng hi\u1ec7u: D\u00ec C\u1ea9n  Xu\u1ea5t x\u1ee9 th\u01b0\u01a1ng hi\u1ec7u: Vi\u1ec7t Nam  Quy c\u00e1ch \u0111\u00f3ng g\u00f3i: h\u1ee7 500g  L\u01b0u \u00fd: Bao b\u00ec s\u1ea3n ph\u1ea9m c\u00f3 th\u1ec3 thay \u0111\u1ed5i theo t\u1eebng \u0111\u1ee3t nh\u1eadp h\u00e0ng","og_url":"https:\/\/dev.tolio.co.nz\/en\/product\/mam-ca-com-di-can-hu-500gr\/","og_site_name":"TOLIO","article_modified_time":"2025-09-11T04:01:03+00:00","og_image":[{"width":1000,"height":907,"url":"https:\/\/dev.tolio.co.nz\/wp-content\/uploads\/2024\/05\/214.png","type":"image\/png"}],"twitter_card":"summary_large_image","twitter_misc":{"Est. reading time":"1 minute"},"schema":{"@context":"https:\/\/schema.org","@graph":[{"@type":"WebPage","@id":"https:\/\/dev.tolio.co.nz\/san-pham\/mam-ca-com-di-can-hu-500gr\/","url":"https:\/\/dev.tolio.co.nz\/san-pham\/mam-ca-com-di-can-hu-500gr\/","name":"M\u1eafm c\u00e1 c\u01a1m D\u00ec C\u1ea9n h\u1ee7 500gr - TOLIO","isPartOf":{"@id":"https:\/\/dev.tolio.co.nz\/#website"},"primaryImageOfPage":{"@id":"https:\/\/dev.tolio.co.nz\/san-pham\/mam-ca-com-di-can-hu-500gr\/#primaryimage"},"image":{"@id":"https:\/\/dev.tolio.co.nz\/san-pham\/mam-ca-com-di-can-hu-500gr\/#primaryimage"},"thumbnailUrl":"https:\/\/dev.tolio.co.nz\/wp-content\/uploads\/2024\/05\/214.png","datePublished":"2024-05-06T14:24:48+00:00","dateModified":"2025-09-11T04:01:03+00:00","description":"Th\u01b0\u01a1ng hi\u1ec7u: D\u00ec C\u1ea9n Xu\u1ea5t x\u1ee9 th\u01b0\u01a1ng hi\u1ec7u: Vi\u1ec7t Nam Quy c\u00e1ch \u0111\u00f3ng g\u00f3i: h\u1ee7 500g L\u01b0u \u00fd: Bao b\u00ec s\u1ea3n ph\u1ea9m c\u00f3 th\u1ec3 thay \u0111\u1ed5i theo t\u1eebng \u0111\u1ee3t nh\u1eadp h\u00e0ng","breadcrumb":{"@id":"https:\/\/dev.tolio.co.nz\/san-pham\/mam-ca-com-di-can-hu-500gr\/#breadcrumb"},"inLanguage":"en-US","potentialAction":[{"@type":"ReadAction","target":["https:\/\/dev.tolio.co.nz\/san-pham\/mam-ca-com-di-can-hu-500gr\/"]}]},{"@type":"ImageObject","inLanguage":"en-US","@id":"https:\/\/dev.tolio.co.nz\/san-pham\/mam-ca-com-di-can-hu-500gr\/#primaryimage","url":"https:\/\/dev.tolio.co.nz\/wp-content\/uploads\/2024\/05\/214.png","contentUrl":"https:\/\/dev.tolio.co.nz\/wp-content\/uploads\/2024\/05\/214.png","width":1000,"height":907},{"@type":"BreadcrumbList","@id":"https:\/\/dev.tolio.co.nz\/san-pham\/mam-ca-com-di-can-hu-500gr\/#breadcrumb","itemListElement":[{"@type":"ListItem","position":1,"name":"Home","item":"https:\/\/dev.tolio.co.nz\/"},{"@type":"ListItem","position":2,"name":"C\u1eeda h\u00e0ng","item":"https:\/\/dev.tolio.co.nz\/cua-hang\/"},{"@type":"ListItem","position":3,"name":"M\u1eafm c\u00e1 c\u01a1m D\u00ec C\u1ea9n h\u1ee7 500gr"}]},{"@type":"WebSite","@id":"https:\/\/dev.tolio.co.nz\/#website","url":"https:\/\/dev.tolio.co.nz\/","name":"TOLIO","description":"Vietnamese Grocery Online","potentialAction":[{"@type":"SearchAction","target":{"@type":"EntryPoint","urlTemplate":"https:\/\/dev.tolio.co.nz\/?s={search_term_string}"},"query-input":{"@type":"PropertyValueSpecification","valueRequired":true,"valueName":"search_term_string"}}],"inLanguage":"en-US"}]}},"_links":{"self":[{"href":"https:\/\/dev.tolio.co.nz\/en\/wp-json\/wp\/v2\/product\/15986","targetHints":{"allow":["GET"]}}],"collection":[{"href":"https:\/\/dev.tolio.co.nz\/en\/wp-json\/wp\/v2\/product"}],"about":[{"href":"https:\/\/dev.tolio.co.nz\/en\/wp-json\/wp\/v2\/types\/product"}],"replies":[{"embeddable":true,"href":"https:\/\/dev.tolio.co.nz\/en\/wp-json\/wp\/v2\/comments?post=15986"}],"wp:featuredmedia":[{"embeddable":true,"href":"https:\/\/dev.tolio.co.nz\/en\/wp-json\/wp\/v2\/media\/20684"}],"wp:attachment":[{"href":"https:\/\/dev.tolio.co.nz\/en\/wp-json\/wp\/v2\/media?parent=15986"}],"wp:term":[{"taxonomy":"product_brand","embeddable":true,"href":"https:\/\/dev.tolio.co.nz\/en\/wp-json\/wp\/v2\/product_brand?post=15986"},{"taxonomy":"product_cat","embeddable":true,"href":"https:\/\/dev.tolio.co.nz\/en\/wp-json\/wp\/v2\/product_cat?post=15986"},{"taxonomy":"product_tag","embeddable":true,"href":"https:\/\/dev.tolio.co.nz\/en\/wp-json\/wp\/v2\/product_tag?post=15986"}],"curies":[{"name":"wp","href":"https:\/\/api.w.org\/{rel}","templated":true}]}}