{"id":16178,"date":"2024-05-13T20:40:23","date_gmt":"2024-05-13T07:55:23","guid":{"rendered":"https:\/\/tolio.co.nz\/?post_type=product&#038;p=16178"},"modified":"2025-09-11T16:00:52","modified_gmt":"2025-09-11T04:00:52","slug":"thung-12-hop-sua-dac-co-duong-ngoi-sao-phuong-nam-hop-1-284-kg","status":"publish","type":"product","link":"https:\/\/dev.tolio.co.nz\/en\/product\/12-sessions-of-sua-dac-with-phuong-nam-star-line-session-1-284-kg\/","title":{"rendered":"Th\u00f9ng 12 h\u1ed9p s\u1eefa \u0111\u1eb7c c\u00f3 \u0111\u01b0\u1eddng Ng\u00f4i sao Ph\u01b0\u01a1ng Nam h\u1ed9p 1.284 kg"},"content":{"rendered":"<p><strong>S\u1eefa \u0111\u1eb7c c\u00f3 \u0111\u01b0\u1eddng Ng\u00f4i sao Ph\u01b0\u01a1ng Nam<\/strong> \u0111\u1eadm \u0111\u00e0 \u0111\u1eb7c s\u00e1nh, mang l\u1ea1i h\u01b0\u01a1ng v\u1ecb h\u00e0i h\u00f2a, th\u01a1m b\u00e9o, d\u00f9ng \u0111\u1ec3 pha s\u1eefa, ch\u1ea5m b\u00e1nh m\u00ec,.. th\u01a1m ngon tuy\u1ec7t v\u1eddi. Kem \u0111\u1eb7c c\u00f3 \u0111\u01b0\u1eddng Ng\u00f4i sao Ph\u01b0\u01a1ng Nam xanh l\u00e1\u00a0 ng\u1ecdt v\u00e0 b\u00e9o nh\u1ea5t so v\u1edbi c\u00e1c s\u1ea3n ph\u1ea9m c\u00f9ng lo\u1ea1i.<\/p>\n<p><strong>H\u01b0\u1edbng d\u1eabn s\u1eed d\u1ee5ng:<\/strong><\/p>\n<ul>\n<li>Pha c\u00e0 ph\u00ea, xay sinh t\u1ed1, l\u00e0m s\u1eefa chua, b\u00e1nh flan&#8230;<\/li>\n<li>\u0110\u1eady k\u00edn sau khi s\u1eed d\u1ee5ng<\/li>\n<\/ul>\n<p><strong>B\u1ea3o qu\u1ea3n:<\/strong><\/p>\n<ul>\n<li>\u0110\u1ec3 n\u01a1i kh\u00f4 r\u00e1o, tho\u00e1ng m\u00e1t.<\/li>\n<li>Tr\u00e1nh \u00e1nh n\u1eafng tr\u1ef1c ti\u1ebfp ho\u1eb7c n\u01a1i c\u00f3 nhi\u1ec7t \u0111\u1ed9 cao<\/li>\n<\/ul>\n<p>&nbsp;<\/p>","protected":false},"excerpt":{"rendered":"<ul>\n<li>Th\u01b0\u01a1ng hi\u1ec7u: Ng\u00f4i sao Ph\u01b0\u01a1ng Nam<\/li>\n<li>Xu\u1ea5t x\u1ee9 th\u01b0\u01a1ng hi\u1ec7u: Vi\u1ec7t Nam<\/li>\n<li>Quy c\u00e1ch \u0111\u00f3ng g\u00f3i: H\u1ed9p 1.284 kg, th\u00f9ng 12 h\u1ed9p<\/li>\n<li>L\u01b0u \u00fd: Bao b\u00ec s\u1ea3n ph\u1ea9m c\u00f3 th\u1ec3 thay \u0111\u1ed5i theo t\u1eebng \u0111\u1ee3t nh\u1eadp h\u00e0ng<\/li>\n<\/ul>","protected":false},"featured_media":17163,"comment_status":"open","ping_status":"closed","template":"","meta":[],"product_brand":[],"product_cat":[876],"product_tag":[109,108,107],"class_list":{"0":"post-16178","1":"product","2":"type-product","3":"status-publish","4":"has-post-thumbnail","6":"product_cat-bulk-order","7":"product_tag-sua","8":"product_tag-sua-dac","9":"product_tag-sua-phuong-nam","10":"pa_thuong-hieu-ngoi-sao-phuong-nam","12":"first","13":"instock","14":"sale","15":"shipping-taxable","16":"purchasable","17":"product-type-simple"},"yoast_head":"<!-- This site is optimized with the Yoast SEO plugin v24.4 - https:\/\/yoast.com\/wordpress\/plugins\/seo\/ -->\n<title>Th\u00f9ng 12 h\u1ed9p s\u1eefa \u0111\u1eb7c c\u00f3 \u0111\u01b0\u1eddng Ng\u00f4i sao Ph\u01b0\u01a1ng Nam h\u1ed9p 1.284 kg - TOLIO<\/title>\n<meta name=\"description\" content=\"Th\u01b0\u01a1ng hi\u1ec7u: Ng\u00f4i sao Ph\u01b0\u01a1ng Nam  Xu\u1ea5t x\u1ee9 th\u01b0\u01a1ng hi\u1ec7u: Vi\u1ec7t Nam  Quy c\u00e1ch \u0111\u00f3ng g\u00f3i: H\u1ed9p 1.284 kg, th\u00f9ng 12 h\u1ed9p  L\u01b0u \u00fd: Bao b\u00ec s\u1ea3n ph\u1ea9m c\u00f3 th\u1ec3 thay \u0111\u1ed5i theo t\u1eebng \u0111\u1ee3t nh\u1eadp h\u00e0ng\" \/>\n<meta name=\"robots\" content=\"index, follow, max-snippet:-1, max-image-preview:large, max-video-preview:-1\" \/>\n<link rel=\"canonical\" href=\"https:\/\/dev.tolio.co.nz\/en\/product\/12-sessions-of-sua-dac-with-phuong-nam-star-line-session-1-284-kg\/\" \/>\n<meta property=\"og:locale\" content=\"en_US\" \/>\n<meta property=\"og:type\" content=\"article\" \/>\n<meta property=\"og:title\" content=\"Th\u00f9ng 12 h\u1ed9p s\u1eefa \u0111\u1eb7c c\u00f3 \u0111\u01b0\u1eddng Ng\u00f4i sao Ph\u01b0\u01a1ng Nam h\u1ed9p 1.284 kg - TOLIO\" \/>\n<meta property=\"og:description\" content=\"Th\u01b0\u01a1ng hi\u1ec7u: Ng\u00f4i sao Ph\u01b0\u01a1ng Nam  Xu\u1ea5t x\u1ee9 th\u01b0\u01a1ng hi\u1ec7u: Vi\u1ec7t Nam  Quy c\u00e1ch \u0111\u00f3ng g\u00f3i: H\u1ed9p 1.284 kg, th\u00f9ng 12 h\u1ed9p  L\u01b0u \u00fd: Bao b\u00ec s\u1ea3n ph\u1ea9m c\u00f3 th\u1ec3 thay \u0111\u1ed5i theo t\u1eebng \u0111\u1ee3t nh\u1eadp h\u00e0ng\" \/>\n<meta property=\"og:url\" content=\"https:\/\/dev.tolio.co.nz\/en\/product\/12-sessions-of-sua-dac-with-phuong-nam-star-line-session-1-284-kg\/\" \/>\n<meta property=\"og:site_name\" content=\"TOLIO\" \/>\n<meta property=\"article:modified_time\" content=\"2025-09-11T04:00:52+00:00\" \/>\n<meta property=\"og:image\" content=\"https:\/\/dev.tolio.co.nz\/wp-content\/uploads\/2024\/05\/197.png\" \/>\n\t<meta property=\"og:image:width\" content=\"1000\" \/>\n\t<meta property=\"og:image:height\" content=\"907\" \/>\n\t<meta property=\"og:image:type\" content=\"image\/png\" \/>\n<meta name=\"twitter:card\" content=\"summary_large_image\" \/>\n<meta name=\"twitter:label1\" content=\"Est. reading time\" \/>\n\t<meta name=\"twitter:data1\" content=\"1 minute\" \/>\n<script type=\"application\/ld+json\" class=\"yoast-schema-graph\">{\"@context\":\"https:\/\/schema.org\",\"@graph\":[{\"@type\":\"WebPage\",\"@id\":\"https:\/\/dev.tolio.co.nz\/san-pham\/thung-12-hop-sua-dac-co-duong-ngoi-sao-phuong-nam-hop-1-284-kg\/\",\"url\":\"https:\/\/dev.tolio.co.nz\/san-pham\/thung-12-hop-sua-dac-co-duong-ngoi-sao-phuong-nam-hop-1-284-kg\/\",\"name\":\"Th\u00f9ng 12 h\u1ed9p s\u1eefa \u0111\u1eb7c c\u00f3 \u0111\u01b0\u1eddng Ng\u00f4i sao Ph\u01b0\u01a1ng Nam h\u1ed9p 1.284 kg - TOLIO\",\"isPartOf\":{\"@id\":\"https:\/\/dev.tolio.co.nz\/#website\"},\"primaryImageOfPage\":{\"@id\":\"https:\/\/dev.tolio.co.nz\/san-pham\/thung-12-hop-sua-dac-co-duong-ngoi-sao-phuong-nam-hop-1-284-kg\/#primaryimage\"},\"image\":{\"@id\":\"https:\/\/dev.tolio.co.nz\/san-pham\/thung-12-hop-sua-dac-co-duong-ngoi-sao-phuong-nam-hop-1-284-kg\/#primaryimage\"},\"thumbnailUrl\":\"https:\/\/dev.tolio.co.nz\/wp-content\/uploads\/2024\/05\/197.png\",\"datePublished\":\"2024-05-13T07:55:23+00:00\",\"dateModified\":\"2025-09-11T04:00:52+00:00\",\"description\":\"Th\u01b0\u01a1ng hi\u1ec7u: Ng\u00f4i sao Ph\u01b0\u01a1ng Nam Xu\u1ea5t x\u1ee9 th\u01b0\u01a1ng hi\u1ec7u: Vi\u1ec7t Nam Quy c\u00e1ch \u0111\u00f3ng g\u00f3i: H\u1ed9p 1.284 kg, th\u00f9ng 12 h\u1ed9p L\u01b0u \u00fd: Bao b\u00ec s\u1ea3n ph\u1ea9m c\u00f3 th\u1ec3 thay \u0111\u1ed5i theo t\u1eebng \u0111\u1ee3t nh\u1eadp h\u00e0ng\",\"breadcrumb\":{\"@id\":\"https:\/\/dev.tolio.co.nz\/san-pham\/thung-12-hop-sua-dac-co-duong-ngoi-sao-phuong-nam-hop-1-284-kg\/#breadcrumb\"},\"inLanguage\":\"en-US\",\"potentialAction\":[{\"@type\":\"ReadAction\",\"target\":[\"https:\/\/dev.tolio.co.nz\/san-pham\/thung-12-hop-sua-dac-co-duong-ngoi-sao-phuong-nam-hop-1-284-kg\/\"]}]},{\"@type\":\"ImageObject\",\"inLanguage\":\"en-US\",\"@id\":\"https:\/\/dev.tolio.co.nz\/san-pham\/thung-12-hop-sua-dac-co-duong-ngoi-sao-phuong-nam-hop-1-284-kg\/#primaryimage\",\"url\":\"https:\/\/dev.tolio.co.nz\/wp-content\/uploads\/2024\/05\/197.png\",\"contentUrl\":\"https:\/\/dev.tolio.co.nz\/wp-content\/uploads\/2024\/05\/197.png\",\"width\":1000,\"height\":907},{\"@type\":\"BreadcrumbList\",\"@id\":\"https:\/\/dev.tolio.co.nz\/san-pham\/thung-12-hop-sua-dac-co-duong-ngoi-sao-phuong-nam-hop-1-284-kg\/#breadcrumb\",\"itemListElement\":[{\"@type\":\"ListItem\",\"position\":1,\"name\":\"Home\",\"item\":\"https:\/\/dev.tolio.co.nz\/\"},{\"@type\":\"ListItem\",\"position\":2,\"name\":\"C\u1eeda h\u00e0ng\",\"item\":\"https:\/\/dev.tolio.co.nz\/cua-hang\/\"},{\"@type\":\"ListItem\",\"position\":3,\"name\":\"Th\u00f9ng 12 h\u1ed9p s\u1eefa \u0111\u1eb7c c\u00f3 \u0111\u01b0\u1eddng Ng\u00f4i sao Ph\u01b0\u01a1ng Nam h\u1ed9p 1.284 kg\"}]},{\"@type\":\"WebSite\",\"@id\":\"https:\/\/dev.tolio.co.nz\/#website\",\"url\":\"https:\/\/dev.tolio.co.nz\/\",\"name\":\"TOLIO\",\"description\":\"Vietnamese Grocery Online\",\"potentialAction\":[{\"@type\":\"SearchAction\",\"target\":{\"@type\":\"EntryPoint\",\"urlTemplate\":\"https:\/\/dev.tolio.co.nz\/?s={search_term_string}\"},\"query-input\":{\"@type\":\"PropertyValueSpecification\",\"valueRequired\":true,\"valueName\":\"search_term_string\"}}],\"inLanguage\":\"en-US\"}]}<\/script>\n<!-- \/ Yoast SEO plugin. -->","yoast_head_json":{"title":"Th\u00f9ng 12 h\u1ed9p s\u1eefa \u0111\u1eb7c c\u00f3 \u0111\u01b0\u1eddng Ng\u00f4i sao Ph\u01b0\u01a1ng Nam h\u1ed9p 1.284 kg - TOLIO","description":"Th\u01b0\u01a1ng hi\u1ec7u: Ng\u00f4i sao Ph\u01b0\u01a1ng Nam  Xu\u1ea5t x\u1ee9 th\u01b0\u01a1ng hi\u1ec7u: Vi\u1ec7t Nam  Quy c\u00e1ch \u0111\u00f3ng g\u00f3i: H\u1ed9p 1.284 kg, th\u00f9ng 12 h\u1ed9p  L\u01b0u \u00fd: Bao b\u00ec s\u1ea3n ph\u1ea9m c\u00f3 th\u1ec3 thay \u0111\u1ed5i theo t\u1eebng \u0111\u1ee3t nh\u1eadp h\u00e0ng","robots":{"index":"index","follow":"follow","max-snippet":"max-snippet:-1","max-image-preview":"max-image-preview:large","max-video-preview":"max-video-preview:-1"},"canonical":"https:\/\/dev.tolio.co.nz\/en\/product\/12-sessions-of-sua-dac-with-phuong-nam-star-line-session-1-284-kg\/","og_locale":"en_US","og_type":"article","og_title":"Th\u00f9ng 12 h\u1ed9p s\u1eefa \u0111\u1eb7c c\u00f3 \u0111\u01b0\u1eddng Ng\u00f4i sao Ph\u01b0\u01a1ng Nam h\u1ed9p 1.284 kg - TOLIO","og_description":"Th\u01b0\u01a1ng hi\u1ec7u: Ng\u00f4i sao Ph\u01b0\u01a1ng Nam  Xu\u1ea5t x\u1ee9 th\u01b0\u01a1ng hi\u1ec7u: Vi\u1ec7t Nam  Quy c\u00e1ch \u0111\u00f3ng g\u00f3i: H\u1ed9p 1.284 kg, th\u00f9ng 12 h\u1ed9p  L\u01b0u \u00fd: Bao b\u00ec s\u1ea3n ph\u1ea9m c\u00f3 th\u1ec3 thay \u0111\u1ed5i theo t\u1eebng \u0111\u1ee3t nh\u1eadp h\u00e0ng","og_url":"https:\/\/dev.tolio.co.nz\/en\/product\/12-sessions-of-sua-dac-with-phuong-nam-star-line-session-1-284-kg\/","og_site_name":"TOLIO","article_modified_time":"2025-09-11T04:00:52+00:00","og_image":[{"width":1000,"height":907,"url":"https:\/\/dev.tolio.co.nz\/wp-content\/uploads\/2024\/05\/197.png","type":"image\/png"}],"twitter_card":"summary_large_image","twitter_misc":{"Est. reading time":"1 minute"},"schema":{"@context":"https:\/\/schema.org","@graph":[{"@type":"WebPage","@id":"https:\/\/dev.tolio.co.nz\/san-pham\/thung-12-hop-sua-dac-co-duong-ngoi-sao-phuong-nam-hop-1-284-kg\/","url":"https:\/\/dev.tolio.co.nz\/san-pham\/thung-12-hop-sua-dac-co-duong-ngoi-sao-phuong-nam-hop-1-284-kg\/","name":"Th\u00f9ng 12 h\u1ed9p s\u1eefa \u0111\u1eb7c c\u00f3 \u0111\u01b0\u1eddng Ng\u00f4i sao Ph\u01b0\u01a1ng Nam h\u1ed9p 1.284 kg - TOLIO","isPartOf":{"@id":"https:\/\/dev.tolio.co.nz\/#website"},"primaryImageOfPage":{"@id":"https:\/\/dev.tolio.co.nz\/san-pham\/thung-12-hop-sua-dac-co-duong-ngoi-sao-phuong-nam-hop-1-284-kg\/#primaryimage"},"image":{"@id":"https:\/\/dev.tolio.co.nz\/san-pham\/thung-12-hop-sua-dac-co-duong-ngoi-sao-phuong-nam-hop-1-284-kg\/#primaryimage"},"thumbnailUrl":"https:\/\/dev.tolio.co.nz\/wp-content\/uploads\/2024\/05\/197.png","datePublished":"2024-05-13T07:55:23+00:00","dateModified":"2025-09-11T04:00:52+00:00","description":"Th\u01b0\u01a1ng hi\u1ec7u: Ng\u00f4i sao Ph\u01b0\u01a1ng Nam Xu\u1ea5t x\u1ee9 th\u01b0\u01a1ng hi\u1ec7u: Vi\u1ec7t Nam Quy c\u00e1ch \u0111\u00f3ng g\u00f3i: H\u1ed9p 1.284 kg, th\u00f9ng 12 h\u1ed9p L\u01b0u \u00fd: Bao b\u00ec s\u1ea3n ph\u1ea9m c\u00f3 th\u1ec3 thay \u0111\u1ed5i theo t\u1eebng \u0111\u1ee3t nh\u1eadp h\u00e0ng","breadcrumb":{"@id":"https:\/\/dev.tolio.co.nz\/san-pham\/thung-12-hop-sua-dac-co-duong-ngoi-sao-phuong-nam-hop-1-284-kg\/#breadcrumb"},"inLanguage":"en-US","potentialAction":[{"@type":"ReadAction","target":["https:\/\/dev.tolio.co.nz\/san-pham\/thung-12-hop-sua-dac-co-duong-ngoi-sao-phuong-nam-hop-1-284-kg\/"]}]},{"@type":"ImageObject","inLanguage":"en-US","@id":"https:\/\/dev.tolio.co.nz\/san-pham\/thung-12-hop-sua-dac-co-duong-ngoi-sao-phuong-nam-hop-1-284-kg\/#primaryimage","url":"https:\/\/dev.tolio.co.nz\/wp-content\/uploads\/2024\/05\/197.png","contentUrl":"https:\/\/dev.tolio.co.nz\/wp-content\/uploads\/2024\/05\/197.png","width":1000,"height":907},{"@type":"BreadcrumbList","@id":"https:\/\/dev.tolio.co.nz\/san-pham\/thung-12-hop-sua-dac-co-duong-ngoi-sao-phuong-nam-hop-1-284-kg\/#breadcrumb","itemListElement":[{"@type":"ListItem","position":1,"name":"Home","item":"https:\/\/dev.tolio.co.nz\/"},{"@type":"ListItem","position":2,"name":"C\u1eeda h\u00e0ng","item":"https:\/\/dev.tolio.co.nz\/cua-hang\/"},{"@type":"ListItem","position":3,"name":"Th\u00f9ng 12 h\u1ed9p s\u1eefa \u0111\u1eb7c c\u00f3 \u0111\u01b0\u1eddng Ng\u00f4i sao Ph\u01b0\u01a1ng Nam h\u1ed9p 1.284 kg"}]},{"@type":"WebSite","@id":"https:\/\/dev.tolio.co.nz\/#website","url":"https:\/\/dev.tolio.co.nz\/","name":"TOLIO","description":"Vietnamese Grocery Online","potentialAction":[{"@type":"SearchAction","target":{"@type":"EntryPoint","urlTemplate":"https:\/\/dev.tolio.co.nz\/?s={search_term_string}"},"query-input":{"@type":"PropertyValueSpecification","valueRequired":true,"valueName":"search_term_string"}}],"inLanguage":"en-US"}]}},"_links":{"self":[{"href":"https:\/\/dev.tolio.co.nz\/en\/wp-json\/wp\/v2\/product\/16178","targetHints":{"allow":["GET"]}}],"collection":[{"href":"https:\/\/dev.tolio.co.nz\/en\/wp-json\/wp\/v2\/product"}],"about":[{"href":"https:\/\/dev.tolio.co.nz\/en\/wp-json\/wp\/v2\/types\/product"}],"replies":[{"embeddable":true,"href":"https:\/\/dev.tolio.co.nz\/en\/wp-json\/wp\/v2\/comments?post=16178"}],"wp:featuredmedia":[{"embeddable":true,"href":"https:\/\/dev.tolio.co.nz\/en\/wp-json\/wp\/v2\/media\/17163"}],"wp:attachment":[{"href":"https:\/\/dev.tolio.co.nz\/en\/wp-json\/wp\/v2\/media?parent=16178"}],"wp:term":[{"taxonomy":"product_brand","embeddable":true,"href":"https:\/\/dev.tolio.co.nz\/en\/wp-json\/wp\/v2\/product_brand?post=16178"},{"taxonomy":"product_cat","embeddable":true,"href":"https:\/\/dev.tolio.co.nz\/en\/wp-json\/wp\/v2\/product_cat?post=16178"},{"taxonomy":"product_tag","embeddable":true,"href":"https:\/\/dev.tolio.co.nz\/en\/wp-json\/wp\/v2\/product_tag?post=16178"}],"curies":[{"name":"wp","href":"https:\/\/api.w.org\/{rel}","templated":true}]}}