{"id":16187,"date":"2024-05-13T21:45:50","date_gmt":"2024-05-13T09:00:50","guid":{"rendered":"https:\/\/tolio.co.nz\/?post_type=product&#038;p=16187"},"modified":"2025-09-11T16:01:05","modified_gmt":"2025-09-11T04:01:05","slug":"thung-4-can-nuoc-mam-nam-ngu-sieu-tiet-kiem-4-8l","status":"publish","type":"product","link":"https:\/\/dev.tolio.co.nz\/en\/product\/valley-of-4-cans-of-water-mam-stupid-men-4-8l\/","title":{"rendered":"Th\u00f9ng 4 can n\u01b0\u1edbc m\u1eafm Nam Ng\u01b0 si\u00eau ti\u1ebft ki\u1ec7m 4.8L"},"content":{"rendered":"<p><strong>N\u01b0\u1edbc m\u1eafm Nam Ng\u01b0 si\u00eau ti\u1ebft ki\u1ec7m 4.8L:<\/strong><\/p>\n<ul>\n<li>S\u1eed d\u1ee5ng nguy\u00ean li\u1ec7u c\u00e1 c\u01a1m nguy\u00ean ch\u1ea5t.<\/li>\n<li>\u0110\u1ea3m b\u1ea3o kh\u00f4ng s\u1eed d\u1ee5ng nh\u1eefng ch\u1ea5t ph\u1ee5 gia v\u01b0\u1ee3t qu\u00e1 m\u1ee9c cho ph\u00e9p, b\u1ea1n c\u00f3 th\u1ec3 ho\u00e0n to\u00e0n y\u00ean t\u00e2m khi s\u1eed d\u1ee5ng n\u01b0\u1edbc m\u1eafm Nam Ng\u01b0 si\u00eau ti\u1ebft ki\u1ec7m cho c\u00e1c b\u1eefa \u0103n c\u1ee7a gia \u0111\u00ecnh.<\/li>\n<li>Thi\u1ebft k\u1ebf chai l\u1edbn gi\u00fap b\u1ea1n v\u1eeba ti\u1ebft ki\u1ec7m m\u00e0 c\u00f3 th\u1ec3 n\u1ea5u \u0111\u01b0\u1ee3c nhi\u1ec1u b\u1eefa \u0103n ngon cho gia \u0111\u00ecnh.<\/li>\n<\/ul>\n<p><strong>H\u01b0\u1edbng d\u1eabn s\u1eed d\u1ee5ng:<\/strong><\/p>\n<ul>\n<li>D\u00f9ng \u0111\u1ec3 ch\u1ea5m ho\u1eb7c ch\u1ebf bi\u1ebfn c\u00e1c m\u00f3n \u0103n h\u00e0ng ng\u00e0y cho gia \u0111\u00ecnh.<\/li>\n<\/ul>\n<p><strong>B\u1ea3o qu\u1ea3n:<\/strong><\/p>\n<ul>\n<li>B\u1ea3o qu\u1ea3n n\u01a1i kh\u00f4 r\u00e1o, tho\u00e1ng m\u00e1t, tr\u00e1nh \u00e1nh n\u1eafng tr\u1ef1c ti\u1ebfp.<\/li>\n<\/ul>","protected":false},"excerpt":{"rendered":"<div class=\"elementor-element elementor-element-662fcae elementor-widget elementor-widget-woocommerce-product-short-description\" data-id=\"662fcae\" data-element_type=\"widget\" data-widget_type=\"woocommerce-product-short-description.default\">\n<div class=\"elementor-widget-container\">\n<div class=\"woocommerce-product-details__short-description\">\n<ul>\n<li>Th\u01b0\u01a1ng hi\u1ec7u: Nam Ng\u01b0<\/li>\n<li>Xu\u1ea5t x\u1ee9 th\u01b0\u01a1ng hi\u1ec7u: Vi\u1ec7t Nam<\/li>\n<li>Quy c\u00e1ch \u0111\u00f3ng g\u00f3i: can 4,8l, th\u00f9ng 4 can<\/li>\n<li>L\u01b0u \u00fd: Bao b\u00ec s\u1ea3n ph\u1ea9m c\u00f3 th\u1ec3 thay \u0111\u1ed5i theo t\u1eebng \u0111\u1ee3t nh\u1eadp h\u00e0ng<\/li>\n<\/ul>\n<\/div>\n<\/div>\n<\/div>","protected":false},"featured_media":17158,"comment_status":"open","ping_status":"closed","template":"","meta":[],"product_brand":[],"product_cat":[876],"product_tag":[103,106],"class_list":{"0":"post-16187","1":"product","2":"type-product","3":"status-publish","4":"has-post-thumbnail","6":"product_cat-bulk-order","7":"product_tag-nuoc-mam","8":"product_tag-nuoc-mam-nam-ngu","9":"pa_thuong-hieu-nam-ngu","11":"first","12":"instock","13":"sale","14":"shipping-taxable","15":"purchasable","16":"product-type-simple"},"yoast_head":"<!-- This site is optimized with the Yoast SEO plugin v24.4 - https:\/\/yoast.com\/wordpress\/plugins\/seo\/ -->\n<title>Th\u00f9ng 4 can n\u01b0\u1edbc m\u1eafm Nam Ng\u01b0 si\u00eau ti\u1ebft ki\u1ec7m 4.8L - TOLIO<\/title>\n<meta name=\"description\" content=\"Th\u01b0\u01a1ng hi\u1ec7u: Nam Ng\u01b0  Xu\u1ea5t x\u1ee9 th\u01b0\u01a1ng hi\u1ec7u: Vi\u1ec7t Nam  Quy c\u00e1ch \u0111\u00f3ng g\u00f3i: can 4,8l, th\u00f9ng 4 can  L\u01b0u \u00fd: Bao b\u00ec s\u1ea3n ph\u1ea9m c\u00f3 th\u1ec3 thay \u0111\u1ed5i theo t\u1eebng \u0111\u1ee3t nh\u1eadp h\u00e0ng\" \/>\n<meta name=\"robots\" content=\"index, follow, max-snippet:-1, max-image-preview:large, max-video-preview:-1\" \/>\n<link rel=\"canonical\" href=\"https:\/\/dev.tolio.co.nz\/en\/product\/valley-of-4-cans-of-water-mam-stupid-men-4-8l\/\" \/>\n<meta property=\"og:locale\" content=\"en_US\" \/>\n<meta property=\"og:type\" content=\"article\" \/>\n<meta property=\"og:title\" content=\"Th\u00f9ng 4 can n\u01b0\u1edbc m\u1eafm Nam Ng\u01b0 si\u00eau ti\u1ebft ki\u1ec7m 4.8L - TOLIO\" \/>\n<meta property=\"og:description\" content=\"Th\u01b0\u01a1ng hi\u1ec7u: Nam Ng\u01b0  Xu\u1ea5t x\u1ee9 th\u01b0\u01a1ng hi\u1ec7u: Vi\u1ec7t Nam  Quy c\u00e1ch \u0111\u00f3ng g\u00f3i: can 4,8l, th\u00f9ng 4 can  L\u01b0u \u00fd: Bao b\u00ec s\u1ea3n ph\u1ea9m c\u00f3 th\u1ec3 thay \u0111\u1ed5i theo t\u1eebng \u0111\u1ee3t nh\u1eadp h\u00e0ng\" \/>\n<meta property=\"og:url\" content=\"https:\/\/dev.tolio.co.nz\/en\/product\/valley-of-4-cans-of-water-mam-stupid-men-4-8l\/\" \/>\n<meta property=\"og:site_name\" content=\"TOLIO\" \/>\n<meta property=\"article:modified_time\" content=\"2025-09-11T04:01:05+00:00\" \/>\n<meta property=\"og:image\" content=\"https:\/\/dev.tolio.co.nz\/wp-content\/uploads\/2024\/05\/199.png\" \/>\n\t<meta property=\"og:image:width\" content=\"1000\" \/>\n\t<meta property=\"og:image:height\" content=\"907\" \/>\n\t<meta property=\"og:image:type\" content=\"image\/png\" \/>\n<meta name=\"twitter:card\" content=\"summary_large_image\" \/>\n<meta name=\"twitter:label1\" content=\"Est. reading time\" \/>\n\t<meta name=\"twitter:data1\" content=\"1 minute\" \/>\n<script type=\"application\/ld+json\" class=\"yoast-schema-graph\">{\"@context\":\"https:\/\/schema.org\",\"@graph\":[{\"@type\":\"WebPage\",\"@id\":\"https:\/\/dev.tolio.co.nz\/san-pham\/thung-4-can-nuoc-mam-nam-ngu-sieu-tiet-kiem-4-8l\/\",\"url\":\"https:\/\/dev.tolio.co.nz\/san-pham\/thung-4-can-nuoc-mam-nam-ngu-sieu-tiet-kiem-4-8l\/\",\"name\":\"Th\u00f9ng 4 can n\u01b0\u1edbc m\u1eafm Nam Ng\u01b0 si\u00eau ti\u1ebft ki\u1ec7m 4.8L - TOLIO\",\"isPartOf\":{\"@id\":\"https:\/\/dev.tolio.co.nz\/#website\"},\"primaryImageOfPage\":{\"@id\":\"https:\/\/dev.tolio.co.nz\/san-pham\/thung-4-can-nuoc-mam-nam-ngu-sieu-tiet-kiem-4-8l\/#primaryimage\"},\"image\":{\"@id\":\"https:\/\/dev.tolio.co.nz\/san-pham\/thung-4-can-nuoc-mam-nam-ngu-sieu-tiet-kiem-4-8l\/#primaryimage\"},\"thumbnailUrl\":\"https:\/\/dev.tolio.co.nz\/wp-content\/uploads\/2024\/05\/199.png\",\"datePublished\":\"2024-05-13T09:00:50+00:00\",\"dateModified\":\"2025-09-11T04:01:05+00:00\",\"description\":\"Th\u01b0\u01a1ng hi\u1ec7u: Nam Ng\u01b0 Xu\u1ea5t x\u1ee9 th\u01b0\u01a1ng hi\u1ec7u: Vi\u1ec7t Nam Quy c\u00e1ch \u0111\u00f3ng g\u00f3i: can 4,8l, th\u00f9ng 4 can L\u01b0u \u00fd: Bao b\u00ec s\u1ea3n ph\u1ea9m c\u00f3 th\u1ec3 thay \u0111\u1ed5i theo t\u1eebng \u0111\u1ee3t nh\u1eadp h\u00e0ng\",\"breadcrumb\":{\"@id\":\"https:\/\/dev.tolio.co.nz\/san-pham\/thung-4-can-nuoc-mam-nam-ngu-sieu-tiet-kiem-4-8l\/#breadcrumb\"},\"inLanguage\":\"en-US\",\"potentialAction\":[{\"@type\":\"ReadAction\",\"target\":[\"https:\/\/dev.tolio.co.nz\/san-pham\/thung-4-can-nuoc-mam-nam-ngu-sieu-tiet-kiem-4-8l\/\"]}]},{\"@type\":\"ImageObject\",\"inLanguage\":\"en-US\",\"@id\":\"https:\/\/dev.tolio.co.nz\/san-pham\/thung-4-can-nuoc-mam-nam-ngu-sieu-tiet-kiem-4-8l\/#primaryimage\",\"url\":\"https:\/\/dev.tolio.co.nz\/wp-content\/uploads\/2024\/05\/199.png\",\"contentUrl\":\"https:\/\/dev.tolio.co.nz\/wp-content\/uploads\/2024\/05\/199.png\",\"width\":1000,\"height\":907},{\"@type\":\"BreadcrumbList\",\"@id\":\"https:\/\/dev.tolio.co.nz\/san-pham\/thung-4-can-nuoc-mam-nam-ngu-sieu-tiet-kiem-4-8l\/#breadcrumb\",\"itemListElement\":[{\"@type\":\"ListItem\",\"position\":1,\"name\":\"Home\",\"item\":\"https:\/\/dev.tolio.co.nz\/\"},{\"@type\":\"ListItem\",\"position\":2,\"name\":\"C\u1eeda h\u00e0ng\",\"item\":\"https:\/\/dev.tolio.co.nz\/cua-hang\/\"},{\"@type\":\"ListItem\",\"position\":3,\"name\":\"Th\u00f9ng 4 can n\u01b0\u1edbc m\u1eafm Nam Ng\u01b0 si\u00eau ti\u1ebft ki\u1ec7m 4.8L\"}]},{\"@type\":\"WebSite\",\"@id\":\"https:\/\/dev.tolio.co.nz\/#website\",\"url\":\"https:\/\/dev.tolio.co.nz\/\",\"name\":\"TOLIO\",\"description\":\"Vietnamese Grocery Online\",\"potentialAction\":[{\"@type\":\"SearchAction\",\"target\":{\"@type\":\"EntryPoint\",\"urlTemplate\":\"https:\/\/dev.tolio.co.nz\/?s={search_term_string}\"},\"query-input\":{\"@type\":\"PropertyValueSpecification\",\"valueRequired\":true,\"valueName\":\"search_term_string\"}}],\"inLanguage\":\"en-US\"}]}<\/script>\n<!-- \/ Yoast SEO plugin. -->","yoast_head_json":{"title":"Th\u00f9ng 4 can n\u01b0\u1edbc m\u1eafm Nam Ng\u01b0 si\u00eau ti\u1ebft ki\u1ec7m 4.8L - TOLIO","description":"Th\u01b0\u01a1ng hi\u1ec7u: Nam Ng\u01b0  Xu\u1ea5t x\u1ee9 th\u01b0\u01a1ng hi\u1ec7u: Vi\u1ec7t Nam  Quy c\u00e1ch \u0111\u00f3ng g\u00f3i: can 4,8l, th\u00f9ng 4 can  L\u01b0u \u00fd: Bao b\u00ec s\u1ea3n ph\u1ea9m c\u00f3 th\u1ec3 thay \u0111\u1ed5i theo t\u1eebng \u0111\u1ee3t nh\u1eadp h\u00e0ng","robots":{"index":"index","follow":"follow","max-snippet":"max-snippet:-1","max-image-preview":"max-image-preview:large","max-video-preview":"max-video-preview:-1"},"canonical":"https:\/\/dev.tolio.co.nz\/en\/product\/valley-of-4-cans-of-water-mam-stupid-men-4-8l\/","og_locale":"en_US","og_type":"article","og_title":"Th\u00f9ng 4 can n\u01b0\u1edbc m\u1eafm Nam Ng\u01b0 si\u00eau ti\u1ebft ki\u1ec7m 4.8L - TOLIO","og_description":"Th\u01b0\u01a1ng hi\u1ec7u: Nam Ng\u01b0  Xu\u1ea5t x\u1ee9 th\u01b0\u01a1ng hi\u1ec7u: Vi\u1ec7t Nam  Quy c\u00e1ch \u0111\u00f3ng g\u00f3i: can 4,8l, th\u00f9ng 4 can  L\u01b0u \u00fd: Bao b\u00ec s\u1ea3n ph\u1ea9m c\u00f3 th\u1ec3 thay \u0111\u1ed5i theo t\u1eebng \u0111\u1ee3t nh\u1eadp h\u00e0ng","og_url":"https:\/\/dev.tolio.co.nz\/en\/product\/valley-of-4-cans-of-water-mam-stupid-men-4-8l\/","og_site_name":"TOLIO","article_modified_time":"2025-09-11T04:01:05+00:00","og_image":[{"width":1000,"height":907,"url":"https:\/\/dev.tolio.co.nz\/wp-content\/uploads\/2024\/05\/199.png","type":"image\/png"}],"twitter_card":"summary_large_image","twitter_misc":{"Est. reading time":"1 minute"},"schema":{"@context":"https:\/\/schema.org","@graph":[{"@type":"WebPage","@id":"https:\/\/dev.tolio.co.nz\/san-pham\/thung-4-can-nuoc-mam-nam-ngu-sieu-tiet-kiem-4-8l\/","url":"https:\/\/dev.tolio.co.nz\/san-pham\/thung-4-can-nuoc-mam-nam-ngu-sieu-tiet-kiem-4-8l\/","name":"Th\u00f9ng 4 can n\u01b0\u1edbc m\u1eafm Nam Ng\u01b0 si\u00eau ti\u1ebft ki\u1ec7m 4.8L - TOLIO","isPartOf":{"@id":"https:\/\/dev.tolio.co.nz\/#website"},"primaryImageOfPage":{"@id":"https:\/\/dev.tolio.co.nz\/san-pham\/thung-4-can-nuoc-mam-nam-ngu-sieu-tiet-kiem-4-8l\/#primaryimage"},"image":{"@id":"https:\/\/dev.tolio.co.nz\/san-pham\/thung-4-can-nuoc-mam-nam-ngu-sieu-tiet-kiem-4-8l\/#primaryimage"},"thumbnailUrl":"https:\/\/dev.tolio.co.nz\/wp-content\/uploads\/2024\/05\/199.png","datePublished":"2024-05-13T09:00:50+00:00","dateModified":"2025-09-11T04:01:05+00:00","description":"Th\u01b0\u01a1ng hi\u1ec7u: Nam Ng\u01b0 Xu\u1ea5t x\u1ee9 th\u01b0\u01a1ng hi\u1ec7u: Vi\u1ec7t Nam Quy c\u00e1ch \u0111\u00f3ng g\u00f3i: can 4,8l, th\u00f9ng 4 can L\u01b0u \u00fd: Bao b\u00ec s\u1ea3n ph\u1ea9m c\u00f3 th\u1ec3 thay \u0111\u1ed5i theo t\u1eebng \u0111\u1ee3t nh\u1eadp h\u00e0ng","breadcrumb":{"@id":"https:\/\/dev.tolio.co.nz\/san-pham\/thung-4-can-nuoc-mam-nam-ngu-sieu-tiet-kiem-4-8l\/#breadcrumb"},"inLanguage":"en-US","potentialAction":[{"@type":"ReadAction","target":["https:\/\/dev.tolio.co.nz\/san-pham\/thung-4-can-nuoc-mam-nam-ngu-sieu-tiet-kiem-4-8l\/"]}]},{"@type":"ImageObject","inLanguage":"en-US","@id":"https:\/\/dev.tolio.co.nz\/san-pham\/thung-4-can-nuoc-mam-nam-ngu-sieu-tiet-kiem-4-8l\/#primaryimage","url":"https:\/\/dev.tolio.co.nz\/wp-content\/uploads\/2024\/05\/199.png","contentUrl":"https:\/\/dev.tolio.co.nz\/wp-content\/uploads\/2024\/05\/199.png","width":1000,"height":907},{"@type":"BreadcrumbList","@id":"https:\/\/dev.tolio.co.nz\/san-pham\/thung-4-can-nuoc-mam-nam-ngu-sieu-tiet-kiem-4-8l\/#breadcrumb","itemListElement":[{"@type":"ListItem","position":1,"name":"Home","item":"https:\/\/dev.tolio.co.nz\/"},{"@type":"ListItem","position":2,"name":"C\u1eeda h\u00e0ng","item":"https:\/\/dev.tolio.co.nz\/cua-hang\/"},{"@type":"ListItem","position":3,"name":"Th\u00f9ng 4 can n\u01b0\u1edbc m\u1eafm Nam Ng\u01b0 si\u00eau ti\u1ebft ki\u1ec7m 4.8L"}]},{"@type":"WebSite","@id":"https:\/\/dev.tolio.co.nz\/#website","url":"https:\/\/dev.tolio.co.nz\/","name":"TOLIO","description":"Vietnamese Grocery Online","potentialAction":[{"@type":"SearchAction","target":{"@type":"EntryPoint","urlTemplate":"https:\/\/dev.tolio.co.nz\/?s={search_term_string}"},"query-input":{"@type":"PropertyValueSpecification","valueRequired":true,"valueName":"search_term_string"}}],"inLanguage":"en-US"}]}},"_links":{"self":[{"href":"https:\/\/dev.tolio.co.nz\/en\/wp-json\/wp\/v2\/product\/16187","targetHints":{"allow":["GET"]}}],"collection":[{"href":"https:\/\/dev.tolio.co.nz\/en\/wp-json\/wp\/v2\/product"}],"about":[{"href":"https:\/\/dev.tolio.co.nz\/en\/wp-json\/wp\/v2\/types\/product"}],"replies":[{"embeddable":true,"href":"https:\/\/dev.tolio.co.nz\/en\/wp-json\/wp\/v2\/comments?post=16187"}],"wp:featuredmedia":[{"embeddable":true,"href":"https:\/\/dev.tolio.co.nz\/en\/wp-json\/wp\/v2\/media\/17158"}],"wp:attachment":[{"href":"https:\/\/dev.tolio.co.nz\/en\/wp-json\/wp\/v2\/media?parent=16187"}],"wp:term":[{"taxonomy":"product_brand","embeddable":true,"href":"https:\/\/dev.tolio.co.nz\/en\/wp-json\/wp\/v2\/product_brand?post=16187"},{"taxonomy":"product_cat","embeddable":true,"href":"https:\/\/dev.tolio.co.nz\/en\/wp-json\/wp\/v2\/product_cat?post=16187"},{"taxonomy":"product_tag","embeddable":true,"href":"https:\/\/dev.tolio.co.nz\/en\/wp-json\/wp\/v2\/product_tag?post=16187"}],"curies":[{"name":"wp","href":"https:\/\/api.w.org\/{rel}","templated":true}]}}