{"id":16198,"date":"2024-05-13T22:23:49","date_gmt":"2024-05-13T09:38:49","guid":{"rendered":"https:\/\/tolio.co.nz\/?post_type=product&#038;p=16198"},"modified":"2025-09-11T16:01:03","modified_gmt":"2025-09-11T04:01:03","slug":"thung-12-chai-cuoc-tuong-dau-nanh-maggi-dam-dac-chai-700ml","status":"publish","type":"product","link":"https:\/\/dev.tolio.co.nz\/en\/product\/pack-of-12-bottles-of-700ml-bottle-of-maggi-dam-dac\/","title":{"rendered":"Th\u00f9ng 12 chai n\u01b0\u1edbc t\u01b0\u01a1ng \u0111\u1eadu n\u00e0nh Maggi \u0111\u1eadm \u0111\u1eb7c chai 700ml"},"content":{"rendered":"<p><strong>N\u01b0\u1edbc t\u01b0\u01a1ng \u0111\u1eadu n\u00e0nh Maggi \u0111\u1eadm \u0111\u1eb7c 700ml<\/strong> v\u1edbi h\u01b0\u01a1ng v\u1ecb thanh ngon \u0111\u1eb7c tr\u01b0ng trong t\u1eebng gi\u1ecdt n\u01b0\u1edbc t\u01b0\u01a1ng s\u00e1nh \u0111\u1eadm, \u0111\u1ec3 l\u1ea1i d\u01b0 v\u1ecb tinh t\u1ebf cho t\u1eebng m\u00f3n \u0103n. N\u01b0\u1edbc t\u01b0\u01a1ng Maggi \u0110\u1eadm \u0111\u1eb7c chai 700ml v\u1edbi tinh ch\u1ea5t \u0111\u1eadu n\u00e0nh \u0111\u1eadm \u0111\u1eb7c, s\u1eed d\u1ee5ng c\u00f4ng ngh\u1ec7 l\u00ean men t\u1ef1 nhi\u00ean 100% gi\u00fap gi\u1eef l\u1ea1i v\u1ecb ngon tinh t\u00fay \u0111\u1ebfn t\u1eeb th\u01b0\u01a1ng hi\u1ec7u n\u01b0\u1edbc t\u01b0\u01a1ng Maggi.<\/p>\n<p><strong>H\u01b0\u1edbng d\u1eabn s\u1eed d\u1ee5ng:<\/strong><\/p>\n<ul>\n<li>D\u00f9ng tr\u1ef1c ti\u1ebfp<\/li>\n<li>Kh\u00f4ng d\u00f9ng cho ng\u01b0\u1eddi d\u1ecb \u1ee9ng v\u1edbi c\u00e1c th\u00e0nh ph\u1ea7n s\u1ea3n ph\u1ea9m<\/li>\n<\/ul>\n<p><strong>B\u1ea3o qu\u1ea3n:<\/strong><\/p>\n<ul>\n<li>N\u01a1i kh\u00f4 r\u00e1o, tho\u00e1ng m\u00e1t, tr\u00e1nh \u1ea9m \u01b0\u1edbt, tr\u00e1nh \u0111\u1ec3 tr\u1ef1c ti\u1ebfp d\u01b0\u1edbi \u00e1nh n\u1eafng m\u1eb7t tr\u1eddi<\/li>\n<\/ul>","protected":false},"excerpt":{"rendered":"<ul>\n<li>Th\u01b0\u01a1ng hi\u1ec7u: Maggi<\/li>\n<li>Xu\u1ea5t x\u1ee9 th\u01b0\u01a1ng hi\u1ec7u: Vi\u1ec7t Nam<\/li>\n<li>Quy c\u00e1ch \u0111\u00f3ng g\u00f3i: Chai 700ml, th\u00f9ng 12 chai<\/li>\n<li>L\u01b0u \u00fd: Bao b\u00ec s\u1ea3n ph\u1ea9m c\u00f3 th\u1ec3 thay \u0111\u1ed5i theo t\u1eebng \u0111\u1ee3t nh\u1eadp h\u00e0ng<\/li>\n<\/ul>\n<p>&nbsp;<\/p>","protected":false},"featured_media":17166,"comment_status":"open","ping_status":"closed","template":"","meta":[],"product_brand":[],"product_cat":[876],"product_tag":[194,193,196,195],"class_list":{"0":"post-16198","1":"product","2":"type-product","3":"status-publish","4":"has-post-thumbnail","6":"product_cat-bulk-order","7":"product_tag-nuoc-cham","8":"product_tag-nuoc-tuong","9":"product_tag-nuoc-tuong-dau-nanh","10":"product_tag-nuoc-tuong-maggi","11":"pa_thuong-hieu-maggi","13":"first","14":"instock","15":"sale","16":"shipping-taxable","17":"purchasable","18":"product-type-simple"},"yoast_head":"<!-- This site is optimized with the Yoast SEO plugin v24.4 - https:\/\/yoast.com\/wordpress\/plugins\/seo\/ -->\n<title>Th\u00f9ng 12 chai n\u01b0\u1edbc t\u01b0\u01a1ng \u0111\u1eadu n\u00e0nh Maggi \u0111\u1eadm \u0111\u1eb7c chai 700ml - TOLIO<\/title>\n<meta name=\"description\" content=\"Th\u01b0\u01a1ng hi\u1ec7u: Maggi  Xu\u1ea5t x\u1ee9 th\u01b0\u01a1ng hi\u1ec7u: Vi\u1ec7t Nam  Quy c\u00e1ch \u0111\u00f3ng g\u00f3i: Chai 700ml, th\u00f9ng 12 chai  L\u01b0u \u00fd: Bao b\u00ec s\u1ea3n ph\u1ea9m c\u00f3 th\u1ec3 thay \u0111\u1ed5i theo t\u1eebng \u0111\u1ee3t nh\u1eadp h\u00e0ng  &nbsp;\" \/>\n<meta name=\"robots\" content=\"index, follow, max-snippet:-1, max-image-preview:large, max-video-preview:-1\" \/>\n<link rel=\"canonical\" href=\"https:\/\/dev.tolio.co.nz\/en\/product\/pack-of-12-bottles-of-700ml-bottle-of-maggi-dam-dac\/\" \/>\n<meta property=\"og:locale\" content=\"en_US\" \/>\n<meta property=\"og:type\" content=\"article\" \/>\n<meta property=\"og:title\" content=\"Th\u00f9ng 12 chai n\u01b0\u1edbc t\u01b0\u01a1ng \u0111\u1eadu n\u00e0nh Maggi \u0111\u1eadm \u0111\u1eb7c chai 700ml - TOLIO\" \/>\n<meta property=\"og:description\" content=\"Th\u01b0\u01a1ng hi\u1ec7u: Maggi  Xu\u1ea5t x\u1ee9 th\u01b0\u01a1ng hi\u1ec7u: Vi\u1ec7t Nam  Quy c\u00e1ch \u0111\u00f3ng g\u00f3i: Chai 700ml, th\u00f9ng 12 chai  L\u01b0u \u00fd: Bao b\u00ec s\u1ea3n ph\u1ea9m c\u00f3 th\u1ec3 thay \u0111\u1ed5i theo t\u1eebng \u0111\u1ee3t nh\u1eadp h\u00e0ng  &nbsp;\" \/>\n<meta property=\"og:url\" content=\"https:\/\/dev.tolio.co.nz\/en\/product\/pack-of-12-bottles-of-700ml-bottle-of-maggi-dam-dac\/\" \/>\n<meta property=\"og:site_name\" content=\"TOLIO\" \/>\n<meta property=\"article:modified_time\" content=\"2025-09-11T04:01:03+00:00\" \/>\n<meta property=\"og:image\" content=\"https:\/\/dev.tolio.co.nz\/wp-content\/uploads\/2024\/05\/194.png\" \/>\n\t<meta property=\"og:image:width\" content=\"1000\" \/>\n\t<meta property=\"og:image:height\" content=\"907\" \/>\n\t<meta property=\"og:image:type\" content=\"image\/png\" \/>\n<meta name=\"twitter:card\" content=\"summary_large_image\" \/>\n<meta name=\"twitter:label1\" content=\"Est. reading time\" \/>\n\t<meta name=\"twitter:data1\" content=\"1 minute\" \/>\n<script type=\"application\/ld+json\" class=\"yoast-schema-graph\">{\"@context\":\"https:\/\/schema.org\",\"@graph\":[{\"@type\":\"WebPage\",\"@id\":\"https:\/\/dev.tolio.co.nz\/san-pham\/thung-12-chai-cuoc-tuong-dau-nanh-maggi-dam-dac-chai-700ml\/\",\"url\":\"https:\/\/dev.tolio.co.nz\/san-pham\/thung-12-chai-cuoc-tuong-dau-nanh-maggi-dam-dac-chai-700ml\/\",\"name\":\"Th\u00f9ng 12 chai n\u01b0\u1edbc t\u01b0\u01a1ng \u0111\u1eadu n\u00e0nh Maggi \u0111\u1eadm \u0111\u1eb7c chai 700ml - TOLIO\",\"isPartOf\":{\"@id\":\"https:\/\/dev.tolio.co.nz\/#website\"},\"primaryImageOfPage\":{\"@id\":\"https:\/\/dev.tolio.co.nz\/san-pham\/thung-12-chai-cuoc-tuong-dau-nanh-maggi-dam-dac-chai-700ml\/#primaryimage\"},\"image\":{\"@id\":\"https:\/\/dev.tolio.co.nz\/san-pham\/thung-12-chai-cuoc-tuong-dau-nanh-maggi-dam-dac-chai-700ml\/#primaryimage\"},\"thumbnailUrl\":\"https:\/\/dev.tolio.co.nz\/wp-content\/uploads\/2024\/05\/194.png\",\"datePublished\":\"2024-05-13T09:38:49+00:00\",\"dateModified\":\"2025-09-11T04:01:03+00:00\",\"description\":\"Th\u01b0\u01a1ng hi\u1ec7u: Maggi Xu\u1ea5t x\u1ee9 th\u01b0\u01a1ng hi\u1ec7u: Vi\u1ec7t Nam Quy c\u00e1ch \u0111\u00f3ng g\u00f3i: Chai 700ml, th\u00f9ng 12 chai L\u01b0u \u00fd: Bao b\u00ec s\u1ea3n ph\u1ea9m c\u00f3 th\u1ec3 thay \u0111\u1ed5i theo t\u1eebng \u0111\u1ee3t nh\u1eadp h\u00e0ng &nbsp;\",\"breadcrumb\":{\"@id\":\"https:\/\/dev.tolio.co.nz\/san-pham\/thung-12-chai-cuoc-tuong-dau-nanh-maggi-dam-dac-chai-700ml\/#breadcrumb\"},\"inLanguage\":\"en-US\",\"potentialAction\":[{\"@type\":\"ReadAction\",\"target\":[\"https:\/\/dev.tolio.co.nz\/san-pham\/thung-12-chai-cuoc-tuong-dau-nanh-maggi-dam-dac-chai-700ml\/\"]}]},{\"@type\":\"ImageObject\",\"inLanguage\":\"en-US\",\"@id\":\"https:\/\/dev.tolio.co.nz\/san-pham\/thung-12-chai-cuoc-tuong-dau-nanh-maggi-dam-dac-chai-700ml\/#primaryimage\",\"url\":\"https:\/\/dev.tolio.co.nz\/wp-content\/uploads\/2024\/05\/194.png\",\"contentUrl\":\"https:\/\/dev.tolio.co.nz\/wp-content\/uploads\/2024\/05\/194.png\",\"width\":1000,\"height\":907},{\"@type\":\"BreadcrumbList\",\"@id\":\"https:\/\/dev.tolio.co.nz\/san-pham\/thung-12-chai-cuoc-tuong-dau-nanh-maggi-dam-dac-chai-700ml\/#breadcrumb\",\"itemListElement\":[{\"@type\":\"ListItem\",\"position\":1,\"name\":\"Home\",\"item\":\"https:\/\/dev.tolio.co.nz\/\"},{\"@type\":\"ListItem\",\"position\":2,\"name\":\"C\u1eeda h\u00e0ng\",\"item\":\"https:\/\/dev.tolio.co.nz\/cua-hang\/\"},{\"@type\":\"ListItem\",\"position\":3,\"name\":\"Th\u00f9ng 12 chai n\u01b0\u1edbc t\u01b0\u01a1ng \u0111\u1eadu n\u00e0nh Maggi \u0111\u1eadm \u0111\u1eb7c chai 700ml\"}]},{\"@type\":\"WebSite\",\"@id\":\"https:\/\/dev.tolio.co.nz\/#website\",\"url\":\"https:\/\/dev.tolio.co.nz\/\",\"name\":\"TOLIO\",\"description\":\"Vietnamese Grocery Online\",\"potentialAction\":[{\"@type\":\"SearchAction\",\"target\":{\"@type\":\"EntryPoint\",\"urlTemplate\":\"https:\/\/dev.tolio.co.nz\/?s={search_term_string}\"},\"query-input\":{\"@type\":\"PropertyValueSpecification\",\"valueRequired\":true,\"valueName\":\"search_term_string\"}}],\"inLanguage\":\"en-US\"}]}<\/script>\n<!-- \/ Yoast SEO plugin. -->","yoast_head_json":{"title":"Th\u00f9ng 12 chai n\u01b0\u1edbc t\u01b0\u01a1ng \u0111\u1eadu n\u00e0nh Maggi \u0111\u1eadm \u0111\u1eb7c chai 700ml - TOLIO","description":"Th\u01b0\u01a1ng hi\u1ec7u: Maggi  Xu\u1ea5t x\u1ee9 th\u01b0\u01a1ng hi\u1ec7u: Vi\u1ec7t Nam  Quy c\u00e1ch \u0111\u00f3ng g\u00f3i: Chai 700ml, th\u00f9ng 12 chai  L\u01b0u \u00fd: Bao b\u00ec s\u1ea3n ph\u1ea9m c\u00f3 th\u1ec3 thay \u0111\u1ed5i theo t\u1eebng \u0111\u1ee3t nh\u1eadp h\u00e0ng  &nbsp;","robots":{"index":"index","follow":"follow","max-snippet":"max-snippet:-1","max-image-preview":"max-image-preview:large","max-video-preview":"max-video-preview:-1"},"canonical":"https:\/\/dev.tolio.co.nz\/en\/product\/pack-of-12-bottles-of-700ml-bottle-of-maggi-dam-dac\/","og_locale":"en_US","og_type":"article","og_title":"Th\u00f9ng 12 chai n\u01b0\u1edbc t\u01b0\u01a1ng \u0111\u1eadu n\u00e0nh Maggi \u0111\u1eadm \u0111\u1eb7c chai 700ml - TOLIO","og_description":"Th\u01b0\u01a1ng hi\u1ec7u: Maggi  Xu\u1ea5t x\u1ee9 th\u01b0\u01a1ng hi\u1ec7u: Vi\u1ec7t Nam  Quy c\u00e1ch \u0111\u00f3ng g\u00f3i: Chai 700ml, th\u00f9ng 12 chai  L\u01b0u \u00fd: Bao b\u00ec s\u1ea3n ph\u1ea9m c\u00f3 th\u1ec3 thay \u0111\u1ed5i theo t\u1eebng \u0111\u1ee3t nh\u1eadp h\u00e0ng  &nbsp;","og_url":"https:\/\/dev.tolio.co.nz\/en\/product\/pack-of-12-bottles-of-700ml-bottle-of-maggi-dam-dac\/","og_site_name":"TOLIO","article_modified_time":"2025-09-11T04:01:03+00:00","og_image":[{"width":1000,"height":907,"url":"https:\/\/dev.tolio.co.nz\/wp-content\/uploads\/2024\/05\/194.png","type":"image\/png"}],"twitter_card":"summary_large_image","twitter_misc":{"Est. reading time":"1 minute"},"schema":{"@context":"https:\/\/schema.org","@graph":[{"@type":"WebPage","@id":"https:\/\/dev.tolio.co.nz\/san-pham\/thung-12-chai-cuoc-tuong-dau-nanh-maggi-dam-dac-chai-700ml\/","url":"https:\/\/dev.tolio.co.nz\/san-pham\/thung-12-chai-cuoc-tuong-dau-nanh-maggi-dam-dac-chai-700ml\/","name":"Th\u00f9ng 12 chai n\u01b0\u1edbc t\u01b0\u01a1ng \u0111\u1eadu n\u00e0nh Maggi \u0111\u1eadm \u0111\u1eb7c chai 700ml - TOLIO","isPartOf":{"@id":"https:\/\/dev.tolio.co.nz\/#website"},"primaryImageOfPage":{"@id":"https:\/\/dev.tolio.co.nz\/san-pham\/thung-12-chai-cuoc-tuong-dau-nanh-maggi-dam-dac-chai-700ml\/#primaryimage"},"image":{"@id":"https:\/\/dev.tolio.co.nz\/san-pham\/thung-12-chai-cuoc-tuong-dau-nanh-maggi-dam-dac-chai-700ml\/#primaryimage"},"thumbnailUrl":"https:\/\/dev.tolio.co.nz\/wp-content\/uploads\/2024\/05\/194.png","datePublished":"2024-05-13T09:38:49+00:00","dateModified":"2025-09-11T04:01:03+00:00","description":"Th\u01b0\u01a1ng hi\u1ec7u: Maggi Xu\u1ea5t x\u1ee9 th\u01b0\u01a1ng hi\u1ec7u: Vi\u1ec7t Nam Quy c\u00e1ch \u0111\u00f3ng g\u00f3i: Chai 700ml, th\u00f9ng 12 chai L\u01b0u \u00fd: Bao b\u00ec s\u1ea3n ph\u1ea9m c\u00f3 th\u1ec3 thay \u0111\u1ed5i theo t\u1eebng \u0111\u1ee3t nh\u1eadp h\u00e0ng &nbsp;","breadcrumb":{"@id":"https:\/\/dev.tolio.co.nz\/san-pham\/thung-12-chai-cuoc-tuong-dau-nanh-maggi-dam-dac-chai-700ml\/#breadcrumb"},"inLanguage":"en-US","potentialAction":[{"@type":"ReadAction","target":["https:\/\/dev.tolio.co.nz\/san-pham\/thung-12-chai-cuoc-tuong-dau-nanh-maggi-dam-dac-chai-700ml\/"]}]},{"@type":"ImageObject","inLanguage":"en-US","@id":"https:\/\/dev.tolio.co.nz\/san-pham\/thung-12-chai-cuoc-tuong-dau-nanh-maggi-dam-dac-chai-700ml\/#primaryimage","url":"https:\/\/dev.tolio.co.nz\/wp-content\/uploads\/2024\/05\/194.png","contentUrl":"https:\/\/dev.tolio.co.nz\/wp-content\/uploads\/2024\/05\/194.png","width":1000,"height":907},{"@type":"BreadcrumbList","@id":"https:\/\/dev.tolio.co.nz\/san-pham\/thung-12-chai-cuoc-tuong-dau-nanh-maggi-dam-dac-chai-700ml\/#breadcrumb","itemListElement":[{"@type":"ListItem","position":1,"name":"Home","item":"https:\/\/dev.tolio.co.nz\/"},{"@type":"ListItem","position":2,"name":"C\u1eeda h\u00e0ng","item":"https:\/\/dev.tolio.co.nz\/cua-hang\/"},{"@type":"ListItem","position":3,"name":"Th\u00f9ng 12 chai n\u01b0\u1edbc t\u01b0\u01a1ng \u0111\u1eadu n\u00e0nh Maggi \u0111\u1eadm \u0111\u1eb7c chai 700ml"}]},{"@type":"WebSite","@id":"https:\/\/dev.tolio.co.nz\/#website","url":"https:\/\/dev.tolio.co.nz\/","name":"TOLIO","description":"Vietnamese Grocery Online","potentialAction":[{"@type":"SearchAction","target":{"@type":"EntryPoint","urlTemplate":"https:\/\/dev.tolio.co.nz\/?s={search_term_string}"},"query-input":{"@type":"PropertyValueSpecification","valueRequired":true,"valueName":"search_term_string"}}],"inLanguage":"en-US"}]}},"_links":{"self":[{"href":"https:\/\/dev.tolio.co.nz\/en\/wp-json\/wp\/v2\/product\/16198","targetHints":{"allow":["GET"]}}],"collection":[{"href":"https:\/\/dev.tolio.co.nz\/en\/wp-json\/wp\/v2\/product"}],"about":[{"href":"https:\/\/dev.tolio.co.nz\/en\/wp-json\/wp\/v2\/types\/product"}],"replies":[{"embeddable":true,"href":"https:\/\/dev.tolio.co.nz\/en\/wp-json\/wp\/v2\/comments?post=16198"}],"wp:featuredmedia":[{"embeddable":true,"href":"https:\/\/dev.tolio.co.nz\/en\/wp-json\/wp\/v2\/media\/17166"}],"wp:attachment":[{"href":"https:\/\/dev.tolio.co.nz\/en\/wp-json\/wp\/v2\/media?parent=16198"}],"wp:term":[{"taxonomy":"product_brand","embeddable":true,"href":"https:\/\/dev.tolio.co.nz\/en\/wp-json\/wp\/v2\/product_brand?post=16198"},{"taxonomy":"product_cat","embeddable":true,"href":"https:\/\/dev.tolio.co.nz\/en\/wp-json\/wp\/v2\/product_cat?post=16198"},{"taxonomy":"product_tag","embeddable":true,"href":"https:\/\/dev.tolio.co.nz\/en\/wp-json\/wp\/v2\/product_tag?post=16198"}],"curies":[{"name":"wp","href":"https:\/\/api.w.org\/{rel}","templated":true}]}}