{"id":16204,"date":"2024-05-13T22:36:46","date_gmt":"2024-05-13T09:51:46","guid":{"rendered":"https:\/\/tolio.co.nz\/?post_type=product&#038;p=16204"},"modified":"2025-09-11T16:01:03","modified_gmt":"2025-09-11T04:01:03","slug":"thung-12-chai-nuoc-tuong-dau-nanh-maggi-diu-nhe-chai-700ml","status":"publish","type":"product","link":"https:\/\/dev.tolio.co.nz\/en\/product\/pack-of-12-bottles-of-700ml-maggi-diu-nhac-water\/","title":{"rendered":"Th\u00f9ng 12 chai n\u01b0\u1edbc t\u01b0\u01a1ng \u0111\u1eadu n\u00e0nh Maggi d\u1ecbu nh\u1eb9 chai 700ml"},"content":{"rendered":"<p><strong>N\u01b0\u1edbc t\u01b0\u01a1ng \u0111\u1eadu n\u00e0nh Maggi d\u1ecbu nh\u1eb9 chai 700ml\u00a0<\/strong> \u0111\u01b0\u1ee3c l\u00ean men t\u1ef1 nhi\u00ean t\u1eeb nh\u1eefng h\u1ea1t \u0111\u1eadu n\u00e0nh cao c\u1ea5p \u0111\u1ec3 s\u1ea3n xu\u1ea5t n\u01b0\u1edbc t\u01b0\u01a1ng v\u1eeba ngon v\u1eeba \u0111\u1ea1t chu\u1ea9n an to\u00e0n 3-MCPD, \u0111\u1ea3m b\u1ea3o s\u1ee9c kh\u1ecfe ng\u01b0\u1eddi ti\u00eau d\u00f9ng.<\/p>\n<ul>\n<li>\u00a0H\u01b0\u01a1ng th\u01a1m, v\u1ecb d\u1ecbu ng\u1ecdt \u0111\u1eb7c tr\u01b0ng nh\u1edd s\u1ef1 ch\u1eaft l\u1ecdc tinh t\u00fay t\u1eeb nh\u1eefng h\u1ea1t \u0111\u1eadu n\u00e0nh t\u01b0\u01a1i ngon nh\u1ea5t.<\/li>\n<li>\u00a0Tinh ch\u1ea5t \u0111\u1eadu n\u00e0nh \u0111\u1eadm \u0111\u1eb7c, b\u1ed5 sung I-\u1ed1t, \u0111\u1ea3m b\u1ea3o dinh d\u01b0\u1ee1ng trong t\u1eebng gi\u1ecdt n\u01b0\u1edbc t\u01b0\u01a1ng.<\/li>\n<li>S\u1ea3n ph\u1ea9m \u0111\u01b0\u1ee3c ki\u1ec3m tra tr\u00ean t\u1eebng l\u00f4 h\u00e0ng tr\u01b0\u1edbc khi xu\u1ea5t x\u01b0\u1edfng.<\/li>\n<\/ul>\n<p><strong>H\u01b0\u1edbng d\u1eabn s\u1eed d\u1ee5ng:<\/strong><\/p>\n<ul>\n<li>D\u00f9ng \u0111\u1ec3 ch\u1ea5m tr\u1ef1c ti\u1ebfp v\u1edbi th\u1ee9c \u0103n ho\u1eb7c cho th\u00eam t\u1ecfi, \u1edbt v\u00e0 pha ch\u1ebf cho v\u1eeba kh\u1ea9u v\u1ecb c\u1ee7a t\u1eebng ng\u01b0\u1eddi.<\/li>\n<li>\u00a0D\u00f9ng l\u00e0m gia v\u1ecb t\u1ea9m \u01b0\u1edbp, chi\u00ean, x\u00e0o, n\u1ea5u\u2026<\/li>\n<li>\u00a0Chay, m\u1eb7n \u0111\u1ec1u d\u00f9ng \u0111\u01b0\u1ee3c.<\/li>\n<li>Kh\u00f4ng d\u00f9ng cho ng\u01b0\u1eddi d\u1ecb \u1ee9ng v\u1edbi c\u00e1c th\u00e0nh ph\u1ea7n s\u1ea3n ph\u1ea9m<\/li>\n<\/ul>\n<p><strong>B\u1ea3o qu\u1ea3n:<\/strong><\/p>\n<ul>\n<li>N\u01a1i kh\u00f4 r\u00e1o, tho\u00e1ng m\u00e1t, tr\u00e1nh \u1ea9m \u01b0\u1edbt, tr\u00e1nh \u0111\u1ec3 tr\u1ef1c ti\u1ebfp d\u01b0\u1edbi \u00e1nh n\u1eafng m\u1eb7t tr\u1eddi<\/li>\n<\/ul>","protected":false},"excerpt":{"rendered":"<ul>\n<li>Th\u01b0\u01a1ng hi\u1ec7u: Maggi<\/li>\n<li>Xu\u1ea5t x\u1ee9 th\u01b0\u01a1ng hi\u1ec7u: Vi\u1ec7t Nam<\/li>\n<li>Quy c\u00e1ch \u0111\u00f3ng g\u00f3i: Chai 700ml, th\u00f9ng 12 chai<\/li>\n<li>L\u01b0u \u00fd: Bao b\u00ec s\u1ea3n ph\u1ea9m c\u00f3 th\u1ec3 thay \u0111\u1ed5i theo t\u1eebng \u0111\u1ee3t nh\u1eadp h\u00e0ng<\/li>\n<\/ul>","protected":false},"featured_media":17165,"comment_status":"open","ping_status":"closed","template":"","meta":[],"product_brand":[],"product_cat":[876],"product_tag":[193,198,195,197],"class_list":{"0":"post-16204","1":"product","2":"type-product","3":"status-publish","4":"has-post-thumbnail","6":"product_cat-bulk-order","7":"product_tag-nuoc-tuong","8":"product_tag-nuoc-tuong-dau-dau-nanh","9":"product_tag-nuoc-tuong-maggi","10":"product_tag-nuoc-tuong-thanh-diu","11":"pa_thuong-hieu-maggi","13":"first","14":"outofstock","15":"sale","16":"shipping-taxable","17":"purchasable","18":"product-type-simple"},"yoast_head":"<!-- This site is optimized with the Yoast SEO plugin v24.4 - https:\/\/yoast.com\/wordpress\/plugins\/seo\/ -->\n<title>Th\u00f9ng 12 chai n\u01b0\u1edbc t\u01b0\u01a1ng \u0111\u1eadu n\u00e0nh Maggi d\u1ecbu nh\u1eb9 chai 700ml - TOLIO<\/title>\n<meta name=\"description\" content=\"Th\u01b0\u01a1ng hi\u1ec7u: Maggi  Xu\u1ea5t x\u1ee9 th\u01b0\u01a1ng hi\u1ec7u: Vi\u1ec7t Nam  Quy c\u00e1ch \u0111\u00f3ng g\u00f3i: Chai 700ml, th\u00f9ng 12 chai  L\u01b0u \u00fd: Bao b\u00ec s\u1ea3n ph\u1ea9m c\u00f3 th\u1ec3 thay \u0111\u1ed5i theo t\u1eebng \u0111\u1ee3t nh\u1eadp h\u00e0ng\" \/>\n<meta name=\"robots\" content=\"index, follow, max-snippet:-1, max-image-preview:large, max-video-preview:-1\" \/>\n<link rel=\"canonical\" href=\"https:\/\/dev.tolio.co.nz\/en\/product\/pack-of-12-bottles-of-700ml-maggi-diu-nhac-water\/\" \/>\n<meta property=\"og:locale\" content=\"en_US\" \/>\n<meta property=\"og:type\" content=\"article\" \/>\n<meta property=\"og:title\" content=\"Th\u00f9ng 12 chai n\u01b0\u1edbc t\u01b0\u01a1ng \u0111\u1eadu n\u00e0nh Maggi d\u1ecbu nh\u1eb9 chai 700ml - TOLIO\" \/>\n<meta property=\"og:description\" content=\"Th\u01b0\u01a1ng hi\u1ec7u: Maggi  Xu\u1ea5t x\u1ee9 th\u01b0\u01a1ng hi\u1ec7u: Vi\u1ec7t Nam  Quy c\u00e1ch \u0111\u00f3ng g\u00f3i: Chai 700ml, th\u00f9ng 12 chai  L\u01b0u \u00fd: Bao b\u00ec s\u1ea3n ph\u1ea9m c\u00f3 th\u1ec3 thay \u0111\u1ed5i theo t\u1eebng \u0111\u1ee3t nh\u1eadp h\u00e0ng\" \/>\n<meta property=\"og:url\" content=\"https:\/\/dev.tolio.co.nz\/en\/product\/pack-of-12-bottles-of-700ml-maggi-diu-nhac-water\/\" \/>\n<meta property=\"og:site_name\" content=\"TOLIO\" \/>\n<meta property=\"article:modified_time\" content=\"2025-09-11T04:01:03+00:00\" \/>\n<meta property=\"og:image\" content=\"https:\/\/dev.tolio.co.nz\/wp-content\/uploads\/2024\/05\/195.png\" \/>\n\t<meta property=\"og:image:width\" content=\"1000\" \/>\n\t<meta property=\"og:image:height\" content=\"907\" \/>\n\t<meta property=\"og:image:type\" content=\"image\/png\" \/>\n<meta name=\"twitter:card\" content=\"summary_large_image\" \/>\n<meta name=\"twitter:label1\" content=\"Est. reading time\" \/>\n\t<meta name=\"twitter:data1\" content=\"1 minute\" \/>\n<script type=\"application\/ld+json\" class=\"yoast-schema-graph\">{\"@context\":\"https:\/\/schema.org\",\"@graph\":[{\"@type\":\"WebPage\",\"@id\":\"https:\/\/dev.tolio.co.nz\/san-pham\/thung-12-chai-nuoc-tuong-dau-nanh-maggi-diu-nhe-chai-700ml\/\",\"url\":\"https:\/\/dev.tolio.co.nz\/san-pham\/thung-12-chai-nuoc-tuong-dau-nanh-maggi-diu-nhe-chai-700ml\/\",\"name\":\"Th\u00f9ng 12 chai n\u01b0\u1edbc t\u01b0\u01a1ng \u0111\u1eadu n\u00e0nh Maggi d\u1ecbu nh\u1eb9 chai 700ml - TOLIO\",\"isPartOf\":{\"@id\":\"https:\/\/dev.tolio.co.nz\/#website\"},\"primaryImageOfPage\":{\"@id\":\"https:\/\/dev.tolio.co.nz\/san-pham\/thung-12-chai-nuoc-tuong-dau-nanh-maggi-diu-nhe-chai-700ml\/#primaryimage\"},\"image\":{\"@id\":\"https:\/\/dev.tolio.co.nz\/san-pham\/thung-12-chai-nuoc-tuong-dau-nanh-maggi-diu-nhe-chai-700ml\/#primaryimage\"},\"thumbnailUrl\":\"https:\/\/dev.tolio.co.nz\/wp-content\/uploads\/2024\/05\/195.png\",\"datePublished\":\"2024-05-13T09:51:46+00:00\",\"dateModified\":\"2025-09-11T04:01:03+00:00\",\"description\":\"Th\u01b0\u01a1ng hi\u1ec7u: Maggi Xu\u1ea5t x\u1ee9 th\u01b0\u01a1ng hi\u1ec7u: Vi\u1ec7t Nam Quy c\u00e1ch \u0111\u00f3ng g\u00f3i: Chai 700ml, th\u00f9ng 12 chai L\u01b0u \u00fd: Bao b\u00ec s\u1ea3n ph\u1ea9m c\u00f3 th\u1ec3 thay \u0111\u1ed5i theo t\u1eebng \u0111\u1ee3t nh\u1eadp h\u00e0ng\",\"breadcrumb\":{\"@id\":\"https:\/\/dev.tolio.co.nz\/san-pham\/thung-12-chai-nuoc-tuong-dau-nanh-maggi-diu-nhe-chai-700ml\/#breadcrumb\"},\"inLanguage\":\"en-US\",\"potentialAction\":[{\"@type\":\"ReadAction\",\"target\":[\"https:\/\/dev.tolio.co.nz\/san-pham\/thung-12-chai-nuoc-tuong-dau-nanh-maggi-diu-nhe-chai-700ml\/\"]}]},{\"@type\":\"ImageObject\",\"inLanguage\":\"en-US\",\"@id\":\"https:\/\/dev.tolio.co.nz\/san-pham\/thung-12-chai-nuoc-tuong-dau-nanh-maggi-diu-nhe-chai-700ml\/#primaryimage\",\"url\":\"https:\/\/dev.tolio.co.nz\/wp-content\/uploads\/2024\/05\/195.png\",\"contentUrl\":\"https:\/\/dev.tolio.co.nz\/wp-content\/uploads\/2024\/05\/195.png\",\"width\":1000,\"height\":907},{\"@type\":\"BreadcrumbList\",\"@id\":\"https:\/\/dev.tolio.co.nz\/san-pham\/thung-12-chai-nuoc-tuong-dau-nanh-maggi-diu-nhe-chai-700ml\/#breadcrumb\",\"itemListElement\":[{\"@type\":\"ListItem\",\"position\":1,\"name\":\"Home\",\"item\":\"https:\/\/dev.tolio.co.nz\/\"},{\"@type\":\"ListItem\",\"position\":2,\"name\":\"C\u1eeda h\u00e0ng\",\"item\":\"https:\/\/dev.tolio.co.nz\/cua-hang\/\"},{\"@type\":\"ListItem\",\"position\":3,\"name\":\"Th\u00f9ng 12 chai n\u01b0\u1edbc t\u01b0\u01a1ng \u0111\u1eadu n\u00e0nh Maggi d\u1ecbu nh\u1eb9 chai 700ml\"}]},{\"@type\":\"WebSite\",\"@id\":\"https:\/\/dev.tolio.co.nz\/#website\",\"url\":\"https:\/\/dev.tolio.co.nz\/\",\"name\":\"TOLIO\",\"description\":\"Vietnamese Grocery Online\",\"potentialAction\":[{\"@type\":\"SearchAction\",\"target\":{\"@type\":\"EntryPoint\",\"urlTemplate\":\"https:\/\/dev.tolio.co.nz\/?s={search_term_string}\"},\"query-input\":{\"@type\":\"PropertyValueSpecification\",\"valueRequired\":true,\"valueName\":\"search_term_string\"}}],\"inLanguage\":\"en-US\"}]}<\/script>\n<!-- \/ Yoast SEO plugin. -->","yoast_head_json":{"title":"Th\u00f9ng 12 chai n\u01b0\u1edbc t\u01b0\u01a1ng \u0111\u1eadu n\u00e0nh Maggi d\u1ecbu nh\u1eb9 chai 700ml - TOLIO","description":"Th\u01b0\u01a1ng hi\u1ec7u: Maggi  Xu\u1ea5t x\u1ee9 th\u01b0\u01a1ng hi\u1ec7u: Vi\u1ec7t Nam  Quy c\u00e1ch \u0111\u00f3ng g\u00f3i: Chai 700ml, th\u00f9ng 12 chai  L\u01b0u \u00fd: Bao b\u00ec s\u1ea3n ph\u1ea9m c\u00f3 th\u1ec3 thay \u0111\u1ed5i theo t\u1eebng \u0111\u1ee3t nh\u1eadp h\u00e0ng","robots":{"index":"index","follow":"follow","max-snippet":"max-snippet:-1","max-image-preview":"max-image-preview:large","max-video-preview":"max-video-preview:-1"},"canonical":"https:\/\/dev.tolio.co.nz\/en\/product\/pack-of-12-bottles-of-700ml-maggi-diu-nhac-water\/","og_locale":"en_US","og_type":"article","og_title":"Th\u00f9ng 12 chai n\u01b0\u1edbc t\u01b0\u01a1ng \u0111\u1eadu n\u00e0nh Maggi d\u1ecbu nh\u1eb9 chai 700ml - TOLIO","og_description":"Th\u01b0\u01a1ng hi\u1ec7u: Maggi  Xu\u1ea5t x\u1ee9 th\u01b0\u01a1ng hi\u1ec7u: Vi\u1ec7t Nam  Quy c\u00e1ch \u0111\u00f3ng g\u00f3i: Chai 700ml, th\u00f9ng 12 chai  L\u01b0u \u00fd: Bao b\u00ec s\u1ea3n ph\u1ea9m c\u00f3 th\u1ec3 thay \u0111\u1ed5i theo t\u1eebng \u0111\u1ee3t nh\u1eadp h\u00e0ng","og_url":"https:\/\/dev.tolio.co.nz\/en\/product\/pack-of-12-bottles-of-700ml-maggi-diu-nhac-water\/","og_site_name":"TOLIO","article_modified_time":"2025-09-11T04:01:03+00:00","og_image":[{"width":1000,"height":907,"url":"https:\/\/dev.tolio.co.nz\/wp-content\/uploads\/2024\/05\/195.png","type":"image\/png"}],"twitter_card":"summary_large_image","twitter_misc":{"Est. reading time":"1 minute"},"schema":{"@context":"https:\/\/schema.org","@graph":[{"@type":"WebPage","@id":"https:\/\/dev.tolio.co.nz\/san-pham\/thung-12-chai-nuoc-tuong-dau-nanh-maggi-diu-nhe-chai-700ml\/","url":"https:\/\/dev.tolio.co.nz\/san-pham\/thung-12-chai-nuoc-tuong-dau-nanh-maggi-diu-nhe-chai-700ml\/","name":"Th\u00f9ng 12 chai n\u01b0\u1edbc t\u01b0\u01a1ng \u0111\u1eadu n\u00e0nh Maggi d\u1ecbu nh\u1eb9 chai 700ml - TOLIO","isPartOf":{"@id":"https:\/\/dev.tolio.co.nz\/#website"},"primaryImageOfPage":{"@id":"https:\/\/dev.tolio.co.nz\/san-pham\/thung-12-chai-nuoc-tuong-dau-nanh-maggi-diu-nhe-chai-700ml\/#primaryimage"},"image":{"@id":"https:\/\/dev.tolio.co.nz\/san-pham\/thung-12-chai-nuoc-tuong-dau-nanh-maggi-diu-nhe-chai-700ml\/#primaryimage"},"thumbnailUrl":"https:\/\/dev.tolio.co.nz\/wp-content\/uploads\/2024\/05\/195.png","datePublished":"2024-05-13T09:51:46+00:00","dateModified":"2025-09-11T04:01:03+00:00","description":"Th\u01b0\u01a1ng hi\u1ec7u: Maggi Xu\u1ea5t x\u1ee9 th\u01b0\u01a1ng hi\u1ec7u: Vi\u1ec7t Nam Quy c\u00e1ch \u0111\u00f3ng g\u00f3i: Chai 700ml, th\u00f9ng 12 chai L\u01b0u \u00fd: Bao b\u00ec s\u1ea3n ph\u1ea9m c\u00f3 th\u1ec3 thay \u0111\u1ed5i theo t\u1eebng \u0111\u1ee3t nh\u1eadp h\u00e0ng","breadcrumb":{"@id":"https:\/\/dev.tolio.co.nz\/san-pham\/thung-12-chai-nuoc-tuong-dau-nanh-maggi-diu-nhe-chai-700ml\/#breadcrumb"},"inLanguage":"en-US","potentialAction":[{"@type":"ReadAction","target":["https:\/\/dev.tolio.co.nz\/san-pham\/thung-12-chai-nuoc-tuong-dau-nanh-maggi-diu-nhe-chai-700ml\/"]}]},{"@type":"ImageObject","inLanguage":"en-US","@id":"https:\/\/dev.tolio.co.nz\/san-pham\/thung-12-chai-nuoc-tuong-dau-nanh-maggi-diu-nhe-chai-700ml\/#primaryimage","url":"https:\/\/dev.tolio.co.nz\/wp-content\/uploads\/2024\/05\/195.png","contentUrl":"https:\/\/dev.tolio.co.nz\/wp-content\/uploads\/2024\/05\/195.png","width":1000,"height":907},{"@type":"BreadcrumbList","@id":"https:\/\/dev.tolio.co.nz\/san-pham\/thung-12-chai-nuoc-tuong-dau-nanh-maggi-diu-nhe-chai-700ml\/#breadcrumb","itemListElement":[{"@type":"ListItem","position":1,"name":"Home","item":"https:\/\/dev.tolio.co.nz\/"},{"@type":"ListItem","position":2,"name":"C\u1eeda h\u00e0ng","item":"https:\/\/dev.tolio.co.nz\/cua-hang\/"},{"@type":"ListItem","position":3,"name":"Th\u00f9ng 12 chai n\u01b0\u1edbc t\u01b0\u01a1ng \u0111\u1eadu n\u00e0nh Maggi d\u1ecbu nh\u1eb9 chai 700ml"}]},{"@type":"WebSite","@id":"https:\/\/dev.tolio.co.nz\/#website","url":"https:\/\/dev.tolio.co.nz\/","name":"TOLIO","description":"Vietnamese Grocery Online","potentialAction":[{"@type":"SearchAction","target":{"@type":"EntryPoint","urlTemplate":"https:\/\/dev.tolio.co.nz\/?s={search_term_string}"},"query-input":{"@type":"PropertyValueSpecification","valueRequired":true,"valueName":"search_term_string"}}],"inLanguage":"en-US"}]}},"_links":{"self":[{"href":"https:\/\/dev.tolio.co.nz\/en\/wp-json\/wp\/v2\/product\/16204","targetHints":{"allow":["GET"]}}],"collection":[{"href":"https:\/\/dev.tolio.co.nz\/en\/wp-json\/wp\/v2\/product"}],"about":[{"href":"https:\/\/dev.tolio.co.nz\/en\/wp-json\/wp\/v2\/types\/product"}],"replies":[{"embeddable":true,"href":"https:\/\/dev.tolio.co.nz\/en\/wp-json\/wp\/v2\/comments?post=16204"}],"wp:featuredmedia":[{"embeddable":true,"href":"https:\/\/dev.tolio.co.nz\/en\/wp-json\/wp\/v2\/media\/17165"}],"wp:attachment":[{"href":"https:\/\/dev.tolio.co.nz\/en\/wp-json\/wp\/v2\/media?parent=16204"}],"wp:term":[{"taxonomy":"product_brand","embeddable":true,"href":"https:\/\/dev.tolio.co.nz\/en\/wp-json\/wp\/v2\/product_brand?post=16204"},{"taxonomy":"product_cat","embeddable":true,"href":"https:\/\/dev.tolio.co.nz\/en\/wp-json\/wp\/v2\/product_cat?post=16204"},{"taxonomy":"product_tag","embeddable":true,"href":"https:\/\/dev.tolio.co.nz\/en\/wp-json\/wp\/v2\/product_tag?post=16204"}],"curies":[{"name":"wp","href":"https:\/\/api.w.org\/{rel}","templated":true}]}}