{"id":1624,"date":"2022-01-12T13:58:00","date_gmt":"2022-01-12T01:13:00","guid":{"rendered":"https:\/\/tolio2.sitebycat.com\/?post_type=product&#038;p=1624"},"modified":"2025-09-11T15:59:39","modified_gmt":"2025-09-11T03:59:39","slug":"mang-nua-kho-nau-ngay-500g","status":"publish","type":"product","link":"https:\/\/dev.tolio.co.nz\/en\/product\/braised-crab-noodles-with-500g\/","title":{"rendered":"M\u0103ng n\u1ee9a kh\u00f4 n\u1ea5u ngay Kim B\u00f4i g\u00f3i 750g\/500g"},"content":{"rendered":"<p><strong>M\u0103ng n\u1ee9a kh\u00f4 n\u1ea5u ngay Kim B\u00f4i g\u00f3i 500g<\/strong>\u00a0l\u00e0 lo\u1ea1i m\u0103ng ngon nh\u1ea5t trong c\u00e1c lo\u1ea1i m\u0103ng, c\u00f3 h\u01b0\u01a1ng v\u1ecb ng\u1ecdt v\u00e0 th\u01a1m. M\u0103ng c\u00f3 ng\u1ecdn nh\u1ecf, th\u01b0\u1eddng ch\u1ec9 kho\u1ea3ng ng\u00f3n ch\u00e2n c\u00e1i ho\u1eb7c l\u1edbn h\u01a1n m\u1ed9t ch\u00fat.<\/p>\n<ul>\n<li>M\u0103ng n\u1ee9a kh\u00f4 n\u1ea5u ngay Kim B\u00f4i 500g l\u00e0 s\u1ea3n ph\u1ea9m \u0111\u00e3 \u0111\u01b0\u1ee3c ch\u1ebf bi\u1ebfn s\u1eb5n. Ch\u00fang v\u00f4 c\u00f9ng ti\u1ec7n l\u1ee3i, ch\u1ea5t l\u01b0\u1ee3ng v\u00e0 an to\u00e0n cho s\u1ee9c kh\u1ecfe ng\u01b0\u1eddi d\u00f9ng.<\/li>\n<li>\u00a0Trong m\u0103ng n\u1ee9a kh\u00f4 r\u1ea5t gi\u00e0u ch\u1ea5t x\u01a1, nhi\u1ec1u magie v\u00e0 r\u1ea5t th\u1ea5p h\u00e0m l\u01b0\u1ee3ng ch\u1ea5t b\u00e9o, ch\u1ea5t \u0111\u01b0\u1eddng.<\/li>\n<li>M\u0103ng n\u1ee9a kh\u00f4 \u0111\u01b0\u1ee3c xem l\u00e0 th\u1ef1c ph\u1ea9m c\u00f3 l\u1ee3i cho s\u1ee9c kh\u1ecfe. M\u0103ng c\u00f3 t\u00e1c d\u1ee5ng th\u00fac \u0111\u1ea9y nhu \u0111\u1ed9ng ru\u1ed9t, tr\u1ee3 gi\u00fap ti\u00eau h\u00f3a, ph\u00f2ng ch\u1ed1ng hi\u1ec7u qu\u1ea3 t\u00ecnh tr\u1ea1ng b\u00e9o ph\u00ec, cao huy\u1ebft \u00e1p, x\u01a1 v\u1eefa \u0111\u1ed9ng m\u1ea1ch.<\/li>\n<\/ul>\n<p><strong>H\u01b0\u1edbng d\u1eabn s\u1eed d\u1ee5ng:<\/strong><\/p>\n<ul>\n<li>B\u00f3c b\u1ecf v\u1ecf, ph\u1ea7n ru\u1ed9t c\u00f3 m\u00e0u tr\u1eafng n\u00f5n v\u00e0 s\u1ebd chuy\u1ec3n sang m\u00e0u tr\u1eafng h\u01a1i ng\u00e0 ho\u1eb7c v\u00e0ng sau khi lu\u1ed9c qua n\u01b0\u1edbc s\u00f4i.<\/li>\n<li>ch\u1ebf bi\u1ebfn nhi\u1ec1u m\u00f3n \u0103n ngon nh\u01b0 l\u00e0m n\u1ed9m, ch\u00e2n gi\u00f2 n\u1ea5u m\u0103ng, v\u1ecbt n\u1ea5u m\u0103ng,.. Ngo\u00e0i ra, c\u00f3 th\u1ec3 d\u00f9ng ch\u1ebf bi\u1ebfn c\u00e1c m\u00f3n chay theo nhu c\u1ea7u.<\/li>\n<\/ul>\n<p><strong>B\u1ea3o qu\u1ea3n:<\/strong><\/p>\n<ul>\n<li>N\u01a1i kh\u00f4 r\u00e1o, tho\u00e1ng m\u00e1t, tr\u00e1nh \u1ea9m \u01b0\u1edbt, tr\u00e1nh \u0111\u1ec3 tr\u1ef1c ti\u1ebfp d\u01b0\u1edbi \u00e1nh n\u1eafng m\u1eb7t tr\u1eddi<\/li>\n<\/ul>\n<p>&nbsp;<\/p>","protected":false},"excerpt":{"rendered":"<ul>\n<li>Th\u01b0\u01a1ng hi\u1ec7u: Kim B\u00f4i<\/li>\n<li>Xu\u1ea5t x\u1ee9 th\u01b0\u01a1ng hi\u1ec7u: Vi\u1ec7t Nam<\/li>\n<li>Quy c\u00e1ch \u0111\u00f3ng g\u00f3i: t\u00fai 500g<\/li>\n<li>L\u01b0u \u00fd: Bao b\u00ec s\u1ea3n ph\u1ea9m c\u00f3 th\u1ec3 thay \u0111\u1ed5i theo t\u1eebng \u0111\u1ee3t nh\u1eadp h\u00e0ng<\/li>\n<\/ul>","protected":false},"featured_media":20748,"comment_status":"open","ping_status":"closed","template":"","meta":[],"product_brand":[],"product_cat":[36,128,478,514],"product_tag":[182,183,184,185],"class_list":{"0":"post-1624","1":"product","2":"type-product","3":"status-publish","4":"has-post-thumbnail","6":"product_cat-thuc-pham-kho","7":"product_cat-do-kho","8":"product_cat-thuc-pham-khac","9":"product_cat-super-deal","10":"product_tag-mang-kho","11":"product_tag-mang-nua","12":"product_tag-mang-nua-kim-boi","13":"product_tag-mang-nua-nau-ngay","14":"pa_thuong-hieu-kim-boi","16":"first","17":"instock","18":"sale","19":"shipping-taxable","20":"purchasable","21":"product-type-simple"},"yoast_head":"<!-- This site is optimized with the Yoast SEO plugin v24.4 - https:\/\/yoast.com\/wordpress\/plugins\/seo\/ -->\n<title>M\u0103ng n\u1ee9a kh\u00f4 n\u1ea5u ngay Kim B\u00f4i g\u00f3i 750g\/500g - TOLIO<\/title>\n<meta name=\"description\" content=\"Th\u01b0\u01a1ng hi\u1ec7u: Kim B\u00f4i  Xu\u1ea5t x\u1ee9 th\u01b0\u01a1ng hi\u1ec7u: Vi\u1ec7t Nam  Quy c\u00e1ch \u0111\u00f3ng g\u00f3i: t\u00fai 500g  L\u01b0u \u00fd: Bao b\u00ec s\u1ea3n ph\u1ea9m c\u00f3 th\u1ec3 thay \u0111\u1ed5i theo t\u1eebng \u0111\u1ee3t nh\u1eadp h\u00e0ng\" \/>\n<meta name=\"robots\" content=\"index, follow, max-snippet:-1, max-image-preview:large, max-video-preview:-1\" \/>\n<link rel=\"canonical\" href=\"https:\/\/dev.tolio.co.nz\/en\/product\/braised-crab-noodles-with-500g\/\" \/>\n<meta property=\"og:locale\" content=\"en_US\" \/>\n<meta property=\"og:type\" content=\"article\" \/>\n<meta property=\"og:title\" content=\"M\u0103ng n\u1ee9a kh\u00f4 n\u1ea5u ngay Kim B\u00f4i g\u00f3i 750g\/500g - TOLIO\" \/>\n<meta property=\"og:description\" content=\"Th\u01b0\u01a1ng hi\u1ec7u: Kim B\u00f4i  Xu\u1ea5t x\u1ee9 th\u01b0\u01a1ng hi\u1ec7u: Vi\u1ec7t Nam  Quy c\u00e1ch \u0111\u00f3ng g\u00f3i: t\u00fai 500g  L\u01b0u \u00fd: Bao b\u00ec s\u1ea3n ph\u1ea9m c\u00f3 th\u1ec3 thay \u0111\u1ed5i theo t\u1eebng \u0111\u1ee3t nh\u1eadp h\u00e0ng\" \/>\n<meta property=\"og:url\" content=\"https:\/\/dev.tolio.co.nz\/en\/product\/braised-crab-noodles-with-500g\/\" \/>\n<meta property=\"og:site_name\" content=\"TOLIO\" \/>\n<meta property=\"article:modified_time\" content=\"2025-09-11T03:59:39+00:00\" \/>\n<meta property=\"og:image\" content=\"https:\/\/dev.tolio.co.nz\/wp-content\/uploads\/2022\/01\/268.png\" \/>\n\t<meta property=\"og:image:width\" content=\"1000\" \/>\n\t<meta property=\"og:image:height\" content=\"907\" \/>\n\t<meta property=\"og:image:type\" content=\"image\/png\" \/>\n<meta name=\"twitter:card\" content=\"summary_large_image\" \/>\n<meta name=\"twitter:label1\" content=\"Est. reading time\" \/>\n\t<meta name=\"twitter:data1\" content=\"2 minutes\" \/>\n<script type=\"application\/ld+json\" class=\"yoast-schema-graph\">{\"@context\":\"https:\/\/schema.org\",\"@graph\":[{\"@type\":\"WebPage\",\"@id\":\"https:\/\/dev.tolio.co.nz\/san-pham\/mang-nua-kho-nau-ngay-500g\/\",\"url\":\"https:\/\/dev.tolio.co.nz\/san-pham\/mang-nua-kho-nau-ngay-500g\/\",\"name\":\"M\u0103ng n\u1ee9a kh\u00f4 n\u1ea5u ngay Kim B\u00f4i g\u00f3i 750g\/500g - TOLIO\",\"isPartOf\":{\"@id\":\"https:\/\/dev.tolio.co.nz\/#website\"},\"primaryImageOfPage\":{\"@id\":\"https:\/\/dev.tolio.co.nz\/san-pham\/mang-nua-kho-nau-ngay-500g\/#primaryimage\"},\"image\":{\"@id\":\"https:\/\/dev.tolio.co.nz\/san-pham\/mang-nua-kho-nau-ngay-500g\/#primaryimage\"},\"thumbnailUrl\":\"https:\/\/dev.tolio.co.nz\/wp-content\/uploads\/2022\/01\/268.png\",\"datePublished\":\"2022-01-12T01:13:00+00:00\",\"dateModified\":\"2025-09-11T03:59:39+00:00\",\"description\":\"Th\u01b0\u01a1ng hi\u1ec7u: Kim B\u00f4i Xu\u1ea5t x\u1ee9 th\u01b0\u01a1ng hi\u1ec7u: Vi\u1ec7t Nam Quy c\u00e1ch \u0111\u00f3ng g\u00f3i: t\u00fai 500g L\u01b0u \u00fd: Bao b\u00ec s\u1ea3n ph\u1ea9m c\u00f3 th\u1ec3 thay \u0111\u1ed5i theo t\u1eebng \u0111\u1ee3t nh\u1eadp h\u00e0ng\",\"breadcrumb\":{\"@id\":\"https:\/\/dev.tolio.co.nz\/san-pham\/mang-nua-kho-nau-ngay-500g\/#breadcrumb\"},\"inLanguage\":\"en-US\",\"potentialAction\":[{\"@type\":\"ReadAction\",\"target\":[\"https:\/\/dev.tolio.co.nz\/san-pham\/mang-nua-kho-nau-ngay-500g\/\"]}]},{\"@type\":\"ImageObject\",\"inLanguage\":\"en-US\",\"@id\":\"https:\/\/dev.tolio.co.nz\/san-pham\/mang-nua-kho-nau-ngay-500g\/#primaryimage\",\"url\":\"https:\/\/dev.tolio.co.nz\/wp-content\/uploads\/2022\/01\/268.png\",\"contentUrl\":\"https:\/\/dev.tolio.co.nz\/wp-content\/uploads\/2022\/01\/268.png\",\"width\":1000,\"height\":907},{\"@type\":\"BreadcrumbList\",\"@id\":\"https:\/\/dev.tolio.co.nz\/san-pham\/mang-nua-kho-nau-ngay-500g\/#breadcrumb\",\"itemListElement\":[{\"@type\":\"ListItem\",\"position\":1,\"name\":\"Home\",\"item\":\"https:\/\/dev.tolio.co.nz\/\"},{\"@type\":\"ListItem\",\"position\":2,\"name\":\"C\u1eeda h\u00e0ng\",\"item\":\"https:\/\/dev.tolio.co.nz\/cua-hang\/\"},{\"@type\":\"ListItem\",\"position\":3,\"name\":\"M\u0103ng n\u1ee9a kh\u00f4 n\u1ea5u ngay Kim B\u00f4i g\u00f3i 750g\/500g\"}]},{\"@type\":\"WebSite\",\"@id\":\"https:\/\/dev.tolio.co.nz\/#website\",\"url\":\"https:\/\/dev.tolio.co.nz\/\",\"name\":\"TOLIO\",\"description\":\"Vietnamese Grocery Online\",\"potentialAction\":[{\"@type\":\"SearchAction\",\"target\":{\"@type\":\"EntryPoint\",\"urlTemplate\":\"https:\/\/dev.tolio.co.nz\/?s={search_term_string}\"},\"query-input\":{\"@type\":\"PropertyValueSpecification\",\"valueRequired\":true,\"valueName\":\"search_term_string\"}}],\"inLanguage\":\"en-US\"}]}<\/script>\n<!-- \/ Yoast SEO plugin. -->","yoast_head_json":{"title":"M\u0103ng n\u1ee9a kh\u00f4 n\u1ea5u ngay Kim B\u00f4i g\u00f3i 750g\/500g - TOLIO","description":"Th\u01b0\u01a1ng hi\u1ec7u: Kim B\u00f4i  Xu\u1ea5t x\u1ee9 th\u01b0\u01a1ng hi\u1ec7u: Vi\u1ec7t Nam  Quy c\u00e1ch \u0111\u00f3ng g\u00f3i: t\u00fai 500g  L\u01b0u \u00fd: Bao b\u00ec s\u1ea3n ph\u1ea9m c\u00f3 th\u1ec3 thay \u0111\u1ed5i theo t\u1eebng \u0111\u1ee3t nh\u1eadp h\u00e0ng","robots":{"index":"index","follow":"follow","max-snippet":"max-snippet:-1","max-image-preview":"max-image-preview:large","max-video-preview":"max-video-preview:-1"},"canonical":"https:\/\/dev.tolio.co.nz\/en\/product\/braised-crab-noodles-with-500g\/","og_locale":"en_US","og_type":"article","og_title":"M\u0103ng n\u1ee9a kh\u00f4 n\u1ea5u ngay Kim B\u00f4i g\u00f3i 750g\/500g - TOLIO","og_description":"Th\u01b0\u01a1ng hi\u1ec7u: Kim B\u00f4i  Xu\u1ea5t x\u1ee9 th\u01b0\u01a1ng hi\u1ec7u: Vi\u1ec7t Nam  Quy c\u00e1ch \u0111\u00f3ng g\u00f3i: t\u00fai 500g  L\u01b0u \u00fd: Bao b\u00ec s\u1ea3n ph\u1ea9m c\u00f3 th\u1ec3 thay \u0111\u1ed5i theo t\u1eebng \u0111\u1ee3t nh\u1eadp h\u00e0ng","og_url":"https:\/\/dev.tolio.co.nz\/en\/product\/braised-crab-noodles-with-500g\/","og_site_name":"TOLIO","article_modified_time":"2025-09-11T03:59:39+00:00","og_image":[{"width":1000,"height":907,"url":"https:\/\/dev.tolio.co.nz\/wp-content\/uploads\/2022\/01\/268.png","type":"image\/png"}],"twitter_card":"summary_large_image","twitter_misc":{"Est. reading time":"2 minutes"},"schema":{"@context":"https:\/\/schema.org","@graph":[{"@type":"WebPage","@id":"https:\/\/dev.tolio.co.nz\/san-pham\/mang-nua-kho-nau-ngay-500g\/","url":"https:\/\/dev.tolio.co.nz\/san-pham\/mang-nua-kho-nau-ngay-500g\/","name":"M\u0103ng n\u1ee9a kh\u00f4 n\u1ea5u ngay Kim B\u00f4i g\u00f3i 750g\/500g - TOLIO","isPartOf":{"@id":"https:\/\/dev.tolio.co.nz\/#website"},"primaryImageOfPage":{"@id":"https:\/\/dev.tolio.co.nz\/san-pham\/mang-nua-kho-nau-ngay-500g\/#primaryimage"},"image":{"@id":"https:\/\/dev.tolio.co.nz\/san-pham\/mang-nua-kho-nau-ngay-500g\/#primaryimage"},"thumbnailUrl":"https:\/\/dev.tolio.co.nz\/wp-content\/uploads\/2022\/01\/268.png","datePublished":"2022-01-12T01:13:00+00:00","dateModified":"2025-09-11T03:59:39+00:00","description":"Th\u01b0\u01a1ng hi\u1ec7u: Kim B\u00f4i Xu\u1ea5t x\u1ee9 th\u01b0\u01a1ng hi\u1ec7u: Vi\u1ec7t Nam Quy c\u00e1ch \u0111\u00f3ng g\u00f3i: t\u00fai 500g L\u01b0u \u00fd: Bao b\u00ec s\u1ea3n ph\u1ea9m c\u00f3 th\u1ec3 thay \u0111\u1ed5i theo t\u1eebng \u0111\u1ee3t nh\u1eadp h\u00e0ng","breadcrumb":{"@id":"https:\/\/dev.tolio.co.nz\/san-pham\/mang-nua-kho-nau-ngay-500g\/#breadcrumb"},"inLanguage":"en-US","potentialAction":[{"@type":"ReadAction","target":["https:\/\/dev.tolio.co.nz\/san-pham\/mang-nua-kho-nau-ngay-500g\/"]}]},{"@type":"ImageObject","inLanguage":"en-US","@id":"https:\/\/dev.tolio.co.nz\/san-pham\/mang-nua-kho-nau-ngay-500g\/#primaryimage","url":"https:\/\/dev.tolio.co.nz\/wp-content\/uploads\/2022\/01\/268.png","contentUrl":"https:\/\/dev.tolio.co.nz\/wp-content\/uploads\/2022\/01\/268.png","width":1000,"height":907},{"@type":"BreadcrumbList","@id":"https:\/\/dev.tolio.co.nz\/san-pham\/mang-nua-kho-nau-ngay-500g\/#breadcrumb","itemListElement":[{"@type":"ListItem","position":1,"name":"Home","item":"https:\/\/dev.tolio.co.nz\/"},{"@type":"ListItem","position":2,"name":"C\u1eeda h\u00e0ng","item":"https:\/\/dev.tolio.co.nz\/cua-hang\/"},{"@type":"ListItem","position":3,"name":"M\u0103ng n\u1ee9a kh\u00f4 n\u1ea5u ngay Kim B\u00f4i g\u00f3i 750g\/500g"}]},{"@type":"WebSite","@id":"https:\/\/dev.tolio.co.nz\/#website","url":"https:\/\/dev.tolio.co.nz\/","name":"TOLIO","description":"Vietnamese Grocery Online","potentialAction":[{"@type":"SearchAction","target":{"@type":"EntryPoint","urlTemplate":"https:\/\/dev.tolio.co.nz\/?s={search_term_string}"},"query-input":{"@type":"PropertyValueSpecification","valueRequired":true,"valueName":"search_term_string"}}],"inLanguage":"en-US"}]}},"_links":{"self":[{"href":"https:\/\/dev.tolio.co.nz\/en\/wp-json\/wp\/v2\/product\/1624","targetHints":{"allow":["GET"]}}],"collection":[{"href":"https:\/\/dev.tolio.co.nz\/en\/wp-json\/wp\/v2\/product"}],"about":[{"href":"https:\/\/dev.tolio.co.nz\/en\/wp-json\/wp\/v2\/types\/product"}],"replies":[{"embeddable":true,"href":"https:\/\/dev.tolio.co.nz\/en\/wp-json\/wp\/v2\/comments?post=1624"}],"wp:featuredmedia":[{"embeddable":true,"href":"https:\/\/dev.tolio.co.nz\/en\/wp-json\/wp\/v2\/media\/20748"}],"wp:attachment":[{"href":"https:\/\/dev.tolio.co.nz\/en\/wp-json\/wp\/v2\/media?parent=1624"}],"wp:term":[{"taxonomy":"product_brand","embeddable":true,"href":"https:\/\/dev.tolio.co.nz\/en\/wp-json\/wp\/v2\/product_brand?post=1624"},{"taxonomy":"product_cat","embeddable":true,"href":"https:\/\/dev.tolio.co.nz\/en\/wp-json\/wp\/v2\/product_cat?post=1624"},{"taxonomy":"product_tag","embeddable":true,"href":"https:\/\/dev.tolio.co.nz\/en\/wp-json\/wp\/v2\/product_tag?post=1624"}],"curies":[{"name":"wp","href":"https:\/\/api.w.org\/{rel}","templated":true}]}}