{"id":16256,"date":"2024-05-15T03:18:43","date_gmt":"2024-05-14T14:33:43","guid":{"rendered":"https:\/\/tolio.co.nz\/?post_type=product&#038;p=16256"},"modified":"2025-09-11T16:01:05","modified_gmt":"2025-09-11T04:01:05","slug":"thung-18-chai-nuoc-mam-nam-ngu-750ml","status":"publish","type":"product","link":"https:\/\/dev.tolio.co.nz\/en\/product\/pack-of-18-bottles-of-750ml-water\/","title":{"rendered":"Th\u00f9ng 18 Combo n\u01b0\u1edbc m\u1eafm Nam Ng\u01b0 750ml v\u00e0 n\u01b0\u1edbc ch\u1ea5m Nam Ng\u01b0 t\u1ecfi \u1edbt L\u00fd S\u01a1n 100ml"},"content":{"rendered":"<p><strong> <span class=\"fontstyle0\">N\u01b0\u1edbc m\u1eafm Nam Ng\u01b0<\/span><\/strong> \u0111em \u0111\u1ebfn cho ng\u01b0\u1eddi ti\u00eau d\u00f9ng Vi\u1ec7t Nam nh\u1eefng gi\u1ecdt n\u01b0\u1edbc m\u1eafm th\u01a1m ngon, s\u1ef1 l\u1ef1a ch\u1ecdn h\u00e0ng \u0111\u1ea7u c\u1ee7a ng\u01b0\u1eddi Vi\u1ec7t. N\u01b0\u1edbc m\u1eafm Nam Ng\u01b0 10 \u0111\u1ed9 \u0111\u1ea1m chai 750ml\u00a0v\u1edbi d\u00e2y chuy\u1ec1n kh\u00e9p k\u00edn v\u1edbi th\u00e0nh ph\u1ea7n c\u00e1 c\u01a1m t\u01b0\u01a1i ngon t\u1ea1o n\u00ean h\u01b0\u01a1ng v\u1ecb th\u01a1m ngon, \u0111\u1eadm \u0111\u00e0, m\u00e0u s\u1eafc h\u1ea5p d\u1eabn.<\/p>\n<ul>\n<li>Nam Ng\u01b0 c\u00f3 v\u1ecb m\u1eb7n d\u1ecbu v\u00e0 ng\u1ecdt nh\u1eb9, l\u00e0 lo\u1ea1i gia v\u1ecb kh\u00f4ng th\u1ec3 thi\u1ebfu trong b\u1eefa \u0103n h\u00e0ng ng\u00e0y c\u1ee7a m\u1ed7i gia \u0111\u00ecnh.<\/li>\n<li>N\u01b0\u1edbc m\u1eafm Nam Ng\u01b0 cam k\u1ebft b\u1ea3o v\u1ec7 s\u1ee9c kh\u1ecfe cho ng\u01b0\u1eddi ti\u00eau d\u00f9ng v\u1edbi ti\u00eau ch\u00ed \u201c4 kh\u00f4ng\u201d: kh\u00f4ng c\u00f3 ur\u00ea g\u00e2y h\u1ea1i, kh\u00f4ng c\u00f3 vi khu\u1ea9n y\u1ebfm kh\u00ed g\u00e2y bi\u1ebfn \u0111\u1ed5i m\u00f9i, kh\u00f4ng c\u00f3 vi khu\u1ea9n g\u00e2y ng\u1ed9 \u0111\u1ed9c th\u1ef1c ph\u1ea9m, kh\u00f4ng c\u00f3 n\u1ea5m men, n\u1ea5m m\u1ed1c.<\/li>\n<\/ul>\n<p><strong>H\u01b0\u1edbng d\u1eabn s\u1eed d\u1ee5ng:<\/strong><\/p>\n<ul>\n<li>\u0110\u1eady k\u00edn sau khi s\u1eed d\u1ee5ng<\/li>\n<\/ul>\n<p><strong>B\u1ea3o qu\u1ea3n:<\/strong><\/p>\n<ul>\n<li>\u0110\u1ec3 n\u01a1i kh\u00f4 r\u00e1o, tho\u00e1ng m\u00e1t.<\/li>\n<li>Tr\u00e1nh \u00e1nh n\u1eafng tr\u1ef1c ti\u1ebfp<\/li>\n<\/ul>\n<p>&nbsp;<\/p>","protected":false},"excerpt":{"rendered":"<ul>\n<li>Th\u01b0\u01a1ng hi\u1ec7u: Nam Ng\u01b0 Vi\u1ec7t Nam<\/li>\n<li>Xu\u1ea5t x\u1ee9 th\u01b0\u01a1ng hi\u1ec7u: Vi\u1ec7t Nam<\/li>\n<li>Quy c\u00e1ch \u0111\u00f3ng g\u00f3i: Chai 750ml, th\u00f9ng 18 chai<\/li>\n<li>L\u01b0u \u00fd: Bao b\u00ec s\u1ea3n ph\u1ea9m c\u00f3 th\u1ec3 thay \u0111\u1ed5i theo t\u1eebng \u0111\u1ee3t nh\u1eadp h\u00e0ng<\/li>\n<\/ul>","protected":false},"featured_media":21194,"comment_status":"open","ping_status":"closed","template":"","meta":[],"product_brand":[],"product_cat":[876],"product_tag":[104,103],"class_list":{"0":"post-16256","1":"product","2":"type-product","3":"status-publish","4":"has-post-thumbnail","6":"product_cat-bulk-order","7":"product_tag-nam-ngu","8":"product_tag-nuoc-mam","9":"pa_thuong-hieu-nam-ngu","11":"first","12":"instock","13":"sale","14":"shipping-taxable","15":"purchasable","16":"product-type-simple"},"yoast_head":"<!-- This site is optimized with the Yoast SEO plugin v24.4 - https:\/\/yoast.com\/wordpress\/plugins\/seo\/ -->\n<title>Th\u00f9ng 18 Combo n\u01b0\u1edbc m\u1eafm Nam Ng\u01b0 750ml v\u00e0 n\u01b0\u1edbc ch\u1ea5m Nam Ng\u01b0 t\u1ecfi \u1edbt L\u00fd S\u01a1n 100ml - TOLIO<\/title>\n<meta name=\"description\" content=\"Th\u01b0\u01a1ng hi\u1ec7u: Nam Ng\u01b0 Vi\u1ec7t Nam  Xu\u1ea5t x\u1ee9 th\u01b0\u01a1ng hi\u1ec7u: Vi\u1ec7t Nam  Quy c\u00e1ch \u0111\u00f3ng g\u00f3i: Chai 750ml, th\u00f9ng 18 chai  L\u01b0u \u00fd: Bao b\u00ec s\u1ea3n ph\u1ea9m c\u00f3 th\u1ec3 thay \u0111\u1ed5i theo t\u1eebng \u0111\u1ee3t nh\u1eadp h\u00e0ng\" \/>\n<meta name=\"robots\" content=\"index, follow, max-snippet:-1, max-image-preview:large, max-video-preview:-1\" \/>\n<link rel=\"canonical\" href=\"https:\/\/dev.tolio.co.nz\/en\/product\/pack-of-18-bottles-of-750ml-water\/\" \/>\n<meta property=\"og:locale\" content=\"en_US\" \/>\n<meta property=\"og:type\" content=\"article\" \/>\n<meta property=\"og:title\" content=\"Th\u00f9ng 18 Combo n\u01b0\u1edbc m\u1eafm Nam Ng\u01b0 750ml v\u00e0 n\u01b0\u1edbc ch\u1ea5m Nam Ng\u01b0 t\u1ecfi \u1edbt L\u00fd S\u01a1n 100ml - TOLIO\" \/>\n<meta property=\"og:description\" content=\"Th\u01b0\u01a1ng hi\u1ec7u: Nam Ng\u01b0 Vi\u1ec7t Nam  Xu\u1ea5t x\u1ee9 th\u01b0\u01a1ng hi\u1ec7u: Vi\u1ec7t Nam  Quy c\u00e1ch \u0111\u00f3ng g\u00f3i: Chai 750ml, th\u00f9ng 18 chai  L\u01b0u \u00fd: Bao b\u00ec s\u1ea3n ph\u1ea9m c\u00f3 th\u1ec3 thay \u0111\u1ed5i theo t\u1eebng \u0111\u1ee3t nh\u1eadp h\u00e0ng\" \/>\n<meta property=\"og:url\" content=\"https:\/\/dev.tolio.co.nz\/en\/product\/pack-of-18-bottles-of-750ml-water\/\" \/>\n<meta property=\"og:site_name\" content=\"TOLIO\" \/>\n<meta property=\"article:modified_time\" content=\"2025-09-11T04:01:05+00:00\" \/>\n<meta property=\"og:image\" content=\"https:\/\/dev.tolio.co.nz\/wp-content\/uploads\/2024\/05\/171.png\" \/>\n\t<meta property=\"og:image:width\" content=\"1000\" \/>\n\t<meta property=\"og:image:height\" content=\"907\" \/>\n\t<meta property=\"og:image:type\" content=\"image\/png\" \/>\n<meta name=\"twitter:card\" content=\"summary_large_image\" \/>\n<meta name=\"twitter:label1\" content=\"Est. reading time\" \/>\n\t<meta name=\"twitter:data1\" content=\"1 minute\" \/>\n<script type=\"application\/ld+json\" class=\"yoast-schema-graph\">{\"@context\":\"https:\/\/schema.org\",\"@graph\":[{\"@type\":\"WebPage\",\"@id\":\"https:\/\/dev.tolio.co.nz\/san-pham\/thung-18-chai-nuoc-mam-nam-ngu-750ml\/\",\"url\":\"https:\/\/dev.tolio.co.nz\/san-pham\/thung-18-chai-nuoc-mam-nam-ngu-750ml\/\",\"name\":\"Th\u00f9ng 18 Combo n\u01b0\u1edbc m\u1eafm Nam Ng\u01b0 750ml v\u00e0 n\u01b0\u1edbc ch\u1ea5m Nam Ng\u01b0 t\u1ecfi \u1edbt L\u00fd S\u01a1n 100ml - TOLIO\",\"isPartOf\":{\"@id\":\"https:\/\/dev.tolio.co.nz\/#website\"},\"primaryImageOfPage\":{\"@id\":\"https:\/\/dev.tolio.co.nz\/san-pham\/thung-18-chai-nuoc-mam-nam-ngu-750ml\/#primaryimage\"},\"image\":{\"@id\":\"https:\/\/dev.tolio.co.nz\/san-pham\/thung-18-chai-nuoc-mam-nam-ngu-750ml\/#primaryimage\"},\"thumbnailUrl\":\"https:\/\/dev.tolio.co.nz\/wp-content\/uploads\/2024\/05\/171.png\",\"datePublished\":\"2024-05-14T14:33:43+00:00\",\"dateModified\":\"2025-09-11T04:01:05+00:00\",\"description\":\"Th\u01b0\u01a1ng hi\u1ec7u: Nam Ng\u01b0 Vi\u1ec7t Nam Xu\u1ea5t x\u1ee9 th\u01b0\u01a1ng hi\u1ec7u: Vi\u1ec7t Nam Quy c\u00e1ch \u0111\u00f3ng g\u00f3i: Chai 750ml, th\u00f9ng 18 chai L\u01b0u \u00fd: Bao b\u00ec s\u1ea3n ph\u1ea9m c\u00f3 th\u1ec3 thay \u0111\u1ed5i theo t\u1eebng \u0111\u1ee3t nh\u1eadp h\u00e0ng\",\"breadcrumb\":{\"@id\":\"https:\/\/dev.tolio.co.nz\/san-pham\/thung-18-chai-nuoc-mam-nam-ngu-750ml\/#breadcrumb\"},\"inLanguage\":\"en-US\",\"potentialAction\":[{\"@type\":\"ReadAction\",\"target\":[\"https:\/\/dev.tolio.co.nz\/san-pham\/thung-18-chai-nuoc-mam-nam-ngu-750ml\/\"]}]},{\"@type\":\"ImageObject\",\"inLanguage\":\"en-US\",\"@id\":\"https:\/\/dev.tolio.co.nz\/san-pham\/thung-18-chai-nuoc-mam-nam-ngu-750ml\/#primaryimage\",\"url\":\"https:\/\/dev.tolio.co.nz\/wp-content\/uploads\/2024\/05\/171.png\",\"contentUrl\":\"https:\/\/dev.tolio.co.nz\/wp-content\/uploads\/2024\/05\/171.png\",\"width\":1000,\"height\":907},{\"@type\":\"BreadcrumbList\",\"@id\":\"https:\/\/dev.tolio.co.nz\/san-pham\/thung-18-chai-nuoc-mam-nam-ngu-750ml\/#breadcrumb\",\"itemListElement\":[{\"@type\":\"ListItem\",\"position\":1,\"name\":\"Home\",\"item\":\"https:\/\/dev.tolio.co.nz\/\"},{\"@type\":\"ListItem\",\"position\":2,\"name\":\"C\u1eeda h\u00e0ng\",\"item\":\"https:\/\/dev.tolio.co.nz\/cua-hang\/\"},{\"@type\":\"ListItem\",\"position\":3,\"name\":\"Th\u00f9ng 18 Combo n\u01b0\u1edbc m\u1eafm Nam Ng\u01b0 750ml v\u00e0 n\u01b0\u1edbc ch\u1ea5m Nam Ng\u01b0 t\u1ecfi \u1edbt L\u00fd S\u01a1n 100ml\"}]},{\"@type\":\"WebSite\",\"@id\":\"https:\/\/dev.tolio.co.nz\/#website\",\"url\":\"https:\/\/dev.tolio.co.nz\/\",\"name\":\"TOLIO\",\"description\":\"Vietnamese Grocery Online\",\"potentialAction\":[{\"@type\":\"SearchAction\",\"target\":{\"@type\":\"EntryPoint\",\"urlTemplate\":\"https:\/\/dev.tolio.co.nz\/?s={search_term_string}\"},\"query-input\":{\"@type\":\"PropertyValueSpecification\",\"valueRequired\":true,\"valueName\":\"search_term_string\"}}],\"inLanguage\":\"en-US\"}]}<\/script>\n<!-- \/ Yoast SEO plugin. -->","yoast_head_json":{"title":"Th\u00f9ng 18 Combo n\u01b0\u1edbc m\u1eafm Nam Ng\u01b0 750ml v\u00e0 n\u01b0\u1edbc ch\u1ea5m Nam Ng\u01b0 t\u1ecfi \u1edbt L\u00fd S\u01a1n 100ml - TOLIO","description":"Th\u01b0\u01a1ng hi\u1ec7u: Nam Ng\u01b0 Vi\u1ec7t Nam  Xu\u1ea5t x\u1ee9 th\u01b0\u01a1ng hi\u1ec7u: Vi\u1ec7t Nam  Quy c\u00e1ch \u0111\u00f3ng g\u00f3i: Chai 750ml, th\u00f9ng 18 chai  L\u01b0u \u00fd: Bao b\u00ec s\u1ea3n ph\u1ea9m c\u00f3 th\u1ec3 thay \u0111\u1ed5i theo t\u1eebng \u0111\u1ee3t nh\u1eadp h\u00e0ng","robots":{"index":"index","follow":"follow","max-snippet":"max-snippet:-1","max-image-preview":"max-image-preview:large","max-video-preview":"max-video-preview:-1"},"canonical":"https:\/\/dev.tolio.co.nz\/en\/product\/pack-of-18-bottles-of-750ml-water\/","og_locale":"en_US","og_type":"article","og_title":"Th\u00f9ng 18 Combo n\u01b0\u1edbc m\u1eafm Nam Ng\u01b0 750ml v\u00e0 n\u01b0\u1edbc ch\u1ea5m Nam Ng\u01b0 t\u1ecfi \u1edbt L\u00fd S\u01a1n 100ml - TOLIO","og_description":"Th\u01b0\u01a1ng hi\u1ec7u: Nam Ng\u01b0 Vi\u1ec7t Nam  Xu\u1ea5t x\u1ee9 th\u01b0\u01a1ng hi\u1ec7u: Vi\u1ec7t Nam  Quy c\u00e1ch \u0111\u00f3ng g\u00f3i: Chai 750ml, th\u00f9ng 18 chai  L\u01b0u \u00fd: Bao b\u00ec s\u1ea3n ph\u1ea9m c\u00f3 th\u1ec3 thay \u0111\u1ed5i theo t\u1eebng \u0111\u1ee3t nh\u1eadp h\u00e0ng","og_url":"https:\/\/dev.tolio.co.nz\/en\/product\/pack-of-18-bottles-of-750ml-water\/","og_site_name":"TOLIO","article_modified_time":"2025-09-11T04:01:05+00:00","og_image":[{"width":1000,"height":907,"url":"https:\/\/dev.tolio.co.nz\/wp-content\/uploads\/2024\/05\/171.png","type":"image\/png"}],"twitter_card":"summary_large_image","twitter_misc":{"Est. reading time":"1 minute"},"schema":{"@context":"https:\/\/schema.org","@graph":[{"@type":"WebPage","@id":"https:\/\/dev.tolio.co.nz\/san-pham\/thung-18-chai-nuoc-mam-nam-ngu-750ml\/","url":"https:\/\/dev.tolio.co.nz\/san-pham\/thung-18-chai-nuoc-mam-nam-ngu-750ml\/","name":"Th\u00f9ng 18 Combo n\u01b0\u1edbc m\u1eafm Nam Ng\u01b0 750ml v\u00e0 n\u01b0\u1edbc ch\u1ea5m Nam Ng\u01b0 t\u1ecfi \u1edbt L\u00fd S\u01a1n 100ml - TOLIO","isPartOf":{"@id":"https:\/\/dev.tolio.co.nz\/#website"},"primaryImageOfPage":{"@id":"https:\/\/dev.tolio.co.nz\/san-pham\/thung-18-chai-nuoc-mam-nam-ngu-750ml\/#primaryimage"},"image":{"@id":"https:\/\/dev.tolio.co.nz\/san-pham\/thung-18-chai-nuoc-mam-nam-ngu-750ml\/#primaryimage"},"thumbnailUrl":"https:\/\/dev.tolio.co.nz\/wp-content\/uploads\/2024\/05\/171.png","datePublished":"2024-05-14T14:33:43+00:00","dateModified":"2025-09-11T04:01:05+00:00","description":"Th\u01b0\u01a1ng hi\u1ec7u: Nam Ng\u01b0 Vi\u1ec7t Nam Xu\u1ea5t x\u1ee9 th\u01b0\u01a1ng hi\u1ec7u: Vi\u1ec7t Nam Quy c\u00e1ch \u0111\u00f3ng g\u00f3i: Chai 750ml, th\u00f9ng 18 chai L\u01b0u \u00fd: Bao b\u00ec s\u1ea3n ph\u1ea9m c\u00f3 th\u1ec3 thay \u0111\u1ed5i theo t\u1eebng \u0111\u1ee3t nh\u1eadp h\u00e0ng","breadcrumb":{"@id":"https:\/\/dev.tolio.co.nz\/san-pham\/thung-18-chai-nuoc-mam-nam-ngu-750ml\/#breadcrumb"},"inLanguage":"en-US","potentialAction":[{"@type":"ReadAction","target":["https:\/\/dev.tolio.co.nz\/san-pham\/thung-18-chai-nuoc-mam-nam-ngu-750ml\/"]}]},{"@type":"ImageObject","inLanguage":"en-US","@id":"https:\/\/dev.tolio.co.nz\/san-pham\/thung-18-chai-nuoc-mam-nam-ngu-750ml\/#primaryimage","url":"https:\/\/dev.tolio.co.nz\/wp-content\/uploads\/2024\/05\/171.png","contentUrl":"https:\/\/dev.tolio.co.nz\/wp-content\/uploads\/2024\/05\/171.png","width":1000,"height":907},{"@type":"BreadcrumbList","@id":"https:\/\/dev.tolio.co.nz\/san-pham\/thung-18-chai-nuoc-mam-nam-ngu-750ml\/#breadcrumb","itemListElement":[{"@type":"ListItem","position":1,"name":"Home","item":"https:\/\/dev.tolio.co.nz\/"},{"@type":"ListItem","position":2,"name":"C\u1eeda h\u00e0ng","item":"https:\/\/dev.tolio.co.nz\/cua-hang\/"},{"@type":"ListItem","position":3,"name":"Th\u00f9ng 18 Combo n\u01b0\u1edbc m\u1eafm Nam Ng\u01b0 750ml v\u00e0 n\u01b0\u1edbc ch\u1ea5m Nam Ng\u01b0 t\u1ecfi \u1edbt L\u00fd S\u01a1n 100ml"}]},{"@type":"WebSite","@id":"https:\/\/dev.tolio.co.nz\/#website","url":"https:\/\/dev.tolio.co.nz\/","name":"TOLIO","description":"Vietnamese Grocery Online","potentialAction":[{"@type":"SearchAction","target":{"@type":"EntryPoint","urlTemplate":"https:\/\/dev.tolio.co.nz\/?s={search_term_string}"},"query-input":{"@type":"PropertyValueSpecification","valueRequired":true,"valueName":"search_term_string"}}],"inLanguage":"en-US"}]}},"_links":{"self":[{"href":"https:\/\/dev.tolio.co.nz\/en\/wp-json\/wp\/v2\/product\/16256","targetHints":{"allow":["GET"]}}],"collection":[{"href":"https:\/\/dev.tolio.co.nz\/en\/wp-json\/wp\/v2\/product"}],"about":[{"href":"https:\/\/dev.tolio.co.nz\/en\/wp-json\/wp\/v2\/types\/product"}],"replies":[{"embeddable":true,"href":"https:\/\/dev.tolio.co.nz\/en\/wp-json\/wp\/v2\/comments?post=16256"}],"wp:featuredmedia":[{"embeddable":true,"href":"https:\/\/dev.tolio.co.nz\/en\/wp-json\/wp\/v2\/media\/21194"}],"wp:attachment":[{"href":"https:\/\/dev.tolio.co.nz\/en\/wp-json\/wp\/v2\/media?parent=16256"}],"wp:term":[{"taxonomy":"product_brand","embeddable":true,"href":"https:\/\/dev.tolio.co.nz\/en\/wp-json\/wp\/v2\/product_brand?post=16256"},{"taxonomy":"product_cat","embeddable":true,"href":"https:\/\/dev.tolio.co.nz\/en\/wp-json\/wp\/v2\/product_cat?post=16256"},{"taxonomy":"product_tag","embeddable":true,"href":"https:\/\/dev.tolio.co.nz\/en\/wp-json\/wp\/v2\/product_tag?post=16256"}],"curies":[{"name":"wp","href":"https:\/\/api.w.org\/{rel}","templated":true}]}}