{"id":16260,"date":"2024-05-15T03:35:20","date_gmt":"2024-05-14T14:50:20","guid":{"rendered":"https:\/\/tolio.co.nz\/?post_type=product&#038;p=16260"},"modified":"2025-09-11T16:00:56","modified_gmt":"2025-09-11T04:00:56","slug":"thung-20-goi-bun-tuoi-gia-bao-500g","status":"publish","type":"product","link":"https:\/\/dev.tolio.co.nz\/en\/product\/pack-of-20-buns-priced-at-500g\/","title":{"rendered":"Th\u00f9ng 20 g\u00f3i b\u00fan t\u01b0\u01a1i Gia B\u1ea3o 500g"},"content":{"rendered":"<p><strong>B\u00fan t\u01b0\u01a1i Gia B\u1ea3o g\u00f3i 500g<\/strong> ti\u1ec7n l\u1ee3i cho nh\u1eefng m\u00f3n n\u01b0\u1edbc l\u00e8o h\u1ea5p d\u1eabn, th\u01a1m ngon. B\u00fan t\u01b0\u01a1i \u0111\u01b0\u1ee3c nhi\u1ec1u ch\u1ecb em ph\u1ee5 n\u1eef tin d\u00f9ng ch\u1ecdn mua cho gia \u0111\u00ecnh c\u1ee7a m\u00ecnh<\/p>\n<p><strong>H\u01b0\u1edbng d\u1eabn s\u1eed d\u1ee5ng:<\/strong><\/p>\n<ul>\n<li>B\u00fan t\u01b0\u01a1i: Tr\u1ee5ng b\u00fan v\u00e0o n\u01b0\u1edbc \u0111ang s\u00f4i kho\u1ea3ng 8 ph\u00fat, v\u1edbt ra x\u1ea3 l\u1ea1i b\u1eb1ng n\u01b0\u1edbc l\u1ea1nh cho \u0111\u1ebfn khi s\u1ee3i b\u00fan ngu\u1ed9i, \u0111\u1ec3 r\u00e1o n\u01b0\u1edbc l\u00e0 d\u00f9ng \u0111\u01b0\u1ee3c. B\u00fan \u0111\u1ec3 \u0111\u01b0\u1ee3c t\u1eeb 6 \u2013 8h m\u00e0 kh\u00f4ng b\u1ecb h\u01b0. D\u00f9ng b\u00fan t\u01b0\u01a1i v\u1edbi th\u1ecbt n\u01b0\u1edbng, ch\u1ea3 gi\u00f2 ho\u1eb7c d\u00f9ng v\u1edbi n\u01b0\u1edbc l\u00e8o t\u00f9y th\u00edch.<\/li>\n<li>B\u00fan x\u00e0o: Tr\u1ee5ng b\u00fan v\u00e0o n\u01b0\u1edbc \u0111ang s\u00f4i kho\u1ea3ng 7 ph\u00fat, v\u1edbt ra x\u1ea3 l\u1ea1i b\u1eb1ng n\u01b0\u1edbc l\u1ea1nh cho \u0111\u1ebfn khi s\u1ee3i b\u00fan ngu\u1ed9i, \u0111\u1ec3 r\u00e1o n\u01b0\u1edbc. Chu\u1ea9n b\u1ecb ch\u1ea3o n\u00f3ng, cho m\u1ed9t \u00edt d\u1ea7u \u0103n v\u00e0o sau \u0111\u00f3 x\u00e0o c\u00e1c lo\u1ea1i rau c\u1ee7, th\u1ecbt, n\u1ea5m, h\u1ea3i s\u1ea3n v\u00e0 gia v\u1ecb. Sau khi h\u1ed7n h\u1ee3p \u0111\u00e3 ch\u00edn, cho b\u00fan v\u00e0o ch\u1ea3o tr\u1ed9n \u0111\u1ec1u kho\u1ea3ng 30 gi\u00e2y l\u00e0 c\u00f3 th\u1ec3 d\u00f9ng \u0111\u01b0\u1ee3c.<\/li>\n<\/ul>\n<p><strong>B\u1ea3o qu\u1ea3n:<\/strong><\/p>\n<ul>\n<li>B\u00fan kh\u00f4ng \u0111\u01b0\u1ee3c ng\u00e2m n\u01b0\u1edbc l\u1ea1nh, r\u1ed3i tr\u1ee5ng n\u01b0\u1edbc s\u00f4i. B\u00fan s\u1ebd kh\u00f4ng r\u00e1o nh\u01b0 tr\u1ee5ng n\u01b0\u1edbc s\u00f4i 100%<\/li>\n<li>B\u1ea3o qu\u1ea3n n\u01a1i kh\u00f4 r\u00e1o, tho\u00e1ng m\u00e1t.<\/li>\n<li>Tr\u00e1nh \u00e1nh n\u1eafng tr\u1ef1c ti\u1ebfp.<\/li>\n<\/ul>","protected":false},"excerpt":{"rendered":"<ul>\n<li>Th\u01b0\u01a1ng hi\u1ec7u: Gia b\u1ea3o<\/li>\n<li>Xu\u1ea5t x\u1ee9 th\u01b0\u01a1ng hi\u1ec7u: Vi\u1ec7t Nam<\/li>\n<li>Quy c\u00e1ch \u0111\u00f3ng g\u00f3i: g\u00f3i 500g, th\u00f9ng 20 g\u00f3i<\/li>\n<li>L\u01b0u \u00fd: Bao b\u00ec s\u1ea3n ph\u1ea9m c\u00f3 th\u1ec3 thay \u0111\u1ed5i theo t\u1eebng \u0111\u1ee3t nh\u1eadp h\u00e0ng<\/li>\n<\/ul>","protected":false},"featured_media":17160,"comment_status":"open","ping_status":"closed","template":"","meta":[],"product_brand":[],"product_cat":[876],"product_tag":[],"class_list":{"0":"post-16260","1":"product","2":"type-product","3":"status-publish","4":"has-post-thumbnail","6":"product_cat-bulk-order","7":"pa_thuong-hieu-gia-bao","9":"first","10":"instock","11":"sale","12":"shipping-taxable","13":"purchasable","14":"product-type-simple"},"yoast_head":"<!-- This site is optimized with the Yoast SEO plugin v24.4 - https:\/\/yoast.com\/wordpress\/plugins\/seo\/ -->\n<title>Th\u00f9ng 20 g\u00f3i b\u00fan t\u01b0\u01a1i Gia B\u1ea3o 500g - TOLIO<\/title>\n<meta name=\"description\" content=\"Th\u01b0\u01a1ng hi\u1ec7u: Gia b\u1ea3o  Xu\u1ea5t x\u1ee9 th\u01b0\u01a1ng hi\u1ec7u: Vi\u1ec7t Nam  Quy c\u00e1ch \u0111\u00f3ng g\u00f3i: g\u00f3i 500g, th\u00f9ng 20 g\u00f3i  L\u01b0u \u00fd: Bao b\u00ec s\u1ea3n ph\u1ea9m c\u00f3 th\u1ec3 thay \u0111\u1ed5i theo t\u1eebng \u0111\u1ee3t nh\u1eadp h\u00e0ng\" \/>\n<meta name=\"robots\" content=\"index, follow, max-snippet:-1, max-image-preview:large, max-video-preview:-1\" \/>\n<link rel=\"canonical\" href=\"https:\/\/dev.tolio.co.nz\/en\/product\/pack-of-20-buns-priced-at-500g\/\" \/>\n<meta property=\"og:locale\" content=\"en_US\" \/>\n<meta property=\"og:type\" content=\"article\" \/>\n<meta property=\"og:title\" content=\"Th\u00f9ng 20 g\u00f3i b\u00fan t\u01b0\u01a1i Gia B\u1ea3o 500g - TOLIO\" \/>\n<meta property=\"og:description\" content=\"Th\u01b0\u01a1ng hi\u1ec7u: Gia b\u1ea3o  Xu\u1ea5t x\u1ee9 th\u01b0\u01a1ng hi\u1ec7u: Vi\u1ec7t Nam  Quy c\u00e1ch \u0111\u00f3ng g\u00f3i: g\u00f3i 500g, th\u00f9ng 20 g\u00f3i  L\u01b0u \u00fd: Bao b\u00ec s\u1ea3n ph\u1ea9m c\u00f3 th\u1ec3 thay \u0111\u1ed5i theo t\u1eebng \u0111\u1ee3t nh\u1eadp h\u00e0ng\" \/>\n<meta property=\"og:url\" content=\"https:\/\/dev.tolio.co.nz\/en\/product\/pack-of-20-buns-priced-at-500g\/\" \/>\n<meta property=\"og:site_name\" content=\"TOLIO\" \/>\n<meta property=\"article:modified_time\" content=\"2025-09-11T04:00:56+00:00\" \/>\n<meta property=\"og:image\" content=\"https:\/\/dev.tolio.co.nz\/wp-content\/uploads\/2024\/05\/205.png\" \/>\n\t<meta property=\"og:image:width\" content=\"1000\" \/>\n\t<meta property=\"og:image:height\" content=\"907\" \/>\n\t<meta property=\"og:image:type\" content=\"image\/png\" \/>\n<meta name=\"twitter:card\" content=\"summary_large_image\" \/>\n<meta name=\"twitter:label1\" content=\"Est. reading time\" \/>\n\t<meta name=\"twitter:data1\" content=\"2 minutes\" \/>\n<script type=\"application\/ld+json\" class=\"yoast-schema-graph\">{\"@context\":\"https:\/\/schema.org\",\"@graph\":[{\"@type\":\"WebPage\",\"@id\":\"https:\/\/dev.tolio.co.nz\/san-pham\/thung-20-goi-bun-tuoi-gia-bao-500g\/\",\"url\":\"https:\/\/dev.tolio.co.nz\/san-pham\/thung-20-goi-bun-tuoi-gia-bao-500g\/\",\"name\":\"Th\u00f9ng 20 g\u00f3i b\u00fan t\u01b0\u01a1i Gia B\u1ea3o 500g - TOLIO\",\"isPartOf\":{\"@id\":\"https:\/\/dev.tolio.co.nz\/#website\"},\"primaryImageOfPage\":{\"@id\":\"https:\/\/dev.tolio.co.nz\/san-pham\/thung-20-goi-bun-tuoi-gia-bao-500g\/#primaryimage\"},\"image\":{\"@id\":\"https:\/\/dev.tolio.co.nz\/san-pham\/thung-20-goi-bun-tuoi-gia-bao-500g\/#primaryimage\"},\"thumbnailUrl\":\"https:\/\/dev.tolio.co.nz\/wp-content\/uploads\/2024\/05\/205.png\",\"datePublished\":\"2024-05-14T14:50:20+00:00\",\"dateModified\":\"2025-09-11T04:00:56+00:00\",\"description\":\"Th\u01b0\u01a1ng hi\u1ec7u: Gia b\u1ea3o Xu\u1ea5t x\u1ee9 th\u01b0\u01a1ng hi\u1ec7u: Vi\u1ec7t Nam Quy c\u00e1ch \u0111\u00f3ng g\u00f3i: g\u00f3i 500g, th\u00f9ng 20 g\u00f3i L\u01b0u \u00fd: Bao b\u00ec s\u1ea3n ph\u1ea9m c\u00f3 th\u1ec3 thay \u0111\u1ed5i theo t\u1eebng \u0111\u1ee3t nh\u1eadp h\u00e0ng\",\"breadcrumb\":{\"@id\":\"https:\/\/dev.tolio.co.nz\/san-pham\/thung-20-goi-bun-tuoi-gia-bao-500g\/#breadcrumb\"},\"inLanguage\":\"en-US\",\"potentialAction\":[{\"@type\":\"ReadAction\",\"target\":[\"https:\/\/dev.tolio.co.nz\/san-pham\/thung-20-goi-bun-tuoi-gia-bao-500g\/\"]}]},{\"@type\":\"ImageObject\",\"inLanguage\":\"en-US\",\"@id\":\"https:\/\/dev.tolio.co.nz\/san-pham\/thung-20-goi-bun-tuoi-gia-bao-500g\/#primaryimage\",\"url\":\"https:\/\/dev.tolio.co.nz\/wp-content\/uploads\/2024\/05\/205.png\",\"contentUrl\":\"https:\/\/dev.tolio.co.nz\/wp-content\/uploads\/2024\/05\/205.png\",\"width\":1000,\"height\":907},{\"@type\":\"BreadcrumbList\",\"@id\":\"https:\/\/dev.tolio.co.nz\/san-pham\/thung-20-goi-bun-tuoi-gia-bao-500g\/#breadcrumb\",\"itemListElement\":[{\"@type\":\"ListItem\",\"position\":1,\"name\":\"Home\",\"item\":\"https:\/\/dev.tolio.co.nz\/\"},{\"@type\":\"ListItem\",\"position\":2,\"name\":\"C\u1eeda h\u00e0ng\",\"item\":\"https:\/\/dev.tolio.co.nz\/cua-hang\/\"},{\"@type\":\"ListItem\",\"position\":3,\"name\":\"Th\u00f9ng 20 g\u00f3i b\u00fan t\u01b0\u01a1i Gia B\u1ea3o 500g\"}]},{\"@type\":\"WebSite\",\"@id\":\"https:\/\/dev.tolio.co.nz\/#website\",\"url\":\"https:\/\/dev.tolio.co.nz\/\",\"name\":\"TOLIO\",\"description\":\"Vietnamese Grocery Online\",\"potentialAction\":[{\"@type\":\"SearchAction\",\"target\":{\"@type\":\"EntryPoint\",\"urlTemplate\":\"https:\/\/dev.tolio.co.nz\/?s={search_term_string}\"},\"query-input\":{\"@type\":\"PropertyValueSpecification\",\"valueRequired\":true,\"valueName\":\"search_term_string\"}}],\"inLanguage\":\"en-US\"}]}<\/script>\n<!-- \/ Yoast SEO plugin. -->","yoast_head_json":{"title":"Th\u00f9ng 20 g\u00f3i b\u00fan t\u01b0\u01a1i Gia B\u1ea3o 500g - TOLIO","description":"Th\u01b0\u01a1ng hi\u1ec7u: Gia b\u1ea3o  Xu\u1ea5t x\u1ee9 th\u01b0\u01a1ng hi\u1ec7u: Vi\u1ec7t Nam  Quy c\u00e1ch \u0111\u00f3ng g\u00f3i: g\u00f3i 500g, th\u00f9ng 20 g\u00f3i  L\u01b0u \u00fd: Bao b\u00ec s\u1ea3n ph\u1ea9m c\u00f3 th\u1ec3 thay \u0111\u1ed5i theo t\u1eebng \u0111\u1ee3t nh\u1eadp h\u00e0ng","robots":{"index":"index","follow":"follow","max-snippet":"max-snippet:-1","max-image-preview":"max-image-preview:large","max-video-preview":"max-video-preview:-1"},"canonical":"https:\/\/dev.tolio.co.nz\/en\/product\/pack-of-20-buns-priced-at-500g\/","og_locale":"en_US","og_type":"article","og_title":"Th\u00f9ng 20 g\u00f3i b\u00fan t\u01b0\u01a1i Gia B\u1ea3o 500g - TOLIO","og_description":"Th\u01b0\u01a1ng hi\u1ec7u: Gia b\u1ea3o  Xu\u1ea5t x\u1ee9 th\u01b0\u01a1ng hi\u1ec7u: Vi\u1ec7t Nam  Quy c\u00e1ch \u0111\u00f3ng g\u00f3i: g\u00f3i 500g, th\u00f9ng 20 g\u00f3i  L\u01b0u \u00fd: Bao b\u00ec s\u1ea3n ph\u1ea9m c\u00f3 th\u1ec3 thay \u0111\u1ed5i theo t\u1eebng \u0111\u1ee3t nh\u1eadp h\u00e0ng","og_url":"https:\/\/dev.tolio.co.nz\/en\/product\/pack-of-20-buns-priced-at-500g\/","og_site_name":"TOLIO","article_modified_time":"2025-09-11T04:00:56+00:00","og_image":[{"width":1000,"height":907,"url":"https:\/\/dev.tolio.co.nz\/wp-content\/uploads\/2024\/05\/205.png","type":"image\/png"}],"twitter_card":"summary_large_image","twitter_misc":{"Est. reading time":"2 minutes"},"schema":{"@context":"https:\/\/schema.org","@graph":[{"@type":"WebPage","@id":"https:\/\/dev.tolio.co.nz\/san-pham\/thung-20-goi-bun-tuoi-gia-bao-500g\/","url":"https:\/\/dev.tolio.co.nz\/san-pham\/thung-20-goi-bun-tuoi-gia-bao-500g\/","name":"Th\u00f9ng 20 g\u00f3i b\u00fan t\u01b0\u01a1i Gia B\u1ea3o 500g - TOLIO","isPartOf":{"@id":"https:\/\/dev.tolio.co.nz\/#website"},"primaryImageOfPage":{"@id":"https:\/\/dev.tolio.co.nz\/san-pham\/thung-20-goi-bun-tuoi-gia-bao-500g\/#primaryimage"},"image":{"@id":"https:\/\/dev.tolio.co.nz\/san-pham\/thung-20-goi-bun-tuoi-gia-bao-500g\/#primaryimage"},"thumbnailUrl":"https:\/\/dev.tolio.co.nz\/wp-content\/uploads\/2024\/05\/205.png","datePublished":"2024-05-14T14:50:20+00:00","dateModified":"2025-09-11T04:00:56+00:00","description":"Th\u01b0\u01a1ng hi\u1ec7u: Gia b\u1ea3o Xu\u1ea5t x\u1ee9 th\u01b0\u01a1ng hi\u1ec7u: Vi\u1ec7t Nam Quy c\u00e1ch \u0111\u00f3ng g\u00f3i: g\u00f3i 500g, th\u00f9ng 20 g\u00f3i L\u01b0u \u00fd: Bao b\u00ec s\u1ea3n ph\u1ea9m c\u00f3 th\u1ec3 thay \u0111\u1ed5i theo t\u1eebng \u0111\u1ee3t nh\u1eadp h\u00e0ng","breadcrumb":{"@id":"https:\/\/dev.tolio.co.nz\/san-pham\/thung-20-goi-bun-tuoi-gia-bao-500g\/#breadcrumb"},"inLanguage":"en-US","potentialAction":[{"@type":"ReadAction","target":["https:\/\/dev.tolio.co.nz\/san-pham\/thung-20-goi-bun-tuoi-gia-bao-500g\/"]}]},{"@type":"ImageObject","inLanguage":"en-US","@id":"https:\/\/dev.tolio.co.nz\/san-pham\/thung-20-goi-bun-tuoi-gia-bao-500g\/#primaryimage","url":"https:\/\/dev.tolio.co.nz\/wp-content\/uploads\/2024\/05\/205.png","contentUrl":"https:\/\/dev.tolio.co.nz\/wp-content\/uploads\/2024\/05\/205.png","width":1000,"height":907},{"@type":"BreadcrumbList","@id":"https:\/\/dev.tolio.co.nz\/san-pham\/thung-20-goi-bun-tuoi-gia-bao-500g\/#breadcrumb","itemListElement":[{"@type":"ListItem","position":1,"name":"Home","item":"https:\/\/dev.tolio.co.nz\/"},{"@type":"ListItem","position":2,"name":"C\u1eeda h\u00e0ng","item":"https:\/\/dev.tolio.co.nz\/cua-hang\/"},{"@type":"ListItem","position":3,"name":"Th\u00f9ng 20 g\u00f3i b\u00fan t\u01b0\u01a1i Gia B\u1ea3o 500g"}]},{"@type":"WebSite","@id":"https:\/\/dev.tolio.co.nz\/#website","url":"https:\/\/dev.tolio.co.nz\/","name":"TOLIO","description":"Vietnamese Grocery Online","potentialAction":[{"@type":"SearchAction","target":{"@type":"EntryPoint","urlTemplate":"https:\/\/dev.tolio.co.nz\/?s={search_term_string}"},"query-input":{"@type":"PropertyValueSpecification","valueRequired":true,"valueName":"search_term_string"}}],"inLanguage":"en-US"}]}},"_links":{"self":[{"href":"https:\/\/dev.tolio.co.nz\/en\/wp-json\/wp\/v2\/product\/16260","targetHints":{"allow":["GET"]}}],"collection":[{"href":"https:\/\/dev.tolio.co.nz\/en\/wp-json\/wp\/v2\/product"}],"about":[{"href":"https:\/\/dev.tolio.co.nz\/en\/wp-json\/wp\/v2\/types\/product"}],"replies":[{"embeddable":true,"href":"https:\/\/dev.tolio.co.nz\/en\/wp-json\/wp\/v2\/comments?post=16260"}],"wp:featuredmedia":[{"embeddable":true,"href":"https:\/\/dev.tolio.co.nz\/en\/wp-json\/wp\/v2\/media\/17160"}],"wp:attachment":[{"href":"https:\/\/dev.tolio.co.nz\/en\/wp-json\/wp\/v2\/media?parent=16260"}],"wp:term":[{"taxonomy":"product_brand","embeddable":true,"href":"https:\/\/dev.tolio.co.nz\/en\/wp-json\/wp\/v2\/product_brand?post=16260"},{"taxonomy":"product_cat","embeddable":true,"href":"https:\/\/dev.tolio.co.nz\/en\/wp-json\/wp\/v2\/product_cat?post=16260"},{"taxonomy":"product_tag","embeddable":true,"href":"https:\/\/dev.tolio.co.nz\/en\/wp-json\/wp\/v2\/product_tag?post=16260"}],"curies":[{"name":"wp","href":"https:\/\/api.w.org\/{rel}","templated":true}]}}