{"id":17053,"date":"2024-06-12T17:19:43","date_gmt":"2024-06-12T04:34:43","guid":{"rendered":"https:\/\/tolio.co.nz\/?post_type=product&#038;p=17053"},"modified":"2025-09-23T16:17:23","modified_gmt":"2025-09-23T04:17:23","slug":"bot-mi-meizan-500g","status":"publish","type":"product","link":"https:\/\/dev.tolio.co.nz\/en\/product\/bot-mi-meizan-500g\/","title":{"rendered":"B\u1ed9t m\u00ec Meizan 500g"},"content":{"rendered":"<p><span style=\"color: #000000\"><strong>B\u1ed9t m\u00ec Meizan 500g <\/strong><\/span>\u0111\u01b0\u1ee3c l\u00e0m t\u1eeb l\u00faa m\u00ec thi\u00ean nhi\u00ean, h\u00e0m l\u01b0\u1ee3ng dinh d\u01b0\u1ee1ng v\u1eeba \u0111\u1ee7 gi\u00fap c\u01a1 th\u1ec3 h\u1ea5p thu t\u1ed1t h\u01a1n. B\u1ed9t m\u00ec Meizan \u0111\u01b0\u1ee3c d\u00f9ng l\u00e0m nguy\u00ean li\u1ec7u cho c\u00e1c lo\u1ea1i b\u00e1nh m\u00ec, b\u00e1nh b\u00f4ng lan, b\u00e1nh ng\u1ecdt, b\u00e1nh r\u00e1n, b\u00e1nh pizza, m\u00ec s\u1ee3i, b\u00e1nh bao&#8230; mang l\u1ea1i nhi\u1ec1u m\u00f3n b\u00e1nh th\u01a1m ngon, h\u1ea5p d\u1eabn m\u00e0 kh\u00f4ng m\u1ea5t qu\u00e1 nhi\u1ec1u th\u1eddi gian ch\u1ebf bi\u1ebfn. Kh\u00f4ng ch\u1ec9 s\u1eed d\u1ee5ng l\u00e0m b\u00e1nh B\u1ed9t m\u00ec \u0111a d\u1ee5ng Meizan c\u00f2n \u0111\u01b0\u1ee3c d\u00f9ng \u0111\u1ec3 ch\u1ebf bi\u1ebfn c\u00e1c m\u00f3n \u0103n nh\u01b0 g\u00e0 t\u1ea9m, c\u00e1 t\u1ea9m, t\u00f4m t\u1ea9m&#8230; gi\u00fap t\u0103ng th\u00eam h\u01b0\u01a1ng v\u1ecb cho b\u1eefa c\u01a1m gia \u0111\u00ecnh<\/p>\n<p><strong>L\u01b0u \u00fd:<\/strong> S\u1ea3n ph\u1ea9m c\u00f3 ch\u1ee9a Gluten<\/p>\n<p><strong>H\u01b0\u1edbng d\u1eabn s\u1eed d\u1ee5ng:<\/strong><\/p>\n<ul>\n<li>D\u00f9ng \u0111\u1ec3 l\u00e0m c\u00e1c lo\u1ea1i b\u00e1nh b\u00f4ng lan, b\u00e1nh Castella, cupcake, muffin, chiffon v\u00e0 c\u00e1c lo\u1ea1i b\u00e1nh ng\u1ecdt kh\u00e1c\u2026<\/li>\n<\/ul>\n<p><strong>B\u1ea3o qu\u1ea3n:<\/strong><\/p>\n<ul>\n<li>\u0110\u1ec3 n\u01a1i kh\u00f4 r\u00e1o, tho\u00e1ng m\u00e1t, tr\u00e1nh \u00e1nh n\u1eafng tr\u1ef1c ti\u1ebfp<\/li>\n<\/ul>\n<p><strong>H\u1ea1n s\u1eed d\u1ee5ng: <\/strong>6 th\u00e1ng k\u1ec3 t\u1eeb ng\u00e0y s\u1ea3n xu\u1ea5t<\/p>","protected":false},"excerpt":{"rendered":"<ul>\n<li>Th\u01b0\u01a1ng hi\u1ec7u: Meizan<\/li>\n<li>Xu\u1ea5t x\u1ee9 th\u01b0\u01a1ng hi\u1ec7u: Vi\u1ec7t Nam<\/li>\n<li>Quy c\u00e1ch \u0111\u00f3ng g\u00f3i: g\u00f3i 500g<\/li>\n<li>L\u01b0u \u00fd: Bao b\u00ec s\u1ea3n ph\u1ea9m c\u00f3 th\u1ec3 thay \u0111\u1ed5i theo t\u1eebng \u0111\u1ee3t nh\u1eadp h\u00e0ng<\/li>\n<\/ul>","protected":false},"featured_media":20948,"comment_status":"open","ping_status":"closed","template":"","meta":[],"product_brand":[],"product_cat":[36,127,31],"product_tag":[877,878,875],"class_list":{"0":"post-17053","1":"product","2":"type-product","3":"status-publish","4":"has-post-thumbnail","6":"product_cat-thuc-pham-kho","7":"product_cat-bot-kho-cac-loai","8":"product_cat-hang-moi-ve","9":"product_tag-bot-mi","10":"product_tag-bot-mi-meizan","11":"product_tag-meizan","12":"pa_thuong-hieu-meizan","14":"first","15":"instock","16":"shipping-taxable","17":"purchasable","18":"product-type-simple"},"yoast_head":"<!-- This site is optimized with the Yoast SEO plugin v24.4 - https:\/\/yoast.com\/wordpress\/plugins\/seo\/ -->\n<title>B\u1ed9t m\u00ec Meizan 500g - TOLIO<\/title>\n<meta name=\"description\" content=\"Th\u01b0\u01a1ng hi\u1ec7u: Meizan  Xu\u1ea5t x\u1ee9 th\u01b0\u01a1ng hi\u1ec7u: Vi\u1ec7t Nam  Quy c\u00e1ch \u0111\u00f3ng g\u00f3i: g\u00f3i 500g  L\u01b0u \u00fd: Bao b\u00ec s\u1ea3n ph\u1ea9m c\u00f3 th\u1ec3 thay \u0111\u1ed5i theo t\u1eebng \u0111\u1ee3t nh\u1eadp h\u00e0ng\" \/>\n<meta name=\"robots\" content=\"index, follow, max-snippet:-1, max-image-preview:large, max-video-preview:-1\" \/>\n<link rel=\"canonical\" href=\"https:\/\/dev.tolio.co.nz\/en\/product\/bot-mi-meizan-500g\/\" \/>\n<meta property=\"og:locale\" content=\"en_US\" \/>\n<meta property=\"og:type\" content=\"article\" \/>\n<meta property=\"og:title\" content=\"B\u1ed9t m\u00ec Meizan 500g - TOLIO\" \/>\n<meta property=\"og:description\" content=\"Th\u01b0\u01a1ng hi\u1ec7u: Meizan  Xu\u1ea5t x\u1ee9 th\u01b0\u01a1ng hi\u1ec7u: Vi\u1ec7t Nam  Quy c\u00e1ch \u0111\u00f3ng g\u00f3i: g\u00f3i 500g  L\u01b0u \u00fd: Bao b\u00ec s\u1ea3n ph\u1ea9m c\u00f3 th\u1ec3 thay \u0111\u1ed5i theo t\u1eebng \u0111\u1ee3t nh\u1eadp h\u00e0ng\" \/>\n<meta property=\"og:url\" content=\"https:\/\/dev.tolio.co.nz\/en\/product\/bot-mi-meizan-500g\/\" \/>\n<meta property=\"og:site_name\" content=\"TOLIO\" \/>\n<meta property=\"article:modified_time\" content=\"2025-09-23T04:17:23+00:00\" \/>\n<meta property=\"og:image\" content=\"https:\/\/dev.tolio.co.nz\/wp-content\/uploads\/2024\/06\/462.png\" \/>\n\t<meta property=\"og:image:width\" content=\"1000\" \/>\n\t<meta property=\"og:image:height\" content=\"907\" \/>\n\t<meta property=\"og:image:type\" content=\"image\/png\" \/>\n<meta name=\"twitter:card\" content=\"summary_large_image\" \/>\n<meta name=\"twitter:label1\" content=\"Est. reading time\" \/>\n\t<meta name=\"twitter:data1\" content=\"1 minute\" \/>\n<script type=\"application\/ld+json\" class=\"yoast-schema-graph\">{\"@context\":\"https:\/\/schema.org\",\"@graph\":[{\"@type\":\"WebPage\",\"@id\":\"https:\/\/dev.tolio.co.nz\/san-pham\/bot-mi-meizan-500g\/\",\"url\":\"https:\/\/dev.tolio.co.nz\/san-pham\/bot-mi-meizan-500g\/\",\"name\":\"B\u1ed9t m\u00ec Meizan 500g - TOLIO\",\"isPartOf\":{\"@id\":\"https:\/\/dev.tolio.co.nz\/#website\"},\"primaryImageOfPage\":{\"@id\":\"https:\/\/dev.tolio.co.nz\/san-pham\/bot-mi-meizan-500g\/#primaryimage\"},\"image\":{\"@id\":\"https:\/\/dev.tolio.co.nz\/san-pham\/bot-mi-meizan-500g\/#primaryimage\"},\"thumbnailUrl\":\"https:\/\/dev.tolio.co.nz\/wp-content\/uploads\/2024\/06\/462.png\",\"datePublished\":\"2024-06-12T04:34:43+00:00\",\"dateModified\":\"2025-09-23T04:17:23+00:00\",\"description\":\"Th\u01b0\u01a1ng hi\u1ec7u: Meizan Xu\u1ea5t x\u1ee9 th\u01b0\u01a1ng hi\u1ec7u: Vi\u1ec7t Nam Quy c\u00e1ch \u0111\u00f3ng g\u00f3i: g\u00f3i 500g L\u01b0u \u00fd: Bao b\u00ec s\u1ea3n ph\u1ea9m c\u00f3 th\u1ec3 thay \u0111\u1ed5i theo t\u1eebng \u0111\u1ee3t nh\u1eadp h\u00e0ng\",\"breadcrumb\":{\"@id\":\"https:\/\/dev.tolio.co.nz\/san-pham\/bot-mi-meizan-500g\/#breadcrumb\"},\"inLanguage\":\"en-US\",\"potentialAction\":[{\"@type\":\"ReadAction\",\"target\":[\"https:\/\/dev.tolio.co.nz\/san-pham\/bot-mi-meizan-500g\/\"]}]},{\"@type\":\"ImageObject\",\"inLanguage\":\"en-US\",\"@id\":\"https:\/\/dev.tolio.co.nz\/san-pham\/bot-mi-meizan-500g\/#primaryimage\",\"url\":\"https:\/\/dev.tolio.co.nz\/wp-content\/uploads\/2024\/06\/462.png\",\"contentUrl\":\"https:\/\/dev.tolio.co.nz\/wp-content\/uploads\/2024\/06\/462.png\",\"width\":1000,\"height\":907},{\"@type\":\"BreadcrumbList\",\"@id\":\"https:\/\/dev.tolio.co.nz\/san-pham\/bot-mi-meizan-500g\/#breadcrumb\",\"itemListElement\":[{\"@type\":\"ListItem\",\"position\":1,\"name\":\"Home\",\"item\":\"https:\/\/dev.tolio.co.nz\/\"},{\"@type\":\"ListItem\",\"position\":2,\"name\":\"C\u1eeda h\u00e0ng\",\"item\":\"https:\/\/dev.tolio.co.nz\/cua-hang\/\"},{\"@type\":\"ListItem\",\"position\":3,\"name\":\"B\u1ed9t m\u00ec Meizan 500g\"}]},{\"@type\":\"WebSite\",\"@id\":\"https:\/\/dev.tolio.co.nz\/#website\",\"url\":\"https:\/\/dev.tolio.co.nz\/\",\"name\":\"TOLIO\",\"description\":\"Vietnamese Grocery Online\",\"potentialAction\":[{\"@type\":\"SearchAction\",\"target\":{\"@type\":\"EntryPoint\",\"urlTemplate\":\"https:\/\/dev.tolio.co.nz\/?s={search_term_string}\"},\"query-input\":{\"@type\":\"PropertyValueSpecification\",\"valueRequired\":true,\"valueName\":\"search_term_string\"}}],\"inLanguage\":\"en-US\"}]}<\/script>\n<!-- \/ Yoast SEO plugin. -->","yoast_head_json":{"title":"B\u1ed9t m\u00ec Meizan 500g - TOLIO","description":"Th\u01b0\u01a1ng hi\u1ec7u: Meizan  Xu\u1ea5t x\u1ee9 th\u01b0\u01a1ng hi\u1ec7u: Vi\u1ec7t Nam  Quy c\u00e1ch \u0111\u00f3ng g\u00f3i: g\u00f3i 500g  L\u01b0u \u00fd: Bao b\u00ec s\u1ea3n ph\u1ea9m c\u00f3 th\u1ec3 thay \u0111\u1ed5i theo t\u1eebng \u0111\u1ee3t nh\u1eadp h\u00e0ng","robots":{"index":"index","follow":"follow","max-snippet":"max-snippet:-1","max-image-preview":"max-image-preview:large","max-video-preview":"max-video-preview:-1"},"canonical":"https:\/\/dev.tolio.co.nz\/en\/product\/bot-mi-meizan-500g\/","og_locale":"en_US","og_type":"article","og_title":"B\u1ed9t m\u00ec Meizan 500g - TOLIO","og_description":"Th\u01b0\u01a1ng hi\u1ec7u: Meizan  Xu\u1ea5t x\u1ee9 th\u01b0\u01a1ng hi\u1ec7u: Vi\u1ec7t Nam  Quy c\u00e1ch \u0111\u00f3ng g\u00f3i: g\u00f3i 500g  L\u01b0u \u00fd: Bao b\u00ec s\u1ea3n ph\u1ea9m c\u00f3 th\u1ec3 thay \u0111\u1ed5i theo t\u1eebng \u0111\u1ee3t nh\u1eadp h\u00e0ng","og_url":"https:\/\/dev.tolio.co.nz\/en\/product\/bot-mi-meizan-500g\/","og_site_name":"TOLIO","article_modified_time":"2025-09-23T04:17:23+00:00","og_image":[{"width":1000,"height":907,"url":"https:\/\/dev.tolio.co.nz\/wp-content\/uploads\/2024\/06\/462.png","type":"image\/png"}],"twitter_card":"summary_large_image","twitter_misc":{"Est. reading time":"1 minute"},"schema":{"@context":"https:\/\/schema.org","@graph":[{"@type":"WebPage","@id":"https:\/\/dev.tolio.co.nz\/san-pham\/bot-mi-meizan-500g\/","url":"https:\/\/dev.tolio.co.nz\/san-pham\/bot-mi-meizan-500g\/","name":"B\u1ed9t m\u00ec Meizan 500g - TOLIO","isPartOf":{"@id":"https:\/\/dev.tolio.co.nz\/#website"},"primaryImageOfPage":{"@id":"https:\/\/dev.tolio.co.nz\/san-pham\/bot-mi-meizan-500g\/#primaryimage"},"image":{"@id":"https:\/\/dev.tolio.co.nz\/san-pham\/bot-mi-meizan-500g\/#primaryimage"},"thumbnailUrl":"https:\/\/dev.tolio.co.nz\/wp-content\/uploads\/2024\/06\/462.png","datePublished":"2024-06-12T04:34:43+00:00","dateModified":"2025-09-23T04:17:23+00:00","description":"Th\u01b0\u01a1ng hi\u1ec7u: Meizan Xu\u1ea5t x\u1ee9 th\u01b0\u01a1ng hi\u1ec7u: Vi\u1ec7t Nam Quy c\u00e1ch \u0111\u00f3ng g\u00f3i: g\u00f3i 500g L\u01b0u \u00fd: Bao b\u00ec s\u1ea3n ph\u1ea9m c\u00f3 th\u1ec3 thay \u0111\u1ed5i theo t\u1eebng \u0111\u1ee3t nh\u1eadp h\u00e0ng","breadcrumb":{"@id":"https:\/\/dev.tolio.co.nz\/san-pham\/bot-mi-meizan-500g\/#breadcrumb"},"inLanguage":"en-US","potentialAction":[{"@type":"ReadAction","target":["https:\/\/dev.tolio.co.nz\/san-pham\/bot-mi-meizan-500g\/"]}]},{"@type":"ImageObject","inLanguage":"en-US","@id":"https:\/\/dev.tolio.co.nz\/san-pham\/bot-mi-meizan-500g\/#primaryimage","url":"https:\/\/dev.tolio.co.nz\/wp-content\/uploads\/2024\/06\/462.png","contentUrl":"https:\/\/dev.tolio.co.nz\/wp-content\/uploads\/2024\/06\/462.png","width":1000,"height":907},{"@type":"BreadcrumbList","@id":"https:\/\/dev.tolio.co.nz\/san-pham\/bot-mi-meizan-500g\/#breadcrumb","itemListElement":[{"@type":"ListItem","position":1,"name":"Home","item":"https:\/\/dev.tolio.co.nz\/"},{"@type":"ListItem","position":2,"name":"C\u1eeda h\u00e0ng","item":"https:\/\/dev.tolio.co.nz\/cua-hang\/"},{"@type":"ListItem","position":3,"name":"B\u1ed9t m\u00ec Meizan 500g"}]},{"@type":"WebSite","@id":"https:\/\/dev.tolio.co.nz\/#website","url":"https:\/\/dev.tolio.co.nz\/","name":"TOLIO","description":"Vietnamese Grocery Online","potentialAction":[{"@type":"SearchAction","target":{"@type":"EntryPoint","urlTemplate":"https:\/\/dev.tolio.co.nz\/?s={search_term_string}"},"query-input":{"@type":"PropertyValueSpecification","valueRequired":true,"valueName":"search_term_string"}}],"inLanguage":"en-US"}]}},"_links":{"self":[{"href":"https:\/\/dev.tolio.co.nz\/en\/wp-json\/wp\/v2\/product\/17053","targetHints":{"allow":["GET"]}}],"collection":[{"href":"https:\/\/dev.tolio.co.nz\/en\/wp-json\/wp\/v2\/product"}],"about":[{"href":"https:\/\/dev.tolio.co.nz\/en\/wp-json\/wp\/v2\/types\/product"}],"replies":[{"embeddable":true,"href":"https:\/\/dev.tolio.co.nz\/en\/wp-json\/wp\/v2\/comments?post=17053"}],"wp:featuredmedia":[{"embeddable":true,"href":"https:\/\/dev.tolio.co.nz\/en\/wp-json\/wp\/v2\/media\/20948"}],"wp:attachment":[{"href":"https:\/\/dev.tolio.co.nz\/en\/wp-json\/wp\/v2\/media?parent=17053"}],"wp:term":[{"taxonomy":"product_brand","embeddable":true,"href":"https:\/\/dev.tolio.co.nz\/en\/wp-json\/wp\/v2\/product_brand?post=17053"},{"taxonomy":"product_cat","embeddable":true,"href":"https:\/\/dev.tolio.co.nz\/en\/wp-json\/wp\/v2\/product_cat?post=17053"},{"taxonomy":"product_tag","embeddable":true,"href":"https:\/\/dev.tolio.co.nz\/en\/wp-json\/wp\/v2\/product_tag?post=17053"}],"curies":[{"name":"wp","href":"https:\/\/api.w.org\/{rel}","templated":true}]}}