{"id":17063,"date":"2024-06-09T21:49:58","date_gmt":"2024-06-09T09:04:58","guid":{"rendered":"https:\/\/tolio.co.nz\/?post_type=product&#038;p=17063"},"modified":"2025-09-11T16:01:13","modified_gmt":"2025-09-11T04:01:13","slug":"mua-5-tang-1-set-6-goi-gia-vi-hoan-chinh-ca-kho-knorr-28g","status":"publish","type":"product","link":"https:\/\/dev.tolio.co.nz\/en\/product\/buy-5-tangs-1-set-of-6-package-price-with-knorr-warehouse-28g\/","title":{"rendered":"[Mua 5 t\u1eb7ng 1] Set 6 g\u00f3i gia v\u1ecb ho\u00e0n ch\u1ec9nh c\u00e1 kho Knorr 28g"},"content":{"rendered":"<p><span style=\"font-family: arial, helvetica, sans-serif;color: #000000\"><strong>Gia v\u1ecb ho\u00e0n ch\u1ec9nh c\u00e1 kho Knorr g\u00f3i 28g<\/strong> l\u00e0 lo\u1ea1i gia v\u1ecb n\u00eam s\u1eb5n\u00a0\u0111\u01b0\u1ee3c chi\u1ebft xu\u1ea5t t\u1eeb nh\u1eefng nguy\u00ean li\u1ec7u t\u1ef1 nhi\u00ean \u0111\u1ebfn t\u1eeb th\u01b0\u01a1ng hi\u1ec7u\u00a0gia v\u1ecb n\u00eam s\u1eb5n Knorr\u00a0quen thu\u1ed9c.\u00a0Gia v\u1ecb ho\u00e0n ch\u1ec9nh c\u00e1 kho Knorr g\u00f3i 28g\u00a0\u0111\u01b0\u1ee3c ph\u1ed1i tr\u1ed9n v\u1edbi m\u1ed9t t\u1ef7 l\u1ec7 ho\u00e0n h\u1ea3o, gi\u00fap cho b\u1ea1n c\u00f3 th\u1ec3 n\u1ea5u \u0111\u01b0\u1ee3c m\u00f3n c\u00e1 kho ngon \u0111\u00fang \u0111i\u1ec7u m\u00e0 l\u1ea1i nhanh ch\u00f3ng cho c\u1ea3 nh\u00e0.<\/span><\/p>\n<p><strong><span style=\"font-family: arial, helvetica, sans-serif;color: #000000\">H\u01b0\u1edbng d\u1eabn s\u1eed d\u1ee5ng:<\/span><\/strong><\/p>\n<ul>\n<li><span style=\"font-family: arial, helvetica, sans-serif;color: #000000\">B\u01b0\u1edbc 1: \u01af\u1edbp 300g c\u00e1 v\u1edbi 1 g\u00f3i gia v\u1ecb ho\u00e0n ch\u1ec9nh Knorr v\u00e0 d\u1ea7u \u0103n trong kho\u1ea3ng 15 &#8211; 20 ph\u00fat. Th\u00eam \u0111\u1ea7u h\u00e0nh l\u00e1, t\u1ecfi v\u00e0 \u1edbt b\u1eb1m \u0111\u1ec3 c\u00e1 khi kho s\u1ebd d\u1eady h\u01b0\u01a1ng th\u01a1m h\u01a1n.<\/span><\/li>\n<li><span style=\"font-family: arial, helvetica, sans-serif;color: #000000\">B\u01b0\u1edbc 2: Kho nh\u1ecf l\u1eeda cho th\u1ecbt c\u00e1 s\u0103n l\u1ea1i, th\u00eam n\u01b0\u1edbc cho x\u00e2m x\u1ea5p m\u1eb7t c\u00e1 v\u00e0 ti\u1ebfp t\u1ee5c kho \u0111\u1ebfn khi c\u00e1 th\u1ea5m gia v\u1ecb v\u00e0 n\u01b0\u1edbc s\u1ed1t s\u1ec7t nh\u01b0 \u00fd. D\u00f9ng v\u1edbi c\u01a1m n\u00f3ng.<\/span><\/li>\n<\/ul>\n<p><span style=\"font-family: arial, helvetica, sans-serif;color: #000000\"><strong>B\u1ea3o qu\u1ea3n:<\/strong><\/span><\/p>\n<ul>\n<li><span style=\"font-family: arial, helvetica, sans-serif;color: #000000\">\u0110\u1ec3 n\u01a1i kh\u00f4 r\u00e1o, tho\u00e1ng m\u00e1t.<\/span><\/li>\n<li><span style=\"font-family: arial, helvetica, sans-serif;color: #000000\">Tr\u00e1nh \u00e1nh n\u1eafng tr\u1ef1c ti\u1ebfp<\/span><\/li>\n<\/ul>\n<p><span style=\"font-family: arial, helvetica, sans-serif;color: #000000\"><strong>H\u1ea1n s\u1eed d\u1ee5ng: <\/strong>12 th\u00e1ng k\u1ec3 t\u1eeb ng\u00e0y s\u1ea3n xu\u1ea5t<\/span><\/p>","protected":false},"excerpt":{"rendered":"<ul>\n<li>Th\u01b0\u01a1ng hi\u1ec7u: Knorr Vi\u1ec7t Nam<\/li>\n<li>Xu\u1ea5t x\u1ee9 th\u01b0\u01a1ng hi\u1ec7u: Vi\u1ec7t Nam<\/li>\n<li>Quy c\u00e1ch \u0111\u00f3ng g\u00f3i: G\u00f3i 28g<\/li>\n<li>L\u01b0u \u00fd: Bao b\u00ec s\u1ea3n ph\u1ea9m c\u00f3 th\u1ec3 thay \u0111\u1ed5i theo t\u1eebng \u0111\u1ee3t nh\u1eadp h\u00e0ng<\/li>\n<\/ul>","protected":false},"featured_media":21009,"comment_status":"open","ping_status":"closed","template":"","meta":[],"product_brand":[],"product_cat":[33,481,31],"product_tag":[111],"class_list":{"0":"post-17063","1":"product","2":"type-product","3":"status-publish","4":"has-post-thumbnail","6":"product_cat-gia-vi","7":"product_cat-gia-vi-hoan-chinh","8":"product_cat-hang-moi-ve","9":"product_tag-knorr","10":"pa_thuong-hieu-knorr","12":"first","13":"outofstock","14":"sale","15":"shipping-taxable","16":"purchasable","17":"product-type-simple"},"yoast_head":"<!-- This site is optimized with the Yoast SEO plugin v24.4 - https:\/\/yoast.com\/wordpress\/plugins\/seo\/ -->\n<title>[Mua 5 t\u1eb7ng 1] Set 6 g\u00f3i gia v\u1ecb ho\u00e0n ch\u1ec9nh c\u00e1 kho Knorr 28g - TOLIO<\/title>\n<meta name=\"description\" content=\"Th\u01b0\u01a1ng hi\u1ec7u: Knorr Vi\u1ec7t Nam  Xu\u1ea5t x\u1ee9 th\u01b0\u01a1ng hi\u1ec7u: Vi\u1ec7t Nam  Quy c\u00e1ch \u0111\u00f3ng g\u00f3i: G\u00f3i 28g  L\u01b0u \u00fd: Bao b\u00ec s\u1ea3n ph\u1ea9m c\u00f3 th\u1ec3 thay \u0111\u1ed5i theo t\u1eebng \u0111\u1ee3t nh\u1eadp h\u00e0ng\" \/>\n<meta name=\"robots\" content=\"index, follow, max-snippet:-1, max-image-preview:large, max-video-preview:-1\" \/>\n<link rel=\"canonical\" href=\"https:\/\/dev.tolio.co.nz\/en\/product\/buy-5-tangs-1-set-of-6-package-price-with-knorr-warehouse-28g\/\" \/>\n<meta property=\"og:locale\" content=\"en_US\" \/>\n<meta property=\"og:type\" content=\"article\" \/>\n<meta property=\"og:title\" content=\"[Mua 5 t\u1eb7ng 1] Set 6 g\u00f3i gia v\u1ecb ho\u00e0n ch\u1ec9nh c\u00e1 kho Knorr 28g - TOLIO\" \/>\n<meta property=\"og:description\" content=\"Th\u01b0\u01a1ng hi\u1ec7u: Knorr Vi\u1ec7t Nam  Xu\u1ea5t x\u1ee9 th\u01b0\u01a1ng hi\u1ec7u: Vi\u1ec7t Nam  Quy c\u00e1ch \u0111\u00f3ng g\u00f3i: G\u00f3i 28g  L\u01b0u \u00fd: Bao b\u00ec s\u1ea3n ph\u1ea9m c\u00f3 th\u1ec3 thay \u0111\u1ed5i theo t\u1eebng \u0111\u1ee3t nh\u1eadp h\u00e0ng\" \/>\n<meta property=\"og:url\" content=\"https:\/\/dev.tolio.co.nz\/en\/product\/buy-5-tangs-1-set-of-6-package-price-with-knorr-warehouse-28g\/\" \/>\n<meta property=\"og:site_name\" content=\"TOLIO\" \/>\n<meta property=\"article:modified_time\" content=\"2025-09-11T04:01:13+00:00\" \/>\n<meta property=\"og:image\" content=\"https:\/\/dev.tolio.co.nz\/wp-content\/uploads\/2024\/06\/36.png\" \/>\n\t<meta property=\"og:image:width\" content=\"1000\" \/>\n\t<meta property=\"og:image:height\" content=\"907\" \/>\n\t<meta property=\"og:image:type\" content=\"image\/png\" \/>\n<meta name=\"twitter:card\" content=\"summary_large_image\" \/>\n<meta name=\"twitter:label1\" content=\"Est. reading time\" \/>\n\t<meta name=\"twitter:data1\" content=\"1 minute\" \/>\n<script type=\"application\/ld+json\" class=\"yoast-schema-graph\">{\"@context\":\"https:\/\/schema.org\",\"@graph\":[{\"@type\":\"WebPage\",\"@id\":\"https:\/\/dev.tolio.co.nz\/san-pham\/mua-5-tang-1-set-6-goi-gia-vi-hoan-chinh-ca-kho-knorr-28g\/\",\"url\":\"https:\/\/dev.tolio.co.nz\/san-pham\/mua-5-tang-1-set-6-goi-gia-vi-hoan-chinh-ca-kho-knorr-28g\/\",\"name\":\"[Mua 5 t\u1eb7ng 1] Set 6 g\u00f3i gia v\u1ecb ho\u00e0n ch\u1ec9nh c\u00e1 kho Knorr 28g - TOLIO\",\"isPartOf\":{\"@id\":\"https:\/\/dev.tolio.co.nz\/#website\"},\"primaryImageOfPage\":{\"@id\":\"https:\/\/dev.tolio.co.nz\/san-pham\/mua-5-tang-1-set-6-goi-gia-vi-hoan-chinh-ca-kho-knorr-28g\/#primaryimage\"},\"image\":{\"@id\":\"https:\/\/dev.tolio.co.nz\/san-pham\/mua-5-tang-1-set-6-goi-gia-vi-hoan-chinh-ca-kho-knorr-28g\/#primaryimage\"},\"thumbnailUrl\":\"https:\/\/dev.tolio.co.nz\/wp-content\/uploads\/2024\/06\/36.png\",\"datePublished\":\"2024-06-09T09:04:58+00:00\",\"dateModified\":\"2025-09-11T04:01:13+00:00\",\"description\":\"Th\u01b0\u01a1ng hi\u1ec7u: Knorr Vi\u1ec7t Nam Xu\u1ea5t x\u1ee9 th\u01b0\u01a1ng hi\u1ec7u: Vi\u1ec7t Nam Quy c\u00e1ch \u0111\u00f3ng g\u00f3i: G\u00f3i 28g L\u01b0u \u00fd: Bao b\u00ec s\u1ea3n ph\u1ea9m c\u00f3 th\u1ec3 thay \u0111\u1ed5i theo t\u1eebng \u0111\u1ee3t nh\u1eadp h\u00e0ng\",\"breadcrumb\":{\"@id\":\"https:\/\/dev.tolio.co.nz\/san-pham\/mua-5-tang-1-set-6-goi-gia-vi-hoan-chinh-ca-kho-knorr-28g\/#breadcrumb\"},\"inLanguage\":\"en-US\",\"potentialAction\":[{\"@type\":\"ReadAction\",\"target\":[\"https:\/\/dev.tolio.co.nz\/san-pham\/mua-5-tang-1-set-6-goi-gia-vi-hoan-chinh-ca-kho-knorr-28g\/\"]}]},{\"@type\":\"ImageObject\",\"inLanguage\":\"en-US\",\"@id\":\"https:\/\/dev.tolio.co.nz\/san-pham\/mua-5-tang-1-set-6-goi-gia-vi-hoan-chinh-ca-kho-knorr-28g\/#primaryimage\",\"url\":\"https:\/\/dev.tolio.co.nz\/wp-content\/uploads\/2024\/06\/36.png\",\"contentUrl\":\"https:\/\/dev.tolio.co.nz\/wp-content\/uploads\/2024\/06\/36.png\",\"width\":1000,\"height\":907},{\"@type\":\"BreadcrumbList\",\"@id\":\"https:\/\/dev.tolio.co.nz\/san-pham\/mua-5-tang-1-set-6-goi-gia-vi-hoan-chinh-ca-kho-knorr-28g\/#breadcrumb\",\"itemListElement\":[{\"@type\":\"ListItem\",\"position\":1,\"name\":\"Home\",\"item\":\"https:\/\/dev.tolio.co.nz\/\"},{\"@type\":\"ListItem\",\"position\":2,\"name\":\"C\u1eeda h\u00e0ng\",\"item\":\"https:\/\/dev.tolio.co.nz\/cua-hang\/\"},{\"@type\":\"ListItem\",\"position\":3,\"name\":\"[Mua 5 t\u1eb7ng 1] Set 6 g\u00f3i gia v\u1ecb ho\u00e0n ch\u1ec9nh c\u00e1 kho Knorr 28g\"}]},{\"@type\":\"WebSite\",\"@id\":\"https:\/\/dev.tolio.co.nz\/#website\",\"url\":\"https:\/\/dev.tolio.co.nz\/\",\"name\":\"TOLIO\",\"description\":\"Vietnamese Grocery Online\",\"potentialAction\":[{\"@type\":\"SearchAction\",\"target\":{\"@type\":\"EntryPoint\",\"urlTemplate\":\"https:\/\/dev.tolio.co.nz\/?s={search_term_string}\"},\"query-input\":{\"@type\":\"PropertyValueSpecification\",\"valueRequired\":true,\"valueName\":\"search_term_string\"}}],\"inLanguage\":\"en-US\"}]}<\/script>\n<!-- \/ Yoast SEO plugin. -->","yoast_head_json":{"title":"[Mua 5 t\u1eb7ng 1] Set 6 g\u00f3i gia v\u1ecb ho\u00e0n ch\u1ec9nh c\u00e1 kho Knorr 28g - TOLIO","description":"Th\u01b0\u01a1ng hi\u1ec7u: Knorr Vi\u1ec7t Nam  Xu\u1ea5t x\u1ee9 th\u01b0\u01a1ng hi\u1ec7u: Vi\u1ec7t Nam  Quy c\u00e1ch \u0111\u00f3ng g\u00f3i: G\u00f3i 28g  L\u01b0u \u00fd: Bao b\u00ec s\u1ea3n ph\u1ea9m c\u00f3 th\u1ec3 thay \u0111\u1ed5i theo t\u1eebng \u0111\u1ee3t nh\u1eadp h\u00e0ng","robots":{"index":"index","follow":"follow","max-snippet":"max-snippet:-1","max-image-preview":"max-image-preview:large","max-video-preview":"max-video-preview:-1"},"canonical":"https:\/\/dev.tolio.co.nz\/en\/product\/buy-5-tangs-1-set-of-6-package-price-with-knorr-warehouse-28g\/","og_locale":"en_US","og_type":"article","og_title":"[Mua 5 t\u1eb7ng 1] Set 6 g\u00f3i gia v\u1ecb ho\u00e0n ch\u1ec9nh c\u00e1 kho Knorr 28g - TOLIO","og_description":"Th\u01b0\u01a1ng hi\u1ec7u: Knorr Vi\u1ec7t Nam  Xu\u1ea5t x\u1ee9 th\u01b0\u01a1ng hi\u1ec7u: Vi\u1ec7t Nam  Quy c\u00e1ch \u0111\u00f3ng g\u00f3i: G\u00f3i 28g  L\u01b0u \u00fd: Bao b\u00ec s\u1ea3n ph\u1ea9m c\u00f3 th\u1ec3 thay \u0111\u1ed5i theo t\u1eebng \u0111\u1ee3t nh\u1eadp h\u00e0ng","og_url":"https:\/\/dev.tolio.co.nz\/en\/product\/buy-5-tangs-1-set-of-6-package-price-with-knorr-warehouse-28g\/","og_site_name":"TOLIO","article_modified_time":"2025-09-11T04:01:13+00:00","og_image":[{"width":1000,"height":907,"url":"https:\/\/dev.tolio.co.nz\/wp-content\/uploads\/2024\/06\/36.png","type":"image\/png"}],"twitter_card":"summary_large_image","twitter_misc":{"Est. reading time":"1 minute"},"schema":{"@context":"https:\/\/schema.org","@graph":[{"@type":"WebPage","@id":"https:\/\/dev.tolio.co.nz\/san-pham\/mua-5-tang-1-set-6-goi-gia-vi-hoan-chinh-ca-kho-knorr-28g\/","url":"https:\/\/dev.tolio.co.nz\/san-pham\/mua-5-tang-1-set-6-goi-gia-vi-hoan-chinh-ca-kho-knorr-28g\/","name":"[Mua 5 t\u1eb7ng 1] Set 6 g\u00f3i gia v\u1ecb ho\u00e0n ch\u1ec9nh c\u00e1 kho Knorr 28g - TOLIO","isPartOf":{"@id":"https:\/\/dev.tolio.co.nz\/#website"},"primaryImageOfPage":{"@id":"https:\/\/dev.tolio.co.nz\/san-pham\/mua-5-tang-1-set-6-goi-gia-vi-hoan-chinh-ca-kho-knorr-28g\/#primaryimage"},"image":{"@id":"https:\/\/dev.tolio.co.nz\/san-pham\/mua-5-tang-1-set-6-goi-gia-vi-hoan-chinh-ca-kho-knorr-28g\/#primaryimage"},"thumbnailUrl":"https:\/\/dev.tolio.co.nz\/wp-content\/uploads\/2024\/06\/36.png","datePublished":"2024-06-09T09:04:58+00:00","dateModified":"2025-09-11T04:01:13+00:00","description":"Th\u01b0\u01a1ng hi\u1ec7u: Knorr Vi\u1ec7t Nam Xu\u1ea5t x\u1ee9 th\u01b0\u01a1ng hi\u1ec7u: Vi\u1ec7t Nam Quy c\u00e1ch \u0111\u00f3ng g\u00f3i: G\u00f3i 28g L\u01b0u \u00fd: Bao b\u00ec s\u1ea3n ph\u1ea9m c\u00f3 th\u1ec3 thay \u0111\u1ed5i theo t\u1eebng \u0111\u1ee3t nh\u1eadp h\u00e0ng","breadcrumb":{"@id":"https:\/\/dev.tolio.co.nz\/san-pham\/mua-5-tang-1-set-6-goi-gia-vi-hoan-chinh-ca-kho-knorr-28g\/#breadcrumb"},"inLanguage":"en-US","potentialAction":[{"@type":"ReadAction","target":["https:\/\/dev.tolio.co.nz\/san-pham\/mua-5-tang-1-set-6-goi-gia-vi-hoan-chinh-ca-kho-knorr-28g\/"]}]},{"@type":"ImageObject","inLanguage":"en-US","@id":"https:\/\/dev.tolio.co.nz\/san-pham\/mua-5-tang-1-set-6-goi-gia-vi-hoan-chinh-ca-kho-knorr-28g\/#primaryimage","url":"https:\/\/dev.tolio.co.nz\/wp-content\/uploads\/2024\/06\/36.png","contentUrl":"https:\/\/dev.tolio.co.nz\/wp-content\/uploads\/2024\/06\/36.png","width":1000,"height":907},{"@type":"BreadcrumbList","@id":"https:\/\/dev.tolio.co.nz\/san-pham\/mua-5-tang-1-set-6-goi-gia-vi-hoan-chinh-ca-kho-knorr-28g\/#breadcrumb","itemListElement":[{"@type":"ListItem","position":1,"name":"Home","item":"https:\/\/dev.tolio.co.nz\/"},{"@type":"ListItem","position":2,"name":"C\u1eeda h\u00e0ng","item":"https:\/\/dev.tolio.co.nz\/cua-hang\/"},{"@type":"ListItem","position":3,"name":"[Mua 5 t\u1eb7ng 1] Set 6 g\u00f3i gia v\u1ecb ho\u00e0n ch\u1ec9nh c\u00e1 kho Knorr 28g"}]},{"@type":"WebSite","@id":"https:\/\/dev.tolio.co.nz\/#website","url":"https:\/\/dev.tolio.co.nz\/","name":"TOLIO","description":"Vietnamese Grocery Online","potentialAction":[{"@type":"SearchAction","target":{"@type":"EntryPoint","urlTemplate":"https:\/\/dev.tolio.co.nz\/?s={search_term_string}"},"query-input":{"@type":"PropertyValueSpecification","valueRequired":true,"valueName":"search_term_string"}}],"inLanguage":"en-US"}]}},"_links":{"self":[{"href":"https:\/\/dev.tolio.co.nz\/en\/wp-json\/wp\/v2\/product\/17063","targetHints":{"allow":["GET"]}}],"collection":[{"href":"https:\/\/dev.tolio.co.nz\/en\/wp-json\/wp\/v2\/product"}],"about":[{"href":"https:\/\/dev.tolio.co.nz\/en\/wp-json\/wp\/v2\/types\/product"}],"replies":[{"embeddable":true,"href":"https:\/\/dev.tolio.co.nz\/en\/wp-json\/wp\/v2\/comments?post=17063"}],"wp:featuredmedia":[{"embeddable":true,"href":"https:\/\/dev.tolio.co.nz\/en\/wp-json\/wp\/v2\/media\/21009"}],"wp:attachment":[{"href":"https:\/\/dev.tolio.co.nz\/en\/wp-json\/wp\/v2\/media?parent=17063"}],"wp:term":[{"taxonomy":"product_brand","embeddable":true,"href":"https:\/\/dev.tolio.co.nz\/en\/wp-json\/wp\/v2\/product_brand?post=17063"},{"taxonomy":"product_cat","embeddable":true,"href":"https:\/\/dev.tolio.co.nz\/en\/wp-json\/wp\/v2\/product_cat?post=17063"},{"taxonomy":"product_tag","embeddable":true,"href":"https:\/\/dev.tolio.co.nz\/en\/wp-json\/wp\/v2\/product_tag?post=17063"}],"curies":[{"name":"wp","href":"https:\/\/api.w.org\/{rel}","templated":true}]}}