{"id":17064,"date":"2024-06-12T17:18:26","date_gmt":"2024-06-12T04:33:26","guid":{"rendered":"https:\/\/tolio.co.nz\/?post_type=product&#038;p=17064"},"modified":"2025-09-11T15:59:43","modified_gmt":"2025-09-11T03:59:43","slug":"xuc-xich-heo-tiet-trung-c-p-goi-200g-5-cay-x-40g","status":"publish","type":"product","link":"https:\/\/dev.tolio.co.nz\/en\/product\/chinese-pork-sausage-order-200g-5-spicy-x-40g\/","title":{"rendered":"X\u00fac x\u00edch heo ti\u1ec7t tr\u00f9ng C.P g\u00f3i 200g (5 c\u00e2y x 40g)"},"content":{"rendered":"<p><strong>X\u00fac x\u00edch heo ti\u1ec7t tr\u00f9ng C.P g\u00f3i 200g<\/strong>\u00a0th\u01a1m ngon, \u0111\u1eadm v\u1ecb th\u1ecbt heo, gia v\u1ecb v\u1eeba ph\u1ea3i \u0103n r\u1ea5t ngon mi\u1ec7ng.\u00a0X\u00fac x\u00edch c\u00f3 gi\u00e1 tr\u1ecb\u00a0dinh d\u01b0\u1ee1ng, c\u00f3 th\u1ec3 \u0103n v\u1edbi m\u00ec t\u00f4m ho\u1eb7c nh\u1eefng m\u00f3n \u0103n kh\u00e1c nh\u01b0 x\u00fac x\u00edch chi\u00ean r\u1ea5t ngon.\u00a0X\u00fac x\u00edch C.P\u00a0l\u00e0 th\u01b0\u01a1ng hi\u1ec7u x\u00fac x\u00edch l\u1edbn t\u1ea1i Vi\u1ec7t Nam \u0111\u01b0\u1ee3c nhi\u1ec1u ng\u01b0\u1eddi tin d\u00f9ng<\/p>\n<p><strong>H\u01b0\u1edbng d\u1eabn s\u1eed d\u1ee5ng:<\/strong><\/p>\n<ul>\n<li>\u0102n li\u1ec1n ho\u1eb7c \u0103n k\u00e8m m\u00ec, b\u00e1nh m\u00ec, pizza,&#8230;<\/li>\n<\/ul>\n<p><strong>B\u1ea3o qu\u1ea3n:<\/strong><\/p>\n<ul>\n<li>N\u01a1i kh\u00f4 r\u00e1o tho\u00e1ng m\u00e1t, tr\u00e1nh \u00e1nh n\u1eafng tr\u1ef1c ti\u1ebfp.<\/li>\n<li>D\u00f9ng ngay sau khi m\u1edf bao b\u00ec<\/li>\n<\/ul>\n<p><strong>H\u1ea1n s\u1eed d\u1ee5ng: <\/strong>4 th\u00e1ng k\u1ec3 t\u1eeb ng\u00e0y s\u1ea3n xu\u1ea5t<\/p>","protected":false},"excerpt":{"rendered":"<ul>\n<li>Th\u01b0\u01a1ng hi\u1ec7u: CP Vi\u1ec7t Nam<\/li>\n<li>Xu\u1ea5t x\u1ee9 th\u01b0\u01a1ng hi\u1ec7u: Vi\u1ec7t Nam<\/li>\n<li>Quy c\u00e1ch \u0111\u00f3ng g\u00f3i: G\u00f3i 200g (5 c\u00e2y x 40g)<\/li>\n<li>L\u01b0u \u00fd: Bao b\u00ec s\u1ea3n ph\u1ea9m c\u00f3 th\u1ec3 thay \u0111\u1ed5i theo t\u1eebng \u0111\u1ee3t nh\u1eadp h\u00e0ng<\/li>\n<\/ul>","protected":false},"featured_media":20681,"comment_status":"open","ping_status":"closed","template":"","meta":[],"product_brand":[],"product_cat":[478,31],"product_tag":[880,881],"class_list":{"0":"post-17064","1":"product","2":"type-product","3":"status-publish","4":"has-post-thumbnail","6":"product_cat-thuc-pham-khac","7":"product_cat-hang-moi-ve","8":"product_tag-xuc-xich","9":"product_tag-xuc-xich-cp","10":"pa_thuong-hieu-cp","12":"first","13":"instock","14":"sale","15":"shipping-taxable","16":"purchasable","17":"product-type-simple"},"yoast_head":"<!-- This site is optimized with the Yoast SEO plugin v24.4 - https:\/\/yoast.com\/wordpress\/plugins\/seo\/ -->\n<title>X\u00fac x\u00edch heo ti\u1ec7t tr\u00f9ng C.P g\u00f3i 200g (5 c\u00e2y x 40g) - TOLIO<\/title>\n<meta name=\"description\" content=\"Th\u01b0\u01a1ng hi\u1ec7u: CP Vi\u1ec7t Nam  Xu\u1ea5t x\u1ee9 th\u01b0\u01a1ng hi\u1ec7u: Vi\u1ec7t Nam  Quy c\u00e1ch \u0111\u00f3ng g\u00f3i: G\u00f3i 200g (5 c\u00e2y x 40g)  L\u01b0u \u00fd: Bao b\u00ec s\u1ea3n ph\u1ea9m c\u00f3 th\u1ec3 thay \u0111\u1ed5i theo t\u1eebng \u0111\u1ee3t nh\u1eadp h\u00e0ng\" \/>\n<meta name=\"robots\" content=\"index, follow, max-snippet:-1, max-image-preview:large, max-video-preview:-1\" \/>\n<link rel=\"canonical\" href=\"https:\/\/dev.tolio.co.nz\/en\/product\/chinese-pork-sausage-order-200g-5-spicy-x-40g\/\" \/>\n<meta property=\"og:locale\" content=\"en_US\" \/>\n<meta property=\"og:type\" content=\"article\" \/>\n<meta property=\"og:title\" content=\"X\u00fac x\u00edch heo ti\u1ec7t tr\u00f9ng C.P g\u00f3i 200g (5 c\u00e2y x 40g) - TOLIO\" \/>\n<meta property=\"og:description\" content=\"Th\u01b0\u01a1ng hi\u1ec7u: CP Vi\u1ec7t Nam  Xu\u1ea5t x\u1ee9 th\u01b0\u01a1ng hi\u1ec7u: Vi\u1ec7t Nam  Quy c\u00e1ch \u0111\u00f3ng g\u00f3i: G\u00f3i 200g (5 c\u00e2y x 40g)  L\u01b0u \u00fd: Bao b\u00ec s\u1ea3n ph\u1ea9m c\u00f3 th\u1ec3 thay \u0111\u1ed5i theo t\u1eebng \u0111\u1ee3t nh\u1eadp h\u00e0ng\" \/>\n<meta property=\"og:url\" content=\"https:\/\/dev.tolio.co.nz\/en\/product\/chinese-pork-sausage-order-200g-5-spicy-x-40g\/\" \/>\n<meta property=\"og:site_name\" content=\"TOLIO\" \/>\n<meta property=\"article:modified_time\" content=\"2025-09-11T03:59:43+00:00\" \/>\n<meta property=\"og:image\" content=\"https:\/\/dev.tolio.co.nz\/wp-content\/uploads\/2024\/06\/211.png\" \/>\n\t<meta property=\"og:image:width\" content=\"1000\" \/>\n\t<meta property=\"og:image:height\" content=\"907\" \/>\n\t<meta property=\"og:image:type\" content=\"image\/png\" \/>\n<meta name=\"twitter:card\" content=\"summary_large_image\" \/>\n<meta name=\"twitter:label1\" content=\"Est. reading time\" \/>\n\t<meta name=\"twitter:data1\" content=\"1 minute\" \/>\n<script type=\"application\/ld+json\" class=\"yoast-schema-graph\">{\"@context\":\"https:\/\/schema.org\",\"@graph\":[{\"@type\":\"WebPage\",\"@id\":\"https:\/\/dev.tolio.co.nz\/san-pham\/xuc-xich-heo-tiet-trung-c-p-goi-200g-5-cay-x-40g\/\",\"url\":\"https:\/\/dev.tolio.co.nz\/san-pham\/xuc-xich-heo-tiet-trung-c-p-goi-200g-5-cay-x-40g\/\",\"name\":\"X\u00fac x\u00edch heo ti\u1ec7t tr\u00f9ng C.P g\u00f3i 200g (5 c\u00e2y x 40g) - TOLIO\",\"isPartOf\":{\"@id\":\"https:\/\/dev.tolio.co.nz\/#website\"},\"primaryImageOfPage\":{\"@id\":\"https:\/\/dev.tolio.co.nz\/san-pham\/xuc-xich-heo-tiet-trung-c-p-goi-200g-5-cay-x-40g\/#primaryimage\"},\"image\":{\"@id\":\"https:\/\/dev.tolio.co.nz\/san-pham\/xuc-xich-heo-tiet-trung-c-p-goi-200g-5-cay-x-40g\/#primaryimage\"},\"thumbnailUrl\":\"https:\/\/dev.tolio.co.nz\/wp-content\/uploads\/2024\/06\/211.png\",\"datePublished\":\"2024-06-12T04:33:26+00:00\",\"dateModified\":\"2025-09-11T03:59:43+00:00\",\"description\":\"Th\u01b0\u01a1ng hi\u1ec7u: CP Vi\u1ec7t Nam Xu\u1ea5t x\u1ee9 th\u01b0\u01a1ng hi\u1ec7u: Vi\u1ec7t Nam Quy c\u00e1ch \u0111\u00f3ng g\u00f3i: G\u00f3i 200g (5 c\u00e2y x 40g) L\u01b0u \u00fd: Bao b\u00ec s\u1ea3n ph\u1ea9m c\u00f3 th\u1ec3 thay \u0111\u1ed5i theo t\u1eebng \u0111\u1ee3t nh\u1eadp h\u00e0ng\",\"breadcrumb\":{\"@id\":\"https:\/\/dev.tolio.co.nz\/san-pham\/xuc-xich-heo-tiet-trung-c-p-goi-200g-5-cay-x-40g\/#breadcrumb\"},\"inLanguage\":\"en-US\",\"potentialAction\":[{\"@type\":\"ReadAction\",\"target\":[\"https:\/\/dev.tolio.co.nz\/san-pham\/xuc-xich-heo-tiet-trung-c-p-goi-200g-5-cay-x-40g\/\"]}]},{\"@type\":\"ImageObject\",\"inLanguage\":\"en-US\",\"@id\":\"https:\/\/dev.tolio.co.nz\/san-pham\/xuc-xich-heo-tiet-trung-c-p-goi-200g-5-cay-x-40g\/#primaryimage\",\"url\":\"https:\/\/dev.tolio.co.nz\/wp-content\/uploads\/2024\/06\/211.png\",\"contentUrl\":\"https:\/\/dev.tolio.co.nz\/wp-content\/uploads\/2024\/06\/211.png\",\"width\":1000,\"height\":907},{\"@type\":\"BreadcrumbList\",\"@id\":\"https:\/\/dev.tolio.co.nz\/san-pham\/xuc-xich-heo-tiet-trung-c-p-goi-200g-5-cay-x-40g\/#breadcrumb\",\"itemListElement\":[{\"@type\":\"ListItem\",\"position\":1,\"name\":\"Home\",\"item\":\"https:\/\/dev.tolio.co.nz\/\"},{\"@type\":\"ListItem\",\"position\":2,\"name\":\"C\u1eeda h\u00e0ng\",\"item\":\"https:\/\/dev.tolio.co.nz\/cua-hang\/\"},{\"@type\":\"ListItem\",\"position\":3,\"name\":\"X\u00fac x\u00edch heo ti\u1ec7t tr\u00f9ng C.P g\u00f3i 200g (5 c\u00e2y x 40g)\"}]},{\"@type\":\"WebSite\",\"@id\":\"https:\/\/dev.tolio.co.nz\/#website\",\"url\":\"https:\/\/dev.tolio.co.nz\/\",\"name\":\"TOLIO\",\"description\":\"Vietnamese Grocery Online\",\"potentialAction\":[{\"@type\":\"SearchAction\",\"target\":{\"@type\":\"EntryPoint\",\"urlTemplate\":\"https:\/\/dev.tolio.co.nz\/?s={search_term_string}\"},\"query-input\":{\"@type\":\"PropertyValueSpecification\",\"valueRequired\":true,\"valueName\":\"search_term_string\"}}],\"inLanguage\":\"en-US\"}]}<\/script>\n<!-- \/ Yoast SEO plugin. -->","yoast_head_json":{"title":"X\u00fac x\u00edch heo ti\u1ec7t tr\u00f9ng C.P g\u00f3i 200g (5 c\u00e2y x 40g) - TOLIO","description":"Th\u01b0\u01a1ng hi\u1ec7u: CP Vi\u1ec7t Nam  Xu\u1ea5t x\u1ee9 th\u01b0\u01a1ng hi\u1ec7u: Vi\u1ec7t Nam  Quy c\u00e1ch \u0111\u00f3ng g\u00f3i: G\u00f3i 200g (5 c\u00e2y x 40g)  L\u01b0u \u00fd: Bao b\u00ec s\u1ea3n ph\u1ea9m c\u00f3 th\u1ec3 thay \u0111\u1ed5i theo t\u1eebng \u0111\u1ee3t nh\u1eadp h\u00e0ng","robots":{"index":"index","follow":"follow","max-snippet":"max-snippet:-1","max-image-preview":"max-image-preview:large","max-video-preview":"max-video-preview:-1"},"canonical":"https:\/\/dev.tolio.co.nz\/en\/product\/chinese-pork-sausage-order-200g-5-spicy-x-40g\/","og_locale":"en_US","og_type":"article","og_title":"X\u00fac x\u00edch heo ti\u1ec7t tr\u00f9ng C.P g\u00f3i 200g (5 c\u00e2y x 40g) - TOLIO","og_description":"Th\u01b0\u01a1ng hi\u1ec7u: CP Vi\u1ec7t Nam  Xu\u1ea5t x\u1ee9 th\u01b0\u01a1ng hi\u1ec7u: Vi\u1ec7t Nam  Quy c\u00e1ch \u0111\u00f3ng g\u00f3i: G\u00f3i 200g (5 c\u00e2y x 40g)  L\u01b0u \u00fd: Bao b\u00ec s\u1ea3n ph\u1ea9m c\u00f3 th\u1ec3 thay \u0111\u1ed5i theo t\u1eebng \u0111\u1ee3t nh\u1eadp h\u00e0ng","og_url":"https:\/\/dev.tolio.co.nz\/en\/product\/chinese-pork-sausage-order-200g-5-spicy-x-40g\/","og_site_name":"TOLIO","article_modified_time":"2025-09-11T03:59:43+00:00","og_image":[{"width":1000,"height":907,"url":"https:\/\/dev.tolio.co.nz\/wp-content\/uploads\/2024\/06\/211.png","type":"image\/png"}],"twitter_card":"summary_large_image","twitter_misc":{"Est. reading time":"1 minute"},"schema":{"@context":"https:\/\/schema.org","@graph":[{"@type":"WebPage","@id":"https:\/\/dev.tolio.co.nz\/san-pham\/xuc-xich-heo-tiet-trung-c-p-goi-200g-5-cay-x-40g\/","url":"https:\/\/dev.tolio.co.nz\/san-pham\/xuc-xich-heo-tiet-trung-c-p-goi-200g-5-cay-x-40g\/","name":"X\u00fac x\u00edch heo ti\u1ec7t tr\u00f9ng C.P g\u00f3i 200g (5 c\u00e2y x 40g) - TOLIO","isPartOf":{"@id":"https:\/\/dev.tolio.co.nz\/#website"},"primaryImageOfPage":{"@id":"https:\/\/dev.tolio.co.nz\/san-pham\/xuc-xich-heo-tiet-trung-c-p-goi-200g-5-cay-x-40g\/#primaryimage"},"image":{"@id":"https:\/\/dev.tolio.co.nz\/san-pham\/xuc-xich-heo-tiet-trung-c-p-goi-200g-5-cay-x-40g\/#primaryimage"},"thumbnailUrl":"https:\/\/dev.tolio.co.nz\/wp-content\/uploads\/2024\/06\/211.png","datePublished":"2024-06-12T04:33:26+00:00","dateModified":"2025-09-11T03:59:43+00:00","description":"Th\u01b0\u01a1ng hi\u1ec7u: CP Vi\u1ec7t Nam Xu\u1ea5t x\u1ee9 th\u01b0\u01a1ng hi\u1ec7u: Vi\u1ec7t Nam Quy c\u00e1ch \u0111\u00f3ng g\u00f3i: G\u00f3i 200g (5 c\u00e2y x 40g) L\u01b0u \u00fd: Bao b\u00ec s\u1ea3n ph\u1ea9m c\u00f3 th\u1ec3 thay \u0111\u1ed5i theo t\u1eebng \u0111\u1ee3t nh\u1eadp h\u00e0ng","breadcrumb":{"@id":"https:\/\/dev.tolio.co.nz\/san-pham\/xuc-xich-heo-tiet-trung-c-p-goi-200g-5-cay-x-40g\/#breadcrumb"},"inLanguage":"en-US","potentialAction":[{"@type":"ReadAction","target":["https:\/\/dev.tolio.co.nz\/san-pham\/xuc-xich-heo-tiet-trung-c-p-goi-200g-5-cay-x-40g\/"]}]},{"@type":"ImageObject","inLanguage":"en-US","@id":"https:\/\/dev.tolio.co.nz\/san-pham\/xuc-xich-heo-tiet-trung-c-p-goi-200g-5-cay-x-40g\/#primaryimage","url":"https:\/\/dev.tolio.co.nz\/wp-content\/uploads\/2024\/06\/211.png","contentUrl":"https:\/\/dev.tolio.co.nz\/wp-content\/uploads\/2024\/06\/211.png","width":1000,"height":907},{"@type":"BreadcrumbList","@id":"https:\/\/dev.tolio.co.nz\/san-pham\/xuc-xich-heo-tiet-trung-c-p-goi-200g-5-cay-x-40g\/#breadcrumb","itemListElement":[{"@type":"ListItem","position":1,"name":"Home","item":"https:\/\/dev.tolio.co.nz\/"},{"@type":"ListItem","position":2,"name":"C\u1eeda h\u00e0ng","item":"https:\/\/dev.tolio.co.nz\/cua-hang\/"},{"@type":"ListItem","position":3,"name":"X\u00fac x\u00edch heo ti\u1ec7t tr\u00f9ng C.P g\u00f3i 200g (5 c\u00e2y x 40g)"}]},{"@type":"WebSite","@id":"https:\/\/dev.tolio.co.nz\/#website","url":"https:\/\/dev.tolio.co.nz\/","name":"TOLIO","description":"Vietnamese Grocery Online","potentialAction":[{"@type":"SearchAction","target":{"@type":"EntryPoint","urlTemplate":"https:\/\/dev.tolio.co.nz\/?s={search_term_string}"},"query-input":{"@type":"PropertyValueSpecification","valueRequired":true,"valueName":"search_term_string"}}],"inLanguage":"en-US"}]}},"_links":{"self":[{"href":"https:\/\/dev.tolio.co.nz\/en\/wp-json\/wp\/v2\/product\/17064","targetHints":{"allow":["GET"]}}],"collection":[{"href":"https:\/\/dev.tolio.co.nz\/en\/wp-json\/wp\/v2\/product"}],"about":[{"href":"https:\/\/dev.tolio.co.nz\/en\/wp-json\/wp\/v2\/types\/product"}],"replies":[{"embeddable":true,"href":"https:\/\/dev.tolio.co.nz\/en\/wp-json\/wp\/v2\/comments?post=17064"}],"wp:featuredmedia":[{"embeddable":true,"href":"https:\/\/dev.tolio.co.nz\/en\/wp-json\/wp\/v2\/media\/20681"}],"wp:attachment":[{"href":"https:\/\/dev.tolio.co.nz\/en\/wp-json\/wp\/v2\/media?parent=17064"}],"wp:term":[{"taxonomy":"product_brand","embeddable":true,"href":"https:\/\/dev.tolio.co.nz\/en\/wp-json\/wp\/v2\/product_brand?post=17064"},{"taxonomy":"product_cat","embeddable":true,"href":"https:\/\/dev.tolio.co.nz\/en\/wp-json\/wp\/v2\/product_cat?post=17064"},{"taxonomy":"product_tag","embeddable":true,"href":"https:\/\/dev.tolio.co.nz\/en\/wp-json\/wp\/v2\/product_tag?post=17064"}],"curies":[{"name":"wp","href":"https:\/\/api.w.org\/{rel}","templated":true}]}}