{"id":17077,"date":"2024-06-12T17:16:38","date_gmt":"2024-06-12T04:31:38","guid":{"rendered":"https:\/\/tolio.co.nz\/?post_type=product&#038;p=17077"},"modified":"2025-09-11T16:00:58","modified_gmt":"2025-09-11T04:00:58","slug":"bun-gao-lut-do-hoang-minh-goi-250g","status":"publish","type":"product","link":"https:\/\/dev.tolio.co.nz\/en\/product\/bun-gao-lut-ordered-by-hoang-minh-250g\/","title":{"rendered":"B\u00fan g\u1ea1o l\u1ee9t \u0111\u1ecf Ho\u00e0ng Minh g\u00f3i 250g"},"content":{"rendered":"<p><span style=\"font-size: 12pt\"><strong>B\u00fan g\u1ea1o l\u1ee9t \u0111\u1ecf Ho\u00e0ng Minh\u00a0g\u00f3i 250g<\/strong> \u0111\u01b0\u1ee3c l\u00e0m t\u1eeb g\u1ea1o l\u1ee9t \u0111\u1ecf, c\u00f3 m\u00e0u \u0111\u1ecf n\u00e2u r\u1ea5t h\u1ea5p d\u1eabn khi ch\u1ebf bi\u1ebfn v\u00e0 b\u00e0y tr\u00ed m\u00f3n \u0103n.<\/span><\/p>\n<p><span style=\"font-size: 12pt\">C\u00f4ng d\u1ee5ng t\u1eeb g\u1ea1o l\u1ee9t: \u0111\u01b0\u1ee3c bi\u1ebft \u0111\u1ebfn l\u00e0 lo\u1ea1i g\u1ea1o c\u00f3 nhi\u1ec1u c\u00f4ng d\u1ee5ng nh\u01b0 thanh l\u1ecdc gan, t\u1ed1t cho ng\u01b0\u1eddi b\u1ec7nh gout, ti\u1ec3u \u0111\u01b0\u1eddng, th\u1ea5p kh\u1edbp, gi\u1ea3m b\u00e9o, \u0111\u1eb9p da, t\u1ed1t cho ng\u01b0\u1eddi \u0103n ki\u00eang, t\u1ed1t cho ti\u00eau h\u00f3a, ng\u0103n ng\u1eeba ung th\u01b0 v\u00e0 hen xuy\u1ec5n<\/span><\/p>\n<p><span style=\"font-size: 12pt\"><strong><b>H\u01b0\u1edbng d\u1eabn s\u1eed d\u1ee5ng:<\/b><\/strong><\/span><\/p>\n<ul>\n<li><span style=\"font-size: 12pt\">B\u00fan g\u1ea1o l\u1ee9t d\u00f9ng ch\u1ebf bi\u1ebfn c\u00e1c m\u00f3n b\u00fan x\u00e0o hay h\u1ee7 ti\u1ebfu (n\u01b0\u1edbc,kh\u00f4).<\/span><\/li>\n<\/ul>\n<p><span style=\"font-size: 12pt\"><strong><b>B\u1ea3o qu\u1ea3n:<\/b><\/strong><\/span><\/p>\n<ul>\n<li><span style=\"font-size: 12pt\">\u0110\u1ec3 n\u01a1i kh\u00f4 r\u00e1o, tho\u00e1ng m\u00e1t, tr\u00e1nh \u00e1nh n\u1eafng tr\u1ef1c ti\u1ebfp<\/span><\/li>\n<\/ul>\n<p><strong>H\u1ea1n s\u1eed d\u1ee5ng: <\/strong>12 th\u00e1ng k\u1ec3 t\u1eeb ng\u00e0y s\u1ea3n xu\u1ea5t<\/p>","protected":false},"excerpt":{"rendered":"<ul>\n<li>Th\u01b0\u01a1ng hi\u1ec7u: Ho\u00e0ng Minh<\/li>\n<li>Xu\u1ea5t x\u1ee9 th\u01b0\u01a1ng hi\u1ec7u: Vi\u1ec7t Nam<\/li>\n<li>Quy c\u00e1ch \u0111\u00f3ng g\u00f3i: g\u00f3i 250g<\/li>\n<li>L\u01b0u \u00fd: Bao b\u00ec s\u1ea3n ph\u1ea9m c\u00f3 th\u1ec3 thay \u0111\u1ed5i theo t\u1eebng \u0111\u1ee3t nh\u1eadp h\u00e0ng<\/li>\n<\/ul>","protected":false},"featured_media":20304,"comment_status":"open","ping_status":"closed","template":"","meta":[],"product_brand":[],"product_cat":[32,31],"product_tag":[156,883,884],"class_list":{"0":"post-17077","1":"product","2":"type-product","3":"status-publish","4":"has-post-thumbnail","6":"product_cat-bun-pho-banh-trang","7":"product_cat-hang-moi-ve","8":"product_tag-bun","9":"product_tag-bun-gao-lut","10":"product_tag-hoang-minh","11":"pa_thuong-hieu-hoang-minh","13":"first","14":"instock","15":"shipping-taxable","16":"purchasable","17":"product-type-simple"},"yoast_head":"<!-- This site is optimized with the Yoast SEO plugin v24.4 - https:\/\/yoast.com\/wordpress\/plugins\/seo\/ -->\n<title>B\u00fan g\u1ea1o l\u1ee9t \u0111\u1ecf Ho\u00e0ng Minh g\u00f3i 250g - TOLIO<\/title>\n<meta name=\"description\" content=\"Th\u01b0\u01a1ng hi\u1ec7u: Ho\u00e0ng Minh  Xu\u1ea5t x\u1ee9 th\u01b0\u01a1ng hi\u1ec7u: Vi\u1ec7t Nam  Quy c\u00e1ch \u0111\u00f3ng g\u00f3i: g\u00f3i 250g  L\u01b0u \u00fd: Bao b\u00ec s\u1ea3n ph\u1ea9m c\u00f3 th\u1ec3 thay \u0111\u1ed5i theo t\u1eebng \u0111\u1ee3t nh\u1eadp h\u00e0ng\" \/>\n<meta name=\"robots\" content=\"index, follow, max-snippet:-1, max-image-preview:large, max-video-preview:-1\" \/>\n<link rel=\"canonical\" href=\"https:\/\/dev.tolio.co.nz\/en\/product\/bun-gao-lut-ordered-by-hoang-minh-250g\/\" \/>\n<meta property=\"og:locale\" content=\"en_US\" \/>\n<meta property=\"og:type\" content=\"article\" \/>\n<meta property=\"og:title\" content=\"B\u00fan g\u1ea1o l\u1ee9t \u0111\u1ecf Ho\u00e0ng Minh g\u00f3i 250g - TOLIO\" \/>\n<meta property=\"og:description\" content=\"Th\u01b0\u01a1ng hi\u1ec7u: Ho\u00e0ng Minh  Xu\u1ea5t x\u1ee9 th\u01b0\u01a1ng hi\u1ec7u: Vi\u1ec7t Nam  Quy c\u00e1ch \u0111\u00f3ng g\u00f3i: g\u00f3i 250g  L\u01b0u \u00fd: Bao b\u00ec s\u1ea3n ph\u1ea9m c\u00f3 th\u1ec3 thay \u0111\u1ed5i theo t\u1eebng \u0111\u1ee3t nh\u1eadp h\u00e0ng\" \/>\n<meta property=\"og:url\" content=\"https:\/\/dev.tolio.co.nz\/en\/product\/bun-gao-lut-ordered-by-hoang-minh-250g\/\" \/>\n<meta property=\"og:site_name\" content=\"TOLIO\" \/>\n<meta property=\"article:modified_time\" content=\"2025-09-11T04:00:58+00:00\" \/>\n<meta property=\"og:image\" content=\"https:\/\/dev.tolio.co.nz\/wp-content\/uploads\/2024\/06\/99.png\" \/>\n\t<meta property=\"og:image:width\" content=\"1000\" \/>\n\t<meta property=\"og:image:height\" content=\"907\" \/>\n\t<meta property=\"og:image:type\" content=\"image\/png\" \/>\n<meta name=\"twitter:card\" content=\"summary_large_image\" \/>\n<meta name=\"twitter:label1\" content=\"Est. reading time\" \/>\n\t<meta name=\"twitter:data1\" content=\"1 minute\" \/>\n<script type=\"application\/ld+json\" class=\"yoast-schema-graph\">{\"@context\":\"https:\/\/schema.org\",\"@graph\":[{\"@type\":\"WebPage\",\"@id\":\"https:\/\/dev.tolio.co.nz\/san-pham\/bun-gao-lut-do-hoang-minh-goi-250g\/\",\"url\":\"https:\/\/dev.tolio.co.nz\/san-pham\/bun-gao-lut-do-hoang-minh-goi-250g\/\",\"name\":\"B\u00fan g\u1ea1o l\u1ee9t \u0111\u1ecf Ho\u00e0ng Minh g\u00f3i 250g - TOLIO\",\"isPartOf\":{\"@id\":\"https:\/\/dev.tolio.co.nz\/#website\"},\"primaryImageOfPage\":{\"@id\":\"https:\/\/dev.tolio.co.nz\/san-pham\/bun-gao-lut-do-hoang-minh-goi-250g\/#primaryimage\"},\"image\":{\"@id\":\"https:\/\/dev.tolio.co.nz\/san-pham\/bun-gao-lut-do-hoang-minh-goi-250g\/#primaryimage\"},\"thumbnailUrl\":\"https:\/\/dev.tolio.co.nz\/wp-content\/uploads\/2024\/06\/99.png\",\"datePublished\":\"2024-06-12T04:31:38+00:00\",\"dateModified\":\"2025-09-11T04:00:58+00:00\",\"description\":\"Th\u01b0\u01a1ng hi\u1ec7u: Ho\u00e0ng Minh Xu\u1ea5t x\u1ee9 th\u01b0\u01a1ng hi\u1ec7u: Vi\u1ec7t Nam Quy c\u00e1ch \u0111\u00f3ng g\u00f3i: g\u00f3i 250g L\u01b0u \u00fd: Bao b\u00ec s\u1ea3n ph\u1ea9m c\u00f3 th\u1ec3 thay \u0111\u1ed5i theo t\u1eebng \u0111\u1ee3t nh\u1eadp h\u00e0ng\",\"breadcrumb\":{\"@id\":\"https:\/\/dev.tolio.co.nz\/san-pham\/bun-gao-lut-do-hoang-minh-goi-250g\/#breadcrumb\"},\"inLanguage\":\"en-US\",\"potentialAction\":[{\"@type\":\"ReadAction\",\"target\":[\"https:\/\/dev.tolio.co.nz\/san-pham\/bun-gao-lut-do-hoang-minh-goi-250g\/\"]}]},{\"@type\":\"ImageObject\",\"inLanguage\":\"en-US\",\"@id\":\"https:\/\/dev.tolio.co.nz\/san-pham\/bun-gao-lut-do-hoang-minh-goi-250g\/#primaryimage\",\"url\":\"https:\/\/dev.tolio.co.nz\/wp-content\/uploads\/2024\/06\/99.png\",\"contentUrl\":\"https:\/\/dev.tolio.co.nz\/wp-content\/uploads\/2024\/06\/99.png\",\"width\":1000,\"height\":907},{\"@type\":\"BreadcrumbList\",\"@id\":\"https:\/\/dev.tolio.co.nz\/san-pham\/bun-gao-lut-do-hoang-minh-goi-250g\/#breadcrumb\",\"itemListElement\":[{\"@type\":\"ListItem\",\"position\":1,\"name\":\"Home\",\"item\":\"https:\/\/dev.tolio.co.nz\/\"},{\"@type\":\"ListItem\",\"position\":2,\"name\":\"C\u1eeda h\u00e0ng\",\"item\":\"https:\/\/dev.tolio.co.nz\/cua-hang\/\"},{\"@type\":\"ListItem\",\"position\":3,\"name\":\"B\u00fan g\u1ea1o l\u1ee9t \u0111\u1ecf Ho\u00e0ng Minh g\u00f3i 250g\"}]},{\"@type\":\"WebSite\",\"@id\":\"https:\/\/dev.tolio.co.nz\/#website\",\"url\":\"https:\/\/dev.tolio.co.nz\/\",\"name\":\"TOLIO\",\"description\":\"Vietnamese Grocery Online\",\"potentialAction\":[{\"@type\":\"SearchAction\",\"target\":{\"@type\":\"EntryPoint\",\"urlTemplate\":\"https:\/\/dev.tolio.co.nz\/?s={search_term_string}\"},\"query-input\":{\"@type\":\"PropertyValueSpecification\",\"valueRequired\":true,\"valueName\":\"search_term_string\"}}],\"inLanguage\":\"en-US\"}]}<\/script>\n<!-- \/ Yoast SEO plugin. -->","yoast_head_json":{"title":"B\u00fan g\u1ea1o l\u1ee9t \u0111\u1ecf Ho\u00e0ng Minh g\u00f3i 250g - TOLIO","description":"Th\u01b0\u01a1ng hi\u1ec7u: Ho\u00e0ng Minh  Xu\u1ea5t x\u1ee9 th\u01b0\u01a1ng hi\u1ec7u: Vi\u1ec7t Nam  Quy c\u00e1ch \u0111\u00f3ng g\u00f3i: g\u00f3i 250g  L\u01b0u \u00fd: Bao b\u00ec s\u1ea3n ph\u1ea9m c\u00f3 th\u1ec3 thay \u0111\u1ed5i theo t\u1eebng \u0111\u1ee3t nh\u1eadp h\u00e0ng","robots":{"index":"index","follow":"follow","max-snippet":"max-snippet:-1","max-image-preview":"max-image-preview:large","max-video-preview":"max-video-preview:-1"},"canonical":"https:\/\/dev.tolio.co.nz\/en\/product\/bun-gao-lut-ordered-by-hoang-minh-250g\/","og_locale":"en_US","og_type":"article","og_title":"B\u00fan g\u1ea1o l\u1ee9t \u0111\u1ecf Ho\u00e0ng Minh g\u00f3i 250g - TOLIO","og_description":"Th\u01b0\u01a1ng hi\u1ec7u: Ho\u00e0ng Minh  Xu\u1ea5t x\u1ee9 th\u01b0\u01a1ng hi\u1ec7u: Vi\u1ec7t Nam  Quy c\u00e1ch \u0111\u00f3ng g\u00f3i: g\u00f3i 250g  L\u01b0u \u00fd: Bao b\u00ec s\u1ea3n ph\u1ea9m c\u00f3 th\u1ec3 thay \u0111\u1ed5i theo t\u1eebng \u0111\u1ee3t nh\u1eadp h\u00e0ng","og_url":"https:\/\/dev.tolio.co.nz\/en\/product\/bun-gao-lut-ordered-by-hoang-minh-250g\/","og_site_name":"TOLIO","article_modified_time":"2025-09-11T04:00:58+00:00","og_image":[{"width":1000,"height":907,"url":"https:\/\/dev.tolio.co.nz\/wp-content\/uploads\/2024\/06\/99.png","type":"image\/png"}],"twitter_card":"summary_large_image","twitter_misc":{"Est. reading time":"1 minute"},"schema":{"@context":"https:\/\/schema.org","@graph":[{"@type":"WebPage","@id":"https:\/\/dev.tolio.co.nz\/san-pham\/bun-gao-lut-do-hoang-minh-goi-250g\/","url":"https:\/\/dev.tolio.co.nz\/san-pham\/bun-gao-lut-do-hoang-minh-goi-250g\/","name":"B\u00fan g\u1ea1o l\u1ee9t \u0111\u1ecf Ho\u00e0ng Minh g\u00f3i 250g - TOLIO","isPartOf":{"@id":"https:\/\/dev.tolio.co.nz\/#website"},"primaryImageOfPage":{"@id":"https:\/\/dev.tolio.co.nz\/san-pham\/bun-gao-lut-do-hoang-minh-goi-250g\/#primaryimage"},"image":{"@id":"https:\/\/dev.tolio.co.nz\/san-pham\/bun-gao-lut-do-hoang-minh-goi-250g\/#primaryimage"},"thumbnailUrl":"https:\/\/dev.tolio.co.nz\/wp-content\/uploads\/2024\/06\/99.png","datePublished":"2024-06-12T04:31:38+00:00","dateModified":"2025-09-11T04:00:58+00:00","description":"Th\u01b0\u01a1ng hi\u1ec7u: Ho\u00e0ng Minh Xu\u1ea5t x\u1ee9 th\u01b0\u01a1ng hi\u1ec7u: Vi\u1ec7t Nam Quy c\u00e1ch \u0111\u00f3ng g\u00f3i: g\u00f3i 250g L\u01b0u \u00fd: Bao b\u00ec s\u1ea3n ph\u1ea9m c\u00f3 th\u1ec3 thay \u0111\u1ed5i theo t\u1eebng \u0111\u1ee3t nh\u1eadp h\u00e0ng","breadcrumb":{"@id":"https:\/\/dev.tolio.co.nz\/san-pham\/bun-gao-lut-do-hoang-minh-goi-250g\/#breadcrumb"},"inLanguage":"en-US","potentialAction":[{"@type":"ReadAction","target":["https:\/\/dev.tolio.co.nz\/san-pham\/bun-gao-lut-do-hoang-minh-goi-250g\/"]}]},{"@type":"ImageObject","inLanguage":"en-US","@id":"https:\/\/dev.tolio.co.nz\/san-pham\/bun-gao-lut-do-hoang-minh-goi-250g\/#primaryimage","url":"https:\/\/dev.tolio.co.nz\/wp-content\/uploads\/2024\/06\/99.png","contentUrl":"https:\/\/dev.tolio.co.nz\/wp-content\/uploads\/2024\/06\/99.png","width":1000,"height":907},{"@type":"BreadcrumbList","@id":"https:\/\/dev.tolio.co.nz\/san-pham\/bun-gao-lut-do-hoang-minh-goi-250g\/#breadcrumb","itemListElement":[{"@type":"ListItem","position":1,"name":"Home","item":"https:\/\/dev.tolio.co.nz\/"},{"@type":"ListItem","position":2,"name":"C\u1eeda h\u00e0ng","item":"https:\/\/dev.tolio.co.nz\/cua-hang\/"},{"@type":"ListItem","position":3,"name":"B\u00fan g\u1ea1o l\u1ee9t \u0111\u1ecf Ho\u00e0ng Minh g\u00f3i 250g"}]},{"@type":"WebSite","@id":"https:\/\/dev.tolio.co.nz\/#website","url":"https:\/\/dev.tolio.co.nz\/","name":"TOLIO","description":"Vietnamese Grocery Online","potentialAction":[{"@type":"SearchAction","target":{"@type":"EntryPoint","urlTemplate":"https:\/\/dev.tolio.co.nz\/?s={search_term_string}"},"query-input":{"@type":"PropertyValueSpecification","valueRequired":true,"valueName":"search_term_string"}}],"inLanguage":"en-US"}]}},"_links":{"self":[{"href":"https:\/\/dev.tolio.co.nz\/en\/wp-json\/wp\/v2\/product\/17077","targetHints":{"allow":["GET"]}}],"collection":[{"href":"https:\/\/dev.tolio.co.nz\/en\/wp-json\/wp\/v2\/product"}],"about":[{"href":"https:\/\/dev.tolio.co.nz\/en\/wp-json\/wp\/v2\/types\/product"}],"replies":[{"embeddable":true,"href":"https:\/\/dev.tolio.co.nz\/en\/wp-json\/wp\/v2\/comments?post=17077"}],"wp:featuredmedia":[{"embeddable":true,"href":"https:\/\/dev.tolio.co.nz\/en\/wp-json\/wp\/v2\/media\/20304"}],"wp:attachment":[{"href":"https:\/\/dev.tolio.co.nz\/en\/wp-json\/wp\/v2\/media?parent=17077"}],"wp:term":[{"taxonomy":"product_brand","embeddable":true,"href":"https:\/\/dev.tolio.co.nz\/en\/wp-json\/wp\/v2\/product_brand?post=17077"},{"taxonomy":"product_cat","embeddable":true,"href":"https:\/\/dev.tolio.co.nz\/en\/wp-json\/wp\/v2\/product_cat?post=17077"},{"taxonomy":"product_tag","embeddable":true,"href":"https:\/\/dev.tolio.co.nz\/en\/wp-json\/wp\/v2\/product_tag?post=17077"}],"curies":[{"name":"wp","href":"https:\/\/api.w.org\/{rel}","templated":true}]}}