{"id":17087,"date":"2024-06-12T16:27:47","date_gmt":"2024-06-12T03:42:47","guid":{"rendered":"https:\/\/tolio.co.nz\/?post_type=product&#038;p=17087"},"modified":"2025-09-11T16:00:59","modified_gmt":"2025-09-11T04:00:59","slug":"banh-canh-bot-loc-rau-cu-ngu-sac-vidata-goi-350g","status":"publish","type":"product","link":"https:\/\/dev.tolio.co.nz\/en\/product\/banh-canh-bot-loc-vegetable-cu-ngu-sac-vidata-order-400g\/","title":{"rendered":"B\u00e1nh canh b\u1ed9t l\u1ecdc rau c\u1ee7 ng\u0169 s\u1eafc Vidata\u00a0g\u00f3i 350g"},"content":{"rendered":"<p><strong>B\u00e1nh canh b\u1ed9t l\u1ecdc rau c\u1ee7 ng\u0169 s\u1eafc Vidata g\u00f3i 350g<\/strong> \u0111\u01b0\u1ee3c l\u00e0m t\u1eeb c\u1ee7 khoai m\u00ec c\u00f3 ngu\u1ed3n g\u1ed1c xu\u1ea5t x\u1ee9 r\u00f5 r\u00e0ng\u00a0k\u1ebft h\u1ee3p v\u1edbi n\u01b0\u1edbc \u00e9p t\u1eeb c\u00e1c lo\u1ea1i rau c\u1ee7\u00a0mang gi\u00e1 tr\u1ecb dinh d\u01b0\u1ee1ng cao\u00a0nh\u01b0: Rau Ch\u00f9m Ng\u00e2y, M\u00e8 \u0110en, Hoa \u0110\u1eadu Bi\u1ebfc, C\u1ee7 D\u1ec1n, B\u00ed \u0110\u1ecf&#8230;.\u00a0cho ra \u0111\u1eddi s\u1ee3i b\u00e1nh\u00a0canh ngon\u00a0chu\u1ea9n v\u1ecb, th\u01a1m ngon kh\u00e1c bi\u1ec7t.<\/p>\n<p><strong>H\u01b0\u1edbng d\u1eabn s\u1eed d\u1ee5ng:\u00a0<\/strong><\/p>\n<ul>\n<li>B\u01b0\u1edbc 1: Ng\u00e2m s\u1ee3i b\u00e1nh canh trong n\u01b0\u1edbc s\u00f4i kho\u1ea3ng 30 ph\u00fat (\u0111\u1eady n\u1eafp \u0111\u1ec3 gi\u1eef nhi\u1ec7t) l\u00e0m m\u1ec1m s\u1ee3i b\u00e1nh canh.<\/li>\n<li>L\u01b0u \u00fd: B\u01b0\u1edbc ng\u00e2m s\u1ee3i b\u00e1nh canh n\u00e0y r\u1ea5t quan tr\u1ecdng, n\u1ebfu m\u1ecdi ng\u01b0\u1eddi b\u1ecf qua ho\u1eb7c ng\u00e2m kh\u00f4ng \u0111\u1ee7 nhi\u1ec7t \u0111\u1ed9 v\u00e0 th\u1eddi gian th\u00ec s\u1ee3i b\u00e1nh canh khi n\u1ea5u s\u1ebd \u0103n kh\u00f4ng \u0111\u01b0\u1ee3c.<\/li>\n<li>B\u01b0\u1edbc 2: V\u1edbt ra, x\u1ea3 l\u1ea1i v\u1edbi n\u01b0\u1edbc l\u1ea1nh<\/li>\n<li>B\u01b0\u1edbc 3: Cho v\u00e0o n\u1ed3i n\u01b0\u1edbc d\u00f9ng \u0111ang s\u00f4i, n\u1ea5u kho\u1ea3ng 30s-1 ph\u00fat s\u1ebd th\u1ea5y s\u1ee3i b\u00e1nh canh n\u1ed5i l\u00ean l\u00e0 \u0103n \u0111\u01b0\u1ee3c<\/li>\n<\/ul>\n<p><strong>B\u1ea3o qu\u1ea3n:\u00a0<\/strong><\/p>\n<ul>\n<li><span style=\"font-size: 12pt\">\u0110\u1ec3 n\u01a1i kh\u00f4 r\u00e1o, tho\u00e1ng m\u00e1t.<\/span><\/li>\n<li><span style=\"font-size: 12pt\">r\u00e1nh \u00e1nh n\u1eafng tr\u1ef1c ti\u1ebfp<\/span><\/li>\n<\/ul>\n<p><strong>H\u1ea1n s\u1eed d\u1ee5ng: <\/strong>12 th\u00e1ng k\u1ec3 t\u1eeb ng\u00e0y s\u1ea3n xu\u1ea5t<\/p>","protected":false},"excerpt":{"rendered":"<ul>\n<li>Th\u01b0\u01a1ng hi\u1ec7u: Vidata<\/li>\n<li>Xu\u1ea5t x\u1ee9 th\u01b0\u01a1ng hi\u1ec7u: Vi\u1ec7t Nam<\/li>\n<li>Quy c\u00e1ch \u0111\u00f3ng g\u00f3i: g\u00f3i 350g<\/li>\n<li>L\u01b0u \u00fd: Bao b\u00ec s\u1ea3n ph\u1ea9m c\u00f3 th\u1ec3 thay \u0111\u1ed5i theo t\u1eebng \u0111\u1ee3t nh\u1eadp h\u00e0ng<\/li>\n<\/ul>","protected":false},"featured_media":20310,"comment_status":"open","ping_status":"closed","template":"","meta":[],"product_brand":[],"product_cat":[32,31],"product_tag":[162,888,887],"class_list":{"0":"post-17087","1":"product","2":"type-product","3":"status-publish","4":"has-post-thumbnail","6":"product_cat-bun-pho-banh-trang","7":"product_cat-hang-moi-ve","8":"product_tag-banh-canh","9":"product_tag-banh-canh-rau-cu","10":"product_tag-vidata","11":"pa_thuong-hieu-vidata","13":"first","14":"instock","15":"sale","16":"shipping-taxable","17":"purchasable","18":"product-type-simple"},"yoast_head":"<!-- This site is optimized with the Yoast SEO plugin v24.4 - https:\/\/yoast.com\/wordpress\/plugins\/seo\/ -->\n<title>B\u00e1nh canh b\u1ed9t l\u1ecdc rau c\u1ee7 ng\u0169 s\u1eafc Vidata\u00a0g\u00f3i 350g - TOLIO<\/title>\n<meta name=\"description\" content=\"Th\u01b0\u01a1ng hi\u1ec7u: Vidata  Xu\u1ea5t x\u1ee9 th\u01b0\u01a1ng hi\u1ec7u: Vi\u1ec7t Nam  Quy c\u00e1ch \u0111\u00f3ng g\u00f3i: g\u00f3i 350g  L\u01b0u \u00fd: Bao b\u00ec s\u1ea3n ph\u1ea9m c\u00f3 th\u1ec3 thay \u0111\u1ed5i theo t\u1eebng \u0111\u1ee3t nh\u1eadp h\u00e0ng\" \/>\n<meta name=\"robots\" content=\"index, follow, max-snippet:-1, max-image-preview:large, max-video-preview:-1\" \/>\n<link rel=\"canonical\" href=\"https:\/\/dev.tolio.co.nz\/en\/products\/banh-canh-bot-loc-vegetable-cu-ngu-sac-vidata-order-400g\/\" \/>\n<meta property=\"og:locale\" content=\"en_US\" \/>\n<meta property=\"og:type\" content=\"article\" \/>\n<meta property=\"og:title\" content=\"B\u00e1nh canh b\u1ed9t l\u1ecdc rau c\u1ee7 ng\u0169 s\u1eafc Vidata\u00a0g\u00f3i 350g - TOLIO\" \/>\n<meta property=\"og:description\" content=\"Th\u01b0\u01a1ng hi\u1ec7u: Vidata  Xu\u1ea5t x\u1ee9 th\u01b0\u01a1ng hi\u1ec7u: Vi\u1ec7t Nam  Quy c\u00e1ch \u0111\u00f3ng g\u00f3i: g\u00f3i 350g  L\u01b0u \u00fd: Bao b\u00ec s\u1ea3n ph\u1ea9m c\u00f3 th\u1ec3 thay \u0111\u1ed5i theo t\u1eebng \u0111\u1ee3t nh\u1eadp h\u00e0ng\" \/>\n<meta property=\"og:url\" content=\"https:\/\/dev.tolio.co.nz\/en\/products\/banh-canh-bot-loc-vegetable-cu-ngu-sac-vidata-order-400g\/\" \/>\n<meta property=\"og:site_name\" content=\"TOLIO\" \/>\n<meta property=\"article:modified_time\" content=\"2025-09-11T04:00:59+00:00\" \/>\n<meta property=\"og:image\" content=\"https:\/\/dev.tolio.co.nz\/wp-content\/uploads\/2024\/06\/103-2.png\" \/>\n\t<meta property=\"og:image:width\" content=\"1000\" \/>\n\t<meta property=\"og:image:height\" content=\"907\" \/>\n\t<meta property=\"og:image:type\" content=\"image\/png\" \/>\n<meta name=\"twitter:card\" content=\"summary_large_image\" \/>\n<meta name=\"twitter:label1\" content=\"Est. reading time\" \/>\n\t<meta name=\"twitter:data1\" content=\"1 minute\" \/>\n<script type=\"application\/ld+json\" class=\"yoast-schema-graph\">{\"@context\":\"https:\/\/schema.org\",\"@graph\":[{\"@type\":\"WebPage\",\"@id\":\"https:\/\/dev.tolio.co.nz\/en\/products\/banh-canh-bot-loc-vegetable-cu-ngu-sac-vidata-order-400g\/\",\"url\":\"https:\/\/dev.tolio.co.nz\/en\/products\/banh-canh-bot-loc-vegetable-cu-ngu-sac-vidata-order-400g\/\",\"name\":\"B\u00e1nh canh b\u1ed9t l\u1ecdc rau c\u1ee7 ng\u0169 s\u1eafc Vidata\u00a0g\u00f3i 350g - TOLIO\",\"isPartOf\":{\"@id\":\"https:\/\/dev.tolio.co.nz\/#website\"},\"primaryImageOfPage\":{\"@id\":\"https:\/\/dev.tolio.co.nz\/en\/products\/banh-canh-bot-loc-vegetable-cu-ngu-sac-vidata-order-400g\/#primaryimage\"},\"image\":{\"@id\":\"https:\/\/dev.tolio.co.nz\/en\/products\/banh-canh-bot-loc-vegetable-cu-ngu-sac-vidata-order-400g\/#primaryimage\"},\"thumbnailUrl\":\"https:\/\/dev.tolio.co.nz\/wp-content\/uploads\/2024\/06\/103-2.png\",\"datePublished\":\"2024-06-12T03:42:47+00:00\",\"dateModified\":\"2025-09-11T04:00:59+00:00\",\"description\":\"Th\u01b0\u01a1ng hi\u1ec7u: Vidata Xu\u1ea5t x\u1ee9 th\u01b0\u01a1ng hi\u1ec7u: Vi\u1ec7t Nam Quy c\u00e1ch \u0111\u00f3ng g\u00f3i: g\u00f3i 350g L\u01b0u \u00fd: Bao b\u00ec s\u1ea3n ph\u1ea9m c\u00f3 th\u1ec3 thay \u0111\u1ed5i theo t\u1eebng \u0111\u1ee3t nh\u1eadp h\u00e0ng\",\"breadcrumb\":{\"@id\":\"https:\/\/dev.tolio.co.nz\/en\/products\/banh-canh-bot-loc-vegetable-cu-ngu-sac-vidata-order-400g\/#breadcrumb\"},\"inLanguage\":\"en-US\",\"potentialAction\":[{\"@type\":\"ReadAction\",\"target\":[\"https:\/\/dev.tolio.co.nz\/en\/products\/banh-canh-bot-loc-vegetable-cu-ngu-sac-vidata-order-400g\/\"]}]},{\"@type\":\"ImageObject\",\"inLanguage\":\"en-US\",\"@id\":\"https:\/\/dev.tolio.co.nz\/en\/products\/banh-canh-bot-loc-vegetable-cu-ngu-sac-vidata-order-400g\/#primaryimage\",\"url\":\"https:\/\/dev.tolio.co.nz\/wp-content\/uploads\/2024\/06\/103-2.png\",\"contentUrl\":\"https:\/\/dev.tolio.co.nz\/wp-content\/uploads\/2024\/06\/103-2.png\",\"width\":1000,\"height\":907},{\"@type\":\"BreadcrumbList\",\"@id\":\"https:\/\/dev.tolio.co.nz\/en\/products\/banh-canh-bot-loc-vegetable-cu-ngu-sac-vidata-order-400g\/#breadcrumb\",\"itemListElement\":[{\"@type\":\"ListItem\",\"position\":1,\"name\":\"Home\",\"item\":\"https:\/\/dev.tolio.co.nz\/\"},{\"@type\":\"ListItem\",\"position\":2,\"name\":\"C\u1eeda h\u00e0ng\",\"item\":\"https:\/\/dev.tolio.co.nz\/cua-hang\/\"},{\"@type\":\"ListItem\",\"position\":3,\"name\":\"B\u00e1nh canh b\u1ed9t l\u1ecdc rau c\u1ee7 ng\u0169 s\u1eafc Vidata\u00a0g\u00f3i 350g\"}]},{\"@type\":\"WebSite\",\"@id\":\"https:\/\/dev.tolio.co.nz\/#website\",\"url\":\"https:\/\/dev.tolio.co.nz\/\",\"name\":\"TOLIO\",\"description\":\"Vietnamese Grocery Online\",\"potentialAction\":[{\"@type\":\"SearchAction\",\"target\":{\"@type\":\"EntryPoint\",\"urlTemplate\":\"https:\/\/dev.tolio.co.nz\/?s={search_term_string}\"},\"query-input\":{\"@type\":\"PropertyValueSpecification\",\"valueRequired\":true,\"valueName\":\"search_term_string\"}}],\"inLanguage\":\"en-US\"}]}<\/script>\n<!-- \/ Yoast SEO plugin. -->","yoast_head_json":{"title":"B\u00e1nh canh b\u1ed9t l\u1ecdc rau c\u1ee7 ng\u0169 s\u1eafc Vidata\u00a0g\u00f3i 350g - TOLIO","description":"Th\u01b0\u01a1ng hi\u1ec7u: Vidata  Xu\u1ea5t x\u1ee9 th\u01b0\u01a1ng hi\u1ec7u: Vi\u1ec7t Nam  Quy c\u00e1ch \u0111\u00f3ng g\u00f3i: g\u00f3i 350g  L\u01b0u \u00fd: Bao b\u00ec s\u1ea3n ph\u1ea9m c\u00f3 th\u1ec3 thay \u0111\u1ed5i theo t\u1eebng \u0111\u1ee3t nh\u1eadp h\u00e0ng","robots":{"index":"index","follow":"follow","max-snippet":"max-snippet:-1","max-image-preview":"max-image-preview:large","max-video-preview":"max-video-preview:-1"},"canonical":"https:\/\/dev.tolio.co.nz\/en\/products\/banh-canh-bot-loc-vegetable-cu-ngu-sac-vidata-order-400g\/","og_locale":"en_US","og_type":"article","og_title":"B\u00e1nh canh b\u1ed9t l\u1ecdc rau c\u1ee7 ng\u0169 s\u1eafc Vidata\u00a0g\u00f3i 350g - TOLIO","og_description":"Th\u01b0\u01a1ng hi\u1ec7u: Vidata  Xu\u1ea5t x\u1ee9 th\u01b0\u01a1ng hi\u1ec7u: Vi\u1ec7t Nam  Quy c\u00e1ch \u0111\u00f3ng g\u00f3i: g\u00f3i 350g  L\u01b0u \u00fd: Bao b\u00ec s\u1ea3n ph\u1ea9m c\u00f3 th\u1ec3 thay \u0111\u1ed5i theo t\u1eebng \u0111\u1ee3t nh\u1eadp h\u00e0ng","og_url":"https:\/\/dev.tolio.co.nz\/en\/products\/banh-canh-bot-loc-vegetable-cu-ngu-sac-vidata-order-400g\/","og_site_name":"TOLIO","article_modified_time":"2025-09-11T04:00:59+00:00","og_image":[{"width":1000,"height":907,"url":"https:\/\/dev.tolio.co.nz\/wp-content\/uploads\/2024\/06\/103-2.png","type":"image\/png"}],"twitter_card":"summary_large_image","twitter_misc":{"Est. reading time":"1 minute"},"schema":{"@context":"https:\/\/schema.org","@graph":[{"@type":"WebPage","@id":"https:\/\/dev.tolio.co.nz\/en\/products\/banh-canh-bot-loc-vegetable-cu-ngu-sac-vidata-order-400g\/","url":"https:\/\/dev.tolio.co.nz\/en\/products\/banh-canh-bot-loc-vegetable-cu-ngu-sac-vidata-order-400g\/","name":"B\u00e1nh canh b\u1ed9t l\u1ecdc rau c\u1ee7 ng\u0169 s\u1eafc Vidata\u00a0g\u00f3i 350g - TOLIO","isPartOf":{"@id":"https:\/\/dev.tolio.co.nz\/#website"},"primaryImageOfPage":{"@id":"https:\/\/dev.tolio.co.nz\/en\/products\/banh-canh-bot-loc-vegetable-cu-ngu-sac-vidata-order-400g\/#primaryimage"},"image":{"@id":"https:\/\/dev.tolio.co.nz\/en\/products\/banh-canh-bot-loc-vegetable-cu-ngu-sac-vidata-order-400g\/#primaryimage"},"thumbnailUrl":"https:\/\/dev.tolio.co.nz\/wp-content\/uploads\/2024\/06\/103-2.png","datePublished":"2024-06-12T03:42:47+00:00","dateModified":"2025-09-11T04:00:59+00:00","description":"Th\u01b0\u01a1ng hi\u1ec7u: Vidata Xu\u1ea5t x\u1ee9 th\u01b0\u01a1ng hi\u1ec7u: Vi\u1ec7t Nam Quy c\u00e1ch \u0111\u00f3ng g\u00f3i: g\u00f3i 350g L\u01b0u \u00fd: Bao b\u00ec s\u1ea3n ph\u1ea9m c\u00f3 th\u1ec3 thay \u0111\u1ed5i theo t\u1eebng \u0111\u1ee3t nh\u1eadp h\u00e0ng","breadcrumb":{"@id":"https:\/\/dev.tolio.co.nz\/en\/products\/banh-canh-bot-loc-vegetable-cu-ngu-sac-vidata-order-400g\/#breadcrumb"},"inLanguage":"en-US","potentialAction":[{"@type":"ReadAction","target":["https:\/\/dev.tolio.co.nz\/en\/products\/banh-canh-bot-loc-vegetable-cu-ngu-sac-vidata-order-400g\/"]}]},{"@type":"ImageObject","inLanguage":"en-US","@id":"https:\/\/dev.tolio.co.nz\/en\/products\/banh-canh-bot-loc-vegetable-cu-ngu-sac-vidata-order-400g\/#primaryimage","url":"https:\/\/dev.tolio.co.nz\/wp-content\/uploads\/2024\/06\/103-2.png","contentUrl":"https:\/\/dev.tolio.co.nz\/wp-content\/uploads\/2024\/06\/103-2.png","width":1000,"height":907},{"@type":"BreadcrumbList","@id":"https:\/\/dev.tolio.co.nz\/en\/products\/banh-canh-bot-loc-vegetable-cu-ngu-sac-vidata-order-400g\/#breadcrumb","itemListElement":[{"@type":"ListItem","position":1,"name":"Home","item":"https:\/\/dev.tolio.co.nz\/"},{"@type":"ListItem","position":2,"name":"C\u1eeda h\u00e0ng","item":"https:\/\/dev.tolio.co.nz\/cua-hang\/"},{"@type":"ListItem","position":3,"name":"B\u00e1nh canh b\u1ed9t l\u1ecdc rau c\u1ee7 ng\u0169 s\u1eafc Vidata\u00a0g\u00f3i 350g"}]},{"@type":"WebSite","@id":"https:\/\/dev.tolio.co.nz\/#website","url":"https:\/\/dev.tolio.co.nz\/","name":"TOLIO","description":"Vietnamese Grocery Online","potentialAction":[{"@type":"SearchAction","target":{"@type":"EntryPoint","urlTemplate":"https:\/\/dev.tolio.co.nz\/?s={search_term_string}"},"query-input":{"@type":"PropertyValueSpecification","valueRequired":true,"valueName":"search_term_string"}}],"inLanguage":"en-US"}]}},"_links":{"self":[{"href":"https:\/\/dev.tolio.co.nz\/en\/wp-json\/wp\/v2\/product\/17087","targetHints":{"allow":["GET"]}}],"collection":[{"href":"https:\/\/dev.tolio.co.nz\/en\/wp-json\/wp\/v2\/product"}],"about":[{"href":"https:\/\/dev.tolio.co.nz\/en\/wp-json\/wp\/v2\/types\/product"}],"replies":[{"embeddable":true,"href":"https:\/\/dev.tolio.co.nz\/en\/wp-json\/wp\/v2\/comments?post=17087"}],"wp:featuredmedia":[{"embeddable":true,"href":"https:\/\/dev.tolio.co.nz\/en\/wp-json\/wp\/v2\/media\/20310"}],"wp:attachment":[{"href":"https:\/\/dev.tolio.co.nz\/en\/wp-json\/wp\/v2\/media?parent=17087"}],"wp:term":[{"taxonomy":"product_brand","embeddable":true,"href":"https:\/\/dev.tolio.co.nz\/en\/wp-json\/wp\/v2\/product_brand?post=17087"},{"taxonomy":"product_cat","embeddable":true,"href":"https:\/\/dev.tolio.co.nz\/en\/wp-json\/wp\/v2\/product_cat?post=17087"},{"taxonomy":"product_tag","embeddable":true,"href":"https:\/\/dev.tolio.co.nz\/en\/wp-json\/wp\/v2\/product_tag?post=17087"}],"curies":[{"name":"wp","href":"https:\/\/api.w.org\/{rel}","templated":true}]}}