{"id":1723,"date":"2022-01-13T21:14:00","date_gmt":"2022-01-13T08:29:00","guid":{"rendered":"https:\/\/tolio2.sitebycat.com\/?post_type=product&#038;p=1723"},"modified":"2025-09-11T15:59:41","modified_gmt":"2025-09-11T03:59:41","slug":"sa-te-tom-xo-cholimex-hu-170g","status":"publish","type":"product","link":"https:\/\/dev.tolio.co.nz\/en\/product\/tom-xo-sa-te-cholimex-hu-170g\/","title":{"rendered":"Sa t\u1ebf t\u00f4m XO Cholimex h\u0169 100g"},"content":{"rendered":"<p><strong>Sa t\u1ebf t\u00f4m XO Cholimex h\u0169 100g<\/strong> quen thu\u1ed9c \u0111\u1ea3m b\u1ea3o \u0111\u01b0\u1ee3c l\u00e0m t\u1eeb 100% c\u00e1c nguy\u00ean li\u1ec7u t\u1ef1 nhi\u00ean c\u00f3 m\u00f9i h\u01b0\u01a1ng th\u01a1m ngon v\u00e0 h\u1ea5p d\u1eabn. Sa t\u1ebf t\u00f4m Cholimex XO h\u0169 100g \u0111\u01b0\u1ee3c d\u00f9ng v\u1edbi b\u00f2 vi\u00ean, ph\u1edf, b\u00fan b\u00f2 Hu\u1ebf, l\u1ea9u Th\u00e1i, ho\u1eb7c \u01b0\u1edbp \u0111\u1ed3 n\u01b0\u1edbng\u2026 mang l\u1ea1i h\u01b0\u01a1ng v\u1ecb th\u01a1m ngon cho m\u00f3n \u0103n<\/p>\n<ul>\n<li>\u00a0Sa t\u1ebf t\u00f4m XO Cholimex\u00a0l\u00e0 s\u1ea3n ph\u1ea9m cao c\u1ea5p v\u1edbi ch\u1ea5t l\u01b0\u1ee3ng v\u01b0\u1ee3t tr\u1ed9i, c\u00f3 v\u1ecb b\u00e9o c\u1ee7a d\u1ea7u, th\u01a1m cay \u0111\u1eb7c tr\u01b0ng c\u1ee7a \u1edbt, t\u1ecfi v\u00e0 s\u1ea3 cho m\u00f3n \u0103n th\u00eam \u0111\u1eadm \u0111\u00e0, th\u01a1m ngon h\u1ea5p d\u1eabn.<\/li>\n<li>S\u1ea3n xu\u1ea5t b\u1eb1ng c\u00f4ng ngh\u1ec7 thanh tr\u00f9ng ch\u00e2n kh\u00f4ng, gi\u1eef l\u1ea1i h\u01b0\u01a1ng v\u1ecb th\u01a1m cay v\u00e0 tr\u1ea1ng th\u00e1i m\u00e0u s\u1eafc t\u1ef1 nhi\u00ean c\u1ee7a s\u1ea3n ph\u1ea9m m\u00e0 v\u1eabn \u0111\u1ea3m b\u1ea3o v\u1ec7 sinh an to\u00e0n th\u1ef1c ph\u1ea9m.<\/li>\n<\/ul>\n<p><strong>H\u01b0\u1edbng d\u1eabn s\u1eed d\u1ee5ng:<\/strong><\/p>\n<ul>\n<li>D\u00f9ng l\u00e0m gia v\u1ecb t\u1ea9m \u01b0\u1edbp c\u00e1c m\u00f3n \u0103n nh\u01b0: b\u00f2 n\u01b0\u1edbng sa t\u1ebf, m\u00ec qu\u1ea3ng sa t\u1ebf, v\u1ecbt n\u01b0\u1edbng sa t\u1ebf, m\u1ef1c n\u01b0\u1edbng sa t\u1ebf, c\u00e1 kho sa t\u1ebf, s\u00fap t\u00f4m sa t\u1ebf, g\u00e0 r\u00e1n s\u1ed1t sa t\u1ebf, chim c\u00fat n\u01b0\u1edbng sa t\u1ebf, canh m\u1ef1c sa t\u1ebf, th\u1ecbt ba ch\u1ec9 x\u00e0o sa t\u1ebf, l\u1ea9u sa t\u1ebf h\u1ea3i s\u1ea3n,\u2026<\/li>\n<\/ul>\n<p><strong>B\u1ea3o qu\u1ea3n:<\/strong><\/p>\n<ul>\n<li>\u0110\u1ec3 t\u1ee7 l\u1ea1nh sau khi m\u1edf n\u1eafp, d\u00f9ng trong 2 th\u00e1ng<\/li>\n<\/ul>","protected":false},"excerpt":{"rendered":"<ul>\n<li>Th\u01b0\u01a1ng hi\u1ec7u: Cholimex<\/li>\n<li>Xu\u1ea5t x\u1ee9 th\u01b0\u01a1ng hi\u1ec7u: Vi\u1ec7t Nam<\/li>\n<li>Quy c\u00e1ch \u0111\u00f3ng g\u00f3i: h\u0169 100g<\/li>\n<li>L\u01b0u \u00fd: Bao b\u00ec s\u1ea3n ph\u1ea9m c\u00f3 th\u1ec3 thay \u0111\u1ed5i theo t\u1eebng \u0111\u1ee3t nh\u1eadp h\u00e0ng<\/li>\n<\/ul>","protected":false},"featured_media":21125,"comment_status":"open","ping_status":"closed","template":"","meta":[],"product_brand":[],"product_cat":[33,482,31],"product_tag":[211,215,214],"class_list":{"0":"post-1723","1":"product","2":"type-product","3":"status-publish","4":"has-post-thumbnail","6":"product_cat-gia-vi","7":"product_cat-gia-vi-khac","8":"product_cat-hang-moi-ve","9":"product_tag-sa-te","10":"product_tag-sa-te-cholimex","11":"product_tag-sa-te-tom","12":"pa_thuong-hieu-cholimex","14":"first","15":"instock","16":"sale","17":"shipping-taxable","18":"purchasable","19":"product-type-simple"},"yoast_head":"<!-- This site is optimized with the Yoast SEO plugin v24.4 - https:\/\/yoast.com\/wordpress\/plugins\/seo\/ -->\n<title>Sa t\u1ebf t\u00f4m XO Cholimex h\u0169 100g - TOLIO<\/title>\n<meta name=\"description\" content=\"Th\u01b0\u01a1ng hi\u1ec7u: Cholimex  Xu\u1ea5t x\u1ee9 th\u01b0\u01a1ng hi\u1ec7u: Vi\u1ec7t Nam  Quy c\u00e1ch \u0111\u00f3ng g\u00f3i: h\u0169 100g  L\u01b0u \u00fd: Bao b\u00ec s\u1ea3n ph\u1ea9m c\u00f3 th\u1ec3 thay \u0111\u1ed5i theo t\u1eebng \u0111\u1ee3t nh\u1eadp h\u00e0ng\" \/>\n<meta name=\"robots\" content=\"index, follow, max-snippet:-1, max-image-preview:large, max-video-preview:-1\" \/>\n<link rel=\"canonical\" href=\"https:\/\/dev.tolio.co.nz\/en\/product\/tom-xo-sa-te-cholimex-hu-170g\/\" \/>\n<meta property=\"og:locale\" content=\"en_US\" \/>\n<meta property=\"og:type\" content=\"article\" \/>\n<meta property=\"og:title\" content=\"Sa t\u1ebf t\u00f4m XO Cholimex h\u0169 100g - TOLIO\" \/>\n<meta property=\"og:description\" content=\"Th\u01b0\u01a1ng hi\u1ec7u: Cholimex  Xu\u1ea5t x\u1ee9 th\u01b0\u01a1ng hi\u1ec7u: Vi\u1ec7t Nam  Quy c\u00e1ch \u0111\u00f3ng g\u00f3i: h\u0169 100g  L\u01b0u \u00fd: Bao b\u00ec s\u1ea3n ph\u1ea9m c\u00f3 th\u1ec3 thay \u0111\u1ed5i theo t\u1eebng \u0111\u1ee3t nh\u1eadp h\u00e0ng\" \/>\n<meta property=\"og:url\" content=\"https:\/\/dev.tolio.co.nz\/en\/product\/tom-xo-sa-te-cholimex-hu-170g\/\" \/>\n<meta property=\"og:site_name\" content=\"TOLIO\" \/>\n<meta property=\"article:modified_time\" content=\"2025-09-11T03:59:41+00:00\" \/>\n<meta property=\"og:image\" content=\"https:\/\/dev.tolio.co.nz\/wp-content\/uploads\/2022\/01\/152-1.png\" \/>\n\t<meta property=\"og:image:width\" content=\"1000\" \/>\n\t<meta property=\"og:image:height\" content=\"907\" \/>\n\t<meta property=\"og:image:type\" content=\"image\/png\" \/>\n<meta name=\"twitter:card\" content=\"summary_large_image\" \/>\n<meta name=\"twitter:label1\" content=\"Est. reading time\" \/>\n\t<meta name=\"twitter:data1\" content=\"2 minutes\" \/>\n<script type=\"application\/ld+json\" class=\"yoast-schema-graph\">{\"@context\":\"https:\/\/schema.org\",\"@graph\":[{\"@type\":\"WebPage\",\"@id\":\"https:\/\/dev.tolio.co.nz\/san-pham\/sa-te-tom-xo-cholimex-hu-170g\/\",\"url\":\"https:\/\/dev.tolio.co.nz\/san-pham\/sa-te-tom-xo-cholimex-hu-170g\/\",\"name\":\"Sa t\u1ebf t\u00f4m XO Cholimex h\u0169 100g - TOLIO\",\"isPartOf\":{\"@id\":\"https:\/\/dev.tolio.co.nz\/#website\"},\"primaryImageOfPage\":{\"@id\":\"https:\/\/dev.tolio.co.nz\/san-pham\/sa-te-tom-xo-cholimex-hu-170g\/#primaryimage\"},\"image\":{\"@id\":\"https:\/\/dev.tolio.co.nz\/san-pham\/sa-te-tom-xo-cholimex-hu-170g\/#primaryimage\"},\"thumbnailUrl\":\"https:\/\/dev.tolio.co.nz\/wp-content\/uploads\/2022\/01\/152-1.png\",\"datePublished\":\"2022-01-13T08:29:00+00:00\",\"dateModified\":\"2025-09-11T03:59:41+00:00\",\"description\":\"Th\u01b0\u01a1ng hi\u1ec7u: Cholimex Xu\u1ea5t x\u1ee9 th\u01b0\u01a1ng hi\u1ec7u: Vi\u1ec7t Nam Quy c\u00e1ch \u0111\u00f3ng g\u00f3i: h\u0169 100g L\u01b0u \u00fd: Bao b\u00ec s\u1ea3n ph\u1ea9m c\u00f3 th\u1ec3 thay \u0111\u1ed5i theo t\u1eebng \u0111\u1ee3t nh\u1eadp h\u00e0ng\",\"breadcrumb\":{\"@id\":\"https:\/\/dev.tolio.co.nz\/san-pham\/sa-te-tom-xo-cholimex-hu-170g\/#breadcrumb\"},\"inLanguage\":\"en-US\",\"potentialAction\":[{\"@type\":\"ReadAction\",\"target\":[\"https:\/\/dev.tolio.co.nz\/san-pham\/sa-te-tom-xo-cholimex-hu-170g\/\"]}]},{\"@type\":\"ImageObject\",\"inLanguage\":\"en-US\",\"@id\":\"https:\/\/dev.tolio.co.nz\/san-pham\/sa-te-tom-xo-cholimex-hu-170g\/#primaryimage\",\"url\":\"https:\/\/dev.tolio.co.nz\/wp-content\/uploads\/2022\/01\/152-1.png\",\"contentUrl\":\"https:\/\/dev.tolio.co.nz\/wp-content\/uploads\/2022\/01\/152-1.png\",\"width\":1000,\"height\":907},{\"@type\":\"BreadcrumbList\",\"@id\":\"https:\/\/dev.tolio.co.nz\/san-pham\/sa-te-tom-xo-cholimex-hu-170g\/#breadcrumb\",\"itemListElement\":[{\"@type\":\"ListItem\",\"position\":1,\"name\":\"Home\",\"item\":\"https:\/\/dev.tolio.co.nz\/\"},{\"@type\":\"ListItem\",\"position\":2,\"name\":\"C\u1eeda h\u00e0ng\",\"item\":\"https:\/\/dev.tolio.co.nz\/cua-hang\/\"},{\"@type\":\"ListItem\",\"position\":3,\"name\":\"Sa t\u1ebf t\u00f4m XO Cholimex h\u0169 100g\"}]},{\"@type\":\"WebSite\",\"@id\":\"https:\/\/dev.tolio.co.nz\/#website\",\"url\":\"https:\/\/dev.tolio.co.nz\/\",\"name\":\"TOLIO\",\"description\":\"Vietnamese Grocery Online\",\"potentialAction\":[{\"@type\":\"SearchAction\",\"target\":{\"@type\":\"EntryPoint\",\"urlTemplate\":\"https:\/\/dev.tolio.co.nz\/?s={search_term_string}\"},\"query-input\":{\"@type\":\"PropertyValueSpecification\",\"valueRequired\":true,\"valueName\":\"search_term_string\"}}],\"inLanguage\":\"en-US\"}]}<\/script>\n<!-- \/ Yoast SEO plugin. -->","yoast_head_json":{"title":"Sa t\u1ebf t\u00f4m XO Cholimex h\u0169 100g - TOLIO","description":"Th\u01b0\u01a1ng hi\u1ec7u: Cholimex  Xu\u1ea5t x\u1ee9 th\u01b0\u01a1ng hi\u1ec7u: Vi\u1ec7t Nam  Quy c\u00e1ch \u0111\u00f3ng g\u00f3i: h\u0169 100g  L\u01b0u \u00fd: Bao b\u00ec s\u1ea3n ph\u1ea9m c\u00f3 th\u1ec3 thay \u0111\u1ed5i theo t\u1eebng \u0111\u1ee3t nh\u1eadp h\u00e0ng","robots":{"index":"index","follow":"follow","max-snippet":"max-snippet:-1","max-image-preview":"max-image-preview:large","max-video-preview":"max-video-preview:-1"},"canonical":"https:\/\/dev.tolio.co.nz\/en\/product\/tom-xo-sa-te-cholimex-hu-170g\/","og_locale":"en_US","og_type":"article","og_title":"Sa t\u1ebf t\u00f4m XO Cholimex h\u0169 100g - TOLIO","og_description":"Th\u01b0\u01a1ng hi\u1ec7u: Cholimex  Xu\u1ea5t x\u1ee9 th\u01b0\u01a1ng hi\u1ec7u: Vi\u1ec7t Nam  Quy c\u00e1ch \u0111\u00f3ng g\u00f3i: h\u0169 100g  L\u01b0u \u00fd: Bao b\u00ec s\u1ea3n ph\u1ea9m c\u00f3 th\u1ec3 thay \u0111\u1ed5i theo t\u1eebng \u0111\u1ee3t nh\u1eadp h\u00e0ng","og_url":"https:\/\/dev.tolio.co.nz\/en\/product\/tom-xo-sa-te-cholimex-hu-170g\/","og_site_name":"TOLIO","article_modified_time":"2025-09-11T03:59:41+00:00","og_image":[{"width":1000,"height":907,"url":"https:\/\/dev.tolio.co.nz\/wp-content\/uploads\/2022\/01\/152-1.png","type":"image\/png"}],"twitter_card":"summary_large_image","twitter_misc":{"Est. reading time":"2 minutes"},"schema":{"@context":"https:\/\/schema.org","@graph":[{"@type":"WebPage","@id":"https:\/\/dev.tolio.co.nz\/san-pham\/sa-te-tom-xo-cholimex-hu-170g\/","url":"https:\/\/dev.tolio.co.nz\/san-pham\/sa-te-tom-xo-cholimex-hu-170g\/","name":"Sa t\u1ebf t\u00f4m XO Cholimex h\u0169 100g - TOLIO","isPartOf":{"@id":"https:\/\/dev.tolio.co.nz\/#website"},"primaryImageOfPage":{"@id":"https:\/\/dev.tolio.co.nz\/san-pham\/sa-te-tom-xo-cholimex-hu-170g\/#primaryimage"},"image":{"@id":"https:\/\/dev.tolio.co.nz\/san-pham\/sa-te-tom-xo-cholimex-hu-170g\/#primaryimage"},"thumbnailUrl":"https:\/\/dev.tolio.co.nz\/wp-content\/uploads\/2022\/01\/152-1.png","datePublished":"2022-01-13T08:29:00+00:00","dateModified":"2025-09-11T03:59:41+00:00","description":"Th\u01b0\u01a1ng hi\u1ec7u: Cholimex Xu\u1ea5t x\u1ee9 th\u01b0\u01a1ng hi\u1ec7u: Vi\u1ec7t Nam Quy c\u00e1ch \u0111\u00f3ng g\u00f3i: h\u0169 100g L\u01b0u \u00fd: Bao b\u00ec s\u1ea3n ph\u1ea9m c\u00f3 th\u1ec3 thay \u0111\u1ed5i theo t\u1eebng \u0111\u1ee3t nh\u1eadp h\u00e0ng","breadcrumb":{"@id":"https:\/\/dev.tolio.co.nz\/san-pham\/sa-te-tom-xo-cholimex-hu-170g\/#breadcrumb"},"inLanguage":"en-US","potentialAction":[{"@type":"ReadAction","target":["https:\/\/dev.tolio.co.nz\/san-pham\/sa-te-tom-xo-cholimex-hu-170g\/"]}]},{"@type":"ImageObject","inLanguage":"en-US","@id":"https:\/\/dev.tolio.co.nz\/san-pham\/sa-te-tom-xo-cholimex-hu-170g\/#primaryimage","url":"https:\/\/dev.tolio.co.nz\/wp-content\/uploads\/2022\/01\/152-1.png","contentUrl":"https:\/\/dev.tolio.co.nz\/wp-content\/uploads\/2022\/01\/152-1.png","width":1000,"height":907},{"@type":"BreadcrumbList","@id":"https:\/\/dev.tolio.co.nz\/san-pham\/sa-te-tom-xo-cholimex-hu-170g\/#breadcrumb","itemListElement":[{"@type":"ListItem","position":1,"name":"Home","item":"https:\/\/dev.tolio.co.nz\/"},{"@type":"ListItem","position":2,"name":"C\u1eeda h\u00e0ng","item":"https:\/\/dev.tolio.co.nz\/cua-hang\/"},{"@type":"ListItem","position":3,"name":"Sa t\u1ebf t\u00f4m XO Cholimex h\u0169 100g"}]},{"@type":"WebSite","@id":"https:\/\/dev.tolio.co.nz\/#website","url":"https:\/\/dev.tolio.co.nz\/","name":"TOLIO","description":"Vietnamese Grocery Online","potentialAction":[{"@type":"SearchAction","target":{"@type":"EntryPoint","urlTemplate":"https:\/\/dev.tolio.co.nz\/?s={search_term_string}"},"query-input":{"@type":"PropertyValueSpecification","valueRequired":true,"valueName":"search_term_string"}}],"inLanguage":"en-US"}]}},"_links":{"self":[{"href":"https:\/\/dev.tolio.co.nz\/en\/wp-json\/wp\/v2\/product\/1723","targetHints":{"allow":["GET"]}}],"collection":[{"href":"https:\/\/dev.tolio.co.nz\/en\/wp-json\/wp\/v2\/product"}],"about":[{"href":"https:\/\/dev.tolio.co.nz\/en\/wp-json\/wp\/v2\/types\/product"}],"replies":[{"embeddable":true,"href":"https:\/\/dev.tolio.co.nz\/en\/wp-json\/wp\/v2\/comments?post=1723"}],"wp:featuredmedia":[{"embeddable":true,"href":"https:\/\/dev.tolio.co.nz\/en\/wp-json\/wp\/v2\/media\/21125"}],"wp:attachment":[{"href":"https:\/\/dev.tolio.co.nz\/en\/wp-json\/wp\/v2\/media?parent=1723"}],"wp:term":[{"taxonomy":"product_brand","embeddable":true,"href":"https:\/\/dev.tolio.co.nz\/en\/wp-json\/wp\/v2\/product_brand?post=1723"},{"taxonomy":"product_cat","embeddable":true,"href":"https:\/\/dev.tolio.co.nz\/en\/wp-json\/wp\/v2\/product_cat?post=1723"},{"taxonomy":"product_tag","embeddable":true,"href":"https:\/\/dev.tolio.co.nz\/en\/wp-json\/wp\/v2\/product_tag?post=1723"}],"curies":[{"name":"wp","href":"https:\/\/api.w.org\/{rel}","templated":true}]}}