{"id":1803,"date":"2022-01-14T01:23:00","date_gmt":"2022-01-13T12:38:00","guid":{"rendered":"https:\/\/tolio2.sitebycat.com\/?post_type=product&#038;p=1803"},"modified":"2025-09-11T16:00:45","modified_gmt":"2025-09-11T04:00:45","slug":"thung-24-hop-sua-bap-non-lif-180ml","status":"publish","type":"product","link":"https:\/\/dev.tolio.co.nz\/en\/product\/24-hops-milk-bap-non-lif-180ml\/","title":{"rendered":"Th\u00f9ng 24 h\u1ed9p s\u1eefa b\u1eafp non LOF 180ml"},"content":{"rendered":"<p><strong>Th\u00f9ng 24 h\u1ed9p s\u1eefa b\u1eafp non LOF 180ml <\/strong>\u00a0\u0111\u01b0\u1ee3c t\u00e1ch ho\u00e0n to\u00e0n 100% t\u1eeb tr\u00e1i b\u1eafp non m\u1edbi h\u00e1i, gi\u00e0u vitamin A, B3, B1, B6 v\u00e0 \u0111\u1eb7c bi\u1ec7t l\u00e0 ch\u1ea5t x\u01a1, t\u1ed1t cho l\u00e0n da, cho h\u1ec7 ti\u00eau ho\u00e1. Th\u00f9ng 24 h\u1ed9p s\u1eefa b\u1eafp non LiF 180ml h\u01b0\u01a1ng v\u1ecb th\u01a1m ngon m\u00e0 ai c\u0169ng y\u00eau th\u00edch, \u0111\u00f3ng l\u1ed1c ti\u1ec7n d\u00f9ng v\u00e0 ti\u1ebft ki\u1ec7m<\/p>\n<ul>\n<li>Th\u00f9ng 24 h\u1ed9p s\u1eefa b\u1eafp non LOF 180ml v\u1edbi th\u00e0nh ph\u1ea7n ch\u1ee7 y\u1ebfu nh\u01b0 n\u01b0\u1edbc, b\u1eafp non, s\u1eefa b\u1ed9t g\u1ea7y, b\u1ed9t kem th\u1ef1c v\u1eadt&#8230; n\u00ean \u0111\u1ea3m b\u1ea3o an to\u00e0n cho s\u1ee9c kh\u1ecfe ng\u01b0\u1eddi d\u00f9ng v\u00e0 c\u00f2n\u00a0 c\u00f3 ch\u1ee9a h\u00e0m l\u01b0\u1ee3ng l\u1edbn vitamin A h\u1ed7 tr\u1ee3 t\u00edch c\u1ef1c cho \u0111\u00f4i m\u1eaft, gi\u00fap tr\u1ebb c\u00f3 \u0111\u00f4i m\u1eaft s\u00e1ng, tinh anh, tr\u00e1nh v\u00e0 gi\u1ea3m c\u1eadn th\u1ecb v\u00ec ho\u1ea1t \u0111\u1ed9ng m\u1eaft qu\u00e1 m\u1ee9c.<\/li>\n<li>Vitamin nh\u00f3m B trong s\u1eefa b\u1eafp non gi\u00fap \u0103n ngon mi\u1ec7ng h\u01a1n.<\/li>\n<li>S\u1eefa b\u1eafp non LOF gi\u1eef nguy\u00ean tinh t\u00fay ch\u1eaft l\u1ecdc t\u1eeb t\u1eebng h\u1ea1t b\u1eafp non, l\u00e0 ngu\u1ed3n n\u0103ng l\u01b0\u1ee3ng t\u1ef1 nhi\u00ean t\u01b0\u01a1i m\u1edbi gi\u00fap tr\u1ebb h\u0103ng say ho\u1ea1t \u0111\u1ed9ng, h\u1ecdc t\u1eadp m\u00e0 kh\u00f4ng lo m\u1ec7t m\u1ecfi hay \u0111u\u1ed1i s\u1ee9c.<\/li>\n<\/ul>\n<p><strong>H\u01b0\u1edbng d\u1eabn s\u1eed d\u1ee5ng:<\/strong><\/p>\n<ul>\n<li>L\u1eafc \u0111\u1ec1u tr\u01b0\u1edbc khi u\u1ed1ng, ngon h\u01a1n khi u\u1ed1ng l\u1ea1nh.<\/li>\n<li>D\u00f9ng cho tr\u1ebb t\u1eeb 3 tu\u1ed5i tr\u1edf l\u00ean v\u00e0 ng\u01b0\u1eddi l\u1edbn<\/li>\n<\/ul>\n<p><strong>B\u1ea3o qu\u1ea3n:<\/strong><\/p>\n<ul>\n<li>N\u01a1i kh\u00f4 r\u00e1o, tho\u00e1ng m\u00e1t, tr\u00e1nh \u00e1nh n\u1eafng m\u1eb7t tr\u1eddi<\/li>\n<\/ul>","protected":false},"excerpt":{"rendered":"<ul>\n<li>Th\u01b0\u01a1ng hi\u1ec7u: Lof<\/li>\n<li>Xu\u1ea5t x\u1ee9 th\u01b0\u01a1ng hi\u1ec7u: Vi\u1ec7t Nam<\/li>\n<li>Quy c\u00e1ch \u0111\u00f3ng g\u00f3i: h\u1ed9p 180ml,4 h\u1ed9p\/l\u1ed1c, 24 h\u1ed9p\/th\u00f9ng<\/li>\n<li>L\u01b0u \u00fd: Bao b\u00ec s\u1ea3n ph\u1ea9m c\u00f3 th\u1ec3 thay \u0111\u1ed5i theo t\u1eebng \u0111\u1ee3t nh\u1eadp h\u00e0ng<\/li>\n<\/ul>","protected":false},"featured_media":21603,"comment_status":"open","ping_status":"closed","template":"","meta":[],"product_brand":[],"product_cat":[34,37,30],"product_tag":[244,243,245],"class_list":{"0":"post-1803","1":"product","2":"type-product","3":"status-publish","4":"has-post-thumbnail","6":"product_cat-thuc-uong","7":"product_cat-thuc-uong-dinh-duong","8":"product_cat-ban-chay-nhat","9":"product_tag-sua-bap","10":"product_tag-sua-bap-non","11":"product_tag-sua-bap-non-lif","12":"pa_thuong-hieu-lif","14":"first","15":"instock","16":"sale","17":"shipping-taxable","18":"purchasable","19":"product-type-simple"},"yoast_head":"<!-- This site is optimized with the Yoast SEO plugin v24.4 - https:\/\/yoast.com\/wordpress\/plugins\/seo\/ -->\n<title>Th\u00f9ng 24 h\u1ed9p s\u1eefa b\u1eafp non LOF 180ml - TOLIO<\/title>\n<meta name=\"description\" content=\"Th\u01b0\u01a1ng hi\u1ec7u: Lof  Xu\u1ea5t x\u1ee9 th\u01b0\u01a1ng hi\u1ec7u: Vi\u1ec7t Nam  Quy c\u00e1ch \u0111\u00f3ng g\u00f3i: h\u1ed9p 180ml,4 h\u1ed9p\/l\u1ed1c, 24 h\u1ed9p\/th\u00f9ng  L\u01b0u \u00fd: Bao b\u00ec s\u1ea3n ph\u1ea9m c\u00f3 th\u1ec3 thay \u0111\u1ed5i theo t\u1eebng \u0111\u1ee3t nh\u1eadp h\u00e0ng\" \/>\n<meta name=\"robots\" content=\"index, follow, max-snippet:-1, max-image-preview:large, max-video-preview:-1\" \/>\n<link rel=\"canonical\" href=\"https:\/\/dev.tolio.co.nz\/en\/product\/24-hops-milk-bap-non-lif-180ml\/\" \/>\n<meta property=\"og:locale\" content=\"en_US\" \/>\n<meta property=\"og:type\" content=\"article\" \/>\n<meta property=\"og:title\" content=\"Th\u00f9ng 24 h\u1ed9p s\u1eefa b\u1eafp non LOF 180ml - TOLIO\" \/>\n<meta property=\"og:description\" content=\"Th\u01b0\u01a1ng hi\u1ec7u: Lof  Xu\u1ea5t x\u1ee9 th\u01b0\u01a1ng hi\u1ec7u: Vi\u1ec7t Nam  Quy c\u00e1ch \u0111\u00f3ng g\u00f3i: h\u1ed9p 180ml,4 h\u1ed9p\/l\u1ed1c, 24 h\u1ed9p\/th\u00f9ng  L\u01b0u \u00fd: Bao b\u00ec s\u1ea3n ph\u1ea9m c\u00f3 th\u1ec3 thay \u0111\u1ed5i theo t\u1eebng \u0111\u1ee3t nh\u1eadp h\u00e0ng\" \/>\n<meta property=\"og:url\" content=\"https:\/\/dev.tolio.co.nz\/en\/product\/24-hops-milk-bap-non-lif-180ml\/\" \/>\n<meta property=\"og:site_name\" content=\"TOLIO\" \/>\n<meta property=\"article:modified_time\" content=\"2025-09-11T04:00:45+00:00\" \/>\n<meta property=\"og:image\" content=\"https:\/\/dev.tolio.co.nz\/wp-content\/uploads\/2022\/01\/197.png\" \/>\n\t<meta property=\"og:image:width\" content=\"1000\" \/>\n\t<meta property=\"og:image:height\" content=\"907\" \/>\n\t<meta property=\"og:image:type\" content=\"image\/png\" \/>\n<meta name=\"twitter:card\" content=\"summary_large_image\" \/>\n<meta name=\"twitter:label1\" content=\"Est. reading time\" \/>\n\t<meta name=\"twitter:data1\" content=\"2 minutes\" \/>\n<script type=\"application\/ld+json\" class=\"yoast-schema-graph\">{\"@context\":\"https:\/\/schema.org\",\"@graph\":[{\"@type\":\"WebPage\",\"@id\":\"https:\/\/dev.tolio.co.nz\/san-pham\/thung-24-hop-sua-bap-non-lif-180ml\/\",\"url\":\"https:\/\/dev.tolio.co.nz\/san-pham\/thung-24-hop-sua-bap-non-lif-180ml\/\",\"name\":\"Th\u00f9ng 24 h\u1ed9p s\u1eefa b\u1eafp non LOF 180ml - TOLIO\",\"isPartOf\":{\"@id\":\"https:\/\/dev.tolio.co.nz\/#website\"},\"primaryImageOfPage\":{\"@id\":\"https:\/\/dev.tolio.co.nz\/san-pham\/thung-24-hop-sua-bap-non-lif-180ml\/#primaryimage\"},\"image\":{\"@id\":\"https:\/\/dev.tolio.co.nz\/san-pham\/thung-24-hop-sua-bap-non-lif-180ml\/#primaryimage\"},\"thumbnailUrl\":\"https:\/\/dev.tolio.co.nz\/wp-content\/uploads\/2022\/01\/197.png\",\"datePublished\":\"2022-01-13T12:38:00+00:00\",\"dateModified\":\"2025-09-11T04:00:45+00:00\",\"description\":\"Th\u01b0\u01a1ng hi\u1ec7u: Lof Xu\u1ea5t x\u1ee9 th\u01b0\u01a1ng hi\u1ec7u: Vi\u1ec7t Nam Quy c\u00e1ch \u0111\u00f3ng g\u00f3i: h\u1ed9p 180ml,4 h\u1ed9p\/l\u1ed1c, 24 h\u1ed9p\/th\u00f9ng L\u01b0u \u00fd: Bao b\u00ec s\u1ea3n ph\u1ea9m c\u00f3 th\u1ec3 thay \u0111\u1ed5i theo t\u1eebng \u0111\u1ee3t nh\u1eadp h\u00e0ng\",\"breadcrumb\":{\"@id\":\"https:\/\/dev.tolio.co.nz\/san-pham\/thung-24-hop-sua-bap-non-lif-180ml\/#breadcrumb\"},\"inLanguage\":\"en-US\",\"potentialAction\":[{\"@type\":\"ReadAction\",\"target\":[\"https:\/\/dev.tolio.co.nz\/san-pham\/thung-24-hop-sua-bap-non-lif-180ml\/\"]}]},{\"@type\":\"ImageObject\",\"inLanguage\":\"en-US\",\"@id\":\"https:\/\/dev.tolio.co.nz\/san-pham\/thung-24-hop-sua-bap-non-lif-180ml\/#primaryimage\",\"url\":\"https:\/\/dev.tolio.co.nz\/wp-content\/uploads\/2022\/01\/197.png\",\"contentUrl\":\"https:\/\/dev.tolio.co.nz\/wp-content\/uploads\/2022\/01\/197.png\",\"width\":1000,\"height\":907},{\"@type\":\"BreadcrumbList\",\"@id\":\"https:\/\/dev.tolio.co.nz\/san-pham\/thung-24-hop-sua-bap-non-lif-180ml\/#breadcrumb\",\"itemListElement\":[{\"@type\":\"ListItem\",\"position\":1,\"name\":\"Home\",\"item\":\"https:\/\/dev.tolio.co.nz\/\"},{\"@type\":\"ListItem\",\"position\":2,\"name\":\"C\u1eeda h\u00e0ng\",\"item\":\"https:\/\/dev.tolio.co.nz\/cua-hang\/\"},{\"@type\":\"ListItem\",\"position\":3,\"name\":\"Th\u00f9ng 24 h\u1ed9p s\u1eefa b\u1eafp non LOF 180ml\"}]},{\"@type\":\"WebSite\",\"@id\":\"https:\/\/dev.tolio.co.nz\/#website\",\"url\":\"https:\/\/dev.tolio.co.nz\/\",\"name\":\"TOLIO\",\"description\":\"Vietnamese Grocery Online\",\"potentialAction\":[{\"@type\":\"SearchAction\",\"target\":{\"@type\":\"EntryPoint\",\"urlTemplate\":\"https:\/\/dev.tolio.co.nz\/?s={search_term_string}\"},\"query-input\":{\"@type\":\"PropertyValueSpecification\",\"valueRequired\":true,\"valueName\":\"search_term_string\"}}],\"inLanguage\":\"en-US\"}]}<\/script>\n<!-- \/ Yoast SEO plugin. -->","yoast_head_json":{"title":"Th\u00f9ng 24 h\u1ed9p s\u1eefa b\u1eafp non LOF 180ml - TOLIO","description":"Th\u01b0\u01a1ng hi\u1ec7u: Lof  Xu\u1ea5t x\u1ee9 th\u01b0\u01a1ng hi\u1ec7u: Vi\u1ec7t Nam  Quy c\u00e1ch \u0111\u00f3ng g\u00f3i: h\u1ed9p 180ml,4 h\u1ed9p\/l\u1ed1c, 24 h\u1ed9p\/th\u00f9ng  L\u01b0u \u00fd: Bao b\u00ec s\u1ea3n ph\u1ea9m c\u00f3 th\u1ec3 thay \u0111\u1ed5i theo t\u1eebng \u0111\u1ee3t nh\u1eadp h\u00e0ng","robots":{"index":"index","follow":"follow","max-snippet":"max-snippet:-1","max-image-preview":"max-image-preview:large","max-video-preview":"max-video-preview:-1"},"canonical":"https:\/\/dev.tolio.co.nz\/en\/product\/24-hops-milk-bap-non-lif-180ml\/","og_locale":"en_US","og_type":"article","og_title":"Th\u00f9ng 24 h\u1ed9p s\u1eefa b\u1eafp non LOF 180ml - TOLIO","og_description":"Th\u01b0\u01a1ng hi\u1ec7u: Lof  Xu\u1ea5t x\u1ee9 th\u01b0\u01a1ng hi\u1ec7u: Vi\u1ec7t Nam  Quy c\u00e1ch \u0111\u00f3ng g\u00f3i: h\u1ed9p 180ml,4 h\u1ed9p\/l\u1ed1c, 24 h\u1ed9p\/th\u00f9ng  L\u01b0u \u00fd: Bao b\u00ec s\u1ea3n ph\u1ea9m c\u00f3 th\u1ec3 thay \u0111\u1ed5i theo t\u1eebng \u0111\u1ee3t nh\u1eadp h\u00e0ng","og_url":"https:\/\/dev.tolio.co.nz\/en\/product\/24-hops-milk-bap-non-lif-180ml\/","og_site_name":"TOLIO","article_modified_time":"2025-09-11T04:00:45+00:00","og_image":[{"width":1000,"height":907,"url":"https:\/\/dev.tolio.co.nz\/wp-content\/uploads\/2022\/01\/197.png","type":"image\/png"}],"twitter_card":"summary_large_image","twitter_misc":{"Est. reading time":"2 minutes"},"schema":{"@context":"https:\/\/schema.org","@graph":[{"@type":"WebPage","@id":"https:\/\/dev.tolio.co.nz\/san-pham\/thung-24-hop-sua-bap-non-lif-180ml\/","url":"https:\/\/dev.tolio.co.nz\/san-pham\/thung-24-hop-sua-bap-non-lif-180ml\/","name":"Th\u00f9ng 24 h\u1ed9p s\u1eefa b\u1eafp non LOF 180ml - TOLIO","isPartOf":{"@id":"https:\/\/dev.tolio.co.nz\/#website"},"primaryImageOfPage":{"@id":"https:\/\/dev.tolio.co.nz\/san-pham\/thung-24-hop-sua-bap-non-lif-180ml\/#primaryimage"},"image":{"@id":"https:\/\/dev.tolio.co.nz\/san-pham\/thung-24-hop-sua-bap-non-lif-180ml\/#primaryimage"},"thumbnailUrl":"https:\/\/dev.tolio.co.nz\/wp-content\/uploads\/2022\/01\/197.png","datePublished":"2022-01-13T12:38:00+00:00","dateModified":"2025-09-11T04:00:45+00:00","description":"Th\u01b0\u01a1ng hi\u1ec7u: Lof Xu\u1ea5t x\u1ee9 th\u01b0\u01a1ng hi\u1ec7u: Vi\u1ec7t Nam Quy c\u00e1ch \u0111\u00f3ng g\u00f3i: h\u1ed9p 180ml,4 h\u1ed9p\/l\u1ed1c, 24 h\u1ed9p\/th\u00f9ng L\u01b0u \u00fd: Bao b\u00ec s\u1ea3n ph\u1ea9m c\u00f3 th\u1ec3 thay \u0111\u1ed5i theo t\u1eebng \u0111\u1ee3t nh\u1eadp h\u00e0ng","breadcrumb":{"@id":"https:\/\/dev.tolio.co.nz\/san-pham\/thung-24-hop-sua-bap-non-lif-180ml\/#breadcrumb"},"inLanguage":"en-US","potentialAction":[{"@type":"ReadAction","target":["https:\/\/dev.tolio.co.nz\/san-pham\/thung-24-hop-sua-bap-non-lif-180ml\/"]}]},{"@type":"ImageObject","inLanguage":"en-US","@id":"https:\/\/dev.tolio.co.nz\/san-pham\/thung-24-hop-sua-bap-non-lif-180ml\/#primaryimage","url":"https:\/\/dev.tolio.co.nz\/wp-content\/uploads\/2022\/01\/197.png","contentUrl":"https:\/\/dev.tolio.co.nz\/wp-content\/uploads\/2022\/01\/197.png","width":1000,"height":907},{"@type":"BreadcrumbList","@id":"https:\/\/dev.tolio.co.nz\/san-pham\/thung-24-hop-sua-bap-non-lif-180ml\/#breadcrumb","itemListElement":[{"@type":"ListItem","position":1,"name":"Home","item":"https:\/\/dev.tolio.co.nz\/"},{"@type":"ListItem","position":2,"name":"C\u1eeda h\u00e0ng","item":"https:\/\/dev.tolio.co.nz\/cua-hang\/"},{"@type":"ListItem","position":3,"name":"Th\u00f9ng 24 h\u1ed9p s\u1eefa b\u1eafp non LOF 180ml"}]},{"@type":"WebSite","@id":"https:\/\/dev.tolio.co.nz\/#website","url":"https:\/\/dev.tolio.co.nz\/","name":"TOLIO","description":"Vietnamese Grocery Online","potentialAction":[{"@type":"SearchAction","target":{"@type":"EntryPoint","urlTemplate":"https:\/\/dev.tolio.co.nz\/?s={search_term_string}"},"query-input":{"@type":"PropertyValueSpecification","valueRequired":true,"valueName":"search_term_string"}}],"inLanguage":"en-US"}]}},"_links":{"self":[{"href":"https:\/\/dev.tolio.co.nz\/en\/wp-json\/wp\/v2\/product\/1803","targetHints":{"allow":["GET"]}}],"collection":[{"href":"https:\/\/dev.tolio.co.nz\/en\/wp-json\/wp\/v2\/product"}],"about":[{"href":"https:\/\/dev.tolio.co.nz\/en\/wp-json\/wp\/v2\/types\/product"}],"replies":[{"embeddable":true,"href":"https:\/\/dev.tolio.co.nz\/en\/wp-json\/wp\/v2\/comments?post=1803"}],"wp:featuredmedia":[{"embeddable":true,"href":"https:\/\/dev.tolio.co.nz\/en\/wp-json\/wp\/v2\/media\/21603"}],"wp:attachment":[{"href":"https:\/\/dev.tolio.co.nz\/en\/wp-json\/wp\/v2\/media?parent=1803"}],"wp:term":[{"taxonomy":"product_brand","embeddable":true,"href":"https:\/\/dev.tolio.co.nz\/en\/wp-json\/wp\/v2\/product_brand?post=1803"},{"taxonomy":"product_cat","embeddable":true,"href":"https:\/\/dev.tolio.co.nz\/en\/wp-json\/wp\/v2\/product_cat?post=1803"},{"taxonomy":"product_tag","embeddable":true,"href":"https:\/\/dev.tolio.co.nz\/en\/wp-json\/wp\/v2\/product_tag?post=1803"}],"curies":[{"name":"wp","href":"https:\/\/api.w.org\/{rel}","templated":true}]}}