{"id":18074,"date":"2024-07-10T13:33:58","date_gmt":"2024-07-10T00:48:58","guid":{"rendered":"https:\/\/tolio.co.nz\/?post_type=product&#038;p=18074"},"modified":"2025-09-11T16:00:43","modified_gmt":"2025-09-11T04:00:43","slug":"khau-trang-y-te-4-lop-mau-xanh-duong-hop-50-cai","status":"publish","type":"product","link":"https:\/\/dev.tolio.co.nz\/en\/product\/medical-jewelry-box-4-packs-of-green-color-50-pieces\/","title":{"rendered":"Kh\u1ea9u trang y t\u1ebf 4 l\u1edbp m\u00e0u xanh d\u01b0\u01a1ng h\u1ed9p 50 c\u00e1i"},"content":{"rendered":"<p><strong>Kh\u1ea9u trang y t\u1ebf 4 l\u1edbp m\u00e0u xanh d\u01b0\u01a1ng h\u1ed9p 50 c\u00e1i <\/strong>\u0111\u01b0\u1ee3c c\u1ea5u t\u1ea1o b\u1edfi 4 l\u1edbp v\u1ea3i: 2 l\u1edbp v\u1ea3i kh\u00f4ng d\u1ec7t ch\u1ed1ng th\u1ea5m n\u01b0\u1edbc \u1edf ngo\u00e0i c\u00f9ng, l\u1edbp vi l\u1ecdc, v\u00e0 l\u1edbp h\u00fat \u1ea9m ch\u1ed1ng m\u1ed1c \u1edf b\u00ean trong. L\u1edbp v\u1ea3i l\u1ecdc kh\u00f4ng kh\u00ed kh\u00f4ng th\u1ea5m n\u01b0\u1edbc, tho\u00e1ng kh\u00ed cao, kh\u00f4ng g\u00e2y k\u00edch \u1ee9ng cho da. L\u1edbp gi\u1ea5y c\u00f3 ngu\u1ed3n g\u1ed1c t\u1ef1 nhi\u00ean, thanh t\u1ef1a m\u0169i d\u1ec5 \u0111\u1ecbnh h\u00ecnh gi\u00fap c\u1ed1 \u0111\u1ecbnh kh\u1ea9u trang v\u00e0 t\u1ea1o \u0111\u1ed9 k\u00edn, \u00f4m tr\u1ecdn khu\u00f4n m\u1eb7t. Kh\u1ea9u trang y t\u1ebf 4 l\u1edbp ng\u0103n ng\u1eeba vi khu\u1ea9n, kh\u00f3i b\u1ee5i v\u00e0 \u00f4 nhi\u1ec5m m\u00f4i tr\u01b0\u1eddng.<\/p>\n<p><strong>H\u01b0\u1edbng d\u1eabn s\u1eed d\u1ee5ng:<\/strong><\/p>\n<ul>\n<li>B\u00f3c bao b\u00ec, l\u1ea5y kh\u1ea9u trang ra, m\u1eafc 2 d\u00e2y v\u00e0o tai, k\u00e9o nh\u1eb9 kh\u1ea9u trang \u00f4m k\u00edn m\u0169i, mi\u1ec7ng, c\u1eb1m v\u00e0 d\u00f9ng tay b\u00f3p thanh n\u1eb9p m\u0169i kh\u1ea9u trang \u00f4m kh\u00edt v\u00e0o s\u1ed1ng m\u0169i.<\/li>\n<\/ul>\n<p><strong>B\u1ea3o qu\u1ea3n:<\/strong><\/p>\n<ul>\n<li>B\u1ea3o qu\u1ea3n n\u01a1i kh\u00f4 r\u00e1o, tho\u00e1ng m\u00e1t<\/li>\n<\/ul>\n<p><strong>H\u1ea1n s\u1eed d\u1ee5ng:<\/strong> 03 n\u0103m k\u1ec3 t\u1eeb ng\u00e0y s\u1ea3n xu\u1ea5t<\/p>\n<p>&nbsp;<\/p>","protected":false},"excerpt":{"rendered":"<ul>\n<li>Th\u01b0\u01a1ng hi\u1ec7u: Vi\u1ec7t Nam<\/li>\n<li>Xu\u1ea5t x\u1ee9 th\u01b0\u01a1ng hi\u1ec7u: Vi\u1ec7t Nam<\/li>\n<li>Quy c\u00e1ch \u0111\u00f3ng g\u00f3i: 50 c\u00e1i\/h\u1ed9p, 50 h\u1ed9p\/ th\u00f9ng<\/li>\n<li>L\u01b0u \u00fd: Bao b\u00ec s\u1ea3n ph\u1ea9m c\u00f3 th\u1ec3 thay \u0111\u1ed5i theo t\u1eebng \u0111\u1ee3t nh\u1eadp h\u00e0ng<\/li>\n<\/ul>","protected":false},"featured_media":20633,"comment_status":"open","ping_status":"closed","template":"","meta":[],"product_brand":[],"product_cat":[49,31],"product_tag":[936],"class_list":{"0":"post-18074","1":"product","2":"type-product","3":"status-publish","4":"has-post-thumbnail","6":"product_cat-non-food","7":"product_cat-hang-moi-ve","8":"product_tag-khau-trang-y-te","10":"first","11":"instock","12":"shipping-taxable","13":"purchasable","14":"product-type-simple"},"yoast_head":"<!-- This site is optimized with the Yoast SEO plugin v24.4 - https:\/\/yoast.com\/wordpress\/plugins\/seo\/ -->\n<title>Kh\u1ea9u trang y t\u1ebf 4 l\u1edbp m\u00e0u xanh d\u01b0\u01a1ng h\u1ed9p 50 c\u00e1i - TOLIO<\/title>\n<meta name=\"description\" content=\"Th\u01b0\u01a1ng hi\u1ec7u: Vi\u1ec7t Nam  Xu\u1ea5t x\u1ee9 th\u01b0\u01a1ng hi\u1ec7u: Vi\u1ec7t Nam  Quy c\u00e1ch \u0111\u00f3ng g\u00f3i: 50 c\u00e1i\/h\u1ed9p, 50 h\u1ed9p\/ th\u00f9ng  L\u01b0u \u00fd: Bao b\u00ec s\u1ea3n ph\u1ea9m c\u00f3 th\u1ec3 thay \u0111\u1ed5i theo t\u1eebng \u0111\u1ee3t nh\u1eadp h\u00e0ng\" \/>\n<meta name=\"robots\" content=\"index, follow, max-snippet:-1, max-image-preview:large, max-video-preview:-1\" \/>\n<link rel=\"canonical\" href=\"https:\/\/dev.tolio.co.nz\/en\/product\/medical-jewelry-box-4-packs-of-green-color-50-pieces\/\" \/>\n<meta property=\"og:locale\" content=\"en_US\" \/>\n<meta property=\"og:type\" content=\"article\" \/>\n<meta property=\"og:title\" content=\"Kh\u1ea9u trang y t\u1ebf 4 l\u1edbp m\u00e0u xanh d\u01b0\u01a1ng h\u1ed9p 50 c\u00e1i - TOLIO\" \/>\n<meta property=\"og:description\" content=\"Th\u01b0\u01a1ng hi\u1ec7u: Vi\u1ec7t Nam  Xu\u1ea5t x\u1ee9 th\u01b0\u01a1ng hi\u1ec7u: Vi\u1ec7t Nam  Quy c\u00e1ch \u0111\u00f3ng g\u00f3i: 50 c\u00e1i\/h\u1ed9p, 50 h\u1ed9p\/ th\u00f9ng  L\u01b0u \u00fd: Bao b\u00ec s\u1ea3n ph\u1ea9m c\u00f3 th\u1ec3 thay \u0111\u1ed5i theo t\u1eebng \u0111\u1ee3t nh\u1eadp h\u00e0ng\" \/>\n<meta property=\"og:url\" content=\"https:\/\/dev.tolio.co.nz\/en\/product\/medical-jewelry-box-4-packs-of-green-color-50-pieces\/\" \/>\n<meta property=\"og:site_name\" content=\"TOLIO\" \/>\n<meta property=\"article:modified_time\" content=\"2025-09-11T04:00:43+00:00\" \/>\n<meta property=\"og:image\" content=\"https:\/\/dev.tolio.co.nz\/wp-content\/uploads\/2024\/07\/179-1.png\" \/>\n\t<meta property=\"og:image:width\" content=\"1000\" \/>\n\t<meta property=\"og:image:height\" content=\"907\" \/>\n\t<meta property=\"og:image:type\" content=\"image\/png\" \/>\n<meta name=\"twitter:card\" content=\"summary_large_image\" \/>\n<meta name=\"twitter:label1\" content=\"Est. reading time\" \/>\n\t<meta name=\"twitter:data1\" content=\"1 minute\" \/>\n<script type=\"application\/ld+json\" class=\"yoast-schema-graph\">{\"@context\":\"https:\/\/schema.org\",\"@graph\":[{\"@type\":\"WebPage\",\"@id\":\"https:\/\/dev.tolio.co.nz\/san-pham\/khau-trang-y-te-4-lop-mau-xanh-duong-hop-50-cai\/\",\"url\":\"https:\/\/dev.tolio.co.nz\/san-pham\/khau-trang-y-te-4-lop-mau-xanh-duong-hop-50-cai\/\",\"name\":\"Kh\u1ea9u trang y t\u1ebf 4 l\u1edbp m\u00e0u xanh d\u01b0\u01a1ng h\u1ed9p 50 c\u00e1i - TOLIO\",\"isPartOf\":{\"@id\":\"https:\/\/dev.tolio.co.nz\/#website\"},\"primaryImageOfPage\":{\"@id\":\"https:\/\/dev.tolio.co.nz\/san-pham\/khau-trang-y-te-4-lop-mau-xanh-duong-hop-50-cai\/#primaryimage\"},\"image\":{\"@id\":\"https:\/\/dev.tolio.co.nz\/san-pham\/khau-trang-y-te-4-lop-mau-xanh-duong-hop-50-cai\/#primaryimage\"},\"thumbnailUrl\":\"https:\/\/dev.tolio.co.nz\/wp-content\/uploads\/2024\/07\/179-1.png\",\"datePublished\":\"2024-07-10T00:48:58+00:00\",\"dateModified\":\"2025-09-11T04:00:43+00:00\",\"description\":\"Th\u01b0\u01a1ng hi\u1ec7u: Vi\u1ec7t Nam Xu\u1ea5t x\u1ee9 th\u01b0\u01a1ng hi\u1ec7u: Vi\u1ec7t Nam Quy c\u00e1ch \u0111\u00f3ng g\u00f3i: 50 c\u00e1i\/h\u1ed9p, 50 h\u1ed9p\/ th\u00f9ng L\u01b0u \u00fd: Bao b\u00ec s\u1ea3n ph\u1ea9m c\u00f3 th\u1ec3 thay \u0111\u1ed5i theo t\u1eebng \u0111\u1ee3t nh\u1eadp h\u00e0ng\",\"breadcrumb\":{\"@id\":\"https:\/\/dev.tolio.co.nz\/san-pham\/khau-trang-y-te-4-lop-mau-xanh-duong-hop-50-cai\/#breadcrumb\"},\"inLanguage\":\"en-US\",\"potentialAction\":[{\"@type\":\"ReadAction\",\"target\":[\"https:\/\/dev.tolio.co.nz\/san-pham\/khau-trang-y-te-4-lop-mau-xanh-duong-hop-50-cai\/\"]}]},{\"@type\":\"ImageObject\",\"inLanguage\":\"en-US\",\"@id\":\"https:\/\/dev.tolio.co.nz\/san-pham\/khau-trang-y-te-4-lop-mau-xanh-duong-hop-50-cai\/#primaryimage\",\"url\":\"https:\/\/dev.tolio.co.nz\/wp-content\/uploads\/2024\/07\/179-1.png\",\"contentUrl\":\"https:\/\/dev.tolio.co.nz\/wp-content\/uploads\/2024\/07\/179-1.png\",\"width\":1000,\"height\":907},{\"@type\":\"BreadcrumbList\",\"@id\":\"https:\/\/dev.tolio.co.nz\/san-pham\/khau-trang-y-te-4-lop-mau-xanh-duong-hop-50-cai\/#breadcrumb\",\"itemListElement\":[{\"@type\":\"ListItem\",\"position\":1,\"name\":\"Home\",\"item\":\"https:\/\/dev.tolio.co.nz\/\"},{\"@type\":\"ListItem\",\"position\":2,\"name\":\"C\u1eeda h\u00e0ng\",\"item\":\"https:\/\/dev.tolio.co.nz\/cua-hang\/\"},{\"@type\":\"ListItem\",\"position\":3,\"name\":\"Kh\u1ea9u trang y t\u1ebf 4 l\u1edbp m\u00e0u xanh d\u01b0\u01a1ng h\u1ed9p 50 c\u00e1i\"}]},{\"@type\":\"WebSite\",\"@id\":\"https:\/\/dev.tolio.co.nz\/#website\",\"url\":\"https:\/\/dev.tolio.co.nz\/\",\"name\":\"TOLIO\",\"description\":\"Vietnamese Grocery Online\",\"potentialAction\":[{\"@type\":\"SearchAction\",\"target\":{\"@type\":\"EntryPoint\",\"urlTemplate\":\"https:\/\/dev.tolio.co.nz\/?s={search_term_string}\"},\"query-input\":{\"@type\":\"PropertyValueSpecification\",\"valueRequired\":true,\"valueName\":\"search_term_string\"}}],\"inLanguage\":\"en-US\"}]}<\/script>\n<!-- \/ Yoast SEO plugin. -->","yoast_head_json":{"title":"Kh\u1ea9u trang y t\u1ebf 4 l\u1edbp m\u00e0u xanh d\u01b0\u01a1ng h\u1ed9p 50 c\u00e1i - TOLIO","description":"Th\u01b0\u01a1ng hi\u1ec7u: Vi\u1ec7t Nam  Xu\u1ea5t x\u1ee9 th\u01b0\u01a1ng hi\u1ec7u: Vi\u1ec7t Nam  Quy c\u00e1ch \u0111\u00f3ng g\u00f3i: 50 c\u00e1i\/h\u1ed9p, 50 h\u1ed9p\/ th\u00f9ng  L\u01b0u \u00fd: Bao b\u00ec s\u1ea3n ph\u1ea9m c\u00f3 th\u1ec3 thay \u0111\u1ed5i theo t\u1eebng \u0111\u1ee3t nh\u1eadp h\u00e0ng","robots":{"index":"index","follow":"follow","max-snippet":"max-snippet:-1","max-image-preview":"max-image-preview:large","max-video-preview":"max-video-preview:-1"},"canonical":"https:\/\/dev.tolio.co.nz\/en\/product\/medical-jewelry-box-4-packs-of-green-color-50-pieces\/","og_locale":"en_US","og_type":"article","og_title":"Kh\u1ea9u trang y t\u1ebf 4 l\u1edbp m\u00e0u xanh d\u01b0\u01a1ng h\u1ed9p 50 c\u00e1i - TOLIO","og_description":"Th\u01b0\u01a1ng hi\u1ec7u: Vi\u1ec7t Nam  Xu\u1ea5t x\u1ee9 th\u01b0\u01a1ng hi\u1ec7u: Vi\u1ec7t Nam  Quy c\u00e1ch \u0111\u00f3ng g\u00f3i: 50 c\u00e1i\/h\u1ed9p, 50 h\u1ed9p\/ th\u00f9ng  L\u01b0u \u00fd: Bao b\u00ec s\u1ea3n ph\u1ea9m c\u00f3 th\u1ec3 thay \u0111\u1ed5i theo t\u1eebng \u0111\u1ee3t nh\u1eadp h\u00e0ng","og_url":"https:\/\/dev.tolio.co.nz\/en\/product\/medical-jewelry-box-4-packs-of-green-color-50-pieces\/","og_site_name":"TOLIO","article_modified_time":"2025-09-11T04:00:43+00:00","og_image":[{"width":1000,"height":907,"url":"https:\/\/dev.tolio.co.nz\/wp-content\/uploads\/2024\/07\/179-1.png","type":"image\/png"}],"twitter_card":"summary_large_image","twitter_misc":{"Est. reading time":"1 minute"},"schema":{"@context":"https:\/\/schema.org","@graph":[{"@type":"WebPage","@id":"https:\/\/dev.tolio.co.nz\/san-pham\/khau-trang-y-te-4-lop-mau-xanh-duong-hop-50-cai\/","url":"https:\/\/dev.tolio.co.nz\/san-pham\/khau-trang-y-te-4-lop-mau-xanh-duong-hop-50-cai\/","name":"Kh\u1ea9u trang y t\u1ebf 4 l\u1edbp m\u00e0u xanh d\u01b0\u01a1ng h\u1ed9p 50 c\u00e1i - TOLIO","isPartOf":{"@id":"https:\/\/dev.tolio.co.nz\/#website"},"primaryImageOfPage":{"@id":"https:\/\/dev.tolio.co.nz\/san-pham\/khau-trang-y-te-4-lop-mau-xanh-duong-hop-50-cai\/#primaryimage"},"image":{"@id":"https:\/\/dev.tolio.co.nz\/san-pham\/khau-trang-y-te-4-lop-mau-xanh-duong-hop-50-cai\/#primaryimage"},"thumbnailUrl":"https:\/\/dev.tolio.co.nz\/wp-content\/uploads\/2024\/07\/179-1.png","datePublished":"2024-07-10T00:48:58+00:00","dateModified":"2025-09-11T04:00:43+00:00","description":"Th\u01b0\u01a1ng hi\u1ec7u: Vi\u1ec7t Nam Xu\u1ea5t x\u1ee9 th\u01b0\u01a1ng hi\u1ec7u: Vi\u1ec7t Nam Quy c\u00e1ch \u0111\u00f3ng g\u00f3i: 50 c\u00e1i\/h\u1ed9p, 50 h\u1ed9p\/ th\u00f9ng L\u01b0u \u00fd: Bao b\u00ec s\u1ea3n ph\u1ea9m c\u00f3 th\u1ec3 thay \u0111\u1ed5i theo t\u1eebng \u0111\u1ee3t nh\u1eadp h\u00e0ng","breadcrumb":{"@id":"https:\/\/dev.tolio.co.nz\/san-pham\/khau-trang-y-te-4-lop-mau-xanh-duong-hop-50-cai\/#breadcrumb"},"inLanguage":"en-US","potentialAction":[{"@type":"ReadAction","target":["https:\/\/dev.tolio.co.nz\/san-pham\/khau-trang-y-te-4-lop-mau-xanh-duong-hop-50-cai\/"]}]},{"@type":"ImageObject","inLanguage":"en-US","@id":"https:\/\/dev.tolio.co.nz\/san-pham\/khau-trang-y-te-4-lop-mau-xanh-duong-hop-50-cai\/#primaryimage","url":"https:\/\/dev.tolio.co.nz\/wp-content\/uploads\/2024\/07\/179-1.png","contentUrl":"https:\/\/dev.tolio.co.nz\/wp-content\/uploads\/2024\/07\/179-1.png","width":1000,"height":907},{"@type":"BreadcrumbList","@id":"https:\/\/dev.tolio.co.nz\/san-pham\/khau-trang-y-te-4-lop-mau-xanh-duong-hop-50-cai\/#breadcrumb","itemListElement":[{"@type":"ListItem","position":1,"name":"Home","item":"https:\/\/dev.tolio.co.nz\/"},{"@type":"ListItem","position":2,"name":"C\u1eeda h\u00e0ng","item":"https:\/\/dev.tolio.co.nz\/cua-hang\/"},{"@type":"ListItem","position":3,"name":"Kh\u1ea9u trang y t\u1ebf 4 l\u1edbp m\u00e0u xanh d\u01b0\u01a1ng h\u1ed9p 50 c\u00e1i"}]},{"@type":"WebSite","@id":"https:\/\/dev.tolio.co.nz\/#website","url":"https:\/\/dev.tolio.co.nz\/","name":"TOLIO","description":"Vietnamese Grocery Online","potentialAction":[{"@type":"SearchAction","target":{"@type":"EntryPoint","urlTemplate":"https:\/\/dev.tolio.co.nz\/?s={search_term_string}"},"query-input":{"@type":"PropertyValueSpecification","valueRequired":true,"valueName":"search_term_string"}}],"inLanguage":"en-US"}]}},"_links":{"self":[{"href":"https:\/\/dev.tolio.co.nz\/en\/wp-json\/wp\/v2\/product\/18074","targetHints":{"allow":["GET"]}}],"collection":[{"href":"https:\/\/dev.tolio.co.nz\/en\/wp-json\/wp\/v2\/product"}],"about":[{"href":"https:\/\/dev.tolio.co.nz\/en\/wp-json\/wp\/v2\/types\/product"}],"replies":[{"embeddable":true,"href":"https:\/\/dev.tolio.co.nz\/en\/wp-json\/wp\/v2\/comments?post=18074"}],"wp:featuredmedia":[{"embeddable":true,"href":"https:\/\/dev.tolio.co.nz\/en\/wp-json\/wp\/v2\/media\/20633"}],"wp:attachment":[{"href":"https:\/\/dev.tolio.co.nz\/en\/wp-json\/wp\/v2\/media?parent=18074"}],"wp:term":[{"taxonomy":"product_brand","embeddable":true,"href":"https:\/\/dev.tolio.co.nz\/en\/wp-json\/wp\/v2\/product_brand?post=18074"},{"taxonomy":"product_cat","embeddable":true,"href":"https:\/\/dev.tolio.co.nz\/en\/wp-json\/wp\/v2\/product_cat?post=18074"},{"taxonomy":"product_tag","embeddable":true,"href":"https:\/\/dev.tolio.co.nz\/en\/wp-json\/wp\/v2\/product_tag?post=18074"}],"curies":[{"name":"wp","href":"https:\/\/api.w.org\/{rel}","templated":true}]}}