{"id":18088,"date":"2024-07-10T14:12:03","date_gmt":"2024-07-10T01:27:03","guid":{"rendered":"https:\/\/tolio.co.nz\/?post_type=product&#038;p=18088"},"modified":"2025-09-11T16:00:43","modified_gmt":"2025-09-11T04:00:43","slug":"gang-tay-y-te-khong-bot-vglove-size-m-hop-100-cai-50-cap","status":"publish","type":"product","link":"https:\/\/dev.tolio.co.nz\/en\/product\/non-bottled-medical-gloves-vglove-size-m-hop-100-pieces-50-caps\/","title":{"rendered":"G\u0103ng tay y t\u1ebf kh\u00f4ng b\u1ed9t VGlove size M h\u1ed9p 100 c\u00e1i (50 c\u1eb7p)"},"content":{"rendered":"<p><strong>G\u0103ng tay y t\u1ebf kh\u00f4ng b\u1ed9t VGlove size M <\/strong>\u0111\u01b0\u1ee3c l\u00e0m t\u1eeb 100% cao su thi\u00ean nhi\u00ean, b\u1ea3o v\u1ec7 \u0111\u00f4i tay c\u1ee7a b\u1ea1n kh\u1ecfi c\u00e1c ch\u1ea5t kh\u00f4ng mong mu\u1ed1n ho\u1eb7c nguy hi\u1ec3m, \u0111em l\u1ea1i s\u1ef1 m\u1ec1m m\u1ea1i v\u1eeba v\u1eb7n cho \u0111\u00f4i tay m\u1ed9t c\u00e1ch t\u1ef1 nhi\u00ean. G\u0103ng tay y t\u1ebf kh\u00f4ng b\u1ed9t VGlove c\u00f3 m\u00e9p cu\u1ed1n c\u1ed5 tay, gi\u00fap cho vi\u1ec7c \u0111ep g\u0103ng tay tr\u1edf n\u00ean d\u1ec5 d\u00e0ng h\u01a1n.<\/p>\n<p><strong>H\u01b0\u1edbng d\u1eabn s\u1eed d\u1ee5ng:\u00a0<\/strong><\/p>\n<ul>\n<li>Ki\u1ec3m tra tay c\u1ee7a b\u1ea1n v\u00e0 ch\u1ecdn size ph\u00f9 h\u1ee3p, r\u1eeda tay s\u1ea1ch tr\u01b0\u1edbc khi mang g\u0103ng tay<\/li>\n<\/ul>\n<p><strong>B\u1ea3o qu\u1ea3n:\u00a0<\/strong><\/p>\n<ul>\n<li>B\u1ea3o qu\u1ea3n n\u01a1i kh\u00f4 m\u00e1t, tr\u00e1nh \u00e1nh n\u1eafng tr\u1ef1c ti\u1ebfp, m\u00f4i tr\u01b0\u1eddng c\u00f3 nhi\u1ec7t \u0111\u1ed9 cao tr\u00ean 38 \u0111\u1ed9 C.<\/li>\n<\/ul>\n<p><strong>H\u1ea1n s\u1eed d\u1ee5ng:<\/strong> 05 n\u0103m k\u1ec3 t\u1eeb ng\u00e0y s\u1ea3n xu\u1ea5t<\/p>","protected":false},"excerpt":{"rendered":"<ul>\n<li>Th\u01b0\u01a1ng hi\u1ec7u: Vglove<\/li>\n<li>Xu\u1ea5t x\u1ee9 th\u01b0\u01a1ng hi\u1ec7u: Vi\u1ec7t Nam<\/li>\n<li>Quy c\u00e1ch \u0111\u00f3ng g\u00f3i: 100 c\u00e1i (50 \u0111\u00f4i)\/ h\u1ed9p<\/li>\n<li>L\u01b0u \u00fd: Bao b\u00ec s\u1ea3n ph\u1ea9m c\u00f3 th\u1ec3 thay \u0111\u1ed5i theo t\u1eebng \u0111\u1ee3t nh\u1eadp h\u00e0ng<\/li>\n<\/ul>","protected":false},"featured_media":20631,"comment_status":"open","ping_status":"closed","template":"","meta":[],"product_brand":[],"product_cat":[49,31],"product_tag":[938],"class_list":{"0":"post-18088","1":"product","2":"type-product","3":"status-publish","4":"has-post-thumbnail","6":"product_cat-non-food","7":"product_cat-hang-moi-ve","8":"product_tag-gang-tay","9":"pa_thuong-hieu-vglove","11":"first","12":"instock","13":"shipping-taxable","14":"purchasable","15":"product-type-simple"},"yoast_head":"<!-- This site is optimized with the Yoast SEO plugin v24.4 - https:\/\/yoast.com\/wordpress\/plugins\/seo\/ -->\n<title>G\u0103ng tay y t\u1ebf kh\u00f4ng b\u1ed9t VGlove size M h\u1ed9p 100 c\u00e1i (50 c\u1eb7p) - TOLIO<\/title>\n<meta name=\"description\" content=\"Th\u01b0\u01a1ng hi\u1ec7u: Vglove  Xu\u1ea5t x\u1ee9 th\u01b0\u01a1ng hi\u1ec7u: Vi\u1ec7t Nam  Quy c\u00e1ch \u0111\u00f3ng g\u00f3i: 100 c\u00e1i (50 \u0111\u00f4i)\/ h\u1ed9p  L\u01b0u \u00fd: Bao b\u00ec s\u1ea3n ph\u1ea9m c\u00f3 th\u1ec3 thay \u0111\u1ed5i theo t\u1eebng \u0111\u1ee3t nh\u1eadp h\u00e0ng\" \/>\n<meta name=\"robots\" content=\"index, follow, max-snippet:-1, max-image-preview:large, max-video-preview:-1\" \/>\n<link rel=\"canonical\" href=\"https:\/\/dev.tolio.co.nz\/en\/product\/non-bottled-medical-gloves-vglove-size-m-hop-100-pieces-50-caps\/\" \/>\n<meta property=\"og:locale\" content=\"en_US\" \/>\n<meta property=\"og:type\" content=\"article\" \/>\n<meta property=\"og:title\" content=\"G\u0103ng tay y t\u1ebf kh\u00f4ng b\u1ed9t VGlove size M h\u1ed9p 100 c\u00e1i (50 c\u1eb7p) - TOLIO\" \/>\n<meta property=\"og:description\" content=\"Th\u01b0\u01a1ng hi\u1ec7u: Vglove  Xu\u1ea5t x\u1ee9 th\u01b0\u01a1ng hi\u1ec7u: Vi\u1ec7t Nam  Quy c\u00e1ch \u0111\u00f3ng g\u00f3i: 100 c\u00e1i (50 \u0111\u00f4i)\/ h\u1ed9p  L\u01b0u \u00fd: Bao b\u00ec s\u1ea3n ph\u1ea9m c\u00f3 th\u1ec3 thay \u0111\u1ed5i theo t\u1eebng \u0111\u1ee3t nh\u1eadp h\u00e0ng\" \/>\n<meta property=\"og:url\" content=\"https:\/\/dev.tolio.co.nz\/en\/product\/non-bottled-medical-gloves-vglove-size-m-hop-100-pieces-50-caps\/\" \/>\n<meta property=\"og:site_name\" content=\"TOLIO\" \/>\n<meta property=\"article:modified_time\" content=\"2025-09-11T04:00:43+00:00\" \/>\n<meta property=\"og:image\" content=\"https:\/\/dev.tolio.co.nz\/wp-content\/uploads\/2024\/07\/177-1.png\" \/>\n\t<meta property=\"og:image:width\" content=\"1000\" \/>\n\t<meta property=\"og:image:height\" content=\"907\" \/>\n\t<meta property=\"og:image:type\" content=\"image\/png\" \/>\n<meta name=\"twitter:card\" content=\"summary_large_image\" \/>\n<meta name=\"twitter:label1\" content=\"Est. reading time\" \/>\n\t<meta name=\"twitter:data1\" content=\"1 minute\" \/>\n<script type=\"application\/ld+json\" class=\"yoast-schema-graph\">{\"@context\":\"https:\/\/schema.org\",\"@graph\":[{\"@type\":\"WebPage\",\"@id\":\"https:\/\/dev.tolio.co.nz\/san-pham\/gang-tay-y-te-khong-bot-vglove-size-m-hop-100-cai-50-cap\/\",\"url\":\"https:\/\/dev.tolio.co.nz\/san-pham\/gang-tay-y-te-khong-bot-vglove-size-m-hop-100-cai-50-cap\/\",\"name\":\"G\u0103ng tay y t\u1ebf kh\u00f4ng b\u1ed9t VGlove size M h\u1ed9p 100 c\u00e1i (50 c\u1eb7p) - TOLIO\",\"isPartOf\":{\"@id\":\"https:\/\/dev.tolio.co.nz\/#website\"},\"primaryImageOfPage\":{\"@id\":\"https:\/\/dev.tolio.co.nz\/san-pham\/gang-tay-y-te-khong-bot-vglove-size-m-hop-100-cai-50-cap\/#primaryimage\"},\"image\":{\"@id\":\"https:\/\/dev.tolio.co.nz\/san-pham\/gang-tay-y-te-khong-bot-vglove-size-m-hop-100-cai-50-cap\/#primaryimage\"},\"thumbnailUrl\":\"https:\/\/dev.tolio.co.nz\/wp-content\/uploads\/2024\/07\/177-1.png\",\"datePublished\":\"2024-07-10T01:27:03+00:00\",\"dateModified\":\"2025-09-11T04:00:43+00:00\",\"description\":\"Th\u01b0\u01a1ng hi\u1ec7u: Vglove Xu\u1ea5t x\u1ee9 th\u01b0\u01a1ng hi\u1ec7u: Vi\u1ec7t Nam Quy c\u00e1ch \u0111\u00f3ng g\u00f3i: 100 c\u00e1i (50 \u0111\u00f4i)\/ h\u1ed9p L\u01b0u \u00fd: Bao b\u00ec s\u1ea3n ph\u1ea9m c\u00f3 th\u1ec3 thay \u0111\u1ed5i theo t\u1eebng \u0111\u1ee3t nh\u1eadp h\u00e0ng\",\"breadcrumb\":{\"@id\":\"https:\/\/dev.tolio.co.nz\/san-pham\/gang-tay-y-te-khong-bot-vglove-size-m-hop-100-cai-50-cap\/#breadcrumb\"},\"inLanguage\":\"en-US\",\"potentialAction\":[{\"@type\":\"ReadAction\",\"target\":[\"https:\/\/dev.tolio.co.nz\/san-pham\/gang-tay-y-te-khong-bot-vglove-size-m-hop-100-cai-50-cap\/\"]}]},{\"@type\":\"ImageObject\",\"inLanguage\":\"en-US\",\"@id\":\"https:\/\/dev.tolio.co.nz\/san-pham\/gang-tay-y-te-khong-bot-vglove-size-m-hop-100-cai-50-cap\/#primaryimage\",\"url\":\"https:\/\/dev.tolio.co.nz\/wp-content\/uploads\/2024\/07\/177-1.png\",\"contentUrl\":\"https:\/\/dev.tolio.co.nz\/wp-content\/uploads\/2024\/07\/177-1.png\",\"width\":1000,\"height\":907},{\"@type\":\"BreadcrumbList\",\"@id\":\"https:\/\/dev.tolio.co.nz\/san-pham\/gang-tay-y-te-khong-bot-vglove-size-m-hop-100-cai-50-cap\/#breadcrumb\",\"itemListElement\":[{\"@type\":\"ListItem\",\"position\":1,\"name\":\"Home\",\"item\":\"https:\/\/dev.tolio.co.nz\/\"},{\"@type\":\"ListItem\",\"position\":2,\"name\":\"C\u1eeda h\u00e0ng\",\"item\":\"https:\/\/dev.tolio.co.nz\/cua-hang\/\"},{\"@type\":\"ListItem\",\"position\":3,\"name\":\"G\u0103ng tay y t\u1ebf kh\u00f4ng b\u1ed9t VGlove size M h\u1ed9p 100 c\u00e1i (50 c\u1eb7p)\"}]},{\"@type\":\"WebSite\",\"@id\":\"https:\/\/dev.tolio.co.nz\/#website\",\"url\":\"https:\/\/dev.tolio.co.nz\/\",\"name\":\"TOLIO\",\"description\":\"Vietnamese Grocery Online\",\"potentialAction\":[{\"@type\":\"SearchAction\",\"target\":{\"@type\":\"EntryPoint\",\"urlTemplate\":\"https:\/\/dev.tolio.co.nz\/?s={search_term_string}\"},\"query-input\":{\"@type\":\"PropertyValueSpecification\",\"valueRequired\":true,\"valueName\":\"search_term_string\"}}],\"inLanguage\":\"en-US\"}]}<\/script>\n<!-- \/ Yoast SEO plugin. -->","yoast_head_json":{"title":"G\u0103ng tay y t\u1ebf kh\u00f4ng b\u1ed9t VGlove size M h\u1ed9p 100 c\u00e1i (50 c\u1eb7p) - TOLIO","description":"Th\u01b0\u01a1ng hi\u1ec7u: Vglove  Xu\u1ea5t x\u1ee9 th\u01b0\u01a1ng hi\u1ec7u: Vi\u1ec7t Nam  Quy c\u00e1ch \u0111\u00f3ng g\u00f3i: 100 c\u00e1i (50 \u0111\u00f4i)\/ h\u1ed9p  L\u01b0u \u00fd: Bao b\u00ec s\u1ea3n ph\u1ea9m c\u00f3 th\u1ec3 thay \u0111\u1ed5i theo t\u1eebng \u0111\u1ee3t nh\u1eadp h\u00e0ng","robots":{"index":"index","follow":"follow","max-snippet":"max-snippet:-1","max-image-preview":"max-image-preview:large","max-video-preview":"max-video-preview:-1"},"canonical":"https:\/\/dev.tolio.co.nz\/en\/product\/non-bottled-medical-gloves-vglove-size-m-hop-100-pieces-50-caps\/","og_locale":"en_US","og_type":"article","og_title":"G\u0103ng tay y t\u1ebf kh\u00f4ng b\u1ed9t VGlove size M h\u1ed9p 100 c\u00e1i (50 c\u1eb7p) - TOLIO","og_description":"Th\u01b0\u01a1ng hi\u1ec7u: Vglove  Xu\u1ea5t x\u1ee9 th\u01b0\u01a1ng hi\u1ec7u: Vi\u1ec7t Nam  Quy c\u00e1ch \u0111\u00f3ng g\u00f3i: 100 c\u00e1i (50 \u0111\u00f4i)\/ h\u1ed9p  L\u01b0u \u00fd: Bao b\u00ec s\u1ea3n ph\u1ea9m c\u00f3 th\u1ec3 thay \u0111\u1ed5i theo t\u1eebng \u0111\u1ee3t nh\u1eadp h\u00e0ng","og_url":"https:\/\/dev.tolio.co.nz\/en\/product\/non-bottled-medical-gloves-vglove-size-m-hop-100-pieces-50-caps\/","og_site_name":"TOLIO","article_modified_time":"2025-09-11T04:00:43+00:00","og_image":[{"width":1000,"height":907,"url":"https:\/\/dev.tolio.co.nz\/wp-content\/uploads\/2024\/07\/177-1.png","type":"image\/png"}],"twitter_card":"summary_large_image","twitter_misc":{"Est. reading time":"1 minute"},"schema":{"@context":"https:\/\/schema.org","@graph":[{"@type":"WebPage","@id":"https:\/\/dev.tolio.co.nz\/san-pham\/gang-tay-y-te-khong-bot-vglove-size-m-hop-100-cai-50-cap\/","url":"https:\/\/dev.tolio.co.nz\/san-pham\/gang-tay-y-te-khong-bot-vglove-size-m-hop-100-cai-50-cap\/","name":"G\u0103ng tay y t\u1ebf kh\u00f4ng b\u1ed9t VGlove size M h\u1ed9p 100 c\u00e1i (50 c\u1eb7p) - TOLIO","isPartOf":{"@id":"https:\/\/dev.tolio.co.nz\/#website"},"primaryImageOfPage":{"@id":"https:\/\/dev.tolio.co.nz\/san-pham\/gang-tay-y-te-khong-bot-vglove-size-m-hop-100-cai-50-cap\/#primaryimage"},"image":{"@id":"https:\/\/dev.tolio.co.nz\/san-pham\/gang-tay-y-te-khong-bot-vglove-size-m-hop-100-cai-50-cap\/#primaryimage"},"thumbnailUrl":"https:\/\/dev.tolio.co.nz\/wp-content\/uploads\/2024\/07\/177-1.png","datePublished":"2024-07-10T01:27:03+00:00","dateModified":"2025-09-11T04:00:43+00:00","description":"Th\u01b0\u01a1ng hi\u1ec7u: Vglove Xu\u1ea5t x\u1ee9 th\u01b0\u01a1ng hi\u1ec7u: Vi\u1ec7t Nam Quy c\u00e1ch \u0111\u00f3ng g\u00f3i: 100 c\u00e1i (50 \u0111\u00f4i)\/ h\u1ed9p L\u01b0u \u00fd: Bao b\u00ec s\u1ea3n ph\u1ea9m c\u00f3 th\u1ec3 thay \u0111\u1ed5i theo t\u1eebng \u0111\u1ee3t nh\u1eadp h\u00e0ng","breadcrumb":{"@id":"https:\/\/dev.tolio.co.nz\/san-pham\/gang-tay-y-te-khong-bot-vglove-size-m-hop-100-cai-50-cap\/#breadcrumb"},"inLanguage":"en-US","potentialAction":[{"@type":"ReadAction","target":["https:\/\/dev.tolio.co.nz\/san-pham\/gang-tay-y-te-khong-bot-vglove-size-m-hop-100-cai-50-cap\/"]}]},{"@type":"ImageObject","inLanguage":"en-US","@id":"https:\/\/dev.tolio.co.nz\/san-pham\/gang-tay-y-te-khong-bot-vglove-size-m-hop-100-cai-50-cap\/#primaryimage","url":"https:\/\/dev.tolio.co.nz\/wp-content\/uploads\/2024\/07\/177-1.png","contentUrl":"https:\/\/dev.tolio.co.nz\/wp-content\/uploads\/2024\/07\/177-1.png","width":1000,"height":907},{"@type":"BreadcrumbList","@id":"https:\/\/dev.tolio.co.nz\/san-pham\/gang-tay-y-te-khong-bot-vglove-size-m-hop-100-cai-50-cap\/#breadcrumb","itemListElement":[{"@type":"ListItem","position":1,"name":"Home","item":"https:\/\/dev.tolio.co.nz\/"},{"@type":"ListItem","position":2,"name":"C\u1eeda h\u00e0ng","item":"https:\/\/dev.tolio.co.nz\/cua-hang\/"},{"@type":"ListItem","position":3,"name":"G\u0103ng tay y t\u1ebf kh\u00f4ng b\u1ed9t VGlove size M h\u1ed9p 100 c\u00e1i (50 c\u1eb7p)"}]},{"@type":"WebSite","@id":"https:\/\/dev.tolio.co.nz\/#website","url":"https:\/\/dev.tolio.co.nz\/","name":"TOLIO","description":"Vietnamese Grocery Online","potentialAction":[{"@type":"SearchAction","target":{"@type":"EntryPoint","urlTemplate":"https:\/\/dev.tolio.co.nz\/?s={search_term_string}"},"query-input":{"@type":"PropertyValueSpecification","valueRequired":true,"valueName":"search_term_string"}}],"inLanguage":"en-US"}]}},"_links":{"self":[{"href":"https:\/\/dev.tolio.co.nz\/en\/wp-json\/wp\/v2\/product\/18088","targetHints":{"allow":["GET"]}}],"collection":[{"href":"https:\/\/dev.tolio.co.nz\/en\/wp-json\/wp\/v2\/product"}],"about":[{"href":"https:\/\/dev.tolio.co.nz\/en\/wp-json\/wp\/v2\/types\/product"}],"replies":[{"embeddable":true,"href":"https:\/\/dev.tolio.co.nz\/en\/wp-json\/wp\/v2\/comments?post=18088"}],"wp:featuredmedia":[{"embeddable":true,"href":"https:\/\/dev.tolio.co.nz\/en\/wp-json\/wp\/v2\/media\/20631"}],"wp:attachment":[{"href":"https:\/\/dev.tolio.co.nz\/en\/wp-json\/wp\/v2\/media?parent=18088"}],"wp:term":[{"taxonomy":"product_brand","embeddable":true,"href":"https:\/\/dev.tolio.co.nz\/en\/wp-json\/wp\/v2\/product_brand?post=18088"},{"taxonomy":"product_cat","embeddable":true,"href":"https:\/\/dev.tolio.co.nz\/en\/wp-json\/wp\/v2\/product_cat?post=18088"},{"taxonomy":"product_tag","embeddable":true,"href":"https:\/\/dev.tolio.co.nz\/en\/wp-json\/wp\/v2\/product_tag?post=18088"}],"curies":[{"name":"wp","href":"https:\/\/api.w.org\/{rel}","templated":true}]}}