{"id":18090,"date":"2024-07-10T14:25:57","date_gmt":"2024-07-10T01:40:57","guid":{"rendered":"https:\/\/tolio.co.nz\/?post_type=product&#038;p=18090"},"modified":"2025-09-11T16:00:43","modified_gmt":"2025-09-11T04:00:43","slug":"tui-bong-boc-bon-spa-liner-122x122-cm-400-cai","status":"publish","type":"product","link":"https:\/\/dev.tolio.co.nz\/en\/product\/set-of-spa-liner-bongs-122x122-cm-400-pieces\/","title":{"rendered":"[Mua 10 t\u1eb7ng 1] Th\u00f9ng t\u00fai b\u00f3ng b\u1ecdc b\u1ed3n &#8211; Spa Liner 120x120cm (400 c\u00e1i)"},"content":{"rendered":"<p><strong>T\u00fai b\u00f3ng b\u1ecdc b\u1ed3n &#8211; Spa Liner<\/strong> \u0111\u01b0\u1ee3c s\u1ea3n xu\u1ea5t t\u1eeb nh\u1ef1a nguy\u00ean sinh, l\u00e0 lo\u1ea1i nguy\u00ean li\u1ec7u nh\u1ef1a kh\u00f4ng pha t\u1ea1p ch\u1ea5t, ch\u01b0a qua t\u00e1i ch\u1ebf, n\u00ean c\u1ef1c k\u00ec an to\u00e0n v\u1edbi l\u00e0n da c\u1ee7a kh\u00e1ch h\u00e0ng, kh\u00e1ch h\u00e0ng khi l\u00e0m nail s\u1ebd kh\u00f4ng s\u1ee3 b\u1ecb k\u00edch \u1ee9ng, ng\u1ee9a do s\u1eed d\u1ee5ng spa liner k\u00e9m ch\u1ea5t l\u01b0\u1ee3ng. Gi\u00fap h\u1ea1n ch\u1ebf s\u1ef1 l\u00e2y lan vi khu\u1ea9n, dich b\u1ec7nh, mang \u0111\u1ebfn gi\u00e1 tr\u1ecb cho d\u1ecbch v\u1ee5 v\u00e0 t\u1ed1i \u01b0u th\u1eddi gian v\u00e0 t\u1ea1o hi\u1ec7u qu\u1ea3 cho vi\u1ec7c v\u1ec7 sinh ch\u1eadu r\u1eeda<\/p>\n<p><strong>H\u01b0\u1edbng d\u1eabn s\u1eed d\u1ee5ng:\u00a0<\/strong><\/p>\n<ul>\n<li>Lau kh\u00f4 s\u1ea1ch b\u1ed3n nail r\u1ed3i b\u1ecdc spa liner khi c\u1ea7n s\u1eed d\u1ee5ng<\/li>\n<\/ul>\n<p><strong>B\u1ea3o qu\u1ea3n:<\/strong><\/p>\n<ul>\n<li>B\u1ea3o qu\u1ea3n n\u01a1i kh\u00f4 m\u00e1t, tr\u00e1nh \u00e1nh n\u1eafng tr\u1ef1c ti\u1ebfp<\/li>\n<\/ul>","protected":false},"excerpt":{"rendered":"<ul>\n<li>Th\u01b0\u01a1ng hi\u1ec7u: \u0110\u1ea1t Thanh<\/li>\n<li>Xu\u1ea5t x\u1ee9 th\u01b0\u01a1ng hi\u1ec7u: Vi\u1ec7t Nam<\/li>\n<li>Quy c\u00e1ch \u0111\u00f3ng g\u00f3i:\u00a0 400 c\u00e1i<\/li>\n<li>L\u01b0u \u00fd: Bao b\u00ec s\u1ea3n ph\u1ea9m c\u00f3 th\u1ec3 thay \u0111\u1ed5i theo t\u1eebng \u0111\u1ee3t nh\u1eadp h\u00e0ng<\/li>\n<\/ul>","protected":false},"featured_media":20630,"comment_status":"open","ping_status":"closed","template":"","meta":[],"product_brand":[],"product_cat":[49,31],"product_tag":[],"class_list":{"0":"post-18090","1":"product","2":"type-product","3":"status-publish","4":"has-post-thumbnail","6":"product_cat-non-food","7":"product_cat-hang-moi-ve","8":"pa_thuong-hieu-dat-thanh","10":"first","11":"instock","12":"shipping-taxable","13":"purchasable","14":"product-type-simple"},"yoast_head":"<!-- This site is optimized with the Yoast SEO plugin v24.4 - https:\/\/yoast.com\/wordpress\/plugins\/seo\/ -->\n<title>[Mua 10 t\u1eb7ng 1] Th\u00f9ng t\u00fai b\u00f3ng b\u1ecdc b\u1ed3n - Spa Liner 120x120cm (400 c\u00e1i) - TOLIO<\/title>\n<meta name=\"description\" content=\"Th\u01b0\u01a1ng hi\u1ec7u: \u0110\u1ea1t Thanh  Xu\u1ea5t x\u1ee9 th\u01b0\u01a1ng hi\u1ec7u: Vi\u1ec7t Nam  Quy c\u00e1ch \u0111\u00f3ng g\u00f3i:\u00a0 400 c\u00e1i  L\u01b0u \u00fd: Bao b\u00ec s\u1ea3n ph\u1ea9m c\u00f3 th\u1ec3 thay \u0111\u1ed5i theo t\u1eebng \u0111\u1ee3t nh\u1eadp h\u00e0ng\" \/>\n<meta name=\"robots\" content=\"index, follow, max-snippet:-1, max-image-preview:large, max-video-preview:-1\" \/>\n<link rel=\"canonical\" href=\"https:\/\/dev.tolio.co.nz\/en\/product\/set-of-spa-liner-bongs-122x122-cm-400-pieces\/\" \/>\n<meta property=\"og:locale\" content=\"en_US\" \/>\n<meta property=\"og:type\" content=\"article\" \/>\n<meta property=\"og:title\" content=\"[Mua 10 t\u1eb7ng 1] Th\u00f9ng t\u00fai b\u00f3ng b\u1ecdc b\u1ed3n - Spa Liner 120x120cm (400 c\u00e1i) - TOLIO\" \/>\n<meta property=\"og:description\" content=\"Th\u01b0\u01a1ng hi\u1ec7u: \u0110\u1ea1t Thanh  Xu\u1ea5t x\u1ee9 th\u01b0\u01a1ng hi\u1ec7u: Vi\u1ec7t Nam  Quy c\u00e1ch \u0111\u00f3ng g\u00f3i:\u00a0 400 c\u00e1i  L\u01b0u \u00fd: Bao b\u00ec s\u1ea3n ph\u1ea9m c\u00f3 th\u1ec3 thay \u0111\u1ed5i theo t\u1eebng \u0111\u1ee3t nh\u1eadp h\u00e0ng\" \/>\n<meta property=\"og:url\" content=\"https:\/\/dev.tolio.co.nz\/en\/product\/set-of-spa-liner-bongs-122x122-cm-400-pieces\/\" \/>\n<meta property=\"og:site_name\" content=\"TOLIO\" \/>\n<meta property=\"article:modified_time\" content=\"2025-09-11T04:00:43+00:00\" \/>\n<meta property=\"og:image\" content=\"https:\/\/dev.tolio.co.nz\/wp-content\/uploads\/2024\/07\/176-1.png\" \/>\n\t<meta property=\"og:image:width\" content=\"1000\" \/>\n\t<meta property=\"og:image:height\" content=\"907\" \/>\n\t<meta property=\"og:image:type\" content=\"image\/png\" \/>\n<meta name=\"twitter:card\" content=\"summary_large_image\" \/>\n<meta name=\"twitter:label1\" content=\"Est. reading time\" \/>\n\t<meta name=\"twitter:data1\" content=\"1 minute\" \/>\n<script type=\"application\/ld+json\" class=\"yoast-schema-graph\">{\"@context\":\"https:\/\/schema.org\",\"@graph\":[{\"@type\":\"WebPage\",\"@id\":\"https:\/\/dev.tolio.co.nz\/san-pham\/tui-bong-boc-bon-spa-liner-122x122-cm-400-cai\/\",\"url\":\"https:\/\/dev.tolio.co.nz\/san-pham\/tui-bong-boc-bon-spa-liner-122x122-cm-400-cai\/\",\"name\":\"[Mua 10 t\u1eb7ng 1] Th\u00f9ng t\u00fai b\u00f3ng b\u1ecdc b\u1ed3n - Spa Liner 120x120cm (400 c\u00e1i) - TOLIO\",\"isPartOf\":{\"@id\":\"https:\/\/dev.tolio.co.nz\/#website\"},\"primaryImageOfPage\":{\"@id\":\"https:\/\/dev.tolio.co.nz\/san-pham\/tui-bong-boc-bon-spa-liner-122x122-cm-400-cai\/#primaryimage\"},\"image\":{\"@id\":\"https:\/\/dev.tolio.co.nz\/san-pham\/tui-bong-boc-bon-spa-liner-122x122-cm-400-cai\/#primaryimage\"},\"thumbnailUrl\":\"https:\/\/dev.tolio.co.nz\/wp-content\/uploads\/2024\/07\/176-1.png\",\"datePublished\":\"2024-07-10T01:40:57+00:00\",\"dateModified\":\"2025-09-11T04:00:43+00:00\",\"description\":\"Th\u01b0\u01a1ng hi\u1ec7u: \u0110\u1ea1t Thanh Xu\u1ea5t x\u1ee9 th\u01b0\u01a1ng hi\u1ec7u: Vi\u1ec7t Nam Quy c\u00e1ch \u0111\u00f3ng g\u00f3i:\u00a0 400 c\u00e1i L\u01b0u \u00fd: Bao b\u00ec s\u1ea3n ph\u1ea9m c\u00f3 th\u1ec3 thay \u0111\u1ed5i theo t\u1eebng \u0111\u1ee3t nh\u1eadp h\u00e0ng\",\"breadcrumb\":{\"@id\":\"https:\/\/dev.tolio.co.nz\/san-pham\/tui-bong-boc-bon-spa-liner-122x122-cm-400-cai\/#breadcrumb\"},\"inLanguage\":\"en-US\",\"potentialAction\":[{\"@type\":\"ReadAction\",\"target\":[\"https:\/\/dev.tolio.co.nz\/san-pham\/tui-bong-boc-bon-spa-liner-122x122-cm-400-cai\/\"]}]},{\"@type\":\"ImageObject\",\"inLanguage\":\"en-US\",\"@id\":\"https:\/\/dev.tolio.co.nz\/san-pham\/tui-bong-boc-bon-spa-liner-122x122-cm-400-cai\/#primaryimage\",\"url\":\"https:\/\/dev.tolio.co.nz\/wp-content\/uploads\/2024\/07\/176-1.png\",\"contentUrl\":\"https:\/\/dev.tolio.co.nz\/wp-content\/uploads\/2024\/07\/176-1.png\",\"width\":1000,\"height\":907},{\"@type\":\"BreadcrumbList\",\"@id\":\"https:\/\/dev.tolio.co.nz\/san-pham\/tui-bong-boc-bon-spa-liner-122x122-cm-400-cai\/#breadcrumb\",\"itemListElement\":[{\"@type\":\"ListItem\",\"position\":1,\"name\":\"Home\",\"item\":\"https:\/\/dev.tolio.co.nz\/\"},{\"@type\":\"ListItem\",\"position\":2,\"name\":\"C\u1eeda h\u00e0ng\",\"item\":\"https:\/\/dev.tolio.co.nz\/cua-hang\/\"},{\"@type\":\"ListItem\",\"position\":3,\"name\":\"[Mua 10 t\u1eb7ng 1] Th\u00f9ng t\u00fai b\u00f3ng b\u1ecdc b\u1ed3n &#8211; Spa Liner 120x120cm (400 c\u00e1i)\"}]},{\"@type\":\"WebSite\",\"@id\":\"https:\/\/dev.tolio.co.nz\/#website\",\"url\":\"https:\/\/dev.tolio.co.nz\/\",\"name\":\"TOLIO\",\"description\":\"Vietnamese Grocery Online\",\"potentialAction\":[{\"@type\":\"SearchAction\",\"target\":{\"@type\":\"EntryPoint\",\"urlTemplate\":\"https:\/\/dev.tolio.co.nz\/?s={search_term_string}\"},\"query-input\":{\"@type\":\"PropertyValueSpecification\",\"valueRequired\":true,\"valueName\":\"search_term_string\"}}],\"inLanguage\":\"en-US\"}]}<\/script>\n<!-- \/ Yoast SEO plugin. -->","yoast_head_json":{"title":"[Mua 10 t\u1eb7ng 1] Th\u00f9ng t\u00fai b\u00f3ng b\u1ecdc b\u1ed3n - Spa Liner 120x120cm (400 c\u00e1i) - TOLIO","description":"Th\u01b0\u01a1ng hi\u1ec7u: \u0110\u1ea1t Thanh  Xu\u1ea5t x\u1ee9 th\u01b0\u01a1ng hi\u1ec7u: Vi\u1ec7t Nam  Quy c\u00e1ch \u0111\u00f3ng g\u00f3i:\u00a0 400 c\u00e1i  L\u01b0u \u00fd: Bao b\u00ec s\u1ea3n ph\u1ea9m c\u00f3 th\u1ec3 thay \u0111\u1ed5i theo t\u1eebng \u0111\u1ee3t nh\u1eadp h\u00e0ng","robots":{"index":"index","follow":"follow","max-snippet":"max-snippet:-1","max-image-preview":"max-image-preview:large","max-video-preview":"max-video-preview:-1"},"canonical":"https:\/\/dev.tolio.co.nz\/en\/product\/set-of-spa-liner-bongs-122x122-cm-400-pieces\/","og_locale":"en_US","og_type":"article","og_title":"[Mua 10 t\u1eb7ng 1] Th\u00f9ng t\u00fai b\u00f3ng b\u1ecdc b\u1ed3n - Spa Liner 120x120cm (400 c\u00e1i) - TOLIO","og_description":"Th\u01b0\u01a1ng hi\u1ec7u: \u0110\u1ea1t Thanh  Xu\u1ea5t x\u1ee9 th\u01b0\u01a1ng hi\u1ec7u: Vi\u1ec7t Nam  Quy c\u00e1ch \u0111\u00f3ng g\u00f3i:\u00a0 400 c\u00e1i  L\u01b0u \u00fd: Bao b\u00ec s\u1ea3n ph\u1ea9m c\u00f3 th\u1ec3 thay \u0111\u1ed5i theo t\u1eebng \u0111\u1ee3t nh\u1eadp h\u00e0ng","og_url":"https:\/\/dev.tolio.co.nz\/en\/product\/set-of-spa-liner-bongs-122x122-cm-400-pieces\/","og_site_name":"TOLIO","article_modified_time":"2025-09-11T04:00:43+00:00","og_image":[{"width":1000,"height":907,"url":"https:\/\/dev.tolio.co.nz\/wp-content\/uploads\/2024\/07\/176-1.png","type":"image\/png"}],"twitter_card":"summary_large_image","twitter_misc":{"Est. reading time":"1 minute"},"schema":{"@context":"https:\/\/schema.org","@graph":[{"@type":"WebPage","@id":"https:\/\/dev.tolio.co.nz\/san-pham\/tui-bong-boc-bon-spa-liner-122x122-cm-400-cai\/","url":"https:\/\/dev.tolio.co.nz\/san-pham\/tui-bong-boc-bon-spa-liner-122x122-cm-400-cai\/","name":"[Mua 10 t\u1eb7ng 1] Th\u00f9ng t\u00fai b\u00f3ng b\u1ecdc b\u1ed3n - Spa Liner 120x120cm (400 c\u00e1i) - TOLIO","isPartOf":{"@id":"https:\/\/dev.tolio.co.nz\/#website"},"primaryImageOfPage":{"@id":"https:\/\/dev.tolio.co.nz\/san-pham\/tui-bong-boc-bon-spa-liner-122x122-cm-400-cai\/#primaryimage"},"image":{"@id":"https:\/\/dev.tolio.co.nz\/san-pham\/tui-bong-boc-bon-spa-liner-122x122-cm-400-cai\/#primaryimage"},"thumbnailUrl":"https:\/\/dev.tolio.co.nz\/wp-content\/uploads\/2024\/07\/176-1.png","datePublished":"2024-07-10T01:40:57+00:00","dateModified":"2025-09-11T04:00:43+00:00","description":"Th\u01b0\u01a1ng hi\u1ec7u: \u0110\u1ea1t Thanh Xu\u1ea5t x\u1ee9 th\u01b0\u01a1ng hi\u1ec7u: Vi\u1ec7t Nam Quy c\u00e1ch \u0111\u00f3ng g\u00f3i:\u00a0 400 c\u00e1i L\u01b0u \u00fd: Bao b\u00ec s\u1ea3n ph\u1ea9m c\u00f3 th\u1ec3 thay \u0111\u1ed5i theo t\u1eebng \u0111\u1ee3t nh\u1eadp h\u00e0ng","breadcrumb":{"@id":"https:\/\/dev.tolio.co.nz\/san-pham\/tui-bong-boc-bon-spa-liner-122x122-cm-400-cai\/#breadcrumb"},"inLanguage":"en-US","potentialAction":[{"@type":"ReadAction","target":["https:\/\/dev.tolio.co.nz\/san-pham\/tui-bong-boc-bon-spa-liner-122x122-cm-400-cai\/"]}]},{"@type":"ImageObject","inLanguage":"en-US","@id":"https:\/\/dev.tolio.co.nz\/san-pham\/tui-bong-boc-bon-spa-liner-122x122-cm-400-cai\/#primaryimage","url":"https:\/\/dev.tolio.co.nz\/wp-content\/uploads\/2024\/07\/176-1.png","contentUrl":"https:\/\/dev.tolio.co.nz\/wp-content\/uploads\/2024\/07\/176-1.png","width":1000,"height":907},{"@type":"BreadcrumbList","@id":"https:\/\/dev.tolio.co.nz\/san-pham\/tui-bong-boc-bon-spa-liner-122x122-cm-400-cai\/#breadcrumb","itemListElement":[{"@type":"ListItem","position":1,"name":"Home","item":"https:\/\/dev.tolio.co.nz\/"},{"@type":"ListItem","position":2,"name":"C\u1eeda h\u00e0ng","item":"https:\/\/dev.tolio.co.nz\/cua-hang\/"},{"@type":"ListItem","position":3,"name":"[Mua 10 t\u1eb7ng 1] Th\u00f9ng t\u00fai b\u00f3ng b\u1ecdc b\u1ed3n &#8211; Spa Liner 120x120cm (400 c\u00e1i)"}]},{"@type":"WebSite","@id":"https:\/\/dev.tolio.co.nz\/#website","url":"https:\/\/dev.tolio.co.nz\/","name":"TOLIO","description":"Vietnamese Grocery Online","potentialAction":[{"@type":"SearchAction","target":{"@type":"EntryPoint","urlTemplate":"https:\/\/dev.tolio.co.nz\/?s={search_term_string}"},"query-input":{"@type":"PropertyValueSpecification","valueRequired":true,"valueName":"search_term_string"}}],"inLanguage":"en-US"}]}},"_links":{"self":[{"href":"https:\/\/dev.tolio.co.nz\/en\/wp-json\/wp\/v2\/product\/18090","targetHints":{"allow":["GET"]}}],"collection":[{"href":"https:\/\/dev.tolio.co.nz\/en\/wp-json\/wp\/v2\/product"}],"about":[{"href":"https:\/\/dev.tolio.co.nz\/en\/wp-json\/wp\/v2\/types\/product"}],"replies":[{"embeddable":true,"href":"https:\/\/dev.tolio.co.nz\/en\/wp-json\/wp\/v2\/comments?post=18090"}],"wp:featuredmedia":[{"embeddable":true,"href":"https:\/\/dev.tolio.co.nz\/en\/wp-json\/wp\/v2\/media\/20630"}],"wp:attachment":[{"href":"https:\/\/dev.tolio.co.nz\/en\/wp-json\/wp\/v2\/media?parent=18090"}],"wp:term":[{"taxonomy":"product_brand","embeddable":true,"href":"https:\/\/dev.tolio.co.nz\/en\/wp-json\/wp\/v2\/product_brand?post=18090"},{"taxonomy":"product_cat","embeddable":true,"href":"https:\/\/dev.tolio.co.nz\/en\/wp-json\/wp\/v2\/product_cat?post=18090"},{"taxonomy":"product_tag","embeddable":true,"href":"https:\/\/dev.tolio.co.nz\/en\/wp-json\/wp\/v2\/product_tag?post=18090"}],"curies":[{"name":"wp","href":"https:\/\/api.w.org\/{rel}","templated":true}]}}