{"id":1810,"date":"2022-01-14T01:44:00","date_gmt":"2022-01-13T12:59:00","guid":{"rendered":"https:\/\/tolio2.sitebycat.com\/?post_type=product&#038;p=1810"},"modified":"2025-09-11T16:01:08","modified_gmt":"2025-09-11T04:01:08","slug":"xot-muoi-kim-chi-barona-goi-180g","status":"publish","type":"product","link":"https:\/\/dev.tolio.co.nz\/en\/product\/saute-a-teaspoon-of-barona-kimchi-180g\/","title":{"rendered":"X\u1ed1t mu\u1ed1i kim chi Barona g\u00f3i 180g"},"content":{"rendered":"<p><strong>X\u1ed1t mu\u1ed1i kim chi Barona g\u00f3i 180g\u00a0<\/strong>Kim Chi H\u00e0n Qu\u1ed1c &#8221; Made by me&#8221; &#8211; gi\u1edd \u0111\u00e2y b\u1ea1n \u0111\u00e3 c\u00f3 th\u1ec3 t\u1ef1 tay ch\u1ebf bi\u1ebfn m\u00f3n Kim Chi ch\u00ednh hi\u1ec7u H\u00e0n Qu\u1ed1c m\u1ed9t c\u00e1ch \u0111\u01a1n gi\u1ea3n v\u00e0 d\u1ec5 d\u00e0ng trong t\u00edch t\u1eafc. V\u1edbi c\u00f4ng th\u1ee9c ph\u1ed1i tr\u1ed9n tinh t\u1ebf gi\u1eefa chi\u1ebft xu\u1ea5t t\u1eeb rau c\u1ee7 qu\u1ea3 t\u01b0\u01a1i (h\u00e0nh l\u00e1, t\u1ecfi, g\u1eebng, \u1edbt) v\u00e0 \u1edbt b\u1ed9t ki\u1ec3u H\u00e0n Qu\u1ed1c c\u00f9ng c\u00e1c lo\u1ea1i gia v\u1ecb ch\u1ecdn l\u1ecdc t\u1ea1o n\u00ean X\u1ed1t mu\u1ed1i Kim Chi H\u00e0n Qu\u1ed1c Barona mang \u0111\u1eadm \u0111\u1eb7c tr\u01b0ng h\u01b0\u01a1ng v\u1ecb c\u1ee7a m\u00f3n Kim Chi H\u00e0n Qu\u1ed1c huy\u1ec1n tho\u1ea1i m\u00e0 kh\u00f4ng c\u1ea7n n\u00eam n\u1ebfm th\u00eam b\u1ea5t k\u1ef3 gia v\u1ecb n\u00e0o kh\u00e1c.<\/p>\n<p>\u0110i\u1ec3m m\u1ea1nh c\u1ee7a s\u1ea3n ph\u1ea9m:<\/p>\n<ul>\n<li>Ngon h\u01a1n: Chu\u1ea9n v\u1ecb Kim Chi H\u00e0n Qu\u1ed1c nh\u1edd c\u00f3 chi\u1ebft xu\u1ea5t rau c\u1ee7 qu\u1ea3 t\u01b0\u01a1i v\u00e0 \u1edbt b\u1ed9t ki\u1ec3u H\u00e0n Qu\u1ed1c.<\/li>\n<li>Ti\u1ec7n h\u01a1n: X\u1ed1t ho\u00e0n ch\u1ec9nh kh\u00f4ng c\u1ea7n n\u00eam n\u1ebfm<\/li>\n<li>\u00a0M\u1ed9t s\u1ed1 l\u01b0u \u00fd \u0111\u1ec3 tr\u00e1nh vi\u1ec7c kim chi b\u1ecb m\u1eb7n:- S\u1eed d\u1ee5ng kh\u00f4ng nhi\u1ec1u h\u01a1n l\u01b0\u1ee3ng mu\u1ed1i h\u01b0\u1edbng d\u1eabn \u0111\u1ec3 l\u00e0m m\u1ec1m c\u1ea3i th\u1ea3o- N\u00ean s\u1eed d\u1ee5ng mu\u1ed1i h\u1ed9t khi l\u00e0m m\u1ec1m c\u1ea3i th\u1ea3o s\u1ebd ngon h\u01a1n- \u01af\u1edbp mu\u1ed1i v\u1edbi c\u1ea3i th\u1ea3o kh\u00f4ng qu\u00e1 2 ti\u1ebfng, r\u1eeda qua 4-5 l\u1ea7n n\u01b0\u1edbc cho h\u1ebft m\u1eb7n (th\u1eed l\u1ea1i xem c\u1ea3i th\u1ea3o c\u00f2n b\u1ecb m\u1eb7n kh\u00f4ng) v\u00e0 v\u1eaft nh\u1eb9 cho r\u00e1o n\u01b0\u1edbc s\u1ebd tr\u00e1nh vi\u1ec7c g\u00e2y m\u1eb7n v\u00e0 ra nhi\u1ec1u n\u01b0\u1edbc khi l\u00e0m kim chi mu\u1ed1i.<\/li>\n<li>\u00a0L\u01b0u \u00fd \u0111\u1ec3 tr\u00e1nh vi\u1ec7c kim chi b\u1ecb chua:- N\u1ebfu b\u1ea1n th\u00edch v\u1ecb kim chi chua v\u1eeba ph\u1ea3i th\u00ec \u0111\u1ec3 l\u00ean men b\u00ean ngo\u00e0i 24 ti\u1ebfng, sau \u0111\u00f3 cho v\u00e0o t\u1ee7 l\u1ea1nh.- N\u1ebfu b\u1ea1n th\u00edch v\u1ecb kim chi chua nhi\u1ec1u th\u00ec \u0111\u1ec3 th\u1eddi gian &gt; 24 ti\u1ebfng, sau \u0111\u00f3 cho v\u00e0o t\u1ee7 l\u1ea1nh.- N\u1ebfu b\u1ea1n kh\u00f4ng mu\u1ed1n v\u1ecb qu\u00e1 chua th\u00ec n\u00ean gi\u1ea3m th\u1eddi gian l\u00ean men &lt;24 ti\u1ebfng, sau \u0111\u00f3 cho v\u00e0o t\u1ee7 l\u1ea1nh.<\/li>\n<li>\u00a0L\u01b0u \u00fd v\u1ec1 \u0111\u1ed9 cay kim chi:- X\u1ed1t mu\u1ed1i Kim Chi Barona \u0111\u01b0\u1ee3c nghi\u00ean c\u1ee9u v\u1edbi v\u1ecb cay v\u1eeba ph\u1ea3i \u0111\u1ec3 m\u1ecdi ng\u01b0\u1eddi \u0111\u1ec1u c\u00f3 th\u1ec3 th\u01b0\u1edfng th\u1ee9c, n\u1ebfu b\u1ea1n th\u00edch v\u1ecb cay nhi\u1ec1u th\u00ec c\u00f3 th\u1ec3 th\u00eam \u1edbt b\u1ed9t H\u00e0n Qu\u1ed1c tu\u1ef3 th\u00edch trong l\u00fac tr\u1ed9n X\u1ed1t mu\u1ed1i kim chi v\u1edbi c\u1ea3i th\u1ea3o.<\/li>\n<\/ul>\n<p><strong>H\u01b0\u1edbng d\u1eabn s\u1eed d\u1ee5ng:<\/strong><\/p>\n<ul>\n<li>\u00a0\u0110\u01b0\u1ee3c h\u01b0\u1edbng d\u1eabn tr\u1ef1c ti\u1ebfp ngay tr\u00ean m\u1eb7t sau c\u1ee7a s\u1ea3n ph\u1ea9m.<\/li>\n<\/ul>\n<p><strong>B\u1ea3o qu\u1ea3n:<\/strong><\/p>\n<ul>\n<li>N\u01a1i kh\u00f4 r\u00e1o, tho\u00e1ng m\u00e1t, tr\u00e1nh \u00e1nh n\u1eafng m\u1eb7t tr\u1eddi<\/li>\n<\/ul>","protected":false},"excerpt":{"rendered":"<ul>\n<li>Th\u01b0\u01a1ng hi\u1ec7u: Barona<\/li>\n<li>Xu\u1ea5t x\u1ee9 th\u01b0\u01a1ng hi\u1ec7u: Vi\u1ec7t Nam<\/li>\n<li>Quy c\u00e1ch \u0111\u00f3ng g\u00f3i: g\u00f3i 180g, 10 g\u00f3i\/h\u1ed9p, 4 h\u1ed9p\/th\u00f9ng<\/li>\n<li>L\u01b0u \u00fd: Bao b\u00ec s\u1ea3n ph\u1ea9m c\u00f3 th\u1ec3 thay \u0111\u1ed5i theo t\u1eebng \u0111\u1ee3t nh\u1eadp h\u00e0ng<\/li>\n<\/ul>\n<p>&nbsp;<\/p>","protected":false},"featured_media":21081,"comment_status":"open","ping_status":"closed","template":"","meta":[],"product_brand":[],"product_cat":[33,481],"product_tag":[249,248,247],"class_list":{"0":"post-1810","1":"product","2":"type-product","3":"status-publish","4":"has-post-thumbnail","6":"product_cat-gia-vi","7":"product_cat-gia-vi-hoan-chinh","8":"product_tag-xot-muoi","9":"product_tag-xot-muoi-barona","10":"product_tag-xot-muoi-kim-chi","11":"pa_thuong-hieu-barona","13":"first","14":"outofstock","15":"sale","16":"shipping-taxable","17":"purchasable","18":"product-type-simple"},"yoast_head":"<!-- This site is optimized with the Yoast SEO plugin v24.4 - https:\/\/yoast.com\/wordpress\/plugins\/seo\/ -->\n<title>X\u1ed1t mu\u1ed1i kim chi Barona g\u00f3i 180g - TOLIO<\/title>\n<meta name=\"description\" content=\"Th\u01b0\u01a1ng hi\u1ec7u: Barona  Xu\u1ea5t x\u1ee9 th\u01b0\u01a1ng hi\u1ec7u: Vi\u1ec7t Nam  Quy c\u00e1ch \u0111\u00f3ng g\u00f3i: g\u00f3i 180g, 10 g\u00f3i\/h\u1ed9p, 4 h\u1ed9p\/th\u00f9ng  L\u01b0u \u00fd: Bao b\u00ec s\u1ea3n ph\u1ea9m c\u00f3 th\u1ec3 thay \u0111\u1ed5i theo t\u1eebng \u0111\u1ee3t nh\u1eadp h\u00e0ng  &nbsp;\" \/>\n<meta name=\"robots\" content=\"index, follow, max-snippet:-1, max-image-preview:large, max-video-preview:-1\" \/>\n<link rel=\"canonical\" href=\"https:\/\/dev.tolio.co.nz\/en\/product\/saute-a-teaspoon-of-barona-kimchi-180g\/\" \/>\n<meta property=\"og:locale\" content=\"en_US\" \/>\n<meta property=\"og:type\" content=\"article\" \/>\n<meta property=\"og:title\" content=\"X\u1ed1t mu\u1ed1i kim chi Barona g\u00f3i 180g - TOLIO\" \/>\n<meta property=\"og:description\" content=\"Th\u01b0\u01a1ng hi\u1ec7u: Barona  Xu\u1ea5t x\u1ee9 th\u01b0\u01a1ng hi\u1ec7u: Vi\u1ec7t Nam  Quy c\u00e1ch \u0111\u00f3ng g\u00f3i: g\u00f3i 180g, 10 g\u00f3i\/h\u1ed9p, 4 h\u1ed9p\/th\u00f9ng  L\u01b0u \u00fd: Bao b\u00ec s\u1ea3n ph\u1ea9m c\u00f3 th\u1ec3 thay \u0111\u1ed5i theo t\u1eebng \u0111\u1ee3t nh\u1eadp h\u00e0ng  &nbsp;\" \/>\n<meta property=\"og:url\" content=\"https:\/\/dev.tolio.co.nz\/en\/product\/saute-a-teaspoon-of-barona-kimchi-180g\/\" \/>\n<meta property=\"og:site_name\" content=\"TOLIO\" \/>\n<meta property=\"article:modified_time\" content=\"2025-09-11T04:01:08+00:00\" \/>\n<meta property=\"og:image\" content=\"https:\/\/dev.tolio.co.nz\/wp-content\/uploads\/2022\/06\/132.png\" \/>\n\t<meta property=\"og:image:width\" content=\"1000\" \/>\n\t<meta property=\"og:image:height\" content=\"907\" \/>\n\t<meta property=\"og:image:type\" content=\"image\/png\" \/>\n<meta name=\"twitter:card\" content=\"summary_large_image\" \/>\n<meta name=\"twitter:label1\" content=\"Est. reading time\" \/>\n\t<meta name=\"twitter:data1\" content=\"3 minutes\" \/>\n<script type=\"application\/ld+json\" class=\"yoast-schema-graph\">{\"@context\":\"https:\/\/schema.org\",\"@graph\":[{\"@type\":\"WebPage\",\"@id\":\"https:\/\/dev.tolio.co.nz\/san-pham\/xot-muoi-kim-chi-barona-goi-180g\/\",\"url\":\"https:\/\/dev.tolio.co.nz\/san-pham\/xot-muoi-kim-chi-barona-goi-180g\/\",\"name\":\"X\u1ed1t mu\u1ed1i kim chi Barona g\u00f3i 180g - TOLIO\",\"isPartOf\":{\"@id\":\"https:\/\/dev.tolio.co.nz\/#website\"},\"primaryImageOfPage\":{\"@id\":\"https:\/\/dev.tolio.co.nz\/san-pham\/xot-muoi-kim-chi-barona-goi-180g\/#primaryimage\"},\"image\":{\"@id\":\"https:\/\/dev.tolio.co.nz\/san-pham\/xot-muoi-kim-chi-barona-goi-180g\/#primaryimage\"},\"thumbnailUrl\":\"https:\/\/dev.tolio.co.nz\/wp-content\/uploads\/2022\/06\/132.png\",\"datePublished\":\"2022-01-13T12:59:00+00:00\",\"dateModified\":\"2025-09-11T04:01:08+00:00\",\"description\":\"Th\u01b0\u01a1ng hi\u1ec7u: Barona Xu\u1ea5t x\u1ee9 th\u01b0\u01a1ng hi\u1ec7u: Vi\u1ec7t Nam Quy c\u00e1ch \u0111\u00f3ng g\u00f3i: g\u00f3i 180g, 10 g\u00f3i\/h\u1ed9p, 4 h\u1ed9p\/th\u00f9ng L\u01b0u \u00fd: Bao b\u00ec s\u1ea3n ph\u1ea9m c\u00f3 th\u1ec3 thay \u0111\u1ed5i theo t\u1eebng \u0111\u1ee3t nh\u1eadp h\u00e0ng &nbsp;\",\"breadcrumb\":{\"@id\":\"https:\/\/dev.tolio.co.nz\/san-pham\/xot-muoi-kim-chi-barona-goi-180g\/#breadcrumb\"},\"inLanguage\":\"en-US\",\"potentialAction\":[{\"@type\":\"ReadAction\",\"target\":[\"https:\/\/dev.tolio.co.nz\/san-pham\/xot-muoi-kim-chi-barona-goi-180g\/\"]}]},{\"@type\":\"ImageObject\",\"inLanguage\":\"en-US\",\"@id\":\"https:\/\/dev.tolio.co.nz\/san-pham\/xot-muoi-kim-chi-barona-goi-180g\/#primaryimage\",\"url\":\"https:\/\/dev.tolio.co.nz\/wp-content\/uploads\/2022\/06\/132.png\",\"contentUrl\":\"https:\/\/dev.tolio.co.nz\/wp-content\/uploads\/2022\/06\/132.png\",\"width\":1000,\"height\":907},{\"@type\":\"BreadcrumbList\",\"@id\":\"https:\/\/dev.tolio.co.nz\/san-pham\/xot-muoi-kim-chi-barona-goi-180g\/#breadcrumb\",\"itemListElement\":[{\"@type\":\"ListItem\",\"position\":1,\"name\":\"Home\",\"item\":\"https:\/\/dev.tolio.co.nz\/\"},{\"@type\":\"ListItem\",\"position\":2,\"name\":\"C\u1eeda h\u00e0ng\",\"item\":\"https:\/\/dev.tolio.co.nz\/cua-hang\/\"},{\"@type\":\"ListItem\",\"position\":3,\"name\":\"X\u1ed1t mu\u1ed1i kim chi Barona g\u00f3i 180g\"}]},{\"@type\":\"WebSite\",\"@id\":\"https:\/\/dev.tolio.co.nz\/#website\",\"url\":\"https:\/\/dev.tolio.co.nz\/\",\"name\":\"TOLIO\",\"description\":\"Vietnamese Grocery Online\",\"potentialAction\":[{\"@type\":\"SearchAction\",\"target\":{\"@type\":\"EntryPoint\",\"urlTemplate\":\"https:\/\/dev.tolio.co.nz\/?s={search_term_string}\"},\"query-input\":{\"@type\":\"PropertyValueSpecification\",\"valueRequired\":true,\"valueName\":\"search_term_string\"}}],\"inLanguage\":\"en-US\"}]}<\/script>\n<!-- \/ Yoast SEO plugin. -->","yoast_head_json":{"title":"X\u1ed1t mu\u1ed1i kim chi Barona g\u00f3i 180g - TOLIO","description":"Th\u01b0\u01a1ng hi\u1ec7u: Barona  Xu\u1ea5t x\u1ee9 th\u01b0\u01a1ng hi\u1ec7u: Vi\u1ec7t Nam  Quy c\u00e1ch \u0111\u00f3ng g\u00f3i: g\u00f3i 180g, 10 g\u00f3i\/h\u1ed9p, 4 h\u1ed9p\/th\u00f9ng  L\u01b0u \u00fd: Bao b\u00ec s\u1ea3n ph\u1ea9m c\u00f3 th\u1ec3 thay \u0111\u1ed5i theo t\u1eebng \u0111\u1ee3t nh\u1eadp h\u00e0ng  &nbsp;","robots":{"index":"index","follow":"follow","max-snippet":"max-snippet:-1","max-image-preview":"max-image-preview:large","max-video-preview":"max-video-preview:-1"},"canonical":"https:\/\/dev.tolio.co.nz\/en\/product\/saute-a-teaspoon-of-barona-kimchi-180g\/","og_locale":"en_US","og_type":"article","og_title":"X\u1ed1t mu\u1ed1i kim chi Barona g\u00f3i 180g - TOLIO","og_description":"Th\u01b0\u01a1ng hi\u1ec7u: Barona  Xu\u1ea5t x\u1ee9 th\u01b0\u01a1ng hi\u1ec7u: Vi\u1ec7t Nam  Quy c\u00e1ch \u0111\u00f3ng g\u00f3i: g\u00f3i 180g, 10 g\u00f3i\/h\u1ed9p, 4 h\u1ed9p\/th\u00f9ng  L\u01b0u \u00fd: Bao b\u00ec s\u1ea3n ph\u1ea9m c\u00f3 th\u1ec3 thay \u0111\u1ed5i theo t\u1eebng \u0111\u1ee3t nh\u1eadp h\u00e0ng  &nbsp;","og_url":"https:\/\/dev.tolio.co.nz\/en\/product\/saute-a-teaspoon-of-barona-kimchi-180g\/","og_site_name":"TOLIO","article_modified_time":"2025-09-11T04:01:08+00:00","og_image":[{"width":1000,"height":907,"url":"https:\/\/dev.tolio.co.nz\/wp-content\/uploads\/2022\/06\/132.png","type":"image\/png"}],"twitter_card":"summary_large_image","twitter_misc":{"Est. reading time":"3 minutes"},"schema":{"@context":"https:\/\/schema.org","@graph":[{"@type":"WebPage","@id":"https:\/\/dev.tolio.co.nz\/san-pham\/xot-muoi-kim-chi-barona-goi-180g\/","url":"https:\/\/dev.tolio.co.nz\/san-pham\/xot-muoi-kim-chi-barona-goi-180g\/","name":"X\u1ed1t mu\u1ed1i kim chi Barona g\u00f3i 180g - TOLIO","isPartOf":{"@id":"https:\/\/dev.tolio.co.nz\/#website"},"primaryImageOfPage":{"@id":"https:\/\/dev.tolio.co.nz\/san-pham\/xot-muoi-kim-chi-barona-goi-180g\/#primaryimage"},"image":{"@id":"https:\/\/dev.tolio.co.nz\/san-pham\/xot-muoi-kim-chi-barona-goi-180g\/#primaryimage"},"thumbnailUrl":"https:\/\/dev.tolio.co.nz\/wp-content\/uploads\/2022\/06\/132.png","datePublished":"2022-01-13T12:59:00+00:00","dateModified":"2025-09-11T04:01:08+00:00","description":"Th\u01b0\u01a1ng hi\u1ec7u: Barona Xu\u1ea5t x\u1ee9 th\u01b0\u01a1ng hi\u1ec7u: Vi\u1ec7t Nam Quy c\u00e1ch \u0111\u00f3ng g\u00f3i: g\u00f3i 180g, 10 g\u00f3i\/h\u1ed9p, 4 h\u1ed9p\/th\u00f9ng L\u01b0u \u00fd: Bao b\u00ec s\u1ea3n ph\u1ea9m c\u00f3 th\u1ec3 thay \u0111\u1ed5i theo t\u1eebng \u0111\u1ee3t nh\u1eadp h\u00e0ng &nbsp;","breadcrumb":{"@id":"https:\/\/dev.tolio.co.nz\/san-pham\/xot-muoi-kim-chi-barona-goi-180g\/#breadcrumb"},"inLanguage":"en-US","potentialAction":[{"@type":"ReadAction","target":["https:\/\/dev.tolio.co.nz\/san-pham\/xot-muoi-kim-chi-barona-goi-180g\/"]}]},{"@type":"ImageObject","inLanguage":"en-US","@id":"https:\/\/dev.tolio.co.nz\/san-pham\/xot-muoi-kim-chi-barona-goi-180g\/#primaryimage","url":"https:\/\/dev.tolio.co.nz\/wp-content\/uploads\/2022\/06\/132.png","contentUrl":"https:\/\/dev.tolio.co.nz\/wp-content\/uploads\/2022\/06\/132.png","width":1000,"height":907},{"@type":"BreadcrumbList","@id":"https:\/\/dev.tolio.co.nz\/san-pham\/xot-muoi-kim-chi-barona-goi-180g\/#breadcrumb","itemListElement":[{"@type":"ListItem","position":1,"name":"Home","item":"https:\/\/dev.tolio.co.nz\/"},{"@type":"ListItem","position":2,"name":"C\u1eeda h\u00e0ng","item":"https:\/\/dev.tolio.co.nz\/cua-hang\/"},{"@type":"ListItem","position":3,"name":"X\u1ed1t mu\u1ed1i kim chi Barona g\u00f3i 180g"}]},{"@type":"WebSite","@id":"https:\/\/dev.tolio.co.nz\/#website","url":"https:\/\/dev.tolio.co.nz\/","name":"TOLIO","description":"Vietnamese Grocery Online","potentialAction":[{"@type":"SearchAction","target":{"@type":"EntryPoint","urlTemplate":"https:\/\/dev.tolio.co.nz\/?s={search_term_string}"},"query-input":{"@type":"PropertyValueSpecification","valueRequired":true,"valueName":"search_term_string"}}],"inLanguage":"en-US"}]}},"_links":{"self":[{"href":"https:\/\/dev.tolio.co.nz\/en\/wp-json\/wp\/v2\/product\/1810","targetHints":{"allow":["GET"]}}],"collection":[{"href":"https:\/\/dev.tolio.co.nz\/en\/wp-json\/wp\/v2\/product"}],"about":[{"href":"https:\/\/dev.tolio.co.nz\/en\/wp-json\/wp\/v2\/types\/product"}],"replies":[{"embeddable":true,"href":"https:\/\/dev.tolio.co.nz\/en\/wp-json\/wp\/v2\/comments?post=1810"}],"wp:featuredmedia":[{"embeddable":true,"href":"https:\/\/dev.tolio.co.nz\/en\/wp-json\/wp\/v2\/media\/21081"}],"wp:attachment":[{"href":"https:\/\/dev.tolio.co.nz\/en\/wp-json\/wp\/v2\/media?parent=1810"}],"wp:term":[{"taxonomy":"product_brand","embeddable":true,"href":"https:\/\/dev.tolio.co.nz\/en\/wp-json\/wp\/v2\/product_brand?post=1810"},{"taxonomy":"product_cat","embeddable":true,"href":"https:\/\/dev.tolio.co.nz\/en\/wp-json\/wp\/v2\/product_cat?post=1810"},{"taxonomy":"product_tag","embeddable":true,"href":"https:\/\/dev.tolio.co.nz\/en\/wp-json\/wp\/v2\/product_tag?post=1810"}],"curies":[{"name":"wp","href":"https:\/\/api.w.org\/{rel}","templated":true}]}}