{"id":18111,"date":"2024-07-10T15:37:14","date_gmt":"2024-07-10T02:52:14","guid":{"rendered":"https:\/\/tolio.co.nz\/?post_type=product&#038;p=18111"},"modified":"2025-09-11T15:59:44","modified_gmt":"2025-09-11T03:59:44","slug":"ca-phe-muoi-hoa-tan-c-sea-hop-giay-160g-10-goi-x16g","status":"publish","type":"product","link":"https:\/\/dev.tolio.co.nz\/en\/product\/instant-flower-coffee-with-sea-hop-shoes-160g-10-packs-x16g\/","title":{"rendered":"C\u00e0 ph\u00ea mu\u1ed1i h\u00f2a tan C &amp; Sea h\u1ed9p gi\u1ea5y 160g (10 g\u00f3i x16g)"},"content":{"rendered":"<p><strong>C\u00e0 ph\u00ea mu\u1ed1i h\u00f2a tan C &amp; Sea h\u1ed9p gi\u1ea5y 160g<\/strong>\u00a0l\u00e0 s\u1ef1 pha tr\u1ed9n tuy\u1ec7t v\u1eddi gi\u1eefa h\u01b0\u01a1ng v\u1ecb c\u00e0 ph\u00ea \u0111\u1eadm \u0111\u00e0 c\u1ee7a n\u00fai r\u1eebng T\u00e2y Nguy\u00ean v\u00e0 h\u01b0\u01a1ng m\u1eb7n m\u00e0 c\u1ee7a mu\u1ed1i bi\u1ec3n Nha Trang. S\u1ea3n ph\u1ea9m mang \u0111\u1ebfn tr\u1ea3i nghi\u1ec7m \u0111\u1ed9c \u0111\u00e1o v\u1edbi v\u1ecb th\u01a1m v\u00e0 ng\u1eady c\u1ee7a milk foam (l\u1edbp kem c\u00f3 v\u1ecb m\u1eb7n m\u1eb7n beo b\u00e9o), m\u1ed9t l\u1edbp b\u1ecdt s\u1eefa m\u1ecbn m\u00e0ng \u0111\u01b0\u1ee3c t\u1ea1o ra b\u1eb1ng c\u00f4ng ngh\u1ec7 ti\u00ean ti\u1ebfn.<\/p>\n<p><strong>H\u01b0\u1edbng d\u1eabn s\u1eed d\u1ee5ng:<\/strong><\/p>\n<ul>\n<li>U\u1ed1ng n\u00f3ng: Ho\u00e0 1 g\u00f3i C&amp;SEA 16g v\u00e0o 70ml n\u01b0\u1edbc n\u00f3ng, khu\u1ea5y \u0111\u1ec1u v\u00e0 th\u01b0\u1edfng th\u1ee9c.<br \/>\nU\u1ed1ng \u0111\u00e1: Ho\u00e0 2 g\u00f3i C&amp;SEA 16g v\u00e0o 70ml n\u01b0\u1edbc n\u00f3ng, khu\u1ea5y \u0111\u1ec1u, th\u00eam \u0111\u00e1 v\u00e0 th\u01b0\u1edfng th\u1ee9c.<\/li>\n<\/ul>\n<p><strong>B\u1ea3o qu\u1ea3n:<\/strong><\/p>\n<ul>\n<li>B\u1ea3o qu\u1ea3n n\u01a1i kh\u00f4 r\u00e1o, tho\u00e1ng m\u00e1t, tr\u00e1nh \u00e1nh n\u1eafng tr\u1ef1c ti\u1ebfp.<\/li>\n<\/ul>\n<p><strong>H\u1ea1n s\u1eed d\u1ee5ng:<\/strong> 18 th\u00e1ng k\u1ec3 t\u1eeb ng\u00e0y s\u1ea3n xu\u1ea5t<\/p>","protected":false},"excerpt":{"rendered":"<ul>\n<li>Th\u01b0\u01a1ng hi\u1ec7u: \u00a0Le Plateau<\/li>\n<li>Xu\u1ea5t x\u1ee9 th\u01b0\u01a1ng hi\u1ec7u: Vi\u1ec7t Nam<\/li>\n<li>Quy c\u00e1ch \u0111\u00f3ng g\u00f3i: 10 g\u00f3i\/ H\u1ed9p<\/li>\n<li>L\u01b0u \u00fd: Bao b\u00ec s\u1ea3n ph\u1ea9m c\u00f3 th\u1ec3 thay \u0111\u1ed5i theo t\u1eebng \u0111\u1ee3t nh\u1eadp h\u00e0ng<\/li>\n<\/ul>","protected":false},"featured_media":20884,"comment_status":"open","ping_status":"closed","template":"","meta":[],"product_brand":[],"product_cat":[34,483,31],"product_tag":[945],"class_list":{"0":"post-18111","1":"product","2":"type-product","3":"status-publish","4":"has-post-thumbnail","6":"product_cat-thuc-uong","7":"product_cat-ca-phe","8":"product_cat-hang-moi-ve","9":"product_tag-ca-phe-muoi","10":"pa_thuong-hieu-le-plateau","12":"first","13":"instock","14":"shipping-taxable","15":"purchasable","16":"product-type-simple"},"yoast_head":"<!-- This site is optimized with the Yoast SEO plugin v24.4 - https:\/\/yoast.com\/wordpress\/plugins\/seo\/ -->\n<title>C\u00e0 ph\u00ea mu\u1ed1i h\u00f2a tan C &amp; Sea h\u1ed9p gi\u1ea5y 160g (10 g\u00f3i x16g) - TOLIO<\/title>\n<meta name=\"description\" content=\"Th\u01b0\u01a1ng hi\u1ec7u: \u00a0Le Plateau  Xu\u1ea5t x\u1ee9 th\u01b0\u01a1ng hi\u1ec7u: Vi\u1ec7t Nam  Quy c\u00e1ch \u0111\u00f3ng g\u00f3i: 10 g\u00f3i\/ H\u1ed9p  L\u01b0u \u00fd: Bao b\u00ec s\u1ea3n ph\u1ea9m c\u00f3 th\u1ec3 thay \u0111\u1ed5i theo t\u1eebng \u0111\u1ee3t nh\u1eadp h\u00e0ng\" \/>\n<meta name=\"robots\" content=\"index, follow, max-snippet:-1, max-image-preview:large, max-video-preview:-1\" \/>\n<link rel=\"canonical\" href=\"https:\/\/dev.tolio.co.nz\/en\/product\/instant-flower-coffee-with-sea-hop-shoes-160g-10-packs-x16g\/\" \/>\n<meta property=\"og:locale\" content=\"en_US\" \/>\n<meta property=\"og:type\" content=\"article\" \/>\n<meta property=\"og:title\" content=\"C\u00e0 ph\u00ea mu\u1ed1i h\u00f2a tan C &amp; Sea h\u1ed9p gi\u1ea5y 160g (10 g\u00f3i x16g) - TOLIO\" \/>\n<meta property=\"og:description\" content=\"Th\u01b0\u01a1ng hi\u1ec7u: \u00a0Le Plateau  Xu\u1ea5t x\u1ee9 th\u01b0\u01a1ng hi\u1ec7u: Vi\u1ec7t Nam  Quy c\u00e1ch \u0111\u00f3ng g\u00f3i: 10 g\u00f3i\/ H\u1ed9p  L\u01b0u \u00fd: Bao b\u00ec s\u1ea3n ph\u1ea9m c\u00f3 th\u1ec3 thay \u0111\u1ed5i theo t\u1eebng \u0111\u1ee3t nh\u1eadp h\u00e0ng\" \/>\n<meta property=\"og:url\" content=\"https:\/\/dev.tolio.co.nz\/en\/product\/instant-flower-coffee-with-sea-hop-shoes-160g-10-packs-x16g\/\" \/>\n<meta property=\"og:site_name\" content=\"TOLIO\" \/>\n<meta property=\"article:modified_time\" content=\"2025-09-11T03:59:44+00:00\" \/>\n<meta property=\"og:image\" content=\"https:\/\/dev.tolio.co.nz\/wp-content\/uploads\/2024\/07\/387-1.png\" \/>\n\t<meta property=\"og:image:width\" content=\"1000\" \/>\n\t<meta property=\"og:image:height\" content=\"907\" \/>\n\t<meta property=\"og:image:type\" content=\"image\/png\" \/>\n<meta name=\"twitter:card\" content=\"summary_large_image\" \/>\n<meta name=\"twitter:label1\" content=\"Est. reading time\" \/>\n\t<meta name=\"twitter:data1\" content=\"1 minute\" \/>\n<script type=\"application\/ld+json\" class=\"yoast-schema-graph\">{\"@context\":\"https:\/\/schema.org\",\"@graph\":[{\"@type\":\"WebPage\",\"@id\":\"https:\/\/dev.tolio.co.nz\/san-pham\/ca-phe-muoi-hoa-tan-c-sea-hop-giay-160g-10-goi-x16g\/\",\"url\":\"https:\/\/dev.tolio.co.nz\/san-pham\/ca-phe-muoi-hoa-tan-c-sea-hop-giay-160g-10-goi-x16g\/\",\"name\":\"C\u00e0 ph\u00ea mu\u1ed1i h\u00f2a tan C &amp; Sea h\u1ed9p gi\u1ea5y 160g (10 g\u00f3i x16g) - TOLIO\",\"isPartOf\":{\"@id\":\"https:\/\/dev.tolio.co.nz\/#website\"},\"primaryImageOfPage\":{\"@id\":\"https:\/\/dev.tolio.co.nz\/san-pham\/ca-phe-muoi-hoa-tan-c-sea-hop-giay-160g-10-goi-x16g\/#primaryimage\"},\"image\":{\"@id\":\"https:\/\/dev.tolio.co.nz\/san-pham\/ca-phe-muoi-hoa-tan-c-sea-hop-giay-160g-10-goi-x16g\/#primaryimage\"},\"thumbnailUrl\":\"https:\/\/dev.tolio.co.nz\/wp-content\/uploads\/2024\/07\/387-1.png\",\"datePublished\":\"2024-07-10T02:52:14+00:00\",\"dateModified\":\"2025-09-11T03:59:44+00:00\",\"description\":\"Th\u01b0\u01a1ng hi\u1ec7u: \u00a0Le Plateau Xu\u1ea5t x\u1ee9 th\u01b0\u01a1ng hi\u1ec7u: Vi\u1ec7t Nam Quy c\u00e1ch \u0111\u00f3ng g\u00f3i: 10 g\u00f3i\/ H\u1ed9p L\u01b0u \u00fd: Bao b\u00ec s\u1ea3n ph\u1ea9m c\u00f3 th\u1ec3 thay \u0111\u1ed5i theo t\u1eebng \u0111\u1ee3t nh\u1eadp h\u00e0ng\",\"breadcrumb\":{\"@id\":\"https:\/\/dev.tolio.co.nz\/san-pham\/ca-phe-muoi-hoa-tan-c-sea-hop-giay-160g-10-goi-x16g\/#breadcrumb\"},\"inLanguage\":\"en-US\",\"potentialAction\":[{\"@type\":\"ReadAction\",\"target\":[\"https:\/\/dev.tolio.co.nz\/san-pham\/ca-phe-muoi-hoa-tan-c-sea-hop-giay-160g-10-goi-x16g\/\"]}]},{\"@type\":\"ImageObject\",\"inLanguage\":\"en-US\",\"@id\":\"https:\/\/dev.tolio.co.nz\/san-pham\/ca-phe-muoi-hoa-tan-c-sea-hop-giay-160g-10-goi-x16g\/#primaryimage\",\"url\":\"https:\/\/dev.tolio.co.nz\/wp-content\/uploads\/2024\/07\/387-1.png\",\"contentUrl\":\"https:\/\/dev.tolio.co.nz\/wp-content\/uploads\/2024\/07\/387-1.png\",\"width\":1000,\"height\":907},{\"@type\":\"BreadcrumbList\",\"@id\":\"https:\/\/dev.tolio.co.nz\/san-pham\/ca-phe-muoi-hoa-tan-c-sea-hop-giay-160g-10-goi-x16g\/#breadcrumb\",\"itemListElement\":[{\"@type\":\"ListItem\",\"position\":1,\"name\":\"Home\",\"item\":\"https:\/\/dev.tolio.co.nz\/\"},{\"@type\":\"ListItem\",\"position\":2,\"name\":\"C\u1eeda h\u00e0ng\",\"item\":\"https:\/\/dev.tolio.co.nz\/cua-hang\/\"},{\"@type\":\"ListItem\",\"position\":3,\"name\":\"C\u00e0 ph\u00ea mu\u1ed1i h\u00f2a tan C &amp; Sea h\u1ed9p gi\u1ea5y 160g (10 g\u00f3i x16g)\"}]},{\"@type\":\"WebSite\",\"@id\":\"https:\/\/dev.tolio.co.nz\/#website\",\"url\":\"https:\/\/dev.tolio.co.nz\/\",\"name\":\"TOLIO\",\"description\":\"Vietnamese Grocery Online\",\"potentialAction\":[{\"@type\":\"SearchAction\",\"target\":{\"@type\":\"EntryPoint\",\"urlTemplate\":\"https:\/\/dev.tolio.co.nz\/?s={search_term_string}\"},\"query-input\":{\"@type\":\"PropertyValueSpecification\",\"valueRequired\":true,\"valueName\":\"search_term_string\"}}],\"inLanguage\":\"en-US\"}]}<\/script>\n<!-- \/ Yoast SEO plugin. -->","yoast_head_json":{"title":"C\u00e0 ph\u00ea mu\u1ed1i h\u00f2a tan C &amp; Sea h\u1ed9p gi\u1ea5y 160g (10 g\u00f3i x16g) - TOLIO","description":"Th\u01b0\u01a1ng hi\u1ec7u: \u00a0Le Plateau  Xu\u1ea5t x\u1ee9 th\u01b0\u01a1ng hi\u1ec7u: Vi\u1ec7t Nam  Quy c\u00e1ch \u0111\u00f3ng g\u00f3i: 10 g\u00f3i\/ H\u1ed9p  L\u01b0u \u00fd: Bao b\u00ec s\u1ea3n ph\u1ea9m c\u00f3 th\u1ec3 thay \u0111\u1ed5i theo t\u1eebng \u0111\u1ee3t nh\u1eadp h\u00e0ng","robots":{"index":"index","follow":"follow","max-snippet":"max-snippet:-1","max-image-preview":"max-image-preview:large","max-video-preview":"max-video-preview:-1"},"canonical":"https:\/\/dev.tolio.co.nz\/en\/product\/instant-flower-coffee-with-sea-hop-shoes-160g-10-packs-x16g\/","og_locale":"en_US","og_type":"article","og_title":"C\u00e0 ph\u00ea mu\u1ed1i h\u00f2a tan C &amp; Sea h\u1ed9p gi\u1ea5y 160g (10 g\u00f3i x16g) - TOLIO","og_description":"Th\u01b0\u01a1ng hi\u1ec7u: \u00a0Le Plateau  Xu\u1ea5t x\u1ee9 th\u01b0\u01a1ng hi\u1ec7u: Vi\u1ec7t Nam  Quy c\u00e1ch \u0111\u00f3ng g\u00f3i: 10 g\u00f3i\/ H\u1ed9p  L\u01b0u \u00fd: Bao b\u00ec s\u1ea3n ph\u1ea9m c\u00f3 th\u1ec3 thay \u0111\u1ed5i theo t\u1eebng \u0111\u1ee3t nh\u1eadp h\u00e0ng","og_url":"https:\/\/dev.tolio.co.nz\/en\/product\/instant-flower-coffee-with-sea-hop-shoes-160g-10-packs-x16g\/","og_site_name":"TOLIO","article_modified_time":"2025-09-11T03:59:44+00:00","og_image":[{"width":1000,"height":907,"url":"https:\/\/dev.tolio.co.nz\/wp-content\/uploads\/2024\/07\/387-1.png","type":"image\/png"}],"twitter_card":"summary_large_image","twitter_misc":{"Est. reading time":"1 minute"},"schema":{"@context":"https:\/\/schema.org","@graph":[{"@type":"WebPage","@id":"https:\/\/dev.tolio.co.nz\/san-pham\/ca-phe-muoi-hoa-tan-c-sea-hop-giay-160g-10-goi-x16g\/","url":"https:\/\/dev.tolio.co.nz\/san-pham\/ca-phe-muoi-hoa-tan-c-sea-hop-giay-160g-10-goi-x16g\/","name":"C\u00e0 ph\u00ea mu\u1ed1i h\u00f2a tan C &amp; Sea h\u1ed9p gi\u1ea5y 160g (10 g\u00f3i x16g) - TOLIO","isPartOf":{"@id":"https:\/\/dev.tolio.co.nz\/#website"},"primaryImageOfPage":{"@id":"https:\/\/dev.tolio.co.nz\/san-pham\/ca-phe-muoi-hoa-tan-c-sea-hop-giay-160g-10-goi-x16g\/#primaryimage"},"image":{"@id":"https:\/\/dev.tolio.co.nz\/san-pham\/ca-phe-muoi-hoa-tan-c-sea-hop-giay-160g-10-goi-x16g\/#primaryimage"},"thumbnailUrl":"https:\/\/dev.tolio.co.nz\/wp-content\/uploads\/2024\/07\/387-1.png","datePublished":"2024-07-10T02:52:14+00:00","dateModified":"2025-09-11T03:59:44+00:00","description":"Th\u01b0\u01a1ng hi\u1ec7u: \u00a0Le Plateau Xu\u1ea5t x\u1ee9 th\u01b0\u01a1ng hi\u1ec7u: Vi\u1ec7t Nam Quy c\u00e1ch \u0111\u00f3ng g\u00f3i: 10 g\u00f3i\/ H\u1ed9p L\u01b0u \u00fd: Bao b\u00ec s\u1ea3n ph\u1ea9m c\u00f3 th\u1ec3 thay \u0111\u1ed5i theo t\u1eebng \u0111\u1ee3t nh\u1eadp h\u00e0ng","breadcrumb":{"@id":"https:\/\/dev.tolio.co.nz\/san-pham\/ca-phe-muoi-hoa-tan-c-sea-hop-giay-160g-10-goi-x16g\/#breadcrumb"},"inLanguage":"en-US","potentialAction":[{"@type":"ReadAction","target":["https:\/\/dev.tolio.co.nz\/san-pham\/ca-phe-muoi-hoa-tan-c-sea-hop-giay-160g-10-goi-x16g\/"]}]},{"@type":"ImageObject","inLanguage":"en-US","@id":"https:\/\/dev.tolio.co.nz\/san-pham\/ca-phe-muoi-hoa-tan-c-sea-hop-giay-160g-10-goi-x16g\/#primaryimage","url":"https:\/\/dev.tolio.co.nz\/wp-content\/uploads\/2024\/07\/387-1.png","contentUrl":"https:\/\/dev.tolio.co.nz\/wp-content\/uploads\/2024\/07\/387-1.png","width":1000,"height":907},{"@type":"BreadcrumbList","@id":"https:\/\/dev.tolio.co.nz\/san-pham\/ca-phe-muoi-hoa-tan-c-sea-hop-giay-160g-10-goi-x16g\/#breadcrumb","itemListElement":[{"@type":"ListItem","position":1,"name":"Home","item":"https:\/\/dev.tolio.co.nz\/"},{"@type":"ListItem","position":2,"name":"C\u1eeda h\u00e0ng","item":"https:\/\/dev.tolio.co.nz\/cua-hang\/"},{"@type":"ListItem","position":3,"name":"C\u00e0 ph\u00ea mu\u1ed1i h\u00f2a tan C &amp; Sea h\u1ed9p gi\u1ea5y 160g (10 g\u00f3i x16g)"}]},{"@type":"WebSite","@id":"https:\/\/dev.tolio.co.nz\/#website","url":"https:\/\/dev.tolio.co.nz\/","name":"TOLIO","description":"Vietnamese Grocery Online","potentialAction":[{"@type":"SearchAction","target":{"@type":"EntryPoint","urlTemplate":"https:\/\/dev.tolio.co.nz\/?s={search_term_string}"},"query-input":{"@type":"PropertyValueSpecification","valueRequired":true,"valueName":"search_term_string"}}],"inLanguage":"en-US"}]}},"_links":{"self":[{"href":"https:\/\/dev.tolio.co.nz\/en\/wp-json\/wp\/v2\/product\/18111","targetHints":{"allow":["GET"]}}],"collection":[{"href":"https:\/\/dev.tolio.co.nz\/en\/wp-json\/wp\/v2\/product"}],"about":[{"href":"https:\/\/dev.tolio.co.nz\/en\/wp-json\/wp\/v2\/types\/product"}],"replies":[{"embeddable":true,"href":"https:\/\/dev.tolio.co.nz\/en\/wp-json\/wp\/v2\/comments?post=18111"}],"wp:featuredmedia":[{"embeddable":true,"href":"https:\/\/dev.tolio.co.nz\/en\/wp-json\/wp\/v2\/media\/20884"}],"wp:attachment":[{"href":"https:\/\/dev.tolio.co.nz\/en\/wp-json\/wp\/v2\/media?parent=18111"}],"wp:term":[{"taxonomy":"product_brand","embeddable":true,"href":"https:\/\/dev.tolio.co.nz\/en\/wp-json\/wp\/v2\/product_brand?post=18111"},{"taxonomy":"product_cat","embeddable":true,"href":"https:\/\/dev.tolio.co.nz\/en\/wp-json\/wp\/v2\/product_cat?post=18111"},{"taxonomy":"product_tag","embeddable":true,"href":"https:\/\/dev.tolio.co.nz\/en\/wp-json\/wp\/v2\/product_tag?post=18111"}],"curies":[{"name":"wp","href":"https:\/\/api.w.org\/{rel}","templated":true}]}}