{"id":1867,"date":"2022-01-15T22:27:00","date_gmt":"2022-01-15T09:42:00","guid":{"rendered":"https:\/\/tolio2.sitebycat.com\/?post_type=product&#038;p=1867"},"modified":"2025-09-11T16:01:08","modified_gmt":"2025-09-11T04:01:08","slug":"xot-bun-bo-hue-barona-80g","status":"publish","type":"product","link":"https:\/\/dev.tolio.co.nz\/en\/product\/hue-barona-pork-sausage-80g\/","title":{"rendered":"X\u1ed1t b\u00fan b\u00f2 Hu\u1ebf Barona 110g"},"content":{"rendered":"<p dir=\"ltr\"><strong>X\u1ed1t b\u00fan b\u00f2 Hu\u1ebf Barona 80g<\/strong> Chi\u1ebft xu\u1ea5t t\u1eeb RAU C\u1ee6 QU\u1ea2 T\u01af\u01a0I gi\u00fap h\u01b0\u01a1ng v\u1ecb t\u01b0\u01a1i ngon t\u1ef1 nhi\u00ean<\/p>\n<ul>\n<li>\n<p dir=\"ltr\">X\u1ed1t gia v\u1ecb ho\u00e0n ch\u1ec9nh Barona \u0111\u01b0\u1ee3c chi\u1ebft xu\u1ea5t t\u1eeb rau c\u1ee7 qu\u1ea3 t\u01b0\u01a1i \u0111\u01b0\u1ee3c tr\u1ed3ng v\u00e0 ch\u0103m s\u00f3c theo quy tr\u00ecnh v\u00e0 ti\u00eau chu\u1ea9n an to\u00e0n, c\u00f3 ngu\u1ed3n g\u1ed1c r\u00f5 r\u00e0ng<\/p>\n<\/li>\n<li>\n<p dir=\"ltr\">Nguy\u00ean li\u1ec7u \u0111\u01b0\u1ee3c \u0111em v\u1ec1 nh\u00e0 m\u00e1y v\u00e0 s\u01a1 ch\u1ebf, ch\u1ecdn l\u1ecdc k\u1ef9 l\u01b0\u1ee1ng nh\u1eb1m t\u1ea1o ra nh\u1eefng chi\u1ebft xu\u1ea5t \u0111\u1ea1t ch\u1ea5t l\u01b0\u1ee3ng.<\/p>\n<\/li>\n<li>\n<p dir=\"ltr\">Ph\u1ed1i tr\u1ed9n chi\u1ebft xu\u1ea5t rau c\u1ee7 qu\u1ea3 t\u01b0\u01a1i c\u00f9ng c\u00e1c gia v\u1ecb \u0111\u01b0\u1ee3c ch\u1ecdn l\u1ecdc \u0111\u1ec3 t\u1ea1o ra n\u01b0\u1edbc x\u1ed1t ho\u00e0n ch\u1ec9nh, th\u01a1m ngon<\/p>\n<\/li>\n<li>B\u00fan b\u00f2 Hu\u1ebf l\u00e0 \u0111\u1eb7c s\u1ea3n v\u00f9ng \u0111\u1ea5t c\u1ed1 \u0111\u00f4 r\u1ea5t \u0111\u01b0\u1ee3c m\u1ecdi ng\u01b0\u1eddi y\u00eau th\u00edch. B\u1edfi h\u01b0\u01a1ng v\u1ecb r\u1ea5t ri\u00eang h\u00f2a quy\u1ec7n v\u1ecb ru\u1ed1c th\u01a1m &amp; \u0111\u1eadm \u0111\u00e0 c\u00f9ng h\u01b0\u01a1ng th\u01a1m c\u1ee7a s\u1ea3 v\u00e0 sate r\u1ea5t k\u00edch th\u00edch kh\u1ea9u v\u1ecb, \u0103n ho\u00e0i kh\u00f4ng ng\u00e1n. \u0110\u1ec3 \u0111\u1ed5i v\u1ecb cho nh\u1eefng b\u1eefa c\u01a1m nh\u00e0 nh\u00e0m ch\u00e1n hay nh\u1eefng bu\u1ed5i s\u00e1ng kh\u00f4ng c\u00f2n v\u1ed9i v\u00e3, b\u1ea1n nh\u1edb s\u1eed d\u1ee5ng gia v\u1ecb Barona \u0111\u1ec3 c\u00f3 m\u1ed9t t\u00f4 b\u00fan b\u00f2 \u0111\u1eadm ch\u1ea5t, chu\u1ea9n v\u1ecb x\u1ee9 Hu\u1ebf m\u00e0 v\u1eabn tho\u1ea3i m\u00e1i t\u1eadn h\u01b0\u1edfng b\u1eefa s\u00e1ng t\u01b0\u01a1i ngon nh\u00e9!<\/li>\n<\/ul>\n<p><strong>H\u01b0\u1edbng d\u1eabn s\u1eed d\u1ee5ng:<\/strong><\/p>\n<ul>\n<li>H\u01b0\u1edbng d\u1eabn th\u1ef1c hi\u1ec7n m\u00f3n: B\u00fan B\u00f2 Hu\u1ebf1. Nguy\u00ean li\u1ec7u (kh\u1ea9u ph\u1ea7n cho 3 &#8211; 4 ng\u01b0\u1eddi \u0103n):- Th\u1ecbt b\u00f2 t\u00e1i\/th\u1ecbt b\u00f2 n\u1ea1m- Ch\u1ea3, b\u00fan, rau r\u0103m, rau \u0103n k\u00e8m2. Th\u1ef1c hi\u1ec7n:B\u01b0\u1edbc 1: \u0110un s\u00f4i 1,2 l\u00edt n\u01b0\u1edbc (ho\u1eb7c n\u01b0\u1edbc h\u1ea7m n\u1ea1m b\u00f2)B\u01b0\u1edbc 2: Cho 1 g\u00f3i X\u1ed1t Gia V\u1ecb Ho\u00e0n Ch\u1ec9nh Barona &#8211; B\u00fan B\u00f2 Hu\u1ebf v\u00e0o v\u00e0 ti\u1ebfp t\u1ee5c \u0111un s\u00f4i.B\u01b0\u1edbc 3: Cho b\u00fan, th\u1ecbt, ch\u1ea3 v\u00e0o t\u00f4, chan n\u01b0\u1edbc d\u00f9ng, th\u00eam rau r\u0103m v\u00e0 th\u01b0\u1edfng th\u1ee9c c\u00f9ng rau \u0103n k\u00e8m<\/li>\n<\/ul>\n<p><strong>B\u1ea3o qu\u1ea3n:<\/strong><\/p>\n<ul>\n<li>B\u1ea3o qu\u1ea3n n\u01a1i kh\u00f4 r\u00e1o, tho\u00e1ng m\u00e1t, tr\u00e1nh \u00e1nh n\u1eafng tr\u1ef1c ti\u1ebfp v\u00e0 b\u1ea3o qu\u1ea3n trong ng\u0103n m\u00e1t t\u1ee7 l\u1ea1nh sau khi m\u1edf bao b\u00ec<\/li>\n<\/ul>","protected":false},"excerpt":{"rendered":"<ul>\n<li>Th\u01b0\u01a1ng hi\u1ec7u: Barona<\/li>\n<li>Xu\u1ea5t x\u1ee9 th\u01b0\u01a1ng hi\u1ec7u: Vi\u1ec7t Nam<\/li>\n<li>Quy c\u00e1ch \u0111\u00f3ng g\u00f3i: g\u00f3i 80g, 20 g\u00f3i\/h\u1ed9p, 4 h\u1ed9p\/th\u00f9ng<\/li>\n<li>L\u01b0u \u00fd: Bao b\u00ec s\u1ea3n ph\u1ea9m c\u00f3 th\u1ec3 thay \u0111\u1ed5i theo t\u1eebng \u0111\u1ee3t nh\u1eadp h\u00e0ng<\/li>\n<\/ul>","protected":false},"featured_media":1873,"comment_status":"open","ping_status":"closed","template":"","meta":[],"product_brand":[],"product_cat":[33,481,30,31],"product_tag":[256,254,255],"class_list":{"0":"post-1867","1":"product","2":"type-product","3":"status-publish","4":"has-post-thumbnail","6":"product_cat-gia-vi","7":"product_cat-gia-vi-hoan-chinh","8":"product_cat-ban-chay-nhat","9":"product_cat-hang-moi-ve","10":"product_tag-xot","11":"product_tag-xot-bun-bo","12":"product_tag-xot-nem-bun-bo","13":"pa_thuong-hieu-barona","15":"first","16":"outofstock","17":"sale","18":"shipping-taxable","19":"purchasable","20":"product-type-simple"},"yoast_head":"<!-- This site is optimized with the Yoast SEO plugin v24.4 - https:\/\/yoast.com\/wordpress\/plugins\/seo\/ -->\n<title>X\u1ed1t b\u00fan b\u00f2 Hu\u1ebf Barona 110g - TOLIO<\/title>\n<meta name=\"description\" content=\"Th\u01b0\u01a1ng hi\u1ec7u: Barona  Xu\u1ea5t x\u1ee9 th\u01b0\u01a1ng hi\u1ec7u: Vi\u1ec7t Nam  Quy c\u00e1ch \u0111\u00f3ng g\u00f3i: g\u00f3i 80g, 20 g\u00f3i\/h\u1ed9p, 4 h\u1ed9p\/th\u00f9ng  L\u01b0u \u00fd: Bao b\u00ec s\u1ea3n ph\u1ea9m c\u00f3 th\u1ec3 thay \u0111\u1ed5i theo t\u1eebng \u0111\u1ee3t nh\u1eadp h\u00e0ng\" \/>\n<meta name=\"robots\" content=\"index, follow, max-snippet:-1, max-image-preview:large, max-video-preview:-1\" \/>\n<link rel=\"canonical\" href=\"https:\/\/dev.tolio.co.nz\/en\/product\/hue-barona-pork-sausage-80g\/\" \/>\n<meta property=\"og:locale\" content=\"en_US\" \/>\n<meta property=\"og:type\" content=\"article\" \/>\n<meta property=\"og:title\" content=\"X\u1ed1t b\u00fan b\u00f2 Hu\u1ebf Barona 110g - TOLIO\" \/>\n<meta property=\"og:description\" content=\"Th\u01b0\u01a1ng hi\u1ec7u: Barona  Xu\u1ea5t x\u1ee9 th\u01b0\u01a1ng hi\u1ec7u: Vi\u1ec7t Nam  Quy c\u00e1ch \u0111\u00f3ng g\u00f3i: g\u00f3i 80g, 20 g\u00f3i\/h\u1ed9p, 4 h\u1ed9p\/th\u00f9ng  L\u01b0u \u00fd: Bao b\u00ec s\u1ea3n ph\u1ea9m c\u00f3 th\u1ec3 thay \u0111\u1ed5i theo t\u1eebng \u0111\u1ee3t nh\u1eadp h\u00e0ng\" \/>\n<meta property=\"og:url\" content=\"https:\/\/dev.tolio.co.nz\/en\/product\/hue-barona-pork-sausage-80g\/\" \/>\n<meta property=\"og:site_name\" content=\"TOLIO\" \/>\n<meta property=\"article:modified_time\" content=\"2025-09-11T04:01:08+00:00\" \/>\n<meta property=\"og:image\" content=\"https:\/\/dev.tolio.co.nz\/wp-content\/uploads\/2022\/01\/fbb9380afb1936476f08-4.jpg\" \/>\n\t<meta property=\"og:image:width\" content=\"900\" \/>\n\t<meta property=\"og:image:height\" content=\"900\" \/>\n\t<meta property=\"og:image:type\" content=\"image\/jpeg\" \/>\n<meta name=\"twitter:card\" content=\"summary_large_image\" \/>\n<meta name=\"twitter:label1\" content=\"Est. reading time\" \/>\n\t<meta name=\"twitter:data1\" content=\"2 minutes\" \/>\n<script type=\"application\/ld+json\" class=\"yoast-schema-graph\">{\"@context\":\"https:\/\/schema.org\",\"@graph\":[{\"@type\":\"WebPage\",\"@id\":\"https:\/\/dev.tolio.co.nz\/san-pham\/xot-bun-bo-hue-barona-80g\/\",\"url\":\"https:\/\/dev.tolio.co.nz\/san-pham\/xot-bun-bo-hue-barona-80g\/\",\"name\":\"X\u1ed1t b\u00fan b\u00f2 Hu\u1ebf Barona 110g - TOLIO\",\"isPartOf\":{\"@id\":\"https:\/\/dev.tolio.co.nz\/#website\"},\"primaryImageOfPage\":{\"@id\":\"https:\/\/dev.tolio.co.nz\/san-pham\/xot-bun-bo-hue-barona-80g\/#primaryimage\"},\"image\":{\"@id\":\"https:\/\/dev.tolio.co.nz\/san-pham\/xot-bun-bo-hue-barona-80g\/#primaryimage\"},\"thumbnailUrl\":\"https:\/\/dev.tolio.co.nz\/wp-content\/uploads\/2022\/01\/fbb9380afb1936476f08-4.jpg\",\"datePublished\":\"2022-01-15T09:42:00+00:00\",\"dateModified\":\"2025-09-11T04:01:08+00:00\",\"description\":\"Th\u01b0\u01a1ng hi\u1ec7u: Barona Xu\u1ea5t x\u1ee9 th\u01b0\u01a1ng hi\u1ec7u: Vi\u1ec7t Nam Quy c\u00e1ch \u0111\u00f3ng g\u00f3i: g\u00f3i 80g, 20 g\u00f3i\/h\u1ed9p, 4 h\u1ed9p\/th\u00f9ng L\u01b0u \u00fd: Bao b\u00ec s\u1ea3n ph\u1ea9m c\u00f3 th\u1ec3 thay \u0111\u1ed5i theo t\u1eebng \u0111\u1ee3t nh\u1eadp h\u00e0ng\",\"breadcrumb\":{\"@id\":\"https:\/\/dev.tolio.co.nz\/san-pham\/xot-bun-bo-hue-barona-80g\/#breadcrumb\"},\"inLanguage\":\"en-US\",\"potentialAction\":[{\"@type\":\"ReadAction\",\"target\":[\"https:\/\/dev.tolio.co.nz\/san-pham\/xot-bun-bo-hue-barona-80g\/\"]}]},{\"@type\":\"ImageObject\",\"inLanguage\":\"en-US\",\"@id\":\"https:\/\/dev.tolio.co.nz\/san-pham\/xot-bun-bo-hue-barona-80g\/#primaryimage\",\"url\":\"https:\/\/dev.tolio.co.nz\/wp-content\/uploads\/2022\/01\/fbb9380afb1936476f08-4.jpg\",\"contentUrl\":\"https:\/\/dev.tolio.co.nz\/wp-content\/uploads\/2022\/01\/fbb9380afb1936476f08-4.jpg\",\"width\":900,\"height\":900},{\"@type\":\"BreadcrumbList\",\"@id\":\"https:\/\/dev.tolio.co.nz\/san-pham\/xot-bun-bo-hue-barona-80g\/#breadcrumb\",\"itemListElement\":[{\"@type\":\"ListItem\",\"position\":1,\"name\":\"Home\",\"item\":\"https:\/\/dev.tolio.co.nz\/\"},{\"@type\":\"ListItem\",\"position\":2,\"name\":\"C\u1eeda h\u00e0ng\",\"item\":\"https:\/\/dev.tolio.co.nz\/cua-hang\/\"},{\"@type\":\"ListItem\",\"position\":3,\"name\":\"X\u1ed1t b\u00fan b\u00f2 Hu\u1ebf Barona 110g\"}]},{\"@type\":\"WebSite\",\"@id\":\"https:\/\/dev.tolio.co.nz\/#website\",\"url\":\"https:\/\/dev.tolio.co.nz\/\",\"name\":\"TOLIO\",\"description\":\"Vietnamese Grocery Online\",\"potentialAction\":[{\"@type\":\"SearchAction\",\"target\":{\"@type\":\"EntryPoint\",\"urlTemplate\":\"https:\/\/dev.tolio.co.nz\/?s={search_term_string}\"},\"query-input\":{\"@type\":\"PropertyValueSpecification\",\"valueRequired\":true,\"valueName\":\"search_term_string\"}}],\"inLanguage\":\"en-US\"}]}<\/script>\n<!-- \/ Yoast SEO plugin. -->","yoast_head_json":{"title":"X\u1ed1t b\u00fan b\u00f2 Hu\u1ebf Barona 110g - TOLIO","description":"Th\u01b0\u01a1ng hi\u1ec7u: Barona  Xu\u1ea5t x\u1ee9 th\u01b0\u01a1ng hi\u1ec7u: Vi\u1ec7t Nam  Quy c\u00e1ch \u0111\u00f3ng g\u00f3i: g\u00f3i 80g, 20 g\u00f3i\/h\u1ed9p, 4 h\u1ed9p\/th\u00f9ng  L\u01b0u \u00fd: Bao b\u00ec s\u1ea3n ph\u1ea9m c\u00f3 th\u1ec3 thay \u0111\u1ed5i theo t\u1eebng \u0111\u1ee3t nh\u1eadp h\u00e0ng","robots":{"index":"index","follow":"follow","max-snippet":"max-snippet:-1","max-image-preview":"max-image-preview:large","max-video-preview":"max-video-preview:-1"},"canonical":"https:\/\/dev.tolio.co.nz\/en\/product\/hue-barona-pork-sausage-80g\/","og_locale":"en_US","og_type":"article","og_title":"X\u1ed1t b\u00fan b\u00f2 Hu\u1ebf Barona 110g - TOLIO","og_description":"Th\u01b0\u01a1ng hi\u1ec7u: Barona  Xu\u1ea5t x\u1ee9 th\u01b0\u01a1ng hi\u1ec7u: Vi\u1ec7t Nam  Quy c\u00e1ch \u0111\u00f3ng g\u00f3i: g\u00f3i 80g, 20 g\u00f3i\/h\u1ed9p, 4 h\u1ed9p\/th\u00f9ng  L\u01b0u \u00fd: Bao b\u00ec s\u1ea3n ph\u1ea9m c\u00f3 th\u1ec3 thay \u0111\u1ed5i theo t\u1eebng \u0111\u1ee3t nh\u1eadp h\u00e0ng","og_url":"https:\/\/dev.tolio.co.nz\/en\/product\/hue-barona-pork-sausage-80g\/","og_site_name":"TOLIO","article_modified_time":"2025-09-11T04:01:08+00:00","og_image":[{"width":900,"height":900,"url":"https:\/\/dev.tolio.co.nz\/wp-content\/uploads\/2022\/01\/fbb9380afb1936476f08-4.jpg","type":"image\/jpeg"}],"twitter_card":"summary_large_image","twitter_misc":{"Est. reading time":"2 minutes"},"schema":{"@context":"https:\/\/schema.org","@graph":[{"@type":"WebPage","@id":"https:\/\/dev.tolio.co.nz\/san-pham\/xot-bun-bo-hue-barona-80g\/","url":"https:\/\/dev.tolio.co.nz\/san-pham\/xot-bun-bo-hue-barona-80g\/","name":"X\u1ed1t b\u00fan b\u00f2 Hu\u1ebf Barona 110g - TOLIO","isPartOf":{"@id":"https:\/\/dev.tolio.co.nz\/#website"},"primaryImageOfPage":{"@id":"https:\/\/dev.tolio.co.nz\/san-pham\/xot-bun-bo-hue-barona-80g\/#primaryimage"},"image":{"@id":"https:\/\/dev.tolio.co.nz\/san-pham\/xot-bun-bo-hue-barona-80g\/#primaryimage"},"thumbnailUrl":"https:\/\/dev.tolio.co.nz\/wp-content\/uploads\/2022\/01\/fbb9380afb1936476f08-4.jpg","datePublished":"2022-01-15T09:42:00+00:00","dateModified":"2025-09-11T04:01:08+00:00","description":"Th\u01b0\u01a1ng hi\u1ec7u: Barona Xu\u1ea5t x\u1ee9 th\u01b0\u01a1ng hi\u1ec7u: Vi\u1ec7t Nam Quy c\u00e1ch \u0111\u00f3ng g\u00f3i: g\u00f3i 80g, 20 g\u00f3i\/h\u1ed9p, 4 h\u1ed9p\/th\u00f9ng L\u01b0u \u00fd: Bao b\u00ec s\u1ea3n ph\u1ea9m c\u00f3 th\u1ec3 thay \u0111\u1ed5i theo t\u1eebng \u0111\u1ee3t nh\u1eadp h\u00e0ng","breadcrumb":{"@id":"https:\/\/dev.tolio.co.nz\/san-pham\/xot-bun-bo-hue-barona-80g\/#breadcrumb"},"inLanguage":"en-US","potentialAction":[{"@type":"ReadAction","target":["https:\/\/dev.tolio.co.nz\/san-pham\/xot-bun-bo-hue-barona-80g\/"]}]},{"@type":"ImageObject","inLanguage":"en-US","@id":"https:\/\/dev.tolio.co.nz\/san-pham\/xot-bun-bo-hue-barona-80g\/#primaryimage","url":"https:\/\/dev.tolio.co.nz\/wp-content\/uploads\/2022\/01\/fbb9380afb1936476f08-4.jpg","contentUrl":"https:\/\/dev.tolio.co.nz\/wp-content\/uploads\/2022\/01\/fbb9380afb1936476f08-4.jpg","width":900,"height":900},{"@type":"BreadcrumbList","@id":"https:\/\/dev.tolio.co.nz\/san-pham\/xot-bun-bo-hue-barona-80g\/#breadcrumb","itemListElement":[{"@type":"ListItem","position":1,"name":"Home","item":"https:\/\/dev.tolio.co.nz\/"},{"@type":"ListItem","position":2,"name":"C\u1eeda h\u00e0ng","item":"https:\/\/dev.tolio.co.nz\/cua-hang\/"},{"@type":"ListItem","position":3,"name":"X\u1ed1t b\u00fan b\u00f2 Hu\u1ebf Barona 110g"}]},{"@type":"WebSite","@id":"https:\/\/dev.tolio.co.nz\/#website","url":"https:\/\/dev.tolio.co.nz\/","name":"TOLIO","description":"Vietnamese Grocery Online","potentialAction":[{"@type":"SearchAction","target":{"@type":"EntryPoint","urlTemplate":"https:\/\/dev.tolio.co.nz\/?s={search_term_string}"},"query-input":{"@type":"PropertyValueSpecification","valueRequired":true,"valueName":"search_term_string"}}],"inLanguage":"en-US"}]}},"_links":{"self":[{"href":"https:\/\/dev.tolio.co.nz\/en\/wp-json\/wp\/v2\/product\/1867","targetHints":{"allow":["GET"]}}],"collection":[{"href":"https:\/\/dev.tolio.co.nz\/en\/wp-json\/wp\/v2\/product"}],"about":[{"href":"https:\/\/dev.tolio.co.nz\/en\/wp-json\/wp\/v2\/types\/product"}],"replies":[{"embeddable":true,"href":"https:\/\/dev.tolio.co.nz\/en\/wp-json\/wp\/v2\/comments?post=1867"}],"wp:featuredmedia":[{"embeddable":true,"href":"https:\/\/dev.tolio.co.nz\/en\/wp-json\/wp\/v2\/media\/1873"}],"wp:attachment":[{"href":"https:\/\/dev.tolio.co.nz\/en\/wp-json\/wp\/v2\/media?parent=1867"}],"wp:term":[{"taxonomy":"product_brand","embeddable":true,"href":"https:\/\/dev.tolio.co.nz\/en\/wp-json\/wp\/v2\/product_brand?post=1867"},{"taxonomy":"product_cat","embeddable":true,"href":"https:\/\/dev.tolio.co.nz\/en\/wp-json\/wp\/v2\/product_cat?post=1867"},{"taxonomy":"product_tag","embeddable":true,"href":"https:\/\/dev.tolio.co.nz\/en\/wp-json\/wp\/v2\/product_tag?post=1867"}],"curies":[{"name":"wp","href":"https:\/\/api.w.org\/{rel}","templated":true}]}}