{"id":18793,"date":"2024-08-05T05:12:01","date_gmt":"2024-08-04T16:27:01","guid":{"rendered":"https:\/\/tolio.co.nz\/?post_type=product&#038;p=18793"},"modified":"2025-09-11T15:59:58","modified_gmt":"2025-09-11T03:59:58","slug":"dau-phong-pmt-250g","status":"publish","type":"product","link":"https:\/\/dev.tolio.co.nz\/en\/product\/pmt-oil-250g\/","title":{"rendered":"\u0110\u1eadu ph\u1ed9ng PMT 250g"},"content":{"rendered":"<p><strong>\u0110\u1eadu ph\u1ed9ng PMT 250g\u00a0<\/strong>l\u00e0 nh\u1eefng h\u1ea1t \u0111\u1eadu ph\u1ed9ng \u0111\u1ec1u, ch\u1eafc h\u1ea1t, s\u1ea1ch kh\u00f4ng c\u00f3 r\u00e1c. \u0110\u1eadu ph\u1ed9ng PMT r\u1ea5t l\u00e0 b\u00f9i, kh\u00f4ng b\u1ecb l\u00e9p, d\u00f9ng \u0111\u1ec3 n\u1ea5u x\u00f4i ho\u1eb7c c\u00f3 th\u1ec3 d\u00f9ng \u0111\u1ec3 n\u1ea5u ch\u00e8 m\u00e1t,&#8230; v\u00e0 nhi\u1ec1u m\u00f3n kh\u00e1c t\u00f9y s\u1edf th\u00edch c\u1ee7a m\u1ed7i ng\u01b0\u1eddi. \u0110\u1eadu PMT an to\u00e0n, ch\u1ea5t l\u01b0\u1ee3ng v\u1ec7 sinh \u0111\u01b0\u1ee3c nhi\u1ec1u ng\u01b0\u1eddi ch\u1ecdn mua.<\/p>\n<p>Kh\u00f4ng s\u1eed d\u1ee5ng n\u1ebfu m\u1eabn c\u1ea3m ho\u1eb7c d\u1ecb \u1ee9ng v\u1edbi s\u1ea3n ph\u1ea9m<\/p>\n<p><strong>H\u01b0\u1edbng d\u1eabn s\u1eed d\u1ee5ng<\/strong>:<\/p>\n<ul>\n<li>D\u00f9ng \u0111\u1ec3 rang: Cho \u0111\u1eadu v\u00e0o ch\u1ea3o, rang tr\u00ean l\u1eeda v\u1eeba, \u0111\u1ea3o \u0111\u1eadu li\u00ean t\u1ee5c cho \u0111\u1ebfn khi th\u1ea5y h\u1ea1t \u0111\u1eadu v\u00e0ng \u0111\u1ec1u, t\u1eaft l\u1eeda \u0111\u1ec3 ngu\u1ed9i l\u00e0 d\u00f9ng \u0111\u01b0\u1ee3c. C\u00f3 th\u1ec3 th\u00eam mu\u1ed1i v\u00e0o rang c\u00f9ng v\u1edbi \u0111\u1eadu.<\/li>\n<li>D\u00f9ng \u0111\u1ec3 n\u1ea5u: Ng\u00e2m \u0111\u1eadu tr\u01b0\u1edbc t\u1eeb 6 &#8211; 8 ti\u1ebfng cho h\u1ea1t \u0111\u1eadu n\u1edf \u0111\u1ec1u, r\u1eeda s\u1ea1ch, d\u00f9ng \u0111\u1ec3 n\u1ea5u ch\u00e8, n\u1ea5u x\u00f4i ho\u1eb7c ch\u1ebf bi\u1ebfn c\u00e1c m\u00f3n \u0103n kh\u00e1c.<\/li>\n<\/ul>\n<p><strong>B\u1ea3o qu\u1ea3n<\/strong>:<\/p>\n<ul>\n<li>B\u1ea3o qu\u1ea3n n\u01a1i kh\u00f4 r\u00e1o, tho\u00e1ng m\u00e1t, tr\u00e1nh n\u01a1i \u1ea9m th\u1ea5p ho\u1eb7c nhi\u1ec7t \u0111\u1ed9 qu\u00e1 cao<\/li>\n<\/ul>\n<p><strong>H\u1ea1n s\u1eed d\u1ee5ng<\/strong>: 12 th\u00e1ng k\u1ec3 t\u1eeb ng\u00e0y s\u1ea3n xu\u1ea5t<\/p>","protected":false},"excerpt":{"rendered":"<ul>\n<li>Th\u01b0\u01a1ng hi\u1ec7u: Ph\u00fa Minh T\u00e2m<\/li>\n<li>Xu\u1ea5t x\u1ee9 th\u01b0\u01a1ng hi\u1ec7u: Vi\u1ec7t Nam<\/li>\n<li>Quy c\u00e1ch \u0111\u00f3ng g\u00f3i: g\u00f3i 250g<\/li>\n<li>L\u01b0u \u00fd: Bao b\u00ec s\u1ea3n ph\u1ea9m c\u00f3 th\u1ec3 thay \u0111\u1ed5i theo t\u1eebng \u0111\u1ee3t nh\u1eadp h\u00e0ng<\/li>\n<\/ul>","protected":false},"featured_media":20149,"comment_status":"open","ping_status":"closed","template":"","meta":[],"product_brand":[],"product_cat":[48,31],"product_tag":[949],"class_list":{"0":"post-18793","1":"product","2":"type-product","3":"status-publish","4":"has-post-thumbnail","6":"product_cat-gao-nep","7":"product_cat-hang-moi-ve","8":"product_tag-dau-phong","9":"pa_thuong-hieu-phu-minh-tam","11":"first","12":"instock","13":"shipping-taxable","14":"purchasable","15":"product-type-simple"},"yoast_head":"<!-- This site is optimized with the Yoast SEO plugin v24.4 - https:\/\/yoast.com\/wordpress\/plugins\/seo\/ -->\n<title>\u0110\u1eadu ph\u1ed9ng PMT 250g - TOLIO<\/title>\n<meta name=\"description\" content=\"Th\u01b0\u01a1ng hi\u1ec7u: Ph\u00fa Minh T\u00e2m  Xu\u1ea5t x\u1ee9 th\u01b0\u01a1ng hi\u1ec7u: Vi\u1ec7t Nam  Quy c\u00e1ch \u0111\u00f3ng g\u00f3i: g\u00f3i 250g  L\u01b0u \u00fd: Bao b\u00ec s\u1ea3n ph\u1ea9m c\u00f3 th\u1ec3 thay \u0111\u1ed5i theo t\u1eebng \u0111\u1ee3t nh\u1eadp h\u00e0ng\" \/>\n<meta name=\"robots\" content=\"index, follow, max-snippet:-1, max-image-preview:large, max-video-preview:-1\" \/>\n<link rel=\"canonical\" href=\"https:\/\/dev.tolio.co.nz\/en\/product\/pmt-oil-250g\/\" \/>\n<meta property=\"og:locale\" content=\"en_US\" \/>\n<meta property=\"og:type\" content=\"article\" \/>\n<meta property=\"og:title\" content=\"\u0110\u1eadu ph\u1ed9ng PMT 250g - TOLIO\" \/>\n<meta property=\"og:description\" content=\"Th\u01b0\u01a1ng hi\u1ec7u: Ph\u00fa Minh T\u00e2m  Xu\u1ea5t x\u1ee9 th\u01b0\u01a1ng hi\u1ec7u: Vi\u1ec7t Nam  Quy c\u00e1ch \u0111\u00f3ng g\u00f3i: g\u00f3i 250g  L\u01b0u \u00fd: Bao b\u00ec s\u1ea3n ph\u1ea9m c\u00f3 th\u1ec3 thay \u0111\u1ed5i theo t\u1eebng \u0111\u1ee3t nh\u1eadp h\u00e0ng\" \/>\n<meta property=\"og:url\" content=\"https:\/\/dev.tolio.co.nz\/en\/product\/pmt-oil-250g\/\" \/>\n<meta property=\"og:site_name\" content=\"TOLIO\" \/>\n<meta property=\"article:modified_time\" content=\"2025-09-11T03:59:58+00:00\" \/>\n<meta property=\"og:image\" content=\"https:\/\/dev.tolio.co.nz\/wp-content\/uploads\/2024\/07\/1.png\" \/>\n\t<meta property=\"og:image:width\" content=\"1000\" \/>\n\t<meta property=\"og:image:height\" content=\"907\" \/>\n\t<meta property=\"og:image:type\" content=\"image\/png\" \/>\n<meta name=\"twitter:card\" content=\"summary_large_image\" \/>\n<meta name=\"twitter:label1\" content=\"Est. reading time\" \/>\n\t<meta name=\"twitter:data1\" content=\"1 minute\" \/>\n<script type=\"application\/ld+json\" class=\"yoast-schema-graph\">{\"@context\":\"https:\/\/schema.org\",\"@graph\":[{\"@type\":\"WebPage\",\"@id\":\"https:\/\/dev.tolio.co.nz\/san-pham\/dau-phong-pmt-250g\/\",\"url\":\"https:\/\/dev.tolio.co.nz\/san-pham\/dau-phong-pmt-250g\/\",\"name\":\"\u0110\u1eadu ph\u1ed9ng PMT 250g - TOLIO\",\"isPartOf\":{\"@id\":\"https:\/\/dev.tolio.co.nz\/#website\"},\"primaryImageOfPage\":{\"@id\":\"https:\/\/dev.tolio.co.nz\/san-pham\/dau-phong-pmt-250g\/#primaryimage\"},\"image\":{\"@id\":\"https:\/\/dev.tolio.co.nz\/san-pham\/dau-phong-pmt-250g\/#primaryimage\"},\"thumbnailUrl\":\"https:\/\/dev.tolio.co.nz\/wp-content\/uploads\/2024\/07\/1.png\",\"datePublished\":\"2024-08-04T16:27:01+00:00\",\"dateModified\":\"2025-09-11T03:59:58+00:00\",\"description\":\"Th\u01b0\u01a1ng hi\u1ec7u: Ph\u00fa Minh T\u00e2m Xu\u1ea5t x\u1ee9 th\u01b0\u01a1ng hi\u1ec7u: Vi\u1ec7t Nam Quy c\u00e1ch \u0111\u00f3ng g\u00f3i: g\u00f3i 250g L\u01b0u \u00fd: Bao b\u00ec s\u1ea3n ph\u1ea9m c\u00f3 th\u1ec3 thay \u0111\u1ed5i theo t\u1eebng \u0111\u1ee3t nh\u1eadp h\u00e0ng\",\"breadcrumb\":{\"@id\":\"https:\/\/dev.tolio.co.nz\/san-pham\/dau-phong-pmt-250g\/#breadcrumb\"},\"inLanguage\":\"en-US\",\"potentialAction\":[{\"@type\":\"ReadAction\",\"target\":[\"https:\/\/dev.tolio.co.nz\/san-pham\/dau-phong-pmt-250g\/\"]}]},{\"@type\":\"ImageObject\",\"inLanguage\":\"en-US\",\"@id\":\"https:\/\/dev.tolio.co.nz\/san-pham\/dau-phong-pmt-250g\/#primaryimage\",\"url\":\"https:\/\/dev.tolio.co.nz\/wp-content\/uploads\/2024\/07\/1.png\",\"contentUrl\":\"https:\/\/dev.tolio.co.nz\/wp-content\/uploads\/2024\/07\/1.png\",\"width\":1000,\"height\":907},{\"@type\":\"BreadcrumbList\",\"@id\":\"https:\/\/dev.tolio.co.nz\/san-pham\/dau-phong-pmt-250g\/#breadcrumb\",\"itemListElement\":[{\"@type\":\"ListItem\",\"position\":1,\"name\":\"Home\",\"item\":\"https:\/\/dev.tolio.co.nz\/\"},{\"@type\":\"ListItem\",\"position\":2,\"name\":\"C\u1eeda h\u00e0ng\",\"item\":\"https:\/\/dev.tolio.co.nz\/cua-hang\/\"},{\"@type\":\"ListItem\",\"position\":3,\"name\":\"\u0110\u1eadu ph\u1ed9ng PMT 250g\"}]},{\"@type\":\"WebSite\",\"@id\":\"https:\/\/dev.tolio.co.nz\/#website\",\"url\":\"https:\/\/dev.tolio.co.nz\/\",\"name\":\"TOLIO\",\"description\":\"Vietnamese Grocery Online\",\"potentialAction\":[{\"@type\":\"SearchAction\",\"target\":{\"@type\":\"EntryPoint\",\"urlTemplate\":\"https:\/\/dev.tolio.co.nz\/?s={search_term_string}\"},\"query-input\":{\"@type\":\"PropertyValueSpecification\",\"valueRequired\":true,\"valueName\":\"search_term_string\"}}],\"inLanguage\":\"en-US\"}]}<\/script>\n<!-- \/ Yoast SEO plugin. -->","yoast_head_json":{"title":"\u0110\u1eadu ph\u1ed9ng PMT 250g - TOLIO","description":"Th\u01b0\u01a1ng hi\u1ec7u: Ph\u00fa Minh T\u00e2m  Xu\u1ea5t x\u1ee9 th\u01b0\u01a1ng hi\u1ec7u: Vi\u1ec7t Nam  Quy c\u00e1ch \u0111\u00f3ng g\u00f3i: g\u00f3i 250g  L\u01b0u \u00fd: Bao b\u00ec s\u1ea3n ph\u1ea9m c\u00f3 th\u1ec3 thay \u0111\u1ed5i theo t\u1eebng \u0111\u1ee3t nh\u1eadp h\u00e0ng","robots":{"index":"index","follow":"follow","max-snippet":"max-snippet:-1","max-image-preview":"max-image-preview:large","max-video-preview":"max-video-preview:-1"},"canonical":"https:\/\/dev.tolio.co.nz\/en\/product\/pmt-oil-250g\/","og_locale":"en_US","og_type":"article","og_title":"\u0110\u1eadu ph\u1ed9ng PMT 250g - TOLIO","og_description":"Th\u01b0\u01a1ng hi\u1ec7u: Ph\u00fa Minh T\u00e2m  Xu\u1ea5t x\u1ee9 th\u01b0\u01a1ng hi\u1ec7u: Vi\u1ec7t Nam  Quy c\u00e1ch \u0111\u00f3ng g\u00f3i: g\u00f3i 250g  L\u01b0u \u00fd: Bao b\u00ec s\u1ea3n ph\u1ea9m c\u00f3 th\u1ec3 thay \u0111\u1ed5i theo t\u1eebng \u0111\u1ee3t nh\u1eadp h\u00e0ng","og_url":"https:\/\/dev.tolio.co.nz\/en\/product\/pmt-oil-250g\/","og_site_name":"TOLIO","article_modified_time":"2025-09-11T03:59:58+00:00","og_image":[{"width":1000,"height":907,"url":"https:\/\/dev.tolio.co.nz\/wp-content\/uploads\/2024\/07\/1.png","type":"image\/png"}],"twitter_card":"summary_large_image","twitter_misc":{"Est. reading time":"1 minute"},"schema":{"@context":"https:\/\/schema.org","@graph":[{"@type":"WebPage","@id":"https:\/\/dev.tolio.co.nz\/san-pham\/dau-phong-pmt-250g\/","url":"https:\/\/dev.tolio.co.nz\/san-pham\/dau-phong-pmt-250g\/","name":"\u0110\u1eadu ph\u1ed9ng PMT 250g - TOLIO","isPartOf":{"@id":"https:\/\/dev.tolio.co.nz\/#website"},"primaryImageOfPage":{"@id":"https:\/\/dev.tolio.co.nz\/san-pham\/dau-phong-pmt-250g\/#primaryimage"},"image":{"@id":"https:\/\/dev.tolio.co.nz\/san-pham\/dau-phong-pmt-250g\/#primaryimage"},"thumbnailUrl":"https:\/\/dev.tolio.co.nz\/wp-content\/uploads\/2024\/07\/1.png","datePublished":"2024-08-04T16:27:01+00:00","dateModified":"2025-09-11T03:59:58+00:00","description":"Th\u01b0\u01a1ng hi\u1ec7u: Ph\u00fa Minh T\u00e2m Xu\u1ea5t x\u1ee9 th\u01b0\u01a1ng hi\u1ec7u: Vi\u1ec7t Nam Quy c\u00e1ch \u0111\u00f3ng g\u00f3i: g\u00f3i 250g L\u01b0u \u00fd: Bao b\u00ec s\u1ea3n ph\u1ea9m c\u00f3 th\u1ec3 thay \u0111\u1ed5i theo t\u1eebng \u0111\u1ee3t nh\u1eadp h\u00e0ng","breadcrumb":{"@id":"https:\/\/dev.tolio.co.nz\/san-pham\/dau-phong-pmt-250g\/#breadcrumb"},"inLanguage":"en-US","potentialAction":[{"@type":"ReadAction","target":["https:\/\/dev.tolio.co.nz\/san-pham\/dau-phong-pmt-250g\/"]}]},{"@type":"ImageObject","inLanguage":"en-US","@id":"https:\/\/dev.tolio.co.nz\/san-pham\/dau-phong-pmt-250g\/#primaryimage","url":"https:\/\/dev.tolio.co.nz\/wp-content\/uploads\/2024\/07\/1.png","contentUrl":"https:\/\/dev.tolio.co.nz\/wp-content\/uploads\/2024\/07\/1.png","width":1000,"height":907},{"@type":"BreadcrumbList","@id":"https:\/\/dev.tolio.co.nz\/san-pham\/dau-phong-pmt-250g\/#breadcrumb","itemListElement":[{"@type":"ListItem","position":1,"name":"Home","item":"https:\/\/dev.tolio.co.nz\/"},{"@type":"ListItem","position":2,"name":"C\u1eeda h\u00e0ng","item":"https:\/\/dev.tolio.co.nz\/cua-hang\/"},{"@type":"ListItem","position":3,"name":"\u0110\u1eadu ph\u1ed9ng PMT 250g"}]},{"@type":"WebSite","@id":"https:\/\/dev.tolio.co.nz\/#website","url":"https:\/\/dev.tolio.co.nz\/","name":"TOLIO","description":"Vietnamese Grocery Online","potentialAction":[{"@type":"SearchAction","target":{"@type":"EntryPoint","urlTemplate":"https:\/\/dev.tolio.co.nz\/?s={search_term_string}"},"query-input":{"@type":"PropertyValueSpecification","valueRequired":true,"valueName":"search_term_string"}}],"inLanguage":"en-US"}]}},"_links":{"self":[{"href":"https:\/\/dev.tolio.co.nz\/en\/wp-json\/wp\/v2\/product\/18793","targetHints":{"allow":["GET"]}}],"collection":[{"href":"https:\/\/dev.tolio.co.nz\/en\/wp-json\/wp\/v2\/product"}],"about":[{"href":"https:\/\/dev.tolio.co.nz\/en\/wp-json\/wp\/v2\/types\/product"}],"replies":[{"embeddable":true,"href":"https:\/\/dev.tolio.co.nz\/en\/wp-json\/wp\/v2\/comments?post=18793"}],"wp:featuredmedia":[{"embeddable":true,"href":"https:\/\/dev.tolio.co.nz\/en\/wp-json\/wp\/v2\/media\/20149"}],"wp:attachment":[{"href":"https:\/\/dev.tolio.co.nz\/en\/wp-json\/wp\/v2\/media?parent=18793"}],"wp:term":[{"taxonomy":"product_brand","embeddable":true,"href":"https:\/\/dev.tolio.co.nz\/en\/wp-json\/wp\/v2\/product_brand?post=18793"},{"taxonomy":"product_cat","embeddable":true,"href":"https:\/\/dev.tolio.co.nz\/en\/wp-json\/wp\/v2\/product_cat?post=18793"},{"taxonomy":"product_tag","embeddable":true,"href":"https:\/\/dev.tolio.co.nz\/en\/wp-json\/wp\/v2\/product_tag?post=18793"}],"curies":[{"name":"wp","href":"https:\/\/api.w.org\/{rel}","templated":true}]}}